{"id":120898,"date":"2022-08-09T23:31:32","date_gmt":"2022-08-09T21:31:32","guid":{"rendered":"https:\/\/www.jootjeshaakcadeautjes.nl\/product\/kleinkind-sonnenbrille-uv400-littlejo-dahlia\/"},"modified":"2025-03-11T04:09:13","modified_gmt":"2025-03-11T03:09:13","slug":"kleinkind-sonnenbrille-uv400-littlejo-dahlia","status":"publish","type":"product","link":"https:\/\/www.jootjeshaakcadeautjes.nl\/de\/produkt\/kleinkind-sonnenbrille-uv400-littlejo-dahlia\/","title":{"rendered":"Sonnenbrille f\u00fcr Kleinkinder &#8211; UV400 &#8211; LittleJo &#8211; Dahlia"},"content":{"rendered":"<h2>Sonnenbrille f\u00fcr Kleinkinder &#8211; UV400 &#8211; LittleJo &#8211; Dahlia<\/h2>\n<p>Marke: LittleJo<br \/>\nFarbbezeichnung: Dahlia<br \/>\nQualit\u00e4t\/Klasse: UV400<br \/>\nGeeignet f\u00fcr Alter: 2-10 Jahre alt<br \/>\nAbmessungen: 12,5 cm (Breite\/Rahmen) x 14 cm (Bein)<\/p>\n<p>Lassen Sie Ihr Kind mit einer sch\u00f6nen Sonnenbrille von LittleJo hip und sicher aussehen. Diese Sonnenbrille passt sehr gut zu der Silikonperlenfarbe Lever und zu unseren anderen Silikonperlen, so dass Sie ganz einfach Ihre eigene Sonnenbrillenschnur herstellen k\u00f6nnen. Auf diese Weise geht die coole Kindersonnenbrille nicht so leicht verloren und Ihr Kind kann sie lange Zeit benutzen.<\/p>\n","protected":false},"excerpt":{"rendered":"<p>Marke: LittleJo Farbe: Dahlia Geeignet f\u00fcr Alter: 2-10 Jahre Qualit\u00e4t\/Klasse: UV400 Ma\u00dfe: 12,5 cm (breit\/Rahmen) x 14 cm (Bein)<\/p>\n","protected":false},"featured_media":81184,"template":"","meta":[],"product_brand":[],"product_cat":[],"product_tag":[],"class_list":{"0":"post-120898","1":"product","2":"type-product","3":"status-publish","4":"has-post-thumbnail","7":"first","8":"outofstock","9":"taxable","10":"shipping-taxable","11":"purchasable","12":"product-type-simple"},"bundled_by":[],"bundle_stock_status":"outofstock","bundle_stock_quantity":0,"bundle_virtual":false,"bundle_layout":"","bundle_add_to_cart_form_location":"","bundle_editable_in_cart":false,"bundle_sold_individually_context":"","bundle_item_grouping":"","bundle_min_size":"","bundle_max_size":"","bundle_price":[],"bundled_items":[],"bundle_sell_ids":[],"yoast_head":"<!-- This site is optimized with the Yoast SEO Premium plugin v26.4 (Yoast SEO v27.3) - https:\/\/yoast.com\/product\/yoast-seo-premium-wordpress\/ -->\n<title>Sonnenbrille f\u00fcr Kleinkinder - UV400 - LittleJo - Dahlia - Gro\u00dfhandel<\/title>\n<meta name=\"description\" content=\"Kleinkind-Sonnenbrille f\u00fcr Ihr Kind in der Farbe Dahlia. CE-zertifizierte Kindersonnenbrille, sicher nach UV400.\" \/>\n<meta name=\"robots\" content=\"index, follow, max-snippet:-1, max-image-preview:large, max-video-preview:-1\" \/>\n<link rel=\"canonical\" href=\"https:\/\/www.jootjeshaakcadeautjes.nl\/de\/produkt\/kleinkind-sonnenbrille-uv400-littlejo-dahlia\/\" \/>\n<meta property=\"og:locale\" content=\"de_DE\" \/>\n<meta property=\"og:type\" content=\"article\" \/>\n<meta property=\"og:title\" content=\"Sonnenbrille f\u00fcr Kleinkinder - UV400 - LittleJo - Dahlia\" \/>\n<meta property=\"og:description\" content=\"Kleinkind-Sonnenbrille f\u00fcr Ihr Kind in der Farbe Dahlia. CE-zertifizierte Kindersonnenbrille, sicher nach UV400.\" \/>\n<meta property=\"og:url\" content=\"https:\/\/www.jootjeshaakcadeautjes.nl\/de\/produkt\/kleinkind-sonnenbrille-uv400-littlejo-dahlia\/\" \/>\n<meta property=\"og:site_name\" content=\"Jootjes Haakcadeautjes\" \/>\n<meta property=\"article:modified_time\" content=\"2025-03-11T03:09:13+00:00\" \/>\n<meta property=\"og:image\" content=\"https:\/\/www.jootjeshaakcadeautjes.nl\/wp-content\/uploads\/2022\/08\/20220712_203945.jpg\" \/>\n\t<meta property=\"og:image:width\" content=\"2048\" \/>\n\t<meta property=\"og:image:height\" content=\"2048\" \/>\n\t<meta property=\"og:image:type\" content=\"image\/jpeg\" \/>\n<meta name=\"twitter:card\" content=\"summary_large_image\" \/>\n<meta name=\"twitter:label1\" content=\"Preis\" \/>\n\t<meta name=\"twitter:data1\" content=\"&euro;8.95 inkl. MwSt.\" \/>\n\t<meta name=\"twitter:label2\" content=\"Verf\u00fcgbarkeit\" \/>\n\t<meta name=\"twitter:data2\" content=\"ausverkauft\" \/>\n<script type=\"application\/ld+json\" class=\"yoast-schema-graph\">{\"@context\":\"https:\\\/\\\/schema.org\",\"@graph\":[{\"@type\":\"WebPage\",\"@id\":\"https:\\\/\\\/www.jootjeshaakcadeautjes.nl\\\/de\\\/produkt\\\/kleinkind-sonnenbrille-uv400-littlejo-dahlia\\\/\",\"url\":\"https:\\\/\\\/www.jootjeshaakcadeautjes.nl\\\/de\\\/produkt\\\/kleinkind-sonnenbrille-uv400-littlejo-dahlia\\\/\",\"name\":\"Sonnenbrille f\u00fcr Kleinkinder - UV400 - LittleJo - Dahlia - Gro\u00dfhandel\",\"isPartOf\":{\"@id\":\"https:\\\/\\\/www.jootjeshaakcadeautjes.nl\\\/de\\\/#website\"},\"primaryImageOfPage\":{\"@id\":\"https:\\\/\\\/www.jootjeshaakcadeautjes.nl\\\/de\\\/produkt\\\/kleinkind-sonnenbrille-uv400-littlejo-dahlia\\\/#primaryimage\"},\"image\":{\"@id\":\"https:\\\/\\\/www.jootjeshaakcadeautjes.nl\\\/de\\\/produkt\\\/kleinkind-sonnenbrille-uv400-littlejo-dahlia\\\/#primaryimage\"},\"thumbnailUrl\":\"https:\\\/\\\/d1dyryakdmle7o.cloudfront.net\\\/wp-content\\\/uploads\\\/2022\\\/08\\\/20220712_203945.jpg\",\"datePublished\":\"2022-08-09T21:31:32+00:00\",\"dateModified\":\"2025-03-11T03:09:13+00:00\",\"description\":\"Kleinkind-Sonnenbrille f\u00fcr Ihr Kind in der Farbe Dahlia. CE-zertifizierte Kindersonnenbrille, sicher nach UV400.\",\"breadcrumb\":{\"@id\":\"https:\\\/\\\/www.jootjeshaakcadeautjes.nl\\\/de\\\/produkt\\\/kleinkind-sonnenbrille-uv400-littlejo-dahlia\\\/#breadcrumb\"},\"inLanguage\":\"de\",\"potentialAction\":[{\"@type\":\"ReadAction\",\"target\":[\"https:\\\/\\\/www.jootjeshaakcadeautjes.nl\\\/de\\\/produkt\\\/kleinkind-sonnenbrille-uv400-littlejo-dahlia\\\/\"]}]},{\"@type\":\"ImageObject\",\"inLanguage\":\"de\",\"@id\":\"https:\\\/\\\/www.jootjeshaakcadeautjes.nl\\\/de\\\/produkt\\\/kleinkind-sonnenbrille-uv400-littlejo-dahlia\\\/#primaryimage\",\"url\":\"https:\\\/\\\/d1dyryakdmle7o.cloudfront.net\\\/wp-content\\\/uploads\\\/2022\\\/08\\\/20220712_203945.jpg\",\"contentUrl\":\"https:\\\/\\\/d1dyryakdmle7o.cloudfront.net\\\/wp-content\\\/uploads\\\/2022\\\/08\\\/20220712_203945.jpg\",\"width\":2048,\"height\":2048,\"caption\":\"Kleinkind-Sonnenbrille UV400 Sonnenbrille Gro\u00dfhandel kaufen dahlia\"},{\"@type\":\"BreadcrumbList\",\"@id\":\"https:\\\/\\\/www.jootjeshaakcadeautjes.nl\\\/de\\\/produkt\\\/kleinkind-sonnenbrille-uv400-littlejo-dahlia\\\/#breadcrumb\",\"itemListElement\":[{\"@type\":\"ListItem\",\"position\":1,\"name\":\"Startseite\",\"item\":\"https:\\\/\\\/www.jootjeshaakcadeautjes.nl\\\/de\\\/\"},{\"@type\":\"ListItem\",\"position\":2,\"name\":\"Gro\u00dfhandel mit Silikonperlen &#8211; Business und Consumer\",\"item\":\"https:\\\/\\\/www.jootjeshaakcadeautjes.nl\\\/de\\\/shop\\\/\"},{\"@type\":\"ListItem\",\"position\":3,\"name\":\"Sonnenbrille f\u00fcr Kleinkinder &#8211; UV400 &#8211; LittleJo &#8211; Dahlia\"}]},{\"@type\":\"WebSite\",\"@id\":\"https:\\\/\\\/www.jootjeshaakcadeautjes.nl\\\/de\\\/#website\",\"url\":\"https:\\\/\\\/www.jootjeshaakcadeautjes.nl\\\/de\\\/\",\"name\":\"Jootjes Haakcadeautjes\",\"description\":\"Silikonperlen Gro\u00dfhandel \",\"publisher\":{\"@id\":\"https:\\\/\\\/www.jootjeshaakcadeautjes.nl\\\/de\\\/#organization\"},\"potentialAction\":[{\"@type\":\"SearchAction\",\"target\":{\"@type\":\"EntryPoint\",\"urlTemplate\":\"https:\\\/\\\/www.jootjeshaakcadeautjes.nl\\\/de\\\/?s={search_term_string}\"},\"query-input\":{\"@type\":\"PropertyValueSpecification\",\"valueRequired\":true,\"valueName\":\"search_term_string\"}}],\"inLanguage\":\"de\"},{\"@type\":\"Organization\",\"@id\":\"https:\\\/\\\/www.jootjeshaakcadeautjes.nl\\\/de\\\/#organization\",\"name\":\"Jootjes Haakcadeautjes\",\"url\":\"https:\\\/\\\/www.jootjeshaakcadeautjes.nl\\\/de\\\/\",\"logo\":{\"@type\":\"ImageObject\",\"inLanguage\":\"de\",\"@id\":\"https:\\\/\\\/www.jootjeshaakcadeautjes.nl\\\/de\\\/#\\\/schema\\\/logo\\\/image\\\/\",\"url\":\"https:\\\/\\\/jootjes-haakcadeautjes-media.s3.amazonaws.com\\\/wp-content\\\/uploads\\\/2023\\\/05\\\/Logo-rond.png\",\"contentUrl\":\"https:\\\/\\\/jootjes-haakcadeautjes-media.s3.amazonaws.com\\\/wp-content\\\/uploads\\\/2023\\\/05\\\/Logo-rond.png\",\"width\":1222,\"height\":1222,\"caption\":\"Jootjes Haakcadeautjes\"},\"image\":{\"@id\":\"https:\\\/\\\/www.jootjeshaakcadeautjes.nl\\\/de\\\/#\\\/schema\\\/logo\\\/image\\\/\"}}]}<\/script>\n<meta property=\"product:price:amount\" content=\"8.95\" \/>\n<meta property=\"product:price:currency\" content=\"EUR\" \/>\n<meta property=\"og:availability\" content=\"out of stock\" \/>\n<meta property=\"product:availability\" content=\"out of stock\" \/>\n<meta property=\"product:retailer_item_id\" content=\"PEU-ZON-DAHLIA\" \/>\n<meta property=\"product:condition\" content=\"new\" \/>\n<!-- \/ Yoast SEO Premium plugin. -->","yoast_head_json":{"title":"Sonnenbrille f\u00fcr Kleinkinder - UV400 - LittleJo - Dahlia - Gro\u00dfhandel","description":"Kleinkind-Sonnenbrille f\u00fcr Ihr Kind in der Farbe Dahlia. CE-zertifizierte Kindersonnenbrille, sicher nach UV400.","robots":{"index":"index","follow":"follow","max-snippet":"max-snippet:-1","max-image-preview":"max-image-preview:large","max-video-preview":"max-video-preview:-1"},"canonical":"https:\/\/www.jootjeshaakcadeautjes.nl\/de\/produkt\/kleinkind-sonnenbrille-uv400-littlejo-dahlia\/","og_locale":"de_DE","og_type":"article","og_title":"Sonnenbrille f\u00fcr Kleinkinder - UV400 - LittleJo - Dahlia","og_description":"Kleinkind-Sonnenbrille f\u00fcr Ihr Kind in der Farbe Dahlia. CE-zertifizierte Kindersonnenbrille, sicher nach UV400.","og_url":"https:\/\/www.jootjeshaakcadeautjes.nl\/de\/produkt\/kleinkind-sonnenbrille-uv400-littlejo-dahlia\/","og_site_name":"Jootjes Haakcadeautjes","article_modified_time":"2025-03-11T03:09:13+00:00","og_image":[{"width":2048,"height":2048,"url":"https:\/\/www.jootjeshaakcadeautjes.nl\/wp-content\/uploads\/2022\/08\/20220712_203945.jpg","type":"image\/jpeg"}],"twitter_card":"summary_large_image","twitter_misc":{"Preis":"&euro;8.95 inkl. MwSt.","Verf\u00fcgbarkeit":"ausverkauft"},"schema":{"@context":"https:\/\/schema.org","@graph":[{"@type":"WebPage","@id":"https:\/\/www.jootjeshaakcadeautjes.nl\/de\/produkt\/kleinkind-sonnenbrille-uv400-littlejo-dahlia\/","url":"https:\/\/www.jootjeshaakcadeautjes.nl\/de\/produkt\/kleinkind-sonnenbrille-uv400-littlejo-dahlia\/","name":"Sonnenbrille f\u00fcr Kleinkinder - UV400 - LittleJo - Dahlia - Gro\u00dfhandel","isPartOf":{"@id":"https:\/\/www.jootjeshaakcadeautjes.nl\/de\/#website"},"primaryImageOfPage":{"@id":"https:\/\/www.jootjeshaakcadeautjes.nl\/de\/produkt\/kleinkind-sonnenbrille-uv400-littlejo-dahlia\/#primaryimage"},"image":{"@id":"https:\/\/www.jootjeshaakcadeautjes.nl\/de\/produkt\/kleinkind-sonnenbrille-uv400-littlejo-dahlia\/#primaryimage"},"thumbnailUrl":"https:\/\/d1dyryakdmle7o.cloudfront.net\/wp-content\/uploads\/2022\/08\/20220712_203945.jpg","datePublished":"2022-08-09T21:31:32+00:00","dateModified":"2025-03-11T03:09:13+00:00","description":"Kleinkind-Sonnenbrille f\u00fcr Ihr Kind in der Farbe Dahlia. CE-zertifizierte Kindersonnenbrille, sicher nach UV400.","breadcrumb":{"@id":"https:\/\/www.jootjeshaakcadeautjes.nl\/de\/produkt\/kleinkind-sonnenbrille-uv400-littlejo-dahlia\/#breadcrumb"},"inLanguage":"de","potentialAction":[{"@type":"ReadAction","target":["https:\/\/www.jootjeshaakcadeautjes.nl\/de\/produkt\/kleinkind-sonnenbrille-uv400-littlejo-dahlia\/"]}]},{"@type":"ImageObject","inLanguage":"de","@id":"https:\/\/www.jootjeshaakcadeautjes.nl\/de\/produkt\/kleinkind-sonnenbrille-uv400-littlejo-dahlia\/#primaryimage","url":"https:\/\/d1dyryakdmle7o.cloudfront.net\/wp-content\/uploads\/2022\/08\/20220712_203945.jpg","contentUrl":"https:\/\/d1dyryakdmle7o.cloudfront.net\/wp-content\/uploads\/2022\/08\/20220712_203945.jpg","width":2048,"height":2048,"caption":"Kleinkind-Sonnenbrille UV400 Sonnenbrille Gro\u00dfhandel kaufen dahlia"},{"@type":"BreadcrumbList","@id":"https:\/\/www.jootjeshaakcadeautjes.nl\/de\/produkt\/kleinkind-sonnenbrille-uv400-littlejo-dahlia\/#breadcrumb","itemListElement":[{"@type":"ListItem","position":1,"name":"Startseite","item":"https:\/\/www.jootjeshaakcadeautjes.nl\/de\/"},{"@type":"ListItem","position":2,"name":"Gro\u00dfhandel mit Silikonperlen &#8211; Business und Consumer","item":"https:\/\/www.jootjeshaakcadeautjes.nl\/de\/shop\/"},{"@type":"ListItem","position":3,"name":"Sonnenbrille f\u00fcr Kleinkinder &#8211; UV400 &#8211; LittleJo &#8211; Dahlia"}]},{"@type":"WebSite","@id":"https:\/\/www.jootjeshaakcadeautjes.nl\/de\/#website","url":"https:\/\/www.jootjeshaakcadeautjes.nl\/de\/","name":"Jootjes Haakcadeautjes","description":"Silikonperlen Gro\u00dfhandel ","publisher":{"@id":"https:\/\/www.jootjeshaakcadeautjes.nl\/de\/#organization"},"potentialAction":[{"@type":"SearchAction","target":{"@type":"EntryPoint","urlTemplate":"https:\/\/www.jootjeshaakcadeautjes.nl\/de\/?s={search_term_string}"},"query-input":{"@type":"PropertyValueSpecification","valueRequired":true,"valueName":"search_term_string"}}],"inLanguage":"de"},{"@type":"Organization","@id":"https:\/\/www.jootjeshaakcadeautjes.nl\/de\/#organization","name":"Jootjes Haakcadeautjes","url":"https:\/\/www.jootjeshaakcadeautjes.nl\/de\/","logo":{"@type":"ImageObject","inLanguage":"de","@id":"https:\/\/www.jootjeshaakcadeautjes.nl\/de\/#\/schema\/logo\/image\/","url":"https:\/\/jootjes-haakcadeautjes-media.s3.amazonaws.com\/wp-content\/uploads\/2023\/05\/Logo-rond.png","contentUrl":"https:\/\/jootjes-haakcadeautjes-media.s3.amazonaws.com\/wp-content\/uploads\/2023\/05\/Logo-rond.png","width":1222,"height":1222,"caption":"Jootjes Haakcadeautjes"},"image":{"@id":"https:\/\/www.jootjeshaakcadeautjes.nl\/de\/#\/schema\/logo\/image\/"}}]},"product_price_amount":"8.95","product_price_currency":"EUR","og_availability":"out of stock","product_availability":"out of stock","product_retailer_item_id":"PEU-ZON-DAHLIA","product_condition":"new"},"_links":{"self":[{"href":"https:\/\/www.jootjeshaakcadeautjes.nl\/de\/wp-json\/wp\/v2\/product\/120898","targetHints":{"allow":["GET"]}}],"collection":[{"href":"https:\/\/www.jootjeshaakcadeautjes.nl\/de\/wp-json\/wp\/v2\/product"}],"about":[{"href":"https:\/\/www.jootjeshaakcadeautjes.nl\/de\/wp-json\/wp\/v2\/types\/product"}],"version-history":[{"count":0,"href":"https:\/\/www.jootjeshaakcadeautjes.nl\/de\/wp-json\/wp\/v2\/product\/120898\/revisions"}],"wp:featuredmedia":[{"embeddable":true,"href":"https:\/\/www.jootjeshaakcadeautjes.nl\/de\/wp-json\/wp\/v2\/media\/81184"}],"wp:attachment":[{"href":"https:\/\/www.jootjeshaakcadeautjes.nl\/de\/wp-json\/wp\/v2\/media?parent=120898"}],"wp:term":[{"taxonomy":"product_brand","embeddable":true,"href":"https:\/\/www.jootjeshaakcadeautjes.nl\/de\/wp-json\/wp\/v2\/product_brand?post=120898"},{"taxonomy":"product_cat","embeddable":true,"href":"https:\/\/www.jootjeshaakcadeautjes.nl\/de\/wp-json\/wp\/v2\/product_cat?post=120898"},{"taxonomy":"product_tag","embeddable":true,"href":"https:\/\/www.jootjeshaakcadeautjes.nl\/de\/wp-json\/wp\/v2\/product_tag?post=120898"}],"curies":[{"name":"wp","href":"https:\/\/api.w.org\/{rel}","templated":true}]}}