{"id":120983,"date":"2022-05-31T00:00:15","date_gmt":"2022-05-30T22:00:15","guid":{"rendered":"https:\/\/www.jootjeshaakcadeautjes.nl\/product\/silikon-buchstaben-perlen-taupe-12-mm-quadrat\/"},"modified":"2026-03-11T08:19:42","modified_gmt":"2026-03-11T07:19:42","slug":"silikon-buchstaben-perlen-taupe-12-mm-quadrat","status":"publish","type":"product","link":"https:\/\/www.jootjeshaakcadeautjes.nl\/de\/produkt\/silikon-buchstaben-perlen-taupe-12-mm-quadrat\/","title":{"rendered":"Silikon-Buchstabenperlen &#8211; Taupe\/Kokosnuss &#8211; 12 mm &#8211; Quadratisch &#8211; Pro St\u00fcck"},"content":{"rendered":"<h1>Silikon-Buchstabenperlen &#8211; Taupe\/Kokosnuss &#8211; 12 mm<\/h1>\n<h2>Spezifikationen:<\/h2>\n<ul>\n<li>Gr\u00f6\u00dfe 12 mm x 12 mm<\/li>\n<li>Taupefarbene Silikonperlen mit kokosnussfarbenen Buchstaben<\/li>\n<li>BPA-, Phthalat-, PVC-, blei- und schadstofffrei, 100% babysicheres Silikon<\/li>\n<li>Geeignet f\u00fcr CE-zertifizierte Endprodukte<\/li>\n<li>Die Buchstabenperlen sind in allen Buchstaben des Alphabets erh\u00e4ltlich<\/li>\n<\/ul>\n<p>Diese sch\u00f6nen Buchstabenperlen aus Silikon werden h\u00e4ufig verwendet, um einen Namen an einer Schnullerschnur, einem Bei\u00dfring, einer Kinderwagenschaukel oder einem Babygym anzubringen. So k\u00f6nnen Sie im Handumdrehen ein wundersch\u00f6nes personalisiertes Mutterschaftsgeschenk oder ein h\u00fcbsches Spielzeug f\u00fcr Ihr eigenes Kind anfertigen. Die Buchstabenperlen aus Silikon lassen sich perfekt mit unseren sch\u00f6nen Holzperlen oder Silikonperlen kombinieren. Kombinieren Sie am besten mit den kleineren Gr\u00f6\u00dfen (15\/16\/17 mm) in der Runde, mit Mickey-Ears oder Hexagon.<\/p>\n<p>Die Buchstabenperlen aus Silikon lassen sich leicht in der Sp\u00fclmaschine reinigen und bei Zahnen im K\u00fchlschrank aufbewahren.<\/p>\n<h2>Qualit\u00e4t und Sicherheit:<\/h2>\n<p>Alle unsere <a href=\"https:\/\/www.jootjeshaakcadeautjes.nl\/product\/siliconen-kralen-20-mm-rond\/\">Silikonmaterialien<\/a> sind BPA-frei und frei von Phthalaten. Au\u00dferdem werden bei der Herstellung dieser Silikonbuchstabenkugeln nat\u00fcrlich keine anderen sch\u00e4dlichen Stoffe verwendet. Diese Buchstabenperle ist daher sowohl f\u00fcr Babys als auch f\u00fcr \u00e4ltere Kinder geeignet, die gerne in etwas hineinbei\u00dfen. Die Perlen sind f\u00fcr CE-zertifizierte Endprodukte geeignet und robust. Daher nutzen sie sich kaum ab. Dar\u00fcber hinaus sind die Buchstabenperlen leicht zu reinigen. Jootjes Haakcadeautjes ist Gro\u00dfh\u00e4ndler von 100 % babygerechten Materialien f\u00fcr Bei\u00dfspielzeug und somit auch f\u00fcr diese Buchstabenperlen aus Silikon.<\/p>\n<p><em>Befestigen Sie die Silikonperlen immer ordnungsgem\u00e4\u00df und \u00fcberpr\u00fcfen Sie Ihre Anfertigung regelm\u00e4\u00dfig, z. B. auf Abnutzung und Verschlei\u00df. Hierf\u00fcr sind Sie selbst verantwortlich. Jootjes Haakcadeautjes pr\u00fcft Ihr fertiges Produkt nicht und kann daher keine Sch\u00e4den oder Lockerungen aufgrund von Abnutzung annehmen. Wir raten dazu, handgefertigtes Kinderspielzeug nur unter Aufsicht von Erwachsenen zu verwenden, um gef\u00e4hrliche Situationen zu vermeiden.<\/em><\/p>\n","protected":false},"excerpt":{"rendered":"<ul>\n<li>Variante: Silikonperlen mit den Buchstaben A bis Z.<\/li>\n<li>Taupefarbene Perlen mit kokosnussfarbenen Buchstaben<\/li>\n<li>Buchstabenperlen aus Silikon, ganzes Alphabet.<\/li>\n<li>BPA-, Phthalat-, PVC-, blei- und toxinfrei.<\/li>\n<li>Einzeln verkauft.<\/li>\n<li>Quadratische Silikonperlen mit Buchstaben, 12 mm x 12 mm.<\/li>\n<li>Die Buchstaben sind horizontal (die L\u00f6cher sind von links nach rechts).<\/li>\n<li>Die restlichen vier Seiten enthalten alle den gew\u00e4hlten Buchstaben.<\/li>\n<li>Die Perlen sind in der Sp\u00fclmaschine waschbar<\/li>\n<li>Cool zum Zahnen.<\/li>\n<li>Ideal f\u00fcr Schnuller, Schl\u00fcsselanh\u00e4nger, Bei\u00dfring und mehr.<\/li>\n<\/ul>\n","protected":false},"featured_media":80542,"template":"","meta":[],"product_brand":[],"product_cat":[8505,8509,7380,8783,7983],"product_tag":[7550,8115,7385,7452,8742,7416,7890,7442,8133,7199,8744,8514,7211,7427,7896],"class_list":{"0":"post-120983","1":"product","2":"type-product","3":"status-publish","4":"has-post-thumbnail","6":"product_cat-buchstabenperlen-schnullerschnur-und-beisring","7":"product_cat-buchstabenperlen-aus-silikon-12-mm-alle-farben","8":"product_cat-herstellung-von-baby-beisspielzeug-materialien-fur-schnuller-und-beisringe","9":"product_cat-silikon-buchstabenperlen-taupe-12-mm","10":"product_cat-silikonperlen-exklusiv-bei-jootjes","11":"product_tag-12-mm-de","12":"product_tag-12mm-de","13":"product_tag-beisring","14":"product_tag-bpa-frei","15":"product_tag-buchstabenperle","16":"product_tag-gummischnur","17":"product_tag-gummischnur-de","18":"product_tag-kinderwagenkette","19":"product_tag-kokosnuss","20":"product_tag-perlen","21":"product_tag-perlen-mit-buchstaben","22":"product_tag-platz","23":"product_tag-silikon","24":"product_tag-still-halskette","25":"product_tag-taupe-de","27":"first","28":"instock","29":"taxable","30":"shipping-taxable","31":"purchasable","32":"product-type-variable"},"bundled_by":["150936","150936","150936","274069","274069","274069"],"bundle_stock_status":"instock","bundle_stock_quantity":null,"bundle_virtual":false,"bundle_layout":"","bundle_add_to_cart_form_location":"","bundle_editable_in_cart":false,"bundle_sold_individually_context":"","bundle_item_grouping":"","bundle_min_size":"","bundle_max_size":"","bundle_price":[],"bundled_items":[],"bundle_sell_ids":[],"yoast_head":"<!-- This site is optimized with the Yoast SEO Premium plugin v27.4 (Yoast SEO v27.5) - https:\/\/yoast.com\/product\/yoast-seo-premium-wordpress\/ -->\n<title>Silikon-Buchstabenperlen - Taupe\/Kokosnuss - 12 mm - Quadratisch - Pro St\u00fcck - JH.co.uk | Letters Silicone<\/title>\n<meta name=\"description\" content=\"Silikon-Buchstabenperlen aus wei\u00dfem Silikon mit schwarzen Buchstaben, f\u00fcr Schnuller, Schl\u00fcsselanh\u00e4nger etc. Silikonperlen mit Buchstaben, babysicher.\" \/>\n<meta name=\"robots\" content=\"index, follow, max-snippet:-1, max-image-preview:large, max-video-preview:-1\" \/>\n<link rel=\"canonical\" href=\"https:\/\/www.jootjeshaakcadeautjes.nl\/de\/produkt\/silikon-buchstaben-perlen-taupe-12-mm-quadrat\/\" \/>\n<meta property=\"og:locale\" content=\"de_DE\" \/>\n<meta property=\"og:type\" content=\"article\" \/>\n<meta property=\"og:title\" content=\"Silikon-Buchstabenperlen - Taupe\/Kokosnuss - 12 mm - Quadratisch - Pro St\u00fcck\" \/>\n<meta property=\"og:description\" content=\"Silikon-Buchstabenperlen aus wei\u00dfem Silikon mit schwarzen Buchstaben, f\u00fcr Schnuller, Schl\u00fcsselanh\u00e4nger etc. Silikonperlen mit Buchstaben, babysicher.\" \/>\n<meta property=\"og:url\" content=\"https:\/\/www.jootjeshaakcadeautjes.nl\/de\/produkt\/silikon-buchstaben-perlen-taupe-12-mm-quadrat\/\" \/>\n<meta property=\"og:site_name\" content=\"Jootjes Haakcadeautjes\" \/>\n<meta property=\"article:modified_time\" content=\"2026-03-11T07:19:42+00:00\" \/>\n<meta property=\"og:image\" content=\"https:\/\/www.jootjeshaakcadeautjes.nl\/wp-content\/uploads\/2022\/05\/20220523_214253.jpg\" \/>\n\t<meta property=\"og:image:width\" content=\"2048\" \/>\n\t<meta property=\"og:image:height\" content=\"2048\" \/>\n\t<meta property=\"og:image:type\" content=\"image\/jpeg\" \/>\n<meta name=\"twitter:card\" content=\"summary_large_image\" \/>\n<meta name=\"twitter:label1\" content=\"Verf\u00fcgbarkeit\" \/>\n\t<meta name=\"twitter:data1\" content=\"Auf Lager\" \/>\n<script type=\"application\/ld+json\" class=\"yoast-schema-graph\">{\"@context\":\"https:\\\/\\\/schema.org\",\"@graph\":[{\"@type\":\"WebPage\",\"@id\":\"https:\\\/\\\/www.jootjeshaakcadeautjes.nl\\\/de\\\/produkt\\\/silikon-buchstaben-perlen-taupe-12-mm-quadrat\\\/\",\"url\":\"https:\\\/\\\/www.jootjeshaakcadeautjes.nl\\\/de\\\/produkt\\\/silikon-buchstaben-perlen-taupe-12-mm-quadrat\\\/\",\"name\":\"Silikon-Buchstabenperlen - Taupe\\\/Kokosnuss - 12 mm - Quadratisch - Pro St\u00fcck - JH.co.uk | Letters Silicone\",\"isPartOf\":{\"@id\":\"https:\\\/\\\/www.jootjeshaakcadeautjes.nl\\\/de\\\/#website\"},\"primaryImageOfPage\":{\"@id\":\"https:\\\/\\\/www.jootjeshaakcadeautjes.nl\\\/de\\\/produkt\\\/silikon-buchstaben-perlen-taupe-12-mm-quadrat\\\/#primaryimage\"},\"image\":{\"@id\":\"https:\\\/\\\/www.jootjeshaakcadeautjes.nl\\\/de\\\/produkt\\\/silikon-buchstaben-perlen-taupe-12-mm-quadrat\\\/#primaryimage\"},\"thumbnailUrl\":\"https:\\\/\\\/d1dyryakdmle7o.cloudfront.net\\\/wp-content\\\/uploads\\\/2022\\\/05\\\/20220523_214253.jpg\",\"datePublished\":\"2022-05-30T22:00:15+00:00\",\"dateModified\":\"2026-03-11T07:19:42+00:00\",\"description\":\"Silikon-Buchstabenperlen aus wei\u00dfem Silikon mit schwarzen Buchstaben, f\u00fcr Schnuller, Schl\u00fcsselanh\u00e4nger etc. Silikonperlen mit Buchstaben, babysicher.\",\"breadcrumb\":{\"@id\":\"https:\\\/\\\/www.jootjeshaakcadeautjes.nl\\\/de\\\/produkt\\\/silikon-buchstaben-perlen-taupe-12-mm-quadrat\\\/#breadcrumb\"},\"inLanguage\":\"de\",\"potentialAction\":[{\"@type\":\"ReadAction\",\"target\":[\"https:\\\/\\\/www.jootjeshaakcadeautjes.nl\\\/de\\\/produkt\\\/silikon-buchstaben-perlen-taupe-12-mm-quadrat\\\/\"]}]},{\"@type\":\"ImageObject\",\"inLanguage\":\"de\",\"@id\":\"https:\\\/\\\/www.jootjeshaakcadeautjes.nl\\\/de\\\/produkt\\\/silikon-buchstaben-perlen-taupe-12-mm-quadrat\\\/#primaryimage\",\"url\":\"https:\\\/\\\/d1dyryakdmle7o.cloudfront.net\\\/wp-content\\\/uploads\\\/2022\\\/05\\\/20220523_214253.jpg\",\"contentUrl\":\"https:\\\/\\\/d1dyryakdmle7o.cloudfront.net\\\/wp-content\\\/uploads\\\/2022\\\/05\\\/20220523_214253.jpg\",\"width\":2048,\"height\":2048,\"caption\":\"Silikon Brief Perlen Schnuller Schnur Gro\u00dfhandel kaufen taupe\"},{\"@type\":\"BreadcrumbList\",\"@id\":\"https:\\\/\\\/www.jootjeshaakcadeautjes.nl\\\/de\\\/produkt\\\/silikon-buchstaben-perlen-taupe-12-mm-quadrat\\\/#breadcrumb\",\"itemListElement\":[{\"@type\":\"ListItem\",\"position\":1,\"name\":\"Startseite\",\"item\":\"https:\\\/\\\/www.jootjeshaakcadeautjes.nl\\\/de\\\/\"},{\"@type\":\"ListItem\",\"position\":2,\"name\":\"Gro\u00dfhandel mit Silikonperlen &#8211; Business und Consumer\",\"item\":\"https:\\\/\\\/www.jootjeshaakcadeautjes.nl\\\/de\\\/shop\\\/\"},{\"@type\":\"ListItem\",\"position\":3,\"name\":\"Silikon-Buchstabenperlen &#8211; Taupe\\\/Kokosnuss &#8211; 12 mm &#8211; Quadratisch &#8211; Pro St\u00fcck\"}]},{\"@type\":\"WebSite\",\"@id\":\"https:\\\/\\\/www.jootjeshaakcadeautjes.nl\\\/de\\\/#website\",\"url\":\"https:\\\/\\\/www.jootjeshaakcadeautjes.nl\\\/de\\\/\",\"name\":\"Jootjes Haakcadeautjes\",\"description\":\"Silikonperlen Gro\u00dfhandel \",\"publisher\":{\"@id\":\"https:\\\/\\\/www.jootjeshaakcadeautjes.nl\\\/de\\\/#organization\"},\"potentialAction\":[{\"@type\":\"SearchAction\",\"target\":{\"@type\":\"EntryPoint\",\"urlTemplate\":\"https:\\\/\\\/www.jootjeshaakcadeautjes.nl\\\/de\\\/?s={search_term_string}\"},\"query-input\":{\"@type\":\"PropertyValueSpecification\",\"valueRequired\":true,\"valueName\":\"search_term_string\"}}],\"inLanguage\":\"de\"},{\"@type\":\"Organization\",\"@id\":\"https:\\\/\\\/www.jootjeshaakcadeautjes.nl\\\/de\\\/#organization\",\"name\":\"Jootjes Haakcadeautjes\",\"url\":\"https:\\\/\\\/www.jootjeshaakcadeautjes.nl\\\/de\\\/\",\"logo\":{\"@type\":\"ImageObject\",\"inLanguage\":\"de\",\"@id\":\"https:\\\/\\\/www.jootjeshaakcadeautjes.nl\\\/de\\\/#\\\/schema\\\/logo\\\/image\\\/\",\"url\":\"https:\\\/\\\/jootjes-haakcadeautjes-media.s3.amazonaws.com\\\/wp-content\\\/uploads\\\/2023\\\/05\\\/Logo-rond.png\",\"contentUrl\":\"https:\\\/\\\/jootjes-haakcadeautjes-media.s3.amazonaws.com\\\/wp-content\\\/uploads\\\/2023\\\/05\\\/Logo-rond.png\",\"width\":1222,\"height\":1222,\"caption\":\"Jootjes Haakcadeautjes\"},\"image\":{\"@id\":\"https:\\\/\\\/www.jootjeshaakcadeautjes.nl\\\/de\\\/#\\\/schema\\\/logo\\\/image\\\/\"}}]}<\/script>\n<meta property=\"og:availability\" content=\"instock\" \/>\n<meta property=\"product:availability\" content=\"instock\" \/>\n<meta property=\"product:retailer_item_id\" content=\"SLK-T12\" \/>\n<meta property=\"product:condition\" content=\"new\" \/>\n<!-- \/ Yoast SEO Premium plugin. -->","yoast_head_json":{"title":"Silikon-Buchstabenperlen - Taupe\/Kokosnuss - 12 mm - Quadratisch - Pro St\u00fcck - JH.co.uk | Letters Silicone","description":"Silikon-Buchstabenperlen aus wei\u00dfem Silikon mit schwarzen Buchstaben, f\u00fcr Schnuller, Schl\u00fcsselanh\u00e4nger etc. Silikonperlen mit Buchstaben, babysicher.","robots":{"index":"index","follow":"follow","max-snippet":"max-snippet:-1","max-image-preview":"max-image-preview:large","max-video-preview":"max-video-preview:-1"},"canonical":"https:\/\/www.jootjeshaakcadeautjes.nl\/de\/produkt\/silikon-buchstaben-perlen-taupe-12-mm-quadrat\/","og_locale":"de_DE","og_type":"article","og_title":"Silikon-Buchstabenperlen - Taupe\/Kokosnuss - 12 mm - Quadratisch - Pro St\u00fcck","og_description":"Silikon-Buchstabenperlen aus wei\u00dfem Silikon mit schwarzen Buchstaben, f\u00fcr Schnuller, Schl\u00fcsselanh\u00e4nger etc. Silikonperlen mit Buchstaben, babysicher.","og_url":"https:\/\/www.jootjeshaakcadeautjes.nl\/de\/produkt\/silikon-buchstaben-perlen-taupe-12-mm-quadrat\/","og_site_name":"Jootjes Haakcadeautjes","article_modified_time":"2026-03-11T07:19:42+00:00","og_image":[{"width":2048,"height":2048,"url":"https:\/\/www.jootjeshaakcadeautjes.nl\/wp-content\/uploads\/2022\/05\/20220523_214253.jpg","type":"image\/jpeg"}],"twitter_card":"summary_large_image","twitter_misc":{"Verf\u00fcgbarkeit":"Auf Lager"},"schema":{"@context":"https:\/\/schema.org","@graph":[{"@type":"WebPage","@id":"https:\/\/www.jootjeshaakcadeautjes.nl\/de\/produkt\/silikon-buchstaben-perlen-taupe-12-mm-quadrat\/","url":"https:\/\/www.jootjeshaakcadeautjes.nl\/de\/produkt\/silikon-buchstaben-perlen-taupe-12-mm-quadrat\/","name":"Silikon-Buchstabenperlen - Taupe\/Kokosnuss - 12 mm - Quadratisch - Pro St\u00fcck - JH.co.uk | Letters Silicone","isPartOf":{"@id":"https:\/\/www.jootjeshaakcadeautjes.nl\/de\/#website"},"primaryImageOfPage":{"@id":"https:\/\/www.jootjeshaakcadeautjes.nl\/de\/produkt\/silikon-buchstaben-perlen-taupe-12-mm-quadrat\/#primaryimage"},"image":{"@id":"https:\/\/www.jootjeshaakcadeautjes.nl\/de\/produkt\/silikon-buchstaben-perlen-taupe-12-mm-quadrat\/#primaryimage"},"thumbnailUrl":"https:\/\/d1dyryakdmle7o.cloudfront.net\/wp-content\/uploads\/2022\/05\/20220523_214253.jpg","datePublished":"2022-05-30T22:00:15+00:00","dateModified":"2026-03-11T07:19:42+00:00","description":"Silikon-Buchstabenperlen aus wei\u00dfem Silikon mit schwarzen Buchstaben, f\u00fcr Schnuller, Schl\u00fcsselanh\u00e4nger etc. Silikonperlen mit Buchstaben, babysicher.","breadcrumb":{"@id":"https:\/\/www.jootjeshaakcadeautjes.nl\/de\/produkt\/silikon-buchstaben-perlen-taupe-12-mm-quadrat\/#breadcrumb"},"inLanguage":"de","potentialAction":[{"@type":"ReadAction","target":["https:\/\/www.jootjeshaakcadeautjes.nl\/de\/produkt\/silikon-buchstaben-perlen-taupe-12-mm-quadrat\/"]}]},{"@type":"ImageObject","inLanguage":"de","@id":"https:\/\/www.jootjeshaakcadeautjes.nl\/de\/produkt\/silikon-buchstaben-perlen-taupe-12-mm-quadrat\/#primaryimage","url":"https:\/\/d1dyryakdmle7o.cloudfront.net\/wp-content\/uploads\/2022\/05\/20220523_214253.jpg","contentUrl":"https:\/\/d1dyryakdmle7o.cloudfront.net\/wp-content\/uploads\/2022\/05\/20220523_214253.jpg","width":2048,"height":2048,"caption":"Silikon Brief Perlen Schnuller Schnur Gro\u00dfhandel kaufen taupe"},{"@type":"BreadcrumbList","@id":"https:\/\/www.jootjeshaakcadeautjes.nl\/de\/produkt\/silikon-buchstaben-perlen-taupe-12-mm-quadrat\/#breadcrumb","itemListElement":[{"@type":"ListItem","position":1,"name":"Startseite","item":"https:\/\/www.jootjeshaakcadeautjes.nl\/de\/"},{"@type":"ListItem","position":2,"name":"Gro\u00dfhandel mit Silikonperlen &#8211; Business und Consumer","item":"https:\/\/www.jootjeshaakcadeautjes.nl\/de\/shop\/"},{"@type":"ListItem","position":3,"name":"Silikon-Buchstabenperlen &#8211; Taupe\/Kokosnuss &#8211; 12 mm &#8211; Quadratisch &#8211; Pro St\u00fcck"}]},{"@type":"WebSite","@id":"https:\/\/www.jootjeshaakcadeautjes.nl\/de\/#website","url":"https:\/\/www.jootjeshaakcadeautjes.nl\/de\/","name":"Jootjes Haakcadeautjes","description":"Silikonperlen Gro\u00dfhandel ","publisher":{"@id":"https:\/\/www.jootjeshaakcadeautjes.nl\/de\/#organization"},"potentialAction":[{"@type":"SearchAction","target":{"@type":"EntryPoint","urlTemplate":"https:\/\/www.jootjeshaakcadeautjes.nl\/de\/?s={search_term_string}"},"query-input":{"@type":"PropertyValueSpecification","valueRequired":true,"valueName":"search_term_string"}}],"inLanguage":"de"},{"@type":"Organization","@id":"https:\/\/www.jootjeshaakcadeautjes.nl\/de\/#organization","name":"Jootjes Haakcadeautjes","url":"https:\/\/www.jootjeshaakcadeautjes.nl\/de\/","logo":{"@type":"ImageObject","inLanguage":"de","@id":"https:\/\/www.jootjeshaakcadeautjes.nl\/de\/#\/schema\/logo\/image\/","url":"https:\/\/jootjes-haakcadeautjes-media.s3.amazonaws.com\/wp-content\/uploads\/2023\/05\/Logo-rond.png","contentUrl":"https:\/\/jootjes-haakcadeautjes-media.s3.amazonaws.com\/wp-content\/uploads\/2023\/05\/Logo-rond.png","width":1222,"height":1222,"caption":"Jootjes Haakcadeautjes"},"image":{"@id":"https:\/\/www.jootjeshaakcadeautjes.nl\/de\/#\/schema\/logo\/image\/"}}]},"og_availability":"instock","product_availability":"instock","product_retailer_item_id":"SLK-T12","product_condition":"new"},"_links":{"self":[{"href":"https:\/\/www.jootjeshaakcadeautjes.nl\/de\/wp-json\/wp\/v2\/product\/120983","targetHints":{"allow":["GET"]}}],"collection":[{"href":"https:\/\/www.jootjeshaakcadeautjes.nl\/de\/wp-json\/wp\/v2\/product"}],"about":[{"href":"https:\/\/www.jootjeshaakcadeautjes.nl\/de\/wp-json\/wp\/v2\/types\/product"}],"version-history":[{"count":0,"href":"https:\/\/www.jootjeshaakcadeautjes.nl\/de\/wp-json\/wp\/v2\/product\/120983\/revisions"}],"wp:featuredmedia":[{"embeddable":true,"href":"https:\/\/www.jootjeshaakcadeautjes.nl\/de\/wp-json\/wp\/v2\/media\/80542"}],"wp:attachment":[{"href":"https:\/\/www.jootjeshaakcadeautjes.nl\/de\/wp-json\/wp\/v2\/media?parent=120983"}],"wp:term":[{"taxonomy":"product_brand","embeddable":true,"href":"https:\/\/www.jootjeshaakcadeautjes.nl\/de\/wp-json\/wp\/v2\/product_brand?post=120983"},{"taxonomy":"product_cat","embeddable":true,"href":"https:\/\/www.jootjeshaakcadeautjes.nl\/de\/wp-json\/wp\/v2\/product_cat?post=120983"},{"taxonomy":"product_tag","embeddable":true,"href":"https:\/\/www.jootjeshaakcadeautjes.nl\/de\/wp-json\/wp\/v2\/product_tag?post=120983"}],"curies":[{"name":"wp","href":"https:\/\/api.w.org\/{rel}","templated":true}]}}