{"id":121032,"date":"2022-05-30T23:05:48","date_gmt":"2022-05-30T22:05:48","guid":{"rendered":"https:\/\/www.jootjeshaakcadeautjes.nl\/product\/silikon-brief-perlen-pistazie-grosshandel\/"},"modified":"2026-03-10T11:23:28","modified_gmt":"2026-03-10T10:23:28","slug":"silikon-brief-perlen-pistazie-grosshandel","status":"publish","type":"product","link":"https:\/\/www.jootjeshaakcadeautjes.nl\/de\/produkt\/silikon-brief-perlen-pistazie-grosshandel\/","title":{"rendered":"Silikon-Buchstabenperlen &#8211; Pistazie &#8211; 12 mm &#8211; Quadratisch &#8211; Pro St\u00fcck"},"content":{"rendered":"<h2>Pistazien-Silikon-Buchstabenperlen &#8211; quadratisch &#8211; 12 mm &#8211; pro St\u00fcck verkauft<\/h2>\n<p><em>Produktspezifikationen:<\/em><\/p>\n<ul>\n<li><strong>Farbe:<\/strong> Pistazie mit wei\u00dfem Schriftzug<\/li>\n<li><strong>Gr\u00f6\u00dfe:<\/strong> 12 mm x 12 mm<\/li>\n<li><strong>Typ:<\/strong> Quadratische Buchstabenperle aus Silikon mit gepr\u00e4gten Buchstaben. Die Buchstaben sind also kein Aufdruck, sondern wirklich Teil der Perle.<\/li>\n<li><strong>Sicherheit:<\/strong> BPA-, Phthalat-, PVC-, blei- und toxinfrei<\/li>\n<li><strong>Zertifizierung:<\/strong> Geeignet f\u00fcr CE-zertifizierte Endprodukte<\/li>\n<li><strong>Verf\u00fcgbarkeit:<\/strong> Die Buchstabenperlen sind in allen Buchstaben des Alphabets erh\u00e4ltlich. Sie k\u00f6nnen aus den Buchstaben A bis Z w\u00e4hlen und sie in den Warenkorb legen. Einzeln verkauft.<\/li>\n<\/ul>\n<p>Diese sch\u00f6nen quadratischen Buchstabenperlen aus Silikon bieten zahlreiche M\u00f6glichkeiten, Ihre handgefertigten Kreationen zu personalisieren. Diese Perlen eignen sich perfekt, um eine Schnullerschnur, einen Bei\u00dfring, einen Kinderwagenschieber oder eine Babygymnastik mit einem Namen zu versehen. Mit diesen Perlen ist es ganz einfach, ein einzigartiges und pers\u00f6nliches Geschenk f\u00fcr die Mutter zu kreieren oder Spielzeug f\u00fcr Ihr eigenes Kind herzustellen. Kombinieren Sie sie m\u00fchelos mit unseren sch\u00f6nen Holzperlen oder anderen Silikonperlen f\u00fcr endlose Gestaltungsm\u00f6glichkeiten.<\/p>\n<p>Die Buchstabenperlen aus Silikon lassen sich leicht in der Sp\u00fclmaschine reinigen und bei Zahnen im K\u00fchlschrank aufbewahren.<\/p>\n<h3>Qualit\u00e4t und Sicherheit sind unsere Priorit\u00e4t:<\/h3>\n<p>Wir nehmen die Sicherheit unserer Produkte ernst. Alle Silikonmaterialien in unserem Sortiment sind BPA-frei und frei von Phthalaten. Bei der Herstellung dieser Silikonbuchstabenkugeln werden keine sch\u00e4dlichen Stoffe verwendet. Sie sind sowohl f\u00fcr S\u00e4uglinge als auch f\u00fcr \u00e4ltere Kinder geeignet, die das Bed\u00fcrfnis haben, auf etwas zu bei\u00dfen.<\/p>\n<p>Unsere Buchstabenperlen aus Silikon sind alle:<\/p>\n<ul>\n<li><strong>BPA- und Phthalat-frei:<\/strong> Unsere Materialien sind garantiert frei von sch\u00e4dlichen Substanzen, so dass Sie sie bedenkenlos verwenden k\u00f6nnen, sogar f\u00fcr Babys.<\/li>\n<li><strong>CE-Zertifizierung:<\/strong> Diese Perlen sind f\u00fcr CE-zertifizierte Endprodukte geeignet, wodurch sichergestellt wird, dass Sie mit hochwertigen Materialien arbeiten.<\/li>\n<li><strong>Langlebigkeit:<\/strong> Die Perlen sind robust und nutzen sich kaum ab, so dass Ihre Kreationen lange Zeit halten.<\/li>\n<li><strong>Leicht zu reinigen:<\/strong> Diese Buchstabenperlen aus Silikon sind sp\u00fclmaschinenfest und zum K\u00fchlen beim Zahnen geeignet.<\/li>\n<\/ul>\n<h3>Warnung:<\/h3>\n<p>Obwohl unsere Perlen von hoher Qualit\u00e4t sind, ist es wichtig, dass Sie die Perlen immer sicher auff\u00e4deln und verknoten. \u00dcberpr\u00fcfen Sie Ihre handgefertigten Produkte regelm\u00e4\u00dfig auf Abnutzung und Verschlei\u00df. Jootjes Haakcadeautjes kontrolliert Ihre fertigen Produkte nicht und kann keine Verantwortung f\u00fcr Sch\u00e4den an den fertigen Produkten oder das L\u00f6sen von Teilen aufgrund von Verschlei\u00df \u00fcbernehmen. Wir empfehlen, handgefertigtes Bei\u00dfspielzeug nur unter Aufsicht von Erwachsenen zu verwenden, um gef\u00e4hrliche Situationen zu vermeiden.<\/p>\n","protected":false},"excerpt":{"rendered":"<ul>\n<li>Variante: Buchstabenperlen aus Silikon<\/li>\n<li>Farbe: Pistazienfarbene Perle mit wei\u00dfer Schrift.<\/li>\n<li>Einzeln verkauft. Legen Sie den gew\u00fcnschten Brief in Ihren Warenkorb.<\/li>\n<li>BPA-, Phthalat-, PVC-, blei- und toxinfrei.<\/li>\n<li>Geeignet f\u00fcr CE-zertifizierte Endprodukte.<\/li>\n<li>Form und Gr\u00f6\u00dfe: Quadratisch, 12 mm x 12 mm, mit Buchstaben auf allen 4 Seiten.<\/li>\n<li>Die Buchstaben sind horizontal (die L\u00f6cher sind von links nach rechts).<\/li>\n<li>Mit milder Seifenlauge oder Nasentuch reinigen. Der Wulst selbst kann in der Sp\u00fclmaschine gereinigt werden.<\/li>\n<li>Cool zum Zahnen.<\/li>\n<\/ul>\n","protected":false},"featured_media":80581,"template":"","meta":[],"product_brand":[],"product_cat":[8505,8509,7380,9564,7191],"product_tag":[7550,8115,7385,7452,8742,7416,7890,7442,7199,8744,8514,7211,7427],"class_list":{"0":"post-121032","1":"product","2":"type-product","3":"status-publish","4":"has-post-thumbnail","6":"product_cat-buchstabenperlen-schnullerschnur-und-beisring","7":"product_cat-buchstabenperlen-aus-silikon-12-mm-alle-farben","8":"product_cat-herstellung-von-baby-beisspielzeug-materialien-fur-schnuller-und-beisringe","9":"product_cat-silikon-buchstabenperlen-pistazie-12-mm","10":"product_cat-vollstandige-palette","11":"product_tag-12-mm-de","12":"product_tag-12mm-de","13":"product_tag-beisring","14":"product_tag-bpa-frei","15":"product_tag-buchstabenperle","16":"product_tag-gummischnur","17":"product_tag-gummischnur-de","18":"product_tag-kinderwagenkette","19":"product_tag-perlen","20":"product_tag-perlen-mit-buchstaben","21":"product_tag-platz","22":"product_tag-silikon","23":"product_tag-still-halskette","25":"first","26":"instock","27":"taxable","28":"shipping-taxable","29":"purchasable","30":"product-type-variable"},"bundled_by":[],"bundle_stock_status":"instock","bundle_stock_quantity":null,"bundle_virtual":false,"bundle_layout":"","bundle_add_to_cart_form_location":"","bundle_editable_in_cart":false,"bundle_sold_individually_context":"","bundle_item_grouping":"","bundle_min_size":"","bundle_max_size":"","bundle_price":[],"bundled_items":[],"bundle_sell_ids":[],"yoast_head":"<!-- This site is optimized with the Yoast SEO Premium plugin v26.4 (Yoast SEO v27.3) - https:\/\/yoast.com\/product\/yoast-seo-premium-wordpress\/ -->\n<title>Silikon-Buchstabenperlen - Pistazie - 12 mm - Quadratisch - Pro St\u00fcck - JH.co.uk | Letters Silicone<\/title>\n<meta name=\"description\" content=\"Silikon-Buchstabenperlen aus wei\u00dfem Silikon mit schwarzen Buchstaben, f\u00fcr Schnuller, Schl\u00fcsselanh\u00e4nger etc. Silikonperlen mit Buchstaben, babysicher.\" \/>\n<meta name=\"robots\" content=\"index, follow, max-snippet:-1, max-image-preview:large, max-video-preview:-1\" \/>\n<link rel=\"canonical\" href=\"https:\/\/www.jootjeshaakcadeautjes.nl\/de\/produkt\/silikon-brief-perlen-pistazie-grosshandel\/\" \/>\n<meta property=\"og:locale\" content=\"de_DE\" \/>\n<meta property=\"og:type\" content=\"article\" \/>\n<meta property=\"og:title\" content=\"Silikon-Buchstabenperlen - Pistazie - 12 mm - Quadratisch - Pro St\u00fcck\" \/>\n<meta property=\"og:description\" content=\"Silikon-Buchstabenperlen aus wei\u00dfem Silikon mit schwarzen Buchstaben, f\u00fcr Schnuller, Schl\u00fcsselanh\u00e4nger etc. Silikonperlen mit Buchstaben, babysicher.\" \/>\n<meta property=\"og:url\" content=\"https:\/\/www.jootjeshaakcadeautjes.nl\/de\/produkt\/silikon-brief-perlen-pistazie-grosshandel\/\" \/>\n<meta property=\"og:site_name\" content=\"Jootjes Haakcadeautjes\" \/>\n<meta property=\"article:modified_time\" content=\"2026-03-10T10:23:28+00:00\" \/>\n<meta property=\"og:image\" content=\"https:\/\/www.jootjeshaakcadeautjes.nl\/wp-content\/uploads\/2022\/05\/20220526_165733.jpg\" \/>\n\t<meta property=\"og:image:width\" content=\"2048\" \/>\n\t<meta property=\"og:image:height\" content=\"2048\" \/>\n\t<meta property=\"og:image:type\" content=\"image\/jpeg\" \/>\n<meta name=\"twitter:card\" content=\"summary_large_image\" \/>\n<meta name=\"twitter:label1\" content=\"Verf\u00fcgbarkeit\" \/>\n\t<meta name=\"twitter:data1\" content=\"Auf Lager\" \/>\n<script type=\"application\/ld+json\" class=\"yoast-schema-graph\">{\"@context\":\"https:\\\/\\\/schema.org\",\"@graph\":[{\"@type\":\"WebPage\",\"@id\":\"https:\\\/\\\/www.jootjeshaakcadeautjes.nl\\\/de\\\/produkt\\\/silikon-brief-perlen-pistazie-grosshandel\\\/\",\"url\":\"https:\\\/\\\/www.jootjeshaakcadeautjes.nl\\\/de\\\/produkt\\\/silikon-brief-perlen-pistazie-grosshandel\\\/\",\"name\":\"Silikon-Buchstabenperlen - Pistazie - 12 mm - Quadratisch - Pro St\u00fcck - JH.co.uk | Letters Silicone\",\"isPartOf\":{\"@id\":\"https:\\\/\\\/www.jootjeshaakcadeautjes.nl\\\/de\\\/#website\"},\"primaryImageOfPage\":{\"@id\":\"https:\\\/\\\/www.jootjeshaakcadeautjes.nl\\\/de\\\/produkt\\\/silikon-brief-perlen-pistazie-grosshandel\\\/#primaryimage\"},\"image\":{\"@id\":\"https:\\\/\\\/www.jootjeshaakcadeautjes.nl\\\/de\\\/produkt\\\/silikon-brief-perlen-pistazie-grosshandel\\\/#primaryimage\"},\"thumbnailUrl\":\"https:\\\/\\\/d1dyryakdmle7o.cloudfront.net\\\/wp-content\\\/uploads\\\/2022\\\/05\\\/20220526_165733.jpg\",\"datePublished\":\"2022-05-30T22:05:48+00:00\",\"dateModified\":\"2026-03-10T10:23:28+00:00\",\"description\":\"Silikon-Buchstabenperlen aus wei\u00dfem Silikon mit schwarzen Buchstaben, f\u00fcr Schnuller, Schl\u00fcsselanh\u00e4nger etc. Silikonperlen mit Buchstaben, babysicher.\",\"breadcrumb\":{\"@id\":\"https:\\\/\\\/www.jootjeshaakcadeautjes.nl\\\/de\\\/produkt\\\/silikon-brief-perlen-pistazie-grosshandel\\\/#breadcrumb\"},\"inLanguage\":\"de\",\"potentialAction\":[{\"@type\":\"ReadAction\",\"target\":[\"https:\\\/\\\/www.jootjeshaakcadeautjes.nl\\\/de\\\/produkt\\\/silikon-brief-perlen-pistazie-grosshandel\\\/\"]}]},{\"@type\":\"ImageObject\",\"inLanguage\":\"de\",\"@id\":\"https:\\\/\\\/www.jootjeshaakcadeautjes.nl\\\/de\\\/produkt\\\/silikon-brief-perlen-pistazie-grosshandel\\\/#primaryimage\",\"url\":\"https:\\\/\\\/d1dyryakdmle7o.cloudfront.net\\\/wp-content\\\/uploads\\\/2022\\\/05\\\/20220526_165733.jpg\",\"contentUrl\":\"https:\\\/\\\/d1dyryakdmle7o.cloudfront.net\\\/wp-content\\\/uploads\\\/2022\\\/05\\\/20220526_165733.jpg\",\"width\":2048,\"height\":2048,\"caption\":\"Silikon Brief Perlen Dummy Schnur kaufen Gro\u00dfhandel Pistazie gr\u00fcn\"},{\"@type\":\"BreadcrumbList\",\"@id\":\"https:\\\/\\\/www.jootjeshaakcadeautjes.nl\\\/de\\\/produkt\\\/silikon-brief-perlen-pistazie-grosshandel\\\/#breadcrumb\",\"itemListElement\":[{\"@type\":\"ListItem\",\"position\":1,\"name\":\"Startseite\",\"item\":\"https:\\\/\\\/www.jootjeshaakcadeautjes.nl\\\/de\\\/\"},{\"@type\":\"ListItem\",\"position\":2,\"name\":\"Gro\u00dfhandel mit Silikonperlen &#8211; Business und Consumer\",\"item\":\"https:\\\/\\\/www.jootjeshaakcadeautjes.nl\\\/de\\\/shop\\\/\"},{\"@type\":\"ListItem\",\"position\":3,\"name\":\"Silikon-Buchstabenperlen &#8211; Pistazie &#8211; 12 mm &#8211; Quadratisch &#8211; Pro St\u00fcck\"}]},{\"@type\":\"WebSite\",\"@id\":\"https:\\\/\\\/www.jootjeshaakcadeautjes.nl\\\/de\\\/#website\",\"url\":\"https:\\\/\\\/www.jootjeshaakcadeautjes.nl\\\/de\\\/\",\"name\":\"Jootjes Haakcadeautjes\",\"description\":\"Silikonperlen Gro\u00dfhandel \",\"publisher\":{\"@id\":\"https:\\\/\\\/www.jootjeshaakcadeautjes.nl\\\/de\\\/#organization\"},\"potentialAction\":[{\"@type\":\"SearchAction\",\"target\":{\"@type\":\"EntryPoint\",\"urlTemplate\":\"https:\\\/\\\/www.jootjeshaakcadeautjes.nl\\\/de\\\/?s={search_term_string}\"},\"query-input\":{\"@type\":\"PropertyValueSpecification\",\"valueRequired\":true,\"valueName\":\"search_term_string\"}}],\"inLanguage\":\"de\"},{\"@type\":\"Organization\",\"@id\":\"https:\\\/\\\/www.jootjeshaakcadeautjes.nl\\\/de\\\/#organization\",\"name\":\"Jootjes Haakcadeautjes\",\"url\":\"https:\\\/\\\/www.jootjeshaakcadeautjes.nl\\\/de\\\/\",\"logo\":{\"@type\":\"ImageObject\",\"inLanguage\":\"de\",\"@id\":\"https:\\\/\\\/www.jootjeshaakcadeautjes.nl\\\/de\\\/#\\\/schema\\\/logo\\\/image\\\/\",\"url\":\"https:\\\/\\\/jootjes-haakcadeautjes-media.s3.amazonaws.com\\\/wp-content\\\/uploads\\\/2023\\\/05\\\/Logo-rond.png\",\"contentUrl\":\"https:\\\/\\\/jootjes-haakcadeautjes-media.s3.amazonaws.com\\\/wp-content\\\/uploads\\\/2023\\\/05\\\/Logo-rond.png\",\"width\":1222,\"height\":1222,\"caption\":\"Jootjes Haakcadeautjes\"},\"image\":{\"@id\":\"https:\\\/\\\/www.jootjeshaakcadeautjes.nl\\\/de\\\/#\\\/schema\\\/logo\\\/image\\\/\"}}]}<\/script>\n<meta property=\"og:availability\" content=\"instock\" \/>\n<meta property=\"product:availability\" content=\"instock\" \/>\n<meta property=\"product:retailer_item_id\" content=\"SLK-P12\" \/>\n<meta property=\"product:condition\" content=\"new\" \/>\n<!-- \/ Yoast SEO Premium plugin. -->","yoast_head_json":{"title":"Silikon-Buchstabenperlen - Pistazie - 12 mm - Quadratisch - Pro St\u00fcck - JH.co.uk | Letters Silicone","description":"Silikon-Buchstabenperlen aus wei\u00dfem Silikon mit schwarzen Buchstaben, f\u00fcr Schnuller, Schl\u00fcsselanh\u00e4nger etc. Silikonperlen mit Buchstaben, babysicher.","robots":{"index":"index","follow":"follow","max-snippet":"max-snippet:-1","max-image-preview":"max-image-preview:large","max-video-preview":"max-video-preview:-1"},"canonical":"https:\/\/www.jootjeshaakcadeautjes.nl\/de\/produkt\/silikon-brief-perlen-pistazie-grosshandel\/","og_locale":"de_DE","og_type":"article","og_title":"Silikon-Buchstabenperlen - Pistazie - 12 mm - Quadratisch - Pro St\u00fcck","og_description":"Silikon-Buchstabenperlen aus wei\u00dfem Silikon mit schwarzen Buchstaben, f\u00fcr Schnuller, Schl\u00fcsselanh\u00e4nger etc. Silikonperlen mit Buchstaben, babysicher.","og_url":"https:\/\/www.jootjeshaakcadeautjes.nl\/de\/produkt\/silikon-brief-perlen-pistazie-grosshandel\/","og_site_name":"Jootjes Haakcadeautjes","article_modified_time":"2026-03-10T10:23:28+00:00","og_image":[{"width":2048,"height":2048,"url":"https:\/\/www.jootjeshaakcadeautjes.nl\/wp-content\/uploads\/2022\/05\/20220526_165733.jpg","type":"image\/jpeg"}],"twitter_card":"summary_large_image","twitter_misc":{"Verf\u00fcgbarkeit":"Auf Lager"},"schema":{"@context":"https:\/\/schema.org","@graph":[{"@type":"WebPage","@id":"https:\/\/www.jootjeshaakcadeautjes.nl\/de\/produkt\/silikon-brief-perlen-pistazie-grosshandel\/","url":"https:\/\/www.jootjeshaakcadeautjes.nl\/de\/produkt\/silikon-brief-perlen-pistazie-grosshandel\/","name":"Silikon-Buchstabenperlen - Pistazie - 12 mm - Quadratisch - Pro St\u00fcck - JH.co.uk | Letters Silicone","isPartOf":{"@id":"https:\/\/www.jootjeshaakcadeautjes.nl\/de\/#website"},"primaryImageOfPage":{"@id":"https:\/\/www.jootjeshaakcadeautjes.nl\/de\/produkt\/silikon-brief-perlen-pistazie-grosshandel\/#primaryimage"},"image":{"@id":"https:\/\/www.jootjeshaakcadeautjes.nl\/de\/produkt\/silikon-brief-perlen-pistazie-grosshandel\/#primaryimage"},"thumbnailUrl":"https:\/\/d1dyryakdmle7o.cloudfront.net\/wp-content\/uploads\/2022\/05\/20220526_165733.jpg","datePublished":"2022-05-30T22:05:48+00:00","dateModified":"2026-03-10T10:23:28+00:00","description":"Silikon-Buchstabenperlen aus wei\u00dfem Silikon mit schwarzen Buchstaben, f\u00fcr Schnuller, Schl\u00fcsselanh\u00e4nger etc. Silikonperlen mit Buchstaben, babysicher.","breadcrumb":{"@id":"https:\/\/www.jootjeshaakcadeautjes.nl\/de\/produkt\/silikon-brief-perlen-pistazie-grosshandel\/#breadcrumb"},"inLanguage":"de","potentialAction":[{"@type":"ReadAction","target":["https:\/\/www.jootjeshaakcadeautjes.nl\/de\/produkt\/silikon-brief-perlen-pistazie-grosshandel\/"]}]},{"@type":"ImageObject","inLanguage":"de","@id":"https:\/\/www.jootjeshaakcadeautjes.nl\/de\/produkt\/silikon-brief-perlen-pistazie-grosshandel\/#primaryimage","url":"https:\/\/d1dyryakdmle7o.cloudfront.net\/wp-content\/uploads\/2022\/05\/20220526_165733.jpg","contentUrl":"https:\/\/d1dyryakdmle7o.cloudfront.net\/wp-content\/uploads\/2022\/05\/20220526_165733.jpg","width":2048,"height":2048,"caption":"Silikon Brief Perlen Dummy Schnur kaufen Gro\u00dfhandel Pistazie gr\u00fcn"},{"@type":"BreadcrumbList","@id":"https:\/\/www.jootjeshaakcadeautjes.nl\/de\/produkt\/silikon-brief-perlen-pistazie-grosshandel\/#breadcrumb","itemListElement":[{"@type":"ListItem","position":1,"name":"Startseite","item":"https:\/\/www.jootjeshaakcadeautjes.nl\/de\/"},{"@type":"ListItem","position":2,"name":"Gro\u00dfhandel mit Silikonperlen &#8211; Business und Consumer","item":"https:\/\/www.jootjeshaakcadeautjes.nl\/de\/shop\/"},{"@type":"ListItem","position":3,"name":"Silikon-Buchstabenperlen &#8211; Pistazie &#8211; 12 mm &#8211; Quadratisch &#8211; Pro St\u00fcck"}]},{"@type":"WebSite","@id":"https:\/\/www.jootjeshaakcadeautjes.nl\/de\/#website","url":"https:\/\/www.jootjeshaakcadeautjes.nl\/de\/","name":"Jootjes Haakcadeautjes","description":"Silikonperlen Gro\u00dfhandel ","publisher":{"@id":"https:\/\/www.jootjeshaakcadeautjes.nl\/de\/#organization"},"potentialAction":[{"@type":"SearchAction","target":{"@type":"EntryPoint","urlTemplate":"https:\/\/www.jootjeshaakcadeautjes.nl\/de\/?s={search_term_string}"},"query-input":{"@type":"PropertyValueSpecification","valueRequired":true,"valueName":"search_term_string"}}],"inLanguage":"de"},{"@type":"Organization","@id":"https:\/\/www.jootjeshaakcadeautjes.nl\/de\/#organization","name":"Jootjes Haakcadeautjes","url":"https:\/\/www.jootjeshaakcadeautjes.nl\/de\/","logo":{"@type":"ImageObject","inLanguage":"de","@id":"https:\/\/www.jootjeshaakcadeautjes.nl\/de\/#\/schema\/logo\/image\/","url":"https:\/\/jootjes-haakcadeautjes-media.s3.amazonaws.com\/wp-content\/uploads\/2023\/05\/Logo-rond.png","contentUrl":"https:\/\/jootjes-haakcadeautjes-media.s3.amazonaws.com\/wp-content\/uploads\/2023\/05\/Logo-rond.png","width":1222,"height":1222,"caption":"Jootjes Haakcadeautjes"},"image":{"@id":"https:\/\/www.jootjeshaakcadeautjes.nl\/de\/#\/schema\/logo\/image\/"}}]},"og_availability":"instock","product_availability":"instock","product_retailer_item_id":"SLK-P12","product_condition":"new"},"_links":{"self":[{"href":"https:\/\/www.jootjeshaakcadeautjes.nl\/de\/wp-json\/wp\/v2\/product\/121032","targetHints":{"allow":["GET"]}}],"collection":[{"href":"https:\/\/www.jootjeshaakcadeautjes.nl\/de\/wp-json\/wp\/v2\/product"}],"about":[{"href":"https:\/\/www.jootjeshaakcadeautjes.nl\/de\/wp-json\/wp\/v2\/types\/product"}],"version-history":[{"count":0,"href":"https:\/\/www.jootjeshaakcadeautjes.nl\/de\/wp-json\/wp\/v2\/product\/121032\/revisions"}],"wp:featuredmedia":[{"embeddable":true,"href":"https:\/\/www.jootjeshaakcadeautjes.nl\/de\/wp-json\/wp\/v2\/media\/80581"}],"wp:attachment":[{"href":"https:\/\/www.jootjeshaakcadeautjes.nl\/de\/wp-json\/wp\/v2\/media?parent=121032"}],"wp:term":[{"taxonomy":"product_brand","embeddable":true,"href":"https:\/\/www.jootjeshaakcadeautjes.nl\/de\/wp-json\/wp\/v2\/product_brand?post=121032"},{"taxonomy":"product_cat","embeddable":true,"href":"https:\/\/www.jootjeshaakcadeautjes.nl\/de\/wp-json\/wp\/v2\/product_cat?post=121032"},{"taxonomy":"product_tag","embeddable":true,"href":"https:\/\/www.jootjeshaakcadeautjes.nl\/de\/wp-json\/wp\/v2\/product_tag?post=121032"}],"curies":[{"name":"wp","href":"https:\/\/api.w.org\/{rel}","templated":true}]}}