{"id":121086,"date":"2022-05-23T22:21:45","date_gmt":"2022-05-23T21:21:45","guid":{"rendered":"https:\/\/www.jootjeshaakcadeautjes.nl\/product\/holzperle-graviert-regenbogen-buche-14-mm-rund\/"},"modified":"2025-10-24T13:29:12","modified_gmt":"2025-10-24T11:29:12","slug":"holzperle-graviert-regenbogen-buche-14-mm-rund","status":"publish","type":"product","link":"https:\/\/www.jootjeshaakcadeautjes.nl\/de\/produkt\/holzperle-graviert-regenbogen-buche-14-mm-rund\/","title":{"rendered":"Holzperle &#8211; Graviert &#8211; Regenbogen &#8211; Buchenholz &#8211; 14 mm rund"},"content":{"rendered":"<h2><strong>Holzperlen &#8211; Buchenholz &#8211; 14 mm rund &#8211; Graviert &#8211; Regenbogen<\/strong><\/h2>\n<p>Material: Unbehandeltes, poliertes Buchenholz<br \/>\nGr\u00f6\u00dfe: 14 mm, Loch von links nach rechts.<br \/>\nBeide individuell graviert mit 4 Bogen Regenbogen &#8211;<br \/>\nZertifizierung: Entspricht EN-71 Hergestellt aus rohem (nicht lackiertem, gebeiztem oder ge\u00f6ltem) Buchenholz. Glatte Oberfl\u00e4che.<br \/>\nDie Holzperlen sind ein Naturprodukt und k\u00f6nnen daher noch minimale Abweichungen aufweisen.<br \/>\nBei gro\u00dfen Abweichungen werden sie nicht verkauft, sondern entsorgt\/recycelt.<\/p>\n<p>Auf jeder Perle befinden sich 2 Regenb\u00f6gen. \u00d6ffnung von 4 mm Durchmesser.<\/p>\n<p>Sie eignen sich hervorragend als Schnullerclip, Bei\u00dfring oder Stillkette und passen zu allen m\u00f6glichen lustigen Farben und Regenbogenmustern.<\/p>\n<p>&nbsp;<\/p>\n","protected":false},"excerpt":{"rendered":"<p>Material: Unbehandeltes, poliertes Buchenholz<br \/>\nGr\u00f6\u00dfe: 14 mm rund, das Loch verl\u00e4uft von rechts nach links.<br \/>\nDie Perle ist perfekt f\u00fcr die Verwendung an einer Schnurattrappe geeignet.<br \/>\nBeide Seiten graviert mit 4 Bogen Regenbogen.<\/p>\n<p>Zertifizierung: Entspricht der EN-71, 100 % babysicher.<\/p>\n","protected":false},"featured_media":80493,"template":"","meta":[],"product_brand":[],"product_cat":[8247,8026,7380,8045,6995],"product_tag":[7459,8088,9570,9543,7385,8047,8564,7400,7901,7416,7196,8046,7442,7397,7199,8482,8089,7435,7988],"class_list":{"0":"post-121086","1":"product","2":"type-product","3":"status-publish","4":"has-post-thumbnail","6":"product_cat-bastelmaterial-hakelzubehor","7":"product_cat-gravierte-holzperlen-fur-schnullerschnur-und-beisring","8":"product_cat-herstellung-von-baby-beisspielzeug-materialien-fur-schnuller-und-beisringe","9":"product_cat-holzperlen-schnullerband-und-beisring-alle-holzperlen","10":"product_cat-lasergravieren-alle-produkte","11":"product_tag-14-de","12":"product_tag-baby-turnhalle","13":"product_tag-babysafe-de","14":"product_tag-babyspielzeug","15":"product_tag-beisring","16":"product_tag-buche","17":"product_tag-buchenholz-de","18":"product_tag-eingraviert","19":"product_tag-en-71-de","20":"product_tag-gummischnur","21":"product_tag-holz","22":"product_tag-holz-de","23":"product_tag-kinderwagenkette","24":"product_tag-mm-de","25":"product_tag-perlen","26":"product_tag-regenbogen-de","27":"product_tag-roh","28":"product_tag-wulst","29":"product_tag-zertifiziert","31":"first","32":"instock","33":"taxable","34":"shipping-taxable","35":"purchasable","36":"product-type-simple"},"bundled_by":[],"bundle_stock_status":"instock","bundle_stock_quantity":61,"bundle_virtual":false,"bundle_layout":"","bundle_add_to_cart_form_location":"","bundle_editable_in_cart":false,"bundle_sold_individually_context":"","bundle_item_grouping":"","bundle_min_size":"","bundle_max_size":"","bundle_price":[],"bundled_items":[],"bundle_sell_ids":[],"yoast_head":"<!-- This site is optimized with the Yoast SEO Premium plugin v27.6 (Yoast SEO v27.6) - https:\/\/yoast.com\/product\/yoast-seo-premium-wordpress\/ -->\n<title>Jootjes Haakcadeautjes<\/title>\n<meta name=\"description\" content=\"Buchenholzperlen Regenbogen 16 mm Perlen mit einem sch\u00f6n gravierten Regenbogen auf zwei Seiten. Keine Beschichtung, super verarbeitet. Besonders schick!\" \/>\n<meta name=\"robots\" content=\"index, follow, max-snippet:-1, max-image-preview:large, max-video-preview:-1\" \/>\n<link rel=\"canonical\" href=\"https:\/\/www.jootjeshaakcadeautjes.nl\/de\/produkt\/holzperle-graviert-regenbogen-buche-14-mm-rund\/\" \/>\n<meta property=\"og:locale\" content=\"de_DE\" \/>\n<meta property=\"og:type\" content=\"article\" \/>\n<meta property=\"og:title\" content=\"Holzperle - Graviert - Regenbogen - Buchenholz - 14 mm rund\" \/>\n<meta property=\"og:description\" content=\"Buchenholzperlen Regenbogen 16 mm Perlen mit einem sch\u00f6n gravierten Regenbogen auf zwei Seiten. Keine Beschichtung, super verarbeitet. Besonders schick!\" \/>\n<meta property=\"og:url\" content=\"https:\/\/www.jootjeshaakcadeautjes.nl\/de\/produkt\/holzperle-graviert-regenbogen-buche-14-mm-rund\/\" \/>\n<meta property=\"og:site_name\" content=\"Jootjes Haakcadeautjes\" \/>\n<meta property=\"article:modified_time\" content=\"2025-10-24T11:29:12+00:00\" \/>\n<meta property=\"og:image\" content=\"https:\/\/www.jootjeshaakcadeautjes.nl\/wp-content\/uploads\/2022\/05\/20220523_213434.jpg\" \/>\n\t<meta property=\"og:image:width\" content=\"1721\" \/>\n\t<meta property=\"og:image:height\" content=\"1721\" \/>\n\t<meta property=\"og:image:type\" content=\"image\/jpeg\" \/>\n<meta name=\"twitter:card\" content=\"summary_large_image\" \/>\n<meta name=\"twitter:label1\" content=\"Preis\" \/>\n\t<meta name=\"twitter:data1\" content=\"&euro;0.45 inkl. MwSt.\" \/>\n\t<meta name=\"twitter:label2\" content=\"Verf\u00fcgbarkeit\" \/>\n\t<meta name=\"twitter:data2\" content=\"Auf Lager\" \/>\n<script type=\"application\/ld+json\" class=\"yoast-schema-graph\">{\"@context\":\"https:\\\/\\\/schema.org\",\"@graph\":[{\"@type\":\"WebPage\",\"@id\":\"https:\\\/\\\/www.jootjeshaakcadeautjes.nl\\\/de\\\/produkt\\\/holzperle-graviert-regenbogen-buche-14-mm-rund\\\/\",\"url\":\"https:\\\/\\\/www.jootjeshaakcadeautjes.nl\\\/de\\\/produkt\\\/holzperle-graviert-regenbogen-buche-14-mm-rund\\\/\",\"name\":\"\",\"isPartOf\":{\"@id\":\"https:\\\/\\\/www.jootjeshaakcadeautjes.nl\\\/de\\\/#website\"},\"primaryImageOfPage\":{\"@id\":\"https:\\\/\\\/www.jootjeshaakcadeautjes.nl\\\/de\\\/produkt\\\/holzperle-graviert-regenbogen-buche-14-mm-rund\\\/#primaryimage\"},\"image\":{\"@id\":\"https:\\\/\\\/www.jootjeshaakcadeautjes.nl\\\/de\\\/produkt\\\/holzperle-graviert-regenbogen-buche-14-mm-rund\\\/#primaryimage\"},\"thumbnailUrl\":\"https:\\\/\\\/d1dyryakdmle7o.cloudfront.net\\\/wp-content\\\/uploads\\\/2022\\\/05\\\/20220523_213434.jpg\",\"datePublished\":\"2022-05-23T21:21:45+00:00\",\"dateModified\":\"2025-10-24T11:29:12+00:00\",\"description\":\"Buchenholzperlen Regenbogen 16 mm Perlen mit einem sch\u00f6n gravierten Regenbogen auf zwei Seiten. Keine Beschichtung, super verarbeitet. Besonders schick!\",\"breadcrumb\":{\"@id\":\"https:\\\/\\\/www.jootjeshaakcadeautjes.nl\\\/de\\\/produkt\\\/holzperle-graviert-regenbogen-buche-14-mm-rund\\\/#breadcrumb\"},\"inLanguage\":\"de\",\"potentialAction\":[{\"@type\":\"ReadAction\",\"target\":[\"https:\\\/\\\/www.jootjeshaakcadeautjes.nl\\\/de\\\/produkt\\\/holzperle-graviert-regenbogen-buche-14-mm-rund\\\/\"]}]},{\"@type\":\"ImageObject\",\"inLanguage\":\"de\",\"@id\":\"https:\\\/\\\/www.jootjeshaakcadeautjes.nl\\\/de\\\/produkt\\\/holzperle-graviert-regenbogen-buche-14-mm-rund\\\/#primaryimage\",\"url\":\"https:\\\/\\\/d1dyryakdmle7o.cloudfront.net\\\/wp-content\\\/uploads\\\/2022\\\/05\\\/20220523_213434.jpg\",\"contentUrl\":\"https:\\\/\\\/d1dyryakdmle7o.cloudfront.net\\\/wp-content\\\/uploads\\\/2022\\\/05\\\/20220523_213434.jpg\",\"width\":1721,\"height\":1721},{\"@type\":\"BreadcrumbList\",\"@id\":\"https:\\\/\\\/www.jootjeshaakcadeautjes.nl\\\/de\\\/produkt\\\/holzperle-graviert-regenbogen-buche-14-mm-rund\\\/#breadcrumb\",\"itemListElement\":[{\"@type\":\"ListItem\",\"position\":1,\"name\":\"Startseite\",\"item\":\"https:\\\/\\\/www.jootjeshaakcadeautjes.nl\\\/de\\\/\"},{\"@type\":\"ListItem\",\"position\":2,\"name\":\"Gro\u00dfhandel mit Silikonperlen &#8211; Business und Consumer\",\"item\":\"https:\\\/\\\/www.jootjeshaakcadeautjes.nl\\\/de\\\/shop\\\/\"},{\"@type\":\"ListItem\",\"position\":3,\"name\":\"Holzperle &#8211; Graviert &#8211; Regenbogen &#8211; Buchenholz &#8211; 14 mm rund\"}]},{\"@type\":\"WebSite\",\"@id\":\"https:\\\/\\\/www.jootjeshaakcadeautjes.nl\\\/de\\\/#website\",\"url\":\"https:\\\/\\\/www.jootjeshaakcadeautjes.nl\\\/de\\\/\",\"name\":\"Jootjes Haakcadeautjes\",\"description\":\"Silikonperlen Gro\u00dfhandel \",\"publisher\":{\"@id\":\"https:\\\/\\\/www.jootjeshaakcadeautjes.nl\\\/de\\\/#organization\"},\"potentialAction\":[{\"@type\":\"SearchAction\",\"target\":{\"@type\":\"EntryPoint\",\"urlTemplate\":\"https:\\\/\\\/www.jootjeshaakcadeautjes.nl\\\/de\\\/?s={search_term_string}\"},\"query-input\":{\"@type\":\"PropertyValueSpecification\",\"valueRequired\":true,\"valueName\":\"search_term_string\"}}],\"inLanguage\":\"de\"},{\"@type\":\"Organization\",\"@id\":\"https:\\\/\\\/www.jootjeshaakcadeautjes.nl\\\/de\\\/#organization\",\"name\":\"Jootjes Haakcadeautjes\",\"url\":\"https:\\\/\\\/www.jootjeshaakcadeautjes.nl\\\/de\\\/\",\"logo\":{\"@type\":\"ImageObject\",\"inLanguage\":\"de\",\"@id\":\"https:\\\/\\\/www.jootjeshaakcadeautjes.nl\\\/de\\\/#\\\/schema\\\/logo\\\/image\\\/\",\"url\":\"https:\\\/\\\/d1dyryakdmle7o.cloudfront.net\\\/wp-content\\\/uploads\\\/2023\\\/05\\\/Logo-rond.png\",\"contentUrl\":\"https:\\\/\\\/d1dyryakdmle7o.cloudfront.net\\\/wp-content\\\/uploads\\\/2023\\\/05\\\/Logo-rond.png\",\"width\":1222,\"height\":1222,\"caption\":\"Jootjes Haakcadeautjes\"},\"image\":{\"@id\":\"https:\\\/\\\/www.jootjeshaakcadeautjes.nl\\\/de\\\/#\\\/schema\\\/logo\\\/image\\\/\"}}]}<\/script>\n<meta property=\"product:price:amount\" content=\"0.45\" \/>\n<meta property=\"product:price:currency\" content=\"EUR\" \/>\n<meta property=\"og:availability\" content=\"instock\" \/>\n<meta property=\"product:availability\" content=\"instock\" \/>\n<meta property=\"product:retailer_item_id\" content=\"HKR-RBO-014\" \/>\n<meta property=\"product:condition\" content=\"new\" \/>\n<!-- \/ Yoast SEO Premium plugin. -->","yoast_head_json":{"title":"Jootjes Haakcadeautjes","description":"Buchenholzperlen Regenbogen 16 mm Perlen mit einem sch\u00f6n gravierten Regenbogen auf zwei Seiten. Keine Beschichtung, super verarbeitet. Besonders schick!","robots":{"index":"index","follow":"follow","max-snippet":"max-snippet:-1","max-image-preview":"max-image-preview:large","max-video-preview":"max-video-preview:-1"},"canonical":"https:\/\/www.jootjeshaakcadeautjes.nl\/de\/produkt\/holzperle-graviert-regenbogen-buche-14-mm-rund\/","og_locale":"de_DE","og_type":"article","og_title":"Holzperle - Graviert - Regenbogen - Buchenholz - 14 mm rund","og_description":"Buchenholzperlen Regenbogen 16 mm Perlen mit einem sch\u00f6n gravierten Regenbogen auf zwei Seiten. Keine Beschichtung, super verarbeitet. Besonders schick!","og_url":"https:\/\/www.jootjeshaakcadeautjes.nl\/de\/produkt\/holzperle-graviert-regenbogen-buche-14-mm-rund\/","og_site_name":"Jootjes Haakcadeautjes","article_modified_time":"2025-10-24T11:29:12+00:00","og_image":[{"width":1721,"height":1721,"url":"https:\/\/www.jootjeshaakcadeautjes.nl\/wp-content\/uploads\/2022\/05\/20220523_213434.jpg","type":"image\/jpeg"}],"twitter_card":"summary_large_image","twitter_misc":{"Preis":"&euro;0.45 inkl. MwSt.","Verf\u00fcgbarkeit":"Auf Lager"},"schema":{"@context":"https:\/\/schema.org","@graph":[{"@type":"WebPage","@id":"https:\/\/www.jootjeshaakcadeautjes.nl\/de\/produkt\/holzperle-graviert-regenbogen-buche-14-mm-rund\/","url":"https:\/\/www.jootjeshaakcadeautjes.nl\/de\/produkt\/holzperle-graviert-regenbogen-buche-14-mm-rund\/","name":"","isPartOf":{"@id":"https:\/\/www.jootjeshaakcadeautjes.nl\/de\/#website"},"primaryImageOfPage":{"@id":"https:\/\/www.jootjeshaakcadeautjes.nl\/de\/produkt\/holzperle-graviert-regenbogen-buche-14-mm-rund\/#primaryimage"},"image":{"@id":"https:\/\/www.jootjeshaakcadeautjes.nl\/de\/produkt\/holzperle-graviert-regenbogen-buche-14-mm-rund\/#primaryimage"},"thumbnailUrl":"https:\/\/d1dyryakdmle7o.cloudfront.net\/wp-content\/uploads\/2022\/05\/20220523_213434.jpg","datePublished":"2022-05-23T21:21:45+00:00","dateModified":"2025-10-24T11:29:12+00:00","description":"Buchenholzperlen Regenbogen 16 mm Perlen mit einem sch\u00f6n gravierten Regenbogen auf zwei Seiten. Keine Beschichtung, super verarbeitet. Besonders schick!","breadcrumb":{"@id":"https:\/\/www.jootjeshaakcadeautjes.nl\/de\/produkt\/holzperle-graviert-regenbogen-buche-14-mm-rund\/#breadcrumb"},"inLanguage":"de","potentialAction":[{"@type":"ReadAction","target":["https:\/\/www.jootjeshaakcadeautjes.nl\/de\/produkt\/holzperle-graviert-regenbogen-buche-14-mm-rund\/"]}]},{"@type":"ImageObject","inLanguage":"de","@id":"https:\/\/www.jootjeshaakcadeautjes.nl\/de\/produkt\/holzperle-graviert-regenbogen-buche-14-mm-rund\/#primaryimage","url":"https:\/\/d1dyryakdmle7o.cloudfront.net\/wp-content\/uploads\/2022\/05\/20220523_213434.jpg","contentUrl":"https:\/\/d1dyryakdmle7o.cloudfront.net\/wp-content\/uploads\/2022\/05\/20220523_213434.jpg","width":1721,"height":1721},{"@type":"BreadcrumbList","@id":"https:\/\/www.jootjeshaakcadeautjes.nl\/de\/produkt\/holzperle-graviert-regenbogen-buche-14-mm-rund\/#breadcrumb","itemListElement":[{"@type":"ListItem","position":1,"name":"Startseite","item":"https:\/\/www.jootjeshaakcadeautjes.nl\/de\/"},{"@type":"ListItem","position":2,"name":"Gro\u00dfhandel mit Silikonperlen &#8211; Business und Consumer","item":"https:\/\/www.jootjeshaakcadeautjes.nl\/de\/shop\/"},{"@type":"ListItem","position":3,"name":"Holzperle &#8211; Graviert &#8211; Regenbogen &#8211; Buchenholz &#8211; 14 mm rund"}]},{"@type":"WebSite","@id":"https:\/\/www.jootjeshaakcadeautjes.nl\/de\/#website","url":"https:\/\/www.jootjeshaakcadeautjes.nl\/de\/","name":"Jootjes Haakcadeautjes","description":"Silikonperlen Gro\u00dfhandel ","publisher":{"@id":"https:\/\/www.jootjeshaakcadeautjes.nl\/de\/#organization"},"potentialAction":[{"@type":"SearchAction","target":{"@type":"EntryPoint","urlTemplate":"https:\/\/www.jootjeshaakcadeautjes.nl\/de\/?s={search_term_string}"},"query-input":{"@type":"PropertyValueSpecification","valueRequired":true,"valueName":"search_term_string"}}],"inLanguage":"de"},{"@type":"Organization","@id":"https:\/\/www.jootjeshaakcadeautjes.nl\/de\/#organization","name":"Jootjes Haakcadeautjes","url":"https:\/\/www.jootjeshaakcadeautjes.nl\/de\/","logo":{"@type":"ImageObject","inLanguage":"de","@id":"https:\/\/www.jootjeshaakcadeautjes.nl\/de\/#\/schema\/logo\/image\/","url":"https:\/\/d1dyryakdmle7o.cloudfront.net\/wp-content\/uploads\/2023\/05\/Logo-rond.png","contentUrl":"https:\/\/d1dyryakdmle7o.cloudfront.net\/wp-content\/uploads\/2023\/05\/Logo-rond.png","width":1222,"height":1222,"caption":"Jootjes Haakcadeautjes"},"image":{"@id":"https:\/\/www.jootjeshaakcadeautjes.nl\/de\/#\/schema\/logo\/image\/"}}]},"product_price_amount":"0.45","product_price_currency":"EUR","og_availability":"instock","product_availability":"instock","product_retailer_item_id":"HKR-RBO-014","product_condition":"new"},"_links":{"self":[{"href":"https:\/\/www.jootjeshaakcadeautjes.nl\/de\/wp-json\/wp\/v2\/product\/121086","targetHints":{"allow":["GET"]}}],"collection":[{"href":"https:\/\/www.jootjeshaakcadeautjes.nl\/de\/wp-json\/wp\/v2\/product"}],"about":[{"href":"https:\/\/www.jootjeshaakcadeautjes.nl\/de\/wp-json\/wp\/v2\/types\/product"}],"version-history":[{"count":0,"href":"https:\/\/www.jootjeshaakcadeautjes.nl\/de\/wp-json\/wp\/v2\/product\/121086\/revisions"}],"wp:featuredmedia":[{"embeddable":true,"href":"https:\/\/www.jootjeshaakcadeautjes.nl\/de\/wp-json\/wp\/v2\/media\/80493"}],"wp:attachment":[{"href":"https:\/\/www.jootjeshaakcadeautjes.nl\/de\/wp-json\/wp\/v2\/media?parent=121086"}],"wp:term":[{"taxonomy":"product_brand","embeddable":true,"href":"https:\/\/www.jootjeshaakcadeautjes.nl\/de\/wp-json\/wp\/v2\/product_brand?post=121086"},{"taxonomy":"product_cat","embeddable":true,"href":"https:\/\/www.jootjeshaakcadeautjes.nl\/de\/wp-json\/wp\/v2\/product_cat?post=121086"},{"taxonomy":"product_tag","embeddable":true,"href":"https:\/\/www.jootjeshaakcadeautjes.nl\/de\/wp-json\/wp\/v2\/product_tag?post=121086"}],"curies":[{"name":"wp","href":"https:\/\/api.w.org\/{rel}","templated":true}]}}