{"id":121115,"date":"2022-05-22T15:48:25","date_gmt":"2022-05-22T13:48:25","guid":{"rendered":"https:\/\/www.jootjeshaakcadeautjes.nl\/product\/silikonperlen-altrosa-schwarz-12-mm-rund\/"},"modified":"2026-01-08T18:04:35","modified_gmt":"2026-01-08T17:04:35","slug":"silikonperlen-altrosa-schwarz-12-mm-rund","status":"publish","type":"product","link":"https:\/\/www.jootjeshaakcadeautjes.nl\/de\/produkt\/silikonperlen-altrosa-schwarz-12-mm-rund\/","title":{"rendered":"Silikonperlen &#8211; Vintage Rose &#8211; Schwarz &#8211; 12 mm rund"},"content":{"rendered":"<h2>Silikonperlen &#8211; Vintage Rose &#8211; Schwarz &#8211; 12 mm rund<\/h2>\n<h3>Spezifikationen:<\/h3>\n<ul>\n<li>Durchmesser Silikonperlen 12 rund.<\/li>\n<li>Variante: Vintage Rose<\/li>\n<li>Farbe: Schwarz<\/li>\n<li>BPA-frei<\/li>\n<li>Sicher nach den Kriterien der EN-71.<\/li>\n<li>100% kindersicher<\/li>\n<\/ul>\n<h2>Sie k\u00f6nnen die Silikonperlen Vintage Rose zum Beispiel so verwenden:<\/h2>\n<p>Diese rosafarbenen Vintage-Perlen werden zur Herstellung von Bei\u00dfringen, Schnullerkordeln, Kinderwagenketten, Stillhalsketten, Babygymnastikger\u00e4ten und anderem verwendet. Sie k\u00f6nnen sie mit anderen Formen oder Gr\u00f6\u00dfen von Silikonperlen sowie mit unseren Holzperlen abwechseln. Durch die Verwendung unterschiedlicher Formate und Materialien wird die Entwicklung der Kinder gef\u00f6rdert. Der Tastsinn wird durch verschiedene Oberfl\u00e4chen stimuliert. Es f\u00f6rdert auch die motorischen F\u00e4higkeiten und die visuelle Stimulation (verschiedene Farben). Diese Perlen lassen sich daher auch ideal mit unserem anderen Sortiment an Silikonperlen oder Holzperlen kombinieren. Dieses Angebot wird regelm\u00e4\u00dfig erweitert. Unter anderem haben wir auch ovale Perlen, sechseckige Perlen und Perlen mit Waben oder <a href=\"https:\/\/www.jootjeshaakcadeautjes.nl\/product\/siliconen-kralen-mickey-oren\/\">Mickey Ears<\/a> in verschiedenen Gr\u00f6\u00dfen.<\/p>\n<h3><strong>Stimulieren Sie die Entwicklung Ihres Babys\/Kleinkindes!  <\/strong><\/h3>\n<p>Durch die Verwendung unterschiedlicher Texturen in Ihrem handgefertigten Babyspielzeug wird die Entwicklung eines Kindes gef\u00f6rdert. Ein Kind lernt zun\u00e4chst viel mit seinen Sinnen. Daher ist es sinnvoll, anhand der folgenden Punkte zu variieren:<\/p>\n<ul>\n<li>Material\n<ul>\n<li>Silikon<\/li>\n<li>H\u00f6lzernes<\/li>\n<li>Geh\u00e4keltes Garn.\n<ul>\n<li>In der Regel wird Baumwollgarn verwendet, da es weniger flauschig ist. Die Kinder bekommen davon keine Ballaststoffe.<\/li>\n<\/ul>\n<\/li>\n<\/ul>\n<\/li>\n<li>Textur\/Relief\n<ul>\n<li>Alle unsere Silikonprodukte haben ihr eigenes Relief, sowohl auf der Vorder- als auch auf der R\u00fcckseite.<\/li>\n<li>Holz, Silikon und Garn haben ohnehin alle ihre eigene Haptik und Textur.<\/li>\n<\/ul>\n<\/li>\n<li>Formen: rund, geometrisch, oval, verschiedene Tiere, Ringe.<\/li>\n<li>Visuell:\n<ul>\n<li>Verschiedene Formen<\/li>\n<li>Verschiedene Farben<\/li>\n<\/ul>\n<\/li>\n<\/ul>\n<p>Die Silikonperlen finden Sie hier: <a href=\"\/?product_cat=siliconen-kralen\">Silikonperlen<\/a>.<br \/>\nDie Holzperlen finden Sie hier: <a href=\"\/?product_cat=houten-kralen-kralen\">Holzperlen<\/a>.<\/p>\n<p>Die Silikonperlen lassen sich leicht auf eine Wachs- oder Satinkordel auff\u00e4deln. Binden Sie dies sehr gut und mehrmals.<\/p>\n<p>Diese runden Silikonkugeln lassen sich leicht in der Sp\u00fclmaschine oder mit Seifenwasser reinigen. Lassen Sie sie dann gr\u00fcndlich trocknen, bevor Sie sie wieder an ein Kind weitergeben. Die Silikonperlen k\u00f6nnen auch gek\u00fchlt werden. Sie eignen sich daher sehr gut zur Schmerzlinderung beim Zahnen.<\/p>\n<h2>Qualit\u00e4t und Sicherheit Vintage Rose Black Silikonperlen:<\/h2>\n<p>Alle unsere Silikonmaterialien sind BPA- und phthalatfrei. Au\u00dferdem werden bei der Herstellung dieser Silikonperlen nat\u00fcrlich keine anderen sch\u00e4dlichen Stoffe verwendet. Die Perlen sind daher sowohl f\u00fcr Babys als auch f\u00fcr \u00e4ltere Kinder geeignet, die gerne in etwas hineinbei\u00dfen. Die Perlen sind gem\u00e4\u00df EN-71 sicher und daher f\u00fcr CE-zertifizierte Fertigprodukte geeignet. Die Perlen sind sehr stabil. Daher nutzen sie sich kaum ab. Dar\u00fcber hinaus sind die Perlen leicht zu reinigen.<\/p>\n<p><em>Befestigen Sie die Silikonperlen immer ordnungsgem\u00e4\u00df und \u00fcberpr\u00fcfen Sie Ihre Anfertigung regelm\u00e4\u00dfig, z. B. auf Abnutzung und Verschlei\u00df. Hierf\u00fcr sind Sie selbst verantwortlich. Jootjes Haakcadeautjes pr\u00fcft Ihr fertiges Produkt nicht und kann daher keine Sch\u00e4den oder Lockerungen aufgrund von Abnutzung annehmen. Wir raten dazu, handgefertigtes Kinderspielzeug nur unter Aufsicht von Erwachsenen zu verwenden, um gef\u00e4hrliche Situationen zu vermeiden.<\/em><\/p>\n","protected":false},"excerpt":{"rendered":"<p>Silikonperlen &#8211; Vintage Rose &#8211; Wei\u00df &#8211; 12 mm rund<\/p>\n<ul>\n<li>Variante: Vintage Rose<\/li>\n<li>Farbe: Schwarz<\/li>\n<li>Gr\u00f6\u00dfe: 12 mm.<\/li>\n<li>BPA-frei<\/li>\n<li>Sicher nach den Kriterien der EN-71<\/li>\n<li>Sp\u00fclmaschinentauglich<\/li>\n<li>Cool zum Zahnen<\/li>\n<\/ul>\n<p>Sie sind in verschiedenen sch\u00f6nen Farben erh\u00e4ltlich und k\u00f6nnen so nach Belieben zusammengestellt werden.<\/p>\n","protected":false},"featured_media":79450,"template":"","meta":[],"product_brand":[],"product_cat":[7380,8204,6991,8018],"product_tag":[7531,7550,8115,8207,7683,7452,8144,9567,8208,8209,7416,8206,8205,7442,7397,7199,7660,7897,7651,7483,7211,7427,7536,9569,8147,7435],"class_list":{"0":"post-121115","1":"product","2":"type-product","3":"status-publish","4":"has-post-thumbnail","6":"product_cat-herstellung-von-baby-beisspielzeug-materialien-fur-schnuller-und-beisringe","7":"product_cat-silikonperlen-blumendrucke","8":"product_cat-silikonperlen-bpa-frei-grosshandel","9":"product_cat-silikonperlen-mit-druck-alle-drucke-leopard-panther-giraffe-zebra-rosen-blatter-und-mehr","10":"product_tag-12-de","11":"product_tag-12-mm-de","12":"product_tag-12mm-de","13":"product_tag-benutzerdefinierte-de","14":"product_tag-blau","15":"product_tag-bpa-frei","16":"product_tag-braun","17":"product_tag-copyright-de","18":"product_tag-einzigartig","19":"product_tag-gefangen","20":"product_tag-gummischnur","21":"product_tag-hakelgeschenke","22":"product_tag-joots","23":"product_tag-kinderwagenkette","24":"product_tag-mm-de","25":"product_tag-perlen","26":"product_tag-rose-de","27":"product_tag-schnuller-de","28":"product_tag-schwarz","29":"product_tag-silikon-de","30":"product_tag-silikon","31":"product_tag-still-halskette","32":"product_tag-um","33":"product_tag-urheberrechtlich-geschutzt","34":"product_tag-weinlese","35":"product_tag-wulst","37":"first","38":"instock","39":"taxable","40":"shipping-taxable","41":"purchasable","42":"product-type-simple"},"bundled_by":["220923","221000"],"bundle_stock_status":"instock","bundle_stock_quantity":85,"bundle_virtual":false,"bundle_layout":"","bundle_add_to_cart_form_location":"","bundle_editable_in_cart":false,"bundle_sold_individually_context":"","bundle_item_grouping":"","bundle_min_size":"","bundle_max_size":"","bundle_price":[],"bundled_items":[],"bundle_sell_ids":[],"yoast_head":"<!-- This site is optimized with the Yoast SEO Premium plugin v27.6 (Yoast SEO v27.6) - https:\/\/yoast.com\/product\/yoast-seo-premium-wordpress\/ -->\n<title>Kuhfleck \/ Dalmatiner Silikon - Hellhimmelblaue Perlen - 16 mm - CE<\/title>\n<meta name=\"description\" content=\"Kuhfleck \/ Dalmatiner Tierdruck Silikonperlen 16 mm Light Sky Blue BPA-frei. CE-Zeichen und 100% kindersicher. F\u00fcr Bei\u00dfring oder Schnullerschnur\" \/>\n<meta name=\"robots\" content=\"index, follow, max-snippet:-1, max-image-preview:large, max-video-preview:-1\" \/>\n<link rel=\"canonical\" href=\"https:\/\/www.jootjeshaakcadeautjes.nl\/de\/produkt\/silikonperlen-altrosa-schwarz-12-mm-rund\/\" \/>\n<meta property=\"og:locale\" content=\"de_DE\" \/>\n<meta property=\"og:type\" content=\"article\" \/>\n<meta property=\"og:title\" content=\"Silikonperlen - Vintage Rose - Schwarz - 12 mm rund\" \/>\n<meta property=\"og:description\" content=\"Kuhfleck \/ Dalmatiner Tierdruck Silikonperlen 16 mm Light Sky Blue BPA-frei. CE-Zeichen und 100% kindersicher. F\u00fcr Bei\u00dfring oder Schnullerschnur\" \/>\n<meta property=\"og:url\" content=\"https:\/\/www.jootjeshaakcadeautjes.nl\/de\/produkt\/silikonperlen-altrosa-schwarz-12-mm-rund\/\" \/>\n<meta property=\"og:site_name\" content=\"Jootjes Haakcadeautjes\" \/>\n<meta property=\"article:modified_time\" content=\"2026-01-08T17:04:35+00:00\" \/>\n<meta property=\"og:image\" content=\"https:\/\/www.jootjeshaakcadeautjes.nl\/wp-content\/uploads\/2022\/03\/20220319_195510.jpg\" \/>\n\t<meta property=\"og:image:width\" content=\"2037\" \/>\n\t<meta property=\"og:image:height\" content=\"2037\" \/>\n\t<meta property=\"og:image:type\" content=\"image\/jpeg\" \/>\n<meta name=\"twitter:card\" content=\"summary_large_image\" \/>\n<meta name=\"twitter:label1\" content=\"Preis\" \/>\n\t<meta name=\"twitter:data1\" content=\"&euro;0.40 inkl. MwSt.\" \/>\n\t<meta name=\"twitter:label2\" content=\"Verf\u00fcgbarkeit\" \/>\n\t<meta name=\"twitter:data2\" content=\"Auf Lager\" \/>\n<script type=\"application\/ld+json\" class=\"yoast-schema-graph\">{\"@context\":\"https:\\\/\\\/schema.org\",\"@graph\":[{\"@type\":\"WebPage\",\"@id\":\"https:\\\/\\\/www.jootjeshaakcadeautjes.nl\\\/de\\\/produkt\\\/silikonperlen-altrosa-schwarz-12-mm-rund\\\/\",\"url\":\"https:\\\/\\\/www.jootjeshaakcadeautjes.nl\\\/de\\\/produkt\\\/silikonperlen-altrosa-schwarz-12-mm-rund\\\/\",\"name\":\"Kuhfleck \\\/ Dalmatiner Silikon - Hellhimmelblaue Perlen - 16 mm - CE\",\"isPartOf\":{\"@id\":\"https:\\\/\\\/www.jootjeshaakcadeautjes.nl\\\/de\\\/#website\"},\"primaryImageOfPage\":{\"@id\":\"https:\\\/\\\/www.jootjeshaakcadeautjes.nl\\\/de\\\/produkt\\\/silikonperlen-altrosa-schwarz-12-mm-rund\\\/#primaryimage\"},\"image\":{\"@id\":\"https:\\\/\\\/www.jootjeshaakcadeautjes.nl\\\/de\\\/produkt\\\/silikonperlen-altrosa-schwarz-12-mm-rund\\\/#primaryimage\"},\"thumbnailUrl\":\"https:\\\/\\\/d1dyryakdmle7o.cloudfront.net\\\/wp-content\\\/uploads\\\/2022\\\/03\\\/20220319_195510.jpg\",\"datePublished\":\"2022-05-22T13:48:25+00:00\",\"dateModified\":\"2026-01-08T17:04:35+00:00\",\"description\":\"Kuhfleck \\\/ Dalmatiner Tierdruck Silikonperlen 16 mm Light Sky Blue BPA-frei. CE-Zeichen und 100% kindersicher. F\u00fcr Bei\u00dfring oder Schnullerschnur\",\"breadcrumb\":{\"@id\":\"https:\\\/\\\/www.jootjeshaakcadeautjes.nl\\\/de\\\/produkt\\\/silikonperlen-altrosa-schwarz-12-mm-rund\\\/#breadcrumb\"},\"inLanguage\":\"de\",\"potentialAction\":[{\"@type\":\"ReadAction\",\"target\":[\"https:\\\/\\\/www.jootjeshaakcadeautjes.nl\\\/de\\\/produkt\\\/silikonperlen-altrosa-schwarz-12-mm-rund\\\/\"]}]},{\"@type\":\"ImageObject\",\"inLanguage\":\"de\",\"@id\":\"https:\\\/\\\/www.jootjeshaakcadeautjes.nl\\\/de\\\/produkt\\\/silikonperlen-altrosa-schwarz-12-mm-rund\\\/#primaryimage\",\"url\":\"https:\\\/\\\/d1dyryakdmle7o.cloudfront.net\\\/wp-content\\\/uploads\\\/2022\\\/03\\\/20220319_195510.jpg\",\"contentUrl\":\"https:\\\/\\\/d1dyryakdmle7o.cloudfront.net\\\/wp-content\\\/uploads\\\/2022\\\/03\\\/20220319_195510.jpg\",\"width\":2037,\"height\":2037,\"caption\":\"Silikonperlen vintage rosa schwarz Gro\u00dfhandel Schnuller Schnur Bei\u00dfring\"},{\"@type\":\"BreadcrumbList\",\"@id\":\"https:\\\/\\\/www.jootjeshaakcadeautjes.nl\\\/de\\\/produkt\\\/silikonperlen-altrosa-schwarz-12-mm-rund\\\/#breadcrumb\",\"itemListElement\":[{\"@type\":\"ListItem\",\"position\":1,\"name\":\"Startseite\",\"item\":\"https:\\\/\\\/www.jootjeshaakcadeautjes.nl\\\/de\\\/\"},{\"@type\":\"ListItem\",\"position\":2,\"name\":\"Gro\u00dfhandel mit Silikonperlen &#8211; Business und Consumer\",\"item\":\"https:\\\/\\\/www.jootjeshaakcadeautjes.nl\\\/de\\\/shop\\\/\"},{\"@type\":\"ListItem\",\"position\":3,\"name\":\"Silikonperlen &#8211; Vintage Rose &#8211; Schwarz &#8211; 12 mm rund\"}]},{\"@type\":\"WebSite\",\"@id\":\"https:\\\/\\\/www.jootjeshaakcadeautjes.nl\\\/de\\\/#website\",\"url\":\"https:\\\/\\\/www.jootjeshaakcadeautjes.nl\\\/de\\\/\",\"name\":\"Jootjes Haakcadeautjes\",\"description\":\"Silikonperlen Gro\u00dfhandel \",\"publisher\":{\"@id\":\"https:\\\/\\\/www.jootjeshaakcadeautjes.nl\\\/de\\\/#organization\"},\"potentialAction\":[{\"@type\":\"SearchAction\",\"target\":{\"@type\":\"EntryPoint\",\"urlTemplate\":\"https:\\\/\\\/www.jootjeshaakcadeautjes.nl\\\/de\\\/?s={search_term_string}\"},\"query-input\":{\"@type\":\"PropertyValueSpecification\",\"valueRequired\":true,\"valueName\":\"search_term_string\"}}],\"inLanguage\":\"de\"},{\"@type\":\"Organization\",\"@id\":\"https:\\\/\\\/www.jootjeshaakcadeautjes.nl\\\/de\\\/#organization\",\"name\":\"Jootjes Haakcadeautjes\",\"url\":\"https:\\\/\\\/www.jootjeshaakcadeautjes.nl\\\/de\\\/\",\"logo\":{\"@type\":\"ImageObject\",\"inLanguage\":\"de\",\"@id\":\"https:\\\/\\\/www.jootjeshaakcadeautjes.nl\\\/de\\\/#\\\/schema\\\/logo\\\/image\\\/\",\"url\":\"https:\\\/\\\/d1dyryakdmle7o.cloudfront.net\\\/wp-content\\\/uploads\\\/2023\\\/05\\\/Logo-rond.png\",\"contentUrl\":\"https:\\\/\\\/d1dyryakdmle7o.cloudfront.net\\\/wp-content\\\/uploads\\\/2023\\\/05\\\/Logo-rond.png\",\"width\":1222,\"height\":1222,\"caption\":\"Jootjes Haakcadeautjes\"},\"image\":{\"@id\":\"https:\\\/\\\/www.jootjeshaakcadeautjes.nl\\\/de\\\/#\\\/schema\\\/logo\\\/image\\\/\"}}]}<\/script>\n<meta property=\"product:price:amount\" content=\"0.40\" \/>\n<meta property=\"product:price:currency\" content=\"EUR\" \/>\n<meta property=\"og:availability\" content=\"instock\" \/>\n<meta property=\"product:availability\" content=\"instock\" \/>\n<meta property=\"product:retailer_item_id\" content=\"SKR-VRZ-012\" \/>\n<meta property=\"product:condition\" content=\"new\" \/>\n<!-- \/ Yoast SEO Premium plugin. -->","yoast_head_json":{"title":"Kuhfleck \/ Dalmatiner Silikon - Hellhimmelblaue Perlen - 16 mm - CE","description":"Kuhfleck \/ Dalmatiner Tierdruck Silikonperlen 16 mm Light Sky Blue BPA-frei. CE-Zeichen und 100% kindersicher. F\u00fcr Bei\u00dfring oder Schnullerschnur","robots":{"index":"index","follow":"follow","max-snippet":"max-snippet:-1","max-image-preview":"max-image-preview:large","max-video-preview":"max-video-preview:-1"},"canonical":"https:\/\/www.jootjeshaakcadeautjes.nl\/de\/produkt\/silikonperlen-altrosa-schwarz-12-mm-rund\/","og_locale":"de_DE","og_type":"article","og_title":"Silikonperlen - Vintage Rose - Schwarz - 12 mm rund","og_description":"Kuhfleck \/ Dalmatiner Tierdruck Silikonperlen 16 mm Light Sky Blue BPA-frei. CE-Zeichen und 100% kindersicher. F\u00fcr Bei\u00dfring oder Schnullerschnur","og_url":"https:\/\/www.jootjeshaakcadeautjes.nl\/de\/produkt\/silikonperlen-altrosa-schwarz-12-mm-rund\/","og_site_name":"Jootjes Haakcadeautjes","article_modified_time":"2026-01-08T17:04:35+00:00","og_image":[{"width":2037,"height":2037,"url":"https:\/\/www.jootjeshaakcadeautjes.nl\/wp-content\/uploads\/2022\/03\/20220319_195510.jpg","type":"image\/jpeg"}],"twitter_card":"summary_large_image","twitter_misc":{"Preis":"&euro;0.40 inkl. MwSt.","Verf\u00fcgbarkeit":"Auf Lager"},"schema":{"@context":"https:\/\/schema.org","@graph":[{"@type":"WebPage","@id":"https:\/\/www.jootjeshaakcadeautjes.nl\/de\/produkt\/silikonperlen-altrosa-schwarz-12-mm-rund\/","url":"https:\/\/www.jootjeshaakcadeautjes.nl\/de\/produkt\/silikonperlen-altrosa-schwarz-12-mm-rund\/","name":"Kuhfleck \/ Dalmatiner Silikon - Hellhimmelblaue Perlen - 16 mm - CE","isPartOf":{"@id":"https:\/\/www.jootjeshaakcadeautjes.nl\/de\/#website"},"primaryImageOfPage":{"@id":"https:\/\/www.jootjeshaakcadeautjes.nl\/de\/produkt\/silikonperlen-altrosa-schwarz-12-mm-rund\/#primaryimage"},"image":{"@id":"https:\/\/www.jootjeshaakcadeautjes.nl\/de\/produkt\/silikonperlen-altrosa-schwarz-12-mm-rund\/#primaryimage"},"thumbnailUrl":"https:\/\/d1dyryakdmle7o.cloudfront.net\/wp-content\/uploads\/2022\/03\/20220319_195510.jpg","datePublished":"2022-05-22T13:48:25+00:00","dateModified":"2026-01-08T17:04:35+00:00","description":"Kuhfleck \/ Dalmatiner Tierdruck Silikonperlen 16 mm Light Sky Blue BPA-frei. CE-Zeichen und 100% kindersicher. F\u00fcr Bei\u00dfring oder Schnullerschnur","breadcrumb":{"@id":"https:\/\/www.jootjeshaakcadeautjes.nl\/de\/produkt\/silikonperlen-altrosa-schwarz-12-mm-rund\/#breadcrumb"},"inLanguage":"de","potentialAction":[{"@type":"ReadAction","target":["https:\/\/www.jootjeshaakcadeautjes.nl\/de\/produkt\/silikonperlen-altrosa-schwarz-12-mm-rund\/"]}]},{"@type":"ImageObject","inLanguage":"de","@id":"https:\/\/www.jootjeshaakcadeautjes.nl\/de\/produkt\/silikonperlen-altrosa-schwarz-12-mm-rund\/#primaryimage","url":"https:\/\/d1dyryakdmle7o.cloudfront.net\/wp-content\/uploads\/2022\/03\/20220319_195510.jpg","contentUrl":"https:\/\/d1dyryakdmle7o.cloudfront.net\/wp-content\/uploads\/2022\/03\/20220319_195510.jpg","width":2037,"height":2037,"caption":"Silikonperlen vintage rosa schwarz Gro\u00dfhandel Schnuller Schnur Bei\u00dfring"},{"@type":"BreadcrumbList","@id":"https:\/\/www.jootjeshaakcadeautjes.nl\/de\/produkt\/silikonperlen-altrosa-schwarz-12-mm-rund\/#breadcrumb","itemListElement":[{"@type":"ListItem","position":1,"name":"Startseite","item":"https:\/\/www.jootjeshaakcadeautjes.nl\/de\/"},{"@type":"ListItem","position":2,"name":"Gro\u00dfhandel mit Silikonperlen &#8211; Business und Consumer","item":"https:\/\/www.jootjeshaakcadeautjes.nl\/de\/shop\/"},{"@type":"ListItem","position":3,"name":"Silikonperlen &#8211; Vintage Rose &#8211; Schwarz &#8211; 12 mm rund"}]},{"@type":"WebSite","@id":"https:\/\/www.jootjeshaakcadeautjes.nl\/de\/#website","url":"https:\/\/www.jootjeshaakcadeautjes.nl\/de\/","name":"Jootjes Haakcadeautjes","description":"Silikonperlen Gro\u00dfhandel ","publisher":{"@id":"https:\/\/www.jootjeshaakcadeautjes.nl\/de\/#organization"},"potentialAction":[{"@type":"SearchAction","target":{"@type":"EntryPoint","urlTemplate":"https:\/\/www.jootjeshaakcadeautjes.nl\/de\/?s={search_term_string}"},"query-input":{"@type":"PropertyValueSpecification","valueRequired":true,"valueName":"search_term_string"}}],"inLanguage":"de"},{"@type":"Organization","@id":"https:\/\/www.jootjeshaakcadeautjes.nl\/de\/#organization","name":"Jootjes Haakcadeautjes","url":"https:\/\/www.jootjeshaakcadeautjes.nl\/de\/","logo":{"@type":"ImageObject","inLanguage":"de","@id":"https:\/\/www.jootjeshaakcadeautjes.nl\/de\/#\/schema\/logo\/image\/","url":"https:\/\/d1dyryakdmle7o.cloudfront.net\/wp-content\/uploads\/2023\/05\/Logo-rond.png","contentUrl":"https:\/\/d1dyryakdmle7o.cloudfront.net\/wp-content\/uploads\/2023\/05\/Logo-rond.png","width":1222,"height":1222,"caption":"Jootjes Haakcadeautjes"},"image":{"@id":"https:\/\/www.jootjeshaakcadeautjes.nl\/de\/#\/schema\/logo\/image\/"}}]},"product_price_amount":"0.40","product_price_currency":"EUR","og_availability":"instock","product_availability":"instock","product_retailer_item_id":"SKR-VRZ-012","product_condition":"new"},"_links":{"self":[{"href":"https:\/\/www.jootjeshaakcadeautjes.nl\/de\/wp-json\/wp\/v2\/product\/121115","targetHints":{"allow":["GET"]}}],"collection":[{"href":"https:\/\/www.jootjeshaakcadeautjes.nl\/de\/wp-json\/wp\/v2\/product"}],"about":[{"href":"https:\/\/www.jootjeshaakcadeautjes.nl\/de\/wp-json\/wp\/v2\/types\/product"}],"version-history":[{"count":0,"href":"https:\/\/www.jootjeshaakcadeautjes.nl\/de\/wp-json\/wp\/v2\/product\/121115\/revisions"}],"wp:featuredmedia":[{"embeddable":true,"href":"https:\/\/www.jootjeshaakcadeautjes.nl\/de\/wp-json\/wp\/v2\/media\/79450"}],"wp:attachment":[{"href":"https:\/\/www.jootjeshaakcadeautjes.nl\/de\/wp-json\/wp\/v2\/media?parent=121115"}],"wp:term":[{"taxonomy":"product_brand","embeddable":true,"href":"https:\/\/www.jootjeshaakcadeautjes.nl\/de\/wp-json\/wp\/v2\/product_brand?post=121115"},{"taxonomy":"product_cat","embeddable":true,"href":"https:\/\/www.jootjeshaakcadeautjes.nl\/de\/wp-json\/wp\/v2\/product_cat?post=121115"},{"taxonomy":"product_tag","embeddable":true,"href":"https:\/\/www.jootjeshaakcadeautjes.nl\/de\/wp-json\/wp\/v2\/product_tag?post=121115"}],"curies":[{"name":"wp","href":"https:\/\/api.w.org\/{rel}","templated":true}]}}