{"id":121145,"date":"2022-05-22T14:45:03","date_gmt":"2022-05-22T12:45:03","guid":{"rendered":"https:\/\/www.jootjeshaakcadeautjes.nl\/product\/silikonperlen-20-mm-rund-altrosa-schwarz-druck\/"},"modified":"2025-11-14T11:42:07","modified_gmt":"2025-11-14T10:42:07","slug":"silikonperlen-20-mm-rund-altrosa-schwarz-druck","status":"publish","type":"product","link":"https:\/\/www.jootjeshaakcadeautjes.nl\/de\/produkt\/silikonperlen-20-mm-rund-altrosa-schwarz-druck\/","title":{"rendered":"Silikonperlen 20 mm &#8211; Rund &#8211; Vintage Rose Print Schwarz"},"content":{"rendered":"<h2>Silikonperlen &#8211; 20 mm &#8211; Rund &#8211; Vintage Rose &#8211; Schwarz &#8211; Druck<\/h2>\n<p>Gr\u00f6\u00dfe: 20 mm<br \/>\nFarbe: schwarz\/wei\u00df vintage pink<\/p>\n<p>Material: CE-zertifiziertes und sicherheitsgepr\u00fcftes Silikon nach EN-71. BPA-frei, phthalatfrei, PVC-frei und frei von allen anderen sch\u00e4dlichen Chemikalien gem\u00e4\u00df EN-71-Test.<\/p>\n<p>&nbsp;<\/p>\n","protected":false},"excerpt":{"rendered":"<p>Gr\u00f6\u00dfe: 20 mm<br \/>\nFarbe: schwarz\/wei\u00df vintage pink<\/p>\n<p>Material: CE-zertifiziertes und sicherheitsgepr\u00fcftes Silikon nach EN-71. BPA-frei, phthalatfrei, PVC-frei und frei von allen anderen sch\u00e4dlichen Chemikalien gem\u00e4\u00df EN-71-Test.<\/p>\n<p>&nbsp;<\/p>\n","protected":false},"featured_media":79450,"template":"","meta":[],"product_brand":[],"product_cat":[7380,8204,6991],"product_tag":[7529,7519,7385,7419,7452,7565,7464,7416,7451,7397,7199,7905,7893,7660,7651,7211,7536,8147],"class_list":{"0":"post-121145","1":"product","2":"type-product","3":"status-publish","4":"has-post-thumbnail","6":"product_cat-herstellung-von-baby-beisspielzeug-materialien-fur-schnuller-und-beisringe","7":"product_cat-silikonperlen-blumendrucke","8":"product_cat-silikonperlen-bpa-frei-grosshandel","9":"product_tag-20-de","10":"product_tag-20-mm-de","11":"product_tag-beisring","12":"product_tag-bpa-de","13":"product_tag-bpa-frei","14":"product_tag-drucken","15":"product_tag-groshandel","16":"product_tag-gummischnur","17":"product_tag-kostenlos","18":"product_tag-mm-de","19":"product_tag-perlen","20":"product_tag-phthalat","21":"product_tag-pvc-de","22":"product_tag-rose-de","23":"product_tag-schwarz","24":"product_tag-silikon","25":"product_tag-um","26":"product_tag-weinlese","28":"first","29":"instock","30":"taxable","31":"shipping-taxable","32":"purchasable","33":"product-type-simple"},"bundled_by":[],"bundle_stock_status":"instock","bundle_stock_quantity":342,"bundle_virtual":false,"bundle_layout":"","bundle_add_to_cart_form_location":"","bundle_editable_in_cart":false,"bundle_sold_individually_context":"","bundle_item_grouping":"","bundle_min_size":"","bundle_max_size":"","bundle_price":[],"bundled_items":[],"bundle_sell_ids":[],"yoast_head":"<!-- This site is optimized with the Yoast SEO Premium plugin v26.4 (Yoast SEO v26.9) - https:\/\/yoast.com\/product\/yoast-seo-premium-wordpress\/ -->\n<title>Silikonperlen 20 mm - Rund - Vintage Rose Print Schwarz - Baby<\/title>\n<meta name=\"description\" content=\"Silikonperlen - Golddruck 20mm. BPA-, phthalat- und PVC-frei. Direkt von den Gro\u00dfh\u00e4ndlern. Babysicher f\u00fcr Schnullerschnur und Bei\u00dfring.\" \/>\n<meta name=\"robots\" content=\"index, follow, max-snippet:-1, max-image-preview:large, max-video-preview:-1\" \/>\n<link rel=\"canonical\" href=\"https:\/\/www.jootjeshaakcadeautjes.nl\/de\/produkt\/silikonperlen-20-mm-rund-altrosa-schwarz-druck\/\" \/>\n<meta property=\"og:locale\" content=\"de_DE\" \/>\n<meta property=\"og:type\" content=\"article\" \/>\n<meta property=\"og:title\" content=\"Silikonperlen 20 mm - Rund - Vintage Rose Print Schwarz\" \/>\n<meta property=\"og:description\" content=\"Silikonperlen - Golddruck 20mm. BPA-, phthalat- und PVC-frei. Direkt von den Gro\u00dfh\u00e4ndlern. Babysicher f\u00fcr Schnullerschnur und Bei\u00dfring.\" \/>\n<meta property=\"og:url\" content=\"https:\/\/www.jootjeshaakcadeautjes.nl\/de\/produkt\/silikonperlen-20-mm-rund-altrosa-schwarz-druck\/\" \/>\n<meta property=\"og:site_name\" content=\"Jootjes Haakcadeautjes\" \/>\n<meta property=\"article:modified_time\" content=\"2025-11-14T10:42:07+00:00\" \/>\n<meta property=\"og:image\" content=\"https:\/\/www.jootjeshaakcadeautjes.nl\/wp-content\/uploads\/2022\/03\/20220319_195510.jpg\" \/>\n\t<meta property=\"og:image:width\" content=\"2037\" \/>\n\t<meta property=\"og:image:height\" content=\"2037\" \/>\n\t<meta property=\"og:image:type\" content=\"image\/jpeg\" \/>\n<meta name=\"twitter:card\" content=\"summary_large_image\" \/>\n<meta name=\"twitter:label1\" content=\"Preis\" \/>\n\t<meta name=\"twitter:data1\" content=\"&euro;0.60 inkl. MwSt.\" \/>\n\t<meta name=\"twitter:label2\" content=\"Verf\u00fcgbarkeit\" \/>\n\t<meta name=\"twitter:data2\" content=\"Auf Lager\" \/>\n<script type=\"application\/ld+json\" class=\"yoast-schema-graph\">{\"@context\":\"https:\/\/schema.org\",\"@graph\":[{\"@type\":\"WebPage\",\"@id\":\"https:\/\/www.jootjeshaakcadeautjes.nl\/de\/produkt\/silikonperlen-20-mm-rund-altrosa-schwarz-druck\/\",\"url\":\"https:\/\/www.jootjeshaakcadeautjes.nl\/de\/produkt\/silikonperlen-20-mm-rund-altrosa-schwarz-druck\/\",\"name\":\"Silikonperlen 20 mm - Rund - Vintage Rose Print Schwarz - Baby\",\"isPartOf\":{\"@id\":\"https:\/\/www.jootjeshaakcadeautjes.nl\/de\/#website\"},\"primaryImageOfPage\":{\"@id\":\"https:\/\/www.jootjeshaakcadeautjes.nl\/de\/produkt\/silikonperlen-20-mm-rund-altrosa-schwarz-druck\/#primaryimage\"},\"image\":{\"@id\":\"https:\/\/www.jootjeshaakcadeautjes.nl\/de\/produkt\/silikonperlen-20-mm-rund-altrosa-schwarz-druck\/#primaryimage\"},\"thumbnailUrl\":\"https:\/\/d1dyryakdmle7o.cloudfront.net\/wp-content\/uploads\/2022\/03\/20220319_195510.jpg\",\"datePublished\":\"2022-05-22T12:45:03+00:00\",\"dateModified\":\"2025-11-14T10:42:07+00:00\",\"description\":\"Silikonperlen - Golddruck 20mm. BPA-, phthalat- und PVC-frei. Direkt von den Gro\u00dfh\u00e4ndlern. Babysicher f\u00fcr Schnullerschnur und Bei\u00dfring.\",\"breadcrumb\":{\"@id\":\"https:\/\/www.jootjeshaakcadeautjes.nl\/de\/produkt\/silikonperlen-20-mm-rund-altrosa-schwarz-druck\/#breadcrumb\"},\"inLanguage\":\"de\",\"potentialAction\":[{\"@type\":\"ReadAction\",\"target\":[\"https:\/\/www.jootjeshaakcadeautjes.nl\/de\/produkt\/silikonperlen-20-mm-rund-altrosa-schwarz-druck\/\"]}]},{\"@type\":\"ImageObject\",\"inLanguage\":\"de\",\"@id\":\"https:\/\/www.jootjeshaakcadeautjes.nl\/de\/produkt\/silikonperlen-20-mm-rund-altrosa-schwarz-druck\/#primaryimage\",\"url\":\"https:\/\/d1dyryakdmle7o.cloudfront.net\/wp-content\/uploads\/2022\/03\/20220319_195510.jpg\",\"contentUrl\":\"https:\/\/d1dyryakdmle7o.cloudfront.net\/wp-content\/uploads\/2022\/03\/20220319_195510.jpg\",\"width\":2037,\"height\":2037,\"caption\":\"Silikonperlen vintage rosa schwarz Gro\u00dfhandel Schnuller Schnur Bei\u00dfring\"},{\"@type\":\"BreadcrumbList\",\"@id\":\"https:\/\/www.jootjeshaakcadeautjes.nl\/de\/produkt\/silikonperlen-20-mm-rund-altrosa-schwarz-druck\/#breadcrumb\",\"itemListElement\":[{\"@type\":\"ListItem\",\"position\":1,\"name\":\"Startseite\",\"item\":\"https:\/\/www.jootjeshaakcadeautjes.nl\/de\/\"},{\"@type\":\"ListItem\",\"position\":2,\"name\":\"Gro\u00dfhandel mit Silikonperlen &#8211; Business und Consumer\",\"item\":\"https:\/\/www.jootjeshaakcadeautjes.nl\/de\/shop\/\"},{\"@type\":\"ListItem\",\"position\":3,\"name\":\"Silikonperlen 20 mm &#8211; Rund &#8211; Vintage Rose Print Schwarz\"}]},{\"@type\":\"WebSite\",\"@id\":\"https:\/\/www.jootjeshaakcadeautjes.nl\/de\/#website\",\"url\":\"https:\/\/www.jootjeshaakcadeautjes.nl\/de\/\",\"name\":\"Jootjes Haakcadeautjes\",\"description\":\"Silikonperlen Gro\u00dfhandel \",\"publisher\":{\"@id\":\"https:\/\/www.jootjeshaakcadeautjes.nl\/de\/#organization\"},\"potentialAction\":[{\"@type\":\"SearchAction\",\"target\":{\"@type\":\"EntryPoint\",\"urlTemplate\":\"https:\/\/www.jootjeshaakcadeautjes.nl\/de\/?s={search_term_string}\"},\"query-input\":{\"@type\":\"PropertyValueSpecification\",\"valueRequired\":true,\"valueName\":\"search_term_string\"}}],\"inLanguage\":\"de\"},{\"@type\":\"Organization\",\"@id\":\"https:\/\/www.jootjeshaakcadeautjes.nl\/de\/#organization\",\"name\":\"Jootjes Haakcadeautjes\",\"url\":\"https:\/\/www.jootjeshaakcadeautjes.nl\/de\/\",\"logo\":{\"@type\":\"ImageObject\",\"inLanguage\":\"de\",\"@id\":\"https:\/\/www.jootjeshaakcadeautjes.nl\/de\/#\/schema\/logo\/image\/\",\"url\":\"https:\/\/jootjes-haakcadeautjes-media.s3.amazonaws.com\/wp-content\/uploads\/2023\/05\/Logo-rond.png\",\"contentUrl\":\"https:\/\/jootjes-haakcadeautjes-media.s3.amazonaws.com\/wp-content\/uploads\/2023\/05\/Logo-rond.png\",\"width\":1222,\"height\":1222,\"caption\":\"Jootjes Haakcadeautjes\"},\"image\":{\"@id\":\"https:\/\/www.jootjeshaakcadeautjes.nl\/de\/#\/schema\/logo\/image\/\"}}]}<\/script>\n<meta property=\"product:price:amount\" content=\"0.60\" \/>\n<meta property=\"product:price:currency\" content=\"EUR\" \/>\n<meta property=\"og:availability\" content=\"instock\" \/>\n<meta property=\"product:availability\" content=\"instock\" \/>\n<meta property=\"product:retailer_item_id\" content=\"SKR-020-VRZ\" \/>\n<meta property=\"product:condition\" content=\"new\" \/>\n<!-- \/ Yoast SEO Premium plugin. -->","yoast_head_json":{"title":"Silikonperlen 20 mm - Rund - Vintage Rose Print Schwarz - Baby","description":"Silikonperlen - Golddruck 20mm. BPA-, phthalat- und PVC-frei. Direkt von den Gro\u00dfh\u00e4ndlern. Babysicher f\u00fcr Schnullerschnur und Bei\u00dfring.","robots":{"index":"index","follow":"follow","max-snippet":"max-snippet:-1","max-image-preview":"max-image-preview:large","max-video-preview":"max-video-preview:-1"},"canonical":"https:\/\/www.jootjeshaakcadeautjes.nl\/de\/produkt\/silikonperlen-20-mm-rund-altrosa-schwarz-druck\/","og_locale":"de_DE","og_type":"article","og_title":"Silikonperlen 20 mm - Rund - Vintage Rose Print Schwarz","og_description":"Silikonperlen - Golddruck 20mm. BPA-, phthalat- und PVC-frei. Direkt von den Gro\u00dfh\u00e4ndlern. Babysicher f\u00fcr Schnullerschnur und Bei\u00dfring.","og_url":"https:\/\/www.jootjeshaakcadeautjes.nl\/de\/produkt\/silikonperlen-20-mm-rund-altrosa-schwarz-druck\/","og_site_name":"Jootjes Haakcadeautjes","article_modified_time":"2025-11-14T10:42:07+00:00","og_image":[{"width":2037,"height":2037,"url":"https:\/\/www.jootjeshaakcadeautjes.nl\/wp-content\/uploads\/2022\/03\/20220319_195510.jpg","type":"image\/jpeg"}],"twitter_card":"summary_large_image","twitter_misc":{"Preis":"&euro;0.60 inkl. MwSt.","Verf\u00fcgbarkeit":"Auf Lager"},"schema":{"@context":"https:\/\/schema.org","@graph":[{"@type":"WebPage","@id":"https:\/\/www.jootjeshaakcadeautjes.nl\/de\/produkt\/silikonperlen-20-mm-rund-altrosa-schwarz-druck\/","url":"https:\/\/www.jootjeshaakcadeautjes.nl\/de\/produkt\/silikonperlen-20-mm-rund-altrosa-schwarz-druck\/","name":"Silikonperlen 20 mm - Rund - Vintage Rose Print Schwarz - Baby","isPartOf":{"@id":"https:\/\/www.jootjeshaakcadeautjes.nl\/de\/#website"},"primaryImageOfPage":{"@id":"https:\/\/www.jootjeshaakcadeautjes.nl\/de\/produkt\/silikonperlen-20-mm-rund-altrosa-schwarz-druck\/#primaryimage"},"image":{"@id":"https:\/\/www.jootjeshaakcadeautjes.nl\/de\/produkt\/silikonperlen-20-mm-rund-altrosa-schwarz-druck\/#primaryimage"},"thumbnailUrl":"https:\/\/d1dyryakdmle7o.cloudfront.net\/wp-content\/uploads\/2022\/03\/20220319_195510.jpg","datePublished":"2022-05-22T12:45:03+00:00","dateModified":"2025-11-14T10:42:07+00:00","description":"Silikonperlen - Golddruck 20mm. BPA-, phthalat- und PVC-frei. Direkt von den Gro\u00dfh\u00e4ndlern. Babysicher f\u00fcr Schnullerschnur und Bei\u00dfring.","breadcrumb":{"@id":"https:\/\/www.jootjeshaakcadeautjes.nl\/de\/produkt\/silikonperlen-20-mm-rund-altrosa-schwarz-druck\/#breadcrumb"},"inLanguage":"de","potentialAction":[{"@type":"ReadAction","target":["https:\/\/www.jootjeshaakcadeautjes.nl\/de\/produkt\/silikonperlen-20-mm-rund-altrosa-schwarz-druck\/"]}]},{"@type":"ImageObject","inLanguage":"de","@id":"https:\/\/www.jootjeshaakcadeautjes.nl\/de\/produkt\/silikonperlen-20-mm-rund-altrosa-schwarz-druck\/#primaryimage","url":"https:\/\/d1dyryakdmle7o.cloudfront.net\/wp-content\/uploads\/2022\/03\/20220319_195510.jpg","contentUrl":"https:\/\/d1dyryakdmle7o.cloudfront.net\/wp-content\/uploads\/2022\/03\/20220319_195510.jpg","width":2037,"height":2037,"caption":"Silikonperlen vintage rosa schwarz Gro\u00dfhandel Schnuller Schnur Bei\u00dfring"},{"@type":"BreadcrumbList","@id":"https:\/\/www.jootjeshaakcadeautjes.nl\/de\/produkt\/silikonperlen-20-mm-rund-altrosa-schwarz-druck\/#breadcrumb","itemListElement":[{"@type":"ListItem","position":1,"name":"Startseite","item":"https:\/\/www.jootjeshaakcadeautjes.nl\/de\/"},{"@type":"ListItem","position":2,"name":"Gro\u00dfhandel mit Silikonperlen &#8211; Business und Consumer","item":"https:\/\/www.jootjeshaakcadeautjes.nl\/de\/shop\/"},{"@type":"ListItem","position":3,"name":"Silikonperlen 20 mm &#8211; Rund &#8211; Vintage Rose Print Schwarz"}]},{"@type":"WebSite","@id":"https:\/\/www.jootjeshaakcadeautjes.nl\/de\/#website","url":"https:\/\/www.jootjeshaakcadeautjes.nl\/de\/","name":"Jootjes Haakcadeautjes","description":"Silikonperlen Gro\u00dfhandel ","publisher":{"@id":"https:\/\/www.jootjeshaakcadeautjes.nl\/de\/#organization"},"potentialAction":[{"@type":"SearchAction","target":{"@type":"EntryPoint","urlTemplate":"https:\/\/www.jootjeshaakcadeautjes.nl\/de\/?s={search_term_string}"},"query-input":{"@type":"PropertyValueSpecification","valueRequired":true,"valueName":"search_term_string"}}],"inLanguage":"de"},{"@type":"Organization","@id":"https:\/\/www.jootjeshaakcadeautjes.nl\/de\/#organization","name":"Jootjes Haakcadeautjes","url":"https:\/\/www.jootjeshaakcadeautjes.nl\/de\/","logo":{"@type":"ImageObject","inLanguage":"de","@id":"https:\/\/www.jootjeshaakcadeautjes.nl\/de\/#\/schema\/logo\/image\/","url":"https:\/\/jootjes-haakcadeautjes-media.s3.amazonaws.com\/wp-content\/uploads\/2023\/05\/Logo-rond.png","contentUrl":"https:\/\/jootjes-haakcadeautjes-media.s3.amazonaws.com\/wp-content\/uploads\/2023\/05\/Logo-rond.png","width":1222,"height":1222,"caption":"Jootjes Haakcadeautjes"},"image":{"@id":"https:\/\/www.jootjeshaakcadeautjes.nl\/de\/#\/schema\/logo\/image\/"}}]},"product_price_amount":"0.60","product_price_currency":"EUR","og_availability":"instock","product_availability":"instock","product_retailer_item_id":"SKR-020-VRZ","product_condition":"new"},"_links":{"self":[{"href":"https:\/\/www.jootjeshaakcadeautjes.nl\/de\/wp-json\/wp\/v2\/product\/121145","targetHints":{"allow":["GET"]}}],"collection":[{"href":"https:\/\/www.jootjeshaakcadeautjes.nl\/de\/wp-json\/wp\/v2\/product"}],"about":[{"href":"https:\/\/www.jootjeshaakcadeautjes.nl\/de\/wp-json\/wp\/v2\/types\/product"}],"version-history":[{"count":0,"href":"https:\/\/www.jootjeshaakcadeautjes.nl\/de\/wp-json\/wp\/v2\/product\/121145\/revisions"}],"wp:featuredmedia":[{"embeddable":true,"href":"https:\/\/www.jootjeshaakcadeautjes.nl\/de\/wp-json\/wp\/v2\/media\/79450"}],"wp:attachment":[{"href":"https:\/\/www.jootjeshaakcadeautjes.nl\/de\/wp-json\/wp\/v2\/media?parent=121145"}],"wp:term":[{"taxonomy":"product_brand","embeddable":true,"href":"https:\/\/www.jootjeshaakcadeautjes.nl\/de\/wp-json\/wp\/v2\/product_brand?post=121145"},{"taxonomy":"product_cat","embeddable":true,"href":"https:\/\/www.jootjeshaakcadeautjes.nl\/de\/wp-json\/wp\/v2\/product_cat?post=121145"},{"taxonomy":"product_tag","embeddable":true,"href":"https:\/\/www.jootjeshaakcadeautjes.nl\/de\/wp-json\/wp\/v2\/product_tag?post=121145"}],"curies":[{"name":"wp","href":"https:\/\/api.w.org\/{rel}","templated":true}]}}