{"id":121195,"date":"2022-05-02T22:12:01","date_gmt":"2022-05-02T20:12:01","guid":{"rendered":"https:\/\/www.jootjeshaakcadeautjes.nl\/product\/silikonbeisser-zebra-schwarz-weiss\/"},"modified":"2026-05-08T14:06:24","modified_gmt":"2026-05-08T12:06:24","slug":"silikonbeisser-zebra-schwarz-weiss","status":"publish","type":"product","link":"https:\/\/www.jootjeshaakcadeautjes.nl\/de\/produkt\/silikonbeisser-zebra-schwarz-weiss\/","title":{"rendered":"Bei\u00dfring aus Silikon &#8211; Zebra &#8211; schwarz und wei\u00df"},"content":{"rendered":"<h2>Silikon Bei\u00dffigur &#8211; Bei\u00dfring &#8211; Zebra &#8211; Schwarz \/ Wei\u00df<\/h2>\n<ul>\n<li>Modell: Zebra<\/li>\n<li>Farbe: Schwarz \/ Wei\u00df<\/li>\n<li>Material: EN-71 chemisch sicher getestetes Buchenholz und Silikonmaterial, v\u00f6llig BPA-frei.<\/li>\n<\/ul>\n<h2 data-start=\"309\" data-end=\"339\">\ud83c\udf3f Material und Sicherheit<\/h2>\n<p data-start=\"340\" data-end=\"613\">Diese Silikon-Zahnfigur in Form eines Zebras ist aus <strong>vollst\u00e4ndig und unabh\u00e4ngig chemisch gepr\u00fcftem Silikonmaterial<\/strong> hergestellt. Das Material wurde von einem ISO-zertifizierten Labor getestet und somit als v\u00f6llig sicher f\u00fcr Babys befunden. <\/p>\n<h2 data-start=\"1157\" data-end=\"1190\">\ud83d\udd27 Verwendung als DIY-Teil<\/h2>\n<p>Diese Bissanzeiger sind zum <strong>Selbermachen<\/strong> gedacht, in Kombination mit anderen Materialien. Sie k\u00f6nnen sie verwenden f\u00fcr: <\/p>\n<ul>\n<li>einen Bei\u00dfring<\/li>\n<li>ein Aktivit\u00e4tsw\u00fcrfel<\/li>\n<li>einen Waggonspanner<\/li>\n<li>Sinnesspielzeug<\/li>\n<li>andere Geschenke f\u00fcr die Mutterschaft<\/li>\n<\/ul>\n<p>Das von Ihnen hergestellte <strong>Endprodukt<\/strong> muss den <strong>Spielzeugrichtlinien<\/strong> entsprechen. Wir bieten die chemische Sicherheit des Holzes, aber wir k\u00f6nnen die <strong>mechanische Sicherheit<\/strong> (die Konstruktion) nicht pr\u00fcfen. Das liegt daran, dass jede Kombination anders ist. Die Verantwortung daf\u00fcr liegt bei Ihnen als Hersteller.   <\/p>\n<p>Diese Bei\u00dffigur passt perfekt zu Silikonperlen, Ringen und anderen Produkten in der Farbe Schwarz\/Wei\u00df.<\/p>\n","protected":false},"excerpt":{"rendered":"<ul>\n<li>Form: Zebra<\/li>\n<li>Farbe: Schwarz \/ Wei\u00df<\/li>\n<li>Hergestellt aus Silikonmaterial. Chemisch babysicher getestet nach EN-71, REACH und EU-Spielzeugrichtlinie. Hergestellt aus BPA-freiem, 100% baby-sicherem Silikon.  <\/li>\n<li>Bei\u00dffigur, bestimmt als Teil eines Bei\u00dfrings oder eines anderen Produkts.<\/li>\n<\/ul>\n<p>Weitere Informationen zur Verwendung finden Sie am Ende der Seite.<\/p>\n","protected":false},"featured_media":80123,"template":"","meta":[],"product_brand":[],"product_cat":[8608,8071,7380,9067],"product_tag":[7984,7510,8087,7385,8571,7452,7416,7442,7651,8718,7211,7632,8176],"class_list":{"0":"post-121195","1":"product","2":"type-product","3":"status-publish","4":"has-post-thumbnail","6":"product_cat-beisfiguren-aus-silikon-beisring-beisanhanger","7":"product_cat-beisringe-baby-silikon-und-holz","8":"product_cat-herstellung-von-baby-beisspielzeug-materialien-fur-schnuller-und-beisringe","9":"product_cat-tier-beisringe","10":"product_tag-anhanger","11":"product_tag-baby-de","12":"product_tag-babygymnastik","13":"product_tag-beisring","14":"product_tag-beisspielzeug","15":"product_tag-bpa-frei","16":"product_tag-gummischnur","17":"product_tag-kinderwagenkette","18":"product_tag-schwarz","19":"product_tag-schwarz-weis","20":"product_tag-silikon","21":"product_tag-weis","22":"product_tag-zebra-de","24":"first","25":"instock","26":"taxable","27":"shipping-taxable","28":"purchasable","29":"product-type-simple"},"bundled_by":[],"bundle_stock_status":"instock","bundle_stock_quantity":7,"bundle_virtual":false,"bundle_layout":"","bundle_add_to_cart_form_location":"","bundle_editable_in_cart":false,"bundle_sold_individually_context":"","bundle_item_grouping":"","bundle_min_size":"","bundle_max_size":"","bundle_price":[],"bundled_items":[],"bundle_sell_ids":[],"yoast_head":"<!-- This site is optimized with the Yoast SEO Premium plugin v27.6 (Yoast SEO v27.6) - https:\/\/yoast.com\/product\/yoast-seo-premium-wordpress\/ -->\n<title>Silikon Bei\u00dfring Schildkr\u00f6te - Ringe Schildkr\u00f6te | Herstellung Bei\u00dfspielzeug<\/title>\n<meta name=\"description\" content=\"Bei\u00dfring Schildkr\u00f6te aus Silikon, Ring in Schildkr\u00f6tenform f\u00fcr Bei\u00dfring, Kinderwagenschnur, Schnullerschnur oder Babygym. BPA-frei, CE-zertifiziert.\" \/>\n<meta name=\"robots\" content=\"index, follow, max-snippet:-1, max-image-preview:large, max-video-preview:-1\" \/>\n<link rel=\"canonical\" href=\"https:\/\/www.jootjeshaakcadeautjes.nl\/de\/produkt\/silikonbeisser-zebra-schwarz-weiss\/\" \/>\n<meta property=\"og:locale\" content=\"de_DE\" \/>\n<meta property=\"og:type\" content=\"article\" \/>\n<meta property=\"og:title\" content=\"Bei\u00dfring aus Silikon - Zebra - schwarz und wei\u00df\" \/>\n<meta property=\"og:description\" content=\"Bei\u00dfring Schildkr\u00f6te aus Silikon, Ring in Schildkr\u00f6tenform f\u00fcr Bei\u00dfring, Kinderwagenschnur, Schnullerschnur oder Babygym. BPA-frei, CE-zertifiziert.\" \/>\n<meta property=\"og:url\" content=\"https:\/\/www.jootjeshaakcadeautjes.nl\/de\/produkt\/silikonbeisser-zebra-schwarz-weiss\/\" \/>\n<meta property=\"og:site_name\" content=\"Jootjes Haakcadeautjes\" \/>\n<meta property=\"article:modified_time\" content=\"2026-05-08T12:06:24+00:00\" \/>\n<meta property=\"og:image\" content=\"https:\/\/d1dyryakdmle7o.cloudfront.net\/wp-content\/uploads\/2022\/04\/20220417_184232.jpg\" \/>\n\t<meta property=\"og:image:width\" content=\"2048\" \/>\n\t<meta property=\"og:image:height\" content=\"2048\" \/>\n\t<meta property=\"og:image:type\" content=\"image\/jpeg\" \/>\n<meta name=\"twitter:card\" content=\"summary_large_image\" \/>\n<meta name=\"twitter:label1\" content=\"Preis\" \/>\n\t<meta name=\"twitter:data1\" content=\"&euro;3.50 inkl. MwSt.\" \/>\n\t<meta name=\"twitter:label2\" content=\"Verf\u00fcgbarkeit\" \/>\n\t<meta name=\"twitter:data2\" content=\"Auf Lager\" \/>\n<script type=\"application\/ld+json\" class=\"yoast-schema-graph\">{\"@context\":\"https:\\\/\\\/schema.org\",\"@graph\":[{\"@type\":\"WebPage\",\"@id\":\"https:\\\/\\\/www.jootjeshaakcadeautjes.nl\\\/de\\\/produkt\\\/silikonbeisser-zebra-schwarz-weiss\\\/\",\"url\":\"https:\\\/\\\/www.jootjeshaakcadeautjes.nl\\\/de\\\/produkt\\\/silikonbeisser-zebra-schwarz-weiss\\\/\",\"name\":\"Silikon Bei\u00dfring Schildkr\u00f6te - Ringe Schildkr\u00f6te | Herstellung Bei\u00dfspielzeug\",\"isPartOf\":{\"@id\":\"https:\\\/\\\/www.jootjeshaakcadeautjes.nl\\\/de\\\/#website\"},\"primaryImageOfPage\":{\"@id\":\"https:\\\/\\\/www.jootjeshaakcadeautjes.nl\\\/de\\\/produkt\\\/silikonbeisser-zebra-schwarz-weiss\\\/#primaryimage\"},\"image\":{\"@id\":\"https:\\\/\\\/www.jootjeshaakcadeautjes.nl\\\/de\\\/produkt\\\/silikonbeisser-zebra-schwarz-weiss\\\/#primaryimage\"},\"thumbnailUrl\":\"https:\\\/\\\/d1dyryakdmle7o.cloudfront.net\\\/wp-content\\\/uploads\\\/2022\\\/04\\\/20220417_184232.jpg\",\"datePublished\":\"2022-05-02T20:12:01+00:00\",\"dateModified\":\"2026-05-08T12:06:24+00:00\",\"description\":\"Bei\u00dfring Schildkr\u00f6te aus Silikon, Ring in Schildkr\u00f6tenform f\u00fcr Bei\u00dfring, Kinderwagenschnur, Schnullerschnur oder Babygym. BPA-frei, CE-zertifiziert.\",\"breadcrumb\":{\"@id\":\"https:\\\/\\\/www.jootjeshaakcadeautjes.nl\\\/de\\\/produkt\\\/silikonbeisser-zebra-schwarz-weiss\\\/#breadcrumb\"},\"inLanguage\":\"de\",\"potentialAction\":[{\"@type\":\"ReadAction\",\"target\":[\"https:\\\/\\\/www.jootjeshaakcadeautjes.nl\\\/de\\\/produkt\\\/silikonbeisser-zebra-schwarz-weiss\\\/\"]}]},{\"@type\":\"ImageObject\",\"inLanguage\":\"de\",\"@id\":\"https:\\\/\\\/www.jootjeshaakcadeautjes.nl\\\/de\\\/produkt\\\/silikonbeisser-zebra-schwarz-weiss\\\/#primaryimage\",\"url\":\"https:\\\/\\\/d1dyryakdmle7o.cloudfront.net\\\/wp-content\\\/uploads\\\/2022\\\/04\\\/20220417_184232.jpg\",\"contentUrl\":\"https:\\\/\\\/d1dyryakdmle7o.cloudfront.net\\\/wp-content\\\/uploads\\\/2022\\\/04\\\/20220417_184232.jpg\",\"width\":2048,\"height\":2048},{\"@type\":\"BreadcrumbList\",\"@id\":\"https:\\\/\\\/www.jootjeshaakcadeautjes.nl\\\/de\\\/produkt\\\/silikonbeisser-zebra-schwarz-weiss\\\/#breadcrumb\",\"itemListElement\":[{\"@type\":\"ListItem\",\"position\":1,\"name\":\"Startseite\",\"item\":\"https:\\\/\\\/www.jootjeshaakcadeautjes.nl\\\/de\\\/\"},{\"@type\":\"ListItem\",\"position\":2,\"name\":\"Gro\u00dfhandel mit Silikonperlen &#8211; Business und Consumer\",\"item\":\"https:\\\/\\\/www.jootjeshaakcadeautjes.nl\\\/de\\\/shop\\\/\"},{\"@type\":\"ListItem\",\"position\":3,\"name\":\"Bei\u00dfring aus Silikon &#8211; Zebra &#8211; schwarz und wei\u00df\"}]},{\"@type\":\"WebSite\",\"@id\":\"https:\\\/\\\/www.jootjeshaakcadeautjes.nl\\\/de\\\/#website\",\"url\":\"https:\\\/\\\/www.jootjeshaakcadeautjes.nl\\\/de\\\/\",\"name\":\"Jootjes Haakcadeautjes\",\"description\":\"Silikonperlen Gro\u00dfhandel \",\"publisher\":{\"@id\":\"https:\\\/\\\/www.jootjeshaakcadeautjes.nl\\\/de\\\/#organization\"},\"potentialAction\":[{\"@type\":\"SearchAction\",\"target\":{\"@type\":\"EntryPoint\",\"urlTemplate\":\"https:\\\/\\\/www.jootjeshaakcadeautjes.nl\\\/de\\\/?s={search_term_string}\"},\"query-input\":{\"@type\":\"PropertyValueSpecification\",\"valueRequired\":true,\"valueName\":\"search_term_string\"}}],\"inLanguage\":\"de\"},{\"@type\":\"Organization\",\"@id\":\"https:\\\/\\\/www.jootjeshaakcadeautjes.nl\\\/de\\\/#organization\",\"name\":\"Jootjes Haakcadeautjes\",\"url\":\"https:\\\/\\\/www.jootjeshaakcadeautjes.nl\\\/de\\\/\",\"logo\":{\"@type\":\"ImageObject\",\"inLanguage\":\"de\",\"@id\":\"https:\\\/\\\/www.jootjeshaakcadeautjes.nl\\\/de\\\/#\\\/schema\\\/logo\\\/image\\\/\",\"url\":\"https:\\\/\\\/d1dyryakdmle7o.cloudfront.net\\\/wp-content\\\/uploads\\\/2023\\\/05\\\/Logo-rond.png\",\"contentUrl\":\"https:\\\/\\\/d1dyryakdmle7o.cloudfront.net\\\/wp-content\\\/uploads\\\/2023\\\/05\\\/Logo-rond.png\",\"width\":1222,\"height\":1222,\"caption\":\"Jootjes Haakcadeautjes\"},\"image\":{\"@id\":\"https:\\\/\\\/www.jootjeshaakcadeautjes.nl\\\/de\\\/#\\\/schema\\\/logo\\\/image\\\/\"}}]}<\/script>\n<meta property=\"product:price:amount\" content=\"3.50\" \/>\n<meta property=\"product:price:currency\" content=\"EUR\" \/>\n<meta property=\"og:availability\" content=\"instock\" \/>\n<meta property=\"product:availability\" content=\"instock\" \/>\n<meta property=\"product:retailer_item_id\" content=\"SRI-ZBR-ZWW\" \/>\n<meta property=\"product:condition\" content=\"new\" \/>\n<!-- \/ Yoast SEO Premium plugin. -->","yoast_head_json":{"title":"Silikon Bei\u00dfring Schildkr\u00f6te - Ringe Schildkr\u00f6te | Herstellung Bei\u00dfspielzeug","description":"Bei\u00dfring Schildkr\u00f6te aus Silikon, Ring in Schildkr\u00f6tenform f\u00fcr Bei\u00dfring, Kinderwagenschnur, Schnullerschnur oder Babygym. BPA-frei, CE-zertifiziert.","robots":{"index":"index","follow":"follow","max-snippet":"max-snippet:-1","max-image-preview":"max-image-preview:large","max-video-preview":"max-video-preview:-1"},"canonical":"https:\/\/www.jootjeshaakcadeautjes.nl\/de\/produkt\/silikonbeisser-zebra-schwarz-weiss\/","og_locale":"de_DE","og_type":"article","og_title":"Bei\u00dfring aus Silikon - Zebra - schwarz und wei\u00df","og_description":"Bei\u00dfring Schildkr\u00f6te aus Silikon, Ring in Schildkr\u00f6tenform f\u00fcr Bei\u00dfring, Kinderwagenschnur, Schnullerschnur oder Babygym. BPA-frei, CE-zertifiziert.","og_url":"https:\/\/www.jootjeshaakcadeautjes.nl\/de\/produkt\/silikonbeisser-zebra-schwarz-weiss\/","og_site_name":"Jootjes Haakcadeautjes","article_modified_time":"2026-05-08T12:06:24+00:00","og_image":[{"width":2048,"height":2048,"url":"https:\/\/d1dyryakdmle7o.cloudfront.net\/wp-content\/uploads\/2022\/04\/20220417_184232.jpg","type":"image\/jpeg"}],"twitter_card":"summary_large_image","twitter_misc":{"Preis":"&euro;3.50 inkl. MwSt.","Verf\u00fcgbarkeit":"Auf Lager"},"schema":{"@context":"https:\/\/schema.org","@graph":[{"@type":"WebPage","@id":"https:\/\/www.jootjeshaakcadeautjes.nl\/de\/produkt\/silikonbeisser-zebra-schwarz-weiss\/","url":"https:\/\/www.jootjeshaakcadeautjes.nl\/de\/produkt\/silikonbeisser-zebra-schwarz-weiss\/","name":"Silikon Bei\u00dfring Schildkr\u00f6te - Ringe Schildkr\u00f6te | Herstellung Bei\u00dfspielzeug","isPartOf":{"@id":"https:\/\/www.jootjeshaakcadeautjes.nl\/de\/#website"},"primaryImageOfPage":{"@id":"https:\/\/www.jootjeshaakcadeautjes.nl\/de\/produkt\/silikonbeisser-zebra-schwarz-weiss\/#primaryimage"},"image":{"@id":"https:\/\/www.jootjeshaakcadeautjes.nl\/de\/produkt\/silikonbeisser-zebra-schwarz-weiss\/#primaryimage"},"thumbnailUrl":"https:\/\/d1dyryakdmle7o.cloudfront.net\/wp-content\/uploads\/2022\/04\/20220417_184232.jpg","datePublished":"2022-05-02T20:12:01+00:00","dateModified":"2026-05-08T12:06:24+00:00","description":"Bei\u00dfring Schildkr\u00f6te aus Silikon, Ring in Schildkr\u00f6tenform f\u00fcr Bei\u00dfring, Kinderwagenschnur, Schnullerschnur oder Babygym. BPA-frei, CE-zertifiziert.","breadcrumb":{"@id":"https:\/\/www.jootjeshaakcadeautjes.nl\/de\/produkt\/silikonbeisser-zebra-schwarz-weiss\/#breadcrumb"},"inLanguage":"de","potentialAction":[{"@type":"ReadAction","target":["https:\/\/www.jootjeshaakcadeautjes.nl\/de\/produkt\/silikonbeisser-zebra-schwarz-weiss\/"]}]},{"@type":"ImageObject","inLanguage":"de","@id":"https:\/\/www.jootjeshaakcadeautjes.nl\/de\/produkt\/silikonbeisser-zebra-schwarz-weiss\/#primaryimage","url":"https:\/\/d1dyryakdmle7o.cloudfront.net\/wp-content\/uploads\/2022\/04\/20220417_184232.jpg","contentUrl":"https:\/\/d1dyryakdmle7o.cloudfront.net\/wp-content\/uploads\/2022\/04\/20220417_184232.jpg","width":2048,"height":2048},{"@type":"BreadcrumbList","@id":"https:\/\/www.jootjeshaakcadeautjes.nl\/de\/produkt\/silikonbeisser-zebra-schwarz-weiss\/#breadcrumb","itemListElement":[{"@type":"ListItem","position":1,"name":"Startseite","item":"https:\/\/www.jootjeshaakcadeautjes.nl\/de\/"},{"@type":"ListItem","position":2,"name":"Gro\u00dfhandel mit Silikonperlen &#8211; Business und Consumer","item":"https:\/\/www.jootjeshaakcadeautjes.nl\/de\/shop\/"},{"@type":"ListItem","position":3,"name":"Bei\u00dfring aus Silikon &#8211; Zebra &#8211; schwarz und wei\u00df"}]},{"@type":"WebSite","@id":"https:\/\/www.jootjeshaakcadeautjes.nl\/de\/#website","url":"https:\/\/www.jootjeshaakcadeautjes.nl\/de\/","name":"Jootjes Haakcadeautjes","description":"Silikonperlen Gro\u00dfhandel ","publisher":{"@id":"https:\/\/www.jootjeshaakcadeautjes.nl\/de\/#organization"},"potentialAction":[{"@type":"SearchAction","target":{"@type":"EntryPoint","urlTemplate":"https:\/\/www.jootjeshaakcadeautjes.nl\/de\/?s={search_term_string}"},"query-input":{"@type":"PropertyValueSpecification","valueRequired":true,"valueName":"search_term_string"}}],"inLanguage":"de"},{"@type":"Organization","@id":"https:\/\/www.jootjeshaakcadeautjes.nl\/de\/#organization","name":"Jootjes Haakcadeautjes","url":"https:\/\/www.jootjeshaakcadeautjes.nl\/de\/","logo":{"@type":"ImageObject","inLanguage":"de","@id":"https:\/\/www.jootjeshaakcadeautjes.nl\/de\/#\/schema\/logo\/image\/","url":"https:\/\/d1dyryakdmle7o.cloudfront.net\/wp-content\/uploads\/2023\/05\/Logo-rond.png","contentUrl":"https:\/\/d1dyryakdmle7o.cloudfront.net\/wp-content\/uploads\/2023\/05\/Logo-rond.png","width":1222,"height":1222,"caption":"Jootjes Haakcadeautjes"},"image":{"@id":"https:\/\/www.jootjeshaakcadeautjes.nl\/de\/#\/schema\/logo\/image\/"}}]},"product_price_amount":"3.50","product_price_currency":"EUR","og_availability":"instock","product_availability":"instock","product_retailer_item_id":"SRI-ZBR-ZWW","product_condition":"new"},"_links":{"self":[{"href":"https:\/\/www.jootjeshaakcadeautjes.nl\/de\/wp-json\/wp\/v2\/product\/121195","targetHints":{"allow":["GET"]}}],"collection":[{"href":"https:\/\/www.jootjeshaakcadeautjes.nl\/de\/wp-json\/wp\/v2\/product"}],"about":[{"href":"https:\/\/www.jootjeshaakcadeautjes.nl\/de\/wp-json\/wp\/v2\/types\/product"}],"version-history":[{"count":1,"href":"https:\/\/www.jootjeshaakcadeautjes.nl\/de\/wp-json\/wp\/v2\/product\/121195\/revisions"}],"predecessor-version":[{"id":286990,"href":"https:\/\/www.jootjeshaakcadeautjes.nl\/de\/wp-json\/wp\/v2\/product\/121195\/revisions\/286990"}],"wp:featuredmedia":[{"embeddable":true,"href":"https:\/\/www.jootjeshaakcadeautjes.nl\/de\/wp-json\/wp\/v2\/media\/80123"}],"wp:attachment":[{"href":"https:\/\/www.jootjeshaakcadeautjes.nl\/de\/wp-json\/wp\/v2\/media?parent=121195"}],"wp:term":[{"taxonomy":"product_brand","embeddable":true,"href":"https:\/\/www.jootjeshaakcadeautjes.nl\/de\/wp-json\/wp\/v2\/product_brand?post=121195"},{"taxonomy":"product_cat","embeddable":true,"href":"https:\/\/www.jootjeshaakcadeautjes.nl\/de\/wp-json\/wp\/v2\/product_cat?post=121195"},{"taxonomy":"product_tag","embeddable":true,"href":"https:\/\/www.jootjeshaakcadeautjes.nl\/de\/wp-json\/wp\/v2\/product_tag?post=121195"}],"curies":[{"name":"wp","href":"https:\/\/api.w.org\/{rel}","templated":true}]}}