{"id":121228,"date":"2022-04-20T11:04:02","date_gmt":"2022-04-20T10:04:02","guid":{"rendered":"https:\/\/www.jootjeshaakcadeautjes.nl\/product\/haekeln-haekeln-kronen-haekeln-geschenke-haekeln-haekeln-muster\/"},"modified":"2025-03-11T04:02:54","modified_gmt":"2025-03-11T03:02:54","slug":"haekeln-haekeln-kronen-haekeln-geschenke-haekeln-haekeln-muster","status":"publish","type":"product","link":"https:\/\/www.jootjeshaakcadeautjes.nl\/de\/produkt\/haekeln-haekeln-kronen-haekeln-geschenke-haekeln-haekeln-muster\/","title":{"rendered":"H\u00e4kelmuster &#8211; Bei\u00dfring Krone &#8211; Jootjes Crochet presents"},"content":{"rendered":"<h2>H\u00e4kelmuster Bei\u00dfring Krone<\/h2>\n<h3>Ein originelles H\u00e4kelmuster von Jootjes Crochet Gifts<\/h3>\n<p>Dieses H\u00e4kelmuster ist die Beschreibung f\u00fcr die Herstellung Ihres eigenen super s\u00fc\u00dfen Bei\u00dfringes in Form einer Krone. Ein gro\u00dfer Spa\u00df f\u00fcr den King&#8217;s Day, aber auch dar\u00fcber hinaus. Kreieren Sie eine zierliche Krone f\u00fcr Ihren kleinen Prinzen oder Ihre kleine Prinzessin.<\/p>\n<p>Zus\u00e4tzlich zu diesem H\u00e4kelmuster wird folgendes Zubeh\u00f6r ben\u00f6tigt:<\/p>\n<ul>\n<li><a href=\"https:\/\/www.jootjeshaakcadeautjes.nl\/de\/product-categorie\/bastelmaterial-hakelzubehor\/wolle-und-garn\/\">(Ein \u00dcberbleibsel) Babytaugliches Garn in einer gew\u00fcnschten Farbe. Etwa 20 Gramm*.  <\/a><\/li>\n<li><a href=\"https:\/\/www.jootjeshaakcadeautjes.nl\/product\/houten-ringen-7-cm\/\">1 babytauglicher Holzring (Buche), 7 cm lang.<\/a><\/li>\n<li><a href=\"https:\/\/www.jootjeshaakcadeautjes.nl\/de\/produkt\/holzperle-12-mm-buche\/\">7 babysichere (Buche) 12 mm Holzperlen<\/a> oder 12 mm Silikonperlen.<\/li>\n<li><a href=\"https:\/\/www.jootjeshaakcadeautjes.nl\/de\/product-categorie\/hakelnadeln\/\">H\u00e4kelnadel Gr\u00f6\u00dfe 2,0 mm<\/a><\/li>\n<li>1 schlanke stumpfe Nadel<\/li>\n<\/ul>\n<p>*Babysicheres Garn ist praktisch jedes Garn aus 100% merzerisierter Baumwolle in den Niederlanden, sowohl als auch Mischungen mit Bambus. F\u00fcr dieses Muster eignet sich Garn f\u00fcr eine St\u00e4rke von 2,0 und 2,5 mm Amigurumi. Denken Sie an Sachenmayr Catania, Scheepjes Catona, Durable Cotton und \u00e4hnliche.<\/p>\n<h3>Wie funktioniert die Bestellung?<\/h3>\n<p>Kurz nach der Bestellung und Bezahlung dieses Musters erhalten Sie das Muster an die von Ihnen angegebene E-Mail-Adresse.<\/p>\n<h3><span style=\"text-decoration: underline;\">COPYRIGHT:<\/span><\/h3>\n<p><span style=\"text-decoration: underline;\">Alle von Jootjes Haakcadeautjes ver\u00f6ffentlichten Texte, einschlie\u00dflich aller Muster und Anleitungen, sowie die Texte auf unserer Website d\u00fcrfen nur von Jootjes Haakcadeautjes ver\u00f6ffentlicht werden. Die Muster und Anleitungen sind f\u00fcr den pers\u00f6nlichen Gebrauch bestimmt und d\u00fcrfen daher nicht ohne Erlaubnis weitergegeben und schon gar nicht f\u00fcr kommerzielle Zwecke verwendet werden. Dieses Handbuch darf nicht \u00fcbersetzt oder auf Ihrer eigenen Website oder in anderen Medien ver\u00f6ffentlicht werden. Nat\u00fcrlich ist es erlaubt, einen Link zur Website des Handbuchs weiterzugeben, sofern die Quelle angegeben und korrekt referenziert wird! Alle Fotos sind sichtbar und unsichtbar gesch\u00fctzt. Das Entfernen des Wasserzeichens ist strafbar.<\/span><\/p>\n","protected":false},"excerpt":{"rendered":"<p>Umfassendes Muster mit Schritt-f\u00fcr-Schritt-Fotos.<br \/>\nSie kaufen also das H\u00e4kelmuster und nicht das fertige Produkt. Ideal f\u00fcr den K\u00f6nigstag, aber auch um eine neutralere Krone f\u00fcr Ihren Prinzen oder Ihre Prinzessin zu h\u00e4keln.<\/p>\n<p>Kurz nach dem Kauf erhalten Sie die H\u00e4kelanleitung f\u00fcr den Bei\u00dfring an die von Ihnen angegebene E-Mail-Adresse.<\/p>\n<p>Dieses H\u00e4kelmuster setzt ein Grundverst\u00e4ndnis des H\u00e4kelns und der H\u00e4kelstiche voraus. Wir sind auch auf allen unseren Kan\u00e4len (E-Mail, Telefon, Facebook und Instagram) erreichbar, wenn Sie Fragen zu unseren H\u00e4kelmustern haben.<\/p>\n<p>Weitere Informationen \u00fcber das H\u00e4kelmuster finden Sie am Ende der Seite.<\/p>\n","protected":false},"featured_media":69123,"template":"","meta":[],"product_brand":[],"product_cat":[8247,8506],"product_tag":[7385,9603,7205,9606,8206,8523,9607,8526,8205,9608,8558,8158],"class_list":{"0":"post-121228","1":"product","2":"type-product","3":"status-publish","4":"has-post-thumbnail","6":"product_cat-bastelmaterial-hakelzubehor","7":"product_cat-hakelbucher-und-bausatze","8":"product_tag-beisring","9":"product_tag-beisring-aus-holz","10":"product_tag-diy-de","11":"product_tag-gehakelter-beisring","12":"product_tag-hakelgeschenke","13":"product_tag-hakelmuster","14":"product_tag-hakelmuster-de-2","15":"product_tag-hakelmuster-de","16":"product_tag-joots","17":"product_tag-kingsday","18":"product_tag-krone","19":"product_tag-selber-machen","21":"first","22":"instock","23":"taxable","24":"shipping-taxable","25":"purchasable","26":"product-type-simple"},"bundled_by":[],"bundle_stock_status":"instock","bundle_stock_quantity":19,"bundle_virtual":false,"bundle_layout":"","bundle_add_to_cart_form_location":"","bundle_editable_in_cart":false,"bundle_sold_individually_context":"","bundle_item_grouping":"","bundle_min_size":"","bundle_max_size":"","bundle_price":[],"bundled_items":[],"bundle_sell_ids":[],"yoast_head":"<!-- This site is optimized with the Yoast SEO Premium plugin v27.6 (Yoast SEO v27.6) - https:\/\/yoast.com\/product\/yoast-seo-premium-wordpress\/ -->\n<title>H\u00e4kelmuster - Bei\u00dfring Krone - Jootjes Crochet presents - Jootjes Haakcadeautjes<\/title>\n<meta name=\"robots\" content=\"index, follow, max-snippet:-1, max-image-preview:large, max-video-preview:-1\" \/>\n<link rel=\"canonical\" href=\"https:\/\/www.jootjeshaakcadeautjes.nl\/de\/produkt\/haekeln-haekeln-kronen-haekeln-geschenke-haekeln-haekeln-muster\/\" \/>\n<meta property=\"og:locale\" content=\"de_DE\" \/>\n<meta property=\"og:type\" content=\"article\" \/>\n<meta property=\"og:title\" content=\"H\u00e4kelmuster - Bei\u00dfring Krone - Jootjes Crochet presents\" \/>\n<meta property=\"og:description\" content=\"Umfassendes Muster mit Schritt-f\u00fcr-Schritt-Fotos. Sie kaufen also das H\u00e4kelmuster und nicht das fertige Produkt. Ideal f\u00fcr den K\u00f6nigstag, aber auch um eine neutralere Krone f\u00fcr Ihren Prinzen oder Ihre Prinzessin zu h\u00e4keln. Kurz nach dem Kauf erhalten Sie die H\u00e4kelanleitung f\u00fcr den Bei\u00dfring an die von Ihnen angegebene E-Mail-Adresse. Dieses H\u00e4kelmuster setzt ein Grundverst\u00e4ndnis des H\u00e4kelns und der H\u00e4kelstiche voraus. Wir sind auch auf allen unseren Kan\u00e4len (E-Mail, Telefon, Facebook und Instagram) erreichbar, wenn Sie Fragen zu unseren H\u00e4kelmustern haben. Weitere Informationen \u00fcber das H\u00e4kelmuster finden Sie am Ende der Seite.\" \/>\n<meta property=\"og:url\" content=\"https:\/\/www.jootjeshaakcadeautjes.nl\/de\/produkt\/haekeln-haekeln-kronen-haekeln-geschenke-haekeln-haekeln-muster\/\" \/>\n<meta property=\"og:site_name\" content=\"Jootjes Haakcadeautjes\" \/>\n<meta property=\"article:modified_time\" content=\"2025-03-11T03:02:54+00:00\" \/>\n<meta property=\"og:image\" content=\"https:\/\/www.jootjeshaakcadeautjes.nl\/wp-content\/uploads\/2020\/04\/Kroon-Haakpatroon-1.jpg\" \/>\n\t<meta property=\"og:image:width\" content=\"1080\" \/>\n\t<meta property=\"og:image:height\" content=\"1080\" \/>\n\t<meta property=\"og:image:type\" content=\"image\/jpeg\" \/>\n<meta name=\"twitter:card\" content=\"summary_large_image\" \/>\n<meta name=\"twitter:label1\" content=\"Preis\" \/>\n\t<meta name=\"twitter:data1\" content=\"&euro;1.50 inkl. MwSt.\" \/>\n\t<meta name=\"twitter:label2\" content=\"Verf\u00fcgbarkeit\" \/>\n\t<meta name=\"twitter:data2\" content=\"Auf Lager\" \/>\n<script type=\"application\/ld+json\" class=\"yoast-schema-graph\">{\"@context\":\"https:\\\/\\\/schema.org\",\"@graph\":[{\"@type\":\"WebPage\",\"@id\":\"https:\\\/\\\/www.jootjeshaakcadeautjes.nl\\\/de\\\/produkt\\\/haekeln-haekeln-kronen-haekeln-geschenke-haekeln-haekeln-muster\\\/\",\"url\":\"https:\\\/\\\/www.jootjeshaakcadeautjes.nl\\\/de\\\/produkt\\\/haekeln-haekeln-kronen-haekeln-geschenke-haekeln-haekeln-muster\\\/\",\"name\":\"H\u00e4kelmuster - Bei\u00dfring Krone - Jootjes Crochet presents - Jootjes Haakcadeautjes\",\"isPartOf\":{\"@id\":\"https:\\\/\\\/www.jootjeshaakcadeautjes.nl\\\/de\\\/#website\"},\"primaryImageOfPage\":{\"@id\":\"https:\\\/\\\/www.jootjeshaakcadeautjes.nl\\\/de\\\/produkt\\\/haekeln-haekeln-kronen-haekeln-geschenke-haekeln-haekeln-muster\\\/#primaryimage\"},\"image\":{\"@id\":\"https:\\\/\\\/www.jootjeshaakcadeautjes.nl\\\/de\\\/produkt\\\/haekeln-haekeln-kronen-haekeln-geschenke-haekeln-haekeln-muster\\\/#primaryimage\"},\"thumbnailUrl\":\"https:\\\/\\\/d1dyryakdmle7o.cloudfront.net\\\/wp-content\\\/uploads\\\/2020\\\/04\\\/Kroon-Haakpatroon-1.jpg\",\"datePublished\":\"2022-04-20T10:04:02+00:00\",\"dateModified\":\"2025-03-11T03:02:54+00:00\",\"breadcrumb\":{\"@id\":\"https:\\\/\\\/www.jootjeshaakcadeautjes.nl\\\/de\\\/produkt\\\/haekeln-haekeln-kronen-haekeln-geschenke-haekeln-haekeln-muster\\\/#breadcrumb\"},\"inLanguage\":\"de\",\"potentialAction\":[{\"@type\":\"ReadAction\",\"target\":[\"https:\\\/\\\/www.jootjeshaakcadeautjes.nl\\\/de\\\/produkt\\\/haekeln-haekeln-kronen-haekeln-geschenke-haekeln-haekeln-muster\\\/\"]}]},{\"@type\":\"ImageObject\",\"inLanguage\":\"de\",\"@id\":\"https:\\\/\\\/www.jootjeshaakcadeautjes.nl\\\/de\\\/produkt\\\/haekeln-haekeln-kronen-haekeln-geschenke-haekeln-haekeln-muster\\\/#primaryimage\",\"url\":\"https:\\\/\\\/d1dyryakdmle7o.cloudfront.net\\\/wp-content\\\/uploads\\\/2020\\\/04\\\/Kroon-Haakpatroon-1.jpg\",\"contentUrl\":\"https:\\\/\\\/d1dyryakdmle7o.cloudfront.net\\\/wp-content\\\/uploads\\\/2020\\\/04\\\/Kroon-Haakpatroon-1.jpg\",\"width\":1080,\"height\":1080,\"caption\":\"H\u00e4kelmuster King's Day Jootje Crochet pr\u00e4sentiert Bei\u00dfring Krone niederl\u00e4ndische Flagge H\u00e4kelmuster\"},{\"@type\":\"BreadcrumbList\",\"@id\":\"https:\\\/\\\/www.jootjeshaakcadeautjes.nl\\\/de\\\/produkt\\\/haekeln-haekeln-kronen-haekeln-geschenke-haekeln-haekeln-muster\\\/#breadcrumb\",\"itemListElement\":[{\"@type\":\"ListItem\",\"position\":1,\"name\":\"Startseite\",\"item\":\"https:\\\/\\\/www.jootjeshaakcadeautjes.nl\\\/de\\\/\"},{\"@type\":\"ListItem\",\"position\":2,\"name\":\"Gro\u00dfhandel mit Silikonperlen &#8211; Business und Consumer\",\"item\":\"https:\\\/\\\/www.jootjeshaakcadeautjes.nl\\\/de\\\/shop\\\/\"},{\"@type\":\"ListItem\",\"position\":3,\"name\":\"H\u00e4kelmuster &#8211; Bei\u00dfring Krone &#8211; Jootjes Crochet presents\"}]},{\"@type\":\"WebSite\",\"@id\":\"https:\\\/\\\/www.jootjeshaakcadeautjes.nl\\\/de\\\/#website\",\"url\":\"https:\\\/\\\/www.jootjeshaakcadeautjes.nl\\\/de\\\/\",\"name\":\"Jootjes Haakcadeautjes\",\"description\":\"Silikonperlen Gro\u00dfhandel \",\"publisher\":{\"@id\":\"https:\\\/\\\/www.jootjeshaakcadeautjes.nl\\\/de\\\/#organization\"},\"potentialAction\":[{\"@type\":\"SearchAction\",\"target\":{\"@type\":\"EntryPoint\",\"urlTemplate\":\"https:\\\/\\\/www.jootjeshaakcadeautjes.nl\\\/de\\\/?s={search_term_string}\"},\"query-input\":{\"@type\":\"PropertyValueSpecification\",\"valueRequired\":true,\"valueName\":\"search_term_string\"}}],\"inLanguage\":\"de\"},{\"@type\":\"Organization\",\"@id\":\"https:\\\/\\\/www.jootjeshaakcadeautjes.nl\\\/de\\\/#organization\",\"name\":\"Jootjes Haakcadeautjes\",\"url\":\"https:\\\/\\\/www.jootjeshaakcadeautjes.nl\\\/de\\\/\",\"logo\":{\"@type\":\"ImageObject\",\"inLanguage\":\"de\",\"@id\":\"https:\\\/\\\/www.jootjeshaakcadeautjes.nl\\\/de\\\/#\\\/schema\\\/logo\\\/image\\\/\",\"url\":\"https:\\\/\\\/d1dyryakdmle7o.cloudfront.net\\\/wp-content\\\/uploads\\\/2023\\\/05\\\/Logo-rond.png\",\"contentUrl\":\"https:\\\/\\\/d1dyryakdmle7o.cloudfront.net\\\/wp-content\\\/uploads\\\/2023\\\/05\\\/Logo-rond.png\",\"width\":1222,\"height\":1222,\"caption\":\"Jootjes Haakcadeautjes\"},\"image\":{\"@id\":\"https:\\\/\\\/www.jootjeshaakcadeautjes.nl\\\/de\\\/#\\\/schema\\\/logo\\\/image\\\/\"}}]}<\/script>\n<meta property=\"product:price:amount\" content=\"1.50\" \/>\n<meta property=\"product:price:currency\" content=\"EUR\" \/>\n<meta property=\"og:availability\" content=\"instock\" \/>\n<meta property=\"product:availability\" content=\"instock\" \/>\n<meta property=\"product:condition\" content=\"new\" \/>\n<!-- \/ Yoast SEO Premium plugin. -->","yoast_head_json":{"title":"H\u00e4kelmuster - Bei\u00dfring Krone - Jootjes Crochet presents - Jootjes Haakcadeautjes","robots":{"index":"index","follow":"follow","max-snippet":"max-snippet:-1","max-image-preview":"max-image-preview:large","max-video-preview":"max-video-preview:-1"},"canonical":"https:\/\/www.jootjeshaakcadeautjes.nl\/de\/produkt\/haekeln-haekeln-kronen-haekeln-geschenke-haekeln-haekeln-muster\/","og_locale":"de_DE","og_type":"article","og_title":"H\u00e4kelmuster - Bei\u00dfring Krone - Jootjes Crochet presents","og_description":"Umfassendes Muster mit Schritt-f\u00fcr-Schritt-Fotos. Sie kaufen also das H\u00e4kelmuster und nicht das fertige Produkt. Ideal f\u00fcr den K\u00f6nigstag, aber auch um eine neutralere Krone f\u00fcr Ihren Prinzen oder Ihre Prinzessin zu h\u00e4keln. Kurz nach dem Kauf erhalten Sie die H\u00e4kelanleitung f\u00fcr den Bei\u00dfring an die von Ihnen angegebene E-Mail-Adresse. Dieses H\u00e4kelmuster setzt ein Grundverst\u00e4ndnis des H\u00e4kelns und der H\u00e4kelstiche voraus. Wir sind auch auf allen unseren Kan\u00e4len (E-Mail, Telefon, Facebook und Instagram) erreichbar, wenn Sie Fragen zu unseren H\u00e4kelmustern haben. Weitere Informationen \u00fcber das H\u00e4kelmuster finden Sie am Ende der Seite.","og_url":"https:\/\/www.jootjeshaakcadeautjes.nl\/de\/produkt\/haekeln-haekeln-kronen-haekeln-geschenke-haekeln-haekeln-muster\/","og_site_name":"Jootjes Haakcadeautjes","article_modified_time":"2025-03-11T03:02:54+00:00","og_image":[{"width":1080,"height":1080,"url":"https:\/\/www.jootjeshaakcadeautjes.nl\/wp-content\/uploads\/2020\/04\/Kroon-Haakpatroon-1.jpg","type":"image\/jpeg"}],"twitter_card":"summary_large_image","twitter_misc":{"Preis":"&euro;1.50 inkl. MwSt.","Verf\u00fcgbarkeit":"Auf Lager"},"schema":{"@context":"https:\/\/schema.org","@graph":[{"@type":"WebPage","@id":"https:\/\/www.jootjeshaakcadeautjes.nl\/de\/produkt\/haekeln-haekeln-kronen-haekeln-geschenke-haekeln-haekeln-muster\/","url":"https:\/\/www.jootjeshaakcadeautjes.nl\/de\/produkt\/haekeln-haekeln-kronen-haekeln-geschenke-haekeln-haekeln-muster\/","name":"H\u00e4kelmuster - Bei\u00dfring Krone - Jootjes Crochet presents - Jootjes Haakcadeautjes","isPartOf":{"@id":"https:\/\/www.jootjeshaakcadeautjes.nl\/de\/#website"},"primaryImageOfPage":{"@id":"https:\/\/www.jootjeshaakcadeautjes.nl\/de\/produkt\/haekeln-haekeln-kronen-haekeln-geschenke-haekeln-haekeln-muster\/#primaryimage"},"image":{"@id":"https:\/\/www.jootjeshaakcadeautjes.nl\/de\/produkt\/haekeln-haekeln-kronen-haekeln-geschenke-haekeln-haekeln-muster\/#primaryimage"},"thumbnailUrl":"https:\/\/d1dyryakdmle7o.cloudfront.net\/wp-content\/uploads\/2020\/04\/Kroon-Haakpatroon-1.jpg","datePublished":"2022-04-20T10:04:02+00:00","dateModified":"2025-03-11T03:02:54+00:00","breadcrumb":{"@id":"https:\/\/www.jootjeshaakcadeautjes.nl\/de\/produkt\/haekeln-haekeln-kronen-haekeln-geschenke-haekeln-haekeln-muster\/#breadcrumb"},"inLanguage":"de","potentialAction":[{"@type":"ReadAction","target":["https:\/\/www.jootjeshaakcadeautjes.nl\/de\/produkt\/haekeln-haekeln-kronen-haekeln-geschenke-haekeln-haekeln-muster\/"]}]},{"@type":"ImageObject","inLanguage":"de","@id":"https:\/\/www.jootjeshaakcadeautjes.nl\/de\/produkt\/haekeln-haekeln-kronen-haekeln-geschenke-haekeln-haekeln-muster\/#primaryimage","url":"https:\/\/d1dyryakdmle7o.cloudfront.net\/wp-content\/uploads\/2020\/04\/Kroon-Haakpatroon-1.jpg","contentUrl":"https:\/\/d1dyryakdmle7o.cloudfront.net\/wp-content\/uploads\/2020\/04\/Kroon-Haakpatroon-1.jpg","width":1080,"height":1080,"caption":"H\u00e4kelmuster King's Day Jootje Crochet pr\u00e4sentiert Bei\u00dfring Krone niederl\u00e4ndische Flagge H\u00e4kelmuster"},{"@type":"BreadcrumbList","@id":"https:\/\/www.jootjeshaakcadeautjes.nl\/de\/produkt\/haekeln-haekeln-kronen-haekeln-geschenke-haekeln-haekeln-muster\/#breadcrumb","itemListElement":[{"@type":"ListItem","position":1,"name":"Startseite","item":"https:\/\/www.jootjeshaakcadeautjes.nl\/de\/"},{"@type":"ListItem","position":2,"name":"Gro\u00dfhandel mit Silikonperlen &#8211; Business und Consumer","item":"https:\/\/www.jootjeshaakcadeautjes.nl\/de\/shop\/"},{"@type":"ListItem","position":3,"name":"H\u00e4kelmuster &#8211; Bei\u00dfring Krone &#8211; Jootjes Crochet presents"}]},{"@type":"WebSite","@id":"https:\/\/www.jootjeshaakcadeautjes.nl\/de\/#website","url":"https:\/\/www.jootjeshaakcadeautjes.nl\/de\/","name":"Jootjes Haakcadeautjes","description":"Silikonperlen Gro\u00dfhandel ","publisher":{"@id":"https:\/\/www.jootjeshaakcadeautjes.nl\/de\/#organization"},"potentialAction":[{"@type":"SearchAction","target":{"@type":"EntryPoint","urlTemplate":"https:\/\/www.jootjeshaakcadeautjes.nl\/de\/?s={search_term_string}"},"query-input":{"@type":"PropertyValueSpecification","valueRequired":true,"valueName":"search_term_string"}}],"inLanguage":"de"},{"@type":"Organization","@id":"https:\/\/www.jootjeshaakcadeautjes.nl\/de\/#organization","name":"Jootjes Haakcadeautjes","url":"https:\/\/www.jootjeshaakcadeautjes.nl\/de\/","logo":{"@type":"ImageObject","inLanguage":"de","@id":"https:\/\/www.jootjeshaakcadeautjes.nl\/de\/#\/schema\/logo\/image\/","url":"https:\/\/d1dyryakdmle7o.cloudfront.net\/wp-content\/uploads\/2023\/05\/Logo-rond.png","contentUrl":"https:\/\/d1dyryakdmle7o.cloudfront.net\/wp-content\/uploads\/2023\/05\/Logo-rond.png","width":1222,"height":1222,"caption":"Jootjes Haakcadeautjes"},"image":{"@id":"https:\/\/www.jootjeshaakcadeautjes.nl\/de\/#\/schema\/logo\/image\/"}}]},"product_price_amount":"1.50","product_price_currency":"EUR","og_availability":"instock","product_availability":"instock","product_condition":"new"},"_links":{"self":[{"href":"https:\/\/www.jootjeshaakcadeautjes.nl\/de\/wp-json\/wp\/v2\/product\/121228","targetHints":{"allow":["GET"]}}],"collection":[{"href":"https:\/\/www.jootjeshaakcadeautjes.nl\/de\/wp-json\/wp\/v2\/product"}],"about":[{"href":"https:\/\/www.jootjeshaakcadeautjes.nl\/de\/wp-json\/wp\/v2\/types\/product"}],"version-history":[{"count":0,"href":"https:\/\/www.jootjeshaakcadeautjes.nl\/de\/wp-json\/wp\/v2\/product\/121228\/revisions"}],"wp:featuredmedia":[{"embeddable":true,"href":"https:\/\/www.jootjeshaakcadeautjes.nl\/de\/wp-json\/wp\/v2\/media\/69123"}],"wp:attachment":[{"href":"https:\/\/www.jootjeshaakcadeautjes.nl\/de\/wp-json\/wp\/v2\/media?parent=121228"}],"wp:term":[{"taxonomy":"product_brand","embeddable":true,"href":"https:\/\/www.jootjeshaakcadeautjes.nl\/de\/wp-json\/wp\/v2\/product_brand?post=121228"},{"taxonomy":"product_cat","embeddable":true,"href":"https:\/\/www.jootjeshaakcadeautjes.nl\/de\/wp-json\/wp\/v2\/product_cat?post=121228"},{"taxonomy":"product_tag","embeddable":true,"href":"https:\/\/www.jootjeshaakcadeautjes.nl\/de\/wp-json\/wp\/v2\/product_tag?post=121228"}],"curies":[{"name":"wp","href":"https:\/\/api.w.org\/{rel}","templated":true}]}}