{"id":121248,"date":"2022-04-21T15:23:35","date_gmt":"2022-04-21T13:23:35","guid":{"rendered":"https:\/\/www.jootjeshaakcadeautjes.nl\/product\/schluesselring-30-mm\/"},"modified":"2026-02-12T14:34:01","modified_gmt":"2026-02-12T13:34:01","slug":"schluesselring-30-mm","status":"publish","type":"product","link":"https:\/\/www.jootjeshaakcadeautjes.nl\/de\/produkt\/schluesselring-30-mm\/","title":{"rendered":"Schl\u00fcsselanh\u00e4nger &#8211; 30 mm"},"content":{"rendered":"<h3>Schl\u00fcsselanh\u00e4nger &#8211; 30 mm<\/h3>\n<p>Dieser Metallring in dieser Gr\u00f6\u00dfe eignet sich perfekt f\u00fcr die Herstellung eines eigenen Schl\u00fcsselanh\u00e4ngers, Gl\u00fccksbringers, Taschenanh\u00e4ngers oder Rei\u00dfverschlusses. Der Ring ist vom gleichen Typ wie der Schl\u00fcsselring an einem Schl\u00fcsselbund und wird lange halten. Diese Ringe werden daher h\u00e4ufig zu Beginn oder am Ende eines Schuljahres oder zu einem Fest verwendet. Der Ring ist in der Tat ideal, um ein einfaches, aber sehr einzigartiges und angemessenes Andenken f\u00fcr Klassenkameraden, Gruppenmitglieder oder Lehrer zu schaffen.<\/p>\n<p>Auch als Variante im <a href=\"https:\/\/www.jootjeshaakcadeautjes.nl\/de\/produkt\/schluesselanhaenger-musketenhaken\/\">Schl\u00fcsselanh\u00e4nger mit Musketenhaken<\/a> erh\u00e4ltlich.<\/p>\n<p>&nbsp;<\/p>\n<p>&nbsp;<\/p>\n","protected":false},"excerpt":{"rendered":"<p>Die Ringe werden einzeln verkauft.<\/p>\n<p>Diese Schl\u00fcsselanh\u00e4nger werden h\u00e4ufig verwendet, um Ihren eigenen Schl\u00fcsselanh\u00e4nger, Gl\u00fcckspuppe, Taschenanh\u00e4nger oder Rei\u00dfverschluss zu machen. Zum Beispiel bei der Zubereitung einer Leckerei.<\/p>\n<p>&nbsp;<\/p>\n","protected":false},"featured_media":77626,"template":"","meta":[],"product_brand":[],"product_cat":[8247,8267,8262],"product_tag":[7993,7208,8268,8272,7397,9469,9459,7444,7499,9465],"class_list":{"0":"post-121248","1":"product","2":"type-product","3":"status-publish","4":"has-post-thumbnail","6":"product_cat-bastelmaterial-hakelzubehor","7":"product_cat-lucky-dolls-diy-perlen-und-zubehor","8":"product_cat-schlusselanhanger-und-haken","9":"product_tag-30-de","10":"product_tag-gluckspuppe","11":"product_tag-hakchen","12":"product_tag-metall","13":"product_tag-mm-de","14":"product_tag-schlusselanhanger-de-2","15":"product_tag-schlusselanhanger-de","16":"product_tag-schlusselanhanger","17":"product_tag-taschenaufhanger","18":"product_tag-zip-zip","20":"first","21":"instock","22":"taxable","23":"shipping-taxable","24":"purchasable","25":"product-type-simple"},"bundled_by":[],"bundle_stock_status":"instock","bundle_stock_quantity":840,"bundle_virtual":false,"bundle_layout":"","bundle_add_to_cart_form_location":"","bundle_editable_in_cart":false,"bundle_sold_individually_context":"","bundle_item_grouping":"","bundle_min_size":"","bundle_max_size":"","bundle_price":[],"bundled_items":[],"bundle_sell_ids":[],"yoast_head":"<!-- This site is optimized with the Yoast SEO Premium plugin v27.6 (Yoast SEO v27.6) - https:\/\/yoast.com\/product\/yoast-seo-premium-wordpress\/ -->\n<title>Schl\u00fcsselanh\u00e4nger - 30 mm - Jootjes Haakcadeautjes<\/title>\n<meta name=\"description\" content=\"Schl\u00fcsselanh\u00e4nger mit Musketenhaken finden Sie bei JootjesHaakcadeautjes.nl. Ideal f\u00fcr die Herstellung von handgeh\u00e4kelten Schl\u00fcsselanh\u00e4ngern oder Gl\u00fcckspuppen, z. B. f\u00fcr ein Gruppenangebot in einer Grundschule. Der Musketenhaken macht den Anh\u00e4nger ideal zum Befestigen an einer Tasche oder einem Schl\u00fcsselbund.\" \/>\n<meta name=\"robots\" content=\"index, follow, max-snippet:-1, max-image-preview:large, max-video-preview:-1\" \/>\n<link rel=\"canonical\" href=\"https:\/\/www.jootjeshaakcadeautjes.nl\/de\/produkt\/schluesselring-30-mm\/\" \/>\n<meta property=\"og:locale\" content=\"de_DE\" \/>\n<meta property=\"og:type\" content=\"article\" \/>\n<meta property=\"og:title\" content=\"Schl\u00fcsselanh\u00e4nger - 30 mm\" \/>\n<meta property=\"og:description\" content=\"Schl\u00fcsselanh\u00e4nger mit Musketenhaken finden Sie bei JootjesHaakcadeautjes.nl. Ideal f\u00fcr die Herstellung von handgeh\u00e4kelten Schl\u00fcsselanh\u00e4ngern oder Gl\u00fcckspuppen, z. B. f\u00fcr ein Gruppenangebot in einer Grundschule. Der Musketenhaken macht den Anh\u00e4nger ideal zum Befestigen an einer Tasche oder einem Schl\u00fcsselbund.\" \/>\n<meta property=\"og:url\" content=\"https:\/\/www.jootjeshaakcadeautjes.nl\/de\/produkt\/schluesselring-30-mm\/\" \/>\n<meta property=\"og:site_name\" content=\"Jootjes Haakcadeautjes\" \/>\n<meta property=\"article:modified_time\" content=\"2026-02-12T13:34:01+00:00\" \/>\n<meta property=\"og:image\" content=\"https:\/\/www.jootjeshaakcadeautjes.nl\/wp-content\/uploads\/2021\/09\/20210909_214123.jpg\" \/>\n\t<meta property=\"og:image:width\" content=\"1435\" \/>\n\t<meta property=\"og:image:height\" content=\"1435\" \/>\n\t<meta property=\"og:image:type\" content=\"image\/jpeg\" \/>\n<meta name=\"twitter:card\" content=\"summary_large_image\" \/>\n<meta name=\"twitter:label1\" content=\"Preis\" \/>\n\t<meta name=\"twitter:data1\" content=\"&euro;0.22 inkl. MwSt.\" \/>\n\t<meta name=\"twitter:label2\" content=\"Verf\u00fcgbarkeit\" \/>\n\t<meta name=\"twitter:data2\" content=\"Auf Lager\" \/>\n<script type=\"application\/ld+json\" class=\"yoast-schema-graph\">{\"@context\":\"https:\\\/\\\/schema.org\",\"@graph\":[{\"@type\":\"WebPage\",\"@id\":\"https:\\\/\\\/www.jootjeshaakcadeautjes.nl\\\/de\\\/produkt\\\/schluesselring-30-mm\\\/\",\"url\":\"https:\\\/\\\/www.jootjeshaakcadeautjes.nl\\\/de\\\/produkt\\\/schluesselring-30-mm\\\/\",\"name\":\"Schl\u00fcsselanh\u00e4nger - 30 mm - Jootjes Haakcadeautjes\",\"isPartOf\":{\"@id\":\"https:\\\/\\\/www.jootjeshaakcadeautjes.nl\\\/de\\\/#website\"},\"primaryImageOfPage\":{\"@id\":\"https:\\\/\\\/www.jootjeshaakcadeautjes.nl\\\/de\\\/produkt\\\/schluesselring-30-mm\\\/#primaryimage\"},\"image\":{\"@id\":\"https:\\\/\\\/www.jootjeshaakcadeautjes.nl\\\/de\\\/produkt\\\/schluesselring-30-mm\\\/#primaryimage\"},\"thumbnailUrl\":\"https:\\\/\\\/d1dyryakdmle7o.cloudfront.net\\\/wp-content\\\/uploads\\\/2021\\\/09\\\/20210909_214123.jpg\",\"datePublished\":\"2022-04-21T13:23:35+00:00\",\"dateModified\":\"2026-02-12T13:34:01+00:00\",\"description\":\"Schl\u00fcsselanh\u00e4nger mit Musketenhaken finden Sie bei JootjesHaakcadeautjes.nl. Ideal f\u00fcr die Herstellung von handgeh\u00e4kelten Schl\u00fcsselanh\u00e4ngern oder Gl\u00fcckspuppen, z. B. f\u00fcr ein Gruppenangebot in einer Grundschule. Der Musketenhaken macht den Anh\u00e4nger ideal zum Befestigen an einer Tasche oder einem Schl\u00fcsselbund.\",\"breadcrumb\":{\"@id\":\"https:\\\/\\\/www.jootjeshaakcadeautjes.nl\\\/de\\\/produkt\\\/schluesselring-30-mm\\\/#breadcrumb\"},\"inLanguage\":\"de\",\"potentialAction\":[{\"@type\":\"ReadAction\",\"target\":[\"https:\\\/\\\/www.jootjeshaakcadeautjes.nl\\\/de\\\/produkt\\\/schluesselring-30-mm\\\/\"]}]},{\"@type\":\"ImageObject\",\"inLanguage\":\"de\",\"@id\":\"https:\\\/\\\/www.jootjeshaakcadeautjes.nl\\\/de\\\/produkt\\\/schluesselring-30-mm\\\/#primaryimage\",\"url\":\"https:\\\/\\\/d1dyryakdmle7o.cloudfront.net\\\/wp-content\\\/uploads\\\/2021\\\/09\\\/20210909_214123.jpg\",\"contentUrl\":\"https:\\\/\\\/d1dyryakdmle7o.cloudfront.net\\\/wp-content\\\/uploads\\\/2021\\\/09\\\/20210909_214123.jpg\",\"width\":1435,\"height\":1435,\"caption\":\"Schl\u00fcsselring f\u00fcr Schl\u00fcsselanh\u00e4nger oder Taschenanh\u00e4nger\"},{\"@type\":\"BreadcrumbList\",\"@id\":\"https:\\\/\\\/www.jootjeshaakcadeautjes.nl\\\/de\\\/produkt\\\/schluesselring-30-mm\\\/#breadcrumb\",\"itemListElement\":[{\"@type\":\"ListItem\",\"position\":1,\"name\":\"Startseite\",\"item\":\"https:\\\/\\\/www.jootjeshaakcadeautjes.nl\\\/de\\\/\"},{\"@type\":\"ListItem\",\"position\":2,\"name\":\"Gro\u00dfhandel mit Silikonperlen &#8211; Business und Consumer\",\"item\":\"https:\\\/\\\/www.jootjeshaakcadeautjes.nl\\\/de\\\/shop\\\/\"},{\"@type\":\"ListItem\",\"position\":3,\"name\":\"Schl\u00fcsselanh\u00e4nger &#8211; 30 mm\"}]},{\"@type\":\"WebSite\",\"@id\":\"https:\\\/\\\/www.jootjeshaakcadeautjes.nl\\\/de\\\/#website\",\"url\":\"https:\\\/\\\/www.jootjeshaakcadeautjes.nl\\\/de\\\/\",\"name\":\"Jootjes Haakcadeautjes\",\"description\":\"Silikonperlen Gro\u00dfhandel \",\"publisher\":{\"@id\":\"https:\\\/\\\/www.jootjeshaakcadeautjes.nl\\\/de\\\/#organization\"},\"potentialAction\":[{\"@type\":\"SearchAction\",\"target\":{\"@type\":\"EntryPoint\",\"urlTemplate\":\"https:\\\/\\\/www.jootjeshaakcadeautjes.nl\\\/de\\\/?s={search_term_string}\"},\"query-input\":{\"@type\":\"PropertyValueSpecification\",\"valueRequired\":true,\"valueName\":\"search_term_string\"}}],\"inLanguage\":\"de\"},{\"@type\":\"Organization\",\"@id\":\"https:\\\/\\\/www.jootjeshaakcadeautjes.nl\\\/de\\\/#organization\",\"name\":\"Jootjes Haakcadeautjes\",\"url\":\"https:\\\/\\\/www.jootjeshaakcadeautjes.nl\\\/de\\\/\",\"logo\":{\"@type\":\"ImageObject\",\"inLanguage\":\"de\",\"@id\":\"https:\\\/\\\/www.jootjeshaakcadeautjes.nl\\\/de\\\/#\\\/schema\\\/logo\\\/image\\\/\",\"url\":\"https:\\\/\\\/d1dyryakdmle7o.cloudfront.net\\\/wp-content\\\/uploads\\\/2023\\\/05\\\/Logo-rond.png\",\"contentUrl\":\"https:\\\/\\\/d1dyryakdmle7o.cloudfront.net\\\/wp-content\\\/uploads\\\/2023\\\/05\\\/Logo-rond.png\",\"width\":1222,\"height\":1222,\"caption\":\"Jootjes Haakcadeautjes\"},\"image\":{\"@id\":\"https:\\\/\\\/www.jootjeshaakcadeautjes.nl\\\/de\\\/#\\\/schema\\\/logo\\\/image\\\/\"}}]}<\/script>\n<meta property=\"product:price:amount\" content=\"0.22\" \/>\n<meta property=\"product:price:currency\" content=\"EUR\" \/>\n<meta property=\"og:availability\" content=\"instock\" \/>\n<meta property=\"product:availability\" content=\"instock\" \/>\n<meta property=\"product:retailer_item_id\" content=\"SLR-030\" \/>\n<meta property=\"product:condition\" content=\"new\" \/>\n<!-- \/ Yoast SEO Premium plugin. -->","yoast_head_json":{"title":"Schl\u00fcsselanh\u00e4nger - 30 mm - Jootjes Haakcadeautjes","description":"Schl\u00fcsselanh\u00e4nger mit Musketenhaken finden Sie bei JootjesHaakcadeautjes.nl. Ideal f\u00fcr die Herstellung von handgeh\u00e4kelten Schl\u00fcsselanh\u00e4ngern oder Gl\u00fcckspuppen, z. B. f\u00fcr ein Gruppenangebot in einer Grundschule. Der Musketenhaken macht den Anh\u00e4nger ideal zum Befestigen an einer Tasche oder einem Schl\u00fcsselbund.","robots":{"index":"index","follow":"follow","max-snippet":"max-snippet:-1","max-image-preview":"max-image-preview:large","max-video-preview":"max-video-preview:-1"},"canonical":"https:\/\/www.jootjeshaakcadeautjes.nl\/de\/produkt\/schluesselring-30-mm\/","og_locale":"de_DE","og_type":"article","og_title":"Schl\u00fcsselanh\u00e4nger - 30 mm","og_description":"Schl\u00fcsselanh\u00e4nger mit Musketenhaken finden Sie bei JootjesHaakcadeautjes.nl. Ideal f\u00fcr die Herstellung von handgeh\u00e4kelten Schl\u00fcsselanh\u00e4ngern oder Gl\u00fcckspuppen, z. B. f\u00fcr ein Gruppenangebot in einer Grundschule. Der Musketenhaken macht den Anh\u00e4nger ideal zum Befestigen an einer Tasche oder einem Schl\u00fcsselbund.","og_url":"https:\/\/www.jootjeshaakcadeautjes.nl\/de\/produkt\/schluesselring-30-mm\/","og_site_name":"Jootjes Haakcadeautjes","article_modified_time":"2026-02-12T13:34:01+00:00","og_image":[{"width":1435,"height":1435,"url":"https:\/\/www.jootjeshaakcadeautjes.nl\/wp-content\/uploads\/2021\/09\/20210909_214123.jpg","type":"image\/jpeg"}],"twitter_card":"summary_large_image","twitter_misc":{"Preis":"&euro;0.22 inkl. MwSt.","Verf\u00fcgbarkeit":"Auf Lager"},"schema":{"@context":"https:\/\/schema.org","@graph":[{"@type":"WebPage","@id":"https:\/\/www.jootjeshaakcadeautjes.nl\/de\/produkt\/schluesselring-30-mm\/","url":"https:\/\/www.jootjeshaakcadeautjes.nl\/de\/produkt\/schluesselring-30-mm\/","name":"Schl\u00fcsselanh\u00e4nger - 30 mm - Jootjes Haakcadeautjes","isPartOf":{"@id":"https:\/\/www.jootjeshaakcadeautjes.nl\/de\/#website"},"primaryImageOfPage":{"@id":"https:\/\/www.jootjeshaakcadeautjes.nl\/de\/produkt\/schluesselring-30-mm\/#primaryimage"},"image":{"@id":"https:\/\/www.jootjeshaakcadeautjes.nl\/de\/produkt\/schluesselring-30-mm\/#primaryimage"},"thumbnailUrl":"https:\/\/d1dyryakdmle7o.cloudfront.net\/wp-content\/uploads\/2021\/09\/20210909_214123.jpg","datePublished":"2022-04-21T13:23:35+00:00","dateModified":"2026-02-12T13:34:01+00:00","description":"Schl\u00fcsselanh\u00e4nger mit Musketenhaken finden Sie bei JootjesHaakcadeautjes.nl. Ideal f\u00fcr die Herstellung von handgeh\u00e4kelten Schl\u00fcsselanh\u00e4ngern oder Gl\u00fcckspuppen, z. B. f\u00fcr ein Gruppenangebot in einer Grundschule. Der Musketenhaken macht den Anh\u00e4nger ideal zum Befestigen an einer Tasche oder einem Schl\u00fcsselbund.","breadcrumb":{"@id":"https:\/\/www.jootjeshaakcadeautjes.nl\/de\/produkt\/schluesselring-30-mm\/#breadcrumb"},"inLanguage":"de","potentialAction":[{"@type":"ReadAction","target":["https:\/\/www.jootjeshaakcadeautjes.nl\/de\/produkt\/schluesselring-30-mm\/"]}]},{"@type":"ImageObject","inLanguage":"de","@id":"https:\/\/www.jootjeshaakcadeautjes.nl\/de\/produkt\/schluesselring-30-mm\/#primaryimage","url":"https:\/\/d1dyryakdmle7o.cloudfront.net\/wp-content\/uploads\/2021\/09\/20210909_214123.jpg","contentUrl":"https:\/\/d1dyryakdmle7o.cloudfront.net\/wp-content\/uploads\/2021\/09\/20210909_214123.jpg","width":1435,"height":1435,"caption":"Schl\u00fcsselring f\u00fcr Schl\u00fcsselanh\u00e4nger oder Taschenanh\u00e4nger"},{"@type":"BreadcrumbList","@id":"https:\/\/www.jootjeshaakcadeautjes.nl\/de\/produkt\/schluesselring-30-mm\/#breadcrumb","itemListElement":[{"@type":"ListItem","position":1,"name":"Startseite","item":"https:\/\/www.jootjeshaakcadeautjes.nl\/de\/"},{"@type":"ListItem","position":2,"name":"Gro\u00dfhandel mit Silikonperlen &#8211; Business und Consumer","item":"https:\/\/www.jootjeshaakcadeautjes.nl\/de\/shop\/"},{"@type":"ListItem","position":3,"name":"Schl\u00fcsselanh\u00e4nger &#8211; 30 mm"}]},{"@type":"WebSite","@id":"https:\/\/www.jootjeshaakcadeautjes.nl\/de\/#website","url":"https:\/\/www.jootjeshaakcadeautjes.nl\/de\/","name":"Jootjes Haakcadeautjes","description":"Silikonperlen Gro\u00dfhandel ","publisher":{"@id":"https:\/\/www.jootjeshaakcadeautjes.nl\/de\/#organization"},"potentialAction":[{"@type":"SearchAction","target":{"@type":"EntryPoint","urlTemplate":"https:\/\/www.jootjeshaakcadeautjes.nl\/de\/?s={search_term_string}"},"query-input":{"@type":"PropertyValueSpecification","valueRequired":true,"valueName":"search_term_string"}}],"inLanguage":"de"},{"@type":"Organization","@id":"https:\/\/www.jootjeshaakcadeautjes.nl\/de\/#organization","name":"Jootjes Haakcadeautjes","url":"https:\/\/www.jootjeshaakcadeautjes.nl\/de\/","logo":{"@type":"ImageObject","inLanguage":"de","@id":"https:\/\/www.jootjeshaakcadeautjes.nl\/de\/#\/schema\/logo\/image\/","url":"https:\/\/d1dyryakdmle7o.cloudfront.net\/wp-content\/uploads\/2023\/05\/Logo-rond.png","contentUrl":"https:\/\/d1dyryakdmle7o.cloudfront.net\/wp-content\/uploads\/2023\/05\/Logo-rond.png","width":1222,"height":1222,"caption":"Jootjes Haakcadeautjes"},"image":{"@id":"https:\/\/www.jootjeshaakcadeautjes.nl\/de\/#\/schema\/logo\/image\/"}}]},"product_price_amount":"0.22","product_price_currency":"EUR","og_availability":"instock","product_availability":"instock","product_retailer_item_id":"SLR-030","product_condition":"new"},"_links":{"self":[{"href":"https:\/\/www.jootjeshaakcadeautjes.nl\/de\/wp-json\/wp\/v2\/product\/121248","targetHints":{"allow":["GET"]}}],"collection":[{"href":"https:\/\/www.jootjeshaakcadeautjes.nl\/de\/wp-json\/wp\/v2\/product"}],"about":[{"href":"https:\/\/www.jootjeshaakcadeautjes.nl\/de\/wp-json\/wp\/v2\/types\/product"}],"version-history":[{"count":0,"href":"https:\/\/www.jootjeshaakcadeautjes.nl\/de\/wp-json\/wp\/v2\/product\/121248\/revisions"}],"wp:featuredmedia":[{"embeddable":true,"href":"https:\/\/www.jootjeshaakcadeautjes.nl\/de\/wp-json\/wp\/v2\/media\/77626"}],"wp:attachment":[{"href":"https:\/\/www.jootjeshaakcadeautjes.nl\/de\/wp-json\/wp\/v2\/media?parent=121248"}],"wp:term":[{"taxonomy":"product_brand","embeddable":true,"href":"https:\/\/www.jootjeshaakcadeautjes.nl\/de\/wp-json\/wp\/v2\/product_brand?post=121248"},{"taxonomy":"product_cat","embeddable":true,"href":"https:\/\/www.jootjeshaakcadeautjes.nl\/de\/wp-json\/wp\/v2\/product_cat?post=121248"},{"taxonomy":"product_tag","embeddable":true,"href":"https:\/\/www.jootjeshaakcadeautjes.nl\/de\/wp-json\/wp\/v2\/product_tag?post=121248"}],"curies":[{"name":"wp","href":"https:\/\/api.w.org\/{rel}","templated":true}]}}