{"id":121287,"date":"2022-04-17T18:48:23","date_gmt":"2022-04-17T16:48:23","guid":{"rendered":"https:\/\/www.jootjeshaakcadeautjes.nl\/product\/silikonperlen-krone-weiss-gold\/"},"modified":"2025-03-11T16:18:05","modified_gmt":"2025-03-11T15:18:05","slug":"silikonperlen-krone-weiss-gold","status":"publish","type":"product","link":"https:\/\/www.jootjeshaakcadeautjes.nl\/de\/produkt\/silikonperlen-krone-weiss-gold\/","title":{"rendered":"Silikonperle &#8211; Krone &#8211; Wei\u00df mit Gold"},"content":{"rendered":"<h3>Silikonperle &#8211; Krone &#8211; Wei\u00df mit Gold<\/h3>\n<p>Die Silikonperle in der Form Crown &#8211; White with Gold ist aus BPA-freiem Silikon hergestellt. Das bedeutet, dass die Produkte als sicher f\u00fcr die Verwendung in Kinderspielzeug befunden wurden. Die Silikonanwendung enth\u00e4lt keine sch\u00e4dlichen Substanzen. Unsere Produkte erf\u00fcllen daher alle erforderlichen Zertifizierungen. Achten Sie immer auf die Abnutzung von Spielzeug und werfen Sie es gegebenenfalls weg. Dies gilt f\u00fcr jede Art von Babyspielzeug.<\/p>\n<p>Ein Kind lernt zun\u00e4chst viel mit seinen Sinnen. Daher ist es sinnvoll, anhand der folgenden Punkte zu variieren:<\/p>\n<ul>\n<li>Material\n<ul>\n<li>Silikon<\/li>\n<li>H\u00f6lzernes<\/li>\n<li>Geh\u00e4keltes Garn.\n<ul>\n<li>In der Regel wird Baumwollgarn verwendet, da es weniger flauschig ist. Die Kinder bekommen davon keine Ballaststoffe.<\/li>\n<\/ul>\n<\/li>\n<\/ul>\n<\/li>\n<li>Textur\/Relief\n<ul>\n<li>Alle unsere Silikonprodukte haben ihr eigenes Relief, sowohl auf der Vorder- als auch auf der R\u00fcckseite.<\/li>\n<li>Holz, Silikon und Garn haben ohnehin alle ihre eigene Haptik und Textur.<\/li>\n<\/ul>\n<\/li>\n<li>Formen: rund, geometrisch, oval, verschiedene Tiere, Ringe.<\/li>\n<li>Visuell:\n<ul>\n<li>Verschiedene Formen<\/li>\n<li>Verschiedene Farben<\/li>\n<\/ul>\n<\/li>\n<\/ul>\n<p>Silikonapplikationen werden ebenso wie Holzapplikationen h\u00e4ufig zur Herstellung von handgefertigtem Babyspielzeug verwendet. Die Applikationen lassen sich gut mit unseren Silikonperlen kombinieren.<\/p>\n<p>&nbsp;<\/p>\n","protected":false},"excerpt":{"rendered":"<p>Variante: Krone<br \/>\nFarbe: Wei\u00df mit Gold<\/p>\n<p>Hergestellt aus BPA-freiem Silikon. Vollst\u00e4ndig chemisch sicher, getestet nach EN-71, 100% kindersicher.<\/p>\n<p>Weitere Informationen zur Verwendung finden Sie am Ende der Seite.<\/p>\n","protected":false},"featured_media":79606,"template":"","meta":[],"product_brand":[],"product_cat":[7380,6991],"product_tag":[7510,8061,7385,7419,7928,7901,8284,7464,7416,7992,7986,7442,7451,9595,7214,7218,7211,8065,7632,7988],"class_list":{"0":"post-121287","1":"product","2":"type-product","3":"status-publish","4":"has-post-thumbnail","6":"product_cat-herstellung-von-baby-beisspielzeug-materialien-fur-schnuller-und-beisringe","7":"product_cat-silikonperlen-bpa-frei-grosshandel","8":"product_tag-baby-de","9":"product_tag-beisring-de","10":"product_tag-beisring","11":"product_tag-bpa-de","12":"product_tag-einkaufen","13":"product_tag-en-71-de","14":"product_tag-gold-de","15":"product_tag-groshandel","16":"product_tag-gummischnur","17":"product_tag-kauschmuck","18":"product_tag-kindersicher","19":"product_tag-kinderwagenkette","20":"product_tag-kostenlos","21":"product_tag-krone-de","22":"product_tag-machen","23":"product_tag-selbst","24":"product_tag-silikon","25":"product_tag-spielerisch","26":"product_tag-weis","27":"product_tag-zertifiziert","29":"first","30":"instock","31":"taxable","32":"shipping-taxable","33":"purchasable","34":"product-type-simple"},"bundled_by":[],"bundle_stock_status":"instock","bundle_stock_quantity":22,"bundle_virtual":false,"bundle_layout":"","bundle_add_to_cart_form_location":"","bundle_editable_in_cart":false,"bundle_sold_individually_context":"","bundle_item_grouping":"","bundle_min_size":"","bundle_max_size":"","bundle_price":[],"bundled_items":[],"bundle_sell_ids":[],"yoast_head":"<!-- This site is optimized with the Yoast SEO Premium plugin v26.4 (Yoast SEO v26.9) - https:\/\/yoast.com\/product\/yoast-seo-premium-wordpress\/ -->\n<title>Silikonperle - Krone - Wei\u00df mit Gold - Bienenfigur -%<\/title>\n<meta name=\"description\" content=\"Silikonfigur Monstera Leaf BPA-frei, 100% kindersicher. F\u00fcr Bei\u00dfring oder Schnullerschnur. CE-zertifiziert EN71. F\u00fcr Jungen und M\u00e4dchen\" \/>\n<meta name=\"robots\" content=\"index, follow, max-snippet:-1, max-image-preview:large, max-video-preview:-1\" \/>\n<link rel=\"canonical\" href=\"https:\/\/www.jootjeshaakcadeautjes.nl\/de\/produkt\/silikonperlen-krone-weiss-gold\/\" \/>\n<meta property=\"og:locale\" content=\"de_DE\" \/>\n<meta property=\"og:type\" content=\"article\" \/>\n<meta property=\"og:title\" content=\"Silikonperle - Krone - Wei\u00df mit Gold\" \/>\n<meta property=\"og:description\" content=\"Silikonfigur Monstera Leaf BPA-frei, 100% kindersicher. F\u00fcr Bei\u00dfring oder Schnullerschnur. CE-zertifiziert EN71. F\u00fcr Jungen und M\u00e4dchen\" \/>\n<meta property=\"og:url\" content=\"https:\/\/www.jootjeshaakcadeautjes.nl\/de\/produkt\/silikonperlen-krone-weiss-gold\/\" \/>\n<meta property=\"og:site_name\" content=\"Jootjes Haakcadeautjes\" \/>\n<meta property=\"article:modified_time\" content=\"2025-03-11T15:18:05+00:00\" \/>\n<meta property=\"og:image\" content=\"https:\/\/www.jootjeshaakcadeautjes.nl\/wp-content\/uploads\/2022\/04\/20210606_125957.jpg\" \/>\n\t<meta property=\"og:image:width\" content=\"1323\" \/>\n\t<meta property=\"og:image:height\" content=\"1323\" \/>\n\t<meta property=\"og:image:type\" content=\"image\/jpeg\" \/>\n<meta name=\"twitter:card\" content=\"summary_large_image\" \/>\n<meta name=\"twitter:label1\" content=\"Preis\" \/>\n\t<meta name=\"twitter:data1\" content=\"&euro;0.85 inkl. MwSt.\" \/>\n\t<meta name=\"twitter:label2\" content=\"Verf\u00fcgbarkeit\" \/>\n\t<meta name=\"twitter:data2\" content=\"Auf Lager\" \/>\n<script type=\"application\/ld+json\" class=\"yoast-schema-graph\">{\"@context\":\"https:\/\/schema.org\",\"@graph\":[{\"@type\":\"WebPage\",\"@id\":\"https:\/\/www.jootjeshaakcadeautjes.nl\/de\/produkt\/silikonperlen-krone-weiss-gold\/\",\"url\":\"https:\/\/www.jootjeshaakcadeautjes.nl\/de\/produkt\/silikonperlen-krone-weiss-gold\/\",\"name\":\"Silikonperle - Krone - Wei\u00df mit Gold - Bienenfigur -%\",\"isPartOf\":{\"@id\":\"https:\/\/www.jootjeshaakcadeautjes.nl\/de\/#website\"},\"primaryImageOfPage\":{\"@id\":\"https:\/\/www.jootjeshaakcadeautjes.nl\/de\/produkt\/silikonperlen-krone-weiss-gold\/#primaryimage\"},\"image\":{\"@id\":\"https:\/\/www.jootjeshaakcadeautjes.nl\/de\/produkt\/silikonperlen-krone-weiss-gold\/#primaryimage\"},\"thumbnailUrl\":\"https:\/\/d1dyryakdmle7o.cloudfront.net\/wp-content\/uploads\/2022\/04\/20210606_125957.jpg\",\"datePublished\":\"2022-04-17T16:48:23+00:00\",\"dateModified\":\"2025-03-11T15:18:05+00:00\",\"description\":\"Silikonfigur Monstera Leaf BPA-frei, 100% kindersicher. F\u00fcr Bei\u00dfring oder Schnullerschnur. CE-zertifiziert EN71. F\u00fcr Jungen und M\u00e4dchen\",\"breadcrumb\":{\"@id\":\"https:\/\/www.jootjeshaakcadeautjes.nl\/de\/produkt\/silikonperlen-krone-weiss-gold\/#breadcrumb\"},\"inLanguage\":\"de\",\"potentialAction\":[{\"@type\":\"ReadAction\",\"target\":[\"https:\/\/www.jootjeshaakcadeautjes.nl\/de\/produkt\/silikonperlen-krone-weiss-gold\/\"]}]},{\"@type\":\"ImageObject\",\"inLanguage\":\"de\",\"@id\":\"https:\/\/www.jootjeshaakcadeautjes.nl\/de\/produkt\/silikonperlen-krone-weiss-gold\/#primaryimage\",\"url\":\"https:\/\/d1dyryakdmle7o.cloudfront.net\/wp-content\/uploads\/2022\/04\/20210606_125957.jpg\",\"contentUrl\":\"https:\/\/d1dyryakdmle7o.cloudfront.net\/wp-content\/uploads\/2022\/04\/20210606_125957.jpg\",\"width\":1323,\"height\":1323},{\"@type\":\"BreadcrumbList\",\"@id\":\"https:\/\/www.jootjeshaakcadeautjes.nl\/de\/produkt\/silikonperlen-krone-weiss-gold\/#breadcrumb\",\"itemListElement\":[{\"@type\":\"ListItem\",\"position\":1,\"name\":\"Startseite\",\"item\":\"https:\/\/www.jootjeshaakcadeautjes.nl\/de\/\"},{\"@type\":\"ListItem\",\"position\":2,\"name\":\"Gro\u00dfhandel mit Silikonperlen &#8211; Business und Consumer\",\"item\":\"https:\/\/www.jootjeshaakcadeautjes.nl\/de\/shop\/\"},{\"@type\":\"ListItem\",\"position\":3,\"name\":\"Silikonperle &#8211; Krone &#8211; Wei\u00df mit Gold\"}]},{\"@type\":\"WebSite\",\"@id\":\"https:\/\/www.jootjeshaakcadeautjes.nl\/de\/#website\",\"url\":\"https:\/\/www.jootjeshaakcadeautjes.nl\/de\/\",\"name\":\"Jootjes Haakcadeautjes\",\"description\":\"Silikonperlen Gro\u00dfhandel \",\"publisher\":{\"@id\":\"https:\/\/www.jootjeshaakcadeautjes.nl\/de\/#organization\"},\"potentialAction\":[{\"@type\":\"SearchAction\",\"target\":{\"@type\":\"EntryPoint\",\"urlTemplate\":\"https:\/\/www.jootjeshaakcadeautjes.nl\/de\/?s={search_term_string}\"},\"query-input\":{\"@type\":\"PropertyValueSpecification\",\"valueRequired\":true,\"valueName\":\"search_term_string\"}}],\"inLanguage\":\"de\"},{\"@type\":\"Organization\",\"@id\":\"https:\/\/www.jootjeshaakcadeautjes.nl\/de\/#organization\",\"name\":\"Jootjes Haakcadeautjes\",\"url\":\"https:\/\/www.jootjeshaakcadeautjes.nl\/de\/\",\"logo\":{\"@type\":\"ImageObject\",\"inLanguage\":\"de\",\"@id\":\"https:\/\/www.jootjeshaakcadeautjes.nl\/de\/#\/schema\/logo\/image\/\",\"url\":\"https:\/\/jootjes-haakcadeautjes-media.s3.amazonaws.com\/wp-content\/uploads\/2023\/05\/Logo-rond.png\",\"contentUrl\":\"https:\/\/jootjes-haakcadeautjes-media.s3.amazonaws.com\/wp-content\/uploads\/2023\/05\/Logo-rond.png\",\"width\":1222,\"height\":1222,\"caption\":\"Jootjes Haakcadeautjes\"},\"image\":{\"@id\":\"https:\/\/www.jootjeshaakcadeautjes.nl\/de\/#\/schema\/logo\/image\/\"}}]}<\/script>\n<meta property=\"product:price:amount\" content=\"0.85\" \/>\n<meta property=\"product:price:currency\" content=\"EUR\" \/>\n<meta property=\"og:availability\" content=\"instock\" \/>\n<meta property=\"product:availability\" content=\"instock\" \/>\n<meta property=\"product:retailer_item_id\" content=\"SIL-KRN-WIG\" \/>\n<meta property=\"product:condition\" content=\"new\" \/>\n<!-- \/ Yoast SEO Premium plugin. -->","yoast_head_json":{"title":"Silikonperle - Krone - Wei\u00df mit Gold - Bienenfigur -%","description":"Silikonfigur Monstera Leaf BPA-frei, 100% kindersicher. F\u00fcr Bei\u00dfring oder Schnullerschnur. CE-zertifiziert EN71. F\u00fcr Jungen und M\u00e4dchen","robots":{"index":"index","follow":"follow","max-snippet":"max-snippet:-1","max-image-preview":"max-image-preview:large","max-video-preview":"max-video-preview:-1"},"canonical":"https:\/\/www.jootjeshaakcadeautjes.nl\/de\/produkt\/silikonperlen-krone-weiss-gold\/","og_locale":"de_DE","og_type":"article","og_title":"Silikonperle - Krone - Wei\u00df mit Gold","og_description":"Silikonfigur Monstera Leaf BPA-frei, 100% kindersicher. F\u00fcr Bei\u00dfring oder Schnullerschnur. CE-zertifiziert EN71. F\u00fcr Jungen und M\u00e4dchen","og_url":"https:\/\/www.jootjeshaakcadeautjes.nl\/de\/produkt\/silikonperlen-krone-weiss-gold\/","og_site_name":"Jootjes Haakcadeautjes","article_modified_time":"2025-03-11T15:18:05+00:00","og_image":[{"width":1323,"height":1323,"url":"https:\/\/www.jootjeshaakcadeautjes.nl\/wp-content\/uploads\/2022\/04\/20210606_125957.jpg","type":"image\/jpeg"}],"twitter_card":"summary_large_image","twitter_misc":{"Preis":"&euro;0.85 inkl. MwSt.","Verf\u00fcgbarkeit":"Auf Lager"},"schema":{"@context":"https:\/\/schema.org","@graph":[{"@type":"WebPage","@id":"https:\/\/www.jootjeshaakcadeautjes.nl\/de\/produkt\/silikonperlen-krone-weiss-gold\/","url":"https:\/\/www.jootjeshaakcadeautjes.nl\/de\/produkt\/silikonperlen-krone-weiss-gold\/","name":"Silikonperle - Krone - Wei\u00df mit Gold - Bienenfigur -%","isPartOf":{"@id":"https:\/\/www.jootjeshaakcadeautjes.nl\/de\/#website"},"primaryImageOfPage":{"@id":"https:\/\/www.jootjeshaakcadeautjes.nl\/de\/produkt\/silikonperlen-krone-weiss-gold\/#primaryimage"},"image":{"@id":"https:\/\/www.jootjeshaakcadeautjes.nl\/de\/produkt\/silikonperlen-krone-weiss-gold\/#primaryimage"},"thumbnailUrl":"https:\/\/d1dyryakdmle7o.cloudfront.net\/wp-content\/uploads\/2022\/04\/20210606_125957.jpg","datePublished":"2022-04-17T16:48:23+00:00","dateModified":"2025-03-11T15:18:05+00:00","description":"Silikonfigur Monstera Leaf BPA-frei, 100% kindersicher. F\u00fcr Bei\u00dfring oder Schnullerschnur. CE-zertifiziert EN71. F\u00fcr Jungen und M\u00e4dchen","breadcrumb":{"@id":"https:\/\/www.jootjeshaakcadeautjes.nl\/de\/produkt\/silikonperlen-krone-weiss-gold\/#breadcrumb"},"inLanguage":"de","potentialAction":[{"@type":"ReadAction","target":["https:\/\/www.jootjeshaakcadeautjes.nl\/de\/produkt\/silikonperlen-krone-weiss-gold\/"]}]},{"@type":"ImageObject","inLanguage":"de","@id":"https:\/\/www.jootjeshaakcadeautjes.nl\/de\/produkt\/silikonperlen-krone-weiss-gold\/#primaryimage","url":"https:\/\/d1dyryakdmle7o.cloudfront.net\/wp-content\/uploads\/2022\/04\/20210606_125957.jpg","contentUrl":"https:\/\/d1dyryakdmle7o.cloudfront.net\/wp-content\/uploads\/2022\/04\/20210606_125957.jpg","width":1323,"height":1323},{"@type":"BreadcrumbList","@id":"https:\/\/www.jootjeshaakcadeautjes.nl\/de\/produkt\/silikonperlen-krone-weiss-gold\/#breadcrumb","itemListElement":[{"@type":"ListItem","position":1,"name":"Startseite","item":"https:\/\/www.jootjeshaakcadeautjes.nl\/de\/"},{"@type":"ListItem","position":2,"name":"Gro\u00dfhandel mit Silikonperlen &#8211; Business und Consumer","item":"https:\/\/www.jootjeshaakcadeautjes.nl\/de\/shop\/"},{"@type":"ListItem","position":3,"name":"Silikonperle &#8211; Krone &#8211; Wei\u00df mit Gold"}]},{"@type":"WebSite","@id":"https:\/\/www.jootjeshaakcadeautjes.nl\/de\/#website","url":"https:\/\/www.jootjeshaakcadeautjes.nl\/de\/","name":"Jootjes Haakcadeautjes","description":"Silikonperlen Gro\u00dfhandel ","publisher":{"@id":"https:\/\/www.jootjeshaakcadeautjes.nl\/de\/#organization"},"potentialAction":[{"@type":"SearchAction","target":{"@type":"EntryPoint","urlTemplate":"https:\/\/www.jootjeshaakcadeautjes.nl\/de\/?s={search_term_string}"},"query-input":{"@type":"PropertyValueSpecification","valueRequired":true,"valueName":"search_term_string"}}],"inLanguage":"de"},{"@type":"Organization","@id":"https:\/\/www.jootjeshaakcadeautjes.nl\/de\/#organization","name":"Jootjes Haakcadeautjes","url":"https:\/\/www.jootjeshaakcadeautjes.nl\/de\/","logo":{"@type":"ImageObject","inLanguage":"de","@id":"https:\/\/www.jootjeshaakcadeautjes.nl\/de\/#\/schema\/logo\/image\/","url":"https:\/\/jootjes-haakcadeautjes-media.s3.amazonaws.com\/wp-content\/uploads\/2023\/05\/Logo-rond.png","contentUrl":"https:\/\/jootjes-haakcadeautjes-media.s3.amazonaws.com\/wp-content\/uploads\/2023\/05\/Logo-rond.png","width":1222,"height":1222,"caption":"Jootjes Haakcadeautjes"},"image":{"@id":"https:\/\/www.jootjeshaakcadeautjes.nl\/de\/#\/schema\/logo\/image\/"}}]},"product_price_amount":"0.85","product_price_currency":"EUR","og_availability":"instock","product_availability":"instock","product_retailer_item_id":"SIL-KRN-WIG","product_condition":"new"},"_links":{"self":[{"href":"https:\/\/www.jootjeshaakcadeautjes.nl\/de\/wp-json\/wp\/v2\/product\/121287","targetHints":{"allow":["GET"]}}],"collection":[{"href":"https:\/\/www.jootjeshaakcadeautjes.nl\/de\/wp-json\/wp\/v2\/product"}],"about":[{"href":"https:\/\/www.jootjeshaakcadeautjes.nl\/de\/wp-json\/wp\/v2\/types\/product"}],"version-history":[{"count":0,"href":"https:\/\/www.jootjeshaakcadeautjes.nl\/de\/wp-json\/wp\/v2\/product\/121287\/revisions"}],"wp:featuredmedia":[{"embeddable":true,"href":"https:\/\/www.jootjeshaakcadeautjes.nl\/de\/wp-json\/wp\/v2\/media\/79606"}],"wp:attachment":[{"href":"https:\/\/www.jootjeshaakcadeautjes.nl\/de\/wp-json\/wp\/v2\/media?parent=121287"}],"wp:term":[{"taxonomy":"product_brand","embeddable":true,"href":"https:\/\/www.jootjeshaakcadeautjes.nl\/de\/wp-json\/wp\/v2\/product_brand?post=121287"},{"taxonomy":"product_cat","embeddable":true,"href":"https:\/\/www.jootjeshaakcadeautjes.nl\/de\/wp-json\/wp\/v2\/product_cat?post=121287"},{"taxonomy":"product_tag","embeddable":true,"href":"https:\/\/www.jootjeshaakcadeautjes.nl\/de\/wp-json\/wp\/v2\/product_tag?post=121287"}],"curies":[{"name":"wp","href":"https:\/\/api.w.org\/{rel}","templated":true}]}}