{"id":121333,"date":"2022-04-05T00:54:13","date_gmt":"2022-04-04T22:54:13","guid":{"rendered":"https:\/\/www.jootjeshaakcadeautjes.nl\/product\/satinkordel-15-mm-silber-gross-verbrauch-pro-rolle-80m\/"},"modified":"2025-03-11T04:01:16","modified_gmt":"2025-03-11T03:01:16","slug":"satinkordel-15-mm-silber-gross-verbrauch-pro-rolle-80m","status":"publish","type":"product","link":"https:\/\/www.jootjeshaakcadeautjes.nl\/de\/produkt\/satinkordel-15-mm-silber-gross-verbrauch-pro-rolle-80m\/","title":{"rendered":"Satinkordel 1,5 mm &#8211; Silber &#8211; Gro\u00dfhandel &#8211; pro Spule 80m"},"content":{"rendered":"<h1>Satinkordel 1,5 mm &#8211; Silber &#8211; Gro\u00dfhandel &#8211; pro Spule 80m<\/h1>\n<p>Satinkordel pro Spule, Dicke 1,5 mm. Erh\u00e4ltlich pro Spule 80 m. F\u00fcr Leute, die viele Schnurattrappen herstellen. Verwenden Sie St\u00fccke von ca. 1 m L\u00e4nge. Wir empfehlen bewusst keinen halben Meter, da dies f\u00fcr die meisten Projekte sehr knapp ist und dann auch zu Sicherheitsrisiken f\u00fchren kann. Verwenden Sie immer reichlich Satinkordel (hin und her) und kn\u00fcpfen Sie sie gut mit stabilen Knoten.<\/p>\n<p>Satinkordel ist eine sehr robuste und glatte Kordel. Die Art, wie der Faden gewebt ist, macht ihn sehr robust und widerstandsf\u00e4hig. Das Sch\u00f6ne an dieser Dicke ist, dass man gut durch die Perlen vor und zur\u00fcck gehen kann, so dass es m\u00f6glich ist, wiederholt und fest zu knoten.<\/p>\n<p>Satinkordel wird zur Herstellung von Kinderspielzeug wie Bei\u00dfringen, Babygymnastikger\u00e4ten, Mobiles, Schnullerkordeln oder Kinderwagenbannern verwendet.<\/p>\n","protected":false},"excerpt":{"rendered":"<ul>\n<li>  Satin-Kordel.<\/li>\n<li>  Farbe: Silber<\/li>\n<li>  Dicke: 1,5 mm<\/li>\n<li>  Lieferbar pro Spule 80m<\/li>\n<\/ul>\n<p>Lesen Sie mehr \u00fcber die Anwendung von Satinkordel am Ende der Seite.<\/p>\n","protected":false},"featured_media":80002,"template":"","meta":[],"product_brand":[],"product_cat":[19540,9447],"product_tag":[7907,8834,8836,9571,9574,7510,7385,7990,7928,7464,7416,9392,9572,7397,9453,9449,7520,8180,9573,9451],"class_list":{"0":"post-121333","1":"product","2":"type-product","3":"status-publish","4":"has-post-thumbnail","6":"product_cat-satinband-ganze-spulen","7":"product_cat-satinkordel-wachskordel-und-heftnadel","8":"product_tag-1-de","9":"product_tag-5-de","10":"product_tag-5-mm-de","11":"product_tag-80-de","12":"product_tag-80m-de","13":"product_tag-baby-de","14":"product_tag-beisring","15":"product_tag-einfadeln","16":"product_tag-einkaufen","17":"product_tag-groshandel","18":"product_tag-gummischnur","19":"product_tag-kordel-de","20":"product_tag-m-de","21":"product_tag-mm-de","22":"product_tag-satiniert","23":"product_tag-satinkordel","24":"product_tag-sicher","25":"product_tag-silber-de","26":"product_tag-spule","27":"product_tag-wachskordel","28":"product_shipping_class-paketversand-erforderlich","30":"first","31":"instock","32":"taxable","33":"shipping-taxable","34":"purchasable","35":"product-type-simple"},"bundled_by":[],"bundle_stock_status":"instock","bundle_stock_quantity":6,"bundle_virtual":false,"bundle_layout":"","bundle_add_to_cart_form_location":"","bundle_editable_in_cart":false,"bundle_sold_individually_context":"","bundle_item_grouping":"","bundle_min_size":"","bundle_max_size":"","bundle_price":[],"bundled_items":[],"bundle_sell_ids":[],"yoast_head":"<!-- This site is optimized with the Yoast SEO Premium plugin v27.6 (Yoast SEO v27.6) - https:\/\/yoast.com\/product\/yoast-seo-premium-wordpress\/ -->\n<title>Jootjes Haakcadeautjes<\/title>\n<meta name=\"description\" content=\"Satinkordel 1,5 mm Durchmesser zum Auff\u00e4deln von Bei\u00dfringen und Schnullerkordeln in wei\u00df, ab Lager lieferbar. Auf Spule von 80 m. Paketversand.\" \/>\n<meta name=\"robots\" content=\"index, follow, max-snippet:-1, max-image-preview:large, max-video-preview:-1\" \/>\n<link rel=\"canonical\" href=\"https:\/\/www.jootjeshaakcadeautjes.nl\/de\/produkt\/satinkordel-15-mm-silber-gross-verbrauch-pro-rolle-80m\/\" \/>\n<meta property=\"og:locale\" content=\"de_DE\" \/>\n<meta property=\"og:type\" content=\"article\" \/>\n<meta property=\"og:title\" content=\"Satinkordel 1,5 mm - Silber - Gro\u00dfhandel - pro Spule 80m\" \/>\n<meta property=\"og:description\" content=\"Satinkordel 1,5 mm Durchmesser zum Auff\u00e4deln von Bei\u00dfringen und Schnullerkordeln in wei\u00df, ab Lager lieferbar. Auf Spule von 80 m. Paketversand.\" \/>\n<meta property=\"og:url\" content=\"https:\/\/www.jootjeshaakcadeautjes.nl\/de\/produkt\/satinkordel-15-mm-silber-gross-verbrauch-pro-rolle-80m\/\" \/>\n<meta property=\"og:site_name\" content=\"Jootjes Haakcadeautjes\" \/>\n<meta property=\"article:modified_time\" content=\"2025-03-11T03:01:16+00:00\" \/>\n<meta property=\"og:image\" content=\"https:\/\/www.jootjeshaakcadeautjes.nl\/wp-content\/uploads\/2020\/04\/20200608_210824.jpg\" \/>\n\t<meta property=\"og:image:width\" content=\"1564\" \/>\n\t<meta property=\"og:image:height\" content=\"1564\" \/>\n\t<meta property=\"og:image:type\" content=\"image\/jpeg\" \/>\n<meta name=\"twitter:card\" content=\"summary_large_image\" \/>\n<meta name=\"twitter:label1\" content=\"Preis\" \/>\n\t<meta name=\"twitter:data1\" content=\"&euro;18.00 inkl. MwSt.\" \/>\n\t<meta name=\"twitter:label2\" content=\"Verf\u00fcgbarkeit\" \/>\n\t<meta name=\"twitter:data2\" content=\"Auf Lager\" \/>\n<script type=\"application\/ld+json\" class=\"yoast-schema-graph\">{\"@context\":\"https:\\\/\\\/schema.org\",\"@graph\":[{\"@type\":\"WebPage\",\"@id\":\"https:\\\/\\\/www.jootjeshaakcadeautjes.nl\\\/de\\\/produkt\\\/satinkordel-15-mm-silber-gross-verbrauch-pro-rolle-80m\\\/\",\"url\":\"https:\\\/\\\/www.jootjeshaakcadeautjes.nl\\\/de\\\/produkt\\\/satinkordel-15-mm-silber-gross-verbrauch-pro-rolle-80m\\\/\",\"name\":\"\",\"isPartOf\":{\"@id\":\"https:\\\/\\\/www.jootjeshaakcadeautjes.nl\\\/de\\\/#website\"},\"primaryImageOfPage\":{\"@id\":\"https:\\\/\\\/www.jootjeshaakcadeautjes.nl\\\/de\\\/produkt\\\/satinkordel-15-mm-silber-gross-verbrauch-pro-rolle-80m\\\/#primaryimage\"},\"image\":{\"@id\":\"https:\\\/\\\/www.jootjeshaakcadeautjes.nl\\\/de\\\/produkt\\\/satinkordel-15-mm-silber-gross-verbrauch-pro-rolle-80m\\\/#primaryimage\"},\"thumbnailUrl\":\"https:\\\/\\\/d1dyryakdmle7o.cloudfront.net\\\/wp-content\\\/uploads\\\/2020\\\/04\\\/20200608_210824.jpg\",\"datePublished\":\"2022-04-04T22:54:13+00:00\",\"dateModified\":\"2025-03-11T03:01:16+00:00\",\"description\":\"Satinkordel 1,5 mm Durchmesser zum Auff\u00e4deln von Bei\u00dfringen und Schnullerkordeln in wei\u00df, ab Lager lieferbar. Auf Spule von 80 m. Paketversand.\",\"breadcrumb\":{\"@id\":\"https:\\\/\\\/www.jootjeshaakcadeautjes.nl\\\/de\\\/produkt\\\/satinkordel-15-mm-silber-gross-verbrauch-pro-rolle-80m\\\/#breadcrumb\"},\"inLanguage\":\"de\",\"potentialAction\":[{\"@type\":\"ReadAction\",\"target\":[\"https:\\\/\\\/www.jootjeshaakcadeautjes.nl\\\/de\\\/produkt\\\/satinkordel-15-mm-silber-gross-verbrauch-pro-rolle-80m\\\/\"]}]},{\"@type\":\"ImageObject\",\"inLanguage\":\"de\",\"@id\":\"https:\\\/\\\/www.jootjeshaakcadeautjes.nl\\\/de\\\/produkt\\\/satinkordel-15-mm-silber-gross-verbrauch-pro-rolle-80m\\\/#primaryimage\",\"url\":\"https:\\\/\\\/d1dyryakdmle7o.cloudfront.net\\\/wp-content\\\/uploads\\\/2020\\\/04\\\/20200608_210824.jpg\",\"contentUrl\":\"https:\\\/\\\/d1dyryakdmle7o.cloudfront.net\\\/wp-content\\\/uploads\\\/2020\\\/04\\\/20200608_210824.jpg\",\"width\":1564,\"height\":1564,\"caption\":\"Satinschnur 1,5 mm Silber Schnullerschnur Bei\u00dfring Kinderwagen Spoiler\"},{\"@type\":\"BreadcrumbList\",\"@id\":\"https:\\\/\\\/www.jootjeshaakcadeautjes.nl\\\/de\\\/produkt\\\/satinkordel-15-mm-silber-gross-verbrauch-pro-rolle-80m\\\/#breadcrumb\",\"itemListElement\":[{\"@type\":\"ListItem\",\"position\":1,\"name\":\"Startseite\",\"item\":\"https:\\\/\\\/www.jootjeshaakcadeautjes.nl\\\/de\\\/\"},{\"@type\":\"ListItem\",\"position\":2,\"name\":\"Gro\u00dfhandel mit Silikonperlen &#8211; Business und Consumer\",\"item\":\"https:\\\/\\\/www.jootjeshaakcadeautjes.nl\\\/de\\\/shop\\\/\"},{\"@type\":\"ListItem\",\"position\":3,\"name\":\"Satinkordel 1,5 mm &#8211; Silber &#8211; Gro\u00dfhandel &#8211; pro Spule 80m\"}]},{\"@type\":\"WebSite\",\"@id\":\"https:\\\/\\\/www.jootjeshaakcadeautjes.nl\\\/de\\\/#website\",\"url\":\"https:\\\/\\\/www.jootjeshaakcadeautjes.nl\\\/de\\\/\",\"name\":\"Jootjes Haakcadeautjes\",\"description\":\"Silikonperlen Gro\u00dfhandel \",\"publisher\":{\"@id\":\"https:\\\/\\\/www.jootjeshaakcadeautjes.nl\\\/de\\\/#organization\"},\"potentialAction\":[{\"@type\":\"SearchAction\",\"target\":{\"@type\":\"EntryPoint\",\"urlTemplate\":\"https:\\\/\\\/www.jootjeshaakcadeautjes.nl\\\/de\\\/?s={search_term_string}\"},\"query-input\":{\"@type\":\"PropertyValueSpecification\",\"valueRequired\":true,\"valueName\":\"search_term_string\"}}],\"inLanguage\":\"de\"},{\"@type\":\"Organization\",\"@id\":\"https:\\\/\\\/www.jootjeshaakcadeautjes.nl\\\/de\\\/#organization\",\"name\":\"Jootjes Haakcadeautjes\",\"url\":\"https:\\\/\\\/www.jootjeshaakcadeautjes.nl\\\/de\\\/\",\"logo\":{\"@type\":\"ImageObject\",\"inLanguage\":\"de\",\"@id\":\"https:\\\/\\\/www.jootjeshaakcadeautjes.nl\\\/de\\\/#\\\/schema\\\/logo\\\/image\\\/\",\"url\":\"https:\\\/\\\/d1dyryakdmle7o.cloudfront.net\\\/wp-content\\\/uploads\\\/2023\\\/05\\\/Logo-rond.png\",\"contentUrl\":\"https:\\\/\\\/d1dyryakdmle7o.cloudfront.net\\\/wp-content\\\/uploads\\\/2023\\\/05\\\/Logo-rond.png\",\"width\":1222,\"height\":1222,\"caption\":\"Jootjes Haakcadeautjes\"},\"image\":{\"@id\":\"https:\\\/\\\/www.jootjeshaakcadeautjes.nl\\\/de\\\/#\\\/schema\\\/logo\\\/image\\\/\"}}]}<\/script>\n<meta property=\"product:price:amount\" content=\"18.00\" \/>\n<meta property=\"product:price:currency\" content=\"EUR\" \/>\n<meta property=\"og:availability\" content=\"instock\" \/>\n<meta property=\"product:availability\" content=\"instock\" \/>\n<meta property=\"product:retailer_item_id\" content=\"SAT-K15-ZILTK\" \/>\n<meta property=\"product:condition\" content=\"new\" \/>\n<!-- \/ Yoast SEO Premium plugin. -->","yoast_head_json":{"title":"Jootjes Haakcadeautjes","description":"Satinkordel 1,5 mm Durchmesser zum Auff\u00e4deln von Bei\u00dfringen und Schnullerkordeln in wei\u00df, ab Lager lieferbar. Auf Spule von 80 m. Paketversand.","robots":{"index":"index","follow":"follow","max-snippet":"max-snippet:-1","max-image-preview":"max-image-preview:large","max-video-preview":"max-video-preview:-1"},"canonical":"https:\/\/www.jootjeshaakcadeautjes.nl\/de\/produkt\/satinkordel-15-mm-silber-gross-verbrauch-pro-rolle-80m\/","og_locale":"de_DE","og_type":"article","og_title":"Satinkordel 1,5 mm - Silber - Gro\u00dfhandel - pro Spule 80m","og_description":"Satinkordel 1,5 mm Durchmesser zum Auff\u00e4deln von Bei\u00dfringen und Schnullerkordeln in wei\u00df, ab Lager lieferbar. Auf Spule von 80 m. Paketversand.","og_url":"https:\/\/www.jootjeshaakcadeautjes.nl\/de\/produkt\/satinkordel-15-mm-silber-gross-verbrauch-pro-rolle-80m\/","og_site_name":"Jootjes Haakcadeautjes","article_modified_time":"2025-03-11T03:01:16+00:00","og_image":[{"width":1564,"height":1564,"url":"https:\/\/www.jootjeshaakcadeautjes.nl\/wp-content\/uploads\/2020\/04\/20200608_210824.jpg","type":"image\/jpeg"}],"twitter_card":"summary_large_image","twitter_misc":{"Preis":"&euro;18.00 inkl. MwSt.","Verf\u00fcgbarkeit":"Auf Lager"},"schema":{"@context":"https:\/\/schema.org","@graph":[{"@type":"WebPage","@id":"https:\/\/www.jootjeshaakcadeautjes.nl\/de\/produkt\/satinkordel-15-mm-silber-gross-verbrauch-pro-rolle-80m\/","url":"https:\/\/www.jootjeshaakcadeautjes.nl\/de\/produkt\/satinkordel-15-mm-silber-gross-verbrauch-pro-rolle-80m\/","name":"","isPartOf":{"@id":"https:\/\/www.jootjeshaakcadeautjes.nl\/de\/#website"},"primaryImageOfPage":{"@id":"https:\/\/www.jootjeshaakcadeautjes.nl\/de\/produkt\/satinkordel-15-mm-silber-gross-verbrauch-pro-rolle-80m\/#primaryimage"},"image":{"@id":"https:\/\/www.jootjeshaakcadeautjes.nl\/de\/produkt\/satinkordel-15-mm-silber-gross-verbrauch-pro-rolle-80m\/#primaryimage"},"thumbnailUrl":"https:\/\/d1dyryakdmle7o.cloudfront.net\/wp-content\/uploads\/2020\/04\/20200608_210824.jpg","datePublished":"2022-04-04T22:54:13+00:00","dateModified":"2025-03-11T03:01:16+00:00","description":"Satinkordel 1,5 mm Durchmesser zum Auff\u00e4deln von Bei\u00dfringen und Schnullerkordeln in wei\u00df, ab Lager lieferbar. Auf Spule von 80 m. Paketversand.","breadcrumb":{"@id":"https:\/\/www.jootjeshaakcadeautjes.nl\/de\/produkt\/satinkordel-15-mm-silber-gross-verbrauch-pro-rolle-80m\/#breadcrumb"},"inLanguage":"de","potentialAction":[{"@type":"ReadAction","target":["https:\/\/www.jootjeshaakcadeautjes.nl\/de\/produkt\/satinkordel-15-mm-silber-gross-verbrauch-pro-rolle-80m\/"]}]},{"@type":"ImageObject","inLanguage":"de","@id":"https:\/\/www.jootjeshaakcadeautjes.nl\/de\/produkt\/satinkordel-15-mm-silber-gross-verbrauch-pro-rolle-80m\/#primaryimage","url":"https:\/\/d1dyryakdmle7o.cloudfront.net\/wp-content\/uploads\/2020\/04\/20200608_210824.jpg","contentUrl":"https:\/\/d1dyryakdmle7o.cloudfront.net\/wp-content\/uploads\/2020\/04\/20200608_210824.jpg","width":1564,"height":1564,"caption":"Satinschnur 1,5 mm Silber Schnullerschnur Bei\u00dfring Kinderwagen Spoiler"},{"@type":"BreadcrumbList","@id":"https:\/\/www.jootjeshaakcadeautjes.nl\/de\/produkt\/satinkordel-15-mm-silber-gross-verbrauch-pro-rolle-80m\/#breadcrumb","itemListElement":[{"@type":"ListItem","position":1,"name":"Startseite","item":"https:\/\/www.jootjeshaakcadeautjes.nl\/de\/"},{"@type":"ListItem","position":2,"name":"Gro\u00dfhandel mit Silikonperlen &#8211; Business und Consumer","item":"https:\/\/www.jootjeshaakcadeautjes.nl\/de\/shop\/"},{"@type":"ListItem","position":3,"name":"Satinkordel 1,5 mm &#8211; Silber &#8211; Gro\u00dfhandel &#8211; pro Spule 80m"}]},{"@type":"WebSite","@id":"https:\/\/www.jootjeshaakcadeautjes.nl\/de\/#website","url":"https:\/\/www.jootjeshaakcadeautjes.nl\/de\/","name":"Jootjes Haakcadeautjes","description":"Silikonperlen Gro\u00dfhandel ","publisher":{"@id":"https:\/\/www.jootjeshaakcadeautjes.nl\/de\/#organization"},"potentialAction":[{"@type":"SearchAction","target":{"@type":"EntryPoint","urlTemplate":"https:\/\/www.jootjeshaakcadeautjes.nl\/de\/?s={search_term_string}"},"query-input":{"@type":"PropertyValueSpecification","valueRequired":true,"valueName":"search_term_string"}}],"inLanguage":"de"},{"@type":"Organization","@id":"https:\/\/www.jootjeshaakcadeautjes.nl\/de\/#organization","name":"Jootjes Haakcadeautjes","url":"https:\/\/www.jootjeshaakcadeautjes.nl\/de\/","logo":{"@type":"ImageObject","inLanguage":"de","@id":"https:\/\/www.jootjeshaakcadeautjes.nl\/de\/#\/schema\/logo\/image\/","url":"https:\/\/d1dyryakdmle7o.cloudfront.net\/wp-content\/uploads\/2023\/05\/Logo-rond.png","contentUrl":"https:\/\/d1dyryakdmle7o.cloudfront.net\/wp-content\/uploads\/2023\/05\/Logo-rond.png","width":1222,"height":1222,"caption":"Jootjes Haakcadeautjes"},"image":{"@id":"https:\/\/www.jootjeshaakcadeautjes.nl\/de\/#\/schema\/logo\/image\/"}}]},"product_price_amount":"18.00","product_price_currency":"EUR","og_availability":"instock","product_availability":"instock","product_retailer_item_id":"SAT-K15-ZILTK","product_condition":"new"},"_links":{"self":[{"href":"https:\/\/www.jootjeshaakcadeautjes.nl\/de\/wp-json\/wp\/v2\/product\/121333","targetHints":{"allow":["GET"]}}],"collection":[{"href":"https:\/\/www.jootjeshaakcadeautjes.nl\/de\/wp-json\/wp\/v2\/product"}],"about":[{"href":"https:\/\/www.jootjeshaakcadeautjes.nl\/de\/wp-json\/wp\/v2\/types\/product"}],"version-history":[{"count":0,"href":"https:\/\/www.jootjeshaakcadeautjes.nl\/de\/wp-json\/wp\/v2\/product\/121333\/revisions"}],"wp:featuredmedia":[{"embeddable":true,"href":"https:\/\/www.jootjeshaakcadeautjes.nl\/de\/wp-json\/wp\/v2\/media\/80002"}],"wp:attachment":[{"href":"https:\/\/www.jootjeshaakcadeautjes.nl\/de\/wp-json\/wp\/v2\/media?parent=121333"}],"wp:term":[{"taxonomy":"product_brand","embeddable":true,"href":"https:\/\/www.jootjeshaakcadeautjes.nl\/de\/wp-json\/wp\/v2\/product_brand?post=121333"},{"taxonomy":"product_cat","embeddable":true,"href":"https:\/\/www.jootjeshaakcadeautjes.nl\/de\/wp-json\/wp\/v2\/product_cat?post=121333"},{"taxonomy":"product_tag","embeddable":true,"href":"https:\/\/www.jootjeshaakcadeautjes.nl\/de\/wp-json\/wp\/v2\/product_tag?post=121333"}],"curies":[{"name":"wp","href":"https:\/\/api.w.org\/{rel}","templated":true}]}}