{"id":121437,"date":"2022-02-12T17:21:17","date_gmt":"2022-02-12T16:21:17","guid":{"rendered":"https:\/\/www.jootjeshaakcadeautjes.nl\/product\/holzperle-graviert-herz-buche-20-mm\/"},"modified":"2025-03-11T16:58:06","modified_gmt":"2025-03-11T15:58:06","slug":"holzperle-graviert-herz-buche-20-mm","status":"publish","type":"product","link":"https:\/\/www.jootjeshaakcadeautjes.nl\/de\/produkt\/holzperle-graviert-herz-buche-20-mm\/","title":{"rendered":"Holzperle &#8211; Graviert &#8211; Herz &#8211; Buchenholz &#8211; 20 mm &#8211; von oben nach unten"},"content":{"rendered":"<h2><strong>Holzperlen &#8211; Buchenholz &#8211; 20 mm Durchmesser &#8211; mit eingraviertem Herz.<\/strong><\/h2>\n<p><strong>Das Loch verl\u00e4uft von oben nach unten<\/strong><\/p>\n<p>Hergestellt aus rohem (nicht lackiertem, gebeiztem oder ge\u00f6ltem) Holz. Die Oberfl\u00e4che ist jedoch extrem glatt.<br \/>\nAuf jeder Perle befinden sich 2 Herzen! \u00d6ffnung von 4 mm Durchmesser.<\/p>\n<p>Ideal als Schnullerclip, Bei\u00dfring oder Still-Halskette.<\/p>\n<p>&nbsp;<\/p>\n","protected":false},"excerpt":{"rendered":"<p>Buchenholzperlen 20 mm<br \/>\nGraviertes Herz, 2 Seiten.<\/p>\n<p>Loch von oben nach unten, ca. 4 mm im Durchmesser.<\/p>\n","protected":false},"featured_media":74584,"template":"","meta":[],"product_brand":[],"product_cat":[8247,8026,7380,8045,6995],"product_tag":[7519,8100,8088,9543,7385,8047,8564,7416,8261,8046,7196,7442,7199,8089,9609,9610,7435,8028],"class_list":{"0":"post-121437","1":"product","2":"type-product","3":"status-publish","4":"has-post-thumbnail","6":"product_cat-bastelmaterial-hakelzubehor","7":"product_cat-gravierte-holzperlen-fur-schnullerschnur-und-beisring","8":"product_cat-herstellung-von-baby-beisspielzeug-materialien-fur-schnuller-und-beisringe","9":"product_cat-holzperlen-schnullerband-und-beisring-alle-holzperlen","10":"product_cat-lasergravieren-alle-produkte","11":"product_tag-20-mm-de","12":"product_tag-20mm-de","13":"product_tag-baby-turnhalle","14":"product_tag-babyspielzeug","15":"product_tag-beisring","16":"product_tag-buche","17":"product_tag-buchenholz-de","18":"product_tag-gummischnur","19":"product_tag-herz-de","20":"product_tag-holz-de","21":"product_tag-holz","22":"product_tag-kinderwagenkette","23":"product_tag-perlen","24":"product_tag-roh","25":"product_tag-uber-de","26":"product_tag-unter-de-3","27":"product_tag-wulst","28":"product_tag-zu","30":"first","31":"instock","32":"taxable","33":"shipping-taxable","34":"purchasable","35":"product-type-simple"},"bundled_by":[],"bundle_stock_status":"instock","bundle_stock_quantity":714,"bundle_virtual":false,"bundle_layout":"","bundle_add_to_cart_form_location":"","bundle_editable_in_cart":false,"bundle_sold_individually_context":"","bundle_item_grouping":"","bundle_min_size":"","bundle_max_size":"","bundle_price":[],"bundled_items":[],"bundle_sell_ids":[],"yoast_head":"<!-- This site is optimized with the Yoast SEO Premium plugin v27.6 (Yoast SEO v27.6) - https:\/\/yoast.com\/product\/yoast-seo-premium-wordpress\/ -->\n<title>Holzperle - Graviert - Herz - Buchenholz - 20 mm - von oben nach unten - Jootjes Haakcadeautjes<\/title>\n<meta name=\"description\" content=\"Sch\u00f6ne glatte Buchenholzperlen (20 mm) mit einem sch\u00f6n gravierten Herz auf zwei Seiten. Keine Lackierung, sehr sch\u00f6ne Oberfl\u00e4che. Einzigartig schickes Produkt!\" \/>\n<meta name=\"robots\" content=\"index, follow, max-snippet:-1, max-image-preview:large, max-video-preview:-1\" \/>\n<link rel=\"canonical\" href=\"https:\/\/www.jootjeshaakcadeautjes.nl\/de\/produkt\/holzperle-graviert-herz-buche-20-mm\/\" \/>\n<meta property=\"og:locale\" content=\"de_DE\" \/>\n<meta property=\"og:type\" content=\"article\" \/>\n<meta property=\"og:title\" content=\"Holzperle - Graviert - Herz - Buchenholz - 20 mm - von oben nach unten\" \/>\n<meta property=\"og:description\" content=\"Sch\u00f6ne glatte Buchenholzperlen (20 mm) mit einem sch\u00f6n gravierten Herz auf zwei Seiten. Keine Lackierung, sehr sch\u00f6ne Oberfl\u00e4che. Einzigartig schickes Produkt!\" \/>\n<meta property=\"og:url\" content=\"https:\/\/www.jootjeshaakcadeautjes.nl\/de\/produkt\/holzperle-graviert-herz-buche-20-mm\/\" \/>\n<meta property=\"og:site_name\" content=\"Jootjes Haakcadeautjes\" \/>\n<meta property=\"article:modified_time\" content=\"2025-03-11T15:58:06+00:00\" \/>\n<meta property=\"og:image\" content=\"https:\/\/www.jootjeshaakcadeautjes.nl\/wp-content\/uploads\/2020\/11\/20201122_003448.jpg\" \/>\n\t<meta property=\"og:image:width\" content=\"1819\" \/>\n\t<meta property=\"og:image:height\" content=\"1819\" \/>\n\t<meta property=\"og:image:type\" content=\"image\/jpeg\" \/>\n<meta name=\"twitter:card\" content=\"summary_large_image\" \/>\n<meta name=\"twitter:label1\" content=\"Preis\" \/>\n\t<meta name=\"twitter:data1\" content=\"&euro;0.60 inkl. MwSt.\" \/>\n\t<meta name=\"twitter:label2\" content=\"Verf\u00fcgbarkeit\" \/>\n\t<meta name=\"twitter:data2\" content=\"Auf Lager\" \/>\n<script type=\"application\/ld+json\" class=\"yoast-schema-graph\">{\"@context\":\"https:\\\/\\\/schema.org\",\"@graph\":[{\"@type\":\"WebPage\",\"@id\":\"https:\\\/\\\/www.jootjeshaakcadeautjes.nl\\\/de\\\/produkt\\\/holzperle-graviert-herz-buche-20-mm\\\/\",\"url\":\"https:\\\/\\\/www.jootjeshaakcadeautjes.nl\\\/de\\\/produkt\\\/holzperle-graviert-herz-buche-20-mm\\\/\",\"name\":\"Holzperle - Graviert - Herz - Buchenholz - 20 mm - von oben nach unten - Jootjes Haakcadeautjes\",\"isPartOf\":{\"@id\":\"https:\\\/\\\/www.jootjeshaakcadeautjes.nl\\\/de\\\/#website\"},\"primaryImageOfPage\":{\"@id\":\"https:\\\/\\\/www.jootjeshaakcadeautjes.nl\\\/de\\\/produkt\\\/holzperle-graviert-herz-buche-20-mm\\\/#primaryimage\"},\"image\":{\"@id\":\"https:\\\/\\\/www.jootjeshaakcadeautjes.nl\\\/de\\\/produkt\\\/holzperle-graviert-herz-buche-20-mm\\\/#primaryimage\"},\"thumbnailUrl\":\"https:\\\/\\\/d1dyryakdmle7o.cloudfront.net\\\/wp-content\\\/uploads\\\/2020\\\/11\\\/20201122_003448.jpg\",\"datePublished\":\"2022-02-12T16:21:17+00:00\",\"dateModified\":\"2025-03-11T15:58:06+00:00\",\"description\":\"Sch\u00f6ne glatte Buchenholzperlen (20 mm) mit einem sch\u00f6n gravierten Herz auf zwei Seiten. Keine Lackierung, sehr sch\u00f6ne Oberfl\u00e4che. Einzigartig schickes Produkt!\",\"breadcrumb\":{\"@id\":\"https:\\\/\\\/www.jootjeshaakcadeautjes.nl\\\/de\\\/produkt\\\/holzperle-graviert-herz-buche-20-mm\\\/#breadcrumb\"},\"inLanguage\":\"de\",\"potentialAction\":[{\"@type\":\"ReadAction\",\"target\":[\"https:\\\/\\\/www.jootjeshaakcadeautjes.nl\\\/de\\\/produkt\\\/holzperle-graviert-herz-buche-20-mm\\\/\"]}]},{\"@type\":\"ImageObject\",\"inLanguage\":\"de\",\"@id\":\"https:\\\/\\\/www.jootjeshaakcadeautjes.nl\\\/de\\\/produkt\\\/holzperle-graviert-herz-buche-20-mm\\\/#primaryimage\",\"url\":\"https:\\\/\\\/d1dyryakdmle7o.cloudfront.net\\\/wp-content\\\/uploads\\\/2020\\\/11\\\/20201122_003448.jpg\",\"contentUrl\":\"https:\\\/\\\/d1dyryakdmle7o.cloudfront.net\\\/wp-content\\\/uploads\\\/2020\\\/11\\\/20201122_003448.jpg\",\"width\":1819,\"height\":1819},{\"@type\":\"BreadcrumbList\",\"@id\":\"https:\\\/\\\/www.jootjeshaakcadeautjes.nl\\\/de\\\/produkt\\\/holzperle-graviert-herz-buche-20-mm\\\/#breadcrumb\",\"itemListElement\":[{\"@type\":\"ListItem\",\"position\":1,\"name\":\"Startseite\",\"item\":\"https:\\\/\\\/www.jootjeshaakcadeautjes.nl\\\/de\\\/\"},{\"@type\":\"ListItem\",\"position\":2,\"name\":\"Gro\u00dfhandel mit Silikonperlen &#8211; Business und Consumer\",\"item\":\"https:\\\/\\\/www.jootjeshaakcadeautjes.nl\\\/de\\\/shop\\\/\"},{\"@type\":\"ListItem\",\"position\":3,\"name\":\"Holzperle &#8211; Graviert &#8211; Herz &#8211; Buchenholz &#8211; 20 mm &#8211; von oben nach unten\"}]},{\"@type\":\"WebSite\",\"@id\":\"https:\\\/\\\/www.jootjeshaakcadeautjes.nl\\\/de\\\/#website\",\"url\":\"https:\\\/\\\/www.jootjeshaakcadeautjes.nl\\\/de\\\/\",\"name\":\"Jootjes Haakcadeautjes\",\"description\":\"Silikonperlen Gro\u00dfhandel \",\"publisher\":{\"@id\":\"https:\\\/\\\/www.jootjeshaakcadeautjes.nl\\\/de\\\/#organization\"},\"potentialAction\":[{\"@type\":\"SearchAction\",\"target\":{\"@type\":\"EntryPoint\",\"urlTemplate\":\"https:\\\/\\\/www.jootjeshaakcadeautjes.nl\\\/de\\\/?s={search_term_string}\"},\"query-input\":{\"@type\":\"PropertyValueSpecification\",\"valueRequired\":true,\"valueName\":\"search_term_string\"}}],\"inLanguage\":\"de\"},{\"@type\":\"Organization\",\"@id\":\"https:\\\/\\\/www.jootjeshaakcadeautjes.nl\\\/de\\\/#organization\",\"name\":\"Jootjes Haakcadeautjes\",\"url\":\"https:\\\/\\\/www.jootjeshaakcadeautjes.nl\\\/de\\\/\",\"logo\":{\"@type\":\"ImageObject\",\"inLanguage\":\"de\",\"@id\":\"https:\\\/\\\/www.jootjeshaakcadeautjes.nl\\\/de\\\/#\\\/schema\\\/logo\\\/image\\\/\",\"url\":\"https:\\\/\\\/d1dyryakdmle7o.cloudfront.net\\\/wp-content\\\/uploads\\\/2023\\\/05\\\/Logo-rond.png\",\"contentUrl\":\"https:\\\/\\\/d1dyryakdmle7o.cloudfront.net\\\/wp-content\\\/uploads\\\/2023\\\/05\\\/Logo-rond.png\",\"width\":1222,\"height\":1222,\"caption\":\"Jootjes Haakcadeautjes\"},\"image\":{\"@id\":\"https:\\\/\\\/www.jootjeshaakcadeautjes.nl\\\/de\\\/#\\\/schema\\\/logo\\\/image\\\/\"}}]}<\/script>\n<meta property=\"product:price:amount\" content=\"0.60\" \/>\n<meta property=\"product:price:currency\" content=\"EUR\" \/>\n<meta property=\"og:availability\" content=\"instock\" \/>\n<meta property=\"product:availability\" content=\"instock\" \/>\n<meta property=\"product:retailer_item_id\" content=\"HKR-BKG-HBB\" \/>\n<meta property=\"product:condition\" content=\"new\" \/>\n<!-- \/ Yoast SEO Premium plugin. -->","yoast_head_json":{"title":"Holzperle - Graviert - Herz - Buchenholz - 20 mm - von oben nach unten - Jootjes Haakcadeautjes","description":"Sch\u00f6ne glatte Buchenholzperlen (20 mm) mit einem sch\u00f6n gravierten Herz auf zwei Seiten. Keine Lackierung, sehr sch\u00f6ne Oberfl\u00e4che. Einzigartig schickes Produkt!","robots":{"index":"index","follow":"follow","max-snippet":"max-snippet:-1","max-image-preview":"max-image-preview:large","max-video-preview":"max-video-preview:-1"},"canonical":"https:\/\/www.jootjeshaakcadeautjes.nl\/de\/produkt\/holzperle-graviert-herz-buche-20-mm\/","og_locale":"de_DE","og_type":"article","og_title":"Holzperle - Graviert - Herz - Buchenholz - 20 mm - von oben nach unten","og_description":"Sch\u00f6ne glatte Buchenholzperlen (20 mm) mit einem sch\u00f6n gravierten Herz auf zwei Seiten. Keine Lackierung, sehr sch\u00f6ne Oberfl\u00e4che. Einzigartig schickes Produkt!","og_url":"https:\/\/www.jootjeshaakcadeautjes.nl\/de\/produkt\/holzperle-graviert-herz-buche-20-mm\/","og_site_name":"Jootjes Haakcadeautjes","article_modified_time":"2025-03-11T15:58:06+00:00","og_image":[{"width":1819,"height":1819,"url":"https:\/\/www.jootjeshaakcadeautjes.nl\/wp-content\/uploads\/2020\/11\/20201122_003448.jpg","type":"image\/jpeg"}],"twitter_card":"summary_large_image","twitter_misc":{"Preis":"&euro;0.60 inkl. MwSt.","Verf\u00fcgbarkeit":"Auf Lager"},"schema":{"@context":"https:\/\/schema.org","@graph":[{"@type":"WebPage","@id":"https:\/\/www.jootjeshaakcadeautjes.nl\/de\/produkt\/holzperle-graviert-herz-buche-20-mm\/","url":"https:\/\/www.jootjeshaakcadeautjes.nl\/de\/produkt\/holzperle-graviert-herz-buche-20-mm\/","name":"Holzperle - Graviert - Herz - Buchenholz - 20 mm - von oben nach unten - Jootjes Haakcadeautjes","isPartOf":{"@id":"https:\/\/www.jootjeshaakcadeautjes.nl\/de\/#website"},"primaryImageOfPage":{"@id":"https:\/\/www.jootjeshaakcadeautjes.nl\/de\/produkt\/holzperle-graviert-herz-buche-20-mm\/#primaryimage"},"image":{"@id":"https:\/\/www.jootjeshaakcadeautjes.nl\/de\/produkt\/holzperle-graviert-herz-buche-20-mm\/#primaryimage"},"thumbnailUrl":"https:\/\/d1dyryakdmle7o.cloudfront.net\/wp-content\/uploads\/2020\/11\/20201122_003448.jpg","datePublished":"2022-02-12T16:21:17+00:00","dateModified":"2025-03-11T15:58:06+00:00","description":"Sch\u00f6ne glatte Buchenholzperlen (20 mm) mit einem sch\u00f6n gravierten Herz auf zwei Seiten. Keine Lackierung, sehr sch\u00f6ne Oberfl\u00e4che. Einzigartig schickes Produkt!","breadcrumb":{"@id":"https:\/\/www.jootjeshaakcadeautjes.nl\/de\/produkt\/holzperle-graviert-herz-buche-20-mm\/#breadcrumb"},"inLanguage":"de","potentialAction":[{"@type":"ReadAction","target":["https:\/\/www.jootjeshaakcadeautjes.nl\/de\/produkt\/holzperle-graviert-herz-buche-20-mm\/"]}]},{"@type":"ImageObject","inLanguage":"de","@id":"https:\/\/www.jootjeshaakcadeautjes.nl\/de\/produkt\/holzperle-graviert-herz-buche-20-mm\/#primaryimage","url":"https:\/\/d1dyryakdmle7o.cloudfront.net\/wp-content\/uploads\/2020\/11\/20201122_003448.jpg","contentUrl":"https:\/\/d1dyryakdmle7o.cloudfront.net\/wp-content\/uploads\/2020\/11\/20201122_003448.jpg","width":1819,"height":1819},{"@type":"BreadcrumbList","@id":"https:\/\/www.jootjeshaakcadeautjes.nl\/de\/produkt\/holzperle-graviert-herz-buche-20-mm\/#breadcrumb","itemListElement":[{"@type":"ListItem","position":1,"name":"Startseite","item":"https:\/\/www.jootjeshaakcadeautjes.nl\/de\/"},{"@type":"ListItem","position":2,"name":"Gro\u00dfhandel mit Silikonperlen &#8211; Business und Consumer","item":"https:\/\/www.jootjeshaakcadeautjes.nl\/de\/shop\/"},{"@type":"ListItem","position":3,"name":"Holzperle &#8211; Graviert &#8211; Herz &#8211; Buchenholz &#8211; 20 mm &#8211; von oben nach unten"}]},{"@type":"WebSite","@id":"https:\/\/www.jootjeshaakcadeautjes.nl\/de\/#website","url":"https:\/\/www.jootjeshaakcadeautjes.nl\/de\/","name":"Jootjes Haakcadeautjes","description":"Silikonperlen Gro\u00dfhandel ","publisher":{"@id":"https:\/\/www.jootjeshaakcadeautjes.nl\/de\/#organization"},"potentialAction":[{"@type":"SearchAction","target":{"@type":"EntryPoint","urlTemplate":"https:\/\/www.jootjeshaakcadeautjes.nl\/de\/?s={search_term_string}"},"query-input":{"@type":"PropertyValueSpecification","valueRequired":true,"valueName":"search_term_string"}}],"inLanguage":"de"},{"@type":"Organization","@id":"https:\/\/www.jootjeshaakcadeautjes.nl\/de\/#organization","name":"Jootjes Haakcadeautjes","url":"https:\/\/www.jootjeshaakcadeautjes.nl\/de\/","logo":{"@type":"ImageObject","inLanguage":"de","@id":"https:\/\/www.jootjeshaakcadeautjes.nl\/de\/#\/schema\/logo\/image\/","url":"https:\/\/d1dyryakdmle7o.cloudfront.net\/wp-content\/uploads\/2023\/05\/Logo-rond.png","contentUrl":"https:\/\/d1dyryakdmle7o.cloudfront.net\/wp-content\/uploads\/2023\/05\/Logo-rond.png","width":1222,"height":1222,"caption":"Jootjes Haakcadeautjes"},"image":{"@id":"https:\/\/www.jootjeshaakcadeautjes.nl\/de\/#\/schema\/logo\/image\/"}}]},"product_price_amount":"0.60","product_price_currency":"EUR","og_availability":"instock","product_availability":"instock","product_retailer_item_id":"HKR-BKG-HBB","product_condition":"new"},"_links":{"self":[{"href":"https:\/\/www.jootjeshaakcadeautjes.nl\/de\/wp-json\/wp\/v2\/product\/121437","targetHints":{"allow":["GET"]}}],"collection":[{"href":"https:\/\/www.jootjeshaakcadeautjes.nl\/de\/wp-json\/wp\/v2\/product"}],"about":[{"href":"https:\/\/www.jootjeshaakcadeautjes.nl\/de\/wp-json\/wp\/v2\/types\/product"}],"version-history":[{"count":0,"href":"https:\/\/www.jootjeshaakcadeautjes.nl\/de\/wp-json\/wp\/v2\/product\/121437\/revisions"}],"wp:featuredmedia":[{"embeddable":true,"href":"https:\/\/www.jootjeshaakcadeautjes.nl\/de\/wp-json\/wp\/v2\/media\/74584"}],"wp:attachment":[{"href":"https:\/\/www.jootjeshaakcadeautjes.nl\/de\/wp-json\/wp\/v2\/media?parent=121437"}],"wp:term":[{"taxonomy":"product_brand","embeddable":true,"href":"https:\/\/www.jootjeshaakcadeautjes.nl\/de\/wp-json\/wp\/v2\/product_brand?post=121437"},{"taxonomy":"product_cat","embeddable":true,"href":"https:\/\/www.jootjeshaakcadeautjes.nl\/de\/wp-json\/wp\/v2\/product_cat?post=121437"},{"taxonomy":"product_tag","embeddable":true,"href":"https:\/\/www.jootjeshaakcadeautjes.nl\/de\/wp-json\/wp\/v2\/product_tag?post=121437"}],"curies":[{"name":"wp","href":"https:\/\/api.w.org\/{rel}","templated":true}]}}