{"id":121500,"date":"2021-12-30T11:51:59","date_gmt":"2021-12-30T09:51:59","guid":{"rendered":"https:\/\/www.jootjeshaakcadeautjes.nl\/product\/fingerspitzenzahnbuerste-littlejo-milk-chocolate\/"},"modified":"2025-10-16T12:30:15","modified_gmt":"2025-10-16T10:30:15","slug":"fingerspitzenzahnbuerste-littlejo-milk-chocolate","status":"publish","type":"product","link":"https:\/\/www.jootjeshaakcadeautjes.nl\/de\/produkt\/fingerspitzenzahnbuerste-littlejo-milk-chocolate\/","title":{"rendered":"Silikon-Fingerspitzenzahnb\u00fcrste mit Aufbewahrungsbox &#8211; LittleJo &#8211; Milchschokolade"},"content":{"rendered":"<h2>Silikon-Fingerspitzenzahnb\u00fcrste mit Aufbewahrungsbox &#8211; LittleJo &#8211; Mintgr\u00fcn<\/h2>\n<p>Produkt: Fingertip-Zahnb\u00fcrste mit durchsichtigem Hartplastik-Etui<br \/>\nFarbtyp: Vollmilchschokolade<br \/>\nMarke: LittleJo<br \/>\nMaterial: 100% babysicheres, BPA-freies Silikonmaterial, chemisch getestet und v\u00f6llig sicher (frei von PVC, Phthalaten und mehr) gem\u00e4\u00df EN-71-Normen f\u00fcr Babys.<\/p>\n<h3>Wie verwende ich eine Fingerzahnb\u00fcrste?<\/h3>\n<p>Von dem Moment an, in dem die ersten Z\u00e4hne Ihres Kindes durchkommen, m\u00fcssen sie richtig gepflegt werden. Oft ist das erste Z\u00e4hneputzen eine ziemliche Herausforderung f\u00fcr den Anfang. In der Tat ist die erste Reaktion der Kleinen meist, die Zahnb\u00fcrste abzuwehren und zu weinen. &#8220;Man kann fast sehen, wie sie denken: Warum will Mami oder Papi pl\u00f6tzlich dieses widerliche Ding in meinen Mund stecken? Meine Z\u00e4hne tun schon weh&#8230;. Geh weg!&#8221; Dann bieten diese Fingerzahnb\u00fcrsten eine L\u00f6sung!<\/p>\n<p>Da es sich um Fingerspitzenzahnb\u00fcrsten handelt, k\u00f6nnen Sie die Zahnb\u00fcrsten leicht lenken. Au\u00dferdem sitzt er auf Ihrem Finger, so dass Ihr Kleines ihn eher erkennt und nicht so leicht ablehnt. Au\u00dferdem ist es aus sehr feinem und weichem Silikon mit sehr weichen B\u00fcrsten gefertigt. Die Kombination aus diesen weichen B\u00fcrsten und dem Einsatz der eigenen H\u00e4nde massiert das Zahnfleisch und l\u00e4sst diese Zahnb\u00fcrsten tats\u00e4chlich enorm schmerzlindernd wirken! Die lustigen Farben machen es zu einem Spielzeug und \u00e4hneln dem verwendeten Silikon von Bei\u00dfringen, Bei\u00dffiguren und\/oder Schnullerkordeln. So k\u00f6nnen Sie Ihr Kind auf spielerische Art und Weise an die Zahnb\u00fcrste gew\u00f6hnen. Sie ist also die perfekte Zwischenform, um sich sp\u00e4ter an eine richtige Zahnb\u00fcrste zu gew\u00f6hnen.<\/p>\n<h3>Reinigung der Fingertip-Zahnb\u00fcrste<\/h3>\n<p>Die Zahnb\u00fcrste wird mit einer Aufbewahrungsbox geliefert. So k\u00f6nnen Sie die Zahnb\u00fcrste auch sauber und sicher mitgeben, wenn Ihr Kind z. B. bei den Gro\u00dfeltern \u00fcbernachtet oder wenn Sie sie mit in den Urlaub nehmen wollen. Fingerspitzenzahnb\u00fcrsten werden mehrmals am Tag benutzt und gelangen in den Mund von Kleinkindern. Dabei k\u00f6nnen sie mit Bakterien in Kontakt kommen. Die Zahnb\u00fcrsten lassen sich daher leicht mit warmem Wasser und nach M\u00f6glichkeit mit milder Seifenlauge reinigen. Sp\u00fclen Sie die Zahnb\u00fcrste gut aus und sch\u00fctteln Sie sie trocken. Danach lassen Sie es au\u00dferhalb der Aufbewahrungsbox gr\u00fcndlich trocknen, zum Beispiel auf einem St\u00fcck K\u00fcchenpapier.<\/p>\n<p>M\u00f6chten Sie die Fingerspitzenzahnb\u00fcrste aus Silikon gr\u00fcndlich reinigen? Lassen Sie das Wasser im Kessel kochen. Gie\u00dfen Sie das Wasser in eine Sch\u00fcssel. Legen Sie die Zahnb\u00fcrste hinein und lassen Sie sie f\u00fcnf Minuten lang einweichen. Sp\u00fclen Sie das Wasser ab und trocknen Sie die Zahnb\u00fcrste gr\u00fcndlich.<\/p>\n","protected":false},"excerpt":{"rendered":"<p>Produkt: Fingertip-Zahnb\u00fcrste mit durchsichtigem Hartplastik-Etui<br \/>\nFarbtyp: Vollmilchschokolade<br \/>\nMarke: LittleJo<br \/>\nMaterial: 100% babysicheres, BPA-freies Silikonmaterial, chemisch getestet und v\u00f6llig sicher (frei von PVC, Phthalaten und mehr) gem\u00e4\u00df EN-71-Normen f\u00fcr Babys.<\/p>\n<p>F\u00fcr weitere Informationen lesen Sie bitte weiter unten.<\/p>\n","protected":false},"featured_media":78892,"template":"","meta":[],"product_brand":[],"product_cat":[8184,9638],"product_tag":[9655,7510,9649,7419,8491,8315,9641,9643,9654,7933,7464,8562,7451,8583,8012,9632,8591,9652,9648,7505,7520,7211,9646,8309,8105],"class_list":{"0":"post-121500","1":"product","2":"type-product","3":"status-publish","4":"has-post-thumbnail","6":"product_cat-baby-zubehor","7":"product_cat-fingerspitzen-zahnbursten-aus-silikon-littlejo","8":"product_tag-aufbewahrungsbox","9":"product_tag-baby-de","10":"product_tag-benutzt-werden","11":"product_tag-bpa-de","12":"product_tag-bpavfree","13":"product_tag-durchkommend","14":"product_tag-finger-de","15":"product_tag-fingerspitzengefuhl","16":"product_tag-fingerzahnburste","17":"product_tag-geschenk-fur-die-mutterschaft","18":"product_tag-groshandel","19":"product_tag-kleinkind","20":"product_tag-kostenlos","21":"product_tag-littlejo-de","22":"product_tag-milch","23":"product_tag-mushie-de","24":"product_tag-musthaves-de","25":"product_tag-polieren","26":"product_tag-praxis","27":"product_tag-schokolade","28":"product_tag-sicher","29":"product_tag-silikon","30":"product_tag-zahnburste","31":"product_tag-zahne","32":"product_tag-zubehor","34":"first","35":"instock","36":"taxable","37":"shipping-taxable","38":"purchasable","39":"product-type-simple"},"bundled_by":[],"bundle_stock_status":"instock","bundle_stock_quantity":13,"bundle_virtual":false,"bundle_layout":"","bundle_add_to_cart_form_location":"","bundle_editable_in_cart":false,"bundle_sold_individually_context":"","bundle_item_grouping":"","bundle_min_size":"","bundle_max_size":"","bundle_price":[],"bundled_items":[],"bundle_sell_ids":[],"yoast_head":"<!-- This site is optimized with the Yoast SEO Premium plugin v27.6 (Yoast SEO v27.6) - https:\/\/yoast.com\/product\/yoast-seo-premium-wordpress\/ -->\n<title>Silikon-Fingerspitzenzahnb\u00fcrste - LittleJo - Schokolade<\/title>\n<meta name=\"description\" content=\"Silikon-Fingerzahnb\u00fcrste von LittleJo in der Farbe Chcolate aus bpa-freiem Silikon. Ideal f\u00fcr die ersten Z\u00e4hne und die Gew\u00f6hnung an das Z\u00e4hneputzen.\" \/>\n<meta name=\"robots\" content=\"index, follow, max-snippet:-1, max-image-preview:large, max-video-preview:-1\" \/>\n<link rel=\"canonical\" href=\"https:\/\/www.jootjeshaakcadeautjes.nl\/de\/produkt\/fingerspitzenzahnbuerste-littlejo-milk-chocolate\/\" \/>\n<meta property=\"og:locale\" content=\"de_DE\" \/>\n<meta property=\"og:type\" content=\"article\" \/>\n<meta property=\"og:title\" content=\"Silikon-Fingerspitzenzahnb\u00fcrste mit Aufbewahrungsbox - LittleJo - Milchschokolade\" \/>\n<meta property=\"og:description\" content=\"Silikon-Fingerzahnb\u00fcrste von LittleJo in der Farbe Chcolate aus bpa-freiem Silikon. Ideal f\u00fcr die ersten Z\u00e4hne und die Gew\u00f6hnung an das Z\u00e4hneputzen.\" \/>\n<meta property=\"og:url\" content=\"https:\/\/www.jootjeshaakcadeautjes.nl\/de\/produkt\/fingerspitzenzahnbuerste-littlejo-milk-chocolate\/\" \/>\n<meta property=\"og:site_name\" content=\"Jootjes Haakcadeautjes\" \/>\n<meta property=\"article:modified_time\" content=\"2025-10-16T10:30:15+00:00\" \/>\n<meta property=\"og:image\" content=\"https:\/\/www.jootjeshaakcadeautjes.nl\/wp-content\/uploads\/2021\/12\/6.jpg\" \/>\n\t<meta property=\"og:image:width\" content=\"800\" \/>\n\t<meta property=\"og:image:height\" content=\"800\" \/>\n\t<meta property=\"og:image:type\" content=\"image\/jpeg\" \/>\n<meta name=\"twitter:card\" content=\"summary_large_image\" \/>\n<meta name=\"twitter:label1\" content=\"Preis\" \/>\n\t<meta name=\"twitter:data1\" content=\"&euro;1.95 inkl. MwSt.\" \/>\n\t<meta name=\"twitter:label2\" content=\"Verf\u00fcgbarkeit\" \/>\n\t<meta name=\"twitter:data2\" content=\"Auf Lager\" \/>\n<script type=\"application\/ld+json\" class=\"yoast-schema-graph\">{\"@context\":\"https:\\\/\\\/schema.org\",\"@graph\":[{\"@type\":\"WebPage\",\"@id\":\"https:\\\/\\\/www.jootjeshaakcadeautjes.nl\\\/de\\\/produkt\\\/fingerspitzenzahnbuerste-littlejo-milk-chocolate\\\/\",\"url\":\"https:\\\/\\\/www.jootjeshaakcadeautjes.nl\\\/de\\\/produkt\\\/fingerspitzenzahnbuerste-littlejo-milk-chocolate\\\/\",\"name\":\"Silikon-Fingerspitzenzahnb\u00fcrste - LittleJo - Schokolade\",\"isPartOf\":{\"@id\":\"https:\\\/\\\/www.jootjeshaakcadeautjes.nl\\\/de\\\/#website\"},\"primaryImageOfPage\":{\"@id\":\"https:\\\/\\\/www.jootjeshaakcadeautjes.nl\\\/de\\\/produkt\\\/fingerspitzenzahnbuerste-littlejo-milk-chocolate\\\/#primaryimage\"},\"image\":{\"@id\":\"https:\\\/\\\/www.jootjeshaakcadeautjes.nl\\\/de\\\/produkt\\\/fingerspitzenzahnbuerste-littlejo-milk-chocolate\\\/#primaryimage\"},\"thumbnailUrl\":\"https:\\\/\\\/d1dyryakdmle7o.cloudfront.net\\\/wp-content\\\/uploads\\\/2021\\\/12\\\/6.jpg\",\"datePublished\":\"2021-12-30T09:51:59+00:00\",\"dateModified\":\"2025-10-16T10:30:15+00:00\",\"description\":\"Silikon-Fingerzahnb\u00fcrste von LittleJo in der Farbe Chcolate aus bpa-freiem Silikon. Ideal f\u00fcr die ersten Z\u00e4hne und die Gew\u00f6hnung an das Z\u00e4hneputzen.\",\"breadcrumb\":{\"@id\":\"https:\\\/\\\/www.jootjeshaakcadeautjes.nl\\\/de\\\/produkt\\\/fingerspitzenzahnbuerste-littlejo-milk-chocolate\\\/#breadcrumb\"},\"inLanguage\":\"de\",\"potentialAction\":[{\"@type\":\"ReadAction\",\"target\":[\"https:\\\/\\\/www.jootjeshaakcadeautjes.nl\\\/de\\\/produkt\\\/fingerspitzenzahnbuerste-littlejo-milk-chocolate\\\/\"]}]},{\"@type\":\"ImageObject\",\"inLanguage\":\"de\",\"@id\":\"https:\\\/\\\/www.jootjeshaakcadeautjes.nl\\\/de\\\/produkt\\\/fingerspitzenzahnbuerste-littlejo-milk-chocolate\\\/#primaryimage\",\"url\":\"https:\\\/\\\/d1dyryakdmle7o.cloudfront.net\\\/wp-content\\\/uploads\\\/2021\\\/12\\\/6.jpg\",\"contentUrl\":\"https:\\\/\\\/d1dyryakdmle7o.cloudfront.net\\\/wp-content\\\/uploads\\\/2021\\\/12\\\/6.jpg\",\"width\":800,\"height\":800,\"caption\":\"Silikon Fingerspitze Zahnb\u00fcrste littlejo Gro\u00dfhandel Milchschokolade\"},{\"@type\":\"BreadcrumbList\",\"@id\":\"https:\\\/\\\/www.jootjeshaakcadeautjes.nl\\\/de\\\/produkt\\\/fingerspitzenzahnbuerste-littlejo-milk-chocolate\\\/#breadcrumb\",\"itemListElement\":[{\"@type\":\"ListItem\",\"position\":1,\"name\":\"Startseite\",\"item\":\"https:\\\/\\\/www.jootjeshaakcadeautjes.nl\\\/de\\\/\"},{\"@type\":\"ListItem\",\"position\":2,\"name\":\"Gro\u00dfhandel mit Silikonperlen &#8211; Business und Consumer\",\"item\":\"https:\\\/\\\/www.jootjeshaakcadeautjes.nl\\\/de\\\/shop\\\/\"},{\"@type\":\"ListItem\",\"position\":3,\"name\":\"Silikon-Fingerspitzenzahnb\u00fcrste mit Aufbewahrungsbox &#8211; LittleJo &#8211; Milchschokolade\"}]},{\"@type\":\"WebSite\",\"@id\":\"https:\\\/\\\/www.jootjeshaakcadeautjes.nl\\\/de\\\/#website\",\"url\":\"https:\\\/\\\/www.jootjeshaakcadeautjes.nl\\\/de\\\/\",\"name\":\"Jootjes Haakcadeautjes\",\"description\":\"Silikonperlen Gro\u00dfhandel \",\"publisher\":{\"@id\":\"https:\\\/\\\/www.jootjeshaakcadeautjes.nl\\\/de\\\/#organization\"},\"potentialAction\":[{\"@type\":\"SearchAction\",\"target\":{\"@type\":\"EntryPoint\",\"urlTemplate\":\"https:\\\/\\\/www.jootjeshaakcadeautjes.nl\\\/de\\\/?s={search_term_string}\"},\"query-input\":{\"@type\":\"PropertyValueSpecification\",\"valueRequired\":true,\"valueName\":\"search_term_string\"}}],\"inLanguage\":\"de\"},{\"@type\":\"Organization\",\"@id\":\"https:\\\/\\\/www.jootjeshaakcadeautjes.nl\\\/de\\\/#organization\",\"name\":\"Jootjes Haakcadeautjes\",\"url\":\"https:\\\/\\\/www.jootjeshaakcadeautjes.nl\\\/de\\\/\",\"logo\":{\"@type\":\"ImageObject\",\"inLanguage\":\"de\",\"@id\":\"https:\\\/\\\/www.jootjeshaakcadeautjes.nl\\\/de\\\/#\\\/schema\\\/logo\\\/image\\\/\",\"url\":\"https:\\\/\\\/d1dyryakdmle7o.cloudfront.net\\\/wp-content\\\/uploads\\\/2023\\\/05\\\/Logo-rond.png\",\"contentUrl\":\"https:\\\/\\\/d1dyryakdmle7o.cloudfront.net\\\/wp-content\\\/uploads\\\/2023\\\/05\\\/Logo-rond.png\",\"width\":1222,\"height\":1222,\"caption\":\"Jootjes Haakcadeautjes\"},\"image\":{\"@id\":\"https:\\\/\\\/www.jootjeshaakcadeautjes.nl\\\/de\\\/#\\\/schema\\\/logo\\\/image\\\/\"}}]}<\/script>\n<meta property=\"product:price:amount\" content=\"1.95\" \/>\n<meta property=\"product:price:currency\" content=\"EUR\" \/>\n<meta property=\"og:availability\" content=\"instock\" \/>\n<meta property=\"product:availability\" content=\"instock\" \/>\n<meta property=\"product:retailer_item_id\" content=\"VIN-TOP-MCHO\" \/>\n<meta property=\"product:condition\" content=\"new\" \/>\n<!-- \/ Yoast SEO Premium plugin. -->","yoast_head_json":{"title":"Silikon-Fingerspitzenzahnb\u00fcrste - LittleJo - Schokolade","description":"Silikon-Fingerzahnb\u00fcrste von LittleJo in der Farbe Chcolate aus bpa-freiem Silikon. Ideal f\u00fcr die ersten Z\u00e4hne und die Gew\u00f6hnung an das Z\u00e4hneputzen.","robots":{"index":"index","follow":"follow","max-snippet":"max-snippet:-1","max-image-preview":"max-image-preview:large","max-video-preview":"max-video-preview:-1"},"canonical":"https:\/\/www.jootjeshaakcadeautjes.nl\/de\/produkt\/fingerspitzenzahnbuerste-littlejo-milk-chocolate\/","og_locale":"de_DE","og_type":"article","og_title":"Silikon-Fingerspitzenzahnb\u00fcrste mit Aufbewahrungsbox - LittleJo - Milchschokolade","og_description":"Silikon-Fingerzahnb\u00fcrste von LittleJo in der Farbe Chcolate aus bpa-freiem Silikon. Ideal f\u00fcr die ersten Z\u00e4hne und die Gew\u00f6hnung an das Z\u00e4hneputzen.","og_url":"https:\/\/www.jootjeshaakcadeautjes.nl\/de\/produkt\/fingerspitzenzahnbuerste-littlejo-milk-chocolate\/","og_site_name":"Jootjes Haakcadeautjes","article_modified_time":"2025-10-16T10:30:15+00:00","og_image":[{"width":800,"height":800,"url":"https:\/\/www.jootjeshaakcadeautjes.nl\/wp-content\/uploads\/2021\/12\/6.jpg","type":"image\/jpeg"}],"twitter_card":"summary_large_image","twitter_misc":{"Preis":"&euro;1.95 inkl. MwSt.","Verf\u00fcgbarkeit":"Auf Lager"},"schema":{"@context":"https:\/\/schema.org","@graph":[{"@type":"WebPage","@id":"https:\/\/www.jootjeshaakcadeautjes.nl\/de\/produkt\/fingerspitzenzahnbuerste-littlejo-milk-chocolate\/","url":"https:\/\/www.jootjeshaakcadeautjes.nl\/de\/produkt\/fingerspitzenzahnbuerste-littlejo-milk-chocolate\/","name":"Silikon-Fingerspitzenzahnb\u00fcrste - LittleJo - Schokolade","isPartOf":{"@id":"https:\/\/www.jootjeshaakcadeautjes.nl\/de\/#website"},"primaryImageOfPage":{"@id":"https:\/\/www.jootjeshaakcadeautjes.nl\/de\/produkt\/fingerspitzenzahnbuerste-littlejo-milk-chocolate\/#primaryimage"},"image":{"@id":"https:\/\/www.jootjeshaakcadeautjes.nl\/de\/produkt\/fingerspitzenzahnbuerste-littlejo-milk-chocolate\/#primaryimage"},"thumbnailUrl":"https:\/\/d1dyryakdmle7o.cloudfront.net\/wp-content\/uploads\/2021\/12\/6.jpg","datePublished":"2021-12-30T09:51:59+00:00","dateModified":"2025-10-16T10:30:15+00:00","description":"Silikon-Fingerzahnb\u00fcrste von LittleJo in der Farbe Chcolate aus bpa-freiem Silikon. Ideal f\u00fcr die ersten Z\u00e4hne und die Gew\u00f6hnung an das Z\u00e4hneputzen.","breadcrumb":{"@id":"https:\/\/www.jootjeshaakcadeautjes.nl\/de\/produkt\/fingerspitzenzahnbuerste-littlejo-milk-chocolate\/#breadcrumb"},"inLanguage":"de","potentialAction":[{"@type":"ReadAction","target":["https:\/\/www.jootjeshaakcadeautjes.nl\/de\/produkt\/fingerspitzenzahnbuerste-littlejo-milk-chocolate\/"]}]},{"@type":"ImageObject","inLanguage":"de","@id":"https:\/\/www.jootjeshaakcadeautjes.nl\/de\/produkt\/fingerspitzenzahnbuerste-littlejo-milk-chocolate\/#primaryimage","url":"https:\/\/d1dyryakdmle7o.cloudfront.net\/wp-content\/uploads\/2021\/12\/6.jpg","contentUrl":"https:\/\/d1dyryakdmle7o.cloudfront.net\/wp-content\/uploads\/2021\/12\/6.jpg","width":800,"height":800,"caption":"Silikon Fingerspitze Zahnb\u00fcrste littlejo Gro\u00dfhandel Milchschokolade"},{"@type":"BreadcrumbList","@id":"https:\/\/www.jootjeshaakcadeautjes.nl\/de\/produkt\/fingerspitzenzahnbuerste-littlejo-milk-chocolate\/#breadcrumb","itemListElement":[{"@type":"ListItem","position":1,"name":"Startseite","item":"https:\/\/www.jootjeshaakcadeautjes.nl\/de\/"},{"@type":"ListItem","position":2,"name":"Gro\u00dfhandel mit Silikonperlen &#8211; Business und Consumer","item":"https:\/\/www.jootjeshaakcadeautjes.nl\/de\/shop\/"},{"@type":"ListItem","position":3,"name":"Silikon-Fingerspitzenzahnb\u00fcrste mit Aufbewahrungsbox &#8211; LittleJo &#8211; Milchschokolade"}]},{"@type":"WebSite","@id":"https:\/\/www.jootjeshaakcadeautjes.nl\/de\/#website","url":"https:\/\/www.jootjeshaakcadeautjes.nl\/de\/","name":"Jootjes Haakcadeautjes","description":"Silikonperlen Gro\u00dfhandel ","publisher":{"@id":"https:\/\/www.jootjeshaakcadeautjes.nl\/de\/#organization"},"potentialAction":[{"@type":"SearchAction","target":{"@type":"EntryPoint","urlTemplate":"https:\/\/www.jootjeshaakcadeautjes.nl\/de\/?s={search_term_string}"},"query-input":{"@type":"PropertyValueSpecification","valueRequired":true,"valueName":"search_term_string"}}],"inLanguage":"de"},{"@type":"Organization","@id":"https:\/\/www.jootjeshaakcadeautjes.nl\/de\/#organization","name":"Jootjes Haakcadeautjes","url":"https:\/\/www.jootjeshaakcadeautjes.nl\/de\/","logo":{"@type":"ImageObject","inLanguage":"de","@id":"https:\/\/www.jootjeshaakcadeautjes.nl\/de\/#\/schema\/logo\/image\/","url":"https:\/\/d1dyryakdmle7o.cloudfront.net\/wp-content\/uploads\/2023\/05\/Logo-rond.png","contentUrl":"https:\/\/d1dyryakdmle7o.cloudfront.net\/wp-content\/uploads\/2023\/05\/Logo-rond.png","width":1222,"height":1222,"caption":"Jootjes Haakcadeautjes"},"image":{"@id":"https:\/\/www.jootjeshaakcadeautjes.nl\/de\/#\/schema\/logo\/image\/"}}]},"product_price_amount":"1.95","product_price_currency":"EUR","og_availability":"instock","product_availability":"instock","product_retailer_item_id":"VIN-TOP-MCHO","product_condition":"new"},"_links":{"self":[{"href":"https:\/\/www.jootjeshaakcadeautjes.nl\/de\/wp-json\/wp\/v2\/product\/121500","targetHints":{"allow":["GET"]}}],"collection":[{"href":"https:\/\/www.jootjeshaakcadeautjes.nl\/de\/wp-json\/wp\/v2\/product"}],"about":[{"href":"https:\/\/www.jootjeshaakcadeautjes.nl\/de\/wp-json\/wp\/v2\/types\/product"}],"version-history":[{"count":0,"href":"https:\/\/www.jootjeshaakcadeautjes.nl\/de\/wp-json\/wp\/v2\/product\/121500\/revisions"}],"wp:featuredmedia":[{"embeddable":true,"href":"https:\/\/www.jootjeshaakcadeautjes.nl\/de\/wp-json\/wp\/v2\/media\/78892"}],"wp:attachment":[{"href":"https:\/\/www.jootjeshaakcadeautjes.nl\/de\/wp-json\/wp\/v2\/media?parent=121500"}],"wp:term":[{"taxonomy":"product_brand","embeddable":true,"href":"https:\/\/www.jootjeshaakcadeautjes.nl\/de\/wp-json\/wp\/v2\/product_brand?post=121500"},{"taxonomy":"product_cat","embeddable":true,"href":"https:\/\/www.jootjeshaakcadeautjes.nl\/de\/wp-json\/wp\/v2\/product_cat?post=121500"},{"taxonomy":"product_tag","embeddable":true,"href":"https:\/\/www.jootjeshaakcadeautjes.nl\/de\/wp-json\/wp\/v2\/product_tag?post=121500"}],"curies":[{"name":"wp","href":"https:\/\/api.w.org\/{rel}","templated":true}]}}