{"id":121512,"date":"2022-01-01T12:52:58","date_gmt":"2022-01-01T10:52:58","guid":{"rendered":"https:\/\/www.jootjeshaakcadeautjes.nl\/product\/luxus-schluesselanhaenger-stern-silber-rose-gold-gold\/"},"modified":"2025-09-02T12:34:21","modified_gmt":"2025-09-02T10:34:21","slug":"luxus-schluesselanhaenger-stern-silber-rose-gold-gold","status":"publish","type":"product","link":"https:\/\/www.jootjeshaakcadeautjes.nl\/de\/produkt\/luxus-schluesselanhaenger-stern-silber-rose-gold-gold\/","title":{"rendered":"Luxus-Schl\u00fcsselanh\u00e4nger &#8211; Star &#8211; Silber, Ros\u00e9gold und gl\u00e4nzendes Gold"},"content":{"rendered":"<h2>Luxus-Schl\u00fcsselanh\u00e4nger &#8211; Star &#8211; Silber, Ros\u00e9gold und gl\u00e4nzendes Gold<\/h2>\n<p>Diese Schl\u00fcsselanh\u00e4nger sind perfekt f\u00fcr besonders luxuri\u00f6se Taschenaufh\u00e4nger oder Schl\u00fcsselketten. Das macht die Schl\u00fcsselanh\u00e4nger zur perfekten Variante f\u00fcr die luxuri\u00f6seren Taschenaufh\u00e4nger, nicht f\u00fcr die Kleinen, sondern f\u00fcr die M\u00fctter. Denn genau wie Sie sind wir der Meinung, dass hart arbeitende und f\u00fcrsorgliche M\u00fctter auch etwas Spa\u00df verdienen!<\/p>\n<p>Erh\u00e4ltlich in Silber, Ros\u00e9gold und Gold gl\u00e4nzend<\/p>\n<p>Gr\u00f6\u00dfe Stern ca. 29 mm.<br \/>\nGr\u00f6\u00dfe Musketenhaken 20 mm breit.<\/p>\n","protected":false},"excerpt":{"rendered":"<p>Luxus-Schl\u00fcsselanh\u00e4nger &#8211; Star &#8211; Silber, Ros\u00e9gold und gl\u00e4nzendes Gold<\/p>\n<ul>\n<li>3 Farben zur Auswahl: Silber, Rose Gold und Shiny Gold<\/li>\n<li>Mit einem Schl\u00fcsselring und einer Kette zur Befestigung<\/li>\n<li>Gro\u00dfer Stern, Gr\u00f6\u00dfe ca. 29 mm.<\/li>\n<li>Gr\u00f6\u00dferer Musketenhaken als der Standard-Musketenhaken-Schl\u00fcsselring, Gr\u00f6\u00dfe 20 mm.<\/li>\n<\/ul>\n","protected":false},"featured_media":78496,"template":"","meta":[],"product_brand":[],"product_cat":[8247,8267,8262,18290],"product_tag":[9659,8284,7991,8696,8366,9657,7660,8722,7444,8162,8180,8613,7499],"class_list":{"0":"post-121512","1":"product","2":"type-product","3":"status-publish","4":"has-post-thumbnail","6":"product_cat-bastelmaterial-hakelzubehor","7":"product_cat-lucky-dolls-diy-perlen-und-zubehor","8":"product_cat-schlusselanhanger-und-haken","9":"product_cat-thema-sinterklaas","10":"product_tag-glanzend-de","11":"product_tag-gold-de","12":"product_tag-luxus","13":"product_tag-matt","14":"product_tag-mutter","15":"product_tag-mutti-de-2","16":"product_tag-rose-de","17":"product_tag-rosegold","18":"product_tag-schlusselanhanger","19":"product_tag-schlusselringe","20":"product_tag-silber-de","21":"product_tag-stern","22":"product_tag-taschenaufhanger","24":"first","25":"instock","26":"taxable","27":"shipping-taxable","28":"purchasable","29":"product-type-variable"},"bundled_by":[],"bundle_stock_status":"instock","bundle_stock_quantity":null,"bundle_virtual":false,"bundle_layout":"","bundle_add_to_cart_form_location":"","bundle_editable_in_cart":false,"bundle_sold_individually_context":"","bundle_item_grouping":"","bundle_min_size":"","bundle_max_size":"","bundle_price":[],"bundled_items":[],"bundle_sell_ids":[],"yoast_head":"<!-- This site is optimized with the Yoast SEO Premium plugin v27.4 (Yoast SEO v27.5) - https:\/\/yoast.com\/product\/yoast-seo-premium-wordpress\/ -->\n<title>Luxus-Schl\u00fcsselanh\u00e4nger - Star - Silber, Ros\u00e9gold und gl\u00e4nzendes Gold - %<\/title>\n<meta name=\"description\" content=\"Luxuri\u00f6se Schl\u00fcsselanh\u00e4nger. Speziell f\u00fcr flei\u00dfige &amp; f\u00fcrsorgliche M\u00fctter, machen Sie einen sch\u00f6nen Schl\u00fcssel- oder Taschenanh\u00e4nger mit Kupfer- und\/oder Leopardenperlen\" \/>\n<meta name=\"robots\" content=\"index, follow, max-snippet:-1, max-image-preview:large, max-video-preview:-1\" \/>\n<link rel=\"canonical\" href=\"https:\/\/www.jootjeshaakcadeautjes.nl\/de\/produkt\/luxus-schluesselanhaenger-stern-silber-rose-gold-gold\/\" \/>\n<meta property=\"og:locale\" content=\"de_DE\" \/>\n<meta property=\"og:type\" content=\"article\" \/>\n<meta property=\"og:title\" content=\"Luxus-Schl\u00fcsselanh\u00e4nger - Star - Silber, Ros\u00e9gold und gl\u00e4nzendes Gold\" \/>\n<meta property=\"og:description\" content=\"Luxuri\u00f6se Schl\u00fcsselanh\u00e4nger. Speziell f\u00fcr flei\u00dfige &amp; f\u00fcrsorgliche M\u00fctter, machen Sie einen sch\u00f6nen Schl\u00fcssel- oder Taschenanh\u00e4nger mit Kupfer- und\/oder Leopardenperlen\" \/>\n<meta property=\"og:url\" content=\"https:\/\/www.jootjeshaakcadeautjes.nl\/de\/produkt\/luxus-schluesselanhaenger-stern-silber-rose-gold-gold\/\" \/>\n<meta property=\"og:site_name\" content=\"Jootjes Haakcadeautjes\" \/>\n<meta property=\"article:modified_time\" content=\"2025-09-02T10:34:21+00:00\" \/>\n<meta property=\"og:image\" content=\"https:\/\/www.jootjeshaakcadeautjes.nl\/wp-content\/uploads\/2021\/12\/20211128_111231.jpg\" \/>\n\t<meta property=\"og:image:width\" content=\"1532\" \/>\n\t<meta property=\"og:image:height\" content=\"1532\" \/>\n\t<meta property=\"og:image:type\" content=\"image\/jpeg\" \/>\n<meta name=\"twitter:card\" content=\"summary_large_image\" \/>\n<meta name=\"twitter:label1\" content=\"Verf\u00fcgbarkeit\" \/>\n\t<meta name=\"twitter:data1\" content=\"Auf Lager\" \/>\n<script type=\"application\/ld+json\" class=\"yoast-schema-graph\">{\"@context\":\"https:\\\/\\\/schema.org\",\"@graph\":[{\"@type\":\"WebPage\",\"@id\":\"https:\\\/\\\/www.jootjeshaakcadeautjes.nl\\\/de\\\/produkt\\\/luxus-schluesselanhaenger-stern-silber-rose-gold-gold\\\/\",\"url\":\"https:\\\/\\\/www.jootjeshaakcadeautjes.nl\\\/de\\\/produkt\\\/luxus-schluesselanhaenger-stern-silber-rose-gold-gold\\\/\",\"name\":\"Luxus-Schl\u00fcsselanh\u00e4nger - Star - Silber, Ros\u00e9gold und gl\u00e4nzendes Gold - %\",\"isPartOf\":{\"@id\":\"https:\\\/\\\/www.jootjeshaakcadeautjes.nl\\\/de\\\/#website\"},\"primaryImageOfPage\":{\"@id\":\"https:\\\/\\\/www.jootjeshaakcadeautjes.nl\\\/de\\\/produkt\\\/luxus-schluesselanhaenger-stern-silber-rose-gold-gold\\\/#primaryimage\"},\"image\":{\"@id\":\"https:\\\/\\\/www.jootjeshaakcadeautjes.nl\\\/de\\\/produkt\\\/luxus-schluesselanhaenger-stern-silber-rose-gold-gold\\\/#primaryimage\"},\"thumbnailUrl\":\"https:\\\/\\\/d1dyryakdmle7o.cloudfront.net\\\/wp-content\\\/uploads\\\/2021\\\/12\\\/20211128_111231.jpg\",\"datePublished\":\"2022-01-01T10:52:58+00:00\",\"dateModified\":\"2025-09-02T10:34:21+00:00\",\"description\":\"Luxuri\u00f6se Schl\u00fcsselanh\u00e4nger. Speziell f\u00fcr flei\u00dfige & f\u00fcrsorgliche M\u00fctter, machen Sie einen sch\u00f6nen Schl\u00fcssel- oder Taschenanh\u00e4nger mit Kupfer- und\\\/oder Leopardenperlen\",\"breadcrumb\":{\"@id\":\"https:\\\/\\\/www.jootjeshaakcadeautjes.nl\\\/de\\\/produkt\\\/luxus-schluesselanhaenger-stern-silber-rose-gold-gold\\\/#breadcrumb\"},\"inLanguage\":\"de\",\"potentialAction\":[{\"@type\":\"ReadAction\",\"target\":[\"https:\\\/\\\/www.jootjeshaakcadeautjes.nl\\\/de\\\/produkt\\\/luxus-schluesselanhaenger-stern-silber-rose-gold-gold\\\/\"]}]},{\"@type\":\"ImageObject\",\"inLanguage\":\"de\",\"@id\":\"https:\\\/\\\/www.jootjeshaakcadeautjes.nl\\\/de\\\/produkt\\\/luxus-schluesselanhaenger-stern-silber-rose-gold-gold\\\/#primaryimage\",\"url\":\"https:\\\/\\\/d1dyryakdmle7o.cloudfront.net\\\/wp-content\\\/uploads\\\/2021\\\/12\\\/20211128_111231.jpg\",\"contentUrl\":\"https:\\\/\\\/d1dyryakdmle7o.cloudfront.net\\\/wp-content\\\/uploads\\\/2021\\\/12\\\/20211128_111231.jpg\",\"width\":1532,\"height\":1532},{\"@type\":\"BreadcrumbList\",\"@id\":\"https:\\\/\\\/www.jootjeshaakcadeautjes.nl\\\/de\\\/produkt\\\/luxus-schluesselanhaenger-stern-silber-rose-gold-gold\\\/#breadcrumb\",\"itemListElement\":[{\"@type\":\"ListItem\",\"position\":1,\"name\":\"Startseite\",\"item\":\"https:\\\/\\\/www.jootjeshaakcadeautjes.nl\\\/de\\\/\"},{\"@type\":\"ListItem\",\"position\":2,\"name\":\"Gro\u00dfhandel mit Silikonperlen &#8211; Business und Consumer\",\"item\":\"https:\\\/\\\/www.jootjeshaakcadeautjes.nl\\\/de\\\/shop\\\/\"},{\"@type\":\"ListItem\",\"position\":3,\"name\":\"Luxus-Schl\u00fcsselanh\u00e4nger &#8211; Star &#8211; Silber, Ros\u00e9gold und gl\u00e4nzendes Gold\"}]},{\"@type\":\"WebSite\",\"@id\":\"https:\\\/\\\/www.jootjeshaakcadeautjes.nl\\\/de\\\/#website\",\"url\":\"https:\\\/\\\/www.jootjeshaakcadeautjes.nl\\\/de\\\/\",\"name\":\"Jootjes Haakcadeautjes\",\"description\":\"Silikonperlen Gro\u00dfhandel \",\"publisher\":{\"@id\":\"https:\\\/\\\/www.jootjeshaakcadeautjes.nl\\\/de\\\/#organization\"},\"potentialAction\":[{\"@type\":\"SearchAction\",\"target\":{\"@type\":\"EntryPoint\",\"urlTemplate\":\"https:\\\/\\\/www.jootjeshaakcadeautjes.nl\\\/de\\\/?s={search_term_string}\"},\"query-input\":{\"@type\":\"PropertyValueSpecification\",\"valueRequired\":true,\"valueName\":\"search_term_string\"}}],\"inLanguage\":\"de\"},{\"@type\":\"Organization\",\"@id\":\"https:\\\/\\\/www.jootjeshaakcadeautjes.nl\\\/de\\\/#organization\",\"name\":\"Jootjes Haakcadeautjes\",\"url\":\"https:\\\/\\\/www.jootjeshaakcadeautjes.nl\\\/de\\\/\",\"logo\":{\"@type\":\"ImageObject\",\"inLanguage\":\"de\",\"@id\":\"https:\\\/\\\/www.jootjeshaakcadeautjes.nl\\\/de\\\/#\\\/schema\\\/logo\\\/image\\\/\",\"url\":\"https:\\\/\\\/jootjes-haakcadeautjes-media.s3.amazonaws.com\\\/wp-content\\\/uploads\\\/2023\\\/05\\\/Logo-rond.png\",\"contentUrl\":\"https:\\\/\\\/jootjes-haakcadeautjes-media.s3.amazonaws.com\\\/wp-content\\\/uploads\\\/2023\\\/05\\\/Logo-rond.png\",\"width\":1222,\"height\":1222,\"caption\":\"Jootjes Haakcadeautjes\"},\"image\":{\"@id\":\"https:\\\/\\\/www.jootjeshaakcadeautjes.nl\\\/de\\\/#\\\/schema\\\/logo\\\/image\\\/\"}}]}<\/script>\n<meta property=\"og:availability\" content=\"instock\" \/>\n<meta property=\"product:availability\" content=\"instock\" \/>\n<meta property=\"product:condition\" content=\"new\" \/>\n<!-- \/ Yoast SEO Premium plugin. -->","yoast_head_json":{"title":"Luxus-Schl\u00fcsselanh\u00e4nger - Star - Silber, Ros\u00e9gold und gl\u00e4nzendes Gold - %","description":"Luxuri\u00f6se Schl\u00fcsselanh\u00e4nger. Speziell f\u00fcr flei\u00dfige & f\u00fcrsorgliche M\u00fctter, machen Sie einen sch\u00f6nen Schl\u00fcssel- oder Taschenanh\u00e4nger mit Kupfer- und\/oder Leopardenperlen","robots":{"index":"index","follow":"follow","max-snippet":"max-snippet:-1","max-image-preview":"max-image-preview:large","max-video-preview":"max-video-preview:-1"},"canonical":"https:\/\/www.jootjeshaakcadeautjes.nl\/de\/produkt\/luxus-schluesselanhaenger-stern-silber-rose-gold-gold\/","og_locale":"de_DE","og_type":"article","og_title":"Luxus-Schl\u00fcsselanh\u00e4nger - Star - Silber, Ros\u00e9gold und gl\u00e4nzendes Gold","og_description":"Luxuri\u00f6se Schl\u00fcsselanh\u00e4nger. Speziell f\u00fcr flei\u00dfige & f\u00fcrsorgliche M\u00fctter, machen Sie einen sch\u00f6nen Schl\u00fcssel- oder Taschenanh\u00e4nger mit Kupfer- und\/oder Leopardenperlen","og_url":"https:\/\/www.jootjeshaakcadeautjes.nl\/de\/produkt\/luxus-schluesselanhaenger-stern-silber-rose-gold-gold\/","og_site_name":"Jootjes Haakcadeautjes","article_modified_time":"2025-09-02T10:34:21+00:00","og_image":[{"width":1532,"height":1532,"url":"https:\/\/www.jootjeshaakcadeautjes.nl\/wp-content\/uploads\/2021\/12\/20211128_111231.jpg","type":"image\/jpeg"}],"twitter_card":"summary_large_image","twitter_misc":{"Verf\u00fcgbarkeit":"Auf Lager"},"schema":{"@context":"https:\/\/schema.org","@graph":[{"@type":"WebPage","@id":"https:\/\/www.jootjeshaakcadeautjes.nl\/de\/produkt\/luxus-schluesselanhaenger-stern-silber-rose-gold-gold\/","url":"https:\/\/www.jootjeshaakcadeautjes.nl\/de\/produkt\/luxus-schluesselanhaenger-stern-silber-rose-gold-gold\/","name":"Luxus-Schl\u00fcsselanh\u00e4nger - Star - Silber, Ros\u00e9gold und gl\u00e4nzendes Gold - %","isPartOf":{"@id":"https:\/\/www.jootjeshaakcadeautjes.nl\/de\/#website"},"primaryImageOfPage":{"@id":"https:\/\/www.jootjeshaakcadeautjes.nl\/de\/produkt\/luxus-schluesselanhaenger-stern-silber-rose-gold-gold\/#primaryimage"},"image":{"@id":"https:\/\/www.jootjeshaakcadeautjes.nl\/de\/produkt\/luxus-schluesselanhaenger-stern-silber-rose-gold-gold\/#primaryimage"},"thumbnailUrl":"https:\/\/d1dyryakdmle7o.cloudfront.net\/wp-content\/uploads\/2021\/12\/20211128_111231.jpg","datePublished":"2022-01-01T10:52:58+00:00","dateModified":"2025-09-02T10:34:21+00:00","description":"Luxuri\u00f6se Schl\u00fcsselanh\u00e4nger. Speziell f\u00fcr flei\u00dfige & f\u00fcrsorgliche M\u00fctter, machen Sie einen sch\u00f6nen Schl\u00fcssel- oder Taschenanh\u00e4nger mit Kupfer- und\/oder Leopardenperlen","breadcrumb":{"@id":"https:\/\/www.jootjeshaakcadeautjes.nl\/de\/produkt\/luxus-schluesselanhaenger-stern-silber-rose-gold-gold\/#breadcrumb"},"inLanguage":"de","potentialAction":[{"@type":"ReadAction","target":["https:\/\/www.jootjeshaakcadeautjes.nl\/de\/produkt\/luxus-schluesselanhaenger-stern-silber-rose-gold-gold\/"]}]},{"@type":"ImageObject","inLanguage":"de","@id":"https:\/\/www.jootjeshaakcadeautjes.nl\/de\/produkt\/luxus-schluesselanhaenger-stern-silber-rose-gold-gold\/#primaryimage","url":"https:\/\/d1dyryakdmle7o.cloudfront.net\/wp-content\/uploads\/2021\/12\/20211128_111231.jpg","contentUrl":"https:\/\/d1dyryakdmle7o.cloudfront.net\/wp-content\/uploads\/2021\/12\/20211128_111231.jpg","width":1532,"height":1532},{"@type":"BreadcrumbList","@id":"https:\/\/www.jootjeshaakcadeautjes.nl\/de\/produkt\/luxus-schluesselanhaenger-stern-silber-rose-gold-gold\/#breadcrumb","itemListElement":[{"@type":"ListItem","position":1,"name":"Startseite","item":"https:\/\/www.jootjeshaakcadeautjes.nl\/de\/"},{"@type":"ListItem","position":2,"name":"Gro\u00dfhandel mit Silikonperlen &#8211; Business und Consumer","item":"https:\/\/www.jootjeshaakcadeautjes.nl\/de\/shop\/"},{"@type":"ListItem","position":3,"name":"Luxus-Schl\u00fcsselanh\u00e4nger &#8211; Star &#8211; Silber, Ros\u00e9gold und gl\u00e4nzendes Gold"}]},{"@type":"WebSite","@id":"https:\/\/www.jootjeshaakcadeautjes.nl\/de\/#website","url":"https:\/\/www.jootjeshaakcadeautjes.nl\/de\/","name":"Jootjes Haakcadeautjes","description":"Silikonperlen Gro\u00dfhandel ","publisher":{"@id":"https:\/\/www.jootjeshaakcadeautjes.nl\/de\/#organization"},"potentialAction":[{"@type":"SearchAction","target":{"@type":"EntryPoint","urlTemplate":"https:\/\/www.jootjeshaakcadeautjes.nl\/de\/?s={search_term_string}"},"query-input":{"@type":"PropertyValueSpecification","valueRequired":true,"valueName":"search_term_string"}}],"inLanguage":"de"},{"@type":"Organization","@id":"https:\/\/www.jootjeshaakcadeautjes.nl\/de\/#organization","name":"Jootjes Haakcadeautjes","url":"https:\/\/www.jootjeshaakcadeautjes.nl\/de\/","logo":{"@type":"ImageObject","inLanguage":"de","@id":"https:\/\/www.jootjeshaakcadeautjes.nl\/de\/#\/schema\/logo\/image\/","url":"https:\/\/jootjes-haakcadeautjes-media.s3.amazonaws.com\/wp-content\/uploads\/2023\/05\/Logo-rond.png","contentUrl":"https:\/\/jootjes-haakcadeautjes-media.s3.amazonaws.com\/wp-content\/uploads\/2023\/05\/Logo-rond.png","width":1222,"height":1222,"caption":"Jootjes Haakcadeautjes"},"image":{"@id":"https:\/\/www.jootjeshaakcadeautjes.nl\/de\/#\/schema\/logo\/image\/"}}]},"og_availability":"instock","product_availability":"instock","product_condition":"new"},"_links":{"self":[{"href":"https:\/\/www.jootjeshaakcadeautjes.nl\/de\/wp-json\/wp\/v2\/product\/121512","targetHints":{"allow":["GET"]}}],"collection":[{"href":"https:\/\/www.jootjeshaakcadeautjes.nl\/de\/wp-json\/wp\/v2\/product"}],"about":[{"href":"https:\/\/www.jootjeshaakcadeautjes.nl\/de\/wp-json\/wp\/v2\/types\/product"}],"version-history":[{"count":0,"href":"https:\/\/www.jootjeshaakcadeautjes.nl\/de\/wp-json\/wp\/v2\/product\/121512\/revisions"}],"wp:featuredmedia":[{"embeddable":true,"href":"https:\/\/www.jootjeshaakcadeautjes.nl\/de\/wp-json\/wp\/v2\/media\/78496"}],"wp:attachment":[{"href":"https:\/\/www.jootjeshaakcadeautjes.nl\/de\/wp-json\/wp\/v2\/media?parent=121512"}],"wp:term":[{"taxonomy":"product_brand","embeddable":true,"href":"https:\/\/www.jootjeshaakcadeautjes.nl\/de\/wp-json\/wp\/v2\/product_brand?post=121512"},{"taxonomy":"product_cat","embeddable":true,"href":"https:\/\/www.jootjeshaakcadeautjes.nl\/de\/wp-json\/wp\/v2\/product_cat?post=121512"},{"taxonomy":"product_tag","embeddable":true,"href":"https:\/\/www.jootjeshaakcadeautjes.nl\/de\/wp-json\/wp\/v2\/product_tag?post=121512"}],"curies":[{"name":"wp","href":"https:\/\/api.w.org\/{rel}","templated":true}]}}