{"id":121525,"date":"2021-12-23T12:21:08","date_gmt":"2021-12-23T10:21:08","guid":{"rendered":"https:\/\/www.jootjeshaakcadeautjes.nl\/product\/silikonperlen-kreis-rund-25-mm-pulver-hellgrau\/"},"modified":"2025-03-11T03:58:35","modified_gmt":"2025-03-11T02:58:35","slug":"silikonperlen-kreis-rund-25-mm-pulver-hellgrau","status":"publish","type":"product","link":"https:\/\/www.jootjeshaakcadeautjes.nl\/de\/produkt\/silikonperlen-kreis-rund-25-mm-pulver-hellgrau\/","title":{"rendered":"Silikonperlen &#8211; Ring &#8211; flach\/rund, 25 mm &#8211; Hellgrau"},"content":{"rendered":"<h2>Silikonperlen &#8211; Kreisring &#8211; flach\/oval, 25 mm &#8211; Hellgrau<\/h2>\n<p>Farbcode: Hellgrau<br \/>\nMaterial: 100% BPA-freies Silikonmaterial, chemisch unbedenklich getestet nach EN-71.<br \/>\nTyp: Zirkel, flach und oval, 25 mm Durchmesser<\/p>\n<h3>Wie verwendet man diese Silikon-Zirkelperlen?<\/h3>\n<p>Die Circlet-Perlen sind flache, runde Perlen, die z. B. in Schl\u00fcsselanh\u00e4ngern oder als Variation in einer Kinderwagenkette oder einem Anh\u00e4nger super cool aussehen. Nat\u00fcrlich k\u00f6nnen Sie diese Silikonperlen auch einfach als Schnullerschnur oder Bei\u00dfring verwenden. Der Vorteil von Silikonperlen ist, dass sie auch im K\u00fchlschrank oder sogar im Gefrierfach leicht gek\u00fchlt werden k\u00f6nnen! Die Silikon-Zirkelperlen sind au\u00dferdem leicht sauber zu halten.<\/p>\n","protected":false},"excerpt":{"rendered":"<p>Farbcode: Hellgrau<br \/>\nMaterial: 100% BPA-freies Silikonmaterial, chemisch unbedenklich getestet nach EN-71.<br \/>\nTyp: Zirkel, flach und oval, 25 mm Durchmesser<\/p>\n","protected":false},"featured_media":78316,"template":"","meta":[],"product_brand":[],"product_cat":[9135,7380,6991],"product_tag":[9138,7385,8571,7419,7452,7899,7416,7451,7575,7623,7199,7444,7211,7536,9142,7435],"class_list":{"0":"post-121525","1":"product","2":"type-product","3":"status-publish","4":"has-post-thumbnail","6":"product_cat-circlets-silikonperlen-flach-und-rund-22-mm","7":"product_cat-herstellung-von-baby-beisspielzeug-materialien-fur-schnuller-und-beisringe","8":"product_cat-silikonperlen-bpa-frei-grosshandel","9":"product_tag-25-mm-de","10":"product_tag-beisring","11":"product_tag-beisspielzeug","12":"product_tag-bpa-de","13":"product_tag-bpa-frei","14":"product_tag-grau","15":"product_tag-gummischnur","16":"product_tag-kostenlos","17":"product_tag-kreislauf","18":"product_tag-licht-de","19":"product_tag-perlen","20":"product_tag-schlusselanhanger","21":"product_tag-silikon","22":"product_tag-um","23":"product_tag-wohnung-de-2","24":"product_tag-wulst","26":"first","27":"instock","28":"taxable","29":"shipping-taxable","30":"purchasable","31":"product-type-simple"},"bundled_by":[],"bundle_stock_status":"instock","bundle_stock_quantity":18,"bundle_virtual":false,"bundle_layout":"","bundle_add_to_cart_form_location":"","bundle_editable_in_cart":false,"bundle_sold_individually_context":"","bundle_item_grouping":"","bundle_min_size":"","bundle_max_size":"","bundle_price":[],"bundled_items":[],"bundle_sell_ids":[],"yoast_head":"<!-- This site is optimized with the Yoast SEO Premium plugin v27.6 (Yoast SEO v27.6) - https:\/\/yoast.com\/product\/yoast-seo-premium-wordpress\/ -->\n<title>Flache runde Silikonperlen - Hellgrau - Kreis-kreisf\u00f6rmig<\/title>\n<meta name=\"description\" content=\"Flache, runde, kreisf\u00f6rmige Silikonperlen - 25 mm in der Farbe Hellgrau aus 100%% BPA-freiem und baby-sicherem Silikon hier bei unserem Gro\u00dfh\u00e4ndler kaufen.\" \/>\n<meta name=\"robots\" content=\"index, follow, max-snippet:-1, max-image-preview:large, max-video-preview:-1\" \/>\n<link rel=\"canonical\" href=\"https:\/\/www.jootjeshaakcadeautjes.nl\/de\/produkt\/silikonperlen-kreis-rund-25-mm-pulver-hellgrau\/\" \/>\n<meta property=\"og:locale\" content=\"de_DE\" \/>\n<meta property=\"og:type\" content=\"article\" \/>\n<meta property=\"og:title\" content=\"Silikonperlen - Ring - flach\/rund, 25 mm - Hellgrau\" \/>\n<meta property=\"og:description\" content=\"Flache, runde, kreisf\u00f6rmige Silikonperlen - 25 mm in der Farbe Hellgrau aus 100%% BPA-freiem und baby-sicherem Silikon hier bei unserem Gro\u00dfh\u00e4ndler kaufen.\" \/>\n<meta property=\"og:url\" content=\"https:\/\/www.jootjeshaakcadeautjes.nl\/de\/produkt\/silikonperlen-kreis-rund-25-mm-pulver-hellgrau\/\" \/>\n<meta property=\"og:site_name\" content=\"Jootjes Haakcadeautjes\" \/>\n<meta property=\"article:modified_time\" content=\"2025-03-11T02:58:35+00:00\" \/>\n<meta property=\"og:image\" content=\"https:\/\/www.jootjeshaakcadeautjes.nl\/wp-content\/uploads\/2021\/11\/20210909_213402.jpg\" \/>\n\t<meta property=\"og:image:width\" content=\"1370\" \/>\n\t<meta property=\"og:image:height\" content=\"1370\" \/>\n\t<meta property=\"og:image:type\" content=\"image\/jpeg\" \/>\n<meta name=\"twitter:card\" content=\"summary_large_image\" \/>\n<meta name=\"twitter:label1\" content=\"Preis\" \/>\n\t<meta name=\"twitter:data1\" content=\"&euro;0.38 inkl. MwSt.\" \/>\n\t<meta name=\"twitter:label2\" content=\"Verf\u00fcgbarkeit\" \/>\n\t<meta name=\"twitter:data2\" content=\"Auf Lager\" \/>\n<script type=\"application\/ld+json\" class=\"yoast-schema-graph\">{\"@context\":\"https:\\\/\\\/schema.org\",\"@graph\":[{\"@type\":\"WebPage\",\"@id\":\"https:\\\/\\\/www.jootjeshaakcadeautjes.nl\\\/de\\\/produkt\\\/silikonperlen-kreis-rund-25-mm-pulver-hellgrau\\\/\",\"url\":\"https:\\\/\\\/www.jootjeshaakcadeautjes.nl\\\/de\\\/produkt\\\/silikonperlen-kreis-rund-25-mm-pulver-hellgrau\\\/\",\"name\":\"Flache runde Silikonperlen - Hellgrau - Kreis-kreisf\u00f6rmig\",\"isPartOf\":{\"@id\":\"https:\\\/\\\/www.jootjeshaakcadeautjes.nl\\\/de\\\/#website\"},\"primaryImageOfPage\":{\"@id\":\"https:\\\/\\\/www.jootjeshaakcadeautjes.nl\\\/de\\\/produkt\\\/silikonperlen-kreis-rund-25-mm-pulver-hellgrau\\\/#primaryimage\"},\"image\":{\"@id\":\"https:\\\/\\\/www.jootjeshaakcadeautjes.nl\\\/de\\\/produkt\\\/silikonperlen-kreis-rund-25-mm-pulver-hellgrau\\\/#primaryimage\"},\"thumbnailUrl\":\"https:\\\/\\\/d1dyryakdmle7o.cloudfront.net\\\/wp-content\\\/uploads\\\/2021\\\/11\\\/20210909_213402.jpg\",\"datePublished\":\"2021-12-23T10:21:08+00:00\",\"dateModified\":\"2025-03-11T02:58:35+00:00\",\"description\":\"Flache, runde, kreisf\u00f6rmige Silikonperlen - 25 mm in der Farbe Hellgrau aus 100%% BPA-freiem und baby-sicherem Silikon hier bei unserem Gro\u00dfh\u00e4ndler kaufen.\",\"breadcrumb\":{\"@id\":\"https:\\\/\\\/www.jootjeshaakcadeautjes.nl\\\/de\\\/produkt\\\/silikonperlen-kreis-rund-25-mm-pulver-hellgrau\\\/#breadcrumb\"},\"inLanguage\":\"de\",\"potentialAction\":[{\"@type\":\"ReadAction\",\"target\":[\"https:\\\/\\\/www.jootjeshaakcadeautjes.nl\\\/de\\\/produkt\\\/silikonperlen-kreis-rund-25-mm-pulver-hellgrau\\\/\"]}]},{\"@type\":\"ImageObject\",\"inLanguage\":\"de\",\"@id\":\"https:\\\/\\\/www.jootjeshaakcadeautjes.nl\\\/de\\\/produkt\\\/silikonperlen-kreis-rund-25-mm-pulver-hellgrau\\\/#primaryimage\",\"url\":\"https:\\\/\\\/d1dyryakdmle7o.cloudfront.net\\\/wp-content\\\/uploads\\\/2021\\\/11\\\/20210909_213402.jpg\",\"contentUrl\":\"https:\\\/\\\/d1dyryakdmle7o.cloudfront.net\\\/wp-content\\\/uploads\\\/2021\\\/11\\\/20210909_213402.jpg\",\"width\":1370,\"height\":1370},{\"@type\":\"BreadcrumbList\",\"@id\":\"https:\\\/\\\/www.jootjeshaakcadeautjes.nl\\\/de\\\/produkt\\\/silikonperlen-kreis-rund-25-mm-pulver-hellgrau\\\/#breadcrumb\",\"itemListElement\":[{\"@type\":\"ListItem\",\"position\":1,\"name\":\"Startseite\",\"item\":\"https:\\\/\\\/www.jootjeshaakcadeautjes.nl\\\/de\\\/\"},{\"@type\":\"ListItem\",\"position\":2,\"name\":\"Gro\u00dfhandel mit Silikonperlen &#8211; Business und Consumer\",\"item\":\"https:\\\/\\\/www.jootjeshaakcadeautjes.nl\\\/de\\\/shop\\\/\"},{\"@type\":\"ListItem\",\"position\":3,\"name\":\"Silikonperlen &#8211; Ring &#8211; flach\\\/rund, 25 mm &#8211; Hellgrau\"}]},{\"@type\":\"WebSite\",\"@id\":\"https:\\\/\\\/www.jootjeshaakcadeautjes.nl\\\/de\\\/#website\",\"url\":\"https:\\\/\\\/www.jootjeshaakcadeautjes.nl\\\/de\\\/\",\"name\":\"Jootjes Haakcadeautjes\",\"description\":\"Silikonperlen Gro\u00dfhandel \",\"publisher\":{\"@id\":\"https:\\\/\\\/www.jootjeshaakcadeautjes.nl\\\/de\\\/#organization\"},\"potentialAction\":[{\"@type\":\"SearchAction\",\"target\":{\"@type\":\"EntryPoint\",\"urlTemplate\":\"https:\\\/\\\/www.jootjeshaakcadeautjes.nl\\\/de\\\/?s={search_term_string}\"},\"query-input\":{\"@type\":\"PropertyValueSpecification\",\"valueRequired\":true,\"valueName\":\"search_term_string\"}}],\"inLanguage\":\"de\"},{\"@type\":\"Organization\",\"@id\":\"https:\\\/\\\/www.jootjeshaakcadeautjes.nl\\\/de\\\/#organization\",\"name\":\"Jootjes Haakcadeautjes\",\"url\":\"https:\\\/\\\/www.jootjeshaakcadeautjes.nl\\\/de\\\/\",\"logo\":{\"@type\":\"ImageObject\",\"inLanguage\":\"de\",\"@id\":\"https:\\\/\\\/www.jootjeshaakcadeautjes.nl\\\/de\\\/#\\\/schema\\\/logo\\\/image\\\/\",\"url\":\"https:\\\/\\\/d1dyryakdmle7o.cloudfront.net\\\/wp-content\\\/uploads\\\/2023\\\/05\\\/Logo-rond.png\",\"contentUrl\":\"https:\\\/\\\/d1dyryakdmle7o.cloudfront.net\\\/wp-content\\\/uploads\\\/2023\\\/05\\\/Logo-rond.png\",\"width\":1222,\"height\":1222,\"caption\":\"Jootjes Haakcadeautjes\"},\"image\":{\"@id\":\"https:\\\/\\\/www.jootjeshaakcadeautjes.nl\\\/de\\\/#\\\/schema\\\/logo\\\/image\\\/\"}}]}<\/script>\n<meta property=\"product:price:amount\" content=\"0.38\" \/>\n<meta property=\"product:price:currency\" content=\"EUR\" \/>\n<meta property=\"og:availability\" content=\"instock\" \/>\n<meta property=\"product:availability\" content=\"instock\" \/>\n<meta property=\"product:retailer_item_id\" content=\"CIR-025-LGR\" \/>\n<meta property=\"product:condition\" content=\"new\" \/>\n<!-- \/ Yoast SEO Premium plugin. -->","yoast_head_json":{"title":"Flache runde Silikonperlen - Hellgrau - Kreis-kreisf\u00f6rmig","description":"Flache, runde, kreisf\u00f6rmige Silikonperlen - 25 mm in der Farbe Hellgrau aus 100%% BPA-freiem und baby-sicherem Silikon hier bei unserem Gro\u00dfh\u00e4ndler kaufen.","robots":{"index":"index","follow":"follow","max-snippet":"max-snippet:-1","max-image-preview":"max-image-preview:large","max-video-preview":"max-video-preview:-1"},"canonical":"https:\/\/www.jootjeshaakcadeautjes.nl\/de\/produkt\/silikonperlen-kreis-rund-25-mm-pulver-hellgrau\/","og_locale":"de_DE","og_type":"article","og_title":"Silikonperlen - Ring - flach\/rund, 25 mm - Hellgrau","og_description":"Flache, runde, kreisf\u00f6rmige Silikonperlen - 25 mm in der Farbe Hellgrau aus 100%% BPA-freiem und baby-sicherem Silikon hier bei unserem Gro\u00dfh\u00e4ndler kaufen.","og_url":"https:\/\/www.jootjeshaakcadeautjes.nl\/de\/produkt\/silikonperlen-kreis-rund-25-mm-pulver-hellgrau\/","og_site_name":"Jootjes Haakcadeautjes","article_modified_time":"2025-03-11T02:58:35+00:00","og_image":[{"width":1370,"height":1370,"url":"https:\/\/www.jootjeshaakcadeautjes.nl\/wp-content\/uploads\/2021\/11\/20210909_213402.jpg","type":"image\/jpeg"}],"twitter_card":"summary_large_image","twitter_misc":{"Preis":"&euro;0.38 inkl. MwSt.","Verf\u00fcgbarkeit":"Auf Lager"},"schema":{"@context":"https:\/\/schema.org","@graph":[{"@type":"WebPage","@id":"https:\/\/www.jootjeshaakcadeautjes.nl\/de\/produkt\/silikonperlen-kreis-rund-25-mm-pulver-hellgrau\/","url":"https:\/\/www.jootjeshaakcadeautjes.nl\/de\/produkt\/silikonperlen-kreis-rund-25-mm-pulver-hellgrau\/","name":"Flache runde Silikonperlen - Hellgrau - Kreis-kreisf\u00f6rmig","isPartOf":{"@id":"https:\/\/www.jootjeshaakcadeautjes.nl\/de\/#website"},"primaryImageOfPage":{"@id":"https:\/\/www.jootjeshaakcadeautjes.nl\/de\/produkt\/silikonperlen-kreis-rund-25-mm-pulver-hellgrau\/#primaryimage"},"image":{"@id":"https:\/\/www.jootjeshaakcadeautjes.nl\/de\/produkt\/silikonperlen-kreis-rund-25-mm-pulver-hellgrau\/#primaryimage"},"thumbnailUrl":"https:\/\/d1dyryakdmle7o.cloudfront.net\/wp-content\/uploads\/2021\/11\/20210909_213402.jpg","datePublished":"2021-12-23T10:21:08+00:00","dateModified":"2025-03-11T02:58:35+00:00","description":"Flache, runde, kreisf\u00f6rmige Silikonperlen - 25 mm in der Farbe Hellgrau aus 100%% BPA-freiem und baby-sicherem Silikon hier bei unserem Gro\u00dfh\u00e4ndler kaufen.","breadcrumb":{"@id":"https:\/\/www.jootjeshaakcadeautjes.nl\/de\/produkt\/silikonperlen-kreis-rund-25-mm-pulver-hellgrau\/#breadcrumb"},"inLanguage":"de","potentialAction":[{"@type":"ReadAction","target":["https:\/\/www.jootjeshaakcadeautjes.nl\/de\/produkt\/silikonperlen-kreis-rund-25-mm-pulver-hellgrau\/"]}]},{"@type":"ImageObject","inLanguage":"de","@id":"https:\/\/www.jootjeshaakcadeautjes.nl\/de\/produkt\/silikonperlen-kreis-rund-25-mm-pulver-hellgrau\/#primaryimage","url":"https:\/\/d1dyryakdmle7o.cloudfront.net\/wp-content\/uploads\/2021\/11\/20210909_213402.jpg","contentUrl":"https:\/\/d1dyryakdmle7o.cloudfront.net\/wp-content\/uploads\/2021\/11\/20210909_213402.jpg","width":1370,"height":1370},{"@type":"BreadcrumbList","@id":"https:\/\/www.jootjeshaakcadeautjes.nl\/de\/produkt\/silikonperlen-kreis-rund-25-mm-pulver-hellgrau\/#breadcrumb","itemListElement":[{"@type":"ListItem","position":1,"name":"Startseite","item":"https:\/\/www.jootjeshaakcadeautjes.nl\/de\/"},{"@type":"ListItem","position":2,"name":"Gro\u00dfhandel mit Silikonperlen &#8211; Business und Consumer","item":"https:\/\/www.jootjeshaakcadeautjes.nl\/de\/shop\/"},{"@type":"ListItem","position":3,"name":"Silikonperlen &#8211; Ring &#8211; flach\/rund, 25 mm &#8211; Hellgrau"}]},{"@type":"WebSite","@id":"https:\/\/www.jootjeshaakcadeautjes.nl\/de\/#website","url":"https:\/\/www.jootjeshaakcadeautjes.nl\/de\/","name":"Jootjes Haakcadeautjes","description":"Silikonperlen Gro\u00dfhandel ","publisher":{"@id":"https:\/\/www.jootjeshaakcadeautjes.nl\/de\/#organization"},"potentialAction":[{"@type":"SearchAction","target":{"@type":"EntryPoint","urlTemplate":"https:\/\/www.jootjeshaakcadeautjes.nl\/de\/?s={search_term_string}"},"query-input":{"@type":"PropertyValueSpecification","valueRequired":true,"valueName":"search_term_string"}}],"inLanguage":"de"},{"@type":"Organization","@id":"https:\/\/www.jootjeshaakcadeautjes.nl\/de\/#organization","name":"Jootjes Haakcadeautjes","url":"https:\/\/www.jootjeshaakcadeautjes.nl\/de\/","logo":{"@type":"ImageObject","inLanguage":"de","@id":"https:\/\/www.jootjeshaakcadeautjes.nl\/de\/#\/schema\/logo\/image\/","url":"https:\/\/d1dyryakdmle7o.cloudfront.net\/wp-content\/uploads\/2023\/05\/Logo-rond.png","contentUrl":"https:\/\/d1dyryakdmle7o.cloudfront.net\/wp-content\/uploads\/2023\/05\/Logo-rond.png","width":1222,"height":1222,"caption":"Jootjes Haakcadeautjes"},"image":{"@id":"https:\/\/www.jootjeshaakcadeautjes.nl\/de\/#\/schema\/logo\/image\/"}}]},"product_price_amount":"0.38","product_price_currency":"EUR","og_availability":"instock","product_availability":"instock","product_retailer_item_id":"CIR-025-LGR","product_condition":"new"},"_links":{"self":[{"href":"https:\/\/www.jootjeshaakcadeautjes.nl\/de\/wp-json\/wp\/v2\/product\/121525","targetHints":{"allow":["GET"]}}],"collection":[{"href":"https:\/\/www.jootjeshaakcadeautjes.nl\/de\/wp-json\/wp\/v2\/product"}],"about":[{"href":"https:\/\/www.jootjeshaakcadeautjes.nl\/de\/wp-json\/wp\/v2\/types\/product"}],"version-history":[{"count":0,"href":"https:\/\/www.jootjeshaakcadeautjes.nl\/de\/wp-json\/wp\/v2\/product\/121525\/revisions"}],"wp:featuredmedia":[{"embeddable":true,"href":"https:\/\/www.jootjeshaakcadeautjes.nl\/de\/wp-json\/wp\/v2\/media\/78316"}],"wp:attachment":[{"href":"https:\/\/www.jootjeshaakcadeautjes.nl\/de\/wp-json\/wp\/v2\/media?parent=121525"}],"wp:term":[{"taxonomy":"product_brand","embeddable":true,"href":"https:\/\/www.jootjeshaakcadeautjes.nl\/de\/wp-json\/wp\/v2\/product_brand?post=121525"},{"taxonomy":"product_cat","embeddable":true,"href":"https:\/\/www.jootjeshaakcadeautjes.nl\/de\/wp-json\/wp\/v2\/product_cat?post=121525"},{"taxonomy":"product_tag","embeddable":true,"href":"https:\/\/www.jootjeshaakcadeautjes.nl\/de\/wp-json\/wp\/v2\/product_tag?post=121525"}],"curies":[{"name":"wp","href":"https:\/\/api.w.org\/{rel}","templated":true}]}}