{"id":121591,"date":"2021-11-23T21:31:43","date_gmt":"2021-11-23T20:31:43","guid":{"rendered":"https:\/\/www.jootjeshaakcadeautjes.nl\/product\/naturgummi-biss-figur-batzen-spielzeug-klein-jo-mond-maya\/"},"modified":"2025-11-03T14:36:56","modified_gmt":"2025-11-03T12:36:56","slug":"naturgummi-biss-figur-batzen-spielzeug-klein-jo-mond-maya","status":"publish","type":"product","link":"https:\/\/www.jootjeshaakcadeautjes.nl\/de\/produkt\/naturgummi-biss-figur-batzen-spielzeug-klein-jo-mond-maya\/","title":{"rendered":"Naturkautschuk Zahnen \/ Badespielzeug &#8211; LittleJo &#8211; Moon Maya"},"content":{"rendered":"<h2>Naturkautschuk Zahnen \/ Badespielzeug &#8211; Little Jo &#8211; Moon Maya<\/h2>\n<p>Material: 100% babysicher gepr\u00fcfter Naturkautschuk\/Latex, Naturkautschuk aus dem Hevea Brasiliensis Baum. BPA-frei!<br \/>\nMarke: LittleJo<br \/>\nVariante: Mond Maya mit ihrem kleinen Freund B\u00e4r Beau<\/p>\n<p>Auch bekannt als: Naturkautschuk-, Latex- und \u00d6ko-Bei\u00dfspielzeug, Bei\u00dfspielzeug und Badespielzeug.<\/p>\n<p><strong>Warum sollte man sich f\u00fcr Naturkautschuk entscheiden?<\/strong><\/p>\n<p>Naturkautschuk wird aus dem Hevea Brasiliensis-Baum gewonnen. Spielzeug aus diesem hochwertigen Material ist zu 100 % sicher f\u00fcr Babys. Dar\u00fcber hinaus ist Naturkautschuk ein nachhaltiges Produkt, das von Mikroorganismen sehr leicht wieder abgebaut werden kann.<\/p>\n<p>Naturkautschuk ist bekannt f\u00fcr seinen typischen Naturkautschukgeruch. Und auch wenn wir es uns nicht ganz erkl\u00e4ren k\u00f6nnen, ist dieser Duft sehr ansprechend f\u00fcr die Kleinen. Deshalb sind diese Spielzeuge im wahrsten Sinne des Wortes &#8220;sehr beliebt&#8221;!<\/p>\n","protected":false},"excerpt":{"rendered":"<p>Material: 100% babysicher gepr\u00fcfter Naturkautschuk\/Latex, Naturkautschuk aus dem Hevea Brasiliensis Baum. BPA-frei!<br \/>\nMarke: LittleJo<br \/>\nVariante: Mond Maya mit ihrem kleinen Freund B\u00e4r Beau<\/p>\n<p>Auch bekannt als: Naturkautschuk-, Latex- und \u00d6ko-Bei\u00dfspielzeug, Bei\u00dfspielzeug und Badespielzeug.<\/p>\n","protected":false},"featured_media":77926,"template":"","meta":[],"product_brand":[],"product_cat":[8184,8071],"product_tag":[9079,7510,8061,7385,8571,7562,7419,7923,9668,7451,7952,8583,9078,9066,9674,9582,9671,7520,9672,8309,9122],"class_list":{"0":"post-121591","1":"product","2":"type-product","3":"status-publish","4":"has-post-thumbnail","6":"product_cat-baby-zubehor","7":"product_cat-beisringe-baby-silikon-und-holz","8":"product_tag-100-de","9":"product_tag-baby-de","10":"product_tag-beisring-de","11":"product_tag-beisring","12":"product_tag-beisspielzeug","13":"product_tag-bisswunde","14":"product_tag-bpa-de","15":"product_tag-gummi","16":"product_tag-hevea-de","17":"product_tag-kostenlos","18":"product_tag-latex-de","19":"product_tag-littlejo-de","20":"product_tag-maya-de","21":"product_tag-mond","22":"product_tag-nachhaltig","23":"product_tag-naturkautschuk","24":"product_tag-naturlich-de-2","25":"product_tag-sicher","26":"product_tag-zahne-de","27":"product_tag-zahne","28":"product_tag-zahnen-de","30":"first","31":"outofstock","32":"taxable","33":"shipping-taxable","34":"purchasable","35":"product-type-simple"},"bundled_by":[],"bundle_stock_status":"outofstock","bundle_stock_quantity":0,"bundle_virtual":false,"bundle_layout":"","bundle_add_to_cart_form_location":"","bundle_editable_in_cart":false,"bundle_sold_individually_context":"","bundle_item_grouping":"","bundle_min_size":"","bundle_max_size":"","bundle_price":[],"bundled_items":[],"bundle_sell_ids":[],"yoast_head":"<!-- This site is optimized with the Yoast SEO Premium plugin v27.6 (Yoast SEO v27.6) - https:\/\/yoast.com\/product\/yoast-seo-premium-wordpress\/ -->\n<title>Zahnungsfigur aus Naturkautschuk \/ Badespielzeug - Moon Maya<\/title>\n<meta name=\"description\" content=\"Moon Maya - DAS Bei\u00df- und Badespielzeug aus Naturkautschuk. Ideal zum Zahnen und f\u00fcr stundenlangen Badespa\u00df. 100%% BPA-freier Naturkautschuk.\" \/>\n<meta name=\"robots\" content=\"index, follow, max-snippet:-1, max-image-preview:large, max-video-preview:-1\" \/>\n<link rel=\"canonical\" href=\"https:\/\/www.jootjeshaakcadeautjes.nl\/de\/produkt\/naturgummi-biss-figur-batzen-spielzeug-klein-jo-mond-maya\/\" \/>\n<meta property=\"og:locale\" content=\"de_DE\" \/>\n<meta property=\"og:type\" content=\"article\" \/>\n<meta property=\"og:title\" content=\"Naturkautschuk Zahnen \/ Badespielzeug - LittleJo - Moon Maya\" \/>\n<meta property=\"og:description\" content=\"Moon Maya - DAS Bei\u00df- und Badespielzeug aus Naturkautschuk. Ideal zum Zahnen und f\u00fcr stundenlangen Badespa\u00df. 100%% BPA-freier Naturkautschuk.\" \/>\n<meta property=\"og:url\" content=\"https:\/\/www.jootjeshaakcadeautjes.nl\/de\/produkt\/naturgummi-biss-figur-batzen-spielzeug-klein-jo-mond-maya\/\" \/>\n<meta property=\"og:site_name\" content=\"Jootjes Haakcadeautjes\" \/>\n<meta property=\"article:modified_time\" content=\"2025-11-03T12:36:56+00:00\" \/>\n<meta property=\"og:image\" content=\"https:\/\/www.jootjeshaakcadeautjes.nl\/wp-content\/uploads\/2021\/11\/20210921_213422-2-scaled.jpg\" \/>\n\t<meta property=\"og:image:width\" content=\"2048\" \/>\n\t<meta property=\"og:image:height\" content=\"2048\" \/>\n\t<meta property=\"og:image:type\" content=\"image\/jpeg\" \/>\n<meta name=\"twitter:card\" content=\"summary_large_image\" \/>\n<meta name=\"twitter:label1\" content=\"Preis\" \/>\n\t<meta name=\"twitter:data1\" content=\"&euro;6.95 inkl. MwSt.\" \/>\n\t<meta name=\"twitter:label2\" content=\"Verf\u00fcgbarkeit\" \/>\n\t<meta name=\"twitter:data2\" content=\"ausverkauft\" \/>\n<script type=\"application\/ld+json\" class=\"yoast-schema-graph\">{\"@context\":\"https:\\\/\\\/schema.org\",\"@graph\":[{\"@type\":\"WebPage\",\"@id\":\"https:\\\/\\\/www.jootjeshaakcadeautjes.nl\\\/de\\\/produkt\\\/naturgummi-biss-figur-batzen-spielzeug-klein-jo-mond-maya\\\/\",\"url\":\"https:\\\/\\\/www.jootjeshaakcadeautjes.nl\\\/de\\\/produkt\\\/naturgummi-biss-figur-batzen-spielzeug-klein-jo-mond-maya\\\/\",\"name\":\"Zahnungsfigur aus Naturkautschuk \\\/ Badespielzeug - Moon Maya\",\"isPartOf\":{\"@id\":\"https:\\\/\\\/www.jootjeshaakcadeautjes.nl\\\/de\\\/#website\"},\"primaryImageOfPage\":{\"@id\":\"https:\\\/\\\/www.jootjeshaakcadeautjes.nl\\\/de\\\/produkt\\\/naturgummi-biss-figur-batzen-spielzeug-klein-jo-mond-maya\\\/#primaryimage\"},\"image\":{\"@id\":\"https:\\\/\\\/www.jootjeshaakcadeautjes.nl\\\/de\\\/produkt\\\/naturgummi-biss-figur-batzen-spielzeug-klein-jo-mond-maya\\\/#primaryimage\"},\"thumbnailUrl\":\"https:\\\/\\\/d1dyryakdmle7o.cloudfront.net\\\/wp-content\\\/uploads\\\/2021\\\/11\\\/20210921_213422-2-scaled.jpg\",\"datePublished\":\"2021-11-23T20:31:43+00:00\",\"dateModified\":\"2025-11-03T12:36:56+00:00\",\"description\":\"Moon Maya - DAS Bei\u00df- und Badespielzeug aus Naturkautschuk. Ideal zum Zahnen und f\u00fcr stundenlangen Badespa\u00df. 100%% BPA-freier Naturkautschuk.\",\"breadcrumb\":{\"@id\":\"https:\\\/\\\/www.jootjeshaakcadeautjes.nl\\\/de\\\/produkt\\\/naturgummi-biss-figur-batzen-spielzeug-klein-jo-mond-maya\\\/#breadcrumb\"},\"inLanguage\":\"de\",\"potentialAction\":[{\"@type\":\"ReadAction\",\"target\":[\"https:\\\/\\\/www.jootjeshaakcadeautjes.nl\\\/de\\\/produkt\\\/naturgummi-biss-figur-batzen-spielzeug-klein-jo-mond-maya\\\/\"]}]},{\"@type\":\"ImageObject\",\"inLanguage\":\"de\",\"@id\":\"https:\\\/\\\/www.jootjeshaakcadeautjes.nl\\\/de\\\/produkt\\\/naturgummi-biss-figur-batzen-spielzeug-klein-jo-mond-maya\\\/#primaryimage\",\"url\":\"https:\\\/\\\/d1dyryakdmle7o.cloudfront.net\\\/wp-content\\\/uploads\\\/2021\\\/11\\\/20210921_213422-2-scaled.jpg\",\"contentUrl\":\"https:\\\/\\\/d1dyryakdmle7o.cloudfront.net\\\/wp-content\\\/uploads\\\/2021\\\/11\\\/20210921_213422-2-scaled.jpg\",\"width\":2048,\"height\":2048,\"caption\":\"Naturkautschuk Hevea Natruba Latex Bei\u00dfspielzeug Badespielzeug BPA frei Mond Maya LittleJo\"},{\"@type\":\"BreadcrumbList\",\"@id\":\"https:\\\/\\\/www.jootjeshaakcadeautjes.nl\\\/de\\\/produkt\\\/naturgummi-biss-figur-batzen-spielzeug-klein-jo-mond-maya\\\/#breadcrumb\",\"itemListElement\":[{\"@type\":\"ListItem\",\"position\":1,\"name\":\"Startseite\",\"item\":\"https:\\\/\\\/www.jootjeshaakcadeautjes.nl\\\/de\\\/\"},{\"@type\":\"ListItem\",\"position\":2,\"name\":\"Gro\u00dfhandel mit Silikonperlen &#8211; Business und Consumer\",\"item\":\"https:\\\/\\\/www.jootjeshaakcadeautjes.nl\\\/de\\\/shop\\\/\"},{\"@type\":\"ListItem\",\"position\":3,\"name\":\"Naturkautschuk Zahnen \\\/ Badespielzeug &#8211; LittleJo &#8211; Moon Maya\"}]},{\"@type\":\"WebSite\",\"@id\":\"https:\\\/\\\/www.jootjeshaakcadeautjes.nl\\\/de\\\/#website\",\"url\":\"https:\\\/\\\/www.jootjeshaakcadeautjes.nl\\\/de\\\/\",\"name\":\"Jootjes Haakcadeautjes\",\"description\":\"Silikonperlen Gro\u00dfhandel \",\"publisher\":{\"@id\":\"https:\\\/\\\/www.jootjeshaakcadeautjes.nl\\\/de\\\/#organization\"},\"potentialAction\":[{\"@type\":\"SearchAction\",\"target\":{\"@type\":\"EntryPoint\",\"urlTemplate\":\"https:\\\/\\\/www.jootjeshaakcadeautjes.nl\\\/de\\\/?s={search_term_string}\"},\"query-input\":{\"@type\":\"PropertyValueSpecification\",\"valueRequired\":true,\"valueName\":\"search_term_string\"}}],\"inLanguage\":\"de\"},{\"@type\":\"Organization\",\"@id\":\"https:\\\/\\\/www.jootjeshaakcadeautjes.nl\\\/de\\\/#organization\",\"name\":\"Jootjes Haakcadeautjes\",\"url\":\"https:\\\/\\\/www.jootjeshaakcadeautjes.nl\\\/de\\\/\",\"logo\":{\"@type\":\"ImageObject\",\"inLanguage\":\"de\",\"@id\":\"https:\\\/\\\/www.jootjeshaakcadeautjes.nl\\\/de\\\/#\\\/schema\\\/logo\\\/image\\\/\",\"url\":\"https:\\\/\\\/d1dyryakdmle7o.cloudfront.net\\\/wp-content\\\/uploads\\\/2023\\\/05\\\/Logo-rond.png\",\"contentUrl\":\"https:\\\/\\\/d1dyryakdmle7o.cloudfront.net\\\/wp-content\\\/uploads\\\/2023\\\/05\\\/Logo-rond.png\",\"width\":1222,\"height\":1222,\"caption\":\"Jootjes Haakcadeautjes\"},\"image\":{\"@id\":\"https:\\\/\\\/www.jootjeshaakcadeautjes.nl\\\/de\\\/#\\\/schema\\\/logo\\\/image\\\/\"}}]}<\/script>\n<meta property=\"product:price:amount\" content=\"6.95\" \/>\n<meta property=\"product:price:currency\" content=\"EUR\" \/>\n<meta property=\"og:availability\" content=\"out of stock\" \/>\n<meta property=\"product:availability\" content=\"out of stock\" \/>\n<meta property=\"product:retailer_item_id\" content=\"NTR-LJO-MAM\" \/>\n<meta property=\"product:condition\" content=\"new\" \/>\n<!-- \/ Yoast SEO Premium plugin. -->","yoast_head_json":{"title":"Zahnungsfigur aus Naturkautschuk \/ Badespielzeug - Moon Maya","description":"Moon Maya - DAS Bei\u00df- und Badespielzeug aus Naturkautschuk. Ideal zum Zahnen und f\u00fcr stundenlangen Badespa\u00df. 100%% BPA-freier Naturkautschuk.","robots":{"index":"index","follow":"follow","max-snippet":"max-snippet:-1","max-image-preview":"max-image-preview:large","max-video-preview":"max-video-preview:-1"},"canonical":"https:\/\/www.jootjeshaakcadeautjes.nl\/de\/produkt\/naturgummi-biss-figur-batzen-spielzeug-klein-jo-mond-maya\/","og_locale":"de_DE","og_type":"article","og_title":"Naturkautschuk Zahnen \/ Badespielzeug - LittleJo - Moon Maya","og_description":"Moon Maya - DAS Bei\u00df- und Badespielzeug aus Naturkautschuk. Ideal zum Zahnen und f\u00fcr stundenlangen Badespa\u00df. 100%% BPA-freier Naturkautschuk.","og_url":"https:\/\/www.jootjeshaakcadeautjes.nl\/de\/produkt\/naturgummi-biss-figur-batzen-spielzeug-klein-jo-mond-maya\/","og_site_name":"Jootjes Haakcadeautjes","article_modified_time":"2025-11-03T12:36:56+00:00","og_image":[{"width":2048,"height":2048,"url":"https:\/\/www.jootjeshaakcadeautjes.nl\/wp-content\/uploads\/2021\/11\/20210921_213422-2-scaled.jpg","type":"image\/jpeg"}],"twitter_card":"summary_large_image","twitter_misc":{"Preis":"&euro;6.95 inkl. MwSt.","Verf\u00fcgbarkeit":"ausverkauft"},"schema":{"@context":"https:\/\/schema.org","@graph":[{"@type":"WebPage","@id":"https:\/\/www.jootjeshaakcadeautjes.nl\/de\/produkt\/naturgummi-biss-figur-batzen-spielzeug-klein-jo-mond-maya\/","url":"https:\/\/www.jootjeshaakcadeautjes.nl\/de\/produkt\/naturgummi-biss-figur-batzen-spielzeug-klein-jo-mond-maya\/","name":"Zahnungsfigur aus Naturkautschuk \/ Badespielzeug - Moon Maya","isPartOf":{"@id":"https:\/\/www.jootjeshaakcadeautjes.nl\/de\/#website"},"primaryImageOfPage":{"@id":"https:\/\/www.jootjeshaakcadeautjes.nl\/de\/produkt\/naturgummi-biss-figur-batzen-spielzeug-klein-jo-mond-maya\/#primaryimage"},"image":{"@id":"https:\/\/www.jootjeshaakcadeautjes.nl\/de\/produkt\/naturgummi-biss-figur-batzen-spielzeug-klein-jo-mond-maya\/#primaryimage"},"thumbnailUrl":"https:\/\/d1dyryakdmle7o.cloudfront.net\/wp-content\/uploads\/2021\/11\/20210921_213422-2-scaled.jpg","datePublished":"2021-11-23T20:31:43+00:00","dateModified":"2025-11-03T12:36:56+00:00","description":"Moon Maya - DAS Bei\u00df- und Badespielzeug aus Naturkautschuk. Ideal zum Zahnen und f\u00fcr stundenlangen Badespa\u00df. 100%% BPA-freier Naturkautschuk.","breadcrumb":{"@id":"https:\/\/www.jootjeshaakcadeautjes.nl\/de\/produkt\/naturgummi-biss-figur-batzen-spielzeug-klein-jo-mond-maya\/#breadcrumb"},"inLanguage":"de","potentialAction":[{"@type":"ReadAction","target":["https:\/\/www.jootjeshaakcadeautjes.nl\/de\/produkt\/naturgummi-biss-figur-batzen-spielzeug-klein-jo-mond-maya\/"]}]},{"@type":"ImageObject","inLanguage":"de","@id":"https:\/\/www.jootjeshaakcadeautjes.nl\/de\/produkt\/naturgummi-biss-figur-batzen-spielzeug-klein-jo-mond-maya\/#primaryimage","url":"https:\/\/d1dyryakdmle7o.cloudfront.net\/wp-content\/uploads\/2021\/11\/20210921_213422-2-scaled.jpg","contentUrl":"https:\/\/d1dyryakdmle7o.cloudfront.net\/wp-content\/uploads\/2021\/11\/20210921_213422-2-scaled.jpg","width":2048,"height":2048,"caption":"Naturkautschuk Hevea Natruba Latex Bei\u00dfspielzeug Badespielzeug BPA frei Mond Maya LittleJo"},{"@type":"BreadcrumbList","@id":"https:\/\/www.jootjeshaakcadeautjes.nl\/de\/produkt\/naturgummi-biss-figur-batzen-spielzeug-klein-jo-mond-maya\/#breadcrumb","itemListElement":[{"@type":"ListItem","position":1,"name":"Startseite","item":"https:\/\/www.jootjeshaakcadeautjes.nl\/de\/"},{"@type":"ListItem","position":2,"name":"Gro\u00dfhandel mit Silikonperlen &#8211; Business und Consumer","item":"https:\/\/www.jootjeshaakcadeautjes.nl\/de\/shop\/"},{"@type":"ListItem","position":3,"name":"Naturkautschuk Zahnen \/ Badespielzeug &#8211; LittleJo &#8211; Moon Maya"}]},{"@type":"WebSite","@id":"https:\/\/www.jootjeshaakcadeautjes.nl\/de\/#website","url":"https:\/\/www.jootjeshaakcadeautjes.nl\/de\/","name":"Jootjes Haakcadeautjes","description":"Silikonperlen Gro\u00dfhandel ","publisher":{"@id":"https:\/\/www.jootjeshaakcadeautjes.nl\/de\/#organization"},"potentialAction":[{"@type":"SearchAction","target":{"@type":"EntryPoint","urlTemplate":"https:\/\/www.jootjeshaakcadeautjes.nl\/de\/?s={search_term_string}"},"query-input":{"@type":"PropertyValueSpecification","valueRequired":true,"valueName":"search_term_string"}}],"inLanguage":"de"},{"@type":"Organization","@id":"https:\/\/www.jootjeshaakcadeautjes.nl\/de\/#organization","name":"Jootjes Haakcadeautjes","url":"https:\/\/www.jootjeshaakcadeautjes.nl\/de\/","logo":{"@type":"ImageObject","inLanguage":"de","@id":"https:\/\/www.jootjeshaakcadeautjes.nl\/de\/#\/schema\/logo\/image\/","url":"https:\/\/d1dyryakdmle7o.cloudfront.net\/wp-content\/uploads\/2023\/05\/Logo-rond.png","contentUrl":"https:\/\/d1dyryakdmle7o.cloudfront.net\/wp-content\/uploads\/2023\/05\/Logo-rond.png","width":1222,"height":1222,"caption":"Jootjes Haakcadeautjes"},"image":{"@id":"https:\/\/www.jootjeshaakcadeautjes.nl\/de\/#\/schema\/logo\/image\/"}}]},"product_price_amount":"6.95","product_price_currency":"EUR","og_availability":"out of stock","product_availability":"out of stock","product_retailer_item_id":"NTR-LJO-MAM","product_condition":"new"},"_links":{"self":[{"href":"https:\/\/www.jootjeshaakcadeautjes.nl\/de\/wp-json\/wp\/v2\/product\/121591","targetHints":{"allow":["GET"]}}],"collection":[{"href":"https:\/\/www.jootjeshaakcadeautjes.nl\/de\/wp-json\/wp\/v2\/product"}],"about":[{"href":"https:\/\/www.jootjeshaakcadeautjes.nl\/de\/wp-json\/wp\/v2\/types\/product"}],"version-history":[{"count":0,"href":"https:\/\/www.jootjeshaakcadeautjes.nl\/de\/wp-json\/wp\/v2\/product\/121591\/revisions"}],"wp:featuredmedia":[{"embeddable":true,"href":"https:\/\/www.jootjeshaakcadeautjes.nl\/de\/wp-json\/wp\/v2\/media\/77926"}],"wp:attachment":[{"href":"https:\/\/www.jootjeshaakcadeautjes.nl\/de\/wp-json\/wp\/v2\/media?parent=121591"}],"wp:term":[{"taxonomy":"product_brand","embeddable":true,"href":"https:\/\/www.jootjeshaakcadeautjes.nl\/de\/wp-json\/wp\/v2\/product_brand?post=121591"},{"taxonomy":"product_cat","embeddable":true,"href":"https:\/\/www.jootjeshaakcadeautjes.nl\/de\/wp-json\/wp\/v2\/product_cat?post=121591"},{"taxonomy":"product_tag","embeddable":true,"href":"https:\/\/www.jootjeshaakcadeautjes.nl\/de\/wp-json\/wp\/v2\/product_tag?post=121591"}],"curies":[{"name":"wp","href":"https:\/\/api.w.org\/{rel}","templated":true}]}}