{"id":121826,"date":"2021-09-03T20:40:24","date_gmt":"2021-09-03T19:40:24","guid":{"rendered":"https:\/\/www.jootjeshaakcadeautjes.nl\/product\/stickschere-altmodisch-mit-blumen-verzierung-kupfer\/"},"modified":"2025-11-07T15:28:34","modified_gmt":"2025-11-07T14:28:34","slug":"stickschere-altmodisch-mit-blumen-verzierung-kupfer","status":"publish","type":"product","link":"https:\/\/www.jootjeshaakcadeautjes.nl\/de\/produkt\/stickschere-altmodisch-mit-blumen-verzierung-kupfer\/","title":{"rendered":"Stickereischere Vintage mit Blumendekoration &#8211; Kupfer"},"content":{"rendered":"<h1>Stickereischere vintage &#8211; Kupfer &#8211; Mit Pfirsichbl\u00fcten<\/h1>\n<p>Diese sch\u00f6ne Stickereischere ist eine Bereicherung f\u00fcr jeden, der gerne h\u00e4kelt. Diese zierliche Stickereischere k\u00f6nnen Sie bei Jootjes Haakcadeautjes in der sch\u00f6nen Farbe warmes Kupfer kaufen. Wahrscheinlich sehen Sie diese Vintage-Stickereischeren oft auf Facebook und Pinterest. Die Schere ist in der Tat ein tolles H\u00e4kelwerkzeug aus rostfreiem Stahl. So bleibt er scharf und kann nicht brechen. Dabei ist sie ein echter Blickfang. So macht das H\u00e4keln noch mehr Spa\u00df und ist zudem ein sch\u00f6nes Dekorationsst\u00fcck. Mit diesem Stickereischneider macht das H\u00e4keln noch mehr Spa\u00df. Es wirkt fast wie eine Hakenverzierung. Erh\u00e4ltlich in Kupfer und Silber f\u00fcr nur 6,75 Euro jetzt im Verkauf!<\/p>\n<p>Neben der Kupfer-Stickschere haben wir auch eine <a href=\"https:\/\/www.jootjeshaakcadeautjes.nl\/de\/produkt\/stickereischere-vintage-kupfer\/\">sch\u00f6ne Kupfer-Stickschere<\/a> und einen <a href=\"https:\/\/www.jootjeshaakcadeautjes.nl\/de\/produkt\/fadenabschneider-aufhaenger\/\">verzierten Vintage-Fadenschneider<\/a>.<\/p>\n<p>&nbsp;<\/p>\n","protected":false},"excerpt":{"rendered":"<p>Sch\u00f6ne Vintage-Stickerei Schere mit Bl\u00fcte.<br \/>\nStickereischere in der Farbe Kupfer.<br \/>\nSuperscharf und aus hochwertigem Edelstahl.<\/p>\n<p>&nbsp;<\/p>\n","protected":false},"featured_media":79984,"template":"","meta":[],"product_brand":[],"product_cat":[8247,9639],"product_tag":[9658,9705,9706,7981,9703,8444,9704,9700,8280,8363,9701,9642,9702,8147],"class_list":{"0":"post-121826","1":"product","2":"type-product","3":"status-publish","4":"has-post-thumbnail","6":"product_cat-bastelmaterial-hakelzubehor","7":"product_cat-stickereischere","8":"product_tag-barock","9":"product_tag-bastelschere","10":"product_tag-bastelschere-de","11":"product_tag-blume","12":"product_tag-blute-de","13":"product_tag-kupfer-de","14":"product_tag-locken","15":"product_tag-scharf","16":"product_tag-schere","17":"product_tag-schere-de","18":"product_tag-schnitt","19":"product_tag-stickereischere","20":"product_tag-stickereischere-de","21":"product_tag-weinlese","23":"first","24":"outofstock","25":"taxable","26":"shipping-taxable","27":"purchasable","28":"product-type-simple"},"bundled_by":[],"bundle_stock_status":"outofstock","bundle_stock_quantity":0,"bundle_virtual":false,"bundle_layout":"","bundle_add_to_cart_form_location":"","bundle_editable_in_cart":false,"bundle_sold_individually_context":"","bundle_item_grouping":"","bundle_min_size":"","bundle_max_size":"","bundle_price":[],"bundled_items":[],"bundle_sell_ids":[],"yoast_head":"<!-- This site is optimized with the Yoast SEO Premium plugin v27.6 (Yoast SEO v27.6) - https:\/\/yoast.com\/product\/yoast-seo-premium-wordpress\/ -->\n<title>Jootjes Haakcadeautjes<\/title>\n<meta name=\"description\" content=\"Stickerei Schere Vintage mit h\u00fcbschen Blumen auf sie in Kupfer Farbe. Diese Stickschere ist ein tolles Accessoire und bleibt scharf.\" \/>\n<meta name=\"robots\" content=\"index, follow, max-snippet:-1, max-image-preview:large, max-video-preview:-1\" \/>\n<link rel=\"canonical\" href=\"https:\/\/www.jootjeshaakcadeautjes.nl\/de\/produkt\/stickschere-altmodisch-mit-blumen-verzierung-kupfer\/\" \/>\n<meta property=\"og:locale\" content=\"de_DE\" \/>\n<meta property=\"og:type\" content=\"article\" \/>\n<meta property=\"og:title\" content=\"Stickereischere Vintage mit Blumendekoration - Kupfer\" \/>\n<meta property=\"og:description\" content=\"Stickerei Schere Vintage mit h\u00fcbschen Blumen auf sie in Kupfer Farbe. Diese Stickschere ist ein tolles Accessoire und bleibt scharf.\" \/>\n<meta property=\"og:url\" content=\"https:\/\/www.jootjeshaakcadeautjes.nl\/de\/produkt\/stickschere-altmodisch-mit-blumen-verzierung-kupfer\/\" \/>\n<meta property=\"og:site_name\" content=\"Jootjes Haakcadeautjes\" \/>\n<meta property=\"article:modified_time\" content=\"2025-11-07T14:28:34+00:00\" \/>\n<meta property=\"og:image\" content=\"https:\/\/www.jootjeshaakcadeautjes.nl\/wp-content\/uploads\/2021\/09\/20220417_184808.jpg\" \/>\n\t<meta property=\"og:image:width\" content=\"2048\" \/>\n\t<meta property=\"og:image:height\" content=\"2048\" \/>\n\t<meta property=\"og:image:type\" content=\"image\/jpeg\" \/>\n<meta name=\"twitter:card\" content=\"summary_large_image\" \/>\n<meta name=\"twitter:label1\" content=\"Preis\" \/>\n\t<meta name=\"twitter:data1\" content=\"&euro;7.75 inkl. MwSt.\" \/>\n\t<meta name=\"twitter:label2\" content=\"Verf\u00fcgbarkeit\" \/>\n\t<meta name=\"twitter:data2\" content=\"ausverkauft\" \/>\n<script type=\"application\/ld+json\" class=\"yoast-schema-graph\">{\"@context\":\"https:\\\/\\\/schema.org\",\"@graph\":[{\"@type\":\"WebPage\",\"@id\":\"https:\\\/\\\/www.jootjeshaakcadeautjes.nl\\\/de\\\/produkt\\\/stickschere-altmodisch-mit-blumen-verzierung-kupfer\\\/\",\"url\":\"https:\\\/\\\/www.jootjeshaakcadeautjes.nl\\\/de\\\/produkt\\\/stickschere-altmodisch-mit-blumen-verzierung-kupfer\\\/\",\"name\":\"\",\"isPartOf\":{\"@id\":\"https:\\\/\\\/www.jootjeshaakcadeautjes.nl\\\/de\\\/#website\"},\"primaryImageOfPage\":{\"@id\":\"https:\\\/\\\/www.jootjeshaakcadeautjes.nl\\\/de\\\/produkt\\\/stickschere-altmodisch-mit-blumen-verzierung-kupfer\\\/#primaryimage\"},\"image\":{\"@id\":\"https:\\\/\\\/www.jootjeshaakcadeautjes.nl\\\/de\\\/produkt\\\/stickschere-altmodisch-mit-blumen-verzierung-kupfer\\\/#primaryimage\"},\"thumbnailUrl\":\"https:\\\/\\\/d1dyryakdmle7o.cloudfront.net\\\/wp-content\\\/uploads\\\/2021\\\/09\\\/20220417_184808.jpg\",\"datePublished\":\"2021-09-03T19:40:24+00:00\",\"dateModified\":\"2025-11-07T14:28:34+00:00\",\"description\":\"Stickerei Schere Vintage mit h\u00fcbschen Blumen auf sie in Kupfer Farbe. Diese Stickschere ist ein tolles Accessoire und bleibt scharf.\",\"breadcrumb\":{\"@id\":\"https:\\\/\\\/www.jootjeshaakcadeautjes.nl\\\/de\\\/produkt\\\/stickschere-altmodisch-mit-blumen-verzierung-kupfer\\\/#breadcrumb\"},\"inLanguage\":\"de\",\"potentialAction\":[{\"@type\":\"ReadAction\",\"target\":[\"https:\\\/\\\/www.jootjeshaakcadeautjes.nl\\\/de\\\/produkt\\\/stickschere-altmodisch-mit-blumen-verzierung-kupfer\\\/\"]}]},{\"@type\":\"ImageObject\",\"inLanguage\":\"de\",\"@id\":\"https:\\\/\\\/www.jootjeshaakcadeautjes.nl\\\/de\\\/produkt\\\/stickschere-altmodisch-mit-blumen-verzierung-kupfer\\\/#primaryimage\",\"url\":\"https:\\\/\\\/d1dyryakdmle7o.cloudfront.net\\\/wp-content\\\/uploads\\\/2021\\\/09\\\/20220417_184808.jpg\",\"contentUrl\":\"https:\\\/\\\/d1dyryakdmle7o.cloudfront.net\\\/wp-content\\\/uploads\\\/2021\\\/09\\\/20220417_184808.jpg\",\"width\":2048,\"height\":2048,\"caption\":\"Stickereischere Vintage Kupfer mit Bl\u00fcte Nuckelschnur\"},{\"@type\":\"BreadcrumbList\",\"@id\":\"https:\\\/\\\/www.jootjeshaakcadeautjes.nl\\\/de\\\/produkt\\\/stickschere-altmodisch-mit-blumen-verzierung-kupfer\\\/#breadcrumb\",\"itemListElement\":[{\"@type\":\"ListItem\",\"position\":1,\"name\":\"Startseite\",\"item\":\"https:\\\/\\\/www.jootjeshaakcadeautjes.nl\\\/de\\\/\"},{\"@type\":\"ListItem\",\"position\":2,\"name\":\"Gro\u00dfhandel mit Silikonperlen &#8211; Business und Consumer\",\"item\":\"https:\\\/\\\/www.jootjeshaakcadeautjes.nl\\\/de\\\/shop\\\/\"},{\"@type\":\"ListItem\",\"position\":3,\"name\":\"Stickereischere Vintage mit Blumendekoration &#8211; Kupfer\"}]},{\"@type\":\"WebSite\",\"@id\":\"https:\\\/\\\/www.jootjeshaakcadeautjes.nl\\\/de\\\/#website\",\"url\":\"https:\\\/\\\/www.jootjeshaakcadeautjes.nl\\\/de\\\/\",\"name\":\"Jootjes Haakcadeautjes\",\"description\":\"Silikonperlen Gro\u00dfhandel \",\"publisher\":{\"@id\":\"https:\\\/\\\/www.jootjeshaakcadeautjes.nl\\\/de\\\/#organization\"},\"potentialAction\":[{\"@type\":\"SearchAction\",\"target\":{\"@type\":\"EntryPoint\",\"urlTemplate\":\"https:\\\/\\\/www.jootjeshaakcadeautjes.nl\\\/de\\\/?s={search_term_string}\"},\"query-input\":{\"@type\":\"PropertyValueSpecification\",\"valueRequired\":true,\"valueName\":\"search_term_string\"}}],\"inLanguage\":\"de\"},{\"@type\":\"Organization\",\"@id\":\"https:\\\/\\\/www.jootjeshaakcadeautjes.nl\\\/de\\\/#organization\",\"name\":\"Jootjes Haakcadeautjes\",\"url\":\"https:\\\/\\\/www.jootjeshaakcadeautjes.nl\\\/de\\\/\",\"logo\":{\"@type\":\"ImageObject\",\"inLanguage\":\"de\",\"@id\":\"https:\\\/\\\/www.jootjeshaakcadeautjes.nl\\\/de\\\/#\\\/schema\\\/logo\\\/image\\\/\",\"url\":\"https:\\\/\\\/d1dyryakdmle7o.cloudfront.net\\\/wp-content\\\/uploads\\\/2023\\\/05\\\/Logo-rond.png\",\"contentUrl\":\"https:\\\/\\\/d1dyryakdmle7o.cloudfront.net\\\/wp-content\\\/uploads\\\/2023\\\/05\\\/Logo-rond.png\",\"width\":1222,\"height\":1222,\"caption\":\"Jootjes Haakcadeautjes\"},\"image\":{\"@id\":\"https:\\\/\\\/www.jootjeshaakcadeautjes.nl\\\/de\\\/#\\\/schema\\\/logo\\\/image\\\/\"}}]}<\/script>\n<meta property=\"product:price:amount\" content=\"7.75\" \/>\n<meta property=\"product:price:currency\" content=\"EUR\" \/>\n<meta property=\"og:availability\" content=\"out of stock\" \/>\n<meta property=\"product:availability\" content=\"out of stock\" \/>\n<meta property=\"product:retailer_item_id\" content=\"BOR-VNB-KOP\" \/>\n<meta property=\"product:condition\" content=\"new\" \/>\n<!-- \/ Yoast SEO Premium plugin. -->","yoast_head_json":{"title":"Jootjes Haakcadeautjes","description":"Stickerei Schere Vintage mit h\u00fcbschen Blumen auf sie in Kupfer Farbe. Diese Stickschere ist ein tolles Accessoire und bleibt scharf.","robots":{"index":"index","follow":"follow","max-snippet":"max-snippet:-1","max-image-preview":"max-image-preview:large","max-video-preview":"max-video-preview:-1"},"canonical":"https:\/\/www.jootjeshaakcadeautjes.nl\/de\/produkt\/stickschere-altmodisch-mit-blumen-verzierung-kupfer\/","og_locale":"de_DE","og_type":"article","og_title":"Stickereischere Vintage mit Blumendekoration - Kupfer","og_description":"Stickerei Schere Vintage mit h\u00fcbschen Blumen auf sie in Kupfer Farbe. Diese Stickschere ist ein tolles Accessoire und bleibt scharf.","og_url":"https:\/\/www.jootjeshaakcadeautjes.nl\/de\/produkt\/stickschere-altmodisch-mit-blumen-verzierung-kupfer\/","og_site_name":"Jootjes Haakcadeautjes","article_modified_time":"2025-11-07T14:28:34+00:00","og_image":[{"width":2048,"height":2048,"url":"https:\/\/www.jootjeshaakcadeautjes.nl\/wp-content\/uploads\/2021\/09\/20220417_184808.jpg","type":"image\/jpeg"}],"twitter_card":"summary_large_image","twitter_misc":{"Preis":"&euro;7.75 inkl. MwSt.","Verf\u00fcgbarkeit":"ausverkauft"},"schema":{"@context":"https:\/\/schema.org","@graph":[{"@type":"WebPage","@id":"https:\/\/www.jootjeshaakcadeautjes.nl\/de\/produkt\/stickschere-altmodisch-mit-blumen-verzierung-kupfer\/","url":"https:\/\/www.jootjeshaakcadeautjes.nl\/de\/produkt\/stickschere-altmodisch-mit-blumen-verzierung-kupfer\/","name":"","isPartOf":{"@id":"https:\/\/www.jootjeshaakcadeautjes.nl\/de\/#website"},"primaryImageOfPage":{"@id":"https:\/\/www.jootjeshaakcadeautjes.nl\/de\/produkt\/stickschere-altmodisch-mit-blumen-verzierung-kupfer\/#primaryimage"},"image":{"@id":"https:\/\/www.jootjeshaakcadeautjes.nl\/de\/produkt\/stickschere-altmodisch-mit-blumen-verzierung-kupfer\/#primaryimage"},"thumbnailUrl":"https:\/\/d1dyryakdmle7o.cloudfront.net\/wp-content\/uploads\/2021\/09\/20220417_184808.jpg","datePublished":"2021-09-03T19:40:24+00:00","dateModified":"2025-11-07T14:28:34+00:00","description":"Stickerei Schere Vintage mit h\u00fcbschen Blumen auf sie in Kupfer Farbe. Diese Stickschere ist ein tolles Accessoire und bleibt scharf.","breadcrumb":{"@id":"https:\/\/www.jootjeshaakcadeautjes.nl\/de\/produkt\/stickschere-altmodisch-mit-blumen-verzierung-kupfer\/#breadcrumb"},"inLanguage":"de","potentialAction":[{"@type":"ReadAction","target":["https:\/\/www.jootjeshaakcadeautjes.nl\/de\/produkt\/stickschere-altmodisch-mit-blumen-verzierung-kupfer\/"]}]},{"@type":"ImageObject","inLanguage":"de","@id":"https:\/\/www.jootjeshaakcadeautjes.nl\/de\/produkt\/stickschere-altmodisch-mit-blumen-verzierung-kupfer\/#primaryimage","url":"https:\/\/d1dyryakdmle7o.cloudfront.net\/wp-content\/uploads\/2021\/09\/20220417_184808.jpg","contentUrl":"https:\/\/d1dyryakdmle7o.cloudfront.net\/wp-content\/uploads\/2021\/09\/20220417_184808.jpg","width":2048,"height":2048,"caption":"Stickereischere Vintage Kupfer mit Bl\u00fcte Nuckelschnur"},{"@type":"BreadcrumbList","@id":"https:\/\/www.jootjeshaakcadeautjes.nl\/de\/produkt\/stickschere-altmodisch-mit-blumen-verzierung-kupfer\/#breadcrumb","itemListElement":[{"@type":"ListItem","position":1,"name":"Startseite","item":"https:\/\/www.jootjeshaakcadeautjes.nl\/de\/"},{"@type":"ListItem","position":2,"name":"Gro\u00dfhandel mit Silikonperlen &#8211; Business und Consumer","item":"https:\/\/www.jootjeshaakcadeautjes.nl\/de\/shop\/"},{"@type":"ListItem","position":3,"name":"Stickereischere Vintage mit Blumendekoration &#8211; Kupfer"}]},{"@type":"WebSite","@id":"https:\/\/www.jootjeshaakcadeautjes.nl\/de\/#website","url":"https:\/\/www.jootjeshaakcadeautjes.nl\/de\/","name":"Jootjes Haakcadeautjes","description":"Silikonperlen Gro\u00dfhandel ","publisher":{"@id":"https:\/\/www.jootjeshaakcadeautjes.nl\/de\/#organization"},"potentialAction":[{"@type":"SearchAction","target":{"@type":"EntryPoint","urlTemplate":"https:\/\/www.jootjeshaakcadeautjes.nl\/de\/?s={search_term_string}"},"query-input":{"@type":"PropertyValueSpecification","valueRequired":true,"valueName":"search_term_string"}}],"inLanguage":"de"},{"@type":"Organization","@id":"https:\/\/www.jootjeshaakcadeautjes.nl\/de\/#organization","name":"Jootjes Haakcadeautjes","url":"https:\/\/www.jootjeshaakcadeautjes.nl\/de\/","logo":{"@type":"ImageObject","inLanguage":"de","@id":"https:\/\/www.jootjeshaakcadeautjes.nl\/de\/#\/schema\/logo\/image\/","url":"https:\/\/d1dyryakdmle7o.cloudfront.net\/wp-content\/uploads\/2023\/05\/Logo-rond.png","contentUrl":"https:\/\/d1dyryakdmle7o.cloudfront.net\/wp-content\/uploads\/2023\/05\/Logo-rond.png","width":1222,"height":1222,"caption":"Jootjes Haakcadeautjes"},"image":{"@id":"https:\/\/www.jootjeshaakcadeautjes.nl\/de\/#\/schema\/logo\/image\/"}}]},"product_price_amount":"7.75","product_price_currency":"EUR","og_availability":"out of stock","product_availability":"out of stock","product_retailer_item_id":"BOR-VNB-KOP","product_condition":"new"},"_links":{"self":[{"href":"https:\/\/www.jootjeshaakcadeautjes.nl\/de\/wp-json\/wp\/v2\/product\/121826","targetHints":{"allow":["GET"]}}],"collection":[{"href":"https:\/\/www.jootjeshaakcadeautjes.nl\/de\/wp-json\/wp\/v2\/product"}],"about":[{"href":"https:\/\/www.jootjeshaakcadeautjes.nl\/de\/wp-json\/wp\/v2\/types\/product"}],"version-history":[{"count":0,"href":"https:\/\/www.jootjeshaakcadeautjes.nl\/de\/wp-json\/wp\/v2\/product\/121826\/revisions"}],"wp:featuredmedia":[{"embeddable":true,"href":"https:\/\/www.jootjeshaakcadeautjes.nl\/de\/wp-json\/wp\/v2\/media\/79984"}],"wp:attachment":[{"href":"https:\/\/www.jootjeshaakcadeautjes.nl\/de\/wp-json\/wp\/v2\/media?parent=121826"}],"wp:term":[{"taxonomy":"product_brand","embeddable":true,"href":"https:\/\/www.jootjeshaakcadeautjes.nl\/de\/wp-json\/wp\/v2\/product_brand?post=121826"},{"taxonomy":"product_cat","embeddable":true,"href":"https:\/\/www.jootjeshaakcadeautjes.nl\/de\/wp-json\/wp\/v2\/product_cat?post=121826"},{"taxonomy":"product_tag","embeddable":true,"href":"https:\/\/www.jootjeshaakcadeautjes.nl\/de\/wp-json\/wp\/v2\/product_tag?post=121826"}],"curies":[{"name":"wp","href":"https:\/\/api.w.org\/{rel}","templated":true}]}}