{"id":121967,"date":"2021-03-20T13:00:47","date_gmt":"2021-03-20T11:00:47","guid":{"rendered":"https:\/\/www.jootjeshaakcadeautjes.nl\/product\/silikonring-donut-43-mm-warm-mittel-grau\/"},"modified":"2025-03-11T03:45:05","modified_gmt":"2025-03-11T02:45:05","slug":"silikonring-donut-43-mm-warm-mittel-grau","status":"publish","type":"product","link":"https:\/\/www.jootjeshaakcadeautjes.nl\/de\/produkt\/silikonring-donut-43-mm-warm-mittel-grau\/","title":{"rendered":"Silikonring\/Donut &#8211; 43 mm &#8211; Warmes Mittelgrau"},"content":{"rendered":"<h2>Silikonring\/Donut &#8211; 43 mm &#8211; Warmes Mittelgrau<\/h2>\n<p>Farbe: Warmes Mittelgrau<br \/>\nMaterial: 100% babysicheres Silikon<br \/>\nGr\u00f6\u00dfe: 43 mm<br \/>\nZertifiziert: CE-zertifiziertes und chemisch unbedenkliches Silikon, getestet nach EN-71. BPA-frei, phthalatfrei, PVC-frei und frei von allen anderen sch\u00e4dlichen Chemikalien gem\u00e4\u00df EN-71-Test.<\/p>\n<h3>Verwendung:<\/h3>\n<p>Niedlicher Silikonring\/Donut zur Verwendung in Schnullerketten, Kinderwagenketten, Bei\u00dfringen und mehr. Wird h\u00e4ufig auf einem Bei\u00dfring verwendet, z. B. zusammen mit einem Holzring oder einer Bei\u00dffigur.<\/p>\n","protected":false},"excerpt":{"rendered":"<h2>Silikonring\/Donut &#8211; 43 mm &#8211; Warmes Mittelgrau<\/h2>\n<p>Farbe: Warmes Mittelgrau<br \/>\nMaterial: 100% babysicheres Silikon<br \/>\nGr\u00f6\u00dfe: 43 mm<br \/>\nZertifiziert: CE-zertifiziertes und chemisch unbedenkliches Silikon, getestet nach EN-71.<br \/>\nBPA-frei, phthalatfrei, PVC-frei und frei von allen anderen sch\u00e4dlichen Chemikalien gem\u00e4\u00df EN-71-Test.<\/p>\n","protected":false},"featured_media":75379,"template":"","meta":[],"product_brand":[],"product_cat":[7380,8982],"product_tag":[8993,8986,7385,7452,8992,7899,7416,7986,7442,8137,7397,7916,7908,8078,7211,8146],"class_list":{"0":"post-121967","1":"product","2":"type-product","3":"status-publish","4":"has-post-thumbnail","6":"product_cat-herstellung-von-baby-beisspielzeug-materialien-fur-schnuller-und-beisringe","7":"product_cat-silikonringe-43-mm","8":"product_tag-43-de","9":"product_tag-43mm-de","10":"product_tag-beisring","11":"product_tag-bpa-frei","12":"product_tag-donut-de","13":"product_tag-grau","14":"product_tag-gummischnur","15":"product_tag-kindersicher","16":"product_tag-kinderwagenkette","17":"product_tag-mitte","18":"product_tag-mm-de","19":"product_tag-phthalatfrei","20":"product_tag-pvc-frei","21":"product_tag-ring-de","22":"product_tag-silikon","23":"product_tag-warm-de","25":"first","26":"outofstock","27":"taxable","28":"shipping-taxable","29":"purchasable","30":"product-type-simple"},"bundled_by":[],"bundle_stock_status":"outofstock","bundle_stock_quantity":0,"bundle_virtual":false,"bundle_layout":"","bundle_add_to_cart_form_location":"","bundle_editable_in_cart":false,"bundle_sold_individually_context":"","bundle_item_grouping":"","bundle_min_size":"","bundle_max_size":"","bundle_price":[],"bundled_items":[],"bundle_sell_ids":[],"yoast_head":"<!-- This site is optimized with the Yoast SEO Premium plugin v27.6 (Yoast SEO v27.6) - https:\/\/yoast.com\/product\/yoast-seo-premium-wordpress\/ -->\n<title>Silikonring\/Donut - 43 mm - Warmes Mittelgrau - BPA frei CE Zertifikat<\/title>\n<meta name=\"description\" content=\"Silikonring\/Donut 43 mm Farbe Warmes Mittelgrau f\u00fcr Bei\u00dfringe, Schnuller, Schnuller etc. BPA-frei, kindersicher und CE-zertifiziert.\" \/>\n<meta name=\"robots\" content=\"index, follow, max-snippet:-1, max-image-preview:large, max-video-preview:-1\" \/>\n<link rel=\"canonical\" href=\"https:\/\/www.jootjeshaakcadeautjes.nl\/de\/produkt\/silikonring-donut-43-mm-warm-mittel-grau\/\" \/>\n<meta property=\"og:locale\" content=\"de_DE\" \/>\n<meta property=\"og:type\" content=\"article\" \/>\n<meta property=\"og:title\" content=\"Silikonring\/Donut - 43 mm - Warmes Mittelgrau\" \/>\n<meta property=\"og:description\" content=\"Silikonring\/Donut 43 mm Farbe Warmes Mittelgrau f\u00fcr Bei\u00dfringe, Schnuller, Schnuller etc. BPA-frei, kindersicher und CE-zertifiziert.\" \/>\n<meta property=\"og:url\" content=\"https:\/\/www.jootjeshaakcadeautjes.nl\/de\/produkt\/silikonring-donut-43-mm-warm-mittel-grau\/\" \/>\n<meta property=\"og:site_name\" content=\"Jootjes Haakcadeautjes\" \/>\n<meta property=\"article:modified_time\" content=\"2025-03-11T02:45:05+00:00\" \/>\n<meta property=\"og:image\" content=\"https:\/\/www.jootjeshaakcadeautjes.nl\/wp-content\/uploads\/2021\/03\/20210214_230628.jpg\" \/>\n\t<meta property=\"og:image:width\" content=\"1425\" \/>\n\t<meta property=\"og:image:height\" content=\"1425\" \/>\n\t<meta property=\"og:image:type\" content=\"image\/jpeg\" \/>\n<meta name=\"twitter:card\" content=\"summary_large_image\" \/>\n<meta name=\"twitter:label1\" content=\"Preis\" \/>\n\t<meta name=\"twitter:data1\" content=\"&euro;0.95 inkl. MwSt.\" \/>\n\t<meta name=\"twitter:label2\" content=\"Verf\u00fcgbarkeit\" \/>\n\t<meta name=\"twitter:data2\" content=\"ausverkauft\" \/>\n<script type=\"application\/ld+json\" class=\"yoast-schema-graph\">{\"@context\":\"https:\\\/\\\/schema.org\",\"@graph\":[{\"@type\":\"WebPage\",\"@id\":\"https:\\\/\\\/www.jootjeshaakcadeautjes.nl\\\/de\\\/produkt\\\/silikonring-donut-43-mm-warm-mittel-grau\\\/\",\"url\":\"https:\\\/\\\/www.jootjeshaakcadeautjes.nl\\\/de\\\/produkt\\\/silikonring-donut-43-mm-warm-mittel-grau\\\/\",\"name\":\"Silikonring\\\/Donut - 43 mm - Warmes Mittelgrau - BPA frei CE Zertifikat\",\"isPartOf\":{\"@id\":\"https:\\\/\\\/www.jootjeshaakcadeautjes.nl\\\/de\\\/#website\"},\"primaryImageOfPage\":{\"@id\":\"https:\\\/\\\/www.jootjeshaakcadeautjes.nl\\\/de\\\/produkt\\\/silikonring-donut-43-mm-warm-mittel-grau\\\/#primaryimage\"},\"image\":{\"@id\":\"https:\\\/\\\/www.jootjeshaakcadeautjes.nl\\\/de\\\/produkt\\\/silikonring-donut-43-mm-warm-mittel-grau\\\/#primaryimage\"},\"thumbnailUrl\":\"https:\\\/\\\/d1dyryakdmle7o.cloudfront.net\\\/wp-content\\\/uploads\\\/2021\\\/03\\\/20210214_230628.jpg\",\"datePublished\":\"2021-03-20T11:00:47+00:00\",\"dateModified\":\"2025-03-11T02:45:05+00:00\",\"description\":\"Silikonring\\\/Donut 43 mm Farbe Warmes Mittelgrau f\u00fcr Bei\u00dfringe, Schnuller, Schnuller etc. BPA-frei, kindersicher und CE-zertifiziert.\",\"breadcrumb\":{\"@id\":\"https:\\\/\\\/www.jootjeshaakcadeautjes.nl\\\/de\\\/produkt\\\/silikonring-donut-43-mm-warm-mittel-grau\\\/#breadcrumb\"},\"inLanguage\":\"de\",\"potentialAction\":[{\"@type\":\"ReadAction\",\"target\":[\"https:\\\/\\\/www.jootjeshaakcadeautjes.nl\\\/de\\\/produkt\\\/silikonring-donut-43-mm-warm-mittel-grau\\\/\"]}]},{\"@type\":\"ImageObject\",\"inLanguage\":\"de\",\"@id\":\"https:\\\/\\\/www.jootjeshaakcadeautjes.nl\\\/de\\\/produkt\\\/silikonring-donut-43-mm-warm-mittel-grau\\\/#primaryimage\",\"url\":\"https:\\\/\\\/d1dyryakdmle7o.cloudfront.net\\\/wp-content\\\/uploads\\\/2021\\\/03\\\/20210214_230628.jpg\",\"contentUrl\":\"https:\\\/\\\/d1dyryakdmle7o.cloudfront.net\\\/wp-content\\\/uploads\\\/2021\\\/03\\\/20210214_230628.jpg\",\"width\":1425,\"height\":1425,\"caption\":\"Silikonring Gro\u00dfhandel Bei\u00dfring bpa frei warm mittel grau\"},{\"@type\":\"BreadcrumbList\",\"@id\":\"https:\\\/\\\/www.jootjeshaakcadeautjes.nl\\\/de\\\/produkt\\\/silikonring-donut-43-mm-warm-mittel-grau\\\/#breadcrumb\",\"itemListElement\":[{\"@type\":\"ListItem\",\"position\":1,\"name\":\"Startseite\",\"item\":\"https:\\\/\\\/www.jootjeshaakcadeautjes.nl\\\/de\\\/\"},{\"@type\":\"ListItem\",\"position\":2,\"name\":\"Gro\u00dfhandel mit Silikonperlen &#8211; Business und Consumer\",\"item\":\"https:\\\/\\\/www.jootjeshaakcadeautjes.nl\\\/de\\\/shop\\\/\"},{\"@type\":\"ListItem\",\"position\":3,\"name\":\"Silikonring\\\/Donut &#8211; 43 mm &#8211; Warmes Mittelgrau\"}]},{\"@type\":\"WebSite\",\"@id\":\"https:\\\/\\\/www.jootjeshaakcadeautjes.nl\\\/de\\\/#website\",\"url\":\"https:\\\/\\\/www.jootjeshaakcadeautjes.nl\\\/de\\\/\",\"name\":\"Jootjes Haakcadeautjes\",\"description\":\"Silikonperlen Gro\u00dfhandel \",\"publisher\":{\"@id\":\"https:\\\/\\\/www.jootjeshaakcadeautjes.nl\\\/de\\\/#organization\"},\"potentialAction\":[{\"@type\":\"SearchAction\",\"target\":{\"@type\":\"EntryPoint\",\"urlTemplate\":\"https:\\\/\\\/www.jootjeshaakcadeautjes.nl\\\/de\\\/?s={search_term_string}\"},\"query-input\":{\"@type\":\"PropertyValueSpecification\",\"valueRequired\":true,\"valueName\":\"search_term_string\"}}],\"inLanguage\":\"de\"},{\"@type\":\"Organization\",\"@id\":\"https:\\\/\\\/www.jootjeshaakcadeautjes.nl\\\/de\\\/#organization\",\"name\":\"Jootjes Haakcadeautjes\",\"url\":\"https:\\\/\\\/www.jootjeshaakcadeautjes.nl\\\/de\\\/\",\"logo\":{\"@type\":\"ImageObject\",\"inLanguage\":\"de\",\"@id\":\"https:\\\/\\\/www.jootjeshaakcadeautjes.nl\\\/de\\\/#\\\/schema\\\/logo\\\/image\\\/\",\"url\":\"https:\\\/\\\/d1dyryakdmle7o.cloudfront.net\\\/wp-content\\\/uploads\\\/2023\\\/05\\\/Logo-rond.png\",\"contentUrl\":\"https:\\\/\\\/d1dyryakdmle7o.cloudfront.net\\\/wp-content\\\/uploads\\\/2023\\\/05\\\/Logo-rond.png\",\"width\":1222,\"height\":1222,\"caption\":\"Jootjes Haakcadeautjes\"},\"image\":{\"@id\":\"https:\\\/\\\/www.jootjeshaakcadeautjes.nl\\\/de\\\/#\\\/schema\\\/logo\\\/image\\\/\"}}]}<\/script>\n<meta property=\"product:price:amount\" content=\"0.95\" \/>\n<meta property=\"product:price:currency\" content=\"EUR\" \/>\n<meta property=\"og:availability\" content=\"out of stock\" \/>\n<meta property=\"product:availability\" content=\"out of stock\" \/>\n<meta property=\"product:retailer_item_id\" content=\"RGN-DNT-WMG\" \/>\n<meta property=\"product:condition\" content=\"new\" \/>\n<!-- \/ Yoast SEO Premium plugin. -->","yoast_head_json":{"title":"Silikonring\/Donut - 43 mm - Warmes Mittelgrau - BPA frei CE Zertifikat","description":"Silikonring\/Donut 43 mm Farbe Warmes Mittelgrau f\u00fcr Bei\u00dfringe, Schnuller, Schnuller etc. BPA-frei, kindersicher und CE-zertifiziert.","robots":{"index":"index","follow":"follow","max-snippet":"max-snippet:-1","max-image-preview":"max-image-preview:large","max-video-preview":"max-video-preview:-1"},"canonical":"https:\/\/www.jootjeshaakcadeautjes.nl\/de\/produkt\/silikonring-donut-43-mm-warm-mittel-grau\/","og_locale":"de_DE","og_type":"article","og_title":"Silikonring\/Donut - 43 mm - Warmes Mittelgrau","og_description":"Silikonring\/Donut 43 mm Farbe Warmes Mittelgrau f\u00fcr Bei\u00dfringe, Schnuller, Schnuller etc. BPA-frei, kindersicher und CE-zertifiziert.","og_url":"https:\/\/www.jootjeshaakcadeautjes.nl\/de\/produkt\/silikonring-donut-43-mm-warm-mittel-grau\/","og_site_name":"Jootjes Haakcadeautjes","article_modified_time":"2025-03-11T02:45:05+00:00","og_image":[{"width":1425,"height":1425,"url":"https:\/\/www.jootjeshaakcadeautjes.nl\/wp-content\/uploads\/2021\/03\/20210214_230628.jpg","type":"image\/jpeg"}],"twitter_card":"summary_large_image","twitter_misc":{"Preis":"&euro;0.95 inkl. MwSt.","Verf\u00fcgbarkeit":"ausverkauft"},"schema":{"@context":"https:\/\/schema.org","@graph":[{"@type":"WebPage","@id":"https:\/\/www.jootjeshaakcadeautjes.nl\/de\/produkt\/silikonring-donut-43-mm-warm-mittel-grau\/","url":"https:\/\/www.jootjeshaakcadeautjes.nl\/de\/produkt\/silikonring-donut-43-mm-warm-mittel-grau\/","name":"Silikonring\/Donut - 43 mm - Warmes Mittelgrau - BPA frei CE Zertifikat","isPartOf":{"@id":"https:\/\/www.jootjeshaakcadeautjes.nl\/de\/#website"},"primaryImageOfPage":{"@id":"https:\/\/www.jootjeshaakcadeautjes.nl\/de\/produkt\/silikonring-donut-43-mm-warm-mittel-grau\/#primaryimage"},"image":{"@id":"https:\/\/www.jootjeshaakcadeautjes.nl\/de\/produkt\/silikonring-donut-43-mm-warm-mittel-grau\/#primaryimage"},"thumbnailUrl":"https:\/\/d1dyryakdmle7o.cloudfront.net\/wp-content\/uploads\/2021\/03\/20210214_230628.jpg","datePublished":"2021-03-20T11:00:47+00:00","dateModified":"2025-03-11T02:45:05+00:00","description":"Silikonring\/Donut 43 mm Farbe Warmes Mittelgrau f\u00fcr Bei\u00dfringe, Schnuller, Schnuller etc. BPA-frei, kindersicher und CE-zertifiziert.","breadcrumb":{"@id":"https:\/\/www.jootjeshaakcadeautjes.nl\/de\/produkt\/silikonring-donut-43-mm-warm-mittel-grau\/#breadcrumb"},"inLanguage":"de","potentialAction":[{"@type":"ReadAction","target":["https:\/\/www.jootjeshaakcadeautjes.nl\/de\/produkt\/silikonring-donut-43-mm-warm-mittel-grau\/"]}]},{"@type":"ImageObject","inLanguage":"de","@id":"https:\/\/www.jootjeshaakcadeautjes.nl\/de\/produkt\/silikonring-donut-43-mm-warm-mittel-grau\/#primaryimage","url":"https:\/\/d1dyryakdmle7o.cloudfront.net\/wp-content\/uploads\/2021\/03\/20210214_230628.jpg","contentUrl":"https:\/\/d1dyryakdmle7o.cloudfront.net\/wp-content\/uploads\/2021\/03\/20210214_230628.jpg","width":1425,"height":1425,"caption":"Silikonring Gro\u00dfhandel Bei\u00dfring bpa frei warm mittel grau"},{"@type":"BreadcrumbList","@id":"https:\/\/www.jootjeshaakcadeautjes.nl\/de\/produkt\/silikonring-donut-43-mm-warm-mittel-grau\/#breadcrumb","itemListElement":[{"@type":"ListItem","position":1,"name":"Startseite","item":"https:\/\/www.jootjeshaakcadeautjes.nl\/de\/"},{"@type":"ListItem","position":2,"name":"Gro\u00dfhandel mit Silikonperlen &#8211; Business und Consumer","item":"https:\/\/www.jootjeshaakcadeautjes.nl\/de\/shop\/"},{"@type":"ListItem","position":3,"name":"Silikonring\/Donut &#8211; 43 mm &#8211; Warmes Mittelgrau"}]},{"@type":"WebSite","@id":"https:\/\/www.jootjeshaakcadeautjes.nl\/de\/#website","url":"https:\/\/www.jootjeshaakcadeautjes.nl\/de\/","name":"Jootjes Haakcadeautjes","description":"Silikonperlen Gro\u00dfhandel ","publisher":{"@id":"https:\/\/www.jootjeshaakcadeautjes.nl\/de\/#organization"},"potentialAction":[{"@type":"SearchAction","target":{"@type":"EntryPoint","urlTemplate":"https:\/\/www.jootjeshaakcadeautjes.nl\/de\/?s={search_term_string}"},"query-input":{"@type":"PropertyValueSpecification","valueRequired":true,"valueName":"search_term_string"}}],"inLanguage":"de"},{"@type":"Organization","@id":"https:\/\/www.jootjeshaakcadeautjes.nl\/de\/#organization","name":"Jootjes Haakcadeautjes","url":"https:\/\/www.jootjeshaakcadeautjes.nl\/de\/","logo":{"@type":"ImageObject","inLanguage":"de","@id":"https:\/\/www.jootjeshaakcadeautjes.nl\/de\/#\/schema\/logo\/image\/","url":"https:\/\/d1dyryakdmle7o.cloudfront.net\/wp-content\/uploads\/2023\/05\/Logo-rond.png","contentUrl":"https:\/\/d1dyryakdmle7o.cloudfront.net\/wp-content\/uploads\/2023\/05\/Logo-rond.png","width":1222,"height":1222,"caption":"Jootjes Haakcadeautjes"},"image":{"@id":"https:\/\/www.jootjeshaakcadeautjes.nl\/de\/#\/schema\/logo\/image\/"}}]},"product_price_amount":"0.95","product_price_currency":"EUR","og_availability":"out of stock","product_availability":"out of stock","product_retailer_item_id":"RGN-DNT-WMG","product_condition":"new"},"_links":{"self":[{"href":"https:\/\/www.jootjeshaakcadeautjes.nl\/de\/wp-json\/wp\/v2\/product\/121967","targetHints":{"allow":["GET"]}}],"collection":[{"href":"https:\/\/www.jootjeshaakcadeautjes.nl\/de\/wp-json\/wp\/v2\/product"}],"about":[{"href":"https:\/\/www.jootjeshaakcadeautjes.nl\/de\/wp-json\/wp\/v2\/types\/product"}],"version-history":[{"count":0,"href":"https:\/\/www.jootjeshaakcadeautjes.nl\/de\/wp-json\/wp\/v2\/product\/121967\/revisions"}],"wp:featuredmedia":[{"embeddable":true,"href":"https:\/\/www.jootjeshaakcadeautjes.nl\/de\/wp-json\/wp\/v2\/media\/75379"}],"wp:attachment":[{"href":"https:\/\/www.jootjeshaakcadeautjes.nl\/de\/wp-json\/wp\/v2\/media?parent=121967"}],"wp:term":[{"taxonomy":"product_brand","embeddable":true,"href":"https:\/\/www.jootjeshaakcadeautjes.nl\/de\/wp-json\/wp\/v2\/product_brand?post=121967"},{"taxonomy":"product_cat","embeddable":true,"href":"https:\/\/www.jootjeshaakcadeautjes.nl\/de\/wp-json\/wp\/v2\/product_cat?post=121967"},{"taxonomy":"product_tag","embeddable":true,"href":"https:\/\/www.jootjeshaakcadeautjes.nl\/de\/wp-json\/wp\/v2\/product_tag?post=121967"}],"curies":[{"name":"wp","href":"https:\/\/api.w.org\/{rel}","templated":true}]}}