{"id":122042,"date":"2021-01-03T10:41:46","date_gmt":"2021-01-03T09:41:46","guid":{"rendered":"https:\/\/www.jootjeshaakcadeautjes.nl\/product\/silikon-u-perlenring-farbe-marmor-schwarz-weiss-durch-seil\/"},"modified":"2025-03-11T03:44:00","modified_gmt":"2025-03-11T02:44:00","slug":"silikon-u-perlenring-farbe-marmor-schwarz-weiss-durch-seil","status":"publish","type":"product","link":"https:\/\/www.jootjeshaakcadeautjes.nl\/de\/produkt\/silikon-u-perlenring-farbe-marmor-schwarz-weiss-durch-seil\/","title":{"rendered":"Silikon U-Ring &#8211; Farbe Marmor Schwarz\/Wei\u00df &#8211; Durchbohrt f\u00fcr Kordel"},"content":{"rendered":"<h2>Silikon U-Ring &#8211; Farbe wei\u00df gesprenkelt &#8211; durchbohrt f\u00fcr Kordel<\/h2>\n<p>Beschreibung:<\/p>\n<p>Halbkreisf\u00f6rmige B\u00f6gen, durch die eine Schnur gef\u00fchrt werden kann.<\/p>\n<p>auch U-Wulst genannt<br \/>\nWeich und flexibel<br \/>\nFarbe: Wei\u00df gesprenkelt<br \/>\nAbmessungen: ca. 8x4x1 cm<\/p>\n<p>&nbsp;<\/p>\n","protected":false},"excerpt":{"rendered":"<p>Silikon U-Ring &#8211; Farbe wei\u00df gesprenkelt &#8211; durchbohrt f\u00fcr Kordel Beschreibung: Halbkreisf\u00f6rmige B\u00f6gen, durch die eine Schnur gef\u00fchrt werden kann.<\/p>\n","protected":false},"featured_media":71928,"template":"","meta":[],"product_brand":[],"product_cat":[7380,6991,9113],"product_tag":[7510,8087,7419,9114,7416,8118,7451,9119,8131,7651,7483,9117,9124,7632,7435],"class_list":{"0":"post-122042","1":"product","2":"type-product","3":"status-publish","4":"has-post-thumbnail","6":"product_cat-herstellung-von-baby-beisspielzeug-materialien-fur-schnuller-und-beisringe","7":"product_cat-silikonperlen-bpa-frei-grosshandel","8":"product_cat-u-ringe-aus-silikon-80-mm","9":"product_tag-baby-de","10":"product_tag-babygymnastik","11":"product_tag-bpa-de","12":"product_tag-fitnessstudio","13":"product_tag-gummischnur","14":"product_tag-halb","15":"product_tag-kostenlos","16":"product_tag-kreis","17":"product_tag-marmor","18":"product_tag-schwarz","19":"product_tag-silikon-de","20":"product_tag-u-de","21":"product_tag-u-wulst","22":"product_tag-weis","23":"product_tag-wulst","25":"first","26":"instock","27":"taxable","28":"shipping-taxable","29":"purchasable","30":"product-type-simple"},"bundled_by":[],"bundle_stock_status":"instock","bundle_stock_quantity":1,"bundle_virtual":false,"bundle_layout":"","bundle_add_to_cart_form_location":"","bundle_editable_in_cart":false,"bundle_sold_individually_context":"","bundle_item_grouping":"","bundle_min_size":"","bundle_max_size":"","bundle_price":[],"bundled_items":[],"bundle_sell_ids":[],"yoast_head":"<!-- This site is optimized with the Yoast SEO Premium plugin v27.6 (Yoast SEO v27.6) - https:\/\/yoast.com\/product\/yoast-seo-premium-wordpress\/ -->\n<title>Jootjes Haakcadeautjes<\/title>\n<meta name=\"description\" content=\"Silikon-Halbkreis w\u00f6lbt U-Perle, durch die Kordel gef\u00fchrt werden kann. Weich und flexibel. Farbe: Marmor Schwarz Wei\u00df Ma\u00dfe: ca. 8x4x1 cm\" \/>\n<meta name=\"robots\" content=\"index, follow, max-snippet:-1, max-image-preview:large, max-video-preview:-1\" \/>\n<link rel=\"canonical\" href=\"https:\/\/www.jootjeshaakcadeautjes.nl\/de\/produkt\/silikon-u-perlenring-farbe-marmor-schwarz-weiss-durch-seil\/\" \/>\n<meta property=\"og:locale\" content=\"de_DE\" \/>\n<meta property=\"og:type\" content=\"article\" \/>\n<meta property=\"og:title\" content=\"Silikon U-Ring - Farbe Marmor Schwarz\/Wei\u00df - Durchbohrt f\u00fcr Kordel\" \/>\n<meta property=\"og:description\" content=\"Silikon-Halbkreis w\u00f6lbt U-Perle, durch die Kordel gef\u00fchrt werden kann. Weich und flexibel. Farbe: Marmor Schwarz Wei\u00df Ma\u00dfe: ca. 8x4x1 cm\" \/>\n<meta property=\"og:url\" content=\"https:\/\/www.jootjeshaakcadeautjes.nl\/de\/produkt\/silikon-u-perlenring-farbe-marmor-schwarz-weiss-durch-seil\/\" \/>\n<meta property=\"og:site_name\" content=\"Jootjes Haakcadeautjes\" \/>\n<meta property=\"article:modified_time\" content=\"2025-03-11T02:44:00+00:00\" \/>\n<meta property=\"og:image\" content=\"https:\/\/www.jootjeshaakcadeautjes.nl\/wp-content\/uploads\/2020\/08\/U-ring-siliconen-marmer-zwart-wit-bpa-vrij-baby-veilig.jpg\" \/>\n\t<meta property=\"og:image:width\" content=\"1463\" \/>\n\t<meta property=\"og:image:height\" content=\"1463\" \/>\n\t<meta property=\"og:image:type\" content=\"image\/jpeg\" \/>\n<meta name=\"twitter:card\" content=\"summary_large_image\" \/>\n<meta name=\"twitter:label1\" content=\"Preis\" \/>\n\t<meta name=\"twitter:data1\" content=\"&euro;2.25 inkl. MwSt.\" \/>\n\t<meta name=\"twitter:label2\" content=\"Verf\u00fcgbarkeit\" \/>\n\t<meta name=\"twitter:data2\" content=\"Auf Lager\" \/>\n<script type=\"application\/ld+json\" class=\"yoast-schema-graph\">{\"@context\":\"https:\\\/\\\/schema.org\",\"@graph\":[{\"@type\":\"WebPage\",\"@id\":\"https:\\\/\\\/www.jootjeshaakcadeautjes.nl\\\/de\\\/produkt\\\/silikon-u-perlenring-farbe-marmor-schwarz-weiss-durch-seil\\\/\",\"url\":\"https:\\\/\\\/www.jootjeshaakcadeautjes.nl\\\/de\\\/produkt\\\/silikon-u-perlenring-farbe-marmor-schwarz-weiss-durch-seil\\\/\",\"name\":\"\",\"isPartOf\":{\"@id\":\"https:\\\/\\\/www.jootjeshaakcadeautjes.nl\\\/de\\\/#website\"},\"primaryImageOfPage\":{\"@id\":\"https:\\\/\\\/www.jootjeshaakcadeautjes.nl\\\/de\\\/produkt\\\/silikon-u-perlenring-farbe-marmor-schwarz-weiss-durch-seil\\\/#primaryimage\"},\"image\":{\"@id\":\"https:\\\/\\\/www.jootjeshaakcadeautjes.nl\\\/de\\\/produkt\\\/silikon-u-perlenring-farbe-marmor-schwarz-weiss-durch-seil\\\/#primaryimage\"},\"thumbnailUrl\":\"https:\\\/\\\/d1dyryakdmle7o.cloudfront.net\\\/wp-content\\\/uploads\\\/2020\\\/08\\\/U-ring-siliconen-marmer-zwart-wit-bpa-vrij-baby-veilig.jpg\",\"datePublished\":\"2021-01-03T09:41:46+00:00\",\"dateModified\":\"2025-03-11T02:44:00+00:00\",\"description\":\"Silikon-Halbkreis w\u00f6lbt U-Perle, durch die Kordel gef\u00fchrt werden kann. Weich und flexibel. Farbe: Marmor Schwarz Wei\u00df Ma\u00dfe: ca. 8x4x1 cm\",\"breadcrumb\":{\"@id\":\"https:\\\/\\\/www.jootjeshaakcadeautjes.nl\\\/de\\\/produkt\\\/silikon-u-perlenring-farbe-marmor-schwarz-weiss-durch-seil\\\/#breadcrumb\"},\"inLanguage\":\"de\",\"potentialAction\":[{\"@type\":\"ReadAction\",\"target\":[\"https:\\\/\\\/www.jootjeshaakcadeautjes.nl\\\/de\\\/produkt\\\/silikon-u-perlenring-farbe-marmor-schwarz-weiss-durch-seil\\\/\"]}]},{\"@type\":\"ImageObject\",\"inLanguage\":\"de\",\"@id\":\"https:\\\/\\\/www.jootjeshaakcadeautjes.nl\\\/de\\\/produkt\\\/silikon-u-perlenring-farbe-marmor-schwarz-weiss-durch-seil\\\/#primaryimage\",\"url\":\"https:\\\/\\\/d1dyryakdmle7o.cloudfront.net\\\/wp-content\\\/uploads\\\/2020\\\/08\\\/U-ring-siliconen-marmer-zwart-wit-bpa-vrij-baby-veilig.jpg\",\"contentUrl\":\"https:\\\/\\\/d1dyryakdmle7o.cloudfront.net\\\/wp-content\\\/uploads\\\/2020\\\/08\\\/U-ring-siliconen-marmer-zwart-wit-bpa-vrij-baby-veilig.jpg\",\"width\":1463,\"height\":1463},{\"@type\":\"BreadcrumbList\",\"@id\":\"https:\\\/\\\/www.jootjeshaakcadeautjes.nl\\\/de\\\/produkt\\\/silikon-u-perlenring-farbe-marmor-schwarz-weiss-durch-seil\\\/#breadcrumb\",\"itemListElement\":[{\"@type\":\"ListItem\",\"position\":1,\"name\":\"Startseite\",\"item\":\"https:\\\/\\\/www.jootjeshaakcadeautjes.nl\\\/de\\\/\"},{\"@type\":\"ListItem\",\"position\":2,\"name\":\"Gro\u00dfhandel mit Silikonperlen &#8211; Business und Consumer\",\"item\":\"https:\\\/\\\/www.jootjeshaakcadeautjes.nl\\\/de\\\/shop\\\/\"},{\"@type\":\"ListItem\",\"position\":3,\"name\":\"Silikon U-Ring &#8211; Farbe Marmor Schwarz\\\/Wei\u00df &#8211; Durchbohrt f\u00fcr Kordel\"}]},{\"@type\":\"WebSite\",\"@id\":\"https:\\\/\\\/www.jootjeshaakcadeautjes.nl\\\/de\\\/#website\",\"url\":\"https:\\\/\\\/www.jootjeshaakcadeautjes.nl\\\/de\\\/\",\"name\":\"Jootjes Haakcadeautjes\",\"description\":\"Silikonperlen Gro\u00dfhandel \",\"publisher\":{\"@id\":\"https:\\\/\\\/www.jootjeshaakcadeautjes.nl\\\/de\\\/#organization\"},\"potentialAction\":[{\"@type\":\"SearchAction\",\"target\":{\"@type\":\"EntryPoint\",\"urlTemplate\":\"https:\\\/\\\/www.jootjeshaakcadeautjes.nl\\\/de\\\/?s={search_term_string}\"},\"query-input\":{\"@type\":\"PropertyValueSpecification\",\"valueRequired\":true,\"valueName\":\"search_term_string\"}}],\"inLanguage\":\"de\"},{\"@type\":\"Organization\",\"@id\":\"https:\\\/\\\/www.jootjeshaakcadeautjes.nl\\\/de\\\/#organization\",\"name\":\"Jootjes Haakcadeautjes\",\"url\":\"https:\\\/\\\/www.jootjeshaakcadeautjes.nl\\\/de\\\/\",\"logo\":{\"@type\":\"ImageObject\",\"inLanguage\":\"de\",\"@id\":\"https:\\\/\\\/www.jootjeshaakcadeautjes.nl\\\/de\\\/#\\\/schema\\\/logo\\\/image\\\/\",\"url\":\"https:\\\/\\\/d1dyryakdmle7o.cloudfront.net\\\/wp-content\\\/uploads\\\/2023\\\/05\\\/Logo-rond.png\",\"contentUrl\":\"https:\\\/\\\/d1dyryakdmle7o.cloudfront.net\\\/wp-content\\\/uploads\\\/2023\\\/05\\\/Logo-rond.png\",\"width\":1222,\"height\":1222,\"caption\":\"Jootjes Haakcadeautjes\"},\"image\":{\"@id\":\"https:\\\/\\\/www.jootjeshaakcadeautjes.nl\\\/de\\\/#\\\/schema\\\/logo\\\/image\\\/\"}}]}<\/script>\n<meta property=\"product:price:amount\" content=\"2.25\" \/>\n<meta property=\"product:price:currency\" content=\"EUR\" \/>\n<meta property=\"og:availability\" content=\"instock\" \/>\n<meta property=\"product:availability\" content=\"instock\" \/>\n<meta property=\"product:retailer_item_id\" content=\"SIL-URG-MZW\" \/>\n<meta property=\"product:condition\" content=\"new\" \/>\n<!-- \/ Yoast SEO Premium plugin. -->","yoast_head_json":{"title":"Jootjes Haakcadeautjes","description":"Silikon-Halbkreis w\u00f6lbt U-Perle, durch die Kordel gef\u00fchrt werden kann. Weich und flexibel. Farbe: Marmor Schwarz Wei\u00df Ma\u00dfe: ca. 8x4x1 cm","robots":{"index":"index","follow":"follow","max-snippet":"max-snippet:-1","max-image-preview":"max-image-preview:large","max-video-preview":"max-video-preview:-1"},"canonical":"https:\/\/www.jootjeshaakcadeautjes.nl\/de\/produkt\/silikon-u-perlenring-farbe-marmor-schwarz-weiss-durch-seil\/","og_locale":"de_DE","og_type":"article","og_title":"Silikon U-Ring - Farbe Marmor Schwarz\/Wei\u00df - Durchbohrt f\u00fcr Kordel","og_description":"Silikon-Halbkreis w\u00f6lbt U-Perle, durch die Kordel gef\u00fchrt werden kann. Weich und flexibel. Farbe: Marmor Schwarz Wei\u00df Ma\u00dfe: ca. 8x4x1 cm","og_url":"https:\/\/www.jootjeshaakcadeautjes.nl\/de\/produkt\/silikon-u-perlenring-farbe-marmor-schwarz-weiss-durch-seil\/","og_site_name":"Jootjes Haakcadeautjes","article_modified_time":"2025-03-11T02:44:00+00:00","og_image":[{"width":1463,"height":1463,"url":"https:\/\/www.jootjeshaakcadeautjes.nl\/wp-content\/uploads\/2020\/08\/U-ring-siliconen-marmer-zwart-wit-bpa-vrij-baby-veilig.jpg","type":"image\/jpeg"}],"twitter_card":"summary_large_image","twitter_misc":{"Preis":"&euro;2.25 inkl. MwSt.","Verf\u00fcgbarkeit":"Auf Lager"},"schema":{"@context":"https:\/\/schema.org","@graph":[{"@type":"WebPage","@id":"https:\/\/www.jootjeshaakcadeautjes.nl\/de\/produkt\/silikon-u-perlenring-farbe-marmor-schwarz-weiss-durch-seil\/","url":"https:\/\/www.jootjeshaakcadeautjes.nl\/de\/produkt\/silikon-u-perlenring-farbe-marmor-schwarz-weiss-durch-seil\/","name":"","isPartOf":{"@id":"https:\/\/www.jootjeshaakcadeautjes.nl\/de\/#website"},"primaryImageOfPage":{"@id":"https:\/\/www.jootjeshaakcadeautjes.nl\/de\/produkt\/silikon-u-perlenring-farbe-marmor-schwarz-weiss-durch-seil\/#primaryimage"},"image":{"@id":"https:\/\/www.jootjeshaakcadeautjes.nl\/de\/produkt\/silikon-u-perlenring-farbe-marmor-schwarz-weiss-durch-seil\/#primaryimage"},"thumbnailUrl":"https:\/\/d1dyryakdmle7o.cloudfront.net\/wp-content\/uploads\/2020\/08\/U-ring-siliconen-marmer-zwart-wit-bpa-vrij-baby-veilig.jpg","datePublished":"2021-01-03T09:41:46+00:00","dateModified":"2025-03-11T02:44:00+00:00","description":"Silikon-Halbkreis w\u00f6lbt U-Perle, durch die Kordel gef\u00fchrt werden kann. Weich und flexibel. Farbe: Marmor Schwarz Wei\u00df Ma\u00dfe: ca. 8x4x1 cm","breadcrumb":{"@id":"https:\/\/www.jootjeshaakcadeautjes.nl\/de\/produkt\/silikon-u-perlenring-farbe-marmor-schwarz-weiss-durch-seil\/#breadcrumb"},"inLanguage":"de","potentialAction":[{"@type":"ReadAction","target":["https:\/\/www.jootjeshaakcadeautjes.nl\/de\/produkt\/silikon-u-perlenring-farbe-marmor-schwarz-weiss-durch-seil\/"]}]},{"@type":"ImageObject","inLanguage":"de","@id":"https:\/\/www.jootjeshaakcadeautjes.nl\/de\/produkt\/silikon-u-perlenring-farbe-marmor-schwarz-weiss-durch-seil\/#primaryimage","url":"https:\/\/d1dyryakdmle7o.cloudfront.net\/wp-content\/uploads\/2020\/08\/U-ring-siliconen-marmer-zwart-wit-bpa-vrij-baby-veilig.jpg","contentUrl":"https:\/\/d1dyryakdmle7o.cloudfront.net\/wp-content\/uploads\/2020\/08\/U-ring-siliconen-marmer-zwart-wit-bpa-vrij-baby-veilig.jpg","width":1463,"height":1463},{"@type":"BreadcrumbList","@id":"https:\/\/www.jootjeshaakcadeautjes.nl\/de\/produkt\/silikon-u-perlenring-farbe-marmor-schwarz-weiss-durch-seil\/#breadcrumb","itemListElement":[{"@type":"ListItem","position":1,"name":"Startseite","item":"https:\/\/www.jootjeshaakcadeautjes.nl\/de\/"},{"@type":"ListItem","position":2,"name":"Gro\u00dfhandel mit Silikonperlen &#8211; Business und Consumer","item":"https:\/\/www.jootjeshaakcadeautjes.nl\/de\/shop\/"},{"@type":"ListItem","position":3,"name":"Silikon U-Ring &#8211; Farbe Marmor Schwarz\/Wei\u00df &#8211; Durchbohrt f\u00fcr Kordel"}]},{"@type":"WebSite","@id":"https:\/\/www.jootjeshaakcadeautjes.nl\/de\/#website","url":"https:\/\/www.jootjeshaakcadeautjes.nl\/de\/","name":"Jootjes Haakcadeautjes","description":"Silikonperlen Gro\u00dfhandel ","publisher":{"@id":"https:\/\/www.jootjeshaakcadeautjes.nl\/de\/#organization"},"potentialAction":[{"@type":"SearchAction","target":{"@type":"EntryPoint","urlTemplate":"https:\/\/www.jootjeshaakcadeautjes.nl\/de\/?s={search_term_string}"},"query-input":{"@type":"PropertyValueSpecification","valueRequired":true,"valueName":"search_term_string"}}],"inLanguage":"de"},{"@type":"Organization","@id":"https:\/\/www.jootjeshaakcadeautjes.nl\/de\/#organization","name":"Jootjes Haakcadeautjes","url":"https:\/\/www.jootjeshaakcadeautjes.nl\/de\/","logo":{"@type":"ImageObject","inLanguage":"de","@id":"https:\/\/www.jootjeshaakcadeautjes.nl\/de\/#\/schema\/logo\/image\/","url":"https:\/\/d1dyryakdmle7o.cloudfront.net\/wp-content\/uploads\/2023\/05\/Logo-rond.png","contentUrl":"https:\/\/d1dyryakdmle7o.cloudfront.net\/wp-content\/uploads\/2023\/05\/Logo-rond.png","width":1222,"height":1222,"caption":"Jootjes Haakcadeautjes"},"image":{"@id":"https:\/\/www.jootjeshaakcadeautjes.nl\/de\/#\/schema\/logo\/image\/"}}]},"product_price_amount":"2.25","product_price_currency":"EUR","og_availability":"instock","product_availability":"instock","product_retailer_item_id":"SIL-URG-MZW","product_condition":"new"},"_links":{"self":[{"href":"https:\/\/www.jootjeshaakcadeautjes.nl\/de\/wp-json\/wp\/v2\/product\/122042","targetHints":{"allow":["GET"]}}],"collection":[{"href":"https:\/\/www.jootjeshaakcadeautjes.nl\/de\/wp-json\/wp\/v2\/product"}],"about":[{"href":"https:\/\/www.jootjeshaakcadeautjes.nl\/de\/wp-json\/wp\/v2\/types\/product"}],"version-history":[{"count":0,"href":"https:\/\/www.jootjeshaakcadeautjes.nl\/de\/wp-json\/wp\/v2\/product\/122042\/revisions"}],"wp:featuredmedia":[{"embeddable":true,"href":"https:\/\/www.jootjeshaakcadeautjes.nl\/de\/wp-json\/wp\/v2\/media\/71928"}],"wp:attachment":[{"href":"https:\/\/www.jootjeshaakcadeautjes.nl\/de\/wp-json\/wp\/v2\/media?parent=122042"}],"wp:term":[{"taxonomy":"product_brand","embeddable":true,"href":"https:\/\/www.jootjeshaakcadeautjes.nl\/de\/wp-json\/wp\/v2\/product_brand?post=122042"},{"taxonomy":"product_cat","embeddable":true,"href":"https:\/\/www.jootjeshaakcadeautjes.nl\/de\/wp-json\/wp\/v2\/product_cat?post=122042"},{"taxonomy":"product_tag","embeddable":true,"href":"https:\/\/www.jootjeshaakcadeautjes.nl\/de\/wp-json\/wp\/v2\/product_tag?post=122042"}],"curies":[{"name":"wp","href":"https:\/\/api.w.org\/{rel}","templated":true}]}}