{"id":122167,"date":"2020-11-22T21:51:41","date_gmt":"2020-11-22T19:51:41","guid":{"rendered":"https:\/\/www.jootjeshaakcadeautjes.nl\/product\/leopard-gold-weiss-silikonperlen-12-mm-16-mm-und-hexagon-17-mm\/"},"modified":"2026-05-08T13:31:50","modified_gmt":"2026-05-08T11:31:50","slug":"leopard-gold-weiss-silikonperlen-12-mm-16-mm-und-hexagon-17-mm","status":"publish","type":"product","link":"https:\/\/www.jootjeshaakcadeautjes.nl\/de\/produkt\/leopard-gold-weiss-silikonperlen-12-mm-16-mm-und-hexagon-17-mm\/","title":{"rendered":"Silikonperlen &#8211; 12 mm &#8211; Rund &#8211; Leopard Gold\/Wei\u00df Druck"},"content":{"rendered":"<h2>Silikonperlen &#8211; 12 mm &#8211; Rund &#8211; Leopard Gold\/Wei\u00df<\/h2>\n<h3>Spezifikationen:<\/h3>\n<ul>\n<li>Variante: Leopard Gold \/ Wei\u00df<\/li>\n<li>Gr\u00f6\u00dfe: 12 mm Rund<\/li>\n<li>BPA-frei<\/li>\n<li>Geeignet f\u00fcr CE-zertifizierte Endprodukte<\/li>\n<\/ul>\n<h2>Qualit\u00e4t und Sicherheit:<\/h2>\n<p>Alle unsere Silikonmaterialien sind BPA- und phthalatfrei. Au\u00dferdem werden bei der Herstellung dieser Silikonperlen nat\u00fcrlich keine anderen sch\u00e4dlichen Stoffe verwendet. Die Perlen sind daher sowohl f\u00fcr Babys als auch f\u00fcr \u00e4ltere Kinder geeignet, die gerne in etwas hineinbei\u00dfen. Die Perlen sind geeignet f\u00fcr CE-zertifizierte Fertigprodukte und sind robust.<\/p>\n<p><em>Befestigen Sie die Silikonperlen immer ordnungsgem\u00e4\u00df und \u00fcberpr\u00fcfen Sie Ihre Kreationen regelm\u00e4\u00dfig, z. B. auf Abnutzung und Verschlei\u00df. Hierf\u00fcr sind Sie selbst verantwortlich.  Jootjes Haakcadeautjes pr\u00fcft Ihr fertiges Produkt nicht und kann daher keine Sch\u00e4den oder Lockerungen aufgrund von Abnutzung annehmen. Wir raten dazu, handgefertigtes Kinderspielzeug nur unter Aufsicht von Erwachsenen zu verwenden, um gef\u00e4hrliche Situationen zu vermeiden. <\/em><\/p>\n","protected":false},"excerpt":{"rendered":"<ul>\n<li>Variante: Leopard Gold \/ Wei\u00df<\/li>\n<li>Gr\u00f6\u00dfe: 12 mm Rund<\/li>\n<li>BPA-frei<\/li>\n<li>Geeignet f\u00fcr CE-zertifizierte Endprodukte<\/li>\n<\/ul>\n<p>&nbsp;<\/p>\n","protected":false},"featured_media":74512,"template":"","meta":[],"product_brand":[],"product_cat":[7380,18290,8386,6991,8018],"product_tag":[7385,7452,8728,7416,7442,8122,7397,7199,7897,7483,7211,7427,7536,7435],"class_list":{"0":"post-122167","1":"product","2":"type-product","3":"status-publish","4":"has-post-thumbnail","6":"product_cat-herstellung-von-baby-beisspielzeug-materialien-fur-schnuller-und-beisringe","7":"product_cat-thema-sinterklaas","8":"product_cat-silikonperlen-animal-prints","9":"product_cat-silikonperlen-bpa-frei-grosshandel","10":"product_cat-silikonperlen-mit-druck-alle-drucke-leopard-panther-giraffe-zebra-rosen-blatter-und-mehr","11":"product_tag-beisring","12":"product_tag-bpa-frei","13":"product_tag-gold-de-3","14":"product_tag-gummischnur","15":"product_tag-kinderwagenkette","16":"product_tag-leopard-de","17":"product_tag-mm-de","18":"product_tag-perlen","19":"product_tag-schnuller-de","20":"product_tag-silikon-de","21":"product_tag-silikon","22":"product_tag-still-halskette","23":"product_tag-um","24":"product_tag-wulst","26":"first","27":"instock","28":"taxable","29":"shipping-taxable","30":"purchasable","31":"product-type-simple"},"bundled_by":[],"bundle_stock_status":"instock","bundle_stock_quantity":105,"bundle_virtual":false,"bundle_layout":"","bundle_add_to_cart_form_location":"","bundle_editable_in_cart":false,"bundle_sold_individually_context":"","bundle_item_grouping":"","bundle_min_size":"","bundle_max_size":"","bundle_price":[],"bundled_items":[],"bundle_sell_ids":[],"yoast_head":"<!-- This site is optimized with the Yoast SEO Premium plugin v27.6 (Yoast SEO v27.6) - https:\/\/yoast.com\/product\/yoast-seo-premium-wordpress\/ -->\n<title>Jootjes Haakcadeautjes<\/title>\n<meta name=\"description\" content=\"Silikonperlen mit Leopardenmuster in Wei\u00df mit goldenen Punkten. Gr\u00f6\u00dfe 12 mm rund. Geeignet f\u00fcr babysichere Schnullerschn\u00fcre und Bei\u00dfringe.\" \/>\n<meta name=\"robots\" content=\"index, follow, max-snippet:-1, max-image-preview:large, max-video-preview:-1\" \/>\n<link rel=\"canonical\" href=\"https:\/\/www.jootjeshaakcadeautjes.nl\/de\/produkt\/leopard-gold-weiss-silikonperlen-12-mm-16-mm-und-hexagon-17-mm\/\" \/>\n<meta property=\"og:locale\" content=\"de_DE\" \/>\n<meta property=\"og:type\" content=\"article\" \/>\n<meta property=\"og:title\" content=\"Silikonperlen - 12 mm - Rund - Leopard Gold\/Wei\u00df Druck\" \/>\n<meta property=\"og:description\" content=\"Silikonperlen mit Leopardenmuster in Wei\u00df mit goldenen Punkten. Gr\u00f6\u00dfe 12 mm rund. Geeignet f\u00fcr babysichere Schnullerschn\u00fcre und Bei\u00dfringe.\" \/>\n<meta property=\"og:url\" content=\"https:\/\/www.jootjeshaakcadeautjes.nl\/de\/produkt\/leopard-gold-weiss-silikonperlen-12-mm-16-mm-und-hexagon-17-mm\/\" \/>\n<meta property=\"og:site_name\" content=\"Jootjes Haakcadeautjes\" \/>\n<meta property=\"article:modified_time\" content=\"2026-05-08T11:31:50+00:00\" \/>\n<meta property=\"og:image\" content=\"https:\/\/d1dyryakdmle7o.cloudfront.net\/wp-content\/uploads\/2020\/11\/20201121_213225.jpg\" \/>\n\t<meta property=\"og:image:width\" content=\"1403\" \/>\n\t<meta property=\"og:image:height\" content=\"1403\" \/>\n\t<meta property=\"og:image:type\" content=\"image\/jpeg\" \/>\n<meta name=\"twitter:card\" content=\"summary_large_image\" \/>\n<meta name=\"twitter:label1\" content=\"Preis\" \/>\n\t<meta name=\"twitter:data1\" content=\"&euro;0.40 inkl. MwSt.\" \/>\n\t<meta name=\"twitter:label2\" content=\"Verf\u00fcgbarkeit\" \/>\n\t<meta name=\"twitter:data2\" content=\"Auf Lager\" \/>\n<script type=\"application\/ld+json\" class=\"yoast-schema-graph\">{\"@context\":\"https:\\\/\\\/schema.org\",\"@graph\":[{\"@type\":\"WebPage\",\"@id\":\"https:\\\/\\\/www.jootjeshaakcadeautjes.nl\\\/de\\\/produkt\\\/leopard-gold-weiss-silikonperlen-12-mm-16-mm-und-hexagon-17-mm\\\/\",\"url\":\"https:\\\/\\\/www.jootjeshaakcadeautjes.nl\\\/de\\\/produkt\\\/leopard-gold-weiss-silikonperlen-12-mm-16-mm-und-hexagon-17-mm\\\/\",\"name\":\"\",\"isPartOf\":{\"@id\":\"https:\\\/\\\/www.jootjeshaakcadeautjes.nl\\\/de\\\/#website\"},\"primaryImageOfPage\":{\"@id\":\"https:\\\/\\\/www.jootjeshaakcadeautjes.nl\\\/de\\\/produkt\\\/leopard-gold-weiss-silikonperlen-12-mm-16-mm-und-hexagon-17-mm\\\/#primaryimage\"},\"image\":{\"@id\":\"https:\\\/\\\/www.jootjeshaakcadeautjes.nl\\\/de\\\/produkt\\\/leopard-gold-weiss-silikonperlen-12-mm-16-mm-und-hexagon-17-mm\\\/#primaryimage\"},\"thumbnailUrl\":\"https:\\\/\\\/d1dyryakdmle7o.cloudfront.net\\\/wp-content\\\/uploads\\\/2020\\\/11\\\/20201121_213225.jpg\",\"datePublished\":\"2020-11-22T19:51:41+00:00\",\"dateModified\":\"2026-05-08T11:31:50+00:00\",\"description\":\"Silikonperlen mit Leopardenmuster in Wei\u00df mit goldenen Punkten. Gr\u00f6\u00dfe 12 mm rund. Geeignet f\u00fcr babysichere Schnullerschn\u00fcre und Bei\u00dfringe.\",\"breadcrumb\":{\"@id\":\"https:\\\/\\\/www.jootjeshaakcadeautjes.nl\\\/de\\\/produkt\\\/leopard-gold-weiss-silikonperlen-12-mm-16-mm-und-hexagon-17-mm\\\/#breadcrumb\"},\"inLanguage\":\"de\",\"potentialAction\":[{\"@type\":\"ReadAction\",\"target\":[\"https:\\\/\\\/www.jootjeshaakcadeautjes.nl\\\/de\\\/produkt\\\/leopard-gold-weiss-silikonperlen-12-mm-16-mm-und-hexagon-17-mm\\\/\"]}]},{\"@type\":\"ImageObject\",\"inLanguage\":\"de\",\"@id\":\"https:\\\/\\\/www.jootjeshaakcadeautjes.nl\\\/de\\\/produkt\\\/leopard-gold-weiss-silikonperlen-12-mm-16-mm-und-hexagon-17-mm\\\/#primaryimage\",\"url\":\"https:\\\/\\\/d1dyryakdmle7o.cloudfront.net\\\/wp-content\\\/uploads\\\/2020\\\/11\\\/20201121_213225.jpg\",\"contentUrl\":\"https:\\\/\\\/d1dyryakdmle7o.cloudfront.net\\\/wp-content\\\/uploads\\\/2020\\\/11\\\/20201121_213225.jpg\",\"width\":1403,\"height\":1403,\"caption\":\"Leopard Gold Wei\u00df Rund\"},{\"@type\":\"BreadcrumbList\",\"@id\":\"https:\\\/\\\/www.jootjeshaakcadeautjes.nl\\\/de\\\/produkt\\\/leopard-gold-weiss-silikonperlen-12-mm-16-mm-und-hexagon-17-mm\\\/#breadcrumb\",\"itemListElement\":[{\"@type\":\"ListItem\",\"position\":1,\"name\":\"Startseite\",\"item\":\"https:\\\/\\\/www.jootjeshaakcadeautjes.nl\\\/de\\\/\"},{\"@type\":\"ListItem\",\"position\":2,\"name\":\"Gro\u00dfhandel mit Silikonperlen &#8211; Business und Consumer\",\"item\":\"https:\\\/\\\/www.jootjeshaakcadeautjes.nl\\\/de\\\/shop\\\/\"},{\"@type\":\"ListItem\",\"position\":3,\"name\":\"Silikonperlen &#8211; 12 mm &#8211; Rund &#8211; Leopard Gold\\\/Wei\u00df Druck\"}]},{\"@type\":\"WebSite\",\"@id\":\"https:\\\/\\\/www.jootjeshaakcadeautjes.nl\\\/de\\\/#website\",\"url\":\"https:\\\/\\\/www.jootjeshaakcadeautjes.nl\\\/de\\\/\",\"name\":\"Jootjes Haakcadeautjes\",\"description\":\"Silikonperlen Gro\u00dfhandel \",\"publisher\":{\"@id\":\"https:\\\/\\\/www.jootjeshaakcadeautjes.nl\\\/de\\\/#organization\"},\"potentialAction\":[{\"@type\":\"SearchAction\",\"target\":{\"@type\":\"EntryPoint\",\"urlTemplate\":\"https:\\\/\\\/www.jootjeshaakcadeautjes.nl\\\/de\\\/?s={search_term_string}\"},\"query-input\":{\"@type\":\"PropertyValueSpecification\",\"valueRequired\":true,\"valueName\":\"search_term_string\"}}],\"inLanguage\":\"de\"},{\"@type\":\"Organization\",\"@id\":\"https:\\\/\\\/www.jootjeshaakcadeautjes.nl\\\/de\\\/#organization\",\"name\":\"Jootjes Haakcadeautjes\",\"url\":\"https:\\\/\\\/www.jootjeshaakcadeautjes.nl\\\/de\\\/\",\"logo\":{\"@type\":\"ImageObject\",\"inLanguage\":\"de\",\"@id\":\"https:\\\/\\\/www.jootjeshaakcadeautjes.nl\\\/de\\\/#\\\/schema\\\/logo\\\/image\\\/\",\"url\":\"https:\\\/\\\/d1dyryakdmle7o.cloudfront.net\\\/wp-content\\\/uploads\\\/2023\\\/05\\\/Logo-rond.png\",\"contentUrl\":\"https:\\\/\\\/d1dyryakdmle7o.cloudfront.net\\\/wp-content\\\/uploads\\\/2023\\\/05\\\/Logo-rond.png\",\"width\":1222,\"height\":1222,\"caption\":\"Jootjes Haakcadeautjes\"},\"image\":{\"@id\":\"https:\\\/\\\/www.jootjeshaakcadeautjes.nl\\\/de\\\/#\\\/schema\\\/logo\\\/image\\\/\"}}]}<\/script>\n<meta property=\"product:price:amount\" content=\"0.40\" \/>\n<meta property=\"product:price:currency\" content=\"EUR\" \/>\n<meta property=\"og:availability\" content=\"instock\" \/>\n<meta property=\"product:availability\" content=\"instock\" \/>\n<meta property=\"product:retailer_item_id\" content=\"SKR-GLP\" \/>\n<meta property=\"product:condition\" content=\"new\" \/>\n<!-- \/ Yoast SEO Premium plugin. -->","yoast_head_json":{"title":"Jootjes Haakcadeautjes","description":"Silikonperlen mit Leopardenmuster in Wei\u00df mit goldenen Punkten. Gr\u00f6\u00dfe 12 mm rund. Geeignet f\u00fcr babysichere Schnullerschn\u00fcre und Bei\u00dfringe.","robots":{"index":"index","follow":"follow","max-snippet":"max-snippet:-1","max-image-preview":"max-image-preview:large","max-video-preview":"max-video-preview:-1"},"canonical":"https:\/\/www.jootjeshaakcadeautjes.nl\/de\/produkt\/leopard-gold-weiss-silikonperlen-12-mm-16-mm-und-hexagon-17-mm\/","og_locale":"de_DE","og_type":"article","og_title":"Silikonperlen - 12 mm - Rund - Leopard Gold\/Wei\u00df Druck","og_description":"Silikonperlen mit Leopardenmuster in Wei\u00df mit goldenen Punkten. Gr\u00f6\u00dfe 12 mm rund. Geeignet f\u00fcr babysichere Schnullerschn\u00fcre und Bei\u00dfringe.","og_url":"https:\/\/www.jootjeshaakcadeautjes.nl\/de\/produkt\/leopard-gold-weiss-silikonperlen-12-mm-16-mm-und-hexagon-17-mm\/","og_site_name":"Jootjes Haakcadeautjes","article_modified_time":"2026-05-08T11:31:50+00:00","og_image":[{"width":1403,"height":1403,"url":"https:\/\/d1dyryakdmle7o.cloudfront.net\/wp-content\/uploads\/2020\/11\/20201121_213225.jpg","type":"image\/jpeg"}],"twitter_card":"summary_large_image","twitter_misc":{"Preis":"&euro;0.40 inkl. MwSt.","Verf\u00fcgbarkeit":"Auf Lager"},"schema":{"@context":"https:\/\/schema.org","@graph":[{"@type":"WebPage","@id":"https:\/\/www.jootjeshaakcadeautjes.nl\/de\/produkt\/leopard-gold-weiss-silikonperlen-12-mm-16-mm-und-hexagon-17-mm\/","url":"https:\/\/www.jootjeshaakcadeautjes.nl\/de\/produkt\/leopard-gold-weiss-silikonperlen-12-mm-16-mm-und-hexagon-17-mm\/","name":"","isPartOf":{"@id":"https:\/\/www.jootjeshaakcadeautjes.nl\/de\/#website"},"primaryImageOfPage":{"@id":"https:\/\/www.jootjeshaakcadeautjes.nl\/de\/produkt\/leopard-gold-weiss-silikonperlen-12-mm-16-mm-und-hexagon-17-mm\/#primaryimage"},"image":{"@id":"https:\/\/www.jootjeshaakcadeautjes.nl\/de\/produkt\/leopard-gold-weiss-silikonperlen-12-mm-16-mm-und-hexagon-17-mm\/#primaryimage"},"thumbnailUrl":"https:\/\/d1dyryakdmle7o.cloudfront.net\/wp-content\/uploads\/2020\/11\/20201121_213225.jpg","datePublished":"2020-11-22T19:51:41+00:00","dateModified":"2026-05-08T11:31:50+00:00","description":"Silikonperlen mit Leopardenmuster in Wei\u00df mit goldenen Punkten. Gr\u00f6\u00dfe 12 mm rund. Geeignet f\u00fcr babysichere Schnullerschn\u00fcre und Bei\u00dfringe.","breadcrumb":{"@id":"https:\/\/www.jootjeshaakcadeautjes.nl\/de\/produkt\/leopard-gold-weiss-silikonperlen-12-mm-16-mm-und-hexagon-17-mm\/#breadcrumb"},"inLanguage":"de","potentialAction":[{"@type":"ReadAction","target":["https:\/\/www.jootjeshaakcadeautjes.nl\/de\/produkt\/leopard-gold-weiss-silikonperlen-12-mm-16-mm-und-hexagon-17-mm\/"]}]},{"@type":"ImageObject","inLanguage":"de","@id":"https:\/\/www.jootjeshaakcadeautjes.nl\/de\/produkt\/leopard-gold-weiss-silikonperlen-12-mm-16-mm-und-hexagon-17-mm\/#primaryimage","url":"https:\/\/d1dyryakdmle7o.cloudfront.net\/wp-content\/uploads\/2020\/11\/20201121_213225.jpg","contentUrl":"https:\/\/d1dyryakdmle7o.cloudfront.net\/wp-content\/uploads\/2020\/11\/20201121_213225.jpg","width":1403,"height":1403,"caption":"Leopard Gold Wei\u00df Rund"},{"@type":"BreadcrumbList","@id":"https:\/\/www.jootjeshaakcadeautjes.nl\/de\/produkt\/leopard-gold-weiss-silikonperlen-12-mm-16-mm-und-hexagon-17-mm\/#breadcrumb","itemListElement":[{"@type":"ListItem","position":1,"name":"Startseite","item":"https:\/\/www.jootjeshaakcadeautjes.nl\/de\/"},{"@type":"ListItem","position":2,"name":"Gro\u00dfhandel mit Silikonperlen &#8211; Business und Consumer","item":"https:\/\/www.jootjeshaakcadeautjes.nl\/de\/shop\/"},{"@type":"ListItem","position":3,"name":"Silikonperlen &#8211; 12 mm &#8211; Rund &#8211; Leopard Gold\/Wei\u00df Druck"}]},{"@type":"WebSite","@id":"https:\/\/www.jootjeshaakcadeautjes.nl\/de\/#website","url":"https:\/\/www.jootjeshaakcadeautjes.nl\/de\/","name":"Jootjes Haakcadeautjes","description":"Silikonperlen Gro\u00dfhandel ","publisher":{"@id":"https:\/\/www.jootjeshaakcadeautjes.nl\/de\/#organization"},"potentialAction":[{"@type":"SearchAction","target":{"@type":"EntryPoint","urlTemplate":"https:\/\/www.jootjeshaakcadeautjes.nl\/de\/?s={search_term_string}"},"query-input":{"@type":"PropertyValueSpecification","valueRequired":true,"valueName":"search_term_string"}}],"inLanguage":"de"},{"@type":"Organization","@id":"https:\/\/www.jootjeshaakcadeautjes.nl\/de\/#organization","name":"Jootjes Haakcadeautjes","url":"https:\/\/www.jootjeshaakcadeautjes.nl\/de\/","logo":{"@type":"ImageObject","inLanguage":"de","@id":"https:\/\/www.jootjeshaakcadeautjes.nl\/de\/#\/schema\/logo\/image\/","url":"https:\/\/d1dyryakdmle7o.cloudfront.net\/wp-content\/uploads\/2023\/05\/Logo-rond.png","contentUrl":"https:\/\/d1dyryakdmle7o.cloudfront.net\/wp-content\/uploads\/2023\/05\/Logo-rond.png","width":1222,"height":1222,"caption":"Jootjes Haakcadeautjes"},"image":{"@id":"https:\/\/www.jootjeshaakcadeautjes.nl\/de\/#\/schema\/logo\/image\/"}}]},"product_price_amount":"0.40","product_price_currency":"EUR","og_availability":"instock","product_availability":"instock","product_retailer_item_id":"SKR-GLP","product_condition":"new"},"_links":{"self":[{"href":"https:\/\/www.jootjeshaakcadeautjes.nl\/de\/wp-json\/wp\/v2\/product\/122167","targetHints":{"allow":["GET"]}}],"collection":[{"href":"https:\/\/www.jootjeshaakcadeautjes.nl\/de\/wp-json\/wp\/v2\/product"}],"about":[{"href":"https:\/\/www.jootjeshaakcadeautjes.nl\/de\/wp-json\/wp\/v2\/types\/product"}],"version-history":[{"count":1,"href":"https:\/\/www.jootjeshaakcadeautjes.nl\/de\/wp-json\/wp\/v2\/product\/122167\/revisions"}],"predecessor-version":[{"id":286909,"href":"https:\/\/www.jootjeshaakcadeautjes.nl\/de\/wp-json\/wp\/v2\/product\/122167\/revisions\/286909"}],"wp:featuredmedia":[{"embeddable":true,"href":"https:\/\/www.jootjeshaakcadeautjes.nl\/de\/wp-json\/wp\/v2\/media\/74512"}],"wp:attachment":[{"href":"https:\/\/www.jootjeshaakcadeautjes.nl\/de\/wp-json\/wp\/v2\/media?parent=122167"}],"wp:term":[{"taxonomy":"product_brand","embeddable":true,"href":"https:\/\/www.jootjeshaakcadeautjes.nl\/de\/wp-json\/wp\/v2\/product_brand?post=122167"},{"taxonomy":"product_cat","embeddable":true,"href":"https:\/\/www.jootjeshaakcadeautjes.nl\/de\/wp-json\/wp\/v2\/product_cat?post=122167"},{"taxonomy":"product_tag","embeddable":true,"href":"https:\/\/www.jootjeshaakcadeautjes.nl\/de\/wp-json\/wp\/v2\/product_tag?post=122167"}],"curies":[{"name":"wp","href":"https:\/\/api.w.org\/{rel}","templated":true}]}}