{"id":122235,"date":"2020-11-21T14:40:27","date_gmt":"2020-11-21T13:40:27","guid":{"rendered":"https:\/\/www.jootjeshaakcadeautjes.nl\/product\/holzperle-12-mm-ahorn\/"},"modified":"2026-03-13T22:56:57","modified_gmt":"2026-03-13T21:56:57","slug":"holzperle-12-mm-ahorn","status":"publish","type":"product","link":"https:\/\/www.jootjeshaakcadeautjes.nl\/de\/produkt\/holzperle-12-mm-ahorn\/","title":{"rendered":"Holzperle &#8211; 12 mm rund &#8211; Ahorn"},"content":{"rendered":"<p><strong>Klare Holzperlen &#8211; Ahornholz &#8211; Perlen mit einem Durchmesser von 12 mm.<\/strong><\/p>\n<p>Material: Chemisches, unbehandeltes, unlackiertes, gebeiztes oder ge\u00f6ltes Ahornholz.<br \/>\nGr\u00f6\u00dfe: 12 mm<br \/>\nLochgr\u00f6\u00dfe: Gro\u00df genug f\u00fcr alle von uns angebotenen Satinkordeln (ca. 3-3,5 mm).<\/p>\n<p>Hergestellt aus unbehandeltem (nicht lackiertem, gebeiztem oder ge\u00f6ltem) Ahornholz. Ahornholzperlen sind chemisch getestet und sicher f\u00fcr die Verwendung in Baby-Zahnspielzeug. Wir empfehlen jedoch Buchenholz. Die Holzperlen sind ein Naturprodukt. Die Perlen sind fast rund, k\u00f6nnen aber manchmal eine minimale Abweichung aufweisen. Bitte beachten Sie, dass Kreationen mit Ahornperlen nicht den EN-Kriterien entsprechen, unabh\u00e4ngig davon, ob Sie sie von uns oder von jemand anderem kaufen. Achten Sie darauf, es sind viele Fehlinformationen im Umlauf. Wir empfehlen daher Buchenholz f\u00fcr die Verwendung in Ihren Kreationen. Buchenholz ist stabiler und widerstandsf\u00e4higer gegen Speichel. Dennoch wird Ahorn immer noch regelm\u00e4\u00dfig verwendet, weil einige Hersteller es bevorzugen, weil sie die Farbe sch\u00f6ner finden oder weil es zum Beispiel in H\u00e4kelmustern erw\u00e4hnt wird. Die Nutzung ist m\u00f6glich, erfolgt aber auf eigene Gefahr. Verwenden Sie Bei\u00dfspielzeug immer nur unter Aufsicht von Erwachsenen.<\/p>\n<p>Diese Holzperlen werden zum Beispiel f\u00fcr Schnullerschn\u00fcre, Schl\u00fcsselanh\u00e4nger, Spielschn\u00fcre, Kinderwagenschn\u00fcre oder Bei\u00dfringe verwendet.<\/p>\n","protected":false},"excerpt":{"rendered":"<p>Sch\u00f6ne Perlen aus Ahornholz, hohe Qualit\u00e4t.<br \/>\nGr\u00f6\u00dfe: 12 mm<br \/>\nUnbehandelt, chemisch sicher getestet.<br \/>\nDas Loch ist gro\u00df genug, um jede Art von Satinkordel, die wir anbieten, durchzuf\u00e4deln.<br \/>\nDiese Ahornperlen werden einzeln verkauft.<\/p>\n<p>Weit verbreitet als Bei\u00dfring, Schnullerschnur, Schl\u00fcsselanh\u00e4nger oder Spielschnur.<br \/>\nWeitere Informationen finden Sie am Ende der Seite.<\/p>\n","protected":false},"featured_media":79960,"template":"","meta":[],"product_brand":[],"product_cat":[7380,9739,8045,9405],"product_tag":[7531,7550,9747,9743,9025,8046,7196,9467,9749,7199,8078,8081,8089,9752,7435],"class_list":{"0":"post-122235","1":"product","2":"type-product","3":"status-publish","4":"has-post-thumbnail","6":"product_cat-herstellung-von-baby-beisspielzeug-materialien-fur-schnuller-und-beisringe","7":"product_cat-holzperlen-ahorn-makramee-und-hakeln","8":"product_cat-holzperlen-schnullerband-und-beisring-alle-holzperlen","9":"product_cat-holzperlen-fur-makramee-und-hakeln","10":"product_tag-12-de","11":"product_tag-12-mm-de","12":"product_tag-ahorn-de-2","13":"product_tag-hakeln-de-4","14":"product_tag-hakeln","15":"product_tag-holz-de","16":"product_tag-holz","17":"product_tag-makramee","18":"product_tag-per-de","19":"product_tag-perlen","20":"product_tag-ring-de","21":"product_tag-ringe","22":"product_tag-roh","23":"product_tag-stuck-de","24":"product_tag-wulst","26":"first","27":"instock","28":"taxable","29":"shipping-taxable","30":"purchasable","31":"product-type-simple"},"bundled_by":[],"bundle_stock_status":"instock","bundle_stock_quantity":132,"bundle_virtual":false,"bundle_layout":"","bundle_add_to_cart_form_location":"","bundle_editable_in_cart":false,"bundle_sold_individually_context":"","bundle_item_grouping":"","bundle_min_size":"","bundle_max_size":"","bundle_price":[],"bundled_items":[],"bundle_sell_ids":[],"yoast_head":"<!-- This site is optimized with the Yoast SEO Premium plugin v27.6 (Yoast SEO v27.6) - https:\/\/yoast.com\/product\/yoast-seo-premium-wordpress\/ -->\n<title>Holzperle - 12 mm rund - Ahorn - Baby safe<\/title>\n<meta name=\"description\" content=\"Holzperle 12 mm rund Ahornholz. Unbehandelt, chemisch sicher getestet. Kindersicher, f\u00fcr Bei\u00dfring, Schnullerschnur, Schl\u00fcsselanh\u00e4nger oder Spielschnur.\" \/>\n<meta name=\"robots\" content=\"index, follow, max-snippet:-1, max-image-preview:large, max-video-preview:-1\" \/>\n<link rel=\"canonical\" href=\"https:\/\/www.jootjeshaakcadeautjes.nl\/de\/produkt\/holzperle-12-mm-ahorn\/\" \/>\n<meta property=\"og:locale\" content=\"de_DE\" \/>\n<meta property=\"og:type\" content=\"article\" \/>\n<meta property=\"og:title\" content=\"Holzperle - 12 mm rund - Ahorn\" \/>\n<meta property=\"og:description\" content=\"Holzperle 12 mm rund Ahornholz. Unbehandelt, chemisch sicher getestet. Kindersicher, f\u00fcr Bei\u00dfring, Schnullerschnur, Schl\u00fcsselanh\u00e4nger oder Spielschnur.\" \/>\n<meta property=\"og:url\" content=\"https:\/\/www.jootjeshaakcadeautjes.nl\/de\/produkt\/holzperle-12-mm-ahorn\/\" \/>\n<meta property=\"og:site_name\" content=\"Jootjes Haakcadeautjes\" \/>\n<meta property=\"article:modified_time\" content=\"2026-03-13T21:56:57+00:00\" \/>\n<meta property=\"og:image\" content=\"https:\/\/www.jootjeshaakcadeautjes.nl\/wp-content\/uploads\/2020\/11\/20220417_185235.jpg\" \/>\n\t<meta property=\"og:image:width\" content=\"2048\" \/>\n\t<meta property=\"og:image:height\" content=\"2048\" \/>\n\t<meta property=\"og:image:type\" content=\"image\/jpeg\" \/>\n<meta name=\"twitter:card\" content=\"summary_large_image\" \/>\n<meta name=\"twitter:label1\" content=\"Preis\" \/>\n\t<meta name=\"twitter:data1\" content=\"&euro;0.15 inkl. MwSt.\" \/>\n\t<meta name=\"twitter:label2\" content=\"Verf\u00fcgbarkeit\" \/>\n\t<meta name=\"twitter:data2\" content=\"Auf Lager\" \/>\n<script type=\"application\/ld+json\" class=\"yoast-schema-graph\">{\"@context\":\"https:\\\/\\\/schema.org\",\"@graph\":[{\"@type\":\"WebPage\",\"@id\":\"https:\\\/\\\/www.jootjeshaakcadeautjes.nl\\\/de\\\/produkt\\\/holzperle-12-mm-ahorn\\\/\",\"url\":\"https:\\\/\\\/www.jootjeshaakcadeautjes.nl\\\/de\\\/produkt\\\/holzperle-12-mm-ahorn\\\/\",\"name\":\"Holzperle - 12 mm rund - Ahorn - Baby safe\",\"isPartOf\":{\"@id\":\"https:\\\/\\\/www.jootjeshaakcadeautjes.nl\\\/de\\\/#website\"},\"primaryImageOfPage\":{\"@id\":\"https:\\\/\\\/www.jootjeshaakcadeautjes.nl\\\/de\\\/produkt\\\/holzperle-12-mm-ahorn\\\/#primaryimage\"},\"image\":{\"@id\":\"https:\\\/\\\/www.jootjeshaakcadeautjes.nl\\\/de\\\/produkt\\\/holzperle-12-mm-ahorn\\\/#primaryimage\"},\"thumbnailUrl\":\"https:\\\/\\\/d1dyryakdmle7o.cloudfront.net\\\/wp-content\\\/uploads\\\/2020\\\/11\\\/20220417_185235.jpg\",\"datePublished\":\"2020-11-21T13:40:27+00:00\",\"dateModified\":\"2026-03-13T21:56:57+00:00\",\"description\":\"Holzperle 12 mm rund Ahornholz. Unbehandelt, chemisch sicher getestet. Kindersicher, f\u00fcr Bei\u00dfring, Schnullerschnur, Schl\u00fcsselanh\u00e4nger oder Spielschnur.\",\"breadcrumb\":{\"@id\":\"https:\\\/\\\/www.jootjeshaakcadeautjes.nl\\\/de\\\/produkt\\\/holzperle-12-mm-ahorn\\\/#breadcrumb\"},\"inLanguage\":\"de\",\"potentialAction\":[{\"@type\":\"ReadAction\",\"target\":[\"https:\\\/\\\/www.jootjeshaakcadeautjes.nl\\\/de\\\/produkt\\\/holzperle-12-mm-ahorn\\\/\"]}]},{\"@type\":\"ImageObject\",\"inLanguage\":\"de\",\"@id\":\"https:\\\/\\\/www.jootjeshaakcadeautjes.nl\\\/de\\\/produkt\\\/holzperle-12-mm-ahorn\\\/#primaryimage\",\"url\":\"https:\\\/\\\/d1dyryakdmle7o.cloudfront.net\\\/wp-content\\\/uploads\\\/2020\\\/11\\\/20220417_185235.jpg\",\"contentUrl\":\"https:\\\/\\\/d1dyryakdmle7o.cloudfront.net\\\/wp-content\\\/uploads\\\/2020\\\/11\\\/20220417_185235.jpg\",\"width\":2048,\"height\":2048,\"caption\":\"Ahornholz Perlen Schnuller Schnur Bei\u00dfring bpa frei Gro\u00dfhandel kaufen\"},{\"@type\":\"BreadcrumbList\",\"@id\":\"https:\\\/\\\/www.jootjeshaakcadeautjes.nl\\\/de\\\/produkt\\\/holzperle-12-mm-ahorn\\\/#breadcrumb\",\"itemListElement\":[{\"@type\":\"ListItem\",\"position\":1,\"name\":\"Startseite\",\"item\":\"https:\\\/\\\/www.jootjeshaakcadeautjes.nl\\\/de\\\/\"},{\"@type\":\"ListItem\",\"position\":2,\"name\":\"Gro\u00dfhandel mit Silikonperlen &#8211; Business und Consumer\",\"item\":\"https:\\\/\\\/www.jootjeshaakcadeautjes.nl\\\/de\\\/shop\\\/\"},{\"@type\":\"ListItem\",\"position\":3,\"name\":\"Holzperle &#8211; 12 mm rund &#8211; Ahorn\"}]},{\"@type\":\"WebSite\",\"@id\":\"https:\\\/\\\/www.jootjeshaakcadeautjes.nl\\\/de\\\/#website\",\"url\":\"https:\\\/\\\/www.jootjeshaakcadeautjes.nl\\\/de\\\/\",\"name\":\"Jootjes Haakcadeautjes\",\"description\":\"Silikonperlen Gro\u00dfhandel \",\"publisher\":{\"@id\":\"https:\\\/\\\/www.jootjeshaakcadeautjes.nl\\\/de\\\/#organization\"},\"potentialAction\":[{\"@type\":\"SearchAction\",\"target\":{\"@type\":\"EntryPoint\",\"urlTemplate\":\"https:\\\/\\\/www.jootjeshaakcadeautjes.nl\\\/de\\\/?s={search_term_string}\"},\"query-input\":{\"@type\":\"PropertyValueSpecification\",\"valueRequired\":true,\"valueName\":\"search_term_string\"}}],\"inLanguage\":\"de\"},{\"@type\":\"Organization\",\"@id\":\"https:\\\/\\\/www.jootjeshaakcadeautjes.nl\\\/de\\\/#organization\",\"name\":\"Jootjes Haakcadeautjes\",\"url\":\"https:\\\/\\\/www.jootjeshaakcadeautjes.nl\\\/de\\\/\",\"logo\":{\"@type\":\"ImageObject\",\"inLanguage\":\"de\",\"@id\":\"https:\\\/\\\/www.jootjeshaakcadeautjes.nl\\\/de\\\/#\\\/schema\\\/logo\\\/image\\\/\",\"url\":\"https:\\\/\\\/d1dyryakdmle7o.cloudfront.net\\\/wp-content\\\/uploads\\\/2023\\\/05\\\/Logo-rond.png\",\"contentUrl\":\"https:\\\/\\\/d1dyryakdmle7o.cloudfront.net\\\/wp-content\\\/uploads\\\/2023\\\/05\\\/Logo-rond.png\",\"width\":1222,\"height\":1222,\"caption\":\"Jootjes Haakcadeautjes\"},\"image\":{\"@id\":\"https:\\\/\\\/www.jootjeshaakcadeautjes.nl\\\/de\\\/#\\\/schema\\\/logo\\\/image\\\/\"}}]}<\/script>\n<meta property=\"product:price:amount\" content=\"0.15\" \/>\n<meta property=\"product:price:currency\" content=\"EUR\" \/>\n<meta property=\"og:availability\" content=\"instock\" \/>\n<meta property=\"product:availability\" content=\"instock\" \/>\n<meta property=\"product:retailer_item_id\" content=\"HOU-KRA-012\" \/>\n<meta property=\"product:condition\" content=\"new\" \/>\n<!-- \/ Yoast SEO Premium plugin. -->","yoast_head_json":{"title":"Holzperle - 12 mm rund - Ahorn - Baby safe","description":"Holzperle 12 mm rund Ahornholz. Unbehandelt, chemisch sicher getestet. Kindersicher, f\u00fcr Bei\u00dfring, Schnullerschnur, Schl\u00fcsselanh\u00e4nger oder Spielschnur.","robots":{"index":"index","follow":"follow","max-snippet":"max-snippet:-1","max-image-preview":"max-image-preview:large","max-video-preview":"max-video-preview:-1"},"canonical":"https:\/\/www.jootjeshaakcadeautjes.nl\/de\/produkt\/holzperle-12-mm-ahorn\/","og_locale":"de_DE","og_type":"article","og_title":"Holzperle - 12 mm rund - Ahorn","og_description":"Holzperle 12 mm rund Ahornholz. Unbehandelt, chemisch sicher getestet. Kindersicher, f\u00fcr Bei\u00dfring, Schnullerschnur, Schl\u00fcsselanh\u00e4nger oder Spielschnur.","og_url":"https:\/\/www.jootjeshaakcadeautjes.nl\/de\/produkt\/holzperle-12-mm-ahorn\/","og_site_name":"Jootjes Haakcadeautjes","article_modified_time":"2026-03-13T21:56:57+00:00","og_image":[{"width":2048,"height":2048,"url":"https:\/\/www.jootjeshaakcadeautjes.nl\/wp-content\/uploads\/2020\/11\/20220417_185235.jpg","type":"image\/jpeg"}],"twitter_card":"summary_large_image","twitter_misc":{"Preis":"&euro;0.15 inkl. MwSt.","Verf\u00fcgbarkeit":"Auf Lager"},"schema":{"@context":"https:\/\/schema.org","@graph":[{"@type":"WebPage","@id":"https:\/\/www.jootjeshaakcadeautjes.nl\/de\/produkt\/holzperle-12-mm-ahorn\/","url":"https:\/\/www.jootjeshaakcadeautjes.nl\/de\/produkt\/holzperle-12-mm-ahorn\/","name":"Holzperle - 12 mm rund - Ahorn - Baby safe","isPartOf":{"@id":"https:\/\/www.jootjeshaakcadeautjes.nl\/de\/#website"},"primaryImageOfPage":{"@id":"https:\/\/www.jootjeshaakcadeautjes.nl\/de\/produkt\/holzperle-12-mm-ahorn\/#primaryimage"},"image":{"@id":"https:\/\/www.jootjeshaakcadeautjes.nl\/de\/produkt\/holzperle-12-mm-ahorn\/#primaryimage"},"thumbnailUrl":"https:\/\/d1dyryakdmle7o.cloudfront.net\/wp-content\/uploads\/2020\/11\/20220417_185235.jpg","datePublished":"2020-11-21T13:40:27+00:00","dateModified":"2026-03-13T21:56:57+00:00","description":"Holzperle 12 mm rund Ahornholz. Unbehandelt, chemisch sicher getestet. Kindersicher, f\u00fcr Bei\u00dfring, Schnullerschnur, Schl\u00fcsselanh\u00e4nger oder Spielschnur.","breadcrumb":{"@id":"https:\/\/www.jootjeshaakcadeautjes.nl\/de\/produkt\/holzperle-12-mm-ahorn\/#breadcrumb"},"inLanguage":"de","potentialAction":[{"@type":"ReadAction","target":["https:\/\/www.jootjeshaakcadeautjes.nl\/de\/produkt\/holzperle-12-mm-ahorn\/"]}]},{"@type":"ImageObject","inLanguage":"de","@id":"https:\/\/www.jootjeshaakcadeautjes.nl\/de\/produkt\/holzperle-12-mm-ahorn\/#primaryimage","url":"https:\/\/d1dyryakdmle7o.cloudfront.net\/wp-content\/uploads\/2020\/11\/20220417_185235.jpg","contentUrl":"https:\/\/d1dyryakdmle7o.cloudfront.net\/wp-content\/uploads\/2020\/11\/20220417_185235.jpg","width":2048,"height":2048,"caption":"Ahornholz Perlen Schnuller Schnur Bei\u00dfring bpa frei Gro\u00dfhandel kaufen"},{"@type":"BreadcrumbList","@id":"https:\/\/www.jootjeshaakcadeautjes.nl\/de\/produkt\/holzperle-12-mm-ahorn\/#breadcrumb","itemListElement":[{"@type":"ListItem","position":1,"name":"Startseite","item":"https:\/\/www.jootjeshaakcadeautjes.nl\/de\/"},{"@type":"ListItem","position":2,"name":"Gro\u00dfhandel mit Silikonperlen &#8211; Business und Consumer","item":"https:\/\/www.jootjeshaakcadeautjes.nl\/de\/shop\/"},{"@type":"ListItem","position":3,"name":"Holzperle &#8211; 12 mm rund &#8211; Ahorn"}]},{"@type":"WebSite","@id":"https:\/\/www.jootjeshaakcadeautjes.nl\/de\/#website","url":"https:\/\/www.jootjeshaakcadeautjes.nl\/de\/","name":"Jootjes Haakcadeautjes","description":"Silikonperlen Gro\u00dfhandel ","publisher":{"@id":"https:\/\/www.jootjeshaakcadeautjes.nl\/de\/#organization"},"potentialAction":[{"@type":"SearchAction","target":{"@type":"EntryPoint","urlTemplate":"https:\/\/www.jootjeshaakcadeautjes.nl\/de\/?s={search_term_string}"},"query-input":{"@type":"PropertyValueSpecification","valueRequired":true,"valueName":"search_term_string"}}],"inLanguage":"de"},{"@type":"Organization","@id":"https:\/\/www.jootjeshaakcadeautjes.nl\/de\/#organization","name":"Jootjes Haakcadeautjes","url":"https:\/\/www.jootjeshaakcadeautjes.nl\/de\/","logo":{"@type":"ImageObject","inLanguage":"de","@id":"https:\/\/www.jootjeshaakcadeautjes.nl\/de\/#\/schema\/logo\/image\/","url":"https:\/\/d1dyryakdmle7o.cloudfront.net\/wp-content\/uploads\/2023\/05\/Logo-rond.png","contentUrl":"https:\/\/d1dyryakdmle7o.cloudfront.net\/wp-content\/uploads\/2023\/05\/Logo-rond.png","width":1222,"height":1222,"caption":"Jootjes Haakcadeautjes"},"image":{"@id":"https:\/\/www.jootjeshaakcadeautjes.nl\/de\/#\/schema\/logo\/image\/"}}]},"product_price_amount":"0.15","product_price_currency":"EUR","og_availability":"instock","product_availability":"instock","product_retailer_item_id":"HOU-KRA-012","product_condition":"new"},"_links":{"self":[{"href":"https:\/\/www.jootjeshaakcadeautjes.nl\/de\/wp-json\/wp\/v2\/product\/122235","targetHints":{"allow":["GET"]}}],"collection":[{"href":"https:\/\/www.jootjeshaakcadeautjes.nl\/de\/wp-json\/wp\/v2\/product"}],"about":[{"href":"https:\/\/www.jootjeshaakcadeautjes.nl\/de\/wp-json\/wp\/v2\/types\/product"}],"version-history":[{"count":0,"href":"https:\/\/www.jootjeshaakcadeautjes.nl\/de\/wp-json\/wp\/v2\/product\/122235\/revisions"}],"wp:featuredmedia":[{"embeddable":true,"href":"https:\/\/www.jootjeshaakcadeautjes.nl\/de\/wp-json\/wp\/v2\/media\/79960"}],"wp:attachment":[{"href":"https:\/\/www.jootjeshaakcadeautjes.nl\/de\/wp-json\/wp\/v2\/media?parent=122235"}],"wp:term":[{"taxonomy":"product_brand","embeddable":true,"href":"https:\/\/www.jootjeshaakcadeautjes.nl\/de\/wp-json\/wp\/v2\/product_brand?post=122235"},{"taxonomy":"product_cat","embeddable":true,"href":"https:\/\/www.jootjeshaakcadeautjes.nl\/de\/wp-json\/wp\/v2\/product_cat?post=122235"},{"taxonomy":"product_tag","embeddable":true,"href":"https:\/\/www.jootjeshaakcadeautjes.nl\/de\/wp-json\/wp\/v2\/product_tag?post=122235"}],"curies":[{"name":"wp","href":"https:\/\/api.w.org\/{rel}","templated":true}]}}