{"id":122238,"date":"2020-11-21T02:20:08","date_gmt":"2020-11-21T01:20:08","guid":{"rendered":"https:\/\/www.jootjeshaakcadeautjes.nl\/product\/holzperlen-oval-scheibe-12-mm\/"},"modified":"2026-04-01T13:29:37","modified_gmt":"2026-04-01T11:29:37","slug":"holzperlen-oval-scheibe-12-mm","status":"publish","type":"product","link":"https:\/\/www.jootjeshaakcadeautjes.nl\/de\/produkt\/holzperlen-oval-scheibe-12-mm\/","title":{"rendered":"Holzperle &#8211; 12 mm &#8211; Oval \/ Intermediate &#8211; Buchenholz"},"content":{"rendered":"<h3><span style=\"text-decoration: underline; color: #800080;\"><strong>Holzperlen 12 mm oval\/gespitzte Scheibe<\/strong><\/span><\/h3>\n<p><span style=\"color: #000000;\">Die Holzperlen sind ein Naturprodukt. Daher k\u00f6nnen die Holzperlen manchmal minimale Abweichungen aufweisen. Sobald wir eine \u00fcberm\u00e4\u00dfige Abweichung feststellen, wird das Produkt nicht verkauft, sondern entsorgt\/recycelt. So k\u00f6nnen wir stets eine hohe Qualit\u00e4t unserer Produkte garantieren.<\/span><\/p>\n<p><span style=\"color: #000000;\">Es ist sehr wichtig, auf diese Produkte zu achten, wenn sie in Baby- oder Kinderspielzeug verwendet werden. In der Tat wird Holz nicht routinem\u00e4\u00dfig f\u00fcr diesen Zweck verwendet.<\/span><br \/>\n<span style=\"color: #000000;\"> Weisen Sie daher die Eltern\/Gro\u00dfeltern\/Kunden an, das Produkt sorgf\u00e4ltig auf Abnutzungserscheinungen zu \u00fcberpr\u00fcfen (R\u00f6hrenholz splittert normalerweise nicht\/kaum). Es ist auch wichtig, die Schn\u00fcre, die zum Auff\u00e4deln der Perlen verwendet werden, regelm\u00e4\u00dfig auf Verschlei\u00df zu \u00fcberpr\u00fcfen. Die fertigen Projekte sollten daher nur in Begleitung eines Erwachsenen genutzt werden.<\/span><\/p>\n<p>&nbsp;<\/p>\n<p>&nbsp;<\/p>\n","protected":false},"excerpt":{"rendered":"<p><span style=\"color: #000000;\">Unbehandeltes, unlackiertes Buchenholz.<\/span><\/p>\n<p>Oval\/Ellipsenform, eignet sich perfekt als Abstandshalter zwischen Buchstabenperlen. Super nette Alternative zu Silikon-Abstandshaltern.<\/p>\n<p>Gr\u00f6\u00dfe: 12 mm<\/p>\n<p>&nbsp;<\/p>\n<p>&nbsp;<\/p>\n","protected":false},"featured_media":70728,"template":"","meta":[],"product_brand":[],"product_cat":[7380,9404,8045,9405],"product_tag":[7519,8087,7385,7416,7196,7442,7540,7199],"class_list":{"0":"post-122238","1":"product","2":"type-product","3":"status-publish","4":"has-post-thumbnail","6":"product_cat-herstellung-von-baby-beisspielzeug-materialien-fur-schnuller-und-beisringe","7":"product_cat-holzperlen-buchenholz-schnullerschnur-und-beisring","8":"product_cat-holzperlen-schnullerband-und-beisring-alle-holzperlen","9":"product_cat-holzperlen-fur-makramee-und-hakeln","10":"product_tag-20-mm-de","11":"product_tag-babygymnastik","12":"product_tag-beisring","13":"product_tag-gummischnur","14":"product_tag-holz","15":"product_tag-kinderwagenkette","16":"product_tag-oval-de","17":"product_tag-perlen","19":"first","20":"instock","21":"taxable","22":"shipping-taxable","23":"purchasable","24":"product-type-simple"},"bundled_by":[],"bundle_stock_status":"instock","bundle_stock_quantity":400,"bundle_virtual":false,"bundle_layout":"","bundle_add_to_cart_form_location":"","bundle_editable_in_cart":false,"bundle_sold_individually_context":"","bundle_item_grouping":"","bundle_min_size":"","bundle_max_size":"","bundle_price":[],"bundled_items":[],"bundle_sell_ids":[],"yoast_head":"<!-- This site is optimized with the Yoast SEO Premium plugin v27.6 (Yoast SEO v27.6) - https:\/\/yoast.com\/product\/yoast-seo-premium-wordpress\/ -->\n<title>Holzperlen 12 mm oval \/ Abstandhalter - Jootjes Crochet presents<\/title>\n<meta name=\"description\" content=\"Holzperlen 12 mm oval. Suchen Sie auch nach einer sch\u00f6nen Auswahl an Holzperlen? Gro\u00dfhandel Holzperlen f\u00fcr Baby Bei\u00dfspielzeug.\" \/>\n<meta name=\"robots\" content=\"index, follow, max-snippet:-1, max-image-preview:large, max-video-preview:-1\" \/>\n<link rel=\"canonical\" href=\"https:\/\/www.jootjeshaakcadeautjes.nl\/de\/produkt\/holzperlen-oval-scheibe-12-mm\/\" \/>\n<meta property=\"og:locale\" content=\"de_DE\" \/>\n<meta property=\"og:type\" content=\"article\" \/>\n<meta property=\"og:title\" content=\"Holzperle - 12 mm - Oval \/ Intermediate - Buchenholz\" \/>\n<meta property=\"og:description\" content=\"Holzperlen 12 mm oval. Suchen Sie auch nach einer sch\u00f6nen Auswahl an Holzperlen? Gro\u00dfhandel Holzperlen f\u00fcr Baby Bei\u00dfspielzeug.\" \/>\n<meta property=\"og:url\" content=\"https:\/\/www.jootjeshaakcadeautjes.nl\/de\/produkt\/holzperlen-oval-scheibe-12-mm\/\" \/>\n<meta property=\"og:site_name\" content=\"Jootjes Haakcadeautjes\" \/>\n<meta property=\"article:modified_time\" content=\"2026-04-01T11:29:37+00:00\" \/>\n<meta property=\"og:image\" content=\"https:\/\/www.jootjeshaakcadeautjes.nl\/wp-content\/uploads\/2020\/08\/Beukenhouten-kralen-ovaal-tussenschijfje-12-mm.jpg\" \/>\n\t<meta property=\"og:image:width\" content=\"905\" \/>\n\t<meta property=\"og:image:height\" content=\"905\" \/>\n\t<meta property=\"og:image:type\" content=\"image\/jpeg\" \/>\n<meta name=\"twitter:card\" content=\"summary_large_image\" \/>\n<meta name=\"twitter:label1\" content=\"Preis\" \/>\n\t<meta name=\"twitter:data1\" content=\"&euro;0.16 inkl. MwSt.\" \/>\n\t<meta name=\"twitter:label2\" content=\"Verf\u00fcgbarkeit\" \/>\n\t<meta name=\"twitter:data2\" content=\"Auf Lager\" \/>\n<script type=\"application\/ld+json\" class=\"yoast-schema-graph\">{\"@context\":\"https:\\\/\\\/schema.org\",\"@graph\":[{\"@type\":\"WebPage\",\"@id\":\"https:\\\/\\\/www.jootjeshaakcadeautjes.nl\\\/de\\\/produkt\\\/holzperlen-oval-scheibe-12-mm\\\/\",\"url\":\"https:\\\/\\\/www.jootjeshaakcadeautjes.nl\\\/de\\\/produkt\\\/holzperlen-oval-scheibe-12-mm\\\/\",\"name\":\"Holzperlen 12 mm oval \\\/ Abstandhalter - Jootjes Crochet presents\",\"isPartOf\":{\"@id\":\"https:\\\/\\\/www.jootjeshaakcadeautjes.nl\\\/de\\\/#website\"},\"primaryImageOfPage\":{\"@id\":\"https:\\\/\\\/www.jootjeshaakcadeautjes.nl\\\/de\\\/produkt\\\/holzperlen-oval-scheibe-12-mm\\\/#primaryimage\"},\"image\":{\"@id\":\"https:\\\/\\\/www.jootjeshaakcadeautjes.nl\\\/de\\\/produkt\\\/holzperlen-oval-scheibe-12-mm\\\/#primaryimage\"},\"thumbnailUrl\":\"https:\\\/\\\/d1dyryakdmle7o.cloudfront.net\\\/wp-content\\\/uploads\\\/2020\\\/08\\\/Beukenhouten-kralen-ovaal-tussenschijfje-12-mm.jpg\",\"datePublished\":\"2020-11-21T01:20:08+00:00\",\"dateModified\":\"2026-04-01T11:29:37+00:00\",\"description\":\"Holzperlen 12 mm oval. Suchen Sie auch nach einer sch\u00f6nen Auswahl an Holzperlen? Gro\u00dfhandel Holzperlen f\u00fcr Baby Bei\u00dfspielzeug.\",\"breadcrumb\":{\"@id\":\"https:\\\/\\\/www.jootjeshaakcadeautjes.nl\\\/de\\\/produkt\\\/holzperlen-oval-scheibe-12-mm\\\/#breadcrumb\"},\"inLanguage\":\"de\",\"potentialAction\":[{\"@type\":\"ReadAction\",\"target\":[\"https:\\\/\\\/www.jootjeshaakcadeautjes.nl\\\/de\\\/produkt\\\/holzperlen-oval-scheibe-12-mm\\\/\"]}]},{\"@type\":\"ImageObject\",\"inLanguage\":\"de\",\"@id\":\"https:\\\/\\\/www.jootjeshaakcadeautjes.nl\\\/de\\\/produkt\\\/holzperlen-oval-scheibe-12-mm\\\/#primaryimage\",\"url\":\"https:\\\/\\\/d1dyryakdmle7o.cloudfront.net\\\/wp-content\\\/uploads\\\/2020\\\/08\\\/Beukenhouten-kralen-ovaal-tussenschijfje-12-mm.jpg\",\"contentUrl\":\"https:\\\/\\\/d1dyryakdmle7o.cloudfront.net\\\/wp-content\\\/uploads\\\/2020\\\/08\\\/Beukenhouten-kralen-ovaal-tussenschijfje-12-mm.jpg\",\"width\":905,\"height\":905,\"caption\":\"Buchenholzperlen oval Abstandshalter 12 mm\"},{\"@type\":\"BreadcrumbList\",\"@id\":\"https:\\\/\\\/www.jootjeshaakcadeautjes.nl\\\/de\\\/produkt\\\/holzperlen-oval-scheibe-12-mm\\\/#breadcrumb\",\"itemListElement\":[{\"@type\":\"ListItem\",\"position\":1,\"name\":\"Startseite\",\"item\":\"https:\\\/\\\/www.jootjeshaakcadeautjes.nl\\\/de\\\/\"},{\"@type\":\"ListItem\",\"position\":2,\"name\":\"Gro\u00dfhandel mit Silikonperlen &#8211; Business und Consumer\",\"item\":\"https:\\\/\\\/www.jootjeshaakcadeautjes.nl\\\/de\\\/shop\\\/\"},{\"@type\":\"ListItem\",\"position\":3,\"name\":\"Holzperle &#8211; 12 mm &#8211; Oval \\\/ Intermediate &#8211; Buchenholz\"}]},{\"@type\":\"WebSite\",\"@id\":\"https:\\\/\\\/www.jootjeshaakcadeautjes.nl\\\/de\\\/#website\",\"url\":\"https:\\\/\\\/www.jootjeshaakcadeautjes.nl\\\/de\\\/\",\"name\":\"Jootjes Haakcadeautjes\",\"description\":\"Silikonperlen Gro\u00dfhandel \",\"publisher\":{\"@id\":\"https:\\\/\\\/www.jootjeshaakcadeautjes.nl\\\/de\\\/#organization\"},\"potentialAction\":[{\"@type\":\"SearchAction\",\"target\":{\"@type\":\"EntryPoint\",\"urlTemplate\":\"https:\\\/\\\/www.jootjeshaakcadeautjes.nl\\\/de\\\/?s={search_term_string}\"},\"query-input\":{\"@type\":\"PropertyValueSpecification\",\"valueRequired\":true,\"valueName\":\"search_term_string\"}}],\"inLanguage\":\"de\"},{\"@type\":\"Organization\",\"@id\":\"https:\\\/\\\/www.jootjeshaakcadeautjes.nl\\\/de\\\/#organization\",\"name\":\"Jootjes Haakcadeautjes\",\"url\":\"https:\\\/\\\/www.jootjeshaakcadeautjes.nl\\\/de\\\/\",\"logo\":{\"@type\":\"ImageObject\",\"inLanguage\":\"de\",\"@id\":\"https:\\\/\\\/www.jootjeshaakcadeautjes.nl\\\/de\\\/#\\\/schema\\\/logo\\\/image\\\/\",\"url\":\"https:\\\/\\\/d1dyryakdmle7o.cloudfront.net\\\/wp-content\\\/uploads\\\/2023\\\/05\\\/Logo-rond.png\",\"contentUrl\":\"https:\\\/\\\/d1dyryakdmle7o.cloudfront.net\\\/wp-content\\\/uploads\\\/2023\\\/05\\\/Logo-rond.png\",\"width\":1222,\"height\":1222,\"caption\":\"Jootjes Haakcadeautjes\"},\"image\":{\"@id\":\"https:\\\/\\\/www.jootjeshaakcadeautjes.nl\\\/de\\\/#\\\/schema\\\/logo\\\/image\\\/\"}}]}<\/script>\n<meta property=\"product:price:amount\" content=\"0.16\" \/>\n<meta property=\"product:price:currency\" content=\"EUR\" \/>\n<meta property=\"og:availability\" content=\"instock\" \/>\n<meta property=\"product:availability\" content=\"instock\" \/>\n<meta property=\"product:retailer_item_id\" content=\"HOU-KRO-012\" \/>\n<meta property=\"product:condition\" content=\"new\" \/>\n<!-- \/ Yoast SEO Premium plugin. -->","yoast_head_json":{"title":"Holzperlen 12 mm oval \/ Abstandhalter - Jootjes Crochet presents","description":"Holzperlen 12 mm oval. Suchen Sie auch nach einer sch\u00f6nen Auswahl an Holzperlen? Gro\u00dfhandel Holzperlen f\u00fcr Baby Bei\u00dfspielzeug.","robots":{"index":"index","follow":"follow","max-snippet":"max-snippet:-1","max-image-preview":"max-image-preview:large","max-video-preview":"max-video-preview:-1"},"canonical":"https:\/\/www.jootjeshaakcadeautjes.nl\/de\/produkt\/holzperlen-oval-scheibe-12-mm\/","og_locale":"de_DE","og_type":"article","og_title":"Holzperle - 12 mm - Oval \/ Intermediate - Buchenholz","og_description":"Holzperlen 12 mm oval. Suchen Sie auch nach einer sch\u00f6nen Auswahl an Holzperlen? Gro\u00dfhandel Holzperlen f\u00fcr Baby Bei\u00dfspielzeug.","og_url":"https:\/\/www.jootjeshaakcadeautjes.nl\/de\/produkt\/holzperlen-oval-scheibe-12-mm\/","og_site_name":"Jootjes Haakcadeautjes","article_modified_time":"2026-04-01T11:29:37+00:00","og_image":[{"width":905,"height":905,"url":"https:\/\/www.jootjeshaakcadeautjes.nl\/wp-content\/uploads\/2020\/08\/Beukenhouten-kralen-ovaal-tussenschijfje-12-mm.jpg","type":"image\/jpeg"}],"twitter_card":"summary_large_image","twitter_misc":{"Preis":"&euro;0.16 inkl. MwSt.","Verf\u00fcgbarkeit":"Auf Lager"},"schema":{"@context":"https:\/\/schema.org","@graph":[{"@type":"WebPage","@id":"https:\/\/www.jootjeshaakcadeautjes.nl\/de\/produkt\/holzperlen-oval-scheibe-12-mm\/","url":"https:\/\/www.jootjeshaakcadeautjes.nl\/de\/produkt\/holzperlen-oval-scheibe-12-mm\/","name":"Holzperlen 12 mm oval \/ Abstandhalter - Jootjes Crochet presents","isPartOf":{"@id":"https:\/\/www.jootjeshaakcadeautjes.nl\/de\/#website"},"primaryImageOfPage":{"@id":"https:\/\/www.jootjeshaakcadeautjes.nl\/de\/produkt\/holzperlen-oval-scheibe-12-mm\/#primaryimage"},"image":{"@id":"https:\/\/www.jootjeshaakcadeautjes.nl\/de\/produkt\/holzperlen-oval-scheibe-12-mm\/#primaryimage"},"thumbnailUrl":"https:\/\/d1dyryakdmle7o.cloudfront.net\/wp-content\/uploads\/2020\/08\/Beukenhouten-kralen-ovaal-tussenschijfje-12-mm.jpg","datePublished":"2020-11-21T01:20:08+00:00","dateModified":"2026-04-01T11:29:37+00:00","description":"Holzperlen 12 mm oval. Suchen Sie auch nach einer sch\u00f6nen Auswahl an Holzperlen? Gro\u00dfhandel Holzperlen f\u00fcr Baby Bei\u00dfspielzeug.","breadcrumb":{"@id":"https:\/\/www.jootjeshaakcadeautjes.nl\/de\/produkt\/holzperlen-oval-scheibe-12-mm\/#breadcrumb"},"inLanguage":"de","potentialAction":[{"@type":"ReadAction","target":["https:\/\/www.jootjeshaakcadeautjes.nl\/de\/produkt\/holzperlen-oval-scheibe-12-mm\/"]}]},{"@type":"ImageObject","inLanguage":"de","@id":"https:\/\/www.jootjeshaakcadeautjes.nl\/de\/produkt\/holzperlen-oval-scheibe-12-mm\/#primaryimage","url":"https:\/\/d1dyryakdmle7o.cloudfront.net\/wp-content\/uploads\/2020\/08\/Beukenhouten-kralen-ovaal-tussenschijfje-12-mm.jpg","contentUrl":"https:\/\/d1dyryakdmle7o.cloudfront.net\/wp-content\/uploads\/2020\/08\/Beukenhouten-kralen-ovaal-tussenschijfje-12-mm.jpg","width":905,"height":905,"caption":"Buchenholzperlen oval Abstandshalter 12 mm"},{"@type":"BreadcrumbList","@id":"https:\/\/www.jootjeshaakcadeautjes.nl\/de\/produkt\/holzperlen-oval-scheibe-12-mm\/#breadcrumb","itemListElement":[{"@type":"ListItem","position":1,"name":"Startseite","item":"https:\/\/www.jootjeshaakcadeautjes.nl\/de\/"},{"@type":"ListItem","position":2,"name":"Gro\u00dfhandel mit Silikonperlen &#8211; Business und Consumer","item":"https:\/\/www.jootjeshaakcadeautjes.nl\/de\/shop\/"},{"@type":"ListItem","position":3,"name":"Holzperle &#8211; 12 mm &#8211; Oval \/ Intermediate &#8211; Buchenholz"}]},{"@type":"WebSite","@id":"https:\/\/www.jootjeshaakcadeautjes.nl\/de\/#website","url":"https:\/\/www.jootjeshaakcadeautjes.nl\/de\/","name":"Jootjes Haakcadeautjes","description":"Silikonperlen Gro\u00dfhandel ","publisher":{"@id":"https:\/\/www.jootjeshaakcadeautjes.nl\/de\/#organization"},"potentialAction":[{"@type":"SearchAction","target":{"@type":"EntryPoint","urlTemplate":"https:\/\/www.jootjeshaakcadeautjes.nl\/de\/?s={search_term_string}"},"query-input":{"@type":"PropertyValueSpecification","valueRequired":true,"valueName":"search_term_string"}}],"inLanguage":"de"},{"@type":"Organization","@id":"https:\/\/www.jootjeshaakcadeautjes.nl\/de\/#organization","name":"Jootjes Haakcadeautjes","url":"https:\/\/www.jootjeshaakcadeautjes.nl\/de\/","logo":{"@type":"ImageObject","inLanguage":"de","@id":"https:\/\/www.jootjeshaakcadeautjes.nl\/de\/#\/schema\/logo\/image\/","url":"https:\/\/d1dyryakdmle7o.cloudfront.net\/wp-content\/uploads\/2023\/05\/Logo-rond.png","contentUrl":"https:\/\/d1dyryakdmle7o.cloudfront.net\/wp-content\/uploads\/2023\/05\/Logo-rond.png","width":1222,"height":1222,"caption":"Jootjes Haakcadeautjes"},"image":{"@id":"https:\/\/www.jootjeshaakcadeautjes.nl\/de\/#\/schema\/logo\/image\/"}}]},"product_price_amount":"0.16","product_price_currency":"EUR","og_availability":"instock","product_availability":"instock","product_retailer_item_id":"HOU-KRO-012","product_condition":"new"},"_links":{"self":[{"href":"https:\/\/www.jootjeshaakcadeautjes.nl\/de\/wp-json\/wp\/v2\/product\/122238","targetHints":{"allow":["GET"]}}],"collection":[{"href":"https:\/\/www.jootjeshaakcadeautjes.nl\/de\/wp-json\/wp\/v2\/product"}],"about":[{"href":"https:\/\/www.jootjeshaakcadeautjes.nl\/de\/wp-json\/wp\/v2\/types\/product"}],"version-history":[{"count":0,"href":"https:\/\/www.jootjeshaakcadeautjes.nl\/de\/wp-json\/wp\/v2\/product\/122238\/revisions"}],"wp:featuredmedia":[{"embeddable":true,"href":"https:\/\/www.jootjeshaakcadeautjes.nl\/de\/wp-json\/wp\/v2\/media\/70728"}],"wp:attachment":[{"href":"https:\/\/www.jootjeshaakcadeautjes.nl\/de\/wp-json\/wp\/v2\/media?parent=122238"}],"wp:term":[{"taxonomy":"product_brand","embeddable":true,"href":"https:\/\/www.jootjeshaakcadeautjes.nl\/de\/wp-json\/wp\/v2\/product_brand?post=122238"},{"taxonomy":"product_cat","embeddable":true,"href":"https:\/\/www.jootjeshaakcadeautjes.nl\/de\/wp-json\/wp\/v2\/product_cat?post=122238"},{"taxonomy":"product_tag","embeddable":true,"href":"https:\/\/www.jootjeshaakcadeautjes.nl\/de\/wp-json\/wp\/v2\/product_tag?post=122238"}],"curies":[{"name":"wp","href":"https:\/\/api.w.org\/{rel}","templated":true}]}}