{"id":122240,"date":"2020-11-21T09:50:07","date_gmt":"2020-11-21T08:50:07","guid":{"rendered":"https:\/\/www.jootjeshaakcadeautjes.nl\/product\/holzperlen-smiley-20-mm-glueckspuppe-gehakt-zwinker\/"},"modified":"2026-03-20T11:54:14","modified_gmt":"2026-03-20T10:54:14","slug":"holzperlen-smiley-20-mm-glueckspuppe-gehakt-zwinker","status":"publish","type":"product","link":"https:\/\/www.jootjeshaakcadeautjes.nl\/de\/produkt\/holzperlen-smiley-20-mm-glueckspuppe-gehakt-zwinker\/","title":{"rendered":"Holzperle &#8211; Smiley\/Gl\u00fcckspuppe h\u00e4keln &#8211; Wink &#8211; Ahorn &#8211; 20 mm"},"content":{"rendered":"<h1><strong>H\u00e4keln einer Gl\u00fcckspuppe mit Holzperlen und einem Smiley &#8211; Wink<\/strong><\/h1>\n<p>Alle Holzperlen f\u00fcr eine Gl\u00fcckspuppe sind mit 1 Augenzwinkern versehen!<\/p>\n<p>Die Holzperlen mit Smiley zum H\u00e4keln einer Gl\u00fcckspuppe zum Beispiel haben eine \u00d6ffnung von 4 mm Durchmesser. Die Smiley-Holzperlen sind aus rohem, extrem glattem (nicht lackiertem, gebeiztem oder ge\u00f6ltem) Buchenholz gefertigt. Die Holzperlen zum H\u00e4keln einer Gl\u00fcckspuppe sind daher kinderfreundlich. Die Holzperlen mit Smiley sind daher ein Naturprodukt, das manchmal minimale Abweichungen aufweisen kann. Der Smiley selbst ist lasergraviert. Es werden also auch hier keine Chemikalien verwendet. Sobald wir eine \u00fcberm\u00e4\u00dfige Abweichung feststellen, wird das Produkt nicht verkauft, sondern entsorgt oder recycelt. So k\u00f6nnen wir stets eine hohe Qualit\u00e4t unserer Produkte garantieren.<\/p>\n<h3><strong>Wof\u00fcr k\u00f6nnen Sie die Holzperlen mit Smiley verwenden?<\/strong><\/h3>\n<p>Ideal zum Basteln oder H\u00e4keln, z. B. einer:<\/p>\n<ul>\n<li>Gl\u00fcckspuppen h\u00e4keln<\/li>\n<li>Bei\u00dfring<\/li>\n<li>Stillen Halskette<\/li>\n<li>Kinderwagen Spoiler<\/li>\n<li>L\u00e4ngerer Clip f\u00fcr z. B. einen Schnuller, Spielzeug\/Zug oder Bei\u00dfring usw.<\/li>\n<\/ul>\n<h4><strong>Wie h\u00e4kele ich eine Gl\u00fcckspuppe?<\/strong><\/h4>\n<p>Nat\u00fcrlich kann eine Gl\u00fcckspuppe nach Belieben geh\u00e4kelt und zusammengesetzt werden, aber normalerweise besteht sie aus mindestens:<\/p>\n<ul>\n<li>Schl\u00fcsselring\/Schl\u00fcsselanh\u00e4nger<\/li>\n<li>Eine Holzperle als Gl\u00fccksbringer\/Smiley<\/li>\n<li>Eine 25-mm-Perle h\u00e4keln<\/li>\n<li>Beliebige andere Perlen nach Belieben hinzuf\u00fcgen.<\/li>\n<li>Eine Kordel oder ein Band in der von Ihnen gew\u00fcnschten Farbe, um alles zusammenzuf\u00e4deln.<\/li>\n<\/ul>\n<h2>Andere Dinge, die man mit einer Holzperlen-Gl\u00fcckspuppe machen kann:<\/h2>\n<h4><strong>Ein kleiner Bei\u00dfring mit Perlen (siehe Beispiel unten) besteht aus:<\/strong><\/h4>\n<ul>\n<li>2x ein 4,5 cm Ring<\/li>\n<li>6x eine 16 mm Holzperle<\/li>\n<li>6x eine 20 mm gro\u00dfe geh\u00e4kelte Holzperle oder eine glatte Perle, Wabenperle oder Holzperle mit Laserbearbeitung.<\/li>\n<\/ul>\n<h4><strong>Ein gr\u00f6\u00dferer Bei\u00dfring ist daher mit m\u00f6glich:<\/strong><\/h4>\n<ul>\n<li>2x ein 5,5 cm langer Holzring<\/li>\n<li>6x eine 20\/25 mm Holzperle<\/li>\n<li>6x eine 25\/30 mm (geh\u00e4kelte) Holzperle<\/li>\n<\/ul>\n<p>Wie bereits erw\u00e4hnt, k\u00f6nnen Sie je nach gew\u00fcnschter Gr\u00f6\u00dfe zwischen den kleineren oder den gr\u00f6\u00dferen Materialvarianten w\u00e4hlen. Dar\u00fcber hinaus k\u00f6nnen Sie die Designs nat\u00fcrlich jederzeit nach Ihrem eigenen Geschmack anpassen. In jedem Fall sind beide Formate sowohl f\u00fcr ein Baby als auch f\u00fcr ein Kleinkind leicht zu handhaben.<\/p>\n<p>&nbsp;<\/p>\n<p><a href=\"https:\/\/d1dyryakdmle7o.cloudfront.net\/wp-content\/uploads\/2016\/03\/wooden-font-b-teething-b-font-font-b-ring-b-font-Crochet-beads-rattle-Amigurumi-Baby.jpg\" rel=\"attachment wp-att-318\"><img decoding=\"async\" class=\"size-medium wp-image-318 aligncenter\" src=\"https:\/\/www.jootjeshaakcadeautjes.nl\/wp-content\/themes\/woodmart\/images\/lazy.svg\" data-src=\"https:\/\/d1dyryakdmle7o.cloudfront.net\/wp-content\/uploads\/2016\/03\/wooden-font-b-teething-b-font-font-b-ring-b-font-Crochet-beads-rattle-Amigurumi-Baby-300x300.jpg\" alt=\"Holzschrift-B-Bei\u00dfring-B-Schrift-B-Ring-B-Schrift-Crochet-Perlen-Rassel-Amigurumi-Baby\" width=\"300\" height=\"300\"><\/a><\/p>\n<p>&nbsp;<\/p>\n<p>Wenn Sie Fragen haben, k\u00f6nnen Sie sich nat\u00fcrlich jederzeit \u00fcber das <a href=\"https:\/\/www.jootjeshaakcadeautjes.nl\/contact-2\/\">Kontaktformular<\/a> an uns wenden. Wir helfen Ihnen nat\u00fcrlich gerne weiter!<\/p>\n<p>&nbsp;<\/p>\n<p>&nbsp;<\/p>\n","protected":false},"excerpt":{"rendered":"<p><span style=\"color: #000000;\"><small>Holzperlen zum H\u00e4keln einer Gl\u00fcckspuppe<br \/>\nauf der einen Seite ein eingraviertes Smiley-Gesicht &#8211; wink.<\/small><\/span><\/p>\n<p><span style=\"color: #000000;\"><small>F\u00fcr weitere Informationen \u00fcber die Verwendung der Perlen lesen Sie bitte<\/small><small> am Ende der Seite.<\/small><\/span><\/p>\n","protected":false},"featured_media":74596,"template":"","meta":[],"product_brand":[],"product_cat":[8247,8026,7380,8045,6995,8267,8296],"product_tag":[7519,9751,8087,7208,7416,8268,9943,7196,7442,7199,8710,9042,7435],"class_list":{"0":"post-122240","1":"product","2":"type-product","3":"status-publish","4":"has-post-thumbnail","6":"product_cat-bastelmaterial-hakelzubehor","7":"product_cat-gravierte-holzperlen-fur-schnullerschnur-und-beisring","8":"product_cat-herstellung-von-baby-beisspielzeug-materialien-fur-schnuller-und-beisringe","9":"product_cat-holzperlen-schnullerband-und-beisring-alle-holzperlen","10":"product_cat-lasergravieren-alle-produkte","11":"product_cat-lucky-dolls-diy-perlen-und-zubehor","12":"product_cat-silikonperlen-lucky-dolls-luckyjos","13":"product_tag-20-mm-de","14":"product_tag-augenzwinkernd","15":"product_tag-babygymnastik","16":"product_tag-gluckspuppe","17":"product_tag-gummischnur","18":"product_tag-hakchen","19":"product_tag-haken-de","20":"product_tag-holz","21":"product_tag-kinderwagenkette","22":"product_tag-perlen","23":"product_tag-popke-de","24":"product_tag-smiley-de","25":"product_tag-wulst","27":"first","28":"instock","29":"taxable","30":"shipping-taxable","31":"purchasable","32":"product-type-simple"},"bundled_by":[],"bundle_stock_status":"instock","bundle_stock_quantity":185,"bundle_virtual":false,"bundle_layout":"","bundle_add_to_cart_form_location":"","bundle_editable_in_cart":false,"bundle_sold_individually_context":"","bundle_item_grouping":"","bundle_min_size":"","bundle_max_size":"","bundle_price":[],"bundled_items":[],"bundle_sell_ids":[],"yoast_head":"<!-- This site is optimized with the Yoast SEO Premium plugin v27.6 (Yoast SEO v27.6) - https:\/\/yoast.com\/product\/yoast-seo-premium-wordpress\/ -->\n<title>Gl\u00fcckspuppen h\u00e4keln - Holzperlen Smiley oder Gesicht - Zwinker, Zwinker<\/title>\n<meta name=\"description\" content=\"Gl\u00fcckspuppen herstellen? Die Holzperlen mit Smiley und Augenzwinkern sind perfekt, um eine Gl\u00fcckspuppe f\u00fcr einen Schl\u00fcsselanh\u00e4nger zu basteln.\" \/>\n<meta name=\"robots\" content=\"index, follow, max-snippet:-1, max-image-preview:large, max-video-preview:-1\" \/>\n<link rel=\"canonical\" href=\"https:\/\/www.jootjeshaakcadeautjes.nl\/de\/produkt\/holzperlen-smiley-20-mm-glueckspuppe-gehakt-zwinker\/\" \/>\n<meta property=\"og:locale\" content=\"de_DE\" \/>\n<meta property=\"og:type\" content=\"article\" \/>\n<meta property=\"og:title\" content=\"Holzperle - Smiley\/Gl\u00fcckspuppe h\u00e4keln - Wink - Ahorn - 20 mm\" \/>\n<meta property=\"og:description\" content=\"Gl\u00fcckspuppen herstellen? Die Holzperlen mit Smiley und Augenzwinkern sind perfekt, um eine Gl\u00fcckspuppe f\u00fcr einen Schl\u00fcsselanh\u00e4nger zu basteln.\" \/>\n<meta property=\"og:url\" content=\"https:\/\/www.jootjeshaakcadeautjes.nl\/de\/produkt\/holzperlen-smiley-20-mm-glueckspuppe-gehakt-zwinker\/\" \/>\n<meta property=\"og:site_name\" content=\"Jootjes Haakcadeautjes\" \/>\n<meta property=\"article:modified_time\" content=\"2026-03-20T10:54:14+00:00\" \/>\n<meta property=\"og:image\" content=\"https:\/\/www.jootjeshaakcadeautjes.nl\/wp-content\/uploads\/2020\/11\/20201122_003710.jpg\" \/>\n\t<meta property=\"og:image:width\" content=\"1852\" \/>\n\t<meta property=\"og:image:height\" content=\"1852\" \/>\n\t<meta property=\"og:image:type\" content=\"image\/jpeg\" \/>\n<meta name=\"twitter:card\" content=\"summary_large_image\" \/>\n<meta name=\"twitter:label1\" content=\"Preis\" \/>\n\t<meta name=\"twitter:data1\" content=\"&euro;0.40 inkl. MwSt.\" \/>\n\t<meta name=\"twitter:label2\" content=\"Verf\u00fcgbarkeit\" \/>\n\t<meta name=\"twitter:data2\" content=\"Auf Lager\" \/>\n<script type=\"application\/ld+json\" class=\"yoast-schema-graph\">{\"@context\":\"https:\\\/\\\/schema.org\",\"@graph\":[{\"@type\":\"WebPage\",\"@id\":\"https:\\\/\\\/www.jootjeshaakcadeautjes.nl\\\/de\\\/produkt\\\/holzperlen-smiley-20-mm-glueckspuppe-gehakt-zwinker\\\/\",\"url\":\"https:\\\/\\\/www.jootjeshaakcadeautjes.nl\\\/de\\\/produkt\\\/holzperlen-smiley-20-mm-glueckspuppe-gehakt-zwinker\\\/\",\"name\":\"Gl\u00fcckspuppen h\u00e4keln - Holzperlen Smiley oder Gesicht - Zwinker, Zwinker\",\"isPartOf\":{\"@id\":\"https:\\\/\\\/www.jootjeshaakcadeautjes.nl\\\/de\\\/#website\"},\"primaryImageOfPage\":{\"@id\":\"https:\\\/\\\/www.jootjeshaakcadeautjes.nl\\\/de\\\/produkt\\\/holzperlen-smiley-20-mm-glueckspuppe-gehakt-zwinker\\\/#primaryimage\"},\"image\":{\"@id\":\"https:\\\/\\\/www.jootjeshaakcadeautjes.nl\\\/de\\\/produkt\\\/holzperlen-smiley-20-mm-glueckspuppe-gehakt-zwinker\\\/#primaryimage\"},\"thumbnailUrl\":\"https:\\\/\\\/d1dyryakdmle7o.cloudfront.net\\\/wp-content\\\/uploads\\\/2020\\\/11\\\/20201122_003710.jpg\",\"datePublished\":\"2020-11-21T08:50:07+00:00\",\"dateModified\":\"2026-03-20T10:54:14+00:00\",\"description\":\"Gl\u00fcckspuppen herstellen? Die Holzperlen mit Smiley und Augenzwinkern sind perfekt, um eine Gl\u00fcckspuppe f\u00fcr einen Schl\u00fcsselanh\u00e4nger zu basteln.\",\"breadcrumb\":{\"@id\":\"https:\\\/\\\/www.jootjeshaakcadeautjes.nl\\\/de\\\/produkt\\\/holzperlen-smiley-20-mm-glueckspuppe-gehakt-zwinker\\\/#breadcrumb\"},\"inLanguage\":\"de\",\"potentialAction\":[{\"@type\":\"ReadAction\",\"target\":[\"https:\\\/\\\/www.jootjeshaakcadeautjes.nl\\\/de\\\/produkt\\\/holzperlen-smiley-20-mm-glueckspuppe-gehakt-zwinker\\\/\"]}]},{\"@type\":\"ImageObject\",\"inLanguage\":\"de\",\"@id\":\"https:\\\/\\\/www.jootjeshaakcadeautjes.nl\\\/de\\\/produkt\\\/holzperlen-smiley-20-mm-glueckspuppe-gehakt-zwinker\\\/#primaryimage\",\"url\":\"https:\\\/\\\/d1dyryakdmle7o.cloudfront.net\\\/wp-content\\\/uploads\\\/2020\\\/11\\\/20201122_003710.jpg\",\"contentUrl\":\"https:\\\/\\\/d1dyryakdmle7o.cloudfront.net\\\/wp-content\\\/uploads\\\/2020\\\/11\\\/20201122_003710.jpg\",\"width\":1852,\"height\":1852},{\"@type\":\"BreadcrumbList\",\"@id\":\"https:\\\/\\\/www.jootjeshaakcadeautjes.nl\\\/de\\\/produkt\\\/holzperlen-smiley-20-mm-glueckspuppe-gehakt-zwinker\\\/#breadcrumb\",\"itemListElement\":[{\"@type\":\"ListItem\",\"position\":1,\"name\":\"Startseite\",\"item\":\"https:\\\/\\\/www.jootjeshaakcadeautjes.nl\\\/de\\\/\"},{\"@type\":\"ListItem\",\"position\":2,\"name\":\"Gro\u00dfhandel mit Silikonperlen &#8211; Business und Consumer\",\"item\":\"https:\\\/\\\/www.jootjeshaakcadeautjes.nl\\\/de\\\/shop\\\/\"},{\"@type\":\"ListItem\",\"position\":3,\"name\":\"Holzperle &#8211; Smiley\\\/Gl\u00fcckspuppe h\u00e4keln &#8211; Wink &#8211; Ahorn &#8211; 20 mm\"}]},{\"@type\":\"WebSite\",\"@id\":\"https:\\\/\\\/www.jootjeshaakcadeautjes.nl\\\/de\\\/#website\",\"url\":\"https:\\\/\\\/www.jootjeshaakcadeautjes.nl\\\/de\\\/\",\"name\":\"Jootjes Haakcadeautjes\",\"description\":\"Silikonperlen Gro\u00dfhandel \",\"publisher\":{\"@id\":\"https:\\\/\\\/www.jootjeshaakcadeautjes.nl\\\/de\\\/#organization\"},\"potentialAction\":[{\"@type\":\"SearchAction\",\"target\":{\"@type\":\"EntryPoint\",\"urlTemplate\":\"https:\\\/\\\/www.jootjeshaakcadeautjes.nl\\\/de\\\/?s={search_term_string}\"},\"query-input\":{\"@type\":\"PropertyValueSpecification\",\"valueRequired\":true,\"valueName\":\"search_term_string\"}}],\"inLanguage\":\"de\"},{\"@type\":\"Organization\",\"@id\":\"https:\\\/\\\/www.jootjeshaakcadeautjes.nl\\\/de\\\/#organization\",\"name\":\"Jootjes Haakcadeautjes\",\"url\":\"https:\\\/\\\/www.jootjeshaakcadeautjes.nl\\\/de\\\/\",\"logo\":{\"@type\":\"ImageObject\",\"inLanguage\":\"de\",\"@id\":\"https:\\\/\\\/www.jootjeshaakcadeautjes.nl\\\/de\\\/#\\\/schema\\\/logo\\\/image\\\/\",\"url\":\"https:\\\/\\\/d1dyryakdmle7o.cloudfront.net\\\/wp-content\\\/uploads\\\/2023\\\/05\\\/Logo-rond.png\",\"contentUrl\":\"https:\\\/\\\/d1dyryakdmle7o.cloudfront.net\\\/wp-content\\\/uploads\\\/2023\\\/05\\\/Logo-rond.png\",\"width\":1222,\"height\":1222,\"caption\":\"Jootjes Haakcadeautjes\"},\"image\":{\"@id\":\"https:\\\/\\\/www.jootjeshaakcadeautjes.nl\\\/de\\\/#\\\/schema\\\/logo\\\/image\\\/\"}}]}<\/script>\n<meta property=\"product:price:amount\" content=\"0.40\" \/>\n<meta property=\"product:price:currency\" content=\"EUR\" \/>\n<meta property=\"og:availability\" content=\"instock\" \/>\n<meta property=\"product:availability\" content=\"instock\" \/>\n<meta property=\"product:retailer_item_id\" content=\"HOU-KNP-OOG\" \/>\n<meta property=\"product:condition\" content=\"new\" \/>\n<!-- \/ Yoast SEO Premium plugin. -->","yoast_head_json":{"title":"Gl\u00fcckspuppen h\u00e4keln - Holzperlen Smiley oder Gesicht - Zwinker, Zwinker","description":"Gl\u00fcckspuppen herstellen? Die Holzperlen mit Smiley und Augenzwinkern sind perfekt, um eine Gl\u00fcckspuppe f\u00fcr einen Schl\u00fcsselanh\u00e4nger zu basteln.","robots":{"index":"index","follow":"follow","max-snippet":"max-snippet:-1","max-image-preview":"max-image-preview:large","max-video-preview":"max-video-preview:-1"},"canonical":"https:\/\/www.jootjeshaakcadeautjes.nl\/de\/produkt\/holzperlen-smiley-20-mm-glueckspuppe-gehakt-zwinker\/","og_locale":"de_DE","og_type":"article","og_title":"Holzperle - Smiley\/Gl\u00fcckspuppe h\u00e4keln - Wink - Ahorn - 20 mm","og_description":"Gl\u00fcckspuppen herstellen? Die Holzperlen mit Smiley und Augenzwinkern sind perfekt, um eine Gl\u00fcckspuppe f\u00fcr einen Schl\u00fcsselanh\u00e4nger zu basteln.","og_url":"https:\/\/www.jootjeshaakcadeautjes.nl\/de\/produkt\/holzperlen-smiley-20-mm-glueckspuppe-gehakt-zwinker\/","og_site_name":"Jootjes Haakcadeautjes","article_modified_time":"2026-03-20T10:54:14+00:00","og_image":[{"width":1852,"height":1852,"url":"https:\/\/www.jootjeshaakcadeautjes.nl\/wp-content\/uploads\/2020\/11\/20201122_003710.jpg","type":"image\/jpeg"}],"twitter_card":"summary_large_image","twitter_misc":{"Preis":"&euro;0.40 inkl. MwSt.","Verf\u00fcgbarkeit":"Auf Lager"},"schema":{"@context":"https:\/\/schema.org","@graph":[{"@type":"WebPage","@id":"https:\/\/www.jootjeshaakcadeautjes.nl\/de\/produkt\/holzperlen-smiley-20-mm-glueckspuppe-gehakt-zwinker\/","url":"https:\/\/www.jootjeshaakcadeautjes.nl\/de\/produkt\/holzperlen-smiley-20-mm-glueckspuppe-gehakt-zwinker\/","name":"Gl\u00fcckspuppen h\u00e4keln - Holzperlen Smiley oder Gesicht - Zwinker, Zwinker","isPartOf":{"@id":"https:\/\/www.jootjeshaakcadeautjes.nl\/de\/#website"},"primaryImageOfPage":{"@id":"https:\/\/www.jootjeshaakcadeautjes.nl\/de\/produkt\/holzperlen-smiley-20-mm-glueckspuppe-gehakt-zwinker\/#primaryimage"},"image":{"@id":"https:\/\/www.jootjeshaakcadeautjes.nl\/de\/produkt\/holzperlen-smiley-20-mm-glueckspuppe-gehakt-zwinker\/#primaryimage"},"thumbnailUrl":"https:\/\/d1dyryakdmle7o.cloudfront.net\/wp-content\/uploads\/2020\/11\/20201122_003710.jpg","datePublished":"2020-11-21T08:50:07+00:00","dateModified":"2026-03-20T10:54:14+00:00","description":"Gl\u00fcckspuppen herstellen? Die Holzperlen mit Smiley und Augenzwinkern sind perfekt, um eine Gl\u00fcckspuppe f\u00fcr einen Schl\u00fcsselanh\u00e4nger zu basteln.","breadcrumb":{"@id":"https:\/\/www.jootjeshaakcadeautjes.nl\/de\/produkt\/holzperlen-smiley-20-mm-glueckspuppe-gehakt-zwinker\/#breadcrumb"},"inLanguage":"de","potentialAction":[{"@type":"ReadAction","target":["https:\/\/www.jootjeshaakcadeautjes.nl\/de\/produkt\/holzperlen-smiley-20-mm-glueckspuppe-gehakt-zwinker\/"]}]},{"@type":"ImageObject","inLanguage":"de","@id":"https:\/\/www.jootjeshaakcadeautjes.nl\/de\/produkt\/holzperlen-smiley-20-mm-glueckspuppe-gehakt-zwinker\/#primaryimage","url":"https:\/\/d1dyryakdmle7o.cloudfront.net\/wp-content\/uploads\/2020\/11\/20201122_003710.jpg","contentUrl":"https:\/\/d1dyryakdmle7o.cloudfront.net\/wp-content\/uploads\/2020\/11\/20201122_003710.jpg","width":1852,"height":1852},{"@type":"BreadcrumbList","@id":"https:\/\/www.jootjeshaakcadeautjes.nl\/de\/produkt\/holzperlen-smiley-20-mm-glueckspuppe-gehakt-zwinker\/#breadcrumb","itemListElement":[{"@type":"ListItem","position":1,"name":"Startseite","item":"https:\/\/www.jootjeshaakcadeautjes.nl\/de\/"},{"@type":"ListItem","position":2,"name":"Gro\u00dfhandel mit Silikonperlen &#8211; Business und Consumer","item":"https:\/\/www.jootjeshaakcadeautjes.nl\/de\/shop\/"},{"@type":"ListItem","position":3,"name":"Holzperle &#8211; Smiley\/Gl\u00fcckspuppe h\u00e4keln &#8211; Wink &#8211; Ahorn &#8211; 20 mm"}]},{"@type":"WebSite","@id":"https:\/\/www.jootjeshaakcadeautjes.nl\/de\/#website","url":"https:\/\/www.jootjeshaakcadeautjes.nl\/de\/","name":"Jootjes Haakcadeautjes","description":"Silikonperlen Gro\u00dfhandel ","publisher":{"@id":"https:\/\/www.jootjeshaakcadeautjes.nl\/de\/#organization"},"potentialAction":[{"@type":"SearchAction","target":{"@type":"EntryPoint","urlTemplate":"https:\/\/www.jootjeshaakcadeautjes.nl\/de\/?s={search_term_string}"},"query-input":{"@type":"PropertyValueSpecification","valueRequired":true,"valueName":"search_term_string"}}],"inLanguage":"de"},{"@type":"Organization","@id":"https:\/\/www.jootjeshaakcadeautjes.nl\/de\/#organization","name":"Jootjes Haakcadeautjes","url":"https:\/\/www.jootjeshaakcadeautjes.nl\/de\/","logo":{"@type":"ImageObject","inLanguage":"de","@id":"https:\/\/www.jootjeshaakcadeautjes.nl\/de\/#\/schema\/logo\/image\/","url":"https:\/\/d1dyryakdmle7o.cloudfront.net\/wp-content\/uploads\/2023\/05\/Logo-rond.png","contentUrl":"https:\/\/d1dyryakdmle7o.cloudfront.net\/wp-content\/uploads\/2023\/05\/Logo-rond.png","width":1222,"height":1222,"caption":"Jootjes Haakcadeautjes"},"image":{"@id":"https:\/\/www.jootjeshaakcadeautjes.nl\/de\/#\/schema\/logo\/image\/"}}]},"product_price_amount":"0.40","product_price_currency":"EUR","og_availability":"instock","product_availability":"instock","product_retailer_item_id":"HOU-KNP-OOG","product_condition":"new"},"_links":{"self":[{"href":"https:\/\/www.jootjeshaakcadeautjes.nl\/de\/wp-json\/wp\/v2\/product\/122240","targetHints":{"allow":["GET"]}}],"collection":[{"href":"https:\/\/www.jootjeshaakcadeautjes.nl\/de\/wp-json\/wp\/v2\/product"}],"about":[{"href":"https:\/\/www.jootjeshaakcadeautjes.nl\/de\/wp-json\/wp\/v2\/types\/product"}],"version-history":[{"count":0,"href":"https:\/\/www.jootjeshaakcadeautjes.nl\/de\/wp-json\/wp\/v2\/product\/122240\/revisions"}],"wp:featuredmedia":[{"embeddable":true,"href":"https:\/\/www.jootjeshaakcadeautjes.nl\/de\/wp-json\/wp\/v2\/media\/74596"}],"wp:attachment":[{"href":"https:\/\/www.jootjeshaakcadeautjes.nl\/de\/wp-json\/wp\/v2\/media?parent=122240"}],"wp:term":[{"taxonomy":"product_brand","embeddable":true,"href":"https:\/\/www.jootjeshaakcadeautjes.nl\/de\/wp-json\/wp\/v2\/product_brand?post=122240"},{"taxonomy":"product_cat","embeddable":true,"href":"https:\/\/www.jootjeshaakcadeautjes.nl\/de\/wp-json\/wp\/v2\/product_cat?post=122240"},{"taxonomy":"product_tag","embeddable":true,"href":"https:\/\/www.jootjeshaakcadeautjes.nl\/de\/wp-json\/wp\/v2\/product_tag?post=122240"}],"curies":[{"name":"wp","href":"https:\/\/api.w.org\/{rel}","templated":true}]}}