{"id":122243,"date":"2020-11-21T14:23:01","date_gmt":"2020-11-21T12:23:01","guid":{"rendered":"https:\/\/www.jootjeshaakcadeautjes.nl\/product\/silikon-biene-figur-loewe-wildschwein-gelb-braun\/"},"modified":"2026-03-07T09:39:04","modified_gmt":"2026-03-07T08:39:04","slug":"silikon-biene-figur-loewe-wildschwein-gelb-braun","status":"publish","type":"product","link":"https:\/\/www.jootjeshaakcadeautjes.nl\/de\/produkt\/silikon-biene-figur-loewe-wildschwein-gelb-braun\/","title":{"rendered":"Silikon-Zahnfigur &#8211; L\u00f6we &#8211; Ockergelb &#8211; Braun"},"content":{"rendered":"<h3>Silikon-Zahnfigur &#8211; L\u00f6we &#8211; Ockergelb &#8211; Braun<\/h3>\n<p>Die Silikon-Zahnfigur L\u00f6we &#8211; Ockergelb &#8211; Braun ist aus BPA-freiem Silikon hergestellt. Das bedeutet, dass die Produkte als sicher f\u00fcr die Verwendung in Kinderspielzeug befunden wurden. Die Silikonanwendung enth\u00e4lt keine sch\u00e4dlichen Substanzen. Unsere Produkte erf\u00fcllen daher alle erforderlichen Zertifizierungen. Achten Sie immer auf die Abnutzung von Spielzeug und werfen Sie es gegebenenfalls weg. Dies gilt f\u00fcr jede Art von Babyspielzeug.<\/p>\n<p>Diese L\u00f6wen sind in der Farbe Ockergelb mit Braun erh\u00e4ltlich. Weitere Bei\u00dffiguren in verschiedenen Farben sind die Silikon-Bei\u00dfringe Eule in Rosa und Blau und Silikon-Bei\u00dfring Einhorn in Blau und Rosa und viele mehr.<\/p>\n<p>Die Silikonhunde haben Nieten auf der R\u00fcckseite und sind sehr robust. Mit taktilem Spielzeug wird die Entwicklung eines Kindes gut angeregt. Ein Kind lernt zun\u00e4chst viel mit seinen Sinnen. Daher ist es sinnvoll, anhand der folgenden Punkte zu variieren:<\/p>\n<ul>\n<li>Material\n<ul>\n<li>Silikon<\/li>\n<li>H\u00f6lzernes<\/li>\n<li>Geh\u00e4keltes Garn.\n<ul>\n<li>In der Regel wird Baumwollgarn verwendet, da es weniger flauschig ist. Die Kinder bekommen davon keine Ballaststoffe.<\/li>\n<\/ul>\n<\/li>\n<\/ul>\n<\/li>\n<li>Textur\/Relief\n<ul>\n<li>Alle unsere Silikonprodukte haben ihr eigenes Relief, sowohl auf der Vorder- als auch auf der R\u00fcckseite.<\/li>\n<li>Holz, Silikon und Garn haben ohnehin alle ihre eigene Haptik und Textur.<\/li>\n<\/ul>\n<\/li>\n<li>Formen: rund, geometrisch, oval, verschiedene Tiere, Ringe.<\/li>\n<li>Visuell:\n<ul>\n<li>Verschiedene Formen<\/li>\n<li>Verschiedene Farben<\/li>\n<\/ul>\n<\/li>\n<\/ul>\n<p>Silikonapplikationen werden ebenso wie Holzapplikationen h\u00e4ufig zur Herstellung von handgefertigtem Babyspielzeug verwendet. Die Applikationen lassen sich gut mit unseren Silikonperlen kombinieren.<\/p>\n<p>&nbsp;<\/p>\n","protected":false},"excerpt":{"rendered":"<p><strong>Variante: L\u00f6we &#8211; Ockergelb &#8211; Braun<\/strong><\/p>\n<p>Hergestellt aus BPA-freiem Silikon.<br \/>\nCE-zertifiziert, 100% kindersicher.<\/p>\n<p>F\u00fcr weitere Informationen \u00fcber die Verwendung,<br \/>\nlesen Sie unten auf der Seite.<\/p>\n","protected":false},"featured_media":74443,"template":"","meta":[],"product_brand":[],"product_cat":[8608,8071,7380,9067],"product_tag":[9079,7510,8079,8061,7385,7562,7419,8144,8057,7992,7986,7451,9120,8621,7211,8799,8065,7988],"class_list":{"0":"post-122243","1":"product","2":"type-product","3":"status-publish","4":"has-post-thumbnail","6":"product_cat-beisfiguren-aus-silikon-beisring-beisanhanger","7":"product_cat-beisringe-baby-silikon-und-holz","8":"product_cat-herstellung-von-baby-beisspielzeug-materialien-fur-schnuller-und-beisringe","9":"product_cat-tier-beisringe","10":"product_tag-100-de","11":"product_tag-baby-de","12":"product_tag-beisen","13":"product_tag-beisring-de","14":"product_tag-beisring","15":"product_tag-bisswunde","16":"product_tag-bpa-de","17":"product_tag-braun","18":"product_tag-gelb","19":"product_tag-kauschmuck","20":"product_tag-kindersicher","21":"product_tag-kostenlos","22":"product_tag-lowe","23":"product_tag-ockerfarben","24":"product_tag-silikon","25":"product_tag-sitzend","26":"product_tag-spielerisch","27":"product_tag-zertifiziert","29":"first","30":"instock","31":"taxable","32":"shipping-taxable","33":"purchasable","34":"product-type-simple"},"bundled_by":[],"bundle_stock_status":"instock","bundle_stock_quantity":8,"bundle_virtual":false,"bundle_layout":"","bundle_add_to_cart_form_location":"","bundle_editable_in_cart":false,"bundle_sold_individually_context":"","bundle_item_grouping":"","bundle_min_size":"","bundle_max_size":"","bundle_price":[],"bundled_items":[],"bundle_sell_ids":[],"yoast_head":"<!-- This site is optimized with the Yoast SEO Premium plugin v27.6 (Yoast SEO v27.6) - https:\/\/yoast.com\/product\/yoast-seo-premium-wordpress\/ -->\n<title>Silikon-Zahnfigur - L\u00f6we - Ockergelb - Braun - Zahnungsfigur - JH BPA frei<\/title>\n<meta name=\"description\" content=\"Silikonfigur L\u00f6we Ockergelb mit Braun BPA-frei, 100% kindersicher. F\u00fcr Bei\u00dfring oder Schnullerschnur. CE-zertifiziert. F\u00fcr Jungen und M\u00e4dchen\" \/>\n<meta name=\"robots\" content=\"index, follow, max-snippet:-1, max-image-preview:large, max-video-preview:-1\" \/>\n<link rel=\"canonical\" href=\"https:\/\/www.jootjeshaakcadeautjes.nl\/de\/produkt\/silikon-biene-figur-loewe-wildschwein-gelb-braun\/\" \/>\n<meta property=\"og:locale\" content=\"de_DE\" \/>\n<meta property=\"og:type\" content=\"article\" \/>\n<meta property=\"og:title\" content=\"Silikon-Zahnfigur - L\u00f6we - Ockergelb - Braun\" \/>\n<meta property=\"og:description\" content=\"Silikonfigur L\u00f6we Ockergelb mit Braun BPA-frei, 100% kindersicher. F\u00fcr Bei\u00dfring oder Schnullerschnur. CE-zertifiziert. F\u00fcr Jungen und M\u00e4dchen\" \/>\n<meta property=\"og:url\" content=\"https:\/\/www.jootjeshaakcadeautjes.nl\/de\/produkt\/silikon-biene-figur-loewe-wildschwein-gelb-braun\/\" \/>\n<meta property=\"og:site_name\" content=\"Jootjes Haakcadeautjes\" \/>\n<meta property=\"article:modified_time\" content=\"2026-03-07T08:39:04+00:00\" \/>\n<meta property=\"og:image\" content=\"https:\/\/www.jootjeshaakcadeautjes.nl\/wp-content\/uploads\/2020\/11\/20201121_211358.jpg\" \/>\n\t<meta property=\"og:image:width\" content=\"1849\" \/>\n\t<meta property=\"og:image:height\" content=\"1849\" \/>\n\t<meta property=\"og:image:type\" content=\"image\/jpeg\" \/>\n<meta name=\"twitter:card\" content=\"summary_large_image\" \/>\n<meta name=\"twitter:label1\" content=\"Preis\" \/>\n\t<meta name=\"twitter:data1\" content=\"&euro;3.50 inkl. MwSt.\" \/>\n\t<meta name=\"twitter:label2\" content=\"Verf\u00fcgbarkeit\" \/>\n\t<meta name=\"twitter:data2\" content=\"Auf Lager\" \/>\n<script type=\"application\/ld+json\" class=\"yoast-schema-graph\">{\"@context\":\"https:\\\/\\\/schema.org\",\"@graph\":[{\"@type\":\"WebPage\",\"@id\":\"https:\\\/\\\/www.jootjeshaakcadeautjes.nl\\\/de\\\/produkt\\\/silikon-biene-figur-loewe-wildschwein-gelb-braun\\\/\",\"url\":\"https:\\\/\\\/www.jootjeshaakcadeautjes.nl\\\/de\\\/produkt\\\/silikon-biene-figur-loewe-wildschwein-gelb-braun\\\/\",\"name\":\"Silikon-Zahnfigur - L\u00f6we - Ockergelb - Braun - Zahnungsfigur - JH BPA frei\",\"isPartOf\":{\"@id\":\"https:\\\/\\\/www.jootjeshaakcadeautjes.nl\\\/de\\\/#website\"},\"primaryImageOfPage\":{\"@id\":\"https:\\\/\\\/www.jootjeshaakcadeautjes.nl\\\/de\\\/produkt\\\/silikon-biene-figur-loewe-wildschwein-gelb-braun\\\/#primaryimage\"},\"image\":{\"@id\":\"https:\\\/\\\/www.jootjeshaakcadeautjes.nl\\\/de\\\/produkt\\\/silikon-biene-figur-loewe-wildschwein-gelb-braun\\\/#primaryimage\"},\"thumbnailUrl\":\"https:\\\/\\\/d1dyryakdmle7o.cloudfront.net\\\/wp-content\\\/uploads\\\/2020\\\/11\\\/20201121_211358.jpg\",\"datePublished\":\"2020-11-21T12:23:01+00:00\",\"dateModified\":\"2026-03-07T08:39:04+00:00\",\"description\":\"Silikonfigur L\u00f6we Ockergelb mit Braun BPA-frei, 100% kindersicher. F\u00fcr Bei\u00dfring oder Schnullerschnur. CE-zertifiziert. F\u00fcr Jungen und M\u00e4dchen\",\"breadcrumb\":{\"@id\":\"https:\\\/\\\/www.jootjeshaakcadeautjes.nl\\\/de\\\/produkt\\\/silikon-biene-figur-loewe-wildschwein-gelb-braun\\\/#breadcrumb\"},\"inLanguage\":\"de\",\"potentialAction\":[{\"@type\":\"ReadAction\",\"target\":[\"https:\\\/\\\/www.jootjeshaakcadeautjes.nl\\\/de\\\/produkt\\\/silikon-biene-figur-loewe-wildschwein-gelb-braun\\\/\"]}]},{\"@type\":\"ImageObject\",\"inLanguage\":\"de\",\"@id\":\"https:\\\/\\\/www.jootjeshaakcadeautjes.nl\\\/de\\\/produkt\\\/silikon-biene-figur-loewe-wildschwein-gelb-braun\\\/#primaryimage\",\"url\":\"https:\\\/\\\/d1dyryakdmle7o.cloudfront.net\\\/wp-content\\\/uploads\\\/2020\\\/11\\\/20201121_211358.jpg\",\"contentUrl\":\"https:\\\/\\\/d1dyryakdmle7o.cloudfront.net\\\/wp-content\\\/uploads\\\/2020\\\/11\\\/20201121_211358.jpg\",\"width\":1849,\"height\":1849},{\"@type\":\"BreadcrumbList\",\"@id\":\"https:\\\/\\\/www.jootjeshaakcadeautjes.nl\\\/de\\\/produkt\\\/silikon-biene-figur-loewe-wildschwein-gelb-braun\\\/#breadcrumb\",\"itemListElement\":[{\"@type\":\"ListItem\",\"position\":1,\"name\":\"Startseite\",\"item\":\"https:\\\/\\\/www.jootjeshaakcadeautjes.nl\\\/de\\\/\"},{\"@type\":\"ListItem\",\"position\":2,\"name\":\"Gro\u00dfhandel mit Silikonperlen &#8211; Business und Consumer\",\"item\":\"https:\\\/\\\/www.jootjeshaakcadeautjes.nl\\\/de\\\/shop\\\/\"},{\"@type\":\"ListItem\",\"position\":3,\"name\":\"Silikon-Zahnfigur &#8211; L\u00f6we &#8211; Ockergelb &#8211; Braun\"}]},{\"@type\":\"WebSite\",\"@id\":\"https:\\\/\\\/www.jootjeshaakcadeautjes.nl\\\/de\\\/#website\",\"url\":\"https:\\\/\\\/www.jootjeshaakcadeautjes.nl\\\/de\\\/\",\"name\":\"Jootjes Haakcadeautjes\",\"description\":\"Silikonperlen Gro\u00dfhandel \",\"publisher\":{\"@id\":\"https:\\\/\\\/www.jootjeshaakcadeautjes.nl\\\/de\\\/#organization\"},\"potentialAction\":[{\"@type\":\"SearchAction\",\"target\":{\"@type\":\"EntryPoint\",\"urlTemplate\":\"https:\\\/\\\/www.jootjeshaakcadeautjes.nl\\\/de\\\/?s={search_term_string}\"},\"query-input\":{\"@type\":\"PropertyValueSpecification\",\"valueRequired\":true,\"valueName\":\"search_term_string\"}}],\"inLanguage\":\"de\"},{\"@type\":\"Organization\",\"@id\":\"https:\\\/\\\/www.jootjeshaakcadeautjes.nl\\\/de\\\/#organization\",\"name\":\"Jootjes Haakcadeautjes\",\"url\":\"https:\\\/\\\/www.jootjeshaakcadeautjes.nl\\\/de\\\/\",\"logo\":{\"@type\":\"ImageObject\",\"inLanguage\":\"de\",\"@id\":\"https:\\\/\\\/www.jootjeshaakcadeautjes.nl\\\/de\\\/#\\\/schema\\\/logo\\\/image\\\/\",\"url\":\"https:\\\/\\\/d1dyryakdmle7o.cloudfront.net\\\/wp-content\\\/uploads\\\/2023\\\/05\\\/Logo-rond.png\",\"contentUrl\":\"https:\\\/\\\/d1dyryakdmle7o.cloudfront.net\\\/wp-content\\\/uploads\\\/2023\\\/05\\\/Logo-rond.png\",\"width\":1222,\"height\":1222,\"caption\":\"Jootjes Haakcadeautjes\"},\"image\":{\"@id\":\"https:\\\/\\\/www.jootjeshaakcadeautjes.nl\\\/de\\\/#\\\/schema\\\/logo\\\/image\\\/\"}}]}<\/script>\n<meta property=\"product:price:amount\" content=\"3.50\" \/>\n<meta property=\"product:price:currency\" content=\"EUR\" \/>\n<meta property=\"og:availability\" content=\"instock\" \/>\n<meta property=\"product:availability\" content=\"instock\" \/>\n<meta property=\"product:retailer_item_id\" content=\"SIL-LEE-OGB\" \/>\n<meta property=\"product:condition\" content=\"new\" \/>\n<!-- \/ Yoast SEO Premium plugin. -->","yoast_head_json":{"title":"Silikon-Zahnfigur - L\u00f6we - Ockergelb - Braun - Zahnungsfigur - JH BPA frei","description":"Silikonfigur L\u00f6we Ockergelb mit Braun BPA-frei, 100% kindersicher. F\u00fcr Bei\u00dfring oder Schnullerschnur. CE-zertifiziert. F\u00fcr Jungen und M\u00e4dchen","robots":{"index":"index","follow":"follow","max-snippet":"max-snippet:-1","max-image-preview":"max-image-preview:large","max-video-preview":"max-video-preview:-1"},"canonical":"https:\/\/www.jootjeshaakcadeautjes.nl\/de\/produkt\/silikon-biene-figur-loewe-wildschwein-gelb-braun\/","og_locale":"de_DE","og_type":"article","og_title":"Silikon-Zahnfigur - L\u00f6we - Ockergelb - Braun","og_description":"Silikonfigur L\u00f6we Ockergelb mit Braun BPA-frei, 100% kindersicher. F\u00fcr Bei\u00dfring oder Schnullerschnur. CE-zertifiziert. F\u00fcr Jungen und M\u00e4dchen","og_url":"https:\/\/www.jootjeshaakcadeautjes.nl\/de\/produkt\/silikon-biene-figur-loewe-wildschwein-gelb-braun\/","og_site_name":"Jootjes Haakcadeautjes","article_modified_time":"2026-03-07T08:39:04+00:00","og_image":[{"width":1849,"height":1849,"url":"https:\/\/www.jootjeshaakcadeautjes.nl\/wp-content\/uploads\/2020\/11\/20201121_211358.jpg","type":"image\/jpeg"}],"twitter_card":"summary_large_image","twitter_misc":{"Preis":"&euro;3.50 inkl. MwSt.","Verf\u00fcgbarkeit":"Auf Lager"},"schema":{"@context":"https:\/\/schema.org","@graph":[{"@type":"WebPage","@id":"https:\/\/www.jootjeshaakcadeautjes.nl\/de\/produkt\/silikon-biene-figur-loewe-wildschwein-gelb-braun\/","url":"https:\/\/www.jootjeshaakcadeautjes.nl\/de\/produkt\/silikon-biene-figur-loewe-wildschwein-gelb-braun\/","name":"Silikon-Zahnfigur - L\u00f6we - Ockergelb - Braun - Zahnungsfigur - JH BPA frei","isPartOf":{"@id":"https:\/\/www.jootjeshaakcadeautjes.nl\/de\/#website"},"primaryImageOfPage":{"@id":"https:\/\/www.jootjeshaakcadeautjes.nl\/de\/produkt\/silikon-biene-figur-loewe-wildschwein-gelb-braun\/#primaryimage"},"image":{"@id":"https:\/\/www.jootjeshaakcadeautjes.nl\/de\/produkt\/silikon-biene-figur-loewe-wildschwein-gelb-braun\/#primaryimage"},"thumbnailUrl":"https:\/\/d1dyryakdmle7o.cloudfront.net\/wp-content\/uploads\/2020\/11\/20201121_211358.jpg","datePublished":"2020-11-21T12:23:01+00:00","dateModified":"2026-03-07T08:39:04+00:00","description":"Silikonfigur L\u00f6we Ockergelb mit Braun BPA-frei, 100% kindersicher. F\u00fcr Bei\u00dfring oder Schnullerschnur. CE-zertifiziert. F\u00fcr Jungen und M\u00e4dchen","breadcrumb":{"@id":"https:\/\/www.jootjeshaakcadeautjes.nl\/de\/produkt\/silikon-biene-figur-loewe-wildschwein-gelb-braun\/#breadcrumb"},"inLanguage":"de","potentialAction":[{"@type":"ReadAction","target":["https:\/\/www.jootjeshaakcadeautjes.nl\/de\/produkt\/silikon-biene-figur-loewe-wildschwein-gelb-braun\/"]}]},{"@type":"ImageObject","inLanguage":"de","@id":"https:\/\/www.jootjeshaakcadeautjes.nl\/de\/produkt\/silikon-biene-figur-loewe-wildschwein-gelb-braun\/#primaryimage","url":"https:\/\/d1dyryakdmle7o.cloudfront.net\/wp-content\/uploads\/2020\/11\/20201121_211358.jpg","contentUrl":"https:\/\/d1dyryakdmle7o.cloudfront.net\/wp-content\/uploads\/2020\/11\/20201121_211358.jpg","width":1849,"height":1849},{"@type":"BreadcrumbList","@id":"https:\/\/www.jootjeshaakcadeautjes.nl\/de\/produkt\/silikon-biene-figur-loewe-wildschwein-gelb-braun\/#breadcrumb","itemListElement":[{"@type":"ListItem","position":1,"name":"Startseite","item":"https:\/\/www.jootjeshaakcadeautjes.nl\/de\/"},{"@type":"ListItem","position":2,"name":"Gro\u00dfhandel mit Silikonperlen &#8211; Business und Consumer","item":"https:\/\/www.jootjeshaakcadeautjes.nl\/de\/shop\/"},{"@type":"ListItem","position":3,"name":"Silikon-Zahnfigur &#8211; L\u00f6we &#8211; Ockergelb &#8211; Braun"}]},{"@type":"WebSite","@id":"https:\/\/www.jootjeshaakcadeautjes.nl\/de\/#website","url":"https:\/\/www.jootjeshaakcadeautjes.nl\/de\/","name":"Jootjes Haakcadeautjes","description":"Silikonperlen Gro\u00dfhandel ","publisher":{"@id":"https:\/\/www.jootjeshaakcadeautjes.nl\/de\/#organization"},"potentialAction":[{"@type":"SearchAction","target":{"@type":"EntryPoint","urlTemplate":"https:\/\/www.jootjeshaakcadeautjes.nl\/de\/?s={search_term_string}"},"query-input":{"@type":"PropertyValueSpecification","valueRequired":true,"valueName":"search_term_string"}}],"inLanguage":"de"},{"@type":"Organization","@id":"https:\/\/www.jootjeshaakcadeautjes.nl\/de\/#organization","name":"Jootjes Haakcadeautjes","url":"https:\/\/www.jootjeshaakcadeautjes.nl\/de\/","logo":{"@type":"ImageObject","inLanguage":"de","@id":"https:\/\/www.jootjeshaakcadeautjes.nl\/de\/#\/schema\/logo\/image\/","url":"https:\/\/d1dyryakdmle7o.cloudfront.net\/wp-content\/uploads\/2023\/05\/Logo-rond.png","contentUrl":"https:\/\/d1dyryakdmle7o.cloudfront.net\/wp-content\/uploads\/2023\/05\/Logo-rond.png","width":1222,"height":1222,"caption":"Jootjes Haakcadeautjes"},"image":{"@id":"https:\/\/www.jootjeshaakcadeautjes.nl\/de\/#\/schema\/logo\/image\/"}}]},"product_price_amount":"3.50","product_price_currency":"EUR","og_availability":"instock","product_availability":"instock","product_retailer_item_id":"SIL-LEE-OGB","product_condition":"new"},"_links":{"self":[{"href":"https:\/\/www.jootjeshaakcadeautjes.nl\/de\/wp-json\/wp\/v2\/product\/122243","targetHints":{"allow":["GET"]}}],"collection":[{"href":"https:\/\/www.jootjeshaakcadeautjes.nl\/de\/wp-json\/wp\/v2\/product"}],"about":[{"href":"https:\/\/www.jootjeshaakcadeautjes.nl\/de\/wp-json\/wp\/v2\/types\/product"}],"version-history":[{"count":0,"href":"https:\/\/www.jootjeshaakcadeautjes.nl\/de\/wp-json\/wp\/v2\/product\/122243\/revisions"}],"wp:featuredmedia":[{"embeddable":true,"href":"https:\/\/www.jootjeshaakcadeautjes.nl\/de\/wp-json\/wp\/v2\/media\/74443"}],"wp:attachment":[{"href":"https:\/\/www.jootjeshaakcadeautjes.nl\/de\/wp-json\/wp\/v2\/media?parent=122243"}],"wp:term":[{"taxonomy":"product_brand","embeddable":true,"href":"https:\/\/www.jootjeshaakcadeautjes.nl\/de\/wp-json\/wp\/v2\/product_brand?post=122243"},{"taxonomy":"product_cat","embeddable":true,"href":"https:\/\/www.jootjeshaakcadeautjes.nl\/de\/wp-json\/wp\/v2\/product_cat?post=122243"},{"taxonomy":"product_tag","embeddable":true,"href":"https:\/\/www.jootjeshaakcadeautjes.nl\/de\/wp-json\/wp\/v2\/product_tag?post=122243"}],"curies":[{"name":"wp","href":"https:\/\/api.w.org\/{rel}","templated":true}]}}