{"id":122257,"date":"2020-11-21T13:10:14","date_gmt":"2020-11-21T12:10:14","guid":{"rendered":"https:\/\/www.jootjeshaakcadeautjes.nl\/product\/holzperlen-geometrisches-facetten-hexagon-14-mm\/"},"modified":"2025-03-11T17:02:21","modified_gmt":"2025-03-11T16:02:21","slug":"holzperlen-geometrisches-facetten-hexagon-14-mm","status":"publish","type":"product","link":"https:\/\/www.jootjeshaakcadeautjes.nl\/de\/produkt\/holzperlen-geometrisches-facetten-hexagon-14-mm\/","title":{"rendered":"Holzperlen &#8211; 14 mm Sechseck &#8211; Ahorn"},"content":{"rendered":"<h3><span style=\"text-decoration: underline; color: #38002d;\"><strong>Holzperle Sechseck <span style=\"color: #38002d;\">geometrisch 14 mm<\/span><\/strong><\/span><\/h3>\n<p><span style=\"color: #000000;\">Die Holzperlen sind in sechseckiger\/geometrischer Form geschnitten. Die Holzperlen sind aus unbehandeltem, hellem Buchenholz gefertigt. Wenn Sie Holzperlen in Sechseckform w\u00e4hlen, erhalten Sie eine lustige Abwechslung f\u00fcr Ihre Kinderwagenschnur, Ihren Bei\u00dfring oder Ihre Schnullerschnur. Wir haben die Sechseck-Holzperlen in zwei Gr\u00f6\u00dfen. Diese 16-mm-Perlen und <a href=\"https:\/\/www.jootjeshaakcadeautjes.nl\/product\/houten-kralen-20-mm-geometrisch-facet\/\">die 20-mm-Sechskant-Perlen<\/a>.  <\/span><\/p>\n<p><span style=\"color: #000000;\">Die sechseckigen Holzperlen k\u00f6nnen manchmal minimale Abweichungen aufweisen, da sie aus nat\u00fcrlichem Material hergestellt sind. Wir recyceln die sechseckige Perle, sobald wir eine \u00fcberm\u00e4\u00dfige Abweichung feststellen. So k\u00f6nnen wir stets eine hohe Qualit\u00e4t unserer Produkte garantieren.<\/span><\/p>\n<p><span style=\"color: #000000;\">Vorsicht bei der Verwendung von sechseckigen Holzperlen in Baby- oder Kinderspielzeug. Buchenholz ist die beste Holzart f\u00fcr Kinderspielzeug, da es kaum splittert. Dennoch, i<\/span><span style=\"color: #000000;\">Weisen Sie die Eltern\/Gro\u00dfeltern\/Kunden an, das Produkt sorgf\u00e4ltig auf Abnutzung zu \u00fcberpr\u00fcfen. Es ist auch wichtig, die Schn\u00fcre, die zum Auff\u00e4deln der Perlen verwendet werden, regelm\u00e4\u00dfig auf Verschlei\u00df zu \u00fcberpr\u00fcfen. Daher sollten abgeschlossene Projekte nur unter Aufsicht von Erwachsenen verwendet werden. Jootjes Haakcadeautjes kontrolliert Ihr fertiges Projekt nicht und haftet daher in keiner Weise f\u00fcr Sch\u00e4den, die durch das fertige Produkt entstehen.  <\/span><\/p>\n<h3><span style=\"color: #38002d;\"><strong>Wof\u00fcr k\u00f6nnen Sie diese sechseckigen und geometrischen Holzperlen verwenden?<\/strong><\/span><\/h3>\n<p><span style=\"color: #000000;\">Die ovalen Holzperlen sind eine lustige Abwechslung in all Ihren selbstgemachten Projekten. Sie k\u00f6nnen diese Perlen f\u00fcr Bei\u00dfringe, Kinderwagenanh\u00e4nger, aber auch f\u00fcr die l\u00e4ngeren Clips f\u00fcr einen Schnuller, ein Spielzeug oder einen Bei\u00dfring verwenden. Diese Perlen \u00e4hneln den Perlen eines altmodischen Abakus. Wir stellen die Perlen aus rohem (nicht lackiertem, gebeiztem oder ge\u00f6ltem) Buchenholz her.  <\/span><\/p>\n<p>&nbsp;<\/p>\n","protected":false},"excerpt":{"rendered":"<p><span style=\"color: #000000;\"><small>Unbehandeltes Ahornholz.<br \/>\nGeometrisch geschnittene Sechseckform.<br \/>\nFormat 16 mm.<\/small><\/span><\/p>\n<p>&nbsp;<\/p>\n","protected":false},"featured_media":79966,"template":"","meta":[],"product_brand":[],"product_cat":[1187,4782,423,7827],"product_tag":[3928,3929,4784,75,513,512,46,237,74,6108,38,128,621],"class_list":{"0":"post-122257","1":"product","2":"type-product","3":"status-publish","4":"has-post-thumbnail","6":"product_cat-speenkoord-bijtring-wagenspanner-materialen-groothandel","7":"product_cat-esdoorn-houten-kralen-baby","8":"product_cat-houten-kralen-speenkoord-bijtring-baby","9":"product_cat-houten-kralen-macrame-haken","10":"product_tag-3928","11":"product_tag-14-mm","12":"product_tag-esdoorn","13":"product_tag-bijtring","14":"product_tag-facet","15":"product_tag-geometrisch","16":"product_tag-haken","17":"product_tag-haak","18":"product_tag-houten","19":"product_tag-macrame","20":"product_tag-mm","21":"product_tag-kralen","22":"product_tag-hexagon","24":"first","25":"instock","26":"taxable","27":"shipping-taxable","28":"purchasable","29":"product-type-simple"},"bundled_by":[],"bundle_stock_status":"instock","bundle_stock_quantity":6,"bundle_virtual":false,"bundle_layout":"","bundle_add_to_cart_form_location":"","bundle_editable_in_cart":false,"bundle_sold_individually_context":"","bundle_item_grouping":"","bundle_min_size":"","bundle_max_size":"","bundle_price":[],"bundled_items":[],"bundle_sell_ids":[],"yoast_head":"<!-- This site is optimized with the Yoast SEO Premium plugin v27.6 (Yoast SEO v27.6) - https:\/\/yoast.com\/product\/yoast-seo-premium-wordpress\/ -->\n<title>Holzperlen Sechseck\/geometrisch - Jootjes Crochet presents<\/title>\n<meta name=\"description\" content=\"Holzperlen Sechseck geometrisch 14 mm f\u00fcr Ihre Kinderwagenschnur, Bei\u00dfring oder Schnullerschnur. Sechseckige Perlen sind bei Bei\u00dfspielzeug sehr beliebt.\" \/>\n<meta name=\"robots\" content=\"index, follow, max-snippet:-1, max-image-preview:large, max-video-preview:-1\" \/>\n<link rel=\"canonical\" href=\"https:\/\/www.jootjeshaakcadeautjes.nl\/de\/produkt\/holzperlen-geometrisches-facetten-hexagon-14-mm\/\" \/>\n<meta property=\"og:locale\" content=\"de_DE\" \/>\n<meta property=\"og:type\" content=\"article\" \/>\n<meta property=\"og:title\" content=\"Holzperlen - 14 mm Sechseck - Ahorn\" \/>\n<meta property=\"og:description\" content=\"Holzperlen Sechseck geometrisch 14 mm f\u00fcr Ihre Kinderwagenschnur, Bei\u00dfring oder Schnullerschnur. Sechseckige Perlen sind bei Bei\u00dfspielzeug sehr beliebt.\" \/>\n<meta property=\"og:url\" content=\"https:\/\/www.jootjeshaakcadeautjes.nl\/de\/produkt\/holzperlen-geometrisches-facetten-hexagon-14-mm\/\" \/>\n<meta property=\"og:site_name\" content=\"Jootjes Haakcadeautjes\" \/>\n<meta property=\"article:modified_time\" content=\"2025-03-11T16:02:21+00:00\" \/>\n<meta property=\"og:image\" content=\"https:\/\/www.jootjeshaakcadeautjes.nl\/wp-content\/uploads\/2020\/11\/20200515_125623.jpg\" \/>\n\t<meta property=\"og:image:width\" content=\"1613\" \/>\n\t<meta property=\"og:image:height\" content=\"1613\" \/>\n\t<meta property=\"og:image:type\" content=\"image\/jpeg\" \/>\n<meta name=\"twitter:card\" content=\"summary_large_image\" \/>\n<meta name=\"twitter:label1\" content=\"Preis\" \/>\n\t<meta name=\"twitter:data1\" content=\"&euro;0.22 inkl. MwSt.\" \/>\n\t<meta name=\"twitter:label2\" content=\"Verf\u00fcgbarkeit\" \/>\n\t<meta name=\"twitter:data2\" content=\"Auf Lager\" \/>\n<script type=\"application\/ld+json\" class=\"yoast-schema-graph\">{\"@context\":\"https:\\\/\\\/schema.org\",\"@graph\":[{\"@type\":\"WebPage\",\"@id\":\"https:\\\/\\\/www.jootjeshaakcadeautjes.nl\\\/de\\\/produkt\\\/holzperlen-geometrisches-facetten-hexagon-14-mm\\\/\",\"url\":\"https:\\\/\\\/www.jootjeshaakcadeautjes.nl\\\/de\\\/produkt\\\/holzperlen-geometrisches-facetten-hexagon-14-mm\\\/\",\"name\":\"Holzperlen Sechseck\\\/geometrisch - Jootjes Crochet presents\",\"isPartOf\":{\"@id\":\"https:\\\/\\\/www.jootjeshaakcadeautjes.nl\\\/de\\\/#website\"},\"primaryImageOfPage\":{\"@id\":\"https:\\\/\\\/www.jootjeshaakcadeautjes.nl\\\/de\\\/produkt\\\/holzperlen-geometrisches-facetten-hexagon-14-mm\\\/#primaryimage\"},\"image\":{\"@id\":\"https:\\\/\\\/www.jootjeshaakcadeautjes.nl\\\/de\\\/produkt\\\/holzperlen-geometrisches-facetten-hexagon-14-mm\\\/#primaryimage\"},\"thumbnailUrl\":\"https:\\\/\\\/d1dyryakdmle7o.cloudfront.net\\\/wp-content\\\/uploads\\\/2020\\\/11\\\/20200515_125623.jpg\",\"datePublished\":\"2020-11-21T12:10:14+00:00\",\"dateModified\":\"2025-03-11T16:02:21+00:00\",\"description\":\"Holzperlen Sechseck geometrisch 14 mm f\u00fcr Ihre Kinderwagenschnur, Bei\u00dfring oder Schnullerschnur. Sechseckige Perlen sind bei Bei\u00dfspielzeug sehr beliebt.\",\"breadcrumb\":{\"@id\":\"https:\\\/\\\/www.jootjeshaakcadeautjes.nl\\\/de\\\/produkt\\\/holzperlen-geometrisches-facetten-hexagon-14-mm\\\/#breadcrumb\"},\"inLanguage\":\"de\",\"potentialAction\":[{\"@type\":\"ReadAction\",\"target\":[\"https:\\\/\\\/www.jootjeshaakcadeautjes.nl\\\/de\\\/produkt\\\/holzperlen-geometrisches-facetten-hexagon-14-mm\\\/\"]}]},{\"@type\":\"ImageObject\",\"inLanguage\":\"de\",\"@id\":\"https:\\\/\\\/www.jootjeshaakcadeautjes.nl\\\/de\\\/produkt\\\/holzperlen-geometrisches-facetten-hexagon-14-mm\\\/#primaryimage\",\"url\":\"https:\\\/\\\/d1dyryakdmle7o.cloudfront.net\\\/wp-content\\\/uploads\\\/2020\\\/11\\\/20200515_125623.jpg\",\"contentUrl\":\"https:\\\/\\\/d1dyryakdmle7o.cloudfront.net\\\/wp-content\\\/uploads\\\/2020\\\/11\\\/20200515_125623.jpg\",\"width\":1613,\"height\":1613,\"caption\":\"Ahorn Sechseck Gro\u00dfhandel Schnuller Schnur Holz Bei\u00dfring\"},{\"@type\":\"BreadcrumbList\",\"@id\":\"https:\\\/\\\/www.jootjeshaakcadeautjes.nl\\\/de\\\/produkt\\\/holzperlen-geometrisches-facetten-hexagon-14-mm\\\/#breadcrumb\",\"itemListElement\":[{\"@type\":\"ListItem\",\"position\":1,\"name\":\"Startseite\",\"item\":\"https:\\\/\\\/www.jootjeshaakcadeautjes.nl\\\/de\\\/\"},{\"@type\":\"ListItem\",\"position\":2,\"name\":\"Gro\u00dfhandel mit Silikonperlen &#8211; Business und Consumer\",\"item\":\"https:\\\/\\\/www.jootjeshaakcadeautjes.nl\\\/de\\\/shop\\\/\"},{\"@type\":\"ListItem\",\"position\":3,\"name\":\"Holzperlen &#8211; 14 mm Sechseck &#8211; Ahorn\"}]},{\"@type\":\"WebSite\",\"@id\":\"https:\\\/\\\/www.jootjeshaakcadeautjes.nl\\\/de\\\/#website\",\"url\":\"https:\\\/\\\/www.jootjeshaakcadeautjes.nl\\\/de\\\/\",\"name\":\"Jootjes Haakcadeautjes\",\"description\":\"Silikonperlen Gro\u00dfhandel \",\"publisher\":{\"@id\":\"https:\\\/\\\/www.jootjeshaakcadeautjes.nl\\\/de\\\/#organization\"},\"potentialAction\":[{\"@type\":\"SearchAction\",\"target\":{\"@type\":\"EntryPoint\",\"urlTemplate\":\"https:\\\/\\\/www.jootjeshaakcadeautjes.nl\\\/de\\\/?s={search_term_string}\"},\"query-input\":{\"@type\":\"PropertyValueSpecification\",\"valueRequired\":true,\"valueName\":\"search_term_string\"}}],\"inLanguage\":\"de\"},{\"@type\":\"Organization\",\"@id\":\"https:\\\/\\\/www.jootjeshaakcadeautjes.nl\\\/de\\\/#organization\",\"name\":\"Jootjes Haakcadeautjes\",\"url\":\"https:\\\/\\\/www.jootjeshaakcadeautjes.nl\\\/de\\\/\",\"logo\":{\"@type\":\"ImageObject\",\"inLanguage\":\"de\",\"@id\":\"https:\\\/\\\/www.jootjeshaakcadeautjes.nl\\\/de\\\/#\\\/schema\\\/logo\\\/image\\\/\",\"url\":\"https:\\\/\\\/d1dyryakdmle7o.cloudfront.net\\\/wp-content\\\/uploads\\\/2023\\\/05\\\/Logo-rond.png\",\"contentUrl\":\"https:\\\/\\\/d1dyryakdmle7o.cloudfront.net\\\/wp-content\\\/uploads\\\/2023\\\/05\\\/Logo-rond.png\",\"width\":1222,\"height\":1222,\"caption\":\"Jootjes Haakcadeautjes\"},\"image\":{\"@id\":\"https:\\\/\\\/www.jootjeshaakcadeautjes.nl\\\/de\\\/#\\\/schema\\\/logo\\\/image\\\/\"}}]}<\/script>\n<meta property=\"product:price:amount\" content=\"0.22\" \/>\n<meta property=\"product:price:currency\" content=\"EUR\" \/>\n<meta property=\"og:availability\" content=\"instock\" \/>\n<meta property=\"product:availability\" content=\"instock\" \/>\n<meta property=\"product:retailer_item_id\" content=\"HKR-HEX-014\" \/>\n<meta property=\"product:condition\" content=\"new\" \/>\n<!-- \/ Yoast SEO Premium plugin. -->","yoast_head_json":{"title":"Holzperlen Sechseck\/geometrisch - Jootjes Crochet presents","description":"Holzperlen Sechseck geometrisch 14 mm f\u00fcr Ihre Kinderwagenschnur, Bei\u00dfring oder Schnullerschnur. Sechseckige Perlen sind bei Bei\u00dfspielzeug sehr beliebt.","robots":{"index":"index","follow":"follow","max-snippet":"max-snippet:-1","max-image-preview":"max-image-preview:large","max-video-preview":"max-video-preview:-1"},"canonical":"https:\/\/www.jootjeshaakcadeautjes.nl\/de\/produkt\/holzperlen-geometrisches-facetten-hexagon-14-mm\/","og_locale":"de_DE","og_type":"article","og_title":"Holzperlen - 14 mm Sechseck - Ahorn","og_description":"Holzperlen Sechseck geometrisch 14 mm f\u00fcr Ihre Kinderwagenschnur, Bei\u00dfring oder Schnullerschnur. Sechseckige Perlen sind bei Bei\u00dfspielzeug sehr beliebt.","og_url":"https:\/\/www.jootjeshaakcadeautjes.nl\/de\/produkt\/holzperlen-geometrisches-facetten-hexagon-14-mm\/","og_site_name":"Jootjes Haakcadeautjes","article_modified_time":"2025-03-11T16:02:21+00:00","og_image":[{"width":1613,"height":1613,"url":"https:\/\/www.jootjeshaakcadeautjes.nl\/wp-content\/uploads\/2020\/11\/20200515_125623.jpg","type":"image\/jpeg"}],"twitter_card":"summary_large_image","twitter_misc":{"Preis":"&euro;0.22 inkl. MwSt.","Verf\u00fcgbarkeit":"Auf Lager"},"schema":{"@context":"https:\/\/schema.org","@graph":[{"@type":"WebPage","@id":"https:\/\/www.jootjeshaakcadeautjes.nl\/de\/produkt\/holzperlen-geometrisches-facetten-hexagon-14-mm\/","url":"https:\/\/www.jootjeshaakcadeautjes.nl\/de\/produkt\/holzperlen-geometrisches-facetten-hexagon-14-mm\/","name":"Holzperlen Sechseck\/geometrisch - Jootjes Crochet presents","isPartOf":{"@id":"https:\/\/www.jootjeshaakcadeautjes.nl\/de\/#website"},"primaryImageOfPage":{"@id":"https:\/\/www.jootjeshaakcadeautjes.nl\/de\/produkt\/holzperlen-geometrisches-facetten-hexagon-14-mm\/#primaryimage"},"image":{"@id":"https:\/\/www.jootjeshaakcadeautjes.nl\/de\/produkt\/holzperlen-geometrisches-facetten-hexagon-14-mm\/#primaryimage"},"thumbnailUrl":"https:\/\/d1dyryakdmle7o.cloudfront.net\/wp-content\/uploads\/2020\/11\/20200515_125623.jpg","datePublished":"2020-11-21T12:10:14+00:00","dateModified":"2025-03-11T16:02:21+00:00","description":"Holzperlen Sechseck geometrisch 14 mm f\u00fcr Ihre Kinderwagenschnur, Bei\u00dfring oder Schnullerschnur. Sechseckige Perlen sind bei Bei\u00dfspielzeug sehr beliebt.","breadcrumb":{"@id":"https:\/\/www.jootjeshaakcadeautjes.nl\/de\/produkt\/holzperlen-geometrisches-facetten-hexagon-14-mm\/#breadcrumb"},"inLanguage":"de","potentialAction":[{"@type":"ReadAction","target":["https:\/\/www.jootjeshaakcadeautjes.nl\/de\/produkt\/holzperlen-geometrisches-facetten-hexagon-14-mm\/"]}]},{"@type":"ImageObject","inLanguage":"de","@id":"https:\/\/www.jootjeshaakcadeautjes.nl\/de\/produkt\/holzperlen-geometrisches-facetten-hexagon-14-mm\/#primaryimage","url":"https:\/\/d1dyryakdmle7o.cloudfront.net\/wp-content\/uploads\/2020\/11\/20200515_125623.jpg","contentUrl":"https:\/\/d1dyryakdmle7o.cloudfront.net\/wp-content\/uploads\/2020\/11\/20200515_125623.jpg","width":1613,"height":1613,"caption":"Ahorn Sechseck Gro\u00dfhandel Schnuller Schnur Holz Bei\u00dfring"},{"@type":"BreadcrumbList","@id":"https:\/\/www.jootjeshaakcadeautjes.nl\/de\/produkt\/holzperlen-geometrisches-facetten-hexagon-14-mm\/#breadcrumb","itemListElement":[{"@type":"ListItem","position":1,"name":"Startseite","item":"https:\/\/www.jootjeshaakcadeautjes.nl\/de\/"},{"@type":"ListItem","position":2,"name":"Gro\u00dfhandel mit Silikonperlen &#8211; Business und Consumer","item":"https:\/\/www.jootjeshaakcadeautjes.nl\/de\/shop\/"},{"@type":"ListItem","position":3,"name":"Holzperlen &#8211; 14 mm Sechseck &#8211; Ahorn"}]},{"@type":"WebSite","@id":"https:\/\/www.jootjeshaakcadeautjes.nl\/de\/#website","url":"https:\/\/www.jootjeshaakcadeautjes.nl\/de\/","name":"Jootjes Haakcadeautjes","description":"Silikonperlen Gro\u00dfhandel ","publisher":{"@id":"https:\/\/www.jootjeshaakcadeautjes.nl\/de\/#organization"},"potentialAction":[{"@type":"SearchAction","target":{"@type":"EntryPoint","urlTemplate":"https:\/\/www.jootjeshaakcadeautjes.nl\/de\/?s={search_term_string}"},"query-input":{"@type":"PropertyValueSpecification","valueRequired":true,"valueName":"search_term_string"}}],"inLanguage":"de"},{"@type":"Organization","@id":"https:\/\/www.jootjeshaakcadeautjes.nl\/de\/#organization","name":"Jootjes Haakcadeautjes","url":"https:\/\/www.jootjeshaakcadeautjes.nl\/de\/","logo":{"@type":"ImageObject","inLanguage":"de","@id":"https:\/\/www.jootjeshaakcadeautjes.nl\/de\/#\/schema\/logo\/image\/","url":"https:\/\/d1dyryakdmle7o.cloudfront.net\/wp-content\/uploads\/2023\/05\/Logo-rond.png","contentUrl":"https:\/\/d1dyryakdmle7o.cloudfront.net\/wp-content\/uploads\/2023\/05\/Logo-rond.png","width":1222,"height":1222,"caption":"Jootjes Haakcadeautjes"},"image":{"@id":"https:\/\/www.jootjeshaakcadeautjes.nl\/de\/#\/schema\/logo\/image\/"}}]},"product_price_amount":"0.22","product_price_currency":"EUR","og_availability":"instock","product_availability":"instock","product_retailer_item_id":"HKR-HEX-014","product_condition":"new"},"_links":{"self":[{"href":"https:\/\/www.jootjeshaakcadeautjes.nl\/de\/wp-json\/wp\/v2\/product\/122257","targetHints":{"allow":["GET"]}}],"collection":[{"href":"https:\/\/www.jootjeshaakcadeautjes.nl\/de\/wp-json\/wp\/v2\/product"}],"about":[{"href":"https:\/\/www.jootjeshaakcadeautjes.nl\/de\/wp-json\/wp\/v2\/types\/product"}],"version-history":[{"count":0,"href":"https:\/\/www.jootjeshaakcadeautjes.nl\/de\/wp-json\/wp\/v2\/product\/122257\/revisions"}],"wp:featuredmedia":[{"embeddable":true,"href":"https:\/\/www.jootjeshaakcadeautjes.nl\/de\/wp-json\/wp\/v2\/media\/79966"}],"wp:attachment":[{"href":"https:\/\/www.jootjeshaakcadeautjes.nl\/de\/wp-json\/wp\/v2\/media?parent=122257"}],"wp:term":[{"taxonomy":"product_brand","embeddable":true,"href":"https:\/\/www.jootjeshaakcadeautjes.nl\/de\/wp-json\/wp\/v2\/product_brand?post=122257"},{"taxonomy":"product_cat","embeddable":true,"href":"https:\/\/www.jootjeshaakcadeautjes.nl\/de\/wp-json\/wp\/v2\/product_cat?post=122257"},{"taxonomy":"product_tag","embeddable":true,"href":"https:\/\/www.jootjeshaakcadeautjes.nl\/de\/wp-json\/wp\/v2\/product_tag?post=122257"}],"curies":[{"name":"wp","href":"https:\/\/api.w.org\/{rel}","templated":true}]}}