{"id":122264,"date":"2026-01-01T04:20:22","date_gmt":"2026-01-01T02:20:22","guid":{"rendered":"https:\/\/www.jootjeshaakcadeautjes.nl\/product\/holzperlen-herz-12-mm-quadrat\/"},"modified":"2026-04-20T10:47:16","modified_gmt":"2026-04-20T08:47:16","slug":"holzperlen-herz-12-mm-quadrat","status":"publish","type":"product","link":"https:\/\/www.jootjeshaakcadeautjes.nl\/de\/produkt\/holzperlen-herz-12-mm-quadrat\/","title":{"rendered":"Buchstabenperlen aus Holz &#8211; Graviertes Herz &#8211; Quadratisch &#8211; 12 mm &#8211; Pro St\u00fcck"},"content":{"rendered":"<h2>Buchstabenperlen aus Holz &#8211; Herz graviert &#8211; quadratisch &#8211; 12 mm &#8211; pro St\u00fcck verkauft<\/h2>\n<p><em>Produktspezifikationen:<\/em><\/p>\n<ul>\n<li><strong>Farbe:<\/strong> Holzwerkstoff, Buchenholz<\/li>\n<li><strong>Gr\u00f6\u00dfe:<\/strong> 12 mm x 12 mm<\/li>\n<li><strong>Typ:<\/strong> Vierseitige Gravur mit Holzherz. Ausrichtung horizontal (Loch von links nach rechts), genau wie unsere Holzbuchstabenperlen.<\/li>\n<li><strong>Sicherheit:<\/strong> BPA-, Phthalat-, PVC-, blei- und toxinfrei<\/li>\n<li><strong>Zertifizierung:<\/strong> Geeignet f\u00fcr CE-zertifizierte Endprodukte<\/li>\n<li><strong>Verf\u00fcgbarkeit:<\/strong> Einzeln erh\u00e4ltlich.<\/li>\n<\/ul>\n<p>Diese sch\u00f6nen Holzperlen mit Buchstaben bieten zahlreiche M\u00f6glichkeiten, Ihre handgefertigten Kreationen zu personalisieren. Diese Perlen eignen sich perfekt, um eine Schnullerschnur, einen Bei\u00dfring, einen Kinderwagenschieber oder eine Babygymnastik mit einem Namen zu versehen. Mit diesen Perlen ist es ganz einfach, ein einzigartiges und pers\u00f6nliches Geschenk f\u00fcr die Mutter zu kreieren oder Spielzeug f\u00fcr Ihr eigenes Kind herzustellen. Auch als Schl\u00fcsselanh\u00e4nger macht er viel Spa\u00df. Zum Beispiel mit einem Herz dazwischen. Denken Sie an eine Perle mit Mama und einem Herz, oder eine Perle mit einem Namen und einem Herz oder mit Buchstaben und einem Herz. Denken Sie an die Namen Ihrer Kinder.<\/p>\n<p>Kombinieren Sie sie m\u00fchelos mit unserem weiteren Sortiment an Holzperlen oder anderen Silikonperlen f\u00fcr endlose Gestaltungsm\u00f6glichkeiten.<\/p>\n<h3>Qualit\u00e4t und Sicherheit sind unsere Priorit\u00e4t:<\/h3>\n<p>Wir nehmen die Sicherheit unserer Produkte ernst. Alle Silikonmaterialien in unserem Sortiment sind BPA-frei und frei von Phthalaten. F\u00fcr die Herstellung dieser Buchstabenperlen werden keine sch\u00e4dlichen Stoffe verwendet. Dar\u00fcber hinaus werden alle unsere Holzprodukte aus FSC-zertifiziertem Holz hergestellt. Sie sind sowohl f\u00fcr S\u00e4uglinge als auch f\u00fcr \u00e4ltere Kinder geeignet, die das Bed\u00fcrfnis haben, auf etwas zu bei\u00dfen.<\/p>\n<p>Unsere Holzbuchstabenperlen sind alle:<\/p>\n<ul>\n<li><strong>BPA- und Phthalat-frei:<\/strong> Unsere Materialien sind garantiert frei von sch\u00e4dlichen Substanzen, so dass Sie sie bedenkenlos verwenden k\u00f6nnen, sogar f\u00fcr Babys.<\/li>\n<li><strong>CE-Zertifizierung:<\/strong> Diese Perlen sind chemisch getestet, absolut sicher und daher f\u00fcr CE-zertifizierte Endprodukte geeignet, wodurch sichergestellt wird, dass Sie mit hochwertigen Materialien arbeiten.<\/li>\n<li><strong>Langlebigkeit:<\/strong> Die Perlen sind robust und nutzen sich kaum ab, so dass Ihre Kreationen lange Zeit halten.<\/li>\n<li><strong>Leicht zu reinigen:<\/strong> Diese Holzperlen sind mit einem Schnurrbartreiniger leicht zu reinigen. Weichen Sie Holzperlen niemals in Wasser ein. Holz und Wasser vertragen sich nicht gut. Wenn Sie ein Produkt herstellen m\u00f6chten, das noch einfacher zu reinigen ist, w\u00e4hlen Sie eine unserer Silikon-Buchstabenperlen.<\/li>\n<\/ul>\n<h3>Warnung:<\/h3>\n<p>Obwohl unsere Perlen von hoher Qualit\u00e4t sind, ist es wichtig, dass Sie die Perlen immer sicher auff\u00e4deln und verknoten. \u00dcberpr\u00fcfen Sie Ihre handgefertigten Produkte regelm\u00e4\u00dfig auf Abnutzung und Verschlei\u00df. Jootjes Haakcadeautjes kontrolliert Ihre fertigen Produkte nicht und kann keine Verantwortung f\u00fcr Sch\u00e4den an den fertigen Produkten oder das L\u00f6sen von Teilen aufgrund von Verschlei\u00df \u00fcbernehmen. Wir empfehlen, handgefertigtes Bei\u00dfspielzeug nur unter Aufsicht von Erwachsenen zu verwenden, um gef\u00e4hrliche Situationen zu vermeiden.<\/p>\n","protected":false},"excerpt":{"rendered":"<p>Holzperlen Eingraviertes Herz<\/p>\n<ul>\n<li>Gr\u00f6\u00dfe: 12 mm<\/li>\n<li>Variante: Quadratisch mit eingraviertem Herz.<\/li>\n<li>Die Perle zeigt 4 Mal ein Herz.<\/li>\n<li>Die \u00d6ffnung hat einen Durchmesser von etwa 4 mm.<\/li>\n<\/ul>\n<p>Perfekt kombinierbar mit den Silikonbuchstabenperlen mit 12 mm Durchmesser.<\/p>\n","protected":false},"featured_media":68961,"template":"","meta":[],"product_brand":[],"product_cat":[8505,8765,7380,8764,8045],"product_tag":[7531,7550,7984,7510,8088,9543,7385,9114,7416,8261,7196,8046,7442,9424,7397,7199,8089,7499,7435],"class_list":{"0":"post-122264","1":"product","2":"type-product","3":"status-publish","4":"has-post-thumbnail","6":"product_cat-buchstabenperlen-schnullerschnur-und-beisring","7":"product_cat-buchstabenperlen-aus-holz-rund-und-quadratisch","8":"product_cat-herstellung-von-baby-beisspielzeug-materialien-fur-schnuller-und-beisringe","9":"product_cat-holzerne-buchstabenperlen","10":"product_cat-holzperlen-schnullerband-und-beisring-alle-holzperlen","11":"product_tag-12-de","12":"product_tag-12-mm-de","13":"product_tag-anhanger","14":"product_tag-baby-de","15":"product_tag-baby-turnhalle","16":"product_tag-babyspielzeug","17":"product_tag-beisring","18":"product_tag-fitnessstudio","19":"product_tag-gummischnur","20":"product_tag-herz-de","21":"product_tag-holz","22":"product_tag-holz-de","23":"product_tag-kinderwagenkette","24":"product_tag-maxi-cosi-de","25":"product_tag-mm-de","26":"product_tag-perlen","27":"product_tag-roh","28":"product_tag-taschenaufhanger","29":"product_tag-wulst","31":"first","32":"instock","33":"taxable","34":"shipping-taxable","35":"purchasable","36":"product-type-simple"},"bundled_by":[],"bundle_stock_status":"instock","bundle_stock_quantity":38,"bundle_virtual":false,"bundle_layout":"","bundle_add_to_cart_form_location":"","bundle_editable_in_cart":false,"bundle_sold_individually_context":"","bundle_item_grouping":"","bundle_min_size":"","bundle_max_size":"","bundle_price":[],"bundled_items":[],"bundle_sell_ids":[],"yoast_head":"<!-- This site is optimized with the Yoast SEO Premium plugin v27.6 (Yoast SEO v27.6) - https:\/\/yoast.com\/product\/yoast-seo-premium-wordpress\/ -->\n<title>Buchstabenperlen aus Holz - Graviertes Herz - Quadratisch - 12 mm - Pro St\u00fcck - Jootjes Haakcadeautjes<\/title>\n<meta name=\"description\" content=\"Holzperlen mit eingraviertem Herz von 12 mm Durchmesser. Holzperle f\u00fcr Bei\u00dfring, Kinderwagenkette, Taschenanh\u00e4nger, Schnullerkordel, Bei\u00dfring oder Maxi-Cosi-Anh\u00e4nger.\" \/>\n<meta name=\"robots\" content=\"index, follow, max-snippet:-1, max-image-preview:large, max-video-preview:-1\" \/>\n<link rel=\"canonical\" href=\"https:\/\/www.jootjeshaakcadeautjes.nl\/de\/produkt\/holzperlen-herz-12-mm-quadrat\/\" \/>\n<meta property=\"og:locale\" content=\"de_DE\" \/>\n<meta property=\"og:type\" content=\"article\" \/>\n<meta property=\"og:title\" content=\"Buchstabenperlen aus Holz - Graviertes Herz - Quadratisch - 12 mm - Pro St\u00fcck\" \/>\n<meta property=\"og:description\" content=\"Holzperlen mit eingraviertem Herz von 12 mm Durchmesser. Holzperle f\u00fcr Bei\u00dfring, Kinderwagenkette, Taschenanh\u00e4nger, Schnullerkordel, Bei\u00dfring oder Maxi-Cosi-Anh\u00e4nger.\" \/>\n<meta property=\"og:url\" content=\"https:\/\/www.jootjeshaakcadeautjes.nl\/de\/produkt\/holzperlen-herz-12-mm-quadrat\/\" \/>\n<meta property=\"og:site_name\" content=\"Jootjes Haakcadeautjes\" \/>\n<meta property=\"article:modified_time\" content=\"2026-04-20T08:47:16+00:00\" \/>\n<meta property=\"og:image\" content=\"https:\/\/d1dyryakdmle7o.cloudfront.net\/wp-content\/uploads\/2020\/04\/20200411_143931.jpg\" \/>\n\t<meta property=\"og:image:width\" content=\"578\" \/>\n\t<meta property=\"og:image:height\" content=\"578\" \/>\n\t<meta property=\"og:image:type\" content=\"image\/jpeg\" \/>\n<meta name=\"twitter:card\" content=\"summary_large_image\" \/>\n<meta name=\"twitter:label1\" content=\"Preis\" \/>\n\t<meta name=\"twitter:data1\" content=\"&euro;0.32 inkl. MwSt.\" \/>\n\t<meta name=\"twitter:label2\" content=\"Verf\u00fcgbarkeit\" \/>\n\t<meta name=\"twitter:data2\" content=\"Auf Lager\" \/>\n<script type=\"application\/ld+json\" class=\"yoast-schema-graph\">{\"@context\":\"https:\\\/\\\/schema.org\",\"@graph\":[{\"@type\":\"WebPage\",\"@id\":\"https:\\\/\\\/www.jootjeshaakcadeautjes.nl\\\/de\\\/produkt\\\/holzperlen-herz-12-mm-quadrat\\\/\",\"url\":\"https:\\\/\\\/www.jootjeshaakcadeautjes.nl\\\/de\\\/produkt\\\/holzperlen-herz-12-mm-quadrat\\\/\",\"name\":\"Buchstabenperlen aus Holz - Graviertes Herz - Quadratisch - 12 mm - Pro St\u00fcck - Jootjes Haakcadeautjes\",\"isPartOf\":{\"@id\":\"https:\\\/\\\/www.jootjeshaakcadeautjes.nl\\\/de\\\/#website\"},\"primaryImageOfPage\":{\"@id\":\"https:\\\/\\\/www.jootjeshaakcadeautjes.nl\\\/de\\\/produkt\\\/holzperlen-herz-12-mm-quadrat\\\/#primaryimage\"},\"image\":{\"@id\":\"https:\\\/\\\/www.jootjeshaakcadeautjes.nl\\\/de\\\/produkt\\\/holzperlen-herz-12-mm-quadrat\\\/#primaryimage\"},\"thumbnailUrl\":\"https:\\\/\\\/d1dyryakdmle7o.cloudfront.net\\\/wp-content\\\/uploads\\\/2020\\\/04\\\/20200411_143931.jpg\",\"datePublished\":\"2026-01-01T02:20:22+00:00\",\"dateModified\":\"2026-04-20T08:47:16+00:00\",\"description\":\"Holzperlen mit eingraviertem Herz von 12 mm Durchmesser. Holzperle f\u00fcr Bei\u00dfring, Kinderwagenkette, Taschenanh\u00e4nger, Schnullerkordel, Bei\u00dfring oder Maxi-Cosi-Anh\u00e4nger.\",\"breadcrumb\":{\"@id\":\"https:\\\/\\\/www.jootjeshaakcadeautjes.nl\\\/de\\\/produkt\\\/holzperlen-herz-12-mm-quadrat\\\/#breadcrumb\"},\"inLanguage\":\"de\",\"potentialAction\":[{\"@type\":\"ReadAction\",\"target\":[\"https:\\\/\\\/www.jootjeshaakcadeautjes.nl\\\/de\\\/produkt\\\/holzperlen-herz-12-mm-quadrat\\\/\"]}]},{\"@type\":\"ImageObject\",\"inLanguage\":\"de\",\"@id\":\"https:\\\/\\\/www.jootjeshaakcadeautjes.nl\\\/de\\\/produkt\\\/holzperlen-herz-12-mm-quadrat\\\/#primaryimage\",\"url\":\"https:\\\/\\\/d1dyryakdmle7o.cloudfront.net\\\/wp-content\\\/uploads\\\/2020\\\/04\\\/20200411_143931.jpg\",\"contentUrl\":\"https:\\\/\\\/d1dyryakdmle7o.cloudfront.net\\\/wp-content\\\/uploads\\\/2020\\\/04\\\/20200411_143931.jpg\",\"width\":578,\"height\":578,\"caption\":\"Holzperlen graviert Herz 12 mm Durchmesser\"},{\"@type\":\"BreadcrumbList\",\"@id\":\"https:\\\/\\\/www.jootjeshaakcadeautjes.nl\\\/de\\\/produkt\\\/holzperlen-herz-12-mm-quadrat\\\/#breadcrumb\",\"itemListElement\":[{\"@type\":\"ListItem\",\"position\":1,\"name\":\"Startseite\",\"item\":\"https:\\\/\\\/www.jootjeshaakcadeautjes.nl\\\/de\\\/\"},{\"@type\":\"ListItem\",\"position\":2,\"name\":\"Gro\u00dfhandel mit Silikonperlen &#8211; Business und Consumer\",\"item\":\"https:\\\/\\\/www.jootjeshaakcadeautjes.nl\\\/de\\\/shop\\\/\"},{\"@type\":\"ListItem\",\"position\":3,\"name\":\"Buchstabenperlen aus Holz &#8211; Graviertes Herz &#8211; Quadratisch &#8211; 12 mm &#8211; Pro St\u00fcck\"}]},{\"@type\":\"WebSite\",\"@id\":\"https:\\\/\\\/www.jootjeshaakcadeautjes.nl\\\/de\\\/#website\",\"url\":\"https:\\\/\\\/www.jootjeshaakcadeautjes.nl\\\/de\\\/\",\"name\":\"Jootjes Haakcadeautjes\",\"description\":\"Silikonperlen Gro\u00dfhandel \",\"publisher\":{\"@id\":\"https:\\\/\\\/www.jootjeshaakcadeautjes.nl\\\/de\\\/#organization\"},\"potentialAction\":[{\"@type\":\"SearchAction\",\"target\":{\"@type\":\"EntryPoint\",\"urlTemplate\":\"https:\\\/\\\/www.jootjeshaakcadeautjes.nl\\\/de\\\/?s={search_term_string}\"},\"query-input\":{\"@type\":\"PropertyValueSpecification\",\"valueRequired\":true,\"valueName\":\"search_term_string\"}}],\"inLanguage\":\"de\"},{\"@type\":\"Organization\",\"@id\":\"https:\\\/\\\/www.jootjeshaakcadeautjes.nl\\\/de\\\/#organization\",\"name\":\"Jootjes Haakcadeautjes\",\"url\":\"https:\\\/\\\/www.jootjeshaakcadeautjes.nl\\\/de\\\/\",\"logo\":{\"@type\":\"ImageObject\",\"inLanguage\":\"de\",\"@id\":\"https:\\\/\\\/www.jootjeshaakcadeautjes.nl\\\/de\\\/#\\\/schema\\\/logo\\\/image\\\/\",\"url\":\"https:\\\/\\\/d1dyryakdmle7o.cloudfront.net\\\/wp-content\\\/uploads\\\/2023\\\/05\\\/Logo-rond.png\",\"contentUrl\":\"https:\\\/\\\/d1dyryakdmle7o.cloudfront.net\\\/wp-content\\\/uploads\\\/2023\\\/05\\\/Logo-rond.png\",\"width\":1222,\"height\":1222,\"caption\":\"Jootjes Haakcadeautjes\"},\"image\":{\"@id\":\"https:\\\/\\\/www.jootjeshaakcadeautjes.nl\\\/de\\\/#\\\/schema\\\/logo\\\/image\\\/\"}}]}<\/script>\n<meta property=\"product:price:amount\" content=\"0.32\" \/>\n<meta property=\"product:price:currency\" content=\"EUR\" \/>\n<meta property=\"og:availability\" content=\"instock\" \/>\n<meta property=\"product:availability\" content=\"instock\" \/>\n<meta property=\"product:retailer_item_id\" content=\"HKR-HAR-012\" \/>\n<meta property=\"product:condition\" content=\"new\" \/>\n<!-- \/ Yoast SEO Premium plugin. -->","yoast_head_json":{"title":"Buchstabenperlen aus Holz - Graviertes Herz - Quadratisch - 12 mm - Pro St\u00fcck - Jootjes Haakcadeautjes","description":"Holzperlen mit eingraviertem Herz von 12 mm Durchmesser. Holzperle f\u00fcr Bei\u00dfring, Kinderwagenkette, Taschenanh\u00e4nger, Schnullerkordel, Bei\u00dfring oder Maxi-Cosi-Anh\u00e4nger.","robots":{"index":"index","follow":"follow","max-snippet":"max-snippet:-1","max-image-preview":"max-image-preview:large","max-video-preview":"max-video-preview:-1"},"canonical":"https:\/\/www.jootjeshaakcadeautjes.nl\/de\/produkt\/holzperlen-herz-12-mm-quadrat\/","og_locale":"de_DE","og_type":"article","og_title":"Buchstabenperlen aus Holz - Graviertes Herz - Quadratisch - 12 mm - Pro St\u00fcck","og_description":"Holzperlen mit eingraviertem Herz von 12 mm Durchmesser. Holzperle f\u00fcr Bei\u00dfring, Kinderwagenkette, Taschenanh\u00e4nger, Schnullerkordel, Bei\u00dfring oder Maxi-Cosi-Anh\u00e4nger.","og_url":"https:\/\/www.jootjeshaakcadeautjes.nl\/de\/produkt\/holzperlen-herz-12-mm-quadrat\/","og_site_name":"Jootjes Haakcadeautjes","article_modified_time":"2026-04-20T08:47:16+00:00","og_image":[{"width":578,"height":578,"url":"https:\/\/d1dyryakdmle7o.cloudfront.net\/wp-content\/uploads\/2020\/04\/20200411_143931.jpg","type":"image\/jpeg"}],"twitter_card":"summary_large_image","twitter_misc":{"Preis":"&euro;0.32 inkl. MwSt.","Verf\u00fcgbarkeit":"Auf Lager"},"schema":{"@context":"https:\/\/schema.org","@graph":[{"@type":"WebPage","@id":"https:\/\/www.jootjeshaakcadeautjes.nl\/de\/produkt\/holzperlen-herz-12-mm-quadrat\/","url":"https:\/\/www.jootjeshaakcadeautjes.nl\/de\/produkt\/holzperlen-herz-12-mm-quadrat\/","name":"Buchstabenperlen aus Holz - Graviertes Herz - Quadratisch - 12 mm - Pro St\u00fcck - Jootjes Haakcadeautjes","isPartOf":{"@id":"https:\/\/www.jootjeshaakcadeautjes.nl\/de\/#website"},"primaryImageOfPage":{"@id":"https:\/\/www.jootjeshaakcadeautjes.nl\/de\/produkt\/holzperlen-herz-12-mm-quadrat\/#primaryimage"},"image":{"@id":"https:\/\/www.jootjeshaakcadeautjes.nl\/de\/produkt\/holzperlen-herz-12-mm-quadrat\/#primaryimage"},"thumbnailUrl":"https:\/\/d1dyryakdmle7o.cloudfront.net\/wp-content\/uploads\/2020\/04\/20200411_143931.jpg","datePublished":"2026-01-01T02:20:22+00:00","dateModified":"2026-04-20T08:47:16+00:00","description":"Holzperlen mit eingraviertem Herz von 12 mm Durchmesser. Holzperle f\u00fcr Bei\u00dfring, Kinderwagenkette, Taschenanh\u00e4nger, Schnullerkordel, Bei\u00dfring oder Maxi-Cosi-Anh\u00e4nger.","breadcrumb":{"@id":"https:\/\/www.jootjeshaakcadeautjes.nl\/de\/produkt\/holzperlen-herz-12-mm-quadrat\/#breadcrumb"},"inLanguage":"de","potentialAction":[{"@type":"ReadAction","target":["https:\/\/www.jootjeshaakcadeautjes.nl\/de\/produkt\/holzperlen-herz-12-mm-quadrat\/"]}]},{"@type":"ImageObject","inLanguage":"de","@id":"https:\/\/www.jootjeshaakcadeautjes.nl\/de\/produkt\/holzperlen-herz-12-mm-quadrat\/#primaryimage","url":"https:\/\/d1dyryakdmle7o.cloudfront.net\/wp-content\/uploads\/2020\/04\/20200411_143931.jpg","contentUrl":"https:\/\/d1dyryakdmle7o.cloudfront.net\/wp-content\/uploads\/2020\/04\/20200411_143931.jpg","width":578,"height":578,"caption":"Holzperlen graviert Herz 12 mm Durchmesser"},{"@type":"BreadcrumbList","@id":"https:\/\/www.jootjeshaakcadeautjes.nl\/de\/produkt\/holzperlen-herz-12-mm-quadrat\/#breadcrumb","itemListElement":[{"@type":"ListItem","position":1,"name":"Startseite","item":"https:\/\/www.jootjeshaakcadeautjes.nl\/de\/"},{"@type":"ListItem","position":2,"name":"Gro\u00dfhandel mit Silikonperlen &#8211; Business und Consumer","item":"https:\/\/www.jootjeshaakcadeautjes.nl\/de\/shop\/"},{"@type":"ListItem","position":3,"name":"Buchstabenperlen aus Holz &#8211; Graviertes Herz &#8211; Quadratisch &#8211; 12 mm &#8211; Pro St\u00fcck"}]},{"@type":"WebSite","@id":"https:\/\/www.jootjeshaakcadeautjes.nl\/de\/#website","url":"https:\/\/www.jootjeshaakcadeautjes.nl\/de\/","name":"Jootjes Haakcadeautjes","description":"Silikonperlen Gro\u00dfhandel ","publisher":{"@id":"https:\/\/www.jootjeshaakcadeautjes.nl\/de\/#organization"},"potentialAction":[{"@type":"SearchAction","target":{"@type":"EntryPoint","urlTemplate":"https:\/\/www.jootjeshaakcadeautjes.nl\/de\/?s={search_term_string}"},"query-input":{"@type":"PropertyValueSpecification","valueRequired":true,"valueName":"search_term_string"}}],"inLanguage":"de"},{"@type":"Organization","@id":"https:\/\/www.jootjeshaakcadeautjes.nl\/de\/#organization","name":"Jootjes Haakcadeautjes","url":"https:\/\/www.jootjeshaakcadeautjes.nl\/de\/","logo":{"@type":"ImageObject","inLanguage":"de","@id":"https:\/\/www.jootjeshaakcadeautjes.nl\/de\/#\/schema\/logo\/image\/","url":"https:\/\/d1dyryakdmle7o.cloudfront.net\/wp-content\/uploads\/2023\/05\/Logo-rond.png","contentUrl":"https:\/\/d1dyryakdmle7o.cloudfront.net\/wp-content\/uploads\/2023\/05\/Logo-rond.png","width":1222,"height":1222,"caption":"Jootjes Haakcadeautjes"},"image":{"@id":"https:\/\/www.jootjeshaakcadeautjes.nl\/de\/#\/schema\/logo\/image\/"}}]},"product_price_amount":"0.32","product_price_currency":"EUR","og_availability":"instock","product_availability":"instock","product_retailer_item_id":"HKR-HAR-012","product_condition":"new"},"_links":{"self":[{"href":"https:\/\/www.jootjeshaakcadeautjes.nl\/de\/wp-json\/wp\/v2\/product\/122264","targetHints":{"allow":["GET"]}}],"collection":[{"href":"https:\/\/www.jootjeshaakcadeautjes.nl\/de\/wp-json\/wp\/v2\/product"}],"about":[{"href":"https:\/\/www.jootjeshaakcadeautjes.nl\/de\/wp-json\/wp\/v2\/types\/product"}],"version-history":[{"count":1,"href":"https:\/\/www.jootjeshaakcadeautjes.nl\/de\/wp-json\/wp\/v2\/product\/122264\/revisions"}],"predecessor-version":[{"id":278976,"href":"https:\/\/www.jootjeshaakcadeautjes.nl\/de\/wp-json\/wp\/v2\/product\/122264\/revisions\/278976"}],"wp:featuredmedia":[{"embeddable":true,"href":"https:\/\/www.jootjeshaakcadeautjes.nl\/de\/wp-json\/wp\/v2\/media\/68961"}],"wp:attachment":[{"href":"https:\/\/www.jootjeshaakcadeautjes.nl\/de\/wp-json\/wp\/v2\/media?parent=122264"}],"wp:term":[{"taxonomy":"product_brand","embeddable":true,"href":"https:\/\/www.jootjeshaakcadeautjes.nl\/de\/wp-json\/wp\/v2\/product_brand?post=122264"},{"taxonomy":"product_cat","embeddable":true,"href":"https:\/\/www.jootjeshaakcadeautjes.nl\/de\/wp-json\/wp\/v2\/product_cat?post=122264"},{"taxonomy":"product_tag","embeddable":true,"href":"https:\/\/www.jootjeshaakcadeautjes.nl\/de\/wp-json\/wp\/v2\/product_tag?post=122264"}],"curies":[{"name":"wp","href":"https:\/\/api.w.org\/{rel}","templated":true}]}}