{"id":122267,"date":"2020-11-21T12:10:29","date_gmt":"2020-11-21T11:10:29","guid":{"rendered":"https:\/\/www.jootjeshaakcadeautjes.nl\/product\/holzperlen-hexagon-16-mm-buchenholz\/"},"modified":"2025-10-05T22:15:45","modified_gmt":"2025-10-05T20:15:45","slug":"holzperlen-hexagon-16-mm-buchenholz","status":"publish","type":"product","link":"https:\/\/www.jootjeshaakcadeautjes.nl\/de\/produkt\/holzperlen-hexagon-16-mm-buchenholz\/","title":{"rendered":"Holzperle &#8211; 16 mm Sechseck &#8211; Buchenholz"},"content":{"rendered":"<h2><span style=\"text-decoration: underline; color: #38002d;\"><br \/>\n  <strong>Holzperle Sechseck <span style=\"color: #38002d;\">geometrisch<\/span><\/strong><br \/>\n<\/span><span style=\"text-decoration: underline;\"> <strong style=\"color: #38002d; font-size: 24px; text-decoration: underline;\">16 mm <\/strong><\/span> <\/h2>\n<p><span style=\"color: #000000;\">Diese Buchenholzperlen sind in sechseckiger\/geometrischer Form geschliffen. Die Holzperlen sind aus unbehandeltem, hellem Buchenholz gefertigt. Wenn Sie Holzperlen in Sechseckform w\u00e4hlen, erhalten Sie eine lustige Abwechslung f\u00fcr Ihre Kinderwagenschnur, Ihren Bei\u00dfring oder Ihre Schnullerschnur. Wir haben die Sechseck-Holzperlen in drei Gr\u00f6\u00dfen. Diese Perlen von 12 mm , <a href=\"https:\/\/www.jootjeshaakcadeautjes.nl\/product\/houten-kralen-hexagon-geometrisch-facet-16-mm\/\">in 16 mm<\/a> und <a href=\"https:\/\/www.jootjeshaakcadeautjes.nl\/product\/houten-kralen-20-mm-geometrisch-facet\/\">die sechseckigen Perlen von 20 mm<\/a>.  <\/span><\/p>\n<p><span style=\"color: #000000;\">Die sechseckigen Holzperlen k\u00f6nnen manchmal minimale Abweichungen aufweisen, da sie aus nat\u00fcrlichem Material hergestellt sind. Wir recyceln die sechseckige Perle, sobald wir eine \u00fcberm\u00e4\u00dfige Abweichung feststellen. So k\u00f6nnen wir stets eine hohe Qualit\u00e4t unserer Produkte garantieren.<\/span><\/p>\n<p><span style=\"color: #000000;\">Vorsicht bei der Verwendung von sechseckigen Holzperlen in Baby- oder Kinderspielzeug. Buchenholz ist die beste Holzart f\u00fcr Kinderspielzeug, da es kaum splittert. Dennoch, i<\/span><span style=\"color: #000000;\">Weisen Sie die Eltern\/Gro\u00dfeltern\/Kunden an, das Produkt sorgf\u00e4ltig auf Abnutzung zu \u00fcberpr\u00fcfen. Es ist auch wichtig, die Schn\u00fcre, die zum Auff\u00e4deln der Perlen verwendet werden, regelm\u00e4\u00dfig auf Verschlei\u00df zu \u00fcberpr\u00fcfen. Daher sollten abgeschlossene Projekte nur unter Aufsicht von Erwachsenen verwendet werden. Jootjes Haakcadeautjes kontrolliert Ihr fertiges Projekt nicht und haftet daher in keiner Weise f\u00fcr Sch\u00e4den, die durch das fertige Produkt entstehen.  <\/span><\/p>\n<h3><span style=\"color: #38002d;\"><strong>Wof\u00fcr k\u00f6nnen Sie diese sechseckigen und geometrischen Holzperlen verwenden?<\/strong><\/span><\/h3>\n<p><span style=\"color: #000000;\">Die ovalen Holzperlen sind eine lustige Abwechslung in all Ihren selbstgemachten Projekten. Sie k\u00f6nnen diese Perlen f\u00fcr Bei\u00dfringe, Kinderwagenanh\u00e4nger, aber auch f\u00fcr die l\u00e4ngeren Clips f\u00fcr einen Schnuller, ein Spielzeug oder einen Bei\u00dfring verwenden. Diese Perlen \u00e4hneln den Perlen eines altmodischen Abakus. Wir stellen die Perlen aus rohem (nicht lackiertem, gebeiztem oder ge\u00f6ltem) Buchenholz her.  <\/span><\/p>\n<p>&nbsp;<\/p>\n","protected":false},"excerpt":{"rendered":"<h2>Holzperlen geometrisch sechseckig facettiert 16 mm<\/h2>\n<p>Unbehandeltes, poliertes Buchenholz.<br \/>\nGeometrisch geschnittene Sechseckform.<br \/>\nFormat 16 mm.<\/p>\n<p>&nbsp;<\/p>\n","protected":false},"featured_media":69987,"template":"","meta":[],"product_brand":[],"product_cat":[7380,9404,8045,9405],"product_tag":[7685,7681,7385,9410,8047,8564,9406,7410,7416,7196,9341,7986,7442,7397,7199,8089,7434,7520,9408,9409],"class_list":{"0":"post-122267","1":"product","2":"type-product","3":"status-publish","4":"has-post-thumbnail","6":"product_cat-herstellung-von-baby-beisspielzeug-materialien-fur-schnuller-und-beisringe","7":"product_cat-holzperlen-buchenholz-schnullerschnur-und-beisring","8":"product_cat-holzperlen-schnullerband-und-beisring-alle-holzperlen","9":"product_cat-holzperlen-fur-makramee-und-hakeln","10":"product_tag-16-de","11":"product_tag-16-mm-de","12":"product_tag-beisring","13":"product_tag-buche-de","14":"product_tag-buche","15":"product_tag-buchenholz-de","16":"product_tag-facette","17":"product_tag-geometrisch-de","18":"product_tag-gummischnur","19":"product_tag-holz","20":"product_tag-kinderfreundlich","21":"product_tag-kindersicher","22":"product_tag-kinderwagenkette","23":"product_tag-mm-de","24":"product_tag-perlen","25":"product_tag-roh","26":"product_tag-sechseck","27":"product_tag-sicher","28":"product_tag-unbehandelt","29":"product_tag-ungiftig","31":"first","32":"instock","33":"taxable","34":"shipping-taxable","35":"purchasable","36":"product-type-simple"},"bundled_by":[],"bundle_stock_status":"instock","bundle_stock_quantity":435,"bundle_virtual":false,"bundle_layout":"","bundle_add_to_cart_form_location":"","bundle_editable_in_cart":false,"bundle_sold_individually_context":"","bundle_item_grouping":"","bundle_min_size":"","bundle_max_size":"","bundle_price":[],"bundled_items":[],"bundle_sell_ids":[],"yoast_head":"<!-- This site is optimized with the Yoast SEO Premium plugin v27.6 (Yoast SEO v27.6) - https:\/\/yoast.com\/product\/yoast-seo-premium-wordpress\/ -->\n<title>Buchenholz Sechseck Perle sicher - JootjesHaakcadeaux - Gro\u00dfhandel<\/title>\n<meta name=\"description\" content=\"Buchenholzperlen sechseckig geometrisch kleiner Gr\u00f6\u00dfe 16 mm f\u00fcr Ihre Kinderwagenschnur, Bei\u00dfring oder Schnullerschnur. Sechseckige Perlen eignen sich hervorragend als Bei\u00dfspielzeug.\" \/>\n<meta name=\"robots\" content=\"index, follow, max-snippet:-1, max-image-preview:large, max-video-preview:-1\" \/>\n<link rel=\"canonical\" href=\"https:\/\/www.jootjeshaakcadeautjes.nl\/de\/produkt\/holzperlen-hexagon-16-mm-buchenholz\/\" \/>\n<meta property=\"og:locale\" content=\"de_DE\" \/>\n<meta property=\"og:type\" content=\"article\" \/>\n<meta property=\"og:title\" content=\"Holzperle - 16 mm Sechseck - Buchenholz\" \/>\n<meta property=\"og:description\" content=\"Buchenholzperlen sechseckig geometrisch kleiner Gr\u00f6\u00dfe 16 mm f\u00fcr Ihre Kinderwagenschnur, Bei\u00dfring oder Schnullerschnur. Sechseckige Perlen eignen sich hervorragend als Bei\u00dfspielzeug.\" \/>\n<meta property=\"og:url\" content=\"https:\/\/www.jootjeshaakcadeautjes.nl\/de\/produkt\/holzperlen-hexagon-16-mm-buchenholz\/\" \/>\n<meta property=\"og:site_name\" content=\"Jootjes Haakcadeautjes\" \/>\n<meta property=\"article:modified_time\" content=\"2025-10-05T20:15:45+00:00\" \/>\n<meta property=\"og:image\" content=\"https:\/\/www.jootjeshaakcadeautjes.nl\/wp-content\/uploads\/2020\/06\/20200608_210119.jpg\" \/>\n\t<meta property=\"og:image:width\" content=\"946\" \/>\n\t<meta property=\"og:image:height\" content=\"945\" \/>\n\t<meta property=\"og:image:type\" content=\"image\/jpeg\" \/>\n<meta name=\"twitter:card\" content=\"summary_large_image\" \/>\n<meta name=\"twitter:label1\" content=\"Preis\" \/>\n\t<meta name=\"twitter:data1\" content=\"&euro;0.35 inkl. MwSt.\" \/>\n\t<meta name=\"twitter:label2\" content=\"Verf\u00fcgbarkeit\" \/>\n\t<meta name=\"twitter:data2\" content=\"Auf Lager\" \/>\n<script type=\"application\/ld+json\" class=\"yoast-schema-graph\">{\"@context\":\"https:\\\/\\\/schema.org\",\"@graph\":[{\"@type\":\"WebPage\",\"@id\":\"https:\\\/\\\/www.jootjeshaakcadeautjes.nl\\\/de\\\/produkt\\\/holzperlen-hexagon-16-mm-buchenholz\\\/\",\"url\":\"https:\\\/\\\/www.jootjeshaakcadeautjes.nl\\\/de\\\/produkt\\\/holzperlen-hexagon-16-mm-buchenholz\\\/\",\"name\":\"Buchenholz Sechseck Perle sicher - JootjesHaakcadeaux - Gro\u00dfhandel\",\"isPartOf\":{\"@id\":\"https:\\\/\\\/www.jootjeshaakcadeautjes.nl\\\/de\\\/#website\"},\"primaryImageOfPage\":{\"@id\":\"https:\\\/\\\/www.jootjeshaakcadeautjes.nl\\\/de\\\/produkt\\\/holzperlen-hexagon-16-mm-buchenholz\\\/#primaryimage\"},\"image\":{\"@id\":\"https:\\\/\\\/www.jootjeshaakcadeautjes.nl\\\/de\\\/produkt\\\/holzperlen-hexagon-16-mm-buchenholz\\\/#primaryimage\"},\"thumbnailUrl\":\"https:\\\/\\\/d1dyryakdmle7o.cloudfront.net\\\/wp-content\\\/uploads\\\/2020\\\/06\\\/20200608_210119.jpg\",\"datePublished\":\"2020-11-21T11:10:29+00:00\",\"dateModified\":\"2025-10-05T20:15:45+00:00\",\"description\":\"Buchenholzperlen sechseckig geometrisch kleiner Gr\u00f6\u00dfe 16 mm f\u00fcr Ihre Kinderwagenschnur, Bei\u00dfring oder Schnullerschnur. Sechseckige Perlen eignen sich hervorragend als Bei\u00dfspielzeug.\",\"breadcrumb\":{\"@id\":\"https:\\\/\\\/www.jootjeshaakcadeautjes.nl\\\/de\\\/produkt\\\/holzperlen-hexagon-16-mm-buchenholz\\\/#breadcrumb\"},\"inLanguage\":\"de\",\"potentialAction\":[{\"@type\":\"ReadAction\",\"target\":[\"https:\\\/\\\/www.jootjeshaakcadeautjes.nl\\\/de\\\/produkt\\\/holzperlen-hexagon-16-mm-buchenholz\\\/\"]}]},{\"@type\":\"ImageObject\",\"inLanguage\":\"de\",\"@id\":\"https:\\\/\\\/www.jootjeshaakcadeautjes.nl\\\/de\\\/produkt\\\/holzperlen-hexagon-16-mm-buchenholz\\\/#primaryimage\",\"url\":\"https:\\\/\\\/d1dyryakdmle7o.cloudfront.net\\\/wp-content\\\/uploads\\\/2020\\\/06\\\/20200608_210119.jpg\",\"contentUrl\":\"https:\\\/\\\/d1dyryakdmle7o.cloudfront.net\\\/wp-content\\\/uploads\\\/2020\\\/06\\\/20200608_210119.jpg\",\"width\":946,\"height\":945,\"caption\":\"Buche Perlen 16 mm Sechseck Bei\u00dfspielzeug CE NEN Zertifizierung sicher Baby Kinderwagen Bei\u00dfring\"},{\"@type\":\"BreadcrumbList\",\"@id\":\"https:\\\/\\\/www.jootjeshaakcadeautjes.nl\\\/de\\\/produkt\\\/holzperlen-hexagon-16-mm-buchenholz\\\/#breadcrumb\",\"itemListElement\":[{\"@type\":\"ListItem\",\"position\":1,\"name\":\"Startseite\",\"item\":\"https:\\\/\\\/www.jootjeshaakcadeautjes.nl\\\/de\\\/\"},{\"@type\":\"ListItem\",\"position\":2,\"name\":\"Gro\u00dfhandel mit Silikonperlen &#8211; Business und Consumer\",\"item\":\"https:\\\/\\\/www.jootjeshaakcadeautjes.nl\\\/de\\\/shop\\\/\"},{\"@type\":\"ListItem\",\"position\":3,\"name\":\"Holzperle &#8211; 16 mm Sechseck &#8211; Buchenholz\"}]},{\"@type\":\"WebSite\",\"@id\":\"https:\\\/\\\/www.jootjeshaakcadeautjes.nl\\\/de\\\/#website\",\"url\":\"https:\\\/\\\/www.jootjeshaakcadeautjes.nl\\\/de\\\/\",\"name\":\"Jootjes Haakcadeautjes\",\"description\":\"Silikonperlen Gro\u00dfhandel \",\"publisher\":{\"@id\":\"https:\\\/\\\/www.jootjeshaakcadeautjes.nl\\\/de\\\/#organization\"},\"potentialAction\":[{\"@type\":\"SearchAction\",\"target\":{\"@type\":\"EntryPoint\",\"urlTemplate\":\"https:\\\/\\\/www.jootjeshaakcadeautjes.nl\\\/de\\\/?s={search_term_string}\"},\"query-input\":{\"@type\":\"PropertyValueSpecification\",\"valueRequired\":true,\"valueName\":\"search_term_string\"}}],\"inLanguage\":\"de\"},{\"@type\":\"Organization\",\"@id\":\"https:\\\/\\\/www.jootjeshaakcadeautjes.nl\\\/de\\\/#organization\",\"name\":\"Jootjes Haakcadeautjes\",\"url\":\"https:\\\/\\\/www.jootjeshaakcadeautjes.nl\\\/de\\\/\",\"logo\":{\"@type\":\"ImageObject\",\"inLanguage\":\"de\",\"@id\":\"https:\\\/\\\/www.jootjeshaakcadeautjes.nl\\\/de\\\/#\\\/schema\\\/logo\\\/image\\\/\",\"url\":\"https:\\\/\\\/d1dyryakdmle7o.cloudfront.net\\\/wp-content\\\/uploads\\\/2023\\\/05\\\/Logo-rond.png\",\"contentUrl\":\"https:\\\/\\\/d1dyryakdmle7o.cloudfront.net\\\/wp-content\\\/uploads\\\/2023\\\/05\\\/Logo-rond.png\",\"width\":1222,\"height\":1222,\"caption\":\"Jootjes Haakcadeautjes\"},\"image\":{\"@id\":\"https:\\\/\\\/www.jootjeshaakcadeautjes.nl\\\/de\\\/#\\\/schema\\\/logo\\\/image\\\/\"}}]}<\/script>\n<meta property=\"product:price:amount\" content=\"0.35\" \/>\n<meta property=\"product:price:currency\" content=\"EUR\" \/>\n<meta property=\"og:availability\" content=\"instock\" \/>\n<meta property=\"product:availability\" content=\"instock\" \/>\n<meta property=\"product:retailer_item_id\" content=\"BHO-HEX-016\" \/>\n<meta property=\"product:condition\" content=\"new\" \/>\n<!-- \/ Yoast SEO Premium plugin. -->","yoast_head_json":{"title":"Buchenholz Sechseck Perle sicher - JootjesHaakcadeaux - Gro\u00dfhandel","description":"Buchenholzperlen sechseckig geometrisch kleiner Gr\u00f6\u00dfe 16 mm f\u00fcr Ihre Kinderwagenschnur, Bei\u00dfring oder Schnullerschnur. Sechseckige Perlen eignen sich hervorragend als Bei\u00dfspielzeug.","robots":{"index":"index","follow":"follow","max-snippet":"max-snippet:-1","max-image-preview":"max-image-preview:large","max-video-preview":"max-video-preview:-1"},"canonical":"https:\/\/www.jootjeshaakcadeautjes.nl\/de\/produkt\/holzperlen-hexagon-16-mm-buchenholz\/","og_locale":"de_DE","og_type":"article","og_title":"Holzperle - 16 mm Sechseck - Buchenholz","og_description":"Buchenholzperlen sechseckig geometrisch kleiner Gr\u00f6\u00dfe 16 mm f\u00fcr Ihre Kinderwagenschnur, Bei\u00dfring oder Schnullerschnur. Sechseckige Perlen eignen sich hervorragend als Bei\u00dfspielzeug.","og_url":"https:\/\/www.jootjeshaakcadeautjes.nl\/de\/produkt\/holzperlen-hexagon-16-mm-buchenholz\/","og_site_name":"Jootjes Haakcadeautjes","article_modified_time":"2025-10-05T20:15:45+00:00","og_image":[{"width":946,"height":945,"url":"https:\/\/www.jootjeshaakcadeautjes.nl\/wp-content\/uploads\/2020\/06\/20200608_210119.jpg","type":"image\/jpeg"}],"twitter_card":"summary_large_image","twitter_misc":{"Preis":"&euro;0.35 inkl. MwSt.","Verf\u00fcgbarkeit":"Auf Lager"},"schema":{"@context":"https:\/\/schema.org","@graph":[{"@type":"WebPage","@id":"https:\/\/www.jootjeshaakcadeautjes.nl\/de\/produkt\/holzperlen-hexagon-16-mm-buchenholz\/","url":"https:\/\/www.jootjeshaakcadeautjes.nl\/de\/produkt\/holzperlen-hexagon-16-mm-buchenholz\/","name":"Buchenholz Sechseck Perle sicher - JootjesHaakcadeaux - Gro\u00dfhandel","isPartOf":{"@id":"https:\/\/www.jootjeshaakcadeautjes.nl\/de\/#website"},"primaryImageOfPage":{"@id":"https:\/\/www.jootjeshaakcadeautjes.nl\/de\/produkt\/holzperlen-hexagon-16-mm-buchenholz\/#primaryimage"},"image":{"@id":"https:\/\/www.jootjeshaakcadeautjes.nl\/de\/produkt\/holzperlen-hexagon-16-mm-buchenholz\/#primaryimage"},"thumbnailUrl":"https:\/\/d1dyryakdmle7o.cloudfront.net\/wp-content\/uploads\/2020\/06\/20200608_210119.jpg","datePublished":"2020-11-21T11:10:29+00:00","dateModified":"2025-10-05T20:15:45+00:00","description":"Buchenholzperlen sechseckig geometrisch kleiner Gr\u00f6\u00dfe 16 mm f\u00fcr Ihre Kinderwagenschnur, Bei\u00dfring oder Schnullerschnur. Sechseckige Perlen eignen sich hervorragend als Bei\u00dfspielzeug.","breadcrumb":{"@id":"https:\/\/www.jootjeshaakcadeautjes.nl\/de\/produkt\/holzperlen-hexagon-16-mm-buchenholz\/#breadcrumb"},"inLanguage":"de","potentialAction":[{"@type":"ReadAction","target":["https:\/\/www.jootjeshaakcadeautjes.nl\/de\/produkt\/holzperlen-hexagon-16-mm-buchenholz\/"]}]},{"@type":"ImageObject","inLanguage":"de","@id":"https:\/\/www.jootjeshaakcadeautjes.nl\/de\/produkt\/holzperlen-hexagon-16-mm-buchenholz\/#primaryimage","url":"https:\/\/d1dyryakdmle7o.cloudfront.net\/wp-content\/uploads\/2020\/06\/20200608_210119.jpg","contentUrl":"https:\/\/d1dyryakdmle7o.cloudfront.net\/wp-content\/uploads\/2020\/06\/20200608_210119.jpg","width":946,"height":945,"caption":"Buche Perlen 16 mm Sechseck Bei\u00dfspielzeug CE NEN Zertifizierung sicher Baby Kinderwagen Bei\u00dfring"},{"@type":"BreadcrumbList","@id":"https:\/\/www.jootjeshaakcadeautjes.nl\/de\/produkt\/holzperlen-hexagon-16-mm-buchenholz\/#breadcrumb","itemListElement":[{"@type":"ListItem","position":1,"name":"Startseite","item":"https:\/\/www.jootjeshaakcadeautjes.nl\/de\/"},{"@type":"ListItem","position":2,"name":"Gro\u00dfhandel mit Silikonperlen &#8211; Business und Consumer","item":"https:\/\/www.jootjeshaakcadeautjes.nl\/de\/shop\/"},{"@type":"ListItem","position":3,"name":"Holzperle &#8211; 16 mm Sechseck &#8211; Buchenholz"}]},{"@type":"WebSite","@id":"https:\/\/www.jootjeshaakcadeautjes.nl\/de\/#website","url":"https:\/\/www.jootjeshaakcadeautjes.nl\/de\/","name":"Jootjes Haakcadeautjes","description":"Silikonperlen Gro\u00dfhandel ","publisher":{"@id":"https:\/\/www.jootjeshaakcadeautjes.nl\/de\/#organization"},"potentialAction":[{"@type":"SearchAction","target":{"@type":"EntryPoint","urlTemplate":"https:\/\/www.jootjeshaakcadeautjes.nl\/de\/?s={search_term_string}"},"query-input":{"@type":"PropertyValueSpecification","valueRequired":true,"valueName":"search_term_string"}}],"inLanguage":"de"},{"@type":"Organization","@id":"https:\/\/www.jootjeshaakcadeautjes.nl\/de\/#organization","name":"Jootjes Haakcadeautjes","url":"https:\/\/www.jootjeshaakcadeautjes.nl\/de\/","logo":{"@type":"ImageObject","inLanguage":"de","@id":"https:\/\/www.jootjeshaakcadeautjes.nl\/de\/#\/schema\/logo\/image\/","url":"https:\/\/d1dyryakdmle7o.cloudfront.net\/wp-content\/uploads\/2023\/05\/Logo-rond.png","contentUrl":"https:\/\/d1dyryakdmle7o.cloudfront.net\/wp-content\/uploads\/2023\/05\/Logo-rond.png","width":1222,"height":1222,"caption":"Jootjes Haakcadeautjes"},"image":{"@id":"https:\/\/www.jootjeshaakcadeautjes.nl\/de\/#\/schema\/logo\/image\/"}}]},"product_price_amount":"0.35","product_price_currency":"EUR","og_availability":"instock","product_availability":"instock","product_retailer_item_id":"BHO-HEX-016","product_condition":"new"},"_links":{"self":[{"href":"https:\/\/www.jootjeshaakcadeautjes.nl\/de\/wp-json\/wp\/v2\/product\/122267","targetHints":{"allow":["GET"]}}],"collection":[{"href":"https:\/\/www.jootjeshaakcadeautjes.nl\/de\/wp-json\/wp\/v2\/product"}],"about":[{"href":"https:\/\/www.jootjeshaakcadeautjes.nl\/de\/wp-json\/wp\/v2\/types\/product"}],"version-history":[{"count":0,"href":"https:\/\/www.jootjeshaakcadeautjes.nl\/de\/wp-json\/wp\/v2\/product\/122267\/revisions"}],"wp:featuredmedia":[{"embeddable":true,"href":"https:\/\/www.jootjeshaakcadeautjes.nl\/de\/wp-json\/wp\/v2\/media\/69987"}],"wp:attachment":[{"href":"https:\/\/www.jootjeshaakcadeautjes.nl\/de\/wp-json\/wp\/v2\/media?parent=122267"}],"wp:term":[{"taxonomy":"product_brand","embeddable":true,"href":"https:\/\/www.jootjeshaakcadeautjes.nl\/de\/wp-json\/wp\/v2\/product_brand?post=122267"},{"taxonomy":"product_cat","embeddable":true,"href":"https:\/\/www.jootjeshaakcadeautjes.nl\/de\/wp-json\/wp\/v2\/product_cat?post=122267"},{"taxonomy":"product_tag","embeddable":true,"href":"https:\/\/www.jootjeshaakcadeautjes.nl\/de\/wp-json\/wp\/v2\/product_tag?post=122267"}],"curies":[{"name":"wp","href":"https:\/\/api.w.org\/{rel}","templated":true}]}}