{"id":122269,"date":"2020-11-21T11:40:35","date_gmt":"2020-11-21T09:40:35","guid":{"rendered":"https:\/\/www.jootjeshaakcadeautjes.nl\/product\/holzperlen-stern-statue-buche-20-mm\/"},"modified":"2025-03-11T03:37:08","modified_gmt":"2025-03-11T02:37:08","slug":"holzperlen-stern-statue-buche-20-mm","status":"publish","type":"product","link":"https:\/\/www.jootjeshaakcadeautjes.nl\/de\/produkt\/holzperlen-stern-statue-buche-20-mm\/","title":{"rendered":"Holzperle &#8211; Sternbild &#8211; Buchenholz &#8211; 20 mm"},"content":{"rendered":"<h2>Holzperle &#8211; Sternbild &#8211; Buchenholz &#8211; 20 mm<\/h2>\n<p>F\u00fcr das Jahr 2020 etwa wie folgt (je nach verwendeter Quelle):<\/p>\n<ul>\n<li>Widder &#8211; 20. M\u00e4rz bis 19. April<\/li>\n<li>Stier &#8211; 20. April bis 20. Mai<\/li>\n<li>Zwillinge &#8211; 21. Mai bis 20. Juni<\/li>\n<li>Krebs &#8211; Juni 21 bis Juli 21<\/li>\n<li>L\u00f6we &#8211; 22. Juli bis 22. August<\/li>\n<li>Jungfrau &#8211; 23. August bis 22. September<\/li>\n<li>Waage &#8211; September 23 bis Oktober 22<\/li>\n<li>Skorpion &#8211; 23. Oktober bis 21. November<\/li>\n<li>Sch\u00fctze &#8211; 22. November bis 20. Dezember<\/li>\n<li>Steinbock &#8211; Dezember 21 bis Januar 19<\/li>\n<li>Wassermann &#8211; 20. Januar bis 17. Februar<\/li>\n<li>Fische &#8211; 18. Februar bis 19. M\u00e4rz<\/li>\n<\/ul>\n<p><strong>Warum unterscheiden sich die Daten, auf die ich sto\u00dfe, in Bezug auf die Konstellationen?<\/strong><\/p>\n<p>Die Sternbilder basieren auf dem Stand der Sonne und k\u00f6nnen von Jahr zu Jahr variieren. Es ist gut, sich im Voraus zu informieren und das Geburtsjahr zu ber\u00fccksichtigen. Je nach der daf\u00fcr verwendeten Quelle kann dies nat\u00fcrlich auf die Stunde genau bestimmt werden. Es handelt sich also um eine Sch\u00e4tzung, die abweichen kann.<\/p>\n<p>Sch\u00f6ne, gl\u00e4nzende Buchenholzperlen, graviert, unbemalt und babysicher. Ideal f\u00fcr eine Schnullerschnur oder Kinderwagenschnur.<\/p>\n<p>&nbsp;<\/p>\n","protected":false},"excerpt":{"rendered":"<p>Ideal als Geburtsgeschenk in Bei\u00dfring, Kinderwagenschnur, Schnullerschnur, Gl\u00fcckspuppe oder Schl\u00fcsselanh\u00e4nger. CE-zertifiziert, EN71. Sch\u00f6ne glatte gravierte Perle. Babysicher. F\u00fcr die Geburtsdaten im Jahr 2020 ergibt sich in etwa die folgende Aufteilung:<\/p>\n<ul>\n<li>Widder &#8211; 20. M\u00e4rz bis 19. April<\/li>\n<li>Stier &#8211; 20. April bis 20. Mai<\/li>\n<li>Zwillinge &#8211; 21. Mai bis 20. Juni<\/li>\n<li>Krebs &#8211; Juni 21 bis Juli 21<\/li>\n<li>L\u00f6we &#8211; 22. Juli bis 22. August<\/li>\n<li>Jungfrau &#8211; 23. August bis 22. September<\/li>\n<li>Waage &#8211; September 23 bis Oktober 22<\/li>\n<li>Skorpion &#8211; 23. Oktober bis 21. November<\/li>\n<li>Sch\u00fctze &#8211; 22. November bis 20. Dezember<\/li>\n<li>Steinbock &#8211; Dezember 21 bis Januar 19<\/li>\n<li>Wassermann &#8211; 20. Januar bis 17. Februar<\/li>\n<li>Fische &#8211; 18. Februar bis 19. M\u00e4rz<\/li>\n<\/ul>\n<p>Sch\u00f6ne, gl\u00e4nzende Buchenholzperlen, graviert, unbemalt und babysicher. Weitere Informationen zu Sternbildern finden Sie am Ende der Seite.<\/p>\n","protected":false},"featured_media":73348,"template":"","meta":[],"product_brand":[],"product_cat":[8247,8026,7380,8045,6995,7889],"product_tag":[7529,8100,7510,7385,8047,8564,7901,7416,7196,7442,9681,7397,9683,7520,9408,7435,7988],"class_list":{"0":"post-122269","1":"product","2":"type-product","3":"status-publish","4":"has-post-thumbnail","6":"product_cat-bastelmaterial-hakelzubehor","7":"product_cat-gravierte-holzperlen-fur-schnullerschnur-und-beisring","8":"product_cat-herstellung-von-baby-beisspielzeug-materialien-fur-schnuller-und-beisringe","9":"product_cat-holzperlen-schnullerband-und-beisring-alle-holzperlen","10":"product_cat-lasergravieren-alle-produkte","11":"product_cat-silikonperlen-und-babyzubehor-verkauf","12":"product_tag-20-de","13":"product_tag-20mm-de","14":"product_tag-baby-de","15":"product_tag-beisring","16":"product_tag-buche","17":"product_tag-buchenholz-de","18":"product_tag-en-71-de","19":"product_tag-gummischnur","20":"product_tag-holz","21":"product_tag-kinderwagenkette","22":"product_tag-konstellation","23":"product_tag-mm-de","24":"product_tag-schnuller-mit-konstellation","25":"product_tag-sicher","26":"product_tag-unbehandelt","27":"product_tag-wulst","28":"product_tag-zertifiziert","30":"first","31":"instock","32":"sale","33":"taxable","34":"shipping-taxable","35":"purchasable","36":"product-type-variable"},"bundled_by":[],"bundle_stock_status":"instock","bundle_stock_quantity":null,"bundle_virtual":false,"bundle_layout":"","bundle_add_to_cart_form_location":"","bundle_editable_in_cart":false,"bundle_sold_individually_context":"","bundle_item_grouping":"","bundle_min_size":"","bundle_max_size":"","bundle_price":[],"bundled_items":[],"bundle_sell_ids":[],"yoast_head":"<!-- This site is optimized with the Yoast SEO Premium plugin v27.6 (Yoast SEO v27.6) - https:\/\/yoast.com\/product\/yoast-seo-premium-wordpress\/ -->\n<title>Holzperle - Sternbild - Buchenholz - 20 mm - | Schnullerschnur<\/title>\n<meta name=\"description\" content=\"Konstellationsperlen aus Buchenholz f\u00fcr Schnuller 20 mm. Babysicher, CE-zertifiziert und EN-71-konform. Erh\u00e4ltlich in allen Konstellationen.\" \/>\n<meta name=\"robots\" content=\"index, follow, max-snippet:-1, max-image-preview:large, max-video-preview:-1\" \/>\n<link rel=\"canonical\" href=\"https:\/\/www.jootjeshaakcadeautjes.nl\/de\/produkt\/holzperlen-stern-statue-buche-20-mm\/\" \/>\n<meta property=\"og:locale\" content=\"de_DE\" \/>\n<meta property=\"og:type\" content=\"article\" \/>\n<meta property=\"og:title\" content=\"Holzperle - Sternbild - Buchenholz - 20 mm\" \/>\n<meta property=\"og:description\" content=\"Konstellationsperlen aus Buchenholz f\u00fcr Schnuller 20 mm. Babysicher, CE-zertifiziert und EN-71-konform. Erh\u00e4ltlich in allen Konstellationen.\" \/>\n<meta property=\"og:url\" content=\"https:\/\/www.jootjeshaakcadeautjes.nl\/de\/produkt\/holzperlen-stern-statue-buche-20-mm\/\" \/>\n<meta property=\"og:site_name\" content=\"Jootjes Haakcadeautjes\" \/>\n<meta property=\"article:modified_time\" content=\"2025-03-11T02:37:08+00:00\" \/>\n<meta property=\"og:image\" content=\"https:\/\/www.jootjeshaakcadeautjes.nl\/wp-content\/uploads\/2020\/10\/20201025_220312-2.jpg\" \/>\n\t<meta property=\"og:image:width\" content=\"1290\" \/>\n\t<meta property=\"og:image:height\" content=\"1290\" \/>\n\t<meta property=\"og:image:type\" content=\"image\/jpeg\" \/>\n<meta name=\"twitter:card\" content=\"summary_large_image\" \/>\n<meta name=\"twitter:label1\" content=\"Verf\u00fcgbarkeit\" \/>\n\t<meta name=\"twitter:data1\" content=\"Auf Lager\" \/>\n<script type=\"application\/ld+json\" class=\"yoast-schema-graph\">{\"@context\":\"https:\\\/\\\/schema.org\",\"@graph\":[{\"@type\":\"WebPage\",\"@id\":\"https:\\\/\\\/www.jootjeshaakcadeautjes.nl\\\/de\\\/produkt\\\/holzperlen-stern-statue-buche-20-mm\\\/\",\"url\":\"https:\\\/\\\/www.jootjeshaakcadeautjes.nl\\\/de\\\/produkt\\\/holzperlen-stern-statue-buche-20-mm\\\/\",\"name\":\"Holzperle - Sternbild - Buchenholz - 20 mm - | Schnullerschnur\",\"isPartOf\":{\"@id\":\"https:\\\/\\\/www.jootjeshaakcadeautjes.nl\\\/de\\\/#website\"},\"primaryImageOfPage\":{\"@id\":\"https:\\\/\\\/www.jootjeshaakcadeautjes.nl\\\/de\\\/produkt\\\/holzperlen-stern-statue-buche-20-mm\\\/#primaryimage\"},\"image\":{\"@id\":\"https:\\\/\\\/www.jootjeshaakcadeautjes.nl\\\/de\\\/produkt\\\/holzperlen-stern-statue-buche-20-mm\\\/#primaryimage\"},\"thumbnailUrl\":\"https:\\\/\\\/d1dyryakdmle7o.cloudfront.net\\\/wp-content\\\/uploads\\\/2020\\\/10\\\/20201025_220312-2.jpg\",\"datePublished\":\"2020-11-21T09:40:35+00:00\",\"dateModified\":\"2025-03-11T02:37:08+00:00\",\"description\":\"Konstellationsperlen aus Buchenholz f\u00fcr Schnuller 20 mm. Babysicher, CE-zertifiziert und EN-71-konform. Erh\u00e4ltlich in allen Konstellationen.\",\"breadcrumb\":{\"@id\":\"https:\\\/\\\/www.jootjeshaakcadeautjes.nl\\\/de\\\/produkt\\\/holzperlen-stern-statue-buche-20-mm\\\/#breadcrumb\"},\"inLanguage\":\"de\",\"potentialAction\":[{\"@type\":\"ReadAction\",\"target\":[\"https:\\\/\\\/www.jootjeshaakcadeautjes.nl\\\/de\\\/produkt\\\/holzperlen-stern-statue-buche-20-mm\\\/\"]}]},{\"@type\":\"ImageObject\",\"inLanguage\":\"de\",\"@id\":\"https:\\\/\\\/www.jootjeshaakcadeautjes.nl\\\/de\\\/produkt\\\/holzperlen-stern-statue-buche-20-mm\\\/#primaryimage\",\"url\":\"https:\\\/\\\/d1dyryakdmle7o.cloudfront.net\\\/wp-content\\\/uploads\\\/2020\\\/10\\\/20201025_220312-2.jpg\",\"contentUrl\":\"https:\\\/\\\/d1dyryakdmle7o.cloudfront.net\\\/wp-content\\\/uploads\\\/2020\\\/10\\\/20201025_220312-2.jpg\",\"width\":1290,\"height\":1290,\"caption\":\"Perlen Sternzeichen Schnuller Schnur Buchenholz Baby sicher Bei\u00dfring\"},{\"@type\":\"BreadcrumbList\",\"@id\":\"https:\\\/\\\/www.jootjeshaakcadeautjes.nl\\\/de\\\/produkt\\\/holzperlen-stern-statue-buche-20-mm\\\/#breadcrumb\",\"itemListElement\":[{\"@type\":\"ListItem\",\"position\":1,\"name\":\"Startseite\",\"item\":\"https:\\\/\\\/www.jootjeshaakcadeautjes.nl\\\/de\\\/\"},{\"@type\":\"ListItem\",\"position\":2,\"name\":\"Gro\u00dfhandel mit Silikonperlen &#8211; Business und Consumer\",\"item\":\"https:\\\/\\\/www.jootjeshaakcadeautjes.nl\\\/de\\\/shop\\\/\"},{\"@type\":\"ListItem\",\"position\":3,\"name\":\"Holzperle &#8211; Sternbild &#8211; Buchenholz &#8211; 20 mm\"}]},{\"@type\":\"WebSite\",\"@id\":\"https:\\\/\\\/www.jootjeshaakcadeautjes.nl\\\/de\\\/#website\",\"url\":\"https:\\\/\\\/www.jootjeshaakcadeautjes.nl\\\/de\\\/\",\"name\":\"Jootjes Haakcadeautjes\",\"description\":\"Silikonperlen Gro\u00dfhandel \",\"publisher\":{\"@id\":\"https:\\\/\\\/www.jootjeshaakcadeautjes.nl\\\/de\\\/#organization\"},\"potentialAction\":[{\"@type\":\"SearchAction\",\"target\":{\"@type\":\"EntryPoint\",\"urlTemplate\":\"https:\\\/\\\/www.jootjeshaakcadeautjes.nl\\\/de\\\/?s={search_term_string}\"},\"query-input\":{\"@type\":\"PropertyValueSpecification\",\"valueRequired\":true,\"valueName\":\"search_term_string\"}}],\"inLanguage\":\"de\"},{\"@type\":\"Organization\",\"@id\":\"https:\\\/\\\/www.jootjeshaakcadeautjes.nl\\\/de\\\/#organization\",\"name\":\"Jootjes Haakcadeautjes\",\"url\":\"https:\\\/\\\/www.jootjeshaakcadeautjes.nl\\\/de\\\/\",\"logo\":{\"@type\":\"ImageObject\",\"inLanguage\":\"de\",\"@id\":\"https:\\\/\\\/www.jootjeshaakcadeautjes.nl\\\/de\\\/#\\\/schema\\\/logo\\\/image\\\/\",\"url\":\"https:\\\/\\\/d1dyryakdmle7o.cloudfront.net\\\/wp-content\\\/uploads\\\/2023\\\/05\\\/Logo-rond.png\",\"contentUrl\":\"https:\\\/\\\/d1dyryakdmle7o.cloudfront.net\\\/wp-content\\\/uploads\\\/2023\\\/05\\\/Logo-rond.png\",\"width\":1222,\"height\":1222,\"caption\":\"Jootjes Haakcadeautjes\"},\"image\":{\"@id\":\"https:\\\/\\\/www.jootjeshaakcadeautjes.nl\\\/de\\\/#\\\/schema\\\/logo\\\/image\\\/\"}}]}<\/script>\n<meta property=\"og:availability\" content=\"instock\" \/>\n<meta property=\"product:availability\" content=\"instock\" \/>\n<meta property=\"product:condition\" content=\"new\" \/>\n<!-- \/ Yoast SEO Premium plugin. -->","yoast_head_json":{"title":"Holzperle - Sternbild - Buchenholz - 20 mm - | Schnullerschnur","description":"Konstellationsperlen aus Buchenholz f\u00fcr Schnuller 20 mm. Babysicher, CE-zertifiziert und EN-71-konform. Erh\u00e4ltlich in allen Konstellationen.","robots":{"index":"index","follow":"follow","max-snippet":"max-snippet:-1","max-image-preview":"max-image-preview:large","max-video-preview":"max-video-preview:-1"},"canonical":"https:\/\/www.jootjeshaakcadeautjes.nl\/de\/produkt\/holzperlen-stern-statue-buche-20-mm\/","og_locale":"de_DE","og_type":"article","og_title":"Holzperle - Sternbild - Buchenholz - 20 mm","og_description":"Konstellationsperlen aus Buchenholz f\u00fcr Schnuller 20 mm. Babysicher, CE-zertifiziert und EN-71-konform. Erh\u00e4ltlich in allen Konstellationen.","og_url":"https:\/\/www.jootjeshaakcadeautjes.nl\/de\/produkt\/holzperlen-stern-statue-buche-20-mm\/","og_site_name":"Jootjes Haakcadeautjes","article_modified_time":"2025-03-11T02:37:08+00:00","og_image":[{"width":1290,"height":1290,"url":"https:\/\/www.jootjeshaakcadeautjes.nl\/wp-content\/uploads\/2020\/10\/20201025_220312-2.jpg","type":"image\/jpeg"}],"twitter_card":"summary_large_image","twitter_misc":{"Verf\u00fcgbarkeit":"Auf Lager"},"schema":{"@context":"https:\/\/schema.org","@graph":[{"@type":"WebPage","@id":"https:\/\/www.jootjeshaakcadeautjes.nl\/de\/produkt\/holzperlen-stern-statue-buche-20-mm\/","url":"https:\/\/www.jootjeshaakcadeautjes.nl\/de\/produkt\/holzperlen-stern-statue-buche-20-mm\/","name":"Holzperle - Sternbild - Buchenholz - 20 mm - | Schnullerschnur","isPartOf":{"@id":"https:\/\/www.jootjeshaakcadeautjes.nl\/de\/#website"},"primaryImageOfPage":{"@id":"https:\/\/www.jootjeshaakcadeautjes.nl\/de\/produkt\/holzperlen-stern-statue-buche-20-mm\/#primaryimage"},"image":{"@id":"https:\/\/www.jootjeshaakcadeautjes.nl\/de\/produkt\/holzperlen-stern-statue-buche-20-mm\/#primaryimage"},"thumbnailUrl":"https:\/\/d1dyryakdmle7o.cloudfront.net\/wp-content\/uploads\/2020\/10\/20201025_220312-2.jpg","datePublished":"2020-11-21T09:40:35+00:00","dateModified":"2025-03-11T02:37:08+00:00","description":"Konstellationsperlen aus Buchenholz f\u00fcr Schnuller 20 mm. Babysicher, CE-zertifiziert und EN-71-konform. Erh\u00e4ltlich in allen Konstellationen.","breadcrumb":{"@id":"https:\/\/www.jootjeshaakcadeautjes.nl\/de\/produkt\/holzperlen-stern-statue-buche-20-mm\/#breadcrumb"},"inLanguage":"de","potentialAction":[{"@type":"ReadAction","target":["https:\/\/www.jootjeshaakcadeautjes.nl\/de\/produkt\/holzperlen-stern-statue-buche-20-mm\/"]}]},{"@type":"ImageObject","inLanguage":"de","@id":"https:\/\/www.jootjeshaakcadeautjes.nl\/de\/produkt\/holzperlen-stern-statue-buche-20-mm\/#primaryimage","url":"https:\/\/d1dyryakdmle7o.cloudfront.net\/wp-content\/uploads\/2020\/10\/20201025_220312-2.jpg","contentUrl":"https:\/\/d1dyryakdmle7o.cloudfront.net\/wp-content\/uploads\/2020\/10\/20201025_220312-2.jpg","width":1290,"height":1290,"caption":"Perlen Sternzeichen Schnuller Schnur Buchenholz Baby sicher Bei\u00dfring"},{"@type":"BreadcrumbList","@id":"https:\/\/www.jootjeshaakcadeautjes.nl\/de\/produkt\/holzperlen-stern-statue-buche-20-mm\/#breadcrumb","itemListElement":[{"@type":"ListItem","position":1,"name":"Startseite","item":"https:\/\/www.jootjeshaakcadeautjes.nl\/de\/"},{"@type":"ListItem","position":2,"name":"Gro\u00dfhandel mit Silikonperlen &#8211; Business und Consumer","item":"https:\/\/www.jootjeshaakcadeautjes.nl\/de\/shop\/"},{"@type":"ListItem","position":3,"name":"Holzperle &#8211; Sternbild &#8211; Buchenholz &#8211; 20 mm"}]},{"@type":"WebSite","@id":"https:\/\/www.jootjeshaakcadeautjes.nl\/de\/#website","url":"https:\/\/www.jootjeshaakcadeautjes.nl\/de\/","name":"Jootjes Haakcadeautjes","description":"Silikonperlen Gro\u00dfhandel ","publisher":{"@id":"https:\/\/www.jootjeshaakcadeautjes.nl\/de\/#organization"},"potentialAction":[{"@type":"SearchAction","target":{"@type":"EntryPoint","urlTemplate":"https:\/\/www.jootjeshaakcadeautjes.nl\/de\/?s={search_term_string}"},"query-input":{"@type":"PropertyValueSpecification","valueRequired":true,"valueName":"search_term_string"}}],"inLanguage":"de"},{"@type":"Organization","@id":"https:\/\/www.jootjeshaakcadeautjes.nl\/de\/#organization","name":"Jootjes Haakcadeautjes","url":"https:\/\/www.jootjeshaakcadeautjes.nl\/de\/","logo":{"@type":"ImageObject","inLanguage":"de","@id":"https:\/\/www.jootjeshaakcadeautjes.nl\/de\/#\/schema\/logo\/image\/","url":"https:\/\/d1dyryakdmle7o.cloudfront.net\/wp-content\/uploads\/2023\/05\/Logo-rond.png","contentUrl":"https:\/\/d1dyryakdmle7o.cloudfront.net\/wp-content\/uploads\/2023\/05\/Logo-rond.png","width":1222,"height":1222,"caption":"Jootjes Haakcadeautjes"},"image":{"@id":"https:\/\/www.jootjeshaakcadeautjes.nl\/de\/#\/schema\/logo\/image\/"}}]},"og_availability":"instock","product_availability":"instock","product_condition":"new"},"_links":{"self":[{"href":"https:\/\/www.jootjeshaakcadeautjes.nl\/de\/wp-json\/wp\/v2\/product\/122269","targetHints":{"allow":["GET"]}}],"collection":[{"href":"https:\/\/www.jootjeshaakcadeautjes.nl\/de\/wp-json\/wp\/v2\/product"}],"about":[{"href":"https:\/\/www.jootjeshaakcadeautjes.nl\/de\/wp-json\/wp\/v2\/types\/product"}],"version-history":[{"count":0,"href":"https:\/\/www.jootjeshaakcadeautjes.nl\/de\/wp-json\/wp\/v2\/product\/122269\/revisions"}],"wp:featuredmedia":[{"embeddable":true,"href":"https:\/\/www.jootjeshaakcadeautjes.nl\/de\/wp-json\/wp\/v2\/media\/73348"}],"wp:attachment":[{"href":"https:\/\/www.jootjeshaakcadeautjes.nl\/de\/wp-json\/wp\/v2\/media?parent=122269"}],"wp:term":[{"taxonomy":"product_brand","embeddable":true,"href":"https:\/\/www.jootjeshaakcadeautjes.nl\/de\/wp-json\/wp\/v2\/product_brand?post=122269"},{"taxonomy":"product_cat","embeddable":true,"href":"https:\/\/www.jootjeshaakcadeautjes.nl\/de\/wp-json\/wp\/v2\/product_cat?post=122269"},{"taxonomy":"product_tag","embeddable":true,"href":"https:\/\/www.jootjeshaakcadeautjes.nl\/de\/wp-json\/wp\/v2\/product_tag?post=122269"}],"curies":[{"name":"wp","href":"https:\/\/api.w.org\/{rel}","templated":true}]}}