{"id":122278,"date":"2023-11-21T03:50:28","date_gmt":"2023-11-21T02:50:28","guid":{"rendered":"https:\/\/www.jootjeshaakcadeautjes.nl\/product\/buchstabenperlen-holz-14-mm-um-das-alphabet\/"},"modified":"2026-03-29T16:56:29","modified_gmt":"2026-03-29T15:56:29","slug":"buchstabenperlen-holz-14-mm-um-das-alphabet","status":"publish","type":"product","link":"https:\/\/www.jootjeshaakcadeautjes.nl\/de\/produkt\/buchstabenperlen-holz-14-mm-um-das-alphabet\/","title":{"rendered":"Holzbuchstabenperlen &#8211; 14 mm &#8211; Rund &#8211; Ganzes Alphabet &#8211; Satz mit 26 St\u00fcck A-Z"},"content":{"rendered":"<h1>Buchstabenperlen Holz &#8211; 14 mm &#8211; Rund &#8211; Ganzes Alphabet<\/h1>\n<h2>Spezifikationen:<\/h2>\n<ul>\n<li>Gr\u00f6\u00dfe 14 mm rund.<\/li>\n<li>Diese Buchstabenperlen sind sehr farbstabil, d. h. es gibt weniger Farbver\u00e4nderungen zwischen den Buchstaben und sie sind daher sehr gut lesbar.<\/li>\n<li>Buchstabenkugeln aus Buchenholz, unbehandelt und babygerecht. Die Buchstaben werden durch Gravur auf die Holzperlen aufgebracht.<\/li>\n<li>BPA-, Phthalat-, PVC-, blei- und schadstofffrei, unbehandeltes Buchenholz.<\/li>\n<li>Geeignet f\u00fcr CE-zertifizierte Endprodukte<\/li>\n<li>Die Buchstabenperlen gibt es in allen Buchstaben des Alphabets<\/li>\n<\/ul>\n<p>Diese sch\u00f6nen Holzperlen mit Buchstaben werden h\u00e4ufig verwendet, um einen Namen an einer Schnullerschnur, einem Bei\u00dfring, einer Kinderwagenschaukel oder einem Babygym anzubringen. So k\u00f6nnen Sie im Handumdrehen ein wundersch\u00f6nes personalisiertes Mutterschaftsgeschenk oder ein h\u00fcbsches Spielzeug f\u00fcr Ihr eigenes Kind anfertigen. Die Holzbuchstabenperlen lassen sich perfekt mit unseren sch\u00f6nen Holzperlen oder Silikonperlen kombinieren.<\/p>\n<h2>Qualit\u00e4t und Sicherheit:<\/h2>\n<p>Alle unsere Holzmaterialien sind absolut kindersicher und unbehandelt und, falls ein Aufdruck vorhanden ist, kindersicher graviert. Diese Buchstabenperlen sind daher sowohl f\u00fcr Babys als auch f\u00fcr \u00e4ltere Kinder geeignet, die gerne in etwas hineinbei\u00dfen. Die Perlen sind f\u00fcr CE-zertifizierte Endprodukte geeignet und robust. Daher nutzen sie sich kaum ab. Au\u00dferdem sind die h\u00f6lzernen Buchstabenperlen leicht zu reinigen.<\/p>\n<p><em>Befestigen Sie immer alle Perlen ordnungsgem\u00e4\u00df und \u00fcberpr\u00fcfen Sie Ihre Anfertigung regelm\u00e4\u00dfig, z. B. auf Abnutzung und Verschlei\u00df. Hierf\u00fcr sind Sie selbst verantwortlich. Jootjes Haakcadeautjes pr\u00fcft Ihr fertiges Produkt nicht und kann daher keine Sch\u00e4den oder Lockerungen aufgrund von Abnutzung annehmen. Wir raten dazu, handgefertigtes Kinderspielzeug nur unter Aufsicht von Erwachsenen zu verwenden, um gef\u00e4hrliche Situationen zu vermeiden.<\/em><\/p>\n","protected":false},"excerpt":{"rendered":"<h1>Buchstabenperlen Holz &#8211; 14 mm &#8211; rund &#8211; Ganzes Alphabet<\/h1>\n<ul>\n<li>Variante: Buchstaben A bis Z.<\/li>\n<li>Buchstabenperlen aus Holz, ganzes Alphabet.<\/li>\n<li>BPA-, Phthalat-, PVC-, blei- und toxinfrei.<\/li>\n<li>Verkauft nach vollem Alphabet<\/li>\n<li>Rund, 14 mm.<\/li>\n<li>Die Buchstaben sind horizontal (die L\u00f6cher sind von links nach rechts).<\/li>\n<li>Beide Seiten enthalten den gew\u00e4hlten Buchstaben.<\/li>\n<\/ul>\n","protected":false},"featured_media":68712,"template":"","meta":[],"product_brand":[],"product_cat":[8505,8765,7380,8764,8045],"product_tag":[7459,7537,8750,7385,7452,8742,9688,8734,7890,7416,8046,7442,7397,8772,7199,8744,8514,7427,7536],"class_list":{"0":"post-122278","1":"product","2":"type-product","3":"status-publish","4":"has-post-thumbnail","6":"product_cat-buchstabenperlen-schnullerschnur-und-beisring","7":"product_cat-buchstabenperlen-aus-holz-rund-und-quadratisch","8":"product_cat-herstellung-von-baby-beisspielzeug-materialien-fur-schnuller-und-beisringe","9":"product_cat-holzerne-buchstabenperlen","10":"product_cat-holzperlen-schnullerband-und-beisring-alle-holzperlen","11":"product_tag-14-de","12":"product_tag-14-mm-de","13":"product_tag-alphabet-de","14":"product_tag-beisring","15":"product_tag-bpa-frei","16":"product_tag-buchstabenperle","17":"product_tag-ganz","18":"product_tag-gesamte","19":"product_tag-gummischnur-de","20":"product_tag-gummischnur","21":"product_tag-holz-de","22":"product_tag-kinderwagenkette","23":"product_tag-mm-de","24":"product_tag-namentlich","25":"product_tag-perlen","26":"product_tag-perlen-mit-buchstaben","27":"product_tag-platz","28":"product_tag-still-halskette","29":"product_tag-um","31":"first","32":"instock","33":"sale","34":"taxable","35":"shipping-taxable","36":"purchasable","37":"product-type-simple"},"bundled_by":[],"bundle_stock_status":"instock","bundle_stock_quantity":100,"bundle_virtual":false,"bundle_layout":"","bundle_add_to_cart_form_location":"","bundle_editable_in_cart":false,"bundle_sold_individually_context":"","bundle_item_grouping":"","bundle_min_size":"","bundle_max_size":"","bundle_price":[],"bundled_items":[],"bundle_sell_ids":[],"yoast_head":"<!-- This site is optimized with the Yoast SEO Premium plugin v27.4 (Yoast SEO v27.5) - https:\/\/yoast.com\/product\/yoast-seo-premium-wordpress\/ -->\n<title>Holzbuchstabenperlen - 14 mm - Rund - Ganzes Alphabet - Satz mit 26 St\u00fcck A-Z - Jootjes Haakcadeautjes<\/title>\n<meta name=\"description\" content=\"Buchstabenperlen aus Holz 14 mm rund, alle Alphabet, graviert und sicher. Nicht auf Lager. Wunderbar geeignet f\u00fcr eine Schnullerschnur, eine Kinderwagenschnur oder einen Bei\u00dfring.\" \/>\n<meta name=\"robots\" content=\"index, follow, max-snippet:-1, max-image-preview:large, max-video-preview:-1\" \/>\n<link rel=\"canonical\" href=\"https:\/\/www.jootjeshaakcadeautjes.nl\/de\/produkt\/buchstabenperlen-holz-14-mm-um-das-alphabet\/\" \/>\n<meta property=\"og:locale\" content=\"de_DE\" \/>\n<meta property=\"og:type\" content=\"article\" \/>\n<meta property=\"og:title\" content=\"Holzbuchstabenperlen - 14 mm - Rund - Ganzes Alphabet - Satz mit 26 St\u00fcck A-Z\" \/>\n<meta property=\"og:description\" content=\"Buchstabenperlen aus Holz 14 mm rund, alle Alphabet, graviert und sicher. Nicht auf Lager. Wunderbar geeignet f\u00fcr eine Schnullerschnur, eine Kinderwagenschnur oder einen Bei\u00dfring.\" \/>\n<meta property=\"og:url\" content=\"https:\/\/www.jootjeshaakcadeautjes.nl\/de\/produkt\/buchstabenperlen-holz-14-mm-um-das-alphabet\/\" \/>\n<meta property=\"og:site_name\" content=\"Jootjes Haakcadeautjes\" \/>\n<meta property=\"article:modified_time\" content=\"2026-03-29T15:56:29+00:00\" \/>\n<meta property=\"og:image\" content=\"https:\/\/www.jootjeshaakcadeautjes.nl\/wp-content\/uploads\/2020\/04\/20200330_205613-2.jpg\" \/>\n\t<meta property=\"og:image:width\" content=\"1338\" \/>\n\t<meta property=\"og:image:height\" content=\"1338\" \/>\n\t<meta property=\"og:image:type\" content=\"image\/jpeg\" \/>\n<meta name=\"twitter:card\" content=\"summary_large_image\" \/>\n<meta name=\"twitter:label1\" content=\"Preis\" \/>\n\t<meta name=\"twitter:data1\" content=\"&euro;8.00 inkl. MwSt.\" \/>\n\t<meta name=\"twitter:label2\" content=\"Verf\u00fcgbarkeit\" \/>\n\t<meta name=\"twitter:data2\" content=\"Auf Lager\" \/>\n<script type=\"application\/ld+json\" class=\"yoast-schema-graph\">{\"@context\":\"https:\\\/\\\/schema.org\",\"@graph\":[{\"@type\":\"WebPage\",\"@id\":\"https:\\\/\\\/www.jootjeshaakcadeautjes.nl\\\/de\\\/produkt\\\/buchstabenperlen-holz-14-mm-um-das-alphabet\\\/\",\"url\":\"https:\\\/\\\/www.jootjeshaakcadeautjes.nl\\\/de\\\/produkt\\\/buchstabenperlen-holz-14-mm-um-das-alphabet\\\/\",\"name\":\"Holzbuchstabenperlen - 14 mm - Rund - Ganzes Alphabet - Satz mit 26 St\u00fcck A-Z - Jootjes Haakcadeautjes\",\"isPartOf\":{\"@id\":\"https:\\\/\\\/www.jootjeshaakcadeautjes.nl\\\/de\\\/#website\"},\"primaryImageOfPage\":{\"@id\":\"https:\\\/\\\/www.jootjeshaakcadeautjes.nl\\\/de\\\/produkt\\\/buchstabenperlen-holz-14-mm-um-das-alphabet\\\/#primaryimage\"},\"image\":{\"@id\":\"https:\\\/\\\/www.jootjeshaakcadeautjes.nl\\\/de\\\/produkt\\\/buchstabenperlen-holz-14-mm-um-das-alphabet\\\/#primaryimage\"},\"thumbnailUrl\":\"https:\\\/\\\/d1dyryakdmle7o.cloudfront.net\\\/wp-content\\\/uploads\\\/2020\\\/04\\\/20200330_205613-2.jpg\",\"datePublished\":\"2023-11-21T02:50:28+00:00\",\"dateModified\":\"2026-03-29T15:56:29+00:00\",\"description\":\"Buchstabenperlen aus Holz 14 mm rund, alle Alphabet, graviert und sicher. Nicht auf Lager. Wunderbar geeignet f\u00fcr eine Schnullerschnur, eine Kinderwagenschnur oder einen Bei\u00dfring.\",\"breadcrumb\":{\"@id\":\"https:\\\/\\\/www.jootjeshaakcadeautjes.nl\\\/de\\\/produkt\\\/buchstabenperlen-holz-14-mm-um-das-alphabet\\\/#breadcrumb\"},\"inLanguage\":\"de\",\"potentialAction\":[{\"@type\":\"ReadAction\",\"target\":[\"https:\\\/\\\/www.jootjeshaakcadeautjes.nl\\\/de\\\/produkt\\\/buchstabenperlen-holz-14-mm-um-das-alphabet\\\/\"]}]},{\"@type\":\"ImageObject\",\"inLanguage\":\"de\",\"@id\":\"https:\\\/\\\/www.jootjeshaakcadeautjes.nl\\\/de\\\/produkt\\\/buchstabenperlen-holz-14-mm-um-das-alphabet\\\/#primaryimage\",\"url\":\"https:\\\/\\\/d1dyryakdmle7o.cloudfront.net\\\/wp-content\\\/uploads\\\/2020\\\/04\\\/20200330_205613-2.jpg\",\"contentUrl\":\"https:\\\/\\\/d1dyryakdmle7o.cloudfront.net\\\/wp-content\\\/uploads\\\/2020\\\/04\\\/20200330_205613-2.jpg\",\"width\":1338,\"height\":1338,\"caption\":\"Holzperlen mit Buchstaben rund 14 mm\"},{\"@type\":\"BreadcrumbList\",\"@id\":\"https:\\\/\\\/www.jootjeshaakcadeautjes.nl\\\/de\\\/produkt\\\/buchstabenperlen-holz-14-mm-um-das-alphabet\\\/#breadcrumb\",\"itemListElement\":[{\"@type\":\"ListItem\",\"position\":1,\"name\":\"Startseite\",\"item\":\"https:\\\/\\\/www.jootjeshaakcadeautjes.nl\\\/de\\\/\"},{\"@type\":\"ListItem\",\"position\":2,\"name\":\"Gro\u00dfhandel mit Silikonperlen &#8211; Business und Consumer\",\"item\":\"https:\\\/\\\/www.jootjeshaakcadeautjes.nl\\\/de\\\/shop\\\/\"},{\"@type\":\"ListItem\",\"position\":3,\"name\":\"Holzbuchstabenperlen &#8211; 14 mm &#8211; Rund &#8211; Ganzes Alphabet &#8211; Satz mit 26 St\u00fcck A-Z\"}]},{\"@type\":\"WebSite\",\"@id\":\"https:\\\/\\\/www.jootjeshaakcadeautjes.nl\\\/de\\\/#website\",\"url\":\"https:\\\/\\\/www.jootjeshaakcadeautjes.nl\\\/de\\\/\",\"name\":\"Jootjes Haakcadeautjes\",\"description\":\"Silikonperlen Gro\u00dfhandel \",\"publisher\":{\"@id\":\"https:\\\/\\\/www.jootjeshaakcadeautjes.nl\\\/de\\\/#organization\"},\"potentialAction\":[{\"@type\":\"SearchAction\",\"target\":{\"@type\":\"EntryPoint\",\"urlTemplate\":\"https:\\\/\\\/www.jootjeshaakcadeautjes.nl\\\/de\\\/?s={search_term_string}\"},\"query-input\":{\"@type\":\"PropertyValueSpecification\",\"valueRequired\":true,\"valueName\":\"search_term_string\"}}],\"inLanguage\":\"de\"},{\"@type\":\"Organization\",\"@id\":\"https:\\\/\\\/www.jootjeshaakcadeautjes.nl\\\/de\\\/#organization\",\"name\":\"Jootjes Haakcadeautjes\",\"url\":\"https:\\\/\\\/www.jootjeshaakcadeautjes.nl\\\/de\\\/\",\"logo\":{\"@type\":\"ImageObject\",\"inLanguage\":\"de\",\"@id\":\"https:\\\/\\\/www.jootjeshaakcadeautjes.nl\\\/de\\\/#\\\/schema\\\/logo\\\/image\\\/\",\"url\":\"https:\\\/\\\/jootjes-haakcadeautjes-media.s3.amazonaws.com\\\/wp-content\\\/uploads\\\/2023\\\/05\\\/Logo-rond.png\",\"contentUrl\":\"https:\\\/\\\/jootjes-haakcadeautjes-media.s3.amazonaws.com\\\/wp-content\\\/uploads\\\/2023\\\/05\\\/Logo-rond.png\",\"width\":1222,\"height\":1222,\"caption\":\"Jootjes Haakcadeautjes\"},\"image\":{\"@id\":\"https:\\\/\\\/www.jootjeshaakcadeautjes.nl\\\/de\\\/#\\\/schema\\\/logo\\\/image\\\/\"}}]}<\/script>\n<meta property=\"product:price:amount\" content=\"8.00\" \/>\n<meta property=\"product:price:currency\" content=\"EUR\" \/>\n<meta property=\"og:availability\" content=\"instock\" \/>\n<meta property=\"product:availability\" content=\"instock\" \/>\n<meta property=\"product:retailer_item_id\" content=\"HLK-014-ABC\" \/>\n<meta property=\"product:condition\" content=\"new\" \/>\n<!-- \/ Yoast SEO Premium plugin. -->","yoast_head_json":{"title":"Holzbuchstabenperlen - 14 mm - Rund - Ganzes Alphabet - Satz mit 26 St\u00fcck A-Z - Jootjes Haakcadeautjes","description":"Buchstabenperlen aus Holz 14 mm rund, alle Alphabet, graviert und sicher. Nicht auf Lager. Wunderbar geeignet f\u00fcr eine Schnullerschnur, eine Kinderwagenschnur oder einen Bei\u00dfring.","robots":{"index":"index","follow":"follow","max-snippet":"max-snippet:-1","max-image-preview":"max-image-preview:large","max-video-preview":"max-video-preview:-1"},"canonical":"https:\/\/www.jootjeshaakcadeautjes.nl\/de\/produkt\/buchstabenperlen-holz-14-mm-um-das-alphabet\/","og_locale":"de_DE","og_type":"article","og_title":"Holzbuchstabenperlen - 14 mm - Rund - Ganzes Alphabet - Satz mit 26 St\u00fcck A-Z","og_description":"Buchstabenperlen aus Holz 14 mm rund, alle Alphabet, graviert und sicher. Nicht auf Lager. Wunderbar geeignet f\u00fcr eine Schnullerschnur, eine Kinderwagenschnur oder einen Bei\u00dfring.","og_url":"https:\/\/www.jootjeshaakcadeautjes.nl\/de\/produkt\/buchstabenperlen-holz-14-mm-um-das-alphabet\/","og_site_name":"Jootjes Haakcadeautjes","article_modified_time":"2026-03-29T15:56:29+00:00","og_image":[{"width":1338,"height":1338,"url":"https:\/\/www.jootjeshaakcadeautjes.nl\/wp-content\/uploads\/2020\/04\/20200330_205613-2.jpg","type":"image\/jpeg"}],"twitter_card":"summary_large_image","twitter_misc":{"Preis":"&euro;8.00 inkl. MwSt.","Verf\u00fcgbarkeit":"Auf Lager"},"schema":{"@context":"https:\/\/schema.org","@graph":[{"@type":"WebPage","@id":"https:\/\/www.jootjeshaakcadeautjes.nl\/de\/produkt\/buchstabenperlen-holz-14-mm-um-das-alphabet\/","url":"https:\/\/www.jootjeshaakcadeautjes.nl\/de\/produkt\/buchstabenperlen-holz-14-mm-um-das-alphabet\/","name":"Holzbuchstabenperlen - 14 mm - Rund - Ganzes Alphabet - Satz mit 26 St\u00fcck A-Z - Jootjes Haakcadeautjes","isPartOf":{"@id":"https:\/\/www.jootjeshaakcadeautjes.nl\/de\/#website"},"primaryImageOfPage":{"@id":"https:\/\/www.jootjeshaakcadeautjes.nl\/de\/produkt\/buchstabenperlen-holz-14-mm-um-das-alphabet\/#primaryimage"},"image":{"@id":"https:\/\/www.jootjeshaakcadeautjes.nl\/de\/produkt\/buchstabenperlen-holz-14-mm-um-das-alphabet\/#primaryimage"},"thumbnailUrl":"https:\/\/d1dyryakdmle7o.cloudfront.net\/wp-content\/uploads\/2020\/04\/20200330_205613-2.jpg","datePublished":"2023-11-21T02:50:28+00:00","dateModified":"2026-03-29T15:56:29+00:00","description":"Buchstabenperlen aus Holz 14 mm rund, alle Alphabet, graviert und sicher. Nicht auf Lager. Wunderbar geeignet f\u00fcr eine Schnullerschnur, eine Kinderwagenschnur oder einen Bei\u00dfring.","breadcrumb":{"@id":"https:\/\/www.jootjeshaakcadeautjes.nl\/de\/produkt\/buchstabenperlen-holz-14-mm-um-das-alphabet\/#breadcrumb"},"inLanguage":"de","potentialAction":[{"@type":"ReadAction","target":["https:\/\/www.jootjeshaakcadeautjes.nl\/de\/produkt\/buchstabenperlen-holz-14-mm-um-das-alphabet\/"]}]},{"@type":"ImageObject","inLanguage":"de","@id":"https:\/\/www.jootjeshaakcadeautjes.nl\/de\/produkt\/buchstabenperlen-holz-14-mm-um-das-alphabet\/#primaryimage","url":"https:\/\/d1dyryakdmle7o.cloudfront.net\/wp-content\/uploads\/2020\/04\/20200330_205613-2.jpg","contentUrl":"https:\/\/d1dyryakdmle7o.cloudfront.net\/wp-content\/uploads\/2020\/04\/20200330_205613-2.jpg","width":1338,"height":1338,"caption":"Holzperlen mit Buchstaben rund 14 mm"},{"@type":"BreadcrumbList","@id":"https:\/\/www.jootjeshaakcadeautjes.nl\/de\/produkt\/buchstabenperlen-holz-14-mm-um-das-alphabet\/#breadcrumb","itemListElement":[{"@type":"ListItem","position":1,"name":"Startseite","item":"https:\/\/www.jootjeshaakcadeautjes.nl\/de\/"},{"@type":"ListItem","position":2,"name":"Gro\u00dfhandel mit Silikonperlen &#8211; Business und Consumer","item":"https:\/\/www.jootjeshaakcadeautjes.nl\/de\/shop\/"},{"@type":"ListItem","position":3,"name":"Holzbuchstabenperlen &#8211; 14 mm &#8211; Rund &#8211; Ganzes Alphabet &#8211; Satz mit 26 St\u00fcck A-Z"}]},{"@type":"WebSite","@id":"https:\/\/www.jootjeshaakcadeautjes.nl\/de\/#website","url":"https:\/\/www.jootjeshaakcadeautjes.nl\/de\/","name":"Jootjes Haakcadeautjes","description":"Silikonperlen Gro\u00dfhandel ","publisher":{"@id":"https:\/\/www.jootjeshaakcadeautjes.nl\/de\/#organization"},"potentialAction":[{"@type":"SearchAction","target":{"@type":"EntryPoint","urlTemplate":"https:\/\/www.jootjeshaakcadeautjes.nl\/de\/?s={search_term_string}"},"query-input":{"@type":"PropertyValueSpecification","valueRequired":true,"valueName":"search_term_string"}}],"inLanguage":"de"},{"@type":"Organization","@id":"https:\/\/www.jootjeshaakcadeautjes.nl\/de\/#organization","name":"Jootjes Haakcadeautjes","url":"https:\/\/www.jootjeshaakcadeautjes.nl\/de\/","logo":{"@type":"ImageObject","inLanguage":"de","@id":"https:\/\/www.jootjeshaakcadeautjes.nl\/de\/#\/schema\/logo\/image\/","url":"https:\/\/jootjes-haakcadeautjes-media.s3.amazonaws.com\/wp-content\/uploads\/2023\/05\/Logo-rond.png","contentUrl":"https:\/\/jootjes-haakcadeautjes-media.s3.amazonaws.com\/wp-content\/uploads\/2023\/05\/Logo-rond.png","width":1222,"height":1222,"caption":"Jootjes Haakcadeautjes"},"image":{"@id":"https:\/\/www.jootjeshaakcadeautjes.nl\/de\/#\/schema\/logo\/image\/"}}]},"product_price_amount":"8.00","product_price_currency":"EUR","og_availability":"instock","product_availability":"instock","product_retailer_item_id":"HLK-014-ABC","product_condition":"new"},"_links":{"self":[{"href":"https:\/\/www.jootjeshaakcadeautjes.nl\/de\/wp-json\/wp\/v2\/product\/122278","targetHints":{"allow":["GET"]}}],"collection":[{"href":"https:\/\/www.jootjeshaakcadeautjes.nl\/de\/wp-json\/wp\/v2\/product"}],"about":[{"href":"https:\/\/www.jootjeshaakcadeautjes.nl\/de\/wp-json\/wp\/v2\/types\/product"}],"version-history":[{"count":0,"href":"https:\/\/www.jootjeshaakcadeautjes.nl\/de\/wp-json\/wp\/v2\/product\/122278\/revisions"}],"wp:featuredmedia":[{"embeddable":true,"href":"https:\/\/www.jootjeshaakcadeautjes.nl\/de\/wp-json\/wp\/v2\/media\/68712"}],"wp:attachment":[{"href":"https:\/\/www.jootjeshaakcadeautjes.nl\/de\/wp-json\/wp\/v2\/media?parent=122278"}],"wp:term":[{"taxonomy":"product_brand","embeddable":true,"href":"https:\/\/www.jootjeshaakcadeautjes.nl\/de\/wp-json\/wp\/v2\/product_brand?post=122278"},{"taxonomy":"product_cat","embeddable":true,"href":"https:\/\/www.jootjeshaakcadeautjes.nl\/de\/wp-json\/wp\/v2\/product_cat?post=122278"},{"taxonomy":"product_tag","embeddable":true,"href":"https:\/\/www.jootjeshaakcadeautjes.nl\/de\/wp-json\/wp\/v2\/product_tag?post=122278"}],"curies":[{"name":"wp","href":"https:\/\/api.w.org\/{rel}","templated":true}]}}