{"id":122284,"date":"2020-11-21T10:05:02","date_gmt":"2020-11-21T09:05:02","guid":{"rendered":"https:\/\/www.jootjeshaakcadeautjes.nl\/product\/holzperlen-glueckspilz-haken-buche-20-mm\/"},"modified":"2025-03-11T16:58:06","modified_gmt":"2025-03-11T15:58:06","slug":"holzperlen-glueckspilz-haken-buche-20-mm","status":"publish","type":"product","link":"https:\/\/www.jootjeshaakcadeautjes.nl\/de\/produkt\/holzperlen-glueckspilz-haken-buche-20-mm\/","title":{"rendered":"Holzperle &#8211; Gesicht\/Smiley &#8211; Gl\u00fcckspuppe herstellen &#8211; Buchenholz &#8211; 20 mm"},"content":{"rendered":"<p><strong>Holzperle &#8211; Smiley\/Gl\u00fcckspuppenhaken &#8211; Buchenholz &#8211; graviert &#8211; 20 mm  <\/strong><\/p>\n<p>Hergestellt aus rohem und daher v\u00f6llig unbedenklichem (nicht lackiertem, gebeiztem oder ge\u00f6ltem) Buchenholz. Die Perlen sind poliert und v\u00f6llig glatt. Au\u00dferdem sind diese 20 mm gro\u00dfen Buchenholzperlen mit einem eingravierten Gesicht\/Smiley versehen. Diese Holzperlen sind daher die hochwertigere Variante der <a href=\"https:\/\/www.jootjeshaakcadeautjes.nl\/de\/produkt\/holzperlen-gluecksbringer-puppe\/\">Ahorn-Holzperlen mit eingraviertem Gesicht<\/a>. Sowohl diese Version aus Buchen- als auch aus Ahornholz wird h\u00e4ufig f\u00fcr die Herstellung von Gl\u00fcckspuppen verwendet. Nur zum Spa\u00df oder f\u00fcr einen besonderen Moment oder als Belohnung zum Beispiel. Dar\u00fcber hinaus sind wir stolz darauf, dass unsere Perlen auch von mehreren Wohlt\u00e4tigkeitsorganisationen verwendet wurden, um besondere Gl\u00fccksbringer f\u00fcr besondere Momente herzustellen.<\/p>\n<p>Die Perlen sind mit hoher Qualit\u00e4t eingraviert. Die Gravur ist auch aus der Ferne gut lesbar und jede Perle hat nicht weniger als 2 Gesichter! Auf diese Weise gibt es immer ein Gesicht zu sehen. Die Perlen sind durchbohrt und haben eine \u00d6ffnung von 4 mm Durchmesser. So lassen sich die Perlen bei allen unseren <a href=\"\/?product_cat=satijnkoord-bijtring-speenkoord\">Satinkordeltypen<\/a> problemlos zweimal auff\u00e4deln.<\/p>\n<p>Diese Perlen sind aber nicht nur f\u00fcr die Verwendung in einer Gl\u00fcckspuppe bekannt, sondern k\u00f6nnen nat\u00fcrlich auch perfekt f\u00fcr einen Schnullerclip, einen Bei\u00dfring, eine Stillkette oder anderes Baby-Bei\u00dfspielzeug verwendet werden.<\/p>\n","protected":false},"excerpt":{"rendered":"<p>Material: Glatte Buchenholzperlen mit einem Durchmesser von 20 mm und eingraviertem Smiley\/Gesicht.<br \/>\nAusf\u00fchrung: Der Wulst ist glatt poliert. Die Gravur ist leicht zu lesen. Jede Perle enth\u00e4lt 2 Smileys\/Gesichter. Die Perlen werden mit einer \u00d6ffnung von etwa 4 mm Durchmesser durchgef\u00e4delt.<\/p>\n<p>&nbsp;<\/p>\n","protected":false},"featured_media":74581,"template":"","meta":[],"product_brand":[],"product_cat":[8247,8026,7380,8045,6995,8267,8296],"product_tag":[7519,8100,8088,9543,7385,8047,8564,9746,7208,7416,8268,7196,8046,7442,7199,8089,9042,7435],"class_list":{"0":"post-122284","1":"product","2":"type-product","3":"status-publish","4":"has-post-thumbnail","6":"product_cat-bastelmaterial-hakelzubehor","7":"product_cat-gravierte-holzperlen-fur-schnullerschnur-und-beisring","8":"product_cat-herstellung-von-baby-beisspielzeug-materialien-fur-schnuller-und-beisringe","9":"product_cat-holzperlen-schnullerband-und-beisring-alle-holzperlen","10":"product_cat-lasergravieren-alle-produkte","11":"product_cat-lucky-dolls-diy-perlen-und-zubehor","12":"product_cat-silikonperlen-lucky-dolls-luckyjos","13":"product_tag-20-mm-de","14":"product_tag-20mm-de","15":"product_tag-baby-turnhalle","16":"product_tag-babyspielzeug","17":"product_tag-beisring","18":"product_tag-buche","19":"product_tag-buchenholz-de","20":"product_tag-gesicht","21":"product_tag-gluckspuppe","22":"product_tag-gummischnur","23":"product_tag-hakchen","24":"product_tag-holz","25":"product_tag-holz-de","26":"product_tag-kinderwagenkette","27":"product_tag-perlen","28":"product_tag-roh","29":"product_tag-smiley-de","30":"product_tag-wulst","32":"first","33":"instock","34":"taxable","35":"shipping-taxable","36":"purchasable","37":"product-type-simple"},"bundled_by":[],"bundle_stock_status":"instock","bundle_stock_quantity":590,"bundle_virtual":false,"bundle_layout":"","bundle_add_to_cart_form_location":"","bundle_editable_in_cart":false,"bundle_sold_individually_context":"","bundle_item_grouping":"","bundle_min_size":"","bundle_max_size":"","bundle_price":[],"bundled_items":[],"bundle_sell_ids":[],"yoast_head":"<!-- This site is optimized with the Yoast SEO Premium plugin v27.6 (Yoast SEO v27.6) - https:\/\/yoast.com\/product\/yoast-seo-premium-wordpress\/ -->\n<title>Holzperle mit Smiley-Gesicht f\u00fcr Gl\u00fcckspuppen - Buche - 20 mm<\/title>\n<meta name=\"description\" content=\"Holzperle mit Smiley-Gesicht aus Buchenholz f\u00fcr gl\u00fcckliche Puppen. Die Holzperle ist 20 mm gro\u00df und hat ein beidseitig lesbares Schriftbild.\" \/>\n<meta name=\"robots\" content=\"index, follow, max-snippet:-1, max-image-preview:large, max-video-preview:-1\" \/>\n<link rel=\"canonical\" href=\"https:\/\/www.jootjeshaakcadeautjes.nl\/de\/produkt\/holzperlen-glueckspilz-haken-buche-20-mm\/\" \/>\n<meta property=\"og:locale\" content=\"de_DE\" \/>\n<meta property=\"og:type\" content=\"article\" \/>\n<meta property=\"og:title\" content=\"Holzperle - Gesicht\/Smiley - Gl\u00fcckspuppe herstellen - Buchenholz - 20 mm\" \/>\n<meta property=\"og:description\" content=\"Holzperle mit Smiley-Gesicht aus Buchenholz f\u00fcr gl\u00fcckliche Puppen. Die Holzperle ist 20 mm gro\u00df und hat ein beidseitig lesbares Schriftbild.\" \/>\n<meta property=\"og:url\" content=\"https:\/\/www.jootjeshaakcadeautjes.nl\/de\/produkt\/holzperlen-glueckspilz-haken-buche-20-mm\/\" \/>\n<meta property=\"og:site_name\" content=\"Jootjes Haakcadeautjes\" \/>\n<meta property=\"article:modified_time\" content=\"2025-03-11T15:58:06+00:00\" \/>\n<meta property=\"og:image\" content=\"https:\/\/www.jootjeshaakcadeautjes.nl\/wp-content\/uploads\/2020\/11\/20201122_003350.jpg\" \/>\n\t<meta property=\"og:image:width\" content=\"1830\" \/>\n\t<meta property=\"og:image:height\" content=\"1830\" \/>\n\t<meta property=\"og:image:type\" content=\"image\/jpeg\" \/>\n<meta name=\"twitter:card\" content=\"summary_large_image\" \/>\n<meta name=\"twitter:label1\" content=\"Preis\" \/>\n\t<meta name=\"twitter:data1\" content=\"&euro;0.60 inkl. MwSt.\" \/>\n\t<meta name=\"twitter:label2\" content=\"Verf\u00fcgbarkeit\" \/>\n\t<meta name=\"twitter:data2\" content=\"Auf Lager\" \/>\n<script type=\"application\/ld+json\" class=\"yoast-schema-graph\">{\"@context\":\"https:\\\/\\\/schema.org\",\"@graph\":[{\"@type\":\"WebPage\",\"@id\":\"https:\\\/\\\/www.jootjeshaakcadeautjes.nl\\\/de\\\/produkt\\\/holzperlen-glueckspilz-haken-buche-20-mm\\\/\",\"url\":\"https:\\\/\\\/www.jootjeshaakcadeautjes.nl\\\/de\\\/produkt\\\/holzperlen-glueckspilz-haken-buche-20-mm\\\/\",\"name\":\"Holzperle mit Smiley-Gesicht f\u00fcr Gl\u00fcckspuppen - Buche - 20 mm\",\"isPartOf\":{\"@id\":\"https:\\\/\\\/www.jootjeshaakcadeautjes.nl\\\/de\\\/#website\"},\"primaryImageOfPage\":{\"@id\":\"https:\\\/\\\/www.jootjeshaakcadeautjes.nl\\\/de\\\/produkt\\\/holzperlen-glueckspilz-haken-buche-20-mm\\\/#primaryimage\"},\"image\":{\"@id\":\"https:\\\/\\\/www.jootjeshaakcadeautjes.nl\\\/de\\\/produkt\\\/holzperlen-glueckspilz-haken-buche-20-mm\\\/#primaryimage\"},\"thumbnailUrl\":\"https:\\\/\\\/d1dyryakdmle7o.cloudfront.net\\\/wp-content\\\/uploads\\\/2020\\\/11\\\/20201122_003350.jpg\",\"datePublished\":\"2020-11-21T09:05:02+00:00\",\"dateModified\":\"2025-03-11T15:58:06+00:00\",\"description\":\"Holzperle mit Smiley-Gesicht aus Buchenholz f\u00fcr gl\u00fcckliche Puppen. Die Holzperle ist 20 mm gro\u00df und hat ein beidseitig lesbares Schriftbild.\",\"breadcrumb\":{\"@id\":\"https:\\\/\\\/www.jootjeshaakcadeautjes.nl\\\/de\\\/produkt\\\/holzperlen-glueckspilz-haken-buche-20-mm\\\/#breadcrumb\"},\"inLanguage\":\"de\",\"potentialAction\":[{\"@type\":\"ReadAction\",\"target\":[\"https:\\\/\\\/www.jootjeshaakcadeautjes.nl\\\/de\\\/produkt\\\/holzperlen-glueckspilz-haken-buche-20-mm\\\/\"]}]},{\"@type\":\"ImageObject\",\"inLanguage\":\"de\",\"@id\":\"https:\\\/\\\/www.jootjeshaakcadeautjes.nl\\\/de\\\/produkt\\\/holzperlen-glueckspilz-haken-buche-20-mm\\\/#primaryimage\",\"url\":\"https:\\\/\\\/d1dyryakdmle7o.cloudfront.net\\\/wp-content\\\/uploads\\\/2020\\\/11\\\/20201122_003350.jpg\",\"contentUrl\":\"https:\\\/\\\/d1dyryakdmle7o.cloudfront.net\\\/wp-content\\\/uploads\\\/2020\\\/11\\\/20201122_003350.jpg\",\"width\":1830,\"height\":1830},{\"@type\":\"BreadcrumbList\",\"@id\":\"https:\\\/\\\/www.jootjeshaakcadeautjes.nl\\\/de\\\/produkt\\\/holzperlen-glueckspilz-haken-buche-20-mm\\\/#breadcrumb\",\"itemListElement\":[{\"@type\":\"ListItem\",\"position\":1,\"name\":\"Startseite\",\"item\":\"https:\\\/\\\/www.jootjeshaakcadeautjes.nl\\\/de\\\/\"},{\"@type\":\"ListItem\",\"position\":2,\"name\":\"Gro\u00dfhandel mit Silikonperlen &#8211; Business und Consumer\",\"item\":\"https:\\\/\\\/www.jootjeshaakcadeautjes.nl\\\/de\\\/shop\\\/\"},{\"@type\":\"ListItem\",\"position\":3,\"name\":\"Holzperle &#8211; Gesicht\\\/Smiley &#8211; Gl\u00fcckspuppe herstellen &#8211; Buchenholz &#8211; 20 mm\"}]},{\"@type\":\"WebSite\",\"@id\":\"https:\\\/\\\/www.jootjeshaakcadeautjes.nl\\\/de\\\/#website\",\"url\":\"https:\\\/\\\/www.jootjeshaakcadeautjes.nl\\\/de\\\/\",\"name\":\"Jootjes Haakcadeautjes\",\"description\":\"Silikonperlen Gro\u00dfhandel \",\"publisher\":{\"@id\":\"https:\\\/\\\/www.jootjeshaakcadeautjes.nl\\\/de\\\/#organization\"},\"potentialAction\":[{\"@type\":\"SearchAction\",\"target\":{\"@type\":\"EntryPoint\",\"urlTemplate\":\"https:\\\/\\\/www.jootjeshaakcadeautjes.nl\\\/de\\\/?s={search_term_string}\"},\"query-input\":{\"@type\":\"PropertyValueSpecification\",\"valueRequired\":true,\"valueName\":\"search_term_string\"}}],\"inLanguage\":\"de\"},{\"@type\":\"Organization\",\"@id\":\"https:\\\/\\\/www.jootjeshaakcadeautjes.nl\\\/de\\\/#organization\",\"name\":\"Jootjes Haakcadeautjes\",\"url\":\"https:\\\/\\\/www.jootjeshaakcadeautjes.nl\\\/de\\\/\",\"logo\":{\"@type\":\"ImageObject\",\"inLanguage\":\"de\",\"@id\":\"https:\\\/\\\/www.jootjeshaakcadeautjes.nl\\\/de\\\/#\\\/schema\\\/logo\\\/image\\\/\",\"url\":\"https:\\\/\\\/d1dyryakdmle7o.cloudfront.net\\\/wp-content\\\/uploads\\\/2023\\\/05\\\/Logo-rond.png\",\"contentUrl\":\"https:\\\/\\\/d1dyryakdmle7o.cloudfront.net\\\/wp-content\\\/uploads\\\/2023\\\/05\\\/Logo-rond.png\",\"width\":1222,\"height\":1222,\"caption\":\"Jootjes Haakcadeautjes\"},\"image\":{\"@id\":\"https:\\\/\\\/www.jootjeshaakcadeautjes.nl\\\/de\\\/#\\\/schema\\\/logo\\\/image\\\/\"}}]}<\/script>\n<meta property=\"product:price:amount\" content=\"0.60\" \/>\n<meta property=\"product:price:currency\" content=\"EUR\" \/>\n<meta property=\"og:availability\" content=\"instock\" \/>\n<meta property=\"product:availability\" content=\"instock\" \/>\n<meta property=\"product:retailer_item_id\" content=\"HKR-BHA-SMI\" \/>\n<meta property=\"product:condition\" content=\"new\" \/>\n<!-- \/ Yoast SEO Premium plugin. -->","yoast_head_json":{"title":"Holzperle mit Smiley-Gesicht f\u00fcr Gl\u00fcckspuppen - Buche - 20 mm","description":"Holzperle mit Smiley-Gesicht aus Buchenholz f\u00fcr gl\u00fcckliche Puppen. Die Holzperle ist 20 mm gro\u00df und hat ein beidseitig lesbares Schriftbild.","robots":{"index":"index","follow":"follow","max-snippet":"max-snippet:-1","max-image-preview":"max-image-preview:large","max-video-preview":"max-video-preview:-1"},"canonical":"https:\/\/www.jootjeshaakcadeautjes.nl\/de\/produkt\/holzperlen-glueckspilz-haken-buche-20-mm\/","og_locale":"de_DE","og_type":"article","og_title":"Holzperle - Gesicht\/Smiley - Gl\u00fcckspuppe herstellen - Buchenholz - 20 mm","og_description":"Holzperle mit Smiley-Gesicht aus Buchenholz f\u00fcr gl\u00fcckliche Puppen. Die Holzperle ist 20 mm gro\u00df und hat ein beidseitig lesbares Schriftbild.","og_url":"https:\/\/www.jootjeshaakcadeautjes.nl\/de\/produkt\/holzperlen-glueckspilz-haken-buche-20-mm\/","og_site_name":"Jootjes Haakcadeautjes","article_modified_time":"2025-03-11T15:58:06+00:00","og_image":[{"width":1830,"height":1830,"url":"https:\/\/www.jootjeshaakcadeautjes.nl\/wp-content\/uploads\/2020\/11\/20201122_003350.jpg","type":"image\/jpeg"}],"twitter_card":"summary_large_image","twitter_misc":{"Preis":"&euro;0.60 inkl. MwSt.","Verf\u00fcgbarkeit":"Auf Lager"},"schema":{"@context":"https:\/\/schema.org","@graph":[{"@type":"WebPage","@id":"https:\/\/www.jootjeshaakcadeautjes.nl\/de\/produkt\/holzperlen-glueckspilz-haken-buche-20-mm\/","url":"https:\/\/www.jootjeshaakcadeautjes.nl\/de\/produkt\/holzperlen-glueckspilz-haken-buche-20-mm\/","name":"Holzperle mit Smiley-Gesicht f\u00fcr Gl\u00fcckspuppen - Buche - 20 mm","isPartOf":{"@id":"https:\/\/www.jootjeshaakcadeautjes.nl\/de\/#website"},"primaryImageOfPage":{"@id":"https:\/\/www.jootjeshaakcadeautjes.nl\/de\/produkt\/holzperlen-glueckspilz-haken-buche-20-mm\/#primaryimage"},"image":{"@id":"https:\/\/www.jootjeshaakcadeautjes.nl\/de\/produkt\/holzperlen-glueckspilz-haken-buche-20-mm\/#primaryimage"},"thumbnailUrl":"https:\/\/d1dyryakdmle7o.cloudfront.net\/wp-content\/uploads\/2020\/11\/20201122_003350.jpg","datePublished":"2020-11-21T09:05:02+00:00","dateModified":"2025-03-11T15:58:06+00:00","description":"Holzperle mit Smiley-Gesicht aus Buchenholz f\u00fcr gl\u00fcckliche Puppen. Die Holzperle ist 20 mm gro\u00df und hat ein beidseitig lesbares Schriftbild.","breadcrumb":{"@id":"https:\/\/www.jootjeshaakcadeautjes.nl\/de\/produkt\/holzperlen-glueckspilz-haken-buche-20-mm\/#breadcrumb"},"inLanguage":"de","potentialAction":[{"@type":"ReadAction","target":["https:\/\/www.jootjeshaakcadeautjes.nl\/de\/produkt\/holzperlen-glueckspilz-haken-buche-20-mm\/"]}]},{"@type":"ImageObject","inLanguage":"de","@id":"https:\/\/www.jootjeshaakcadeautjes.nl\/de\/produkt\/holzperlen-glueckspilz-haken-buche-20-mm\/#primaryimage","url":"https:\/\/d1dyryakdmle7o.cloudfront.net\/wp-content\/uploads\/2020\/11\/20201122_003350.jpg","contentUrl":"https:\/\/d1dyryakdmle7o.cloudfront.net\/wp-content\/uploads\/2020\/11\/20201122_003350.jpg","width":1830,"height":1830},{"@type":"BreadcrumbList","@id":"https:\/\/www.jootjeshaakcadeautjes.nl\/de\/produkt\/holzperlen-glueckspilz-haken-buche-20-mm\/#breadcrumb","itemListElement":[{"@type":"ListItem","position":1,"name":"Startseite","item":"https:\/\/www.jootjeshaakcadeautjes.nl\/de\/"},{"@type":"ListItem","position":2,"name":"Gro\u00dfhandel mit Silikonperlen &#8211; Business und Consumer","item":"https:\/\/www.jootjeshaakcadeautjes.nl\/de\/shop\/"},{"@type":"ListItem","position":3,"name":"Holzperle &#8211; Gesicht\/Smiley &#8211; Gl\u00fcckspuppe herstellen &#8211; Buchenholz &#8211; 20 mm"}]},{"@type":"WebSite","@id":"https:\/\/www.jootjeshaakcadeautjes.nl\/de\/#website","url":"https:\/\/www.jootjeshaakcadeautjes.nl\/de\/","name":"Jootjes Haakcadeautjes","description":"Silikonperlen Gro\u00dfhandel ","publisher":{"@id":"https:\/\/www.jootjeshaakcadeautjes.nl\/de\/#organization"},"potentialAction":[{"@type":"SearchAction","target":{"@type":"EntryPoint","urlTemplate":"https:\/\/www.jootjeshaakcadeautjes.nl\/de\/?s={search_term_string}"},"query-input":{"@type":"PropertyValueSpecification","valueRequired":true,"valueName":"search_term_string"}}],"inLanguage":"de"},{"@type":"Organization","@id":"https:\/\/www.jootjeshaakcadeautjes.nl\/de\/#organization","name":"Jootjes Haakcadeautjes","url":"https:\/\/www.jootjeshaakcadeautjes.nl\/de\/","logo":{"@type":"ImageObject","inLanguage":"de","@id":"https:\/\/www.jootjeshaakcadeautjes.nl\/de\/#\/schema\/logo\/image\/","url":"https:\/\/d1dyryakdmle7o.cloudfront.net\/wp-content\/uploads\/2023\/05\/Logo-rond.png","contentUrl":"https:\/\/d1dyryakdmle7o.cloudfront.net\/wp-content\/uploads\/2023\/05\/Logo-rond.png","width":1222,"height":1222,"caption":"Jootjes Haakcadeautjes"},"image":{"@id":"https:\/\/www.jootjeshaakcadeautjes.nl\/de\/#\/schema\/logo\/image\/"}}]},"product_price_amount":"0.60","product_price_currency":"EUR","og_availability":"instock","product_availability":"instock","product_retailer_item_id":"HKR-BHA-SMI","product_condition":"new"},"_links":{"self":[{"href":"https:\/\/www.jootjeshaakcadeautjes.nl\/de\/wp-json\/wp\/v2\/product\/122284","targetHints":{"allow":["GET"]}}],"collection":[{"href":"https:\/\/www.jootjeshaakcadeautjes.nl\/de\/wp-json\/wp\/v2\/product"}],"about":[{"href":"https:\/\/www.jootjeshaakcadeautjes.nl\/de\/wp-json\/wp\/v2\/types\/product"}],"version-history":[{"count":0,"href":"https:\/\/www.jootjeshaakcadeautjes.nl\/de\/wp-json\/wp\/v2\/product\/122284\/revisions"}],"wp:featuredmedia":[{"embeddable":true,"href":"https:\/\/www.jootjeshaakcadeautjes.nl\/de\/wp-json\/wp\/v2\/media\/74581"}],"wp:attachment":[{"href":"https:\/\/www.jootjeshaakcadeautjes.nl\/de\/wp-json\/wp\/v2\/media?parent=122284"}],"wp:term":[{"taxonomy":"product_brand","embeddable":true,"href":"https:\/\/www.jootjeshaakcadeautjes.nl\/de\/wp-json\/wp\/v2\/product_brand?post=122284"},{"taxonomy":"product_cat","embeddable":true,"href":"https:\/\/www.jootjeshaakcadeautjes.nl\/de\/wp-json\/wp\/v2\/product_cat?post=122284"},{"taxonomy":"product_tag","embeddable":true,"href":"https:\/\/www.jootjeshaakcadeautjes.nl\/de\/wp-json\/wp\/v2\/product_tag?post=122284"}],"curies":[{"name":"wp","href":"https:\/\/api.w.org\/{rel}","templated":true}]}}