{"id":122297,"date":"2020-11-21T14:27:36","date_gmt":"2020-11-21T13:27:36","guid":{"rendered":"https:\/\/www.jootjeshaakcadeautjes.nl\/product\/holzperle-18-mm-ahorn\/"},"modified":"2025-09-16T15:25:31","modified_gmt":"2025-09-16T13:25:31","slug":"holzperle-18-mm-ahorn","status":"publish","type":"product","link":"https:\/\/www.jootjeshaakcadeautjes.nl\/de\/produkt\/holzperle-18-mm-ahorn\/","title":{"rendered":"Holzperle &#8211; 18 mm rund &#8211; Ahorn"},"content":{"rendered":"<p><strong>Holzperlen mit einem Durchmesser von 18 mm.<\/strong><\/p>\n<p>Hergestellt aus rohem (nicht lackiertem, gebeiztem oder ge\u00f6ltem) Holz.<br \/>\nDie Holzperlen sind ein Naturprodukt und k\u00f6nnen daher noch minimale Abweichungen aufweisen.<\/p>\n<p><span style=\"text-decoration: underline;\"><strong>Wof\u00fcr verwenden Sie also am besten was?<\/strong><\/span><\/p>\n<p>F\u00fcr eine Stillkette verwende ich normalerweise <a href=\"https:\/\/www.jootjeshaakcadeautjes.nl\/product\/houten-kraal-30-mm\/\">30-mm-Perlen<\/a>.<\/p>\n<p>Ein Bei\u00dfring mit Perlen (siehe Beispiel unten) besteht haupts\u00e4chlich aus:<\/p>\n<ul>\n<li>2x ein <a href=\"https:\/\/www.jootjeshaakcadeautjes.nl\/product\/houten-ring-56-mm5-6-cm\/\">5,6 cm Ring<\/a> oder 2x ein 4,5 cm Ring<\/li>\n<li>6x eine <a href=\"https:\/\/www.jootjeshaakcadeautjes.nl\/product\/houten-kraal-20-mm\/\">16\/20<\/a> mm Holzperle<\/li>\n<li>6x eine geh\u00e4kelte Holzperle <a href=\"https:\/\/www.jootjeshaakcadeautjes.nl\/de\/produkt\/holzperle-25-mm\/\">20\/25<\/a> mm<\/li>\n<\/ul>\n<p>Je nach gew\u00fcnschter Gr\u00f6\u00dfe w\u00e4hlen Sie zwischen den kleineren oder den gr\u00f6\u00dferen Varianten der Materialien.<\/p>\n<p><a href=\"https:\/\/d1dyryakdmle7o.cloudfront.net\/wp-content\/uploads\/2016\/03\/wooden-font-b-teething-b-font-font-b-ring-b-font-Crochet-beads-rattle-Amigurumi-Baby.jpg\" rel=\"attachment wp-att-318\"><img decoding=\"async\" class=\"alignnone size-medium wp-image-318\" src=\"https:\/\/www.jootjeshaakcadeautjes.nl\/wp-content\/themes\/woodmart\/images\/lazy.svg\" data-src=\"https:\/\/d1dyryakdmle7o.cloudfront.net\/wp-content\/uploads\/2016\/03\/wooden-font-b-teething-b-font-font-b-ring-b-font-Crochet-beads-rattle-Amigurumi-Baby-300x300.jpg\" alt=\"Holzschrift-B-Bei\u00dfring-B-Schrift-B-Ring-B-Schrift-Crochet-Perlen-Rassel-Amigurumi-Baby\" width=\"300\" height=\"300\"><\/a><a href=\"https:\/\/d1dyryakdmle7o.cloudfront.net\/wp-content\/uploads\/2016\/03\/Fade-Grey-cream-white-crochet-teething-necklace-wood-beads-baby-toy-baby-teether-necklace-NW1706.jpg\"><img decoding=\"async\" class=\"alignnone size-medium wp-image-332\" src=\"https:\/\/www.jootjeshaakcadeautjes.nl\/wp-content\/themes\/woodmart\/images\/lazy.svg\" data-src=\"https:\/\/d1dyryakdmle7o.cloudfront.net\/wp-content\/uploads\/2016\/03\/Fade-Grey-cream-white-crochet-teething-necklace-wood-beads-baby-toy-baby-teether-necklace-NW1706-300x232.jpg\" alt=\"\" width=\"300\" height=\"232\"><\/a><\/p>\n<p><strong>Bei\u00dfring mit Perlen Halskette zum Stillen<\/strong><\/p>\n","protected":false},"excerpt":{"rendered":"<p><strong>Holzperle 18 mm rund Ahornholz.  <\/strong><\/p>\n<p>Unbehandelt, CE-zertifiziert.<br \/>\nKindersicher, f\u00fcr Bei\u00dfring, Schl\u00fcsselanh\u00e4nger oder Spielschnur.<\/p>\n<p>&nbsp;<\/p>\n","protected":false},"featured_media":79960,"template":"","meta":[],"product_brand":[],"product_cat":[7380,9739,8045,9405],"product_tag":[9748,9745,9747,8268,9743,9025,9943,7196,8046,9467,7199,8089,7435],"class_list":{"0":"post-122297","1":"product","2":"type-product","3":"status-publish","4":"has-post-thumbnail","6":"product_cat-herstellung-von-baby-beisspielzeug-materialien-fur-schnuller-und-beisringe","7":"product_cat-holzperlen-ahorn-makramee-und-hakeln","8":"product_cat-holzperlen-schnullerband-und-beisring-alle-holzperlen","9":"product_cat-holzperlen-fur-makramee-und-hakeln","10":"product_tag-18-de","11":"product_tag-18mm-de","12":"product_tag-ahorn-de-2","13":"product_tag-hakchen","14":"product_tag-hakeln-de-4","15":"product_tag-hakeln","16":"product_tag-haken-de","17":"product_tag-holz","18":"product_tag-holz-de","19":"product_tag-makramee","20":"product_tag-perlen","21":"product_tag-roh","22":"product_tag-wulst","24":"first","25":"instock","26":"taxable","27":"shipping-taxable","28":"purchasable","29":"product-type-simple"},"bundled_by":[],"bundle_stock_status":"instock","bundle_stock_quantity":44,"bundle_virtual":false,"bundle_layout":"","bundle_add_to_cart_form_location":"","bundle_editable_in_cart":false,"bundle_sold_individually_context":"","bundle_item_grouping":"","bundle_min_size":"","bundle_max_size":"","bundle_price":[],"bundled_items":[],"bundle_sell_ids":[],"yoast_head":"<!-- This site is optimized with the Yoast SEO Premium plugin v27.6 (Yoast SEO v27.6) - https:\/\/yoast.com\/product\/yoast-seo-premium-wordpress\/ -->\n<title>Holzperle - 18 mm rund - Ahorn - Jootjes Haakcadeautjes% Gro\u00dfhandel | Babysafe<\/title>\n<meta name=\"description\" content=\"Holzperle 16 mm rund Ahornholz. Unbehandelt, CE-zertifiziert. Kindersicher, f\u00fcr Bei\u00dfring, Schl\u00fcsselanh\u00e4nger oder Spielschnur.\" \/>\n<meta name=\"robots\" content=\"index, follow, max-snippet:-1, max-image-preview:large, max-video-preview:-1\" \/>\n<link rel=\"canonical\" href=\"https:\/\/www.jootjeshaakcadeautjes.nl\/de\/produkt\/holzperle-18-mm-ahorn\/\" \/>\n<meta property=\"og:locale\" content=\"de_DE\" \/>\n<meta property=\"og:type\" content=\"article\" \/>\n<meta property=\"og:title\" content=\"Holzperle - 18 mm rund - Ahorn\" \/>\n<meta property=\"og:description\" content=\"Holzperle 16 mm rund Ahornholz. Unbehandelt, CE-zertifiziert. Kindersicher, f\u00fcr Bei\u00dfring, Schl\u00fcsselanh\u00e4nger oder Spielschnur.\" \/>\n<meta property=\"og:url\" content=\"https:\/\/www.jootjeshaakcadeautjes.nl\/de\/produkt\/holzperle-18-mm-ahorn\/\" \/>\n<meta property=\"og:site_name\" content=\"Jootjes Haakcadeautjes\" \/>\n<meta property=\"article:modified_time\" content=\"2025-09-16T13:25:31+00:00\" \/>\n<meta property=\"og:image\" content=\"https:\/\/www.jootjeshaakcadeautjes.nl\/wp-content\/uploads\/2020\/11\/20220417_185235.jpg\" \/>\n\t<meta property=\"og:image:width\" content=\"2048\" \/>\n\t<meta property=\"og:image:height\" content=\"2048\" \/>\n\t<meta property=\"og:image:type\" content=\"image\/jpeg\" \/>\n<meta name=\"twitter:card\" content=\"summary_large_image\" \/>\n<meta name=\"twitter:label1\" content=\"Preis\" \/>\n\t<meta name=\"twitter:data1\" content=\"&euro;0.20 inkl. MwSt.\" \/>\n\t<meta name=\"twitter:label2\" content=\"Verf\u00fcgbarkeit\" \/>\n\t<meta name=\"twitter:data2\" content=\"Auf Lager\" \/>\n<script type=\"application\/ld+json\" class=\"yoast-schema-graph\">{\"@context\":\"https:\\\/\\\/schema.org\",\"@graph\":[{\"@type\":\"WebPage\",\"@id\":\"https:\\\/\\\/www.jootjeshaakcadeautjes.nl\\\/de\\\/produkt\\\/holzperle-18-mm-ahorn\\\/\",\"url\":\"https:\\\/\\\/www.jootjeshaakcadeautjes.nl\\\/de\\\/produkt\\\/holzperle-18-mm-ahorn\\\/\",\"name\":\"Holzperle - 18 mm rund - Ahorn - Jootjes Haakcadeautjes% Gro\u00dfhandel | Babysafe\",\"isPartOf\":{\"@id\":\"https:\\\/\\\/www.jootjeshaakcadeautjes.nl\\\/de\\\/#website\"},\"primaryImageOfPage\":{\"@id\":\"https:\\\/\\\/www.jootjeshaakcadeautjes.nl\\\/de\\\/produkt\\\/holzperle-18-mm-ahorn\\\/#primaryimage\"},\"image\":{\"@id\":\"https:\\\/\\\/www.jootjeshaakcadeautjes.nl\\\/de\\\/produkt\\\/holzperle-18-mm-ahorn\\\/#primaryimage\"},\"thumbnailUrl\":\"https:\\\/\\\/d1dyryakdmle7o.cloudfront.net\\\/wp-content\\\/uploads\\\/2020\\\/11\\\/20220417_185235.jpg\",\"datePublished\":\"2020-11-21T13:27:36+00:00\",\"dateModified\":\"2025-09-16T13:25:31+00:00\",\"description\":\"Holzperle 16 mm rund Ahornholz. Unbehandelt, CE-zertifiziert. Kindersicher, f\u00fcr Bei\u00dfring, Schl\u00fcsselanh\u00e4nger oder Spielschnur.\",\"breadcrumb\":{\"@id\":\"https:\\\/\\\/www.jootjeshaakcadeautjes.nl\\\/de\\\/produkt\\\/holzperle-18-mm-ahorn\\\/#breadcrumb\"},\"inLanguage\":\"de\",\"potentialAction\":[{\"@type\":\"ReadAction\",\"target\":[\"https:\\\/\\\/www.jootjeshaakcadeautjes.nl\\\/de\\\/produkt\\\/holzperle-18-mm-ahorn\\\/\"]}]},{\"@type\":\"ImageObject\",\"inLanguage\":\"de\",\"@id\":\"https:\\\/\\\/www.jootjeshaakcadeautjes.nl\\\/de\\\/produkt\\\/holzperle-18-mm-ahorn\\\/#primaryimage\",\"url\":\"https:\\\/\\\/d1dyryakdmle7o.cloudfront.net\\\/wp-content\\\/uploads\\\/2020\\\/11\\\/20220417_185235.jpg\",\"contentUrl\":\"https:\\\/\\\/d1dyryakdmle7o.cloudfront.net\\\/wp-content\\\/uploads\\\/2020\\\/11\\\/20220417_185235.jpg\",\"width\":2048,\"height\":2048,\"caption\":\"Ahornholz Perlen Schnuller Schnur Bei\u00dfring bpa frei Gro\u00dfhandel kaufen\"},{\"@type\":\"BreadcrumbList\",\"@id\":\"https:\\\/\\\/www.jootjeshaakcadeautjes.nl\\\/de\\\/produkt\\\/holzperle-18-mm-ahorn\\\/#breadcrumb\",\"itemListElement\":[{\"@type\":\"ListItem\",\"position\":1,\"name\":\"Startseite\",\"item\":\"https:\\\/\\\/www.jootjeshaakcadeautjes.nl\\\/de\\\/\"},{\"@type\":\"ListItem\",\"position\":2,\"name\":\"Gro\u00dfhandel mit Silikonperlen &#8211; Business und Consumer\",\"item\":\"https:\\\/\\\/www.jootjeshaakcadeautjes.nl\\\/de\\\/shop\\\/\"},{\"@type\":\"ListItem\",\"position\":3,\"name\":\"Holzperle &#8211; 18 mm rund &#8211; Ahorn\"}]},{\"@type\":\"WebSite\",\"@id\":\"https:\\\/\\\/www.jootjeshaakcadeautjes.nl\\\/de\\\/#website\",\"url\":\"https:\\\/\\\/www.jootjeshaakcadeautjes.nl\\\/de\\\/\",\"name\":\"Jootjes Haakcadeautjes\",\"description\":\"Silikonperlen Gro\u00dfhandel \",\"publisher\":{\"@id\":\"https:\\\/\\\/www.jootjeshaakcadeautjes.nl\\\/de\\\/#organization\"},\"potentialAction\":[{\"@type\":\"SearchAction\",\"target\":{\"@type\":\"EntryPoint\",\"urlTemplate\":\"https:\\\/\\\/www.jootjeshaakcadeautjes.nl\\\/de\\\/?s={search_term_string}\"},\"query-input\":{\"@type\":\"PropertyValueSpecification\",\"valueRequired\":true,\"valueName\":\"search_term_string\"}}],\"inLanguage\":\"de\"},{\"@type\":\"Organization\",\"@id\":\"https:\\\/\\\/www.jootjeshaakcadeautjes.nl\\\/de\\\/#organization\",\"name\":\"Jootjes Haakcadeautjes\",\"url\":\"https:\\\/\\\/www.jootjeshaakcadeautjes.nl\\\/de\\\/\",\"logo\":{\"@type\":\"ImageObject\",\"inLanguage\":\"de\",\"@id\":\"https:\\\/\\\/www.jootjeshaakcadeautjes.nl\\\/de\\\/#\\\/schema\\\/logo\\\/image\\\/\",\"url\":\"https:\\\/\\\/d1dyryakdmle7o.cloudfront.net\\\/wp-content\\\/uploads\\\/2023\\\/05\\\/Logo-rond.png\",\"contentUrl\":\"https:\\\/\\\/d1dyryakdmle7o.cloudfront.net\\\/wp-content\\\/uploads\\\/2023\\\/05\\\/Logo-rond.png\",\"width\":1222,\"height\":1222,\"caption\":\"Jootjes Haakcadeautjes\"},\"image\":{\"@id\":\"https:\\\/\\\/www.jootjeshaakcadeautjes.nl\\\/de\\\/#\\\/schema\\\/logo\\\/image\\\/\"}}]}<\/script>\n<meta property=\"product:price:amount\" content=\"0.20\" \/>\n<meta property=\"product:price:currency\" content=\"EUR\" \/>\n<meta property=\"og:availability\" content=\"instock\" \/>\n<meta property=\"product:availability\" content=\"instock\" \/>\n<meta property=\"product:retailer_item_id\" content=\"HOU-KRA-018\" \/>\n<meta property=\"product:condition\" content=\"new\" \/>\n<!-- \/ Yoast SEO Premium plugin. -->","yoast_head_json":{"title":"Holzperle - 18 mm rund - Ahorn - Jootjes Haakcadeautjes% Gro\u00dfhandel | Babysafe","description":"Holzperle 16 mm rund Ahornholz. Unbehandelt, CE-zertifiziert. Kindersicher, f\u00fcr Bei\u00dfring, Schl\u00fcsselanh\u00e4nger oder Spielschnur.","robots":{"index":"index","follow":"follow","max-snippet":"max-snippet:-1","max-image-preview":"max-image-preview:large","max-video-preview":"max-video-preview:-1"},"canonical":"https:\/\/www.jootjeshaakcadeautjes.nl\/de\/produkt\/holzperle-18-mm-ahorn\/","og_locale":"de_DE","og_type":"article","og_title":"Holzperle - 18 mm rund - Ahorn","og_description":"Holzperle 16 mm rund Ahornholz. Unbehandelt, CE-zertifiziert. Kindersicher, f\u00fcr Bei\u00dfring, Schl\u00fcsselanh\u00e4nger oder Spielschnur.","og_url":"https:\/\/www.jootjeshaakcadeautjes.nl\/de\/produkt\/holzperle-18-mm-ahorn\/","og_site_name":"Jootjes Haakcadeautjes","article_modified_time":"2025-09-16T13:25:31+00:00","og_image":[{"width":2048,"height":2048,"url":"https:\/\/www.jootjeshaakcadeautjes.nl\/wp-content\/uploads\/2020\/11\/20220417_185235.jpg","type":"image\/jpeg"}],"twitter_card":"summary_large_image","twitter_misc":{"Preis":"&euro;0.20 inkl. MwSt.","Verf\u00fcgbarkeit":"Auf Lager"},"schema":{"@context":"https:\/\/schema.org","@graph":[{"@type":"WebPage","@id":"https:\/\/www.jootjeshaakcadeautjes.nl\/de\/produkt\/holzperle-18-mm-ahorn\/","url":"https:\/\/www.jootjeshaakcadeautjes.nl\/de\/produkt\/holzperle-18-mm-ahorn\/","name":"Holzperle - 18 mm rund - Ahorn - Jootjes Haakcadeautjes% Gro\u00dfhandel | Babysafe","isPartOf":{"@id":"https:\/\/www.jootjeshaakcadeautjes.nl\/de\/#website"},"primaryImageOfPage":{"@id":"https:\/\/www.jootjeshaakcadeautjes.nl\/de\/produkt\/holzperle-18-mm-ahorn\/#primaryimage"},"image":{"@id":"https:\/\/www.jootjeshaakcadeautjes.nl\/de\/produkt\/holzperle-18-mm-ahorn\/#primaryimage"},"thumbnailUrl":"https:\/\/d1dyryakdmle7o.cloudfront.net\/wp-content\/uploads\/2020\/11\/20220417_185235.jpg","datePublished":"2020-11-21T13:27:36+00:00","dateModified":"2025-09-16T13:25:31+00:00","description":"Holzperle 16 mm rund Ahornholz. Unbehandelt, CE-zertifiziert. Kindersicher, f\u00fcr Bei\u00dfring, Schl\u00fcsselanh\u00e4nger oder Spielschnur.","breadcrumb":{"@id":"https:\/\/www.jootjeshaakcadeautjes.nl\/de\/produkt\/holzperle-18-mm-ahorn\/#breadcrumb"},"inLanguage":"de","potentialAction":[{"@type":"ReadAction","target":["https:\/\/www.jootjeshaakcadeautjes.nl\/de\/produkt\/holzperle-18-mm-ahorn\/"]}]},{"@type":"ImageObject","inLanguage":"de","@id":"https:\/\/www.jootjeshaakcadeautjes.nl\/de\/produkt\/holzperle-18-mm-ahorn\/#primaryimage","url":"https:\/\/d1dyryakdmle7o.cloudfront.net\/wp-content\/uploads\/2020\/11\/20220417_185235.jpg","contentUrl":"https:\/\/d1dyryakdmle7o.cloudfront.net\/wp-content\/uploads\/2020\/11\/20220417_185235.jpg","width":2048,"height":2048,"caption":"Ahornholz Perlen Schnuller Schnur Bei\u00dfring bpa frei Gro\u00dfhandel kaufen"},{"@type":"BreadcrumbList","@id":"https:\/\/www.jootjeshaakcadeautjes.nl\/de\/produkt\/holzperle-18-mm-ahorn\/#breadcrumb","itemListElement":[{"@type":"ListItem","position":1,"name":"Startseite","item":"https:\/\/www.jootjeshaakcadeautjes.nl\/de\/"},{"@type":"ListItem","position":2,"name":"Gro\u00dfhandel mit Silikonperlen &#8211; Business und Consumer","item":"https:\/\/www.jootjeshaakcadeautjes.nl\/de\/shop\/"},{"@type":"ListItem","position":3,"name":"Holzperle &#8211; 18 mm rund &#8211; Ahorn"}]},{"@type":"WebSite","@id":"https:\/\/www.jootjeshaakcadeautjes.nl\/de\/#website","url":"https:\/\/www.jootjeshaakcadeautjes.nl\/de\/","name":"Jootjes Haakcadeautjes","description":"Silikonperlen Gro\u00dfhandel ","publisher":{"@id":"https:\/\/www.jootjeshaakcadeautjes.nl\/de\/#organization"},"potentialAction":[{"@type":"SearchAction","target":{"@type":"EntryPoint","urlTemplate":"https:\/\/www.jootjeshaakcadeautjes.nl\/de\/?s={search_term_string}"},"query-input":{"@type":"PropertyValueSpecification","valueRequired":true,"valueName":"search_term_string"}}],"inLanguage":"de"},{"@type":"Organization","@id":"https:\/\/www.jootjeshaakcadeautjes.nl\/de\/#organization","name":"Jootjes Haakcadeautjes","url":"https:\/\/www.jootjeshaakcadeautjes.nl\/de\/","logo":{"@type":"ImageObject","inLanguage":"de","@id":"https:\/\/www.jootjeshaakcadeautjes.nl\/de\/#\/schema\/logo\/image\/","url":"https:\/\/d1dyryakdmle7o.cloudfront.net\/wp-content\/uploads\/2023\/05\/Logo-rond.png","contentUrl":"https:\/\/d1dyryakdmle7o.cloudfront.net\/wp-content\/uploads\/2023\/05\/Logo-rond.png","width":1222,"height":1222,"caption":"Jootjes Haakcadeautjes"},"image":{"@id":"https:\/\/www.jootjeshaakcadeautjes.nl\/de\/#\/schema\/logo\/image\/"}}]},"product_price_amount":"0.20","product_price_currency":"EUR","og_availability":"instock","product_availability":"instock","product_retailer_item_id":"HOU-KRA-018","product_condition":"new"},"_links":{"self":[{"href":"https:\/\/www.jootjeshaakcadeautjes.nl\/de\/wp-json\/wp\/v2\/product\/122297","targetHints":{"allow":["GET"]}}],"collection":[{"href":"https:\/\/www.jootjeshaakcadeautjes.nl\/de\/wp-json\/wp\/v2\/product"}],"about":[{"href":"https:\/\/www.jootjeshaakcadeautjes.nl\/de\/wp-json\/wp\/v2\/types\/product"}],"version-history":[{"count":0,"href":"https:\/\/www.jootjeshaakcadeautjes.nl\/de\/wp-json\/wp\/v2\/product\/122297\/revisions"}],"wp:featuredmedia":[{"embeddable":true,"href":"https:\/\/www.jootjeshaakcadeautjes.nl\/de\/wp-json\/wp\/v2\/media\/79960"}],"wp:attachment":[{"href":"https:\/\/www.jootjeshaakcadeautjes.nl\/de\/wp-json\/wp\/v2\/media?parent=122297"}],"wp:term":[{"taxonomy":"product_brand","embeddable":true,"href":"https:\/\/www.jootjeshaakcadeautjes.nl\/de\/wp-json\/wp\/v2\/product_brand?post=122297"},{"taxonomy":"product_cat","embeddable":true,"href":"https:\/\/www.jootjeshaakcadeautjes.nl\/de\/wp-json\/wp\/v2\/product_cat?post=122297"},{"taxonomy":"product_tag","embeddable":true,"href":"https:\/\/www.jootjeshaakcadeautjes.nl\/de\/wp-json\/wp\/v2\/product_tag?post=122297"}],"curies":[{"name":"wp","href":"https:\/\/api.w.org\/{rel}","templated":true}]}}