{"id":122329,"date":"2020-11-16T14:12:57","date_gmt":"2020-11-16T13:12:57","guid":{"rendered":"https:\/\/www.jootjeshaakcadeautjes.nl\/product\/knisperfolie-25-x-75-cm-opry\/"},"modified":"2025-03-11T03:35:59","modified_gmt":"2025-03-11T02:35:59","slug":"knisperfolie-25-x-75-cm-opry","status":"publish","type":"product","link":"https:\/\/www.jootjeshaakcadeautjes.nl\/de\/produkt\/knisperfolie-25-x-75-cm-opry\/","title":{"rendered":"Frischhaltefolie &#8211; 25 x 75 cm &#8211; Opry"},"content":{"rendered":"<h2>Frischhaltefolie &#8211; 25 x 75 cm &#8211; Opry<\/h2>\n<ul>\n<li>Material: Crinkle-Folie<\/li>\n<li>Gr\u00f6\u00dfe: 25 x 75 cm pro Blatt, Verkauf pro Blatt.<\/li>\n<li>Marke: Opry<\/li>\n<\/ul>\n<p>Es macht viel Spa\u00df, sie in H\u00e4kelprojekte f\u00fcr Kinder und Babys einzubauen. Tr\u00e4gt durch auditive Stimulation zur Entwicklung bei. Es macht Ger\u00e4usche, und zwar ganz andere als etwa eine Rassel oder eine Glocke. Es gibt also noch mehr zu entdecken. Auch zum N\u00e4hen (Babyb\u00fccher, Decken oder Spielzeugkisten\/Entdeckerboxen) geeignet. Macht super viel Spa\u00df, z.B. in Knufls W\u00fcrfel (H\u00e4kelw\u00fcrfel ist ein Buch von Knufl) einzubauen.<\/p>\n","protected":false},"excerpt":{"rendered":"<h2>Frischhaltefolie &#8211; 25 x 75 cm &#8211; Opry<\/h2>\n<ul>\n<li>Material: Crinkle-Folie<\/li>\n<li>Gr\u00f6\u00dfe: 25 x 75 cm pro Blatt, Verkauf pro Blatt.<\/li>\n<li>Marke: Opry<\/li>\n<\/ul>\n","protected":false},"featured_media":74209,"template":"","meta":[],"product_brand":[],"product_cat":[8247,8821],"product_tag":[9283,9769,7510,7420,9093,9772,8268,9774,9766,9762,7520,9770],"class_list":{"0":"post-122329","1":"product","2":"type-product","3":"status-publish","4":"has-post-thumbnail","6":"product_cat-bastelmaterial-hakelzubehor","7":"product_cat-rasselscheiben-rasselperlen-quietscher-knisterfolie-und-glockchen","8":"product_tag-25-de","9":"product_tag-75-de","10":"product_tag-baby-de","11":"product_tag-cm-de","12":"product_tag-entwicklung","13":"product_tag-erhohen","14":"product_tag-hakchen","15":"product_tag-klingt","16":"product_tag-knitterfolie","17":"product_tag-opry-de","18":"product_tag-sicher","19":"product_tag-wurfel-de","21":"first","22":"instock","23":"taxable","24":"shipping-taxable","25":"purchasable","26":"product-type-simple"},"bundled_by":[],"bundle_stock_status":"instock","bundle_stock_quantity":25,"bundle_virtual":false,"bundle_layout":"","bundle_add_to_cart_form_location":"","bundle_editable_in_cart":false,"bundle_sold_individually_context":"","bundle_item_grouping":"","bundle_min_size":"","bundle_max_size":"","bundle_price":[],"bundled_items":[],"bundle_sell_ids":[],"yoast_head":"<!-- This site is optimized with the Yoast SEO Premium plugin v27.6 (Yoast SEO v27.6) - https:\/\/yoast.com\/product\/yoast-seo-premium-wordpress\/ -->\n<title>Frischhaltefolie - 25 x 75 cm - Opry - Jootjes Haakcadeautjes<\/title>\n<meta name=\"description\" content=\"Krabbeltuch f\u00fcr Babys - 25 x 75 cm - Opry. Es macht viel Spa\u00df, sie in H\u00e4kelprojekte f\u00fcr Kinder und Babys einzubauen. Babysicher.\" \/>\n<meta name=\"robots\" content=\"index, follow, max-snippet:-1, max-image-preview:large, max-video-preview:-1\" \/>\n<link rel=\"canonical\" href=\"https:\/\/www.jootjeshaakcadeautjes.nl\/de\/produkt\/knisperfolie-25-x-75-cm-opry\/\" \/>\n<meta property=\"og:locale\" content=\"de_DE\" \/>\n<meta property=\"og:type\" content=\"article\" \/>\n<meta property=\"og:title\" content=\"Frischhaltefolie - 25 x 75 cm - Opry\" \/>\n<meta property=\"og:description\" content=\"Krabbeltuch f\u00fcr Babys - 25 x 75 cm - Opry. Es macht viel Spa\u00df, sie in H\u00e4kelprojekte f\u00fcr Kinder und Babys einzubauen. Babysicher.\" \/>\n<meta property=\"og:url\" content=\"https:\/\/www.jootjeshaakcadeautjes.nl\/de\/produkt\/knisperfolie-25-x-75-cm-opry\/\" \/>\n<meta property=\"og:site_name\" content=\"Jootjes Haakcadeautjes\" \/>\n<meta property=\"article:modified_time\" content=\"2025-03-11T02:35:59+00:00\" \/>\n<meta property=\"og:image\" content=\"https:\/\/www.jootjeshaakcadeautjes.nl\/wp-content\/uploads\/2020\/11\/opry-opry-knisperfolie-25x75cm.jpg\" \/>\n\t<meta property=\"og:image:width\" content=\"890\" \/>\n\t<meta property=\"og:image:height\" content=\"820\" \/>\n\t<meta property=\"og:image:type\" content=\"image\/jpeg\" \/>\n<meta name=\"twitter:card\" content=\"summary_large_image\" \/>\n<meta name=\"twitter:label1\" content=\"Preis\" \/>\n\t<meta name=\"twitter:data1\" content=\"&euro;1.50 inkl. MwSt.\" \/>\n\t<meta name=\"twitter:label2\" content=\"Verf\u00fcgbarkeit\" \/>\n\t<meta name=\"twitter:data2\" content=\"Auf Lager\" \/>\n<script type=\"application\/ld+json\" class=\"yoast-schema-graph\">{\"@context\":\"https:\\\/\\\/schema.org\",\"@graph\":[{\"@type\":\"WebPage\",\"@id\":\"https:\\\/\\\/www.jootjeshaakcadeautjes.nl\\\/de\\\/produkt\\\/knisperfolie-25-x-75-cm-opry\\\/\",\"url\":\"https:\\\/\\\/www.jootjeshaakcadeautjes.nl\\\/de\\\/produkt\\\/knisperfolie-25-x-75-cm-opry\\\/\",\"name\":\"Frischhaltefolie - 25 x 75 cm - Opry - Jootjes Haakcadeautjes\",\"isPartOf\":{\"@id\":\"https:\\\/\\\/www.jootjeshaakcadeautjes.nl\\\/de\\\/#website\"},\"primaryImageOfPage\":{\"@id\":\"https:\\\/\\\/www.jootjeshaakcadeautjes.nl\\\/de\\\/produkt\\\/knisperfolie-25-x-75-cm-opry\\\/#primaryimage\"},\"image\":{\"@id\":\"https:\\\/\\\/www.jootjeshaakcadeautjes.nl\\\/de\\\/produkt\\\/knisperfolie-25-x-75-cm-opry\\\/#primaryimage\"},\"thumbnailUrl\":\"https:\\\/\\\/d1dyryakdmle7o.cloudfront.net\\\/wp-content\\\/uploads\\\/2020\\\/11\\\/opry-opry-knisperfolie-25x75cm.jpg\",\"datePublished\":\"2020-11-16T13:12:57+00:00\",\"dateModified\":\"2025-03-11T02:35:59+00:00\",\"description\":\"Krabbeltuch f\u00fcr Babys - 25 x 75 cm - Opry. Es macht viel Spa\u00df, sie in H\u00e4kelprojekte f\u00fcr Kinder und Babys einzubauen. Babysicher.\",\"breadcrumb\":{\"@id\":\"https:\\\/\\\/www.jootjeshaakcadeautjes.nl\\\/de\\\/produkt\\\/knisperfolie-25-x-75-cm-opry\\\/#breadcrumb\"},\"inLanguage\":\"de\",\"potentialAction\":[{\"@type\":\"ReadAction\",\"target\":[\"https:\\\/\\\/www.jootjeshaakcadeautjes.nl\\\/de\\\/produkt\\\/knisperfolie-25-x-75-cm-opry\\\/\"]}]},{\"@type\":\"ImageObject\",\"inLanguage\":\"de\",\"@id\":\"https:\\\/\\\/www.jootjeshaakcadeautjes.nl\\\/de\\\/produkt\\\/knisperfolie-25-x-75-cm-opry\\\/#primaryimage\",\"url\":\"https:\\\/\\\/d1dyryakdmle7o.cloudfront.net\\\/wp-content\\\/uploads\\\/2020\\\/11\\\/opry-opry-knisperfolie-25x75cm.jpg\",\"contentUrl\":\"https:\\\/\\\/d1dyryakdmle7o.cloudfront.net\\\/wp-content\\\/uploads\\\/2020\\\/11\\\/opry-opry-knisperfolie-25x75cm.jpg\",\"width\":890,\"height\":820,\"caption\":\"Frischhaltefolie 25 x 75 cm opry baby safe\"},{\"@type\":\"BreadcrumbList\",\"@id\":\"https:\\\/\\\/www.jootjeshaakcadeautjes.nl\\\/de\\\/produkt\\\/knisperfolie-25-x-75-cm-opry\\\/#breadcrumb\",\"itemListElement\":[{\"@type\":\"ListItem\",\"position\":1,\"name\":\"Startseite\",\"item\":\"https:\\\/\\\/www.jootjeshaakcadeautjes.nl\\\/de\\\/\"},{\"@type\":\"ListItem\",\"position\":2,\"name\":\"Gro\u00dfhandel mit Silikonperlen &#8211; Business und Consumer\",\"item\":\"https:\\\/\\\/www.jootjeshaakcadeautjes.nl\\\/de\\\/shop\\\/\"},{\"@type\":\"ListItem\",\"position\":3,\"name\":\"Frischhaltefolie &#8211; 25 x 75 cm &#8211; Opry\"}]},{\"@type\":\"WebSite\",\"@id\":\"https:\\\/\\\/www.jootjeshaakcadeautjes.nl\\\/de\\\/#website\",\"url\":\"https:\\\/\\\/www.jootjeshaakcadeautjes.nl\\\/de\\\/\",\"name\":\"Jootjes Haakcadeautjes\",\"description\":\"Silikonperlen Gro\u00dfhandel \",\"publisher\":{\"@id\":\"https:\\\/\\\/www.jootjeshaakcadeautjes.nl\\\/de\\\/#organization\"},\"potentialAction\":[{\"@type\":\"SearchAction\",\"target\":{\"@type\":\"EntryPoint\",\"urlTemplate\":\"https:\\\/\\\/www.jootjeshaakcadeautjes.nl\\\/de\\\/?s={search_term_string}\"},\"query-input\":{\"@type\":\"PropertyValueSpecification\",\"valueRequired\":true,\"valueName\":\"search_term_string\"}}],\"inLanguage\":\"de\"},{\"@type\":\"Organization\",\"@id\":\"https:\\\/\\\/www.jootjeshaakcadeautjes.nl\\\/de\\\/#organization\",\"name\":\"Jootjes Haakcadeautjes\",\"url\":\"https:\\\/\\\/www.jootjeshaakcadeautjes.nl\\\/de\\\/\",\"logo\":{\"@type\":\"ImageObject\",\"inLanguage\":\"de\",\"@id\":\"https:\\\/\\\/www.jootjeshaakcadeautjes.nl\\\/de\\\/#\\\/schema\\\/logo\\\/image\\\/\",\"url\":\"https:\\\/\\\/d1dyryakdmle7o.cloudfront.net\\\/wp-content\\\/uploads\\\/2023\\\/05\\\/Logo-rond.png\",\"contentUrl\":\"https:\\\/\\\/d1dyryakdmle7o.cloudfront.net\\\/wp-content\\\/uploads\\\/2023\\\/05\\\/Logo-rond.png\",\"width\":1222,\"height\":1222,\"caption\":\"Jootjes Haakcadeautjes\"},\"image\":{\"@id\":\"https:\\\/\\\/www.jootjeshaakcadeautjes.nl\\\/de\\\/#\\\/schema\\\/logo\\\/image\\\/\"}}]}<\/script>\n<meta property=\"product:price:amount\" content=\"1.50\" \/>\n<meta property=\"product:price:currency\" content=\"EUR\" \/>\n<meta property=\"og:availability\" content=\"instock\" \/>\n<meta property=\"product:availability\" content=\"instock\" \/>\n<meta property=\"product:retailer_item_id\" content=\"KNI-SPR-FOL\" \/>\n<meta property=\"product:condition\" content=\"new\" \/>\n<!-- \/ Yoast SEO Premium plugin. -->","yoast_head_json":{"title":"Frischhaltefolie - 25 x 75 cm - Opry - Jootjes Haakcadeautjes","description":"Krabbeltuch f\u00fcr Babys - 25 x 75 cm - Opry. Es macht viel Spa\u00df, sie in H\u00e4kelprojekte f\u00fcr Kinder und Babys einzubauen. Babysicher.","robots":{"index":"index","follow":"follow","max-snippet":"max-snippet:-1","max-image-preview":"max-image-preview:large","max-video-preview":"max-video-preview:-1"},"canonical":"https:\/\/www.jootjeshaakcadeautjes.nl\/de\/produkt\/knisperfolie-25-x-75-cm-opry\/","og_locale":"de_DE","og_type":"article","og_title":"Frischhaltefolie - 25 x 75 cm - Opry","og_description":"Krabbeltuch f\u00fcr Babys - 25 x 75 cm - Opry. Es macht viel Spa\u00df, sie in H\u00e4kelprojekte f\u00fcr Kinder und Babys einzubauen. Babysicher.","og_url":"https:\/\/www.jootjeshaakcadeautjes.nl\/de\/produkt\/knisperfolie-25-x-75-cm-opry\/","og_site_name":"Jootjes Haakcadeautjes","article_modified_time":"2025-03-11T02:35:59+00:00","og_image":[{"width":890,"height":820,"url":"https:\/\/www.jootjeshaakcadeautjes.nl\/wp-content\/uploads\/2020\/11\/opry-opry-knisperfolie-25x75cm.jpg","type":"image\/jpeg"}],"twitter_card":"summary_large_image","twitter_misc":{"Preis":"&euro;1.50 inkl. MwSt.","Verf\u00fcgbarkeit":"Auf Lager"},"schema":{"@context":"https:\/\/schema.org","@graph":[{"@type":"WebPage","@id":"https:\/\/www.jootjeshaakcadeautjes.nl\/de\/produkt\/knisperfolie-25-x-75-cm-opry\/","url":"https:\/\/www.jootjeshaakcadeautjes.nl\/de\/produkt\/knisperfolie-25-x-75-cm-opry\/","name":"Frischhaltefolie - 25 x 75 cm - Opry - Jootjes Haakcadeautjes","isPartOf":{"@id":"https:\/\/www.jootjeshaakcadeautjes.nl\/de\/#website"},"primaryImageOfPage":{"@id":"https:\/\/www.jootjeshaakcadeautjes.nl\/de\/produkt\/knisperfolie-25-x-75-cm-opry\/#primaryimage"},"image":{"@id":"https:\/\/www.jootjeshaakcadeautjes.nl\/de\/produkt\/knisperfolie-25-x-75-cm-opry\/#primaryimage"},"thumbnailUrl":"https:\/\/d1dyryakdmle7o.cloudfront.net\/wp-content\/uploads\/2020\/11\/opry-opry-knisperfolie-25x75cm.jpg","datePublished":"2020-11-16T13:12:57+00:00","dateModified":"2025-03-11T02:35:59+00:00","description":"Krabbeltuch f\u00fcr Babys - 25 x 75 cm - Opry. Es macht viel Spa\u00df, sie in H\u00e4kelprojekte f\u00fcr Kinder und Babys einzubauen. Babysicher.","breadcrumb":{"@id":"https:\/\/www.jootjeshaakcadeautjes.nl\/de\/produkt\/knisperfolie-25-x-75-cm-opry\/#breadcrumb"},"inLanguage":"de","potentialAction":[{"@type":"ReadAction","target":["https:\/\/www.jootjeshaakcadeautjes.nl\/de\/produkt\/knisperfolie-25-x-75-cm-opry\/"]}]},{"@type":"ImageObject","inLanguage":"de","@id":"https:\/\/www.jootjeshaakcadeautjes.nl\/de\/produkt\/knisperfolie-25-x-75-cm-opry\/#primaryimage","url":"https:\/\/d1dyryakdmle7o.cloudfront.net\/wp-content\/uploads\/2020\/11\/opry-opry-knisperfolie-25x75cm.jpg","contentUrl":"https:\/\/d1dyryakdmle7o.cloudfront.net\/wp-content\/uploads\/2020\/11\/opry-opry-knisperfolie-25x75cm.jpg","width":890,"height":820,"caption":"Frischhaltefolie 25 x 75 cm opry baby safe"},{"@type":"BreadcrumbList","@id":"https:\/\/www.jootjeshaakcadeautjes.nl\/de\/produkt\/knisperfolie-25-x-75-cm-opry\/#breadcrumb","itemListElement":[{"@type":"ListItem","position":1,"name":"Startseite","item":"https:\/\/www.jootjeshaakcadeautjes.nl\/de\/"},{"@type":"ListItem","position":2,"name":"Gro\u00dfhandel mit Silikonperlen &#8211; Business und Consumer","item":"https:\/\/www.jootjeshaakcadeautjes.nl\/de\/shop\/"},{"@type":"ListItem","position":3,"name":"Frischhaltefolie &#8211; 25 x 75 cm &#8211; Opry"}]},{"@type":"WebSite","@id":"https:\/\/www.jootjeshaakcadeautjes.nl\/de\/#website","url":"https:\/\/www.jootjeshaakcadeautjes.nl\/de\/","name":"Jootjes Haakcadeautjes","description":"Silikonperlen Gro\u00dfhandel ","publisher":{"@id":"https:\/\/www.jootjeshaakcadeautjes.nl\/de\/#organization"},"potentialAction":[{"@type":"SearchAction","target":{"@type":"EntryPoint","urlTemplate":"https:\/\/www.jootjeshaakcadeautjes.nl\/de\/?s={search_term_string}"},"query-input":{"@type":"PropertyValueSpecification","valueRequired":true,"valueName":"search_term_string"}}],"inLanguage":"de"},{"@type":"Organization","@id":"https:\/\/www.jootjeshaakcadeautjes.nl\/de\/#organization","name":"Jootjes Haakcadeautjes","url":"https:\/\/www.jootjeshaakcadeautjes.nl\/de\/","logo":{"@type":"ImageObject","inLanguage":"de","@id":"https:\/\/www.jootjeshaakcadeautjes.nl\/de\/#\/schema\/logo\/image\/","url":"https:\/\/d1dyryakdmle7o.cloudfront.net\/wp-content\/uploads\/2023\/05\/Logo-rond.png","contentUrl":"https:\/\/d1dyryakdmle7o.cloudfront.net\/wp-content\/uploads\/2023\/05\/Logo-rond.png","width":1222,"height":1222,"caption":"Jootjes Haakcadeautjes"},"image":{"@id":"https:\/\/www.jootjeshaakcadeautjes.nl\/de\/#\/schema\/logo\/image\/"}}]},"product_price_amount":"1.50","product_price_currency":"EUR","og_availability":"instock","product_availability":"instock","product_retailer_item_id":"KNI-SPR-FOL","product_condition":"new"},"_links":{"self":[{"href":"https:\/\/www.jootjeshaakcadeautjes.nl\/de\/wp-json\/wp\/v2\/product\/122329","targetHints":{"allow":["GET"]}}],"collection":[{"href":"https:\/\/www.jootjeshaakcadeautjes.nl\/de\/wp-json\/wp\/v2\/product"}],"about":[{"href":"https:\/\/www.jootjeshaakcadeautjes.nl\/de\/wp-json\/wp\/v2\/types\/product"}],"version-history":[{"count":0,"href":"https:\/\/www.jootjeshaakcadeautjes.nl\/de\/wp-json\/wp\/v2\/product\/122329\/revisions"}],"wp:featuredmedia":[{"embeddable":true,"href":"https:\/\/www.jootjeshaakcadeautjes.nl\/de\/wp-json\/wp\/v2\/media\/74209"}],"wp:attachment":[{"href":"https:\/\/www.jootjeshaakcadeautjes.nl\/de\/wp-json\/wp\/v2\/media?parent=122329"}],"wp:term":[{"taxonomy":"product_brand","embeddable":true,"href":"https:\/\/www.jootjeshaakcadeautjes.nl\/de\/wp-json\/wp\/v2\/product_brand?post=122329"},{"taxonomy":"product_cat","embeddable":true,"href":"https:\/\/www.jootjeshaakcadeautjes.nl\/de\/wp-json\/wp\/v2\/product_cat?post=122329"},{"taxonomy":"product_tag","embeddable":true,"href":"https:\/\/www.jootjeshaakcadeautjes.nl\/de\/wp-json\/wp\/v2\/product_tag?post=122329"}],"curies":[{"name":"wp","href":"https:\/\/api.w.org\/{rel}","templated":true}]}}