{"id":122331,"date":"2020-11-20T23:00:21","date_gmt":"2020-11-20T22:00:21","guid":{"rendered":"https:\/\/www.jootjeshaakcadeautjes.nl\/product\/holzperlen-schmetterlings-form-25-mm-buchenholz\/"},"modified":"2026-02-19T12:41:05","modified_gmt":"2026-02-19T11:41:05","slug":"holzperlen-schmetterlings-form-25-mm-buchenholz","status":"publish","type":"product","link":"https:\/\/www.jootjeshaakcadeautjes.nl\/de\/produkt\/holzperlen-schmetterlings-form-25-mm-buchenholz\/","title":{"rendered":"Holzperle &#8211; Schmetterling &#8211; 25 mm &#8211; Buchenholz"},"content":{"rendered":"<p>Material: Unbehandeltes Buchenholz, 100% kindersicher.<br \/>\nQualit\u00e4t: Kinderfreundlich (CE-zertifiziert)<br \/>\nVariante: Schmetterling<br \/>\nGr\u00f6\u00dfe: 25 mm x 24 mm x 8 mm dick.<\/p>\n<p>Wird f\u00fcr Schnullerschn\u00fcre, Bei\u00dfringe, Stillketten, Taschenaufh\u00e4nger und vieles mehr verwendet.<\/p>\n<p>Diese Perlen bilden zusammen mit unseren anderen Holzperlen und Holzbuchstabenperlen die perfekte Kombination f\u00fcr eine langlebige, exklusive Holzschnulle.<\/p>\n","protected":false},"excerpt":{"rendered":"<p>Holzperlen Schmetterling<\/p>\n<p>&#8211; Variante: Schmetterling<br \/>\n&#8211; Material: unbehandeltes Buchenholz, 100% kindersicher.<br \/>\n&#8211; Gr\u00f6\u00dfe: 25 mm x 24 mm, 8 mm dick.<br \/>\n&#8211; Einzeln verkauft.<br \/>\n&#8211; CE-zertifiziert.<\/p>\n<p>&nbsp;<\/p>\n","protected":false},"featured_media":70782,"template":"","meta":[],"product_brand":[],"product_cat":[7380,9404,8045,9405],"product_tag":[7510,7385,8047,9763,7464,7196,8046,9341,7199,8089,8376,7520,7435,7988],"class_list":{"0":"post-122331","1":"product","2":"type-product","3":"status-publish","4":"has-post-thumbnail","6":"product_cat-herstellung-von-baby-beisspielzeug-materialien-fur-schnuller-und-beisringe","7":"product_cat-holzperlen-buchenholz-schnullerschnur-und-beisring","8":"product_cat-holzperlen-schnullerband-und-beisring-alle-holzperlen","9":"product_cat-holzperlen-fur-makramee-und-hakeln","10":"product_tag-baby-de","11":"product_tag-beisring","12":"product_tag-buche","13":"product_tag-formular","14":"product_tag-groshandel","15":"product_tag-holz","16":"product_tag-holz-de","17":"product_tag-kinderfreundlich","18":"product_tag-perlen","19":"product_tag-roh","20":"product_tag-schmetterling","21":"product_tag-sicher","22":"product_tag-wulst","23":"product_tag-zertifiziert","25":"first","26":"instock","27":"taxable","28":"shipping-taxable","29":"purchasable","30":"product-type-simple"},"bundled_by":[],"bundle_stock_status":"instock","bundle_stock_quantity":60,"bundle_virtual":false,"bundle_layout":"","bundle_add_to_cart_form_location":"","bundle_editable_in_cart":false,"bundle_sold_individually_context":"","bundle_item_grouping":"","bundle_min_size":"","bundle_max_size":"","bundle_price":[],"bundled_items":[],"bundle_sell_ids":[],"yoast_head":"<!-- This site is optimized with the Yoast SEO Premium plugin v27.6 (Yoast SEO v27.6) - https:\/\/yoast.com\/product\/yoast-seo-premium-wordpress\/ -->\n<title>Jootjes Haakcadeautjes<\/title>\n<meta name=\"description\" content=\"Holzperlen in Schmetterlingsform als sch\u00f6ne Unterbrechung Ihres Bei\u00dfrings oder Schnullerkabels. Ab Lager lieferbar. Nirgendwo billiger! 100% kindersicher.\" \/>\n<meta name=\"robots\" content=\"index, follow, max-snippet:-1, max-image-preview:large, max-video-preview:-1\" \/>\n<link rel=\"canonical\" href=\"https:\/\/www.jootjeshaakcadeautjes.nl\/de\/produkt\/holzperlen-schmetterlings-form-25-mm-buchenholz\/\" \/>\n<meta property=\"og:locale\" content=\"de_DE\" \/>\n<meta property=\"og:type\" content=\"article\" \/>\n<meta property=\"og:title\" content=\"Holzperle - Schmetterling - 25 mm - Buchenholz\" \/>\n<meta property=\"og:description\" content=\"Holzperlen in Schmetterlingsform als sch\u00f6ne Unterbrechung Ihres Bei\u00dfrings oder Schnullerkabels. Ab Lager lieferbar. Nirgendwo billiger! 100% kindersicher.\" \/>\n<meta property=\"og:url\" content=\"https:\/\/www.jootjeshaakcadeautjes.nl\/de\/produkt\/holzperlen-schmetterlings-form-25-mm-buchenholz\/\" \/>\n<meta property=\"og:site_name\" content=\"Jootjes Haakcadeautjes\" \/>\n<meta property=\"article:modified_time\" content=\"2026-02-19T11:41:05+00:00\" \/>\n<meta property=\"og:image\" content=\"https:\/\/www.jootjeshaakcadeautjes.nl\/wp-content\/uploads\/2020\/08\/Houten-kraal-vlinder-vorm-beuken-hout-baby-veilig.jpg\" \/>\n\t<meta property=\"og:image:width\" content=\"1557\" \/>\n\t<meta property=\"og:image:height\" content=\"1557\" \/>\n\t<meta property=\"og:image:type\" content=\"image\/jpeg\" \/>\n<meta name=\"twitter:card\" content=\"summary_large_image\" \/>\n<meta name=\"twitter:label1\" content=\"Preis\" \/>\n\t<meta name=\"twitter:data1\" content=\"&euro;0.60 inkl. MwSt.\" \/>\n\t<meta name=\"twitter:label2\" content=\"Verf\u00fcgbarkeit\" \/>\n\t<meta name=\"twitter:data2\" content=\"Auf Lager\" \/>\n<script type=\"application\/ld+json\" class=\"yoast-schema-graph\">{\"@context\":\"https:\\\/\\\/schema.org\",\"@graph\":[{\"@type\":\"WebPage\",\"@id\":\"https:\\\/\\\/www.jootjeshaakcadeautjes.nl\\\/de\\\/produkt\\\/holzperlen-schmetterlings-form-25-mm-buchenholz\\\/\",\"url\":\"https:\\\/\\\/www.jootjeshaakcadeautjes.nl\\\/de\\\/produkt\\\/holzperlen-schmetterlings-form-25-mm-buchenholz\\\/\",\"name\":\"\",\"isPartOf\":{\"@id\":\"https:\\\/\\\/www.jootjeshaakcadeautjes.nl\\\/de\\\/#website\"},\"primaryImageOfPage\":{\"@id\":\"https:\\\/\\\/www.jootjeshaakcadeautjes.nl\\\/de\\\/produkt\\\/holzperlen-schmetterlings-form-25-mm-buchenholz\\\/#primaryimage\"},\"image\":{\"@id\":\"https:\\\/\\\/www.jootjeshaakcadeautjes.nl\\\/de\\\/produkt\\\/holzperlen-schmetterlings-form-25-mm-buchenholz\\\/#primaryimage\"},\"thumbnailUrl\":\"https:\\\/\\\/d1dyryakdmle7o.cloudfront.net\\\/wp-content\\\/uploads\\\/2020\\\/08\\\/Houten-kraal-vlinder-vorm-beuken-hout-baby-veilig.jpg\",\"datePublished\":\"2020-11-20T22:00:21+00:00\",\"dateModified\":\"2026-02-19T11:41:05+00:00\",\"description\":\"Holzperlen in Schmetterlingsform als sch\u00f6ne Unterbrechung Ihres Bei\u00dfrings oder Schnullerkabels. Ab Lager lieferbar. Nirgendwo billiger! 100% kindersicher.\",\"breadcrumb\":{\"@id\":\"https:\\\/\\\/www.jootjeshaakcadeautjes.nl\\\/de\\\/produkt\\\/holzperlen-schmetterlings-form-25-mm-buchenholz\\\/#breadcrumb\"},\"inLanguage\":\"de\",\"potentialAction\":[{\"@type\":\"ReadAction\",\"target\":[\"https:\\\/\\\/www.jootjeshaakcadeautjes.nl\\\/de\\\/produkt\\\/holzperlen-schmetterlings-form-25-mm-buchenholz\\\/\"]}]},{\"@type\":\"ImageObject\",\"inLanguage\":\"de\",\"@id\":\"https:\\\/\\\/www.jootjeshaakcadeautjes.nl\\\/de\\\/produkt\\\/holzperlen-schmetterlings-form-25-mm-buchenholz\\\/#primaryimage\",\"url\":\"https:\\\/\\\/d1dyryakdmle7o.cloudfront.net\\\/wp-content\\\/uploads\\\/2020\\\/08\\\/Houten-kraal-vlinder-vorm-beuken-hout-baby-veilig.jpg\",\"contentUrl\":\"https:\\\/\\\/d1dyryakdmle7o.cloudfront.net\\\/wp-content\\\/uploads\\\/2020\\\/08\\\/Houten-kraal-vlinder-vorm-beuken-hout-baby-veilig.jpg\",\"width\":1557,\"height\":1557,\"caption\":\"Holzperle Schmetterling Form Buchenholz Baby sicher\"},{\"@type\":\"BreadcrumbList\",\"@id\":\"https:\\\/\\\/www.jootjeshaakcadeautjes.nl\\\/de\\\/produkt\\\/holzperlen-schmetterlings-form-25-mm-buchenholz\\\/#breadcrumb\",\"itemListElement\":[{\"@type\":\"ListItem\",\"position\":1,\"name\":\"Startseite\",\"item\":\"https:\\\/\\\/www.jootjeshaakcadeautjes.nl\\\/de\\\/\"},{\"@type\":\"ListItem\",\"position\":2,\"name\":\"Gro\u00dfhandel mit Silikonperlen &#8211; Business und Consumer\",\"item\":\"https:\\\/\\\/www.jootjeshaakcadeautjes.nl\\\/de\\\/shop\\\/\"},{\"@type\":\"ListItem\",\"position\":3,\"name\":\"Holzperle &#8211; Schmetterling &#8211; 25 mm &#8211; Buchenholz\"}]},{\"@type\":\"WebSite\",\"@id\":\"https:\\\/\\\/www.jootjeshaakcadeautjes.nl\\\/de\\\/#website\",\"url\":\"https:\\\/\\\/www.jootjeshaakcadeautjes.nl\\\/de\\\/\",\"name\":\"Jootjes Haakcadeautjes\",\"description\":\"Silikonperlen Gro\u00dfhandel \",\"publisher\":{\"@id\":\"https:\\\/\\\/www.jootjeshaakcadeautjes.nl\\\/de\\\/#organization\"},\"potentialAction\":[{\"@type\":\"SearchAction\",\"target\":{\"@type\":\"EntryPoint\",\"urlTemplate\":\"https:\\\/\\\/www.jootjeshaakcadeautjes.nl\\\/de\\\/?s={search_term_string}\"},\"query-input\":{\"@type\":\"PropertyValueSpecification\",\"valueRequired\":true,\"valueName\":\"search_term_string\"}}],\"inLanguage\":\"de\"},{\"@type\":\"Organization\",\"@id\":\"https:\\\/\\\/www.jootjeshaakcadeautjes.nl\\\/de\\\/#organization\",\"name\":\"Jootjes Haakcadeautjes\",\"url\":\"https:\\\/\\\/www.jootjeshaakcadeautjes.nl\\\/de\\\/\",\"logo\":{\"@type\":\"ImageObject\",\"inLanguage\":\"de\",\"@id\":\"https:\\\/\\\/www.jootjeshaakcadeautjes.nl\\\/de\\\/#\\\/schema\\\/logo\\\/image\\\/\",\"url\":\"https:\\\/\\\/d1dyryakdmle7o.cloudfront.net\\\/wp-content\\\/uploads\\\/2023\\\/05\\\/Logo-rond.png\",\"contentUrl\":\"https:\\\/\\\/d1dyryakdmle7o.cloudfront.net\\\/wp-content\\\/uploads\\\/2023\\\/05\\\/Logo-rond.png\",\"width\":1222,\"height\":1222,\"caption\":\"Jootjes Haakcadeautjes\"},\"image\":{\"@id\":\"https:\\\/\\\/www.jootjeshaakcadeautjes.nl\\\/de\\\/#\\\/schema\\\/logo\\\/image\\\/\"}}]}<\/script>\n<meta property=\"product:price:amount\" content=\"0.60\" \/>\n<meta property=\"product:price:currency\" content=\"EUR\" \/>\n<meta property=\"og:availability\" content=\"instock\" \/>\n<meta property=\"product:availability\" content=\"instock\" \/>\n<meta property=\"product:retailer_item_id\" content=\"HOU-KRL-VLN\" \/>\n<meta property=\"product:condition\" content=\"new\" \/>\n<!-- \/ Yoast SEO Premium plugin. -->","yoast_head_json":{"title":"Jootjes Haakcadeautjes","description":"Holzperlen in Schmetterlingsform als sch\u00f6ne Unterbrechung Ihres Bei\u00dfrings oder Schnullerkabels. Ab Lager lieferbar. Nirgendwo billiger! 100% kindersicher.","robots":{"index":"index","follow":"follow","max-snippet":"max-snippet:-1","max-image-preview":"max-image-preview:large","max-video-preview":"max-video-preview:-1"},"canonical":"https:\/\/www.jootjeshaakcadeautjes.nl\/de\/produkt\/holzperlen-schmetterlings-form-25-mm-buchenholz\/","og_locale":"de_DE","og_type":"article","og_title":"Holzperle - Schmetterling - 25 mm - Buchenholz","og_description":"Holzperlen in Schmetterlingsform als sch\u00f6ne Unterbrechung Ihres Bei\u00dfrings oder Schnullerkabels. Ab Lager lieferbar. Nirgendwo billiger! 100% kindersicher.","og_url":"https:\/\/www.jootjeshaakcadeautjes.nl\/de\/produkt\/holzperlen-schmetterlings-form-25-mm-buchenholz\/","og_site_name":"Jootjes Haakcadeautjes","article_modified_time":"2026-02-19T11:41:05+00:00","og_image":[{"width":1557,"height":1557,"url":"https:\/\/www.jootjeshaakcadeautjes.nl\/wp-content\/uploads\/2020\/08\/Houten-kraal-vlinder-vorm-beuken-hout-baby-veilig.jpg","type":"image\/jpeg"}],"twitter_card":"summary_large_image","twitter_misc":{"Preis":"&euro;0.60 inkl. MwSt.","Verf\u00fcgbarkeit":"Auf Lager"},"schema":{"@context":"https:\/\/schema.org","@graph":[{"@type":"WebPage","@id":"https:\/\/www.jootjeshaakcadeautjes.nl\/de\/produkt\/holzperlen-schmetterlings-form-25-mm-buchenholz\/","url":"https:\/\/www.jootjeshaakcadeautjes.nl\/de\/produkt\/holzperlen-schmetterlings-form-25-mm-buchenholz\/","name":"","isPartOf":{"@id":"https:\/\/www.jootjeshaakcadeautjes.nl\/de\/#website"},"primaryImageOfPage":{"@id":"https:\/\/www.jootjeshaakcadeautjes.nl\/de\/produkt\/holzperlen-schmetterlings-form-25-mm-buchenholz\/#primaryimage"},"image":{"@id":"https:\/\/www.jootjeshaakcadeautjes.nl\/de\/produkt\/holzperlen-schmetterlings-form-25-mm-buchenholz\/#primaryimage"},"thumbnailUrl":"https:\/\/d1dyryakdmle7o.cloudfront.net\/wp-content\/uploads\/2020\/08\/Houten-kraal-vlinder-vorm-beuken-hout-baby-veilig.jpg","datePublished":"2020-11-20T22:00:21+00:00","dateModified":"2026-02-19T11:41:05+00:00","description":"Holzperlen in Schmetterlingsform als sch\u00f6ne Unterbrechung Ihres Bei\u00dfrings oder Schnullerkabels. Ab Lager lieferbar. Nirgendwo billiger! 100% kindersicher.","breadcrumb":{"@id":"https:\/\/www.jootjeshaakcadeautjes.nl\/de\/produkt\/holzperlen-schmetterlings-form-25-mm-buchenholz\/#breadcrumb"},"inLanguage":"de","potentialAction":[{"@type":"ReadAction","target":["https:\/\/www.jootjeshaakcadeautjes.nl\/de\/produkt\/holzperlen-schmetterlings-form-25-mm-buchenholz\/"]}]},{"@type":"ImageObject","inLanguage":"de","@id":"https:\/\/www.jootjeshaakcadeautjes.nl\/de\/produkt\/holzperlen-schmetterlings-form-25-mm-buchenholz\/#primaryimage","url":"https:\/\/d1dyryakdmle7o.cloudfront.net\/wp-content\/uploads\/2020\/08\/Houten-kraal-vlinder-vorm-beuken-hout-baby-veilig.jpg","contentUrl":"https:\/\/d1dyryakdmle7o.cloudfront.net\/wp-content\/uploads\/2020\/08\/Houten-kraal-vlinder-vorm-beuken-hout-baby-veilig.jpg","width":1557,"height":1557,"caption":"Holzperle Schmetterling Form Buchenholz Baby sicher"},{"@type":"BreadcrumbList","@id":"https:\/\/www.jootjeshaakcadeautjes.nl\/de\/produkt\/holzperlen-schmetterlings-form-25-mm-buchenholz\/#breadcrumb","itemListElement":[{"@type":"ListItem","position":1,"name":"Startseite","item":"https:\/\/www.jootjeshaakcadeautjes.nl\/de\/"},{"@type":"ListItem","position":2,"name":"Gro\u00dfhandel mit Silikonperlen &#8211; Business und Consumer","item":"https:\/\/www.jootjeshaakcadeautjes.nl\/de\/shop\/"},{"@type":"ListItem","position":3,"name":"Holzperle &#8211; Schmetterling &#8211; 25 mm &#8211; Buchenholz"}]},{"@type":"WebSite","@id":"https:\/\/www.jootjeshaakcadeautjes.nl\/de\/#website","url":"https:\/\/www.jootjeshaakcadeautjes.nl\/de\/","name":"Jootjes Haakcadeautjes","description":"Silikonperlen Gro\u00dfhandel ","publisher":{"@id":"https:\/\/www.jootjeshaakcadeautjes.nl\/de\/#organization"},"potentialAction":[{"@type":"SearchAction","target":{"@type":"EntryPoint","urlTemplate":"https:\/\/www.jootjeshaakcadeautjes.nl\/de\/?s={search_term_string}"},"query-input":{"@type":"PropertyValueSpecification","valueRequired":true,"valueName":"search_term_string"}}],"inLanguage":"de"},{"@type":"Organization","@id":"https:\/\/www.jootjeshaakcadeautjes.nl\/de\/#organization","name":"Jootjes Haakcadeautjes","url":"https:\/\/www.jootjeshaakcadeautjes.nl\/de\/","logo":{"@type":"ImageObject","inLanguage":"de","@id":"https:\/\/www.jootjeshaakcadeautjes.nl\/de\/#\/schema\/logo\/image\/","url":"https:\/\/d1dyryakdmle7o.cloudfront.net\/wp-content\/uploads\/2023\/05\/Logo-rond.png","contentUrl":"https:\/\/d1dyryakdmle7o.cloudfront.net\/wp-content\/uploads\/2023\/05\/Logo-rond.png","width":1222,"height":1222,"caption":"Jootjes Haakcadeautjes"},"image":{"@id":"https:\/\/www.jootjeshaakcadeautjes.nl\/de\/#\/schema\/logo\/image\/"}}]},"product_price_amount":"0.60","product_price_currency":"EUR","og_availability":"instock","product_availability":"instock","product_retailer_item_id":"HOU-KRL-VLN","product_condition":"new"},"_links":{"self":[{"href":"https:\/\/www.jootjeshaakcadeautjes.nl\/de\/wp-json\/wp\/v2\/product\/122331","targetHints":{"allow":["GET"]}}],"collection":[{"href":"https:\/\/www.jootjeshaakcadeautjes.nl\/de\/wp-json\/wp\/v2\/product"}],"about":[{"href":"https:\/\/www.jootjeshaakcadeautjes.nl\/de\/wp-json\/wp\/v2\/types\/product"}],"version-history":[{"count":0,"href":"https:\/\/www.jootjeshaakcadeautjes.nl\/de\/wp-json\/wp\/v2\/product\/122331\/revisions"}],"wp:featuredmedia":[{"embeddable":true,"href":"https:\/\/www.jootjeshaakcadeautjes.nl\/de\/wp-json\/wp\/v2\/media\/70782"}],"wp:attachment":[{"href":"https:\/\/www.jootjeshaakcadeautjes.nl\/de\/wp-json\/wp\/v2\/media?parent=122331"}],"wp:term":[{"taxonomy":"product_brand","embeddable":true,"href":"https:\/\/www.jootjeshaakcadeautjes.nl\/de\/wp-json\/wp\/v2\/product_brand?post=122331"},{"taxonomy":"product_cat","embeddable":true,"href":"https:\/\/www.jootjeshaakcadeautjes.nl\/de\/wp-json\/wp\/v2\/product_cat?post=122331"},{"taxonomy":"product_tag","embeddable":true,"href":"https:\/\/www.jootjeshaakcadeautjes.nl\/de\/wp-json\/wp\/v2\/product_tag?post=122331"}],"curies":[{"name":"wp","href":"https:\/\/api.w.org\/{rel}","templated":true}]}}