{"id":122365,"date":"2020-11-20T22:20:20","date_gmt":"2020-11-20T21:20:20","guid":{"rendered":"https:\/\/www.jootjeshaakcadeautjes.nl\/product\/holzperlen-mini-perlen-vogel-mit-loechern-fuer-runde-perlen-buche\/"},"modified":"2026-02-19T12:40:43","modified_gmt":"2026-02-19T11:40:43","slug":"holzperlen-mini-perlen-vogel-mit-loechern-fuer-runde-perlen-buche","status":"publish","type":"product","link":"https:\/\/www.jootjeshaakcadeautjes.nl\/de\/produkt\/holzperlen-mini-perlen-vogel-mit-loechern-fuer-runde-perlen-buche\/","title":{"rendered":"Holzperle &#8211; Vogel mit L\u00f6chern &#8211; Aufreihbar &#8211; Buchenholz"},"content":{"rendered":"<p>Material: Glattes Buchenholz, unbehandelt (ohne Chemikalien).<br \/>\nQualit\u00e4t: 100% kinderfreundlich, (CE-zertifiziert)<br \/>\nVariante: Holzperle passend zu den h\u00f6lzernen Vogelbissfiguren<br \/>\nGr\u00f6\u00dfe: 35 mm breit x 21 mm hoch (Hefterichtung)<br \/>\nMit L\u00f6chern an der Ober- und Unterseite. Die Perle wird sozusagen vom R\u00fccken bis zum Bauch des Vogels durchbohrt.<br \/>\nDer Vogel wurde also in der H\u00f6he durchbohrt.<\/p>\n<p>Wird f\u00fcr Schnullerschn\u00fcre, Bei\u00dfringe, Stillketten, Taschenaufh\u00e4nger und vieles mehr verwendet.<\/p>\n","protected":false},"excerpt":{"rendered":"<p>Holzperle passend zur Bissfigur Vogel<\/p>\n<p>&#8211; Variante: Mini-Bei\u00dfvogelperle &#8211; Mit L\u00f6chern zum Auff\u00e4deln.<br \/>\n&#8211; Material: Unbehandeltes Buchenholz 100% kinderfreundlich<br \/>\n&#8211; Gr\u00f6\u00dfe: 35 mm breit x 21 mm hoch (Hefterichtung)<br \/>\n&#8211; Einzeln verkauft.<\/p>\n<p>&nbsp;<\/p>\n","protected":false},"featured_media":70506,"template":"","meta":[],"product_brand":[],"product_cat":[7380,9404,8045,9405],"product_tag":[7385,7562,8047,8046,7196,9341,8596,7549,7199,8078,8089,9755,9408,9588,7435,7988],"class_list":{"0":"post-122365","1":"product","2":"type-product","3":"status-publish","4":"has-post-thumbnail","6":"product_cat-herstellung-von-baby-beisspielzeug-materialien-fur-schnuller-und-beisringe","7":"product_cat-holzperlen-buchenholz-schnullerschnur-und-beisring","8":"product_cat-holzperlen-schnullerband-und-beisring-alle-holzperlen","9":"product_cat-holzperlen-fur-makramee-und-hakeln","10":"product_tag-beisring","11":"product_tag-bisswunde","12":"product_tag-buche","13":"product_tag-holz-de","14":"product_tag-holz","15":"product_tag-kinderfreundlich","16":"product_tag-kleine-locher","17":"product_tag-mini-de","18":"product_tag-perlen","19":"product_tag-ring-de","20":"product_tag-roh","21":"product_tag-um-de","22":"product_tag-unbehandelt","23":"product_tag-vogel-de-3","24":"product_tag-wulst","25":"product_tag-zertifiziert","27":"first","28":"instock","29":"taxable","30":"shipping-taxable","31":"purchasable","32":"product-type-simple"},"bundled_by":[],"bundle_stock_status":"instock","bundle_stock_quantity":64,"bundle_virtual":false,"bundle_layout":"","bundle_add_to_cart_form_location":"","bundle_editable_in_cart":false,"bundle_sold_individually_context":"","bundle_item_grouping":"","bundle_min_size":"","bundle_max_size":"","bundle_price":[],"bundled_items":[],"bundle_sell_ids":[],"yoast_head":"<!-- This site is optimized with the Yoast SEO Premium plugin v27.6 (Yoast SEO v27.6) - https:\/\/yoast.com\/product\/yoast-seo-premium-wordpress\/ -->\n<title>Buchenholzperlen - Mini-Bei\u00dfring Vogel - F\u00fcr alle rund um Perle<\/title>\n<meta name=\"description\" content=\"Holzring mit L\u00f6chern f\u00fcr die Perle. F\u00fcr Bei\u00dfring oder Schnullerschnur. CE-zertifiziert. Versand oder Abholung nach Vereinbarung in IJsselstein.\" \/>\n<meta name=\"robots\" content=\"index, follow, max-snippet:-1, max-image-preview:large, max-video-preview:-1\" \/>\n<link rel=\"canonical\" href=\"https:\/\/www.jootjeshaakcadeautjes.nl\/de\/produkt\/holzperlen-mini-perlen-vogel-mit-loechern-fuer-runde-perlen-buche\/\" \/>\n<meta property=\"og:locale\" content=\"de_DE\" \/>\n<meta property=\"og:type\" content=\"article\" \/>\n<meta property=\"og:title\" content=\"Holzperle - Vogel mit L\u00f6chern - Aufreihbar - Buchenholz\" \/>\n<meta property=\"og:description\" content=\"Holzring mit L\u00f6chern f\u00fcr die Perle. F\u00fcr Bei\u00dfring oder Schnullerschnur. CE-zertifiziert. Versand oder Abholung nach Vereinbarung in IJsselstein.\" \/>\n<meta property=\"og:url\" content=\"https:\/\/www.jootjeshaakcadeautjes.nl\/de\/produkt\/holzperlen-mini-perlen-vogel-mit-loechern-fuer-runde-perlen-buche\/\" \/>\n<meta property=\"og:site_name\" content=\"Jootjes Haakcadeautjes\" \/>\n<meta property=\"article:modified_time\" content=\"2026-02-19T11:40:43+00:00\" \/>\n<meta property=\"og:image\" content=\"https:\/\/www.jootjeshaakcadeautjes.nl\/wp-content\/uploads\/2020\/07\/20200725_150846.jpg\" \/>\n\t<meta property=\"og:image:width\" content=\"1355\" \/>\n\t<meta property=\"og:image:height\" content=\"1356\" \/>\n\t<meta property=\"og:image:type\" content=\"image\/jpeg\" \/>\n<meta name=\"twitter:card\" content=\"summary_large_image\" \/>\n<meta name=\"twitter:label1\" content=\"Preis\" \/>\n\t<meta name=\"twitter:data1\" content=\"&euro;0.75 inkl. MwSt.\" \/>\n\t<meta name=\"twitter:label2\" content=\"Verf\u00fcgbarkeit\" \/>\n\t<meta name=\"twitter:data2\" content=\"Auf Lager\" \/>\n<script type=\"application\/ld+json\" class=\"yoast-schema-graph\">{\"@context\":\"https:\\\/\\\/schema.org\",\"@graph\":[{\"@type\":\"WebPage\",\"@id\":\"https:\\\/\\\/www.jootjeshaakcadeautjes.nl\\\/de\\\/produkt\\\/holzperlen-mini-perlen-vogel-mit-loechern-fuer-runde-perlen-buche\\\/\",\"url\":\"https:\\\/\\\/www.jootjeshaakcadeautjes.nl\\\/de\\\/produkt\\\/holzperlen-mini-perlen-vogel-mit-loechern-fuer-runde-perlen-buche\\\/\",\"name\":\"Buchenholzperlen - Mini-Bei\u00dfring Vogel - F\u00fcr alle rund um Perle\",\"isPartOf\":{\"@id\":\"https:\\\/\\\/www.jootjeshaakcadeautjes.nl\\\/de\\\/#website\"},\"primaryImageOfPage\":{\"@id\":\"https:\\\/\\\/www.jootjeshaakcadeautjes.nl\\\/de\\\/produkt\\\/holzperlen-mini-perlen-vogel-mit-loechern-fuer-runde-perlen-buche\\\/#primaryimage\"},\"image\":{\"@id\":\"https:\\\/\\\/www.jootjeshaakcadeautjes.nl\\\/de\\\/produkt\\\/holzperlen-mini-perlen-vogel-mit-loechern-fuer-runde-perlen-buche\\\/#primaryimage\"},\"thumbnailUrl\":\"https:\\\/\\\/d1dyryakdmle7o.cloudfront.net\\\/wp-content\\\/uploads\\\/2020\\\/07\\\/20200725_150846.jpg\",\"datePublished\":\"2020-11-20T21:20:20+00:00\",\"dateModified\":\"2026-02-19T11:40:43+00:00\",\"description\":\"Holzring mit L\u00f6chern f\u00fcr die Perle. F\u00fcr Bei\u00dfring oder Schnullerschnur. CE-zertifiziert. Versand oder Abholung nach Vereinbarung in IJsselstein.\",\"breadcrumb\":{\"@id\":\"https:\\\/\\\/www.jootjeshaakcadeautjes.nl\\\/de\\\/produkt\\\/holzperlen-mini-perlen-vogel-mit-loechern-fuer-runde-perlen-buche\\\/#breadcrumb\"},\"inLanguage\":\"de\",\"potentialAction\":[{\"@type\":\"ReadAction\",\"target\":[\"https:\\\/\\\/www.jootjeshaakcadeautjes.nl\\\/de\\\/produkt\\\/holzperlen-mini-perlen-vogel-mit-loechern-fuer-runde-perlen-buche\\\/\"]}]},{\"@type\":\"ImageObject\",\"inLanguage\":\"de\",\"@id\":\"https:\\\/\\\/www.jootjeshaakcadeautjes.nl\\\/de\\\/produkt\\\/holzperlen-mini-perlen-vogel-mit-loechern-fuer-runde-perlen-buche\\\/#primaryimage\",\"url\":\"https:\\\/\\\/d1dyryakdmle7o.cloudfront.net\\\/wp-content\\\/uploads\\\/2020\\\/07\\\/20200725_150846.jpg\",\"contentUrl\":\"https:\\\/\\\/d1dyryakdmle7o.cloudfront.net\\\/wp-content\\\/uploads\\\/2020\\\/07\\\/20200725_150846.jpg\",\"width\":1355,\"height\":1356,\"caption\":\"Holzperle Mini-Bei\u00dfring Vogelperle mit L\u00f6chern\"},{\"@type\":\"BreadcrumbList\",\"@id\":\"https:\\\/\\\/www.jootjeshaakcadeautjes.nl\\\/de\\\/produkt\\\/holzperlen-mini-perlen-vogel-mit-loechern-fuer-runde-perlen-buche\\\/#breadcrumb\",\"itemListElement\":[{\"@type\":\"ListItem\",\"position\":1,\"name\":\"Startseite\",\"item\":\"https:\\\/\\\/www.jootjeshaakcadeautjes.nl\\\/de\\\/\"},{\"@type\":\"ListItem\",\"position\":2,\"name\":\"Gro\u00dfhandel mit Silikonperlen &#8211; Business und Consumer\",\"item\":\"https:\\\/\\\/www.jootjeshaakcadeautjes.nl\\\/de\\\/shop\\\/\"},{\"@type\":\"ListItem\",\"position\":3,\"name\":\"Holzperle &#8211; Vogel mit L\u00f6chern &#8211; Aufreihbar &#8211; Buchenholz\"}]},{\"@type\":\"WebSite\",\"@id\":\"https:\\\/\\\/www.jootjeshaakcadeautjes.nl\\\/de\\\/#website\",\"url\":\"https:\\\/\\\/www.jootjeshaakcadeautjes.nl\\\/de\\\/\",\"name\":\"Jootjes Haakcadeautjes\",\"description\":\"Silikonperlen Gro\u00dfhandel \",\"publisher\":{\"@id\":\"https:\\\/\\\/www.jootjeshaakcadeautjes.nl\\\/de\\\/#organization\"},\"potentialAction\":[{\"@type\":\"SearchAction\",\"target\":{\"@type\":\"EntryPoint\",\"urlTemplate\":\"https:\\\/\\\/www.jootjeshaakcadeautjes.nl\\\/de\\\/?s={search_term_string}\"},\"query-input\":{\"@type\":\"PropertyValueSpecification\",\"valueRequired\":true,\"valueName\":\"search_term_string\"}}],\"inLanguage\":\"de\"},{\"@type\":\"Organization\",\"@id\":\"https:\\\/\\\/www.jootjeshaakcadeautjes.nl\\\/de\\\/#organization\",\"name\":\"Jootjes Haakcadeautjes\",\"url\":\"https:\\\/\\\/www.jootjeshaakcadeautjes.nl\\\/de\\\/\",\"logo\":{\"@type\":\"ImageObject\",\"inLanguage\":\"de\",\"@id\":\"https:\\\/\\\/www.jootjeshaakcadeautjes.nl\\\/de\\\/#\\\/schema\\\/logo\\\/image\\\/\",\"url\":\"https:\\\/\\\/d1dyryakdmle7o.cloudfront.net\\\/wp-content\\\/uploads\\\/2023\\\/05\\\/Logo-rond.png\",\"contentUrl\":\"https:\\\/\\\/d1dyryakdmle7o.cloudfront.net\\\/wp-content\\\/uploads\\\/2023\\\/05\\\/Logo-rond.png\",\"width\":1222,\"height\":1222,\"caption\":\"Jootjes Haakcadeautjes\"},\"image\":{\"@id\":\"https:\\\/\\\/www.jootjeshaakcadeautjes.nl\\\/de\\\/#\\\/schema\\\/logo\\\/image\\\/\"}}]}<\/script>\n<meta property=\"product:price:amount\" content=\"0.75\" \/>\n<meta property=\"product:price:currency\" content=\"EUR\" \/>\n<meta property=\"og:availability\" content=\"instock\" \/>\n<meta property=\"product:availability\" content=\"instock\" \/>\n<meta property=\"product:retailer_item_id\" content=\"HOU-KRL-VGL\" \/>\n<meta property=\"product:condition\" content=\"new\" \/>\n<!-- \/ Yoast SEO Premium plugin. -->","yoast_head_json":{"title":"Buchenholzperlen - Mini-Bei\u00dfring Vogel - F\u00fcr alle rund um Perle","description":"Holzring mit L\u00f6chern f\u00fcr die Perle. F\u00fcr Bei\u00dfring oder Schnullerschnur. CE-zertifiziert. Versand oder Abholung nach Vereinbarung in IJsselstein.","robots":{"index":"index","follow":"follow","max-snippet":"max-snippet:-1","max-image-preview":"max-image-preview:large","max-video-preview":"max-video-preview:-1"},"canonical":"https:\/\/www.jootjeshaakcadeautjes.nl\/de\/produkt\/holzperlen-mini-perlen-vogel-mit-loechern-fuer-runde-perlen-buche\/","og_locale":"de_DE","og_type":"article","og_title":"Holzperle - Vogel mit L\u00f6chern - Aufreihbar - Buchenholz","og_description":"Holzring mit L\u00f6chern f\u00fcr die Perle. F\u00fcr Bei\u00dfring oder Schnullerschnur. CE-zertifiziert. Versand oder Abholung nach Vereinbarung in IJsselstein.","og_url":"https:\/\/www.jootjeshaakcadeautjes.nl\/de\/produkt\/holzperlen-mini-perlen-vogel-mit-loechern-fuer-runde-perlen-buche\/","og_site_name":"Jootjes Haakcadeautjes","article_modified_time":"2026-02-19T11:40:43+00:00","og_image":[{"width":1355,"height":1356,"url":"https:\/\/www.jootjeshaakcadeautjes.nl\/wp-content\/uploads\/2020\/07\/20200725_150846.jpg","type":"image\/jpeg"}],"twitter_card":"summary_large_image","twitter_misc":{"Preis":"&euro;0.75 inkl. MwSt.","Verf\u00fcgbarkeit":"Auf Lager"},"schema":{"@context":"https:\/\/schema.org","@graph":[{"@type":"WebPage","@id":"https:\/\/www.jootjeshaakcadeautjes.nl\/de\/produkt\/holzperlen-mini-perlen-vogel-mit-loechern-fuer-runde-perlen-buche\/","url":"https:\/\/www.jootjeshaakcadeautjes.nl\/de\/produkt\/holzperlen-mini-perlen-vogel-mit-loechern-fuer-runde-perlen-buche\/","name":"Buchenholzperlen - Mini-Bei\u00dfring Vogel - F\u00fcr alle rund um Perle","isPartOf":{"@id":"https:\/\/www.jootjeshaakcadeautjes.nl\/de\/#website"},"primaryImageOfPage":{"@id":"https:\/\/www.jootjeshaakcadeautjes.nl\/de\/produkt\/holzperlen-mini-perlen-vogel-mit-loechern-fuer-runde-perlen-buche\/#primaryimage"},"image":{"@id":"https:\/\/www.jootjeshaakcadeautjes.nl\/de\/produkt\/holzperlen-mini-perlen-vogel-mit-loechern-fuer-runde-perlen-buche\/#primaryimage"},"thumbnailUrl":"https:\/\/d1dyryakdmle7o.cloudfront.net\/wp-content\/uploads\/2020\/07\/20200725_150846.jpg","datePublished":"2020-11-20T21:20:20+00:00","dateModified":"2026-02-19T11:40:43+00:00","description":"Holzring mit L\u00f6chern f\u00fcr die Perle. F\u00fcr Bei\u00dfring oder Schnullerschnur. CE-zertifiziert. Versand oder Abholung nach Vereinbarung in IJsselstein.","breadcrumb":{"@id":"https:\/\/www.jootjeshaakcadeautjes.nl\/de\/produkt\/holzperlen-mini-perlen-vogel-mit-loechern-fuer-runde-perlen-buche\/#breadcrumb"},"inLanguage":"de","potentialAction":[{"@type":"ReadAction","target":["https:\/\/www.jootjeshaakcadeautjes.nl\/de\/produkt\/holzperlen-mini-perlen-vogel-mit-loechern-fuer-runde-perlen-buche\/"]}]},{"@type":"ImageObject","inLanguage":"de","@id":"https:\/\/www.jootjeshaakcadeautjes.nl\/de\/produkt\/holzperlen-mini-perlen-vogel-mit-loechern-fuer-runde-perlen-buche\/#primaryimage","url":"https:\/\/d1dyryakdmle7o.cloudfront.net\/wp-content\/uploads\/2020\/07\/20200725_150846.jpg","contentUrl":"https:\/\/d1dyryakdmle7o.cloudfront.net\/wp-content\/uploads\/2020\/07\/20200725_150846.jpg","width":1355,"height":1356,"caption":"Holzperle Mini-Bei\u00dfring Vogelperle mit L\u00f6chern"},{"@type":"BreadcrumbList","@id":"https:\/\/www.jootjeshaakcadeautjes.nl\/de\/produkt\/holzperlen-mini-perlen-vogel-mit-loechern-fuer-runde-perlen-buche\/#breadcrumb","itemListElement":[{"@type":"ListItem","position":1,"name":"Startseite","item":"https:\/\/www.jootjeshaakcadeautjes.nl\/de\/"},{"@type":"ListItem","position":2,"name":"Gro\u00dfhandel mit Silikonperlen &#8211; Business und Consumer","item":"https:\/\/www.jootjeshaakcadeautjes.nl\/de\/shop\/"},{"@type":"ListItem","position":3,"name":"Holzperle &#8211; Vogel mit L\u00f6chern &#8211; Aufreihbar &#8211; Buchenholz"}]},{"@type":"WebSite","@id":"https:\/\/www.jootjeshaakcadeautjes.nl\/de\/#website","url":"https:\/\/www.jootjeshaakcadeautjes.nl\/de\/","name":"Jootjes Haakcadeautjes","description":"Silikonperlen Gro\u00dfhandel ","publisher":{"@id":"https:\/\/www.jootjeshaakcadeautjes.nl\/de\/#organization"},"potentialAction":[{"@type":"SearchAction","target":{"@type":"EntryPoint","urlTemplate":"https:\/\/www.jootjeshaakcadeautjes.nl\/de\/?s={search_term_string}"},"query-input":{"@type":"PropertyValueSpecification","valueRequired":true,"valueName":"search_term_string"}}],"inLanguage":"de"},{"@type":"Organization","@id":"https:\/\/www.jootjeshaakcadeautjes.nl\/de\/#organization","name":"Jootjes Haakcadeautjes","url":"https:\/\/www.jootjeshaakcadeautjes.nl\/de\/","logo":{"@type":"ImageObject","inLanguage":"de","@id":"https:\/\/www.jootjeshaakcadeautjes.nl\/de\/#\/schema\/logo\/image\/","url":"https:\/\/d1dyryakdmle7o.cloudfront.net\/wp-content\/uploads\/2023\/05\/Logo-rond.png","contentUrl":"https:\/\/d1dyryakdmle7o.cloudfront.net\/wp-content\/uploads\/2023\/05\/Logo-rond.png","width":1222,"height":1222,"caption":"Jootjes Haakcadeautjes"},"image":{"@id":"https:\/\/www.jootjeshaakcadeautjes.nl\/de\/#\/schema\/logo\/image\/"}}]},"product_price_amount":"0.75","product_price_currency":"EUR","og_availability":"instock","product_availability":"instock","product_retailer_item_id":"HOU-KRL-VGL","product_condition":"new"},"_links":{"self":[{"href":"https:\/\/www.jootjeshaakcadeautjes.nl\/de\/wp-json\/wp\/v2\/product\/122365","targetHints":{"allow":["GET"]}}],"collection":[{"href":"https:\/\/www.jootjeshaakcadeautjes.nl\/de\/wp-json\/wp\/v2\/product"}],"about":[{"href":"https:\/\/www.jootjeshaakcadeautjes.nl\/de\/wp-json\/wp\/v2\/types\/product"}],"version-history":[{"count":0,"href":"https:\/\/www.jootjeshaakcadeautjes.nl\/de\/wp-json\/wp\/v2\/product\/122365\/revisions"}],"wp:featuredmedia":[{"embeddable":true,"href":"https:\/\/www.jootjeshaakcadeautjes.nl\/de\/wp-json\/wp\/v2\/media\/70506"}],"wp:attachment":[{"href":"https:\/\/www.jootjeshaakcadeautjes.nl\/de\/wp-json\/wp\/v2\/media?parent=122365"}],"wp:term":[{"taxonomy":"product_brand","embeddable":true,"href":"https:\/\/www.jootjeshaakcadeautjes.nl\/de\/wp-json\/wp\/v2\/product_brand?post=122365"},{"taxonomy":"product_cat","embeddable":true,"href":"https:\/\/www.jootjeshaakcadeautjes.nl\/de\/wp-json\/wp\/v2\/product_cat?post=122365"},{"taxonomy":"product_tag","embeddable":true,"href":"https:\/\/www.jootjeshaakcadeautjes.nl\/de\/wp-json\/wp\/v2\/product_tag?post=122365"}],"curies":[{"name":"wp","href":"https:\/\/api.w.org\/{rel}","templated":true}]}}