{"id":122403,"date":"2020-10-27T21:30:08","date_gmt":"2020-10-27T19:30:08","guid":{"rendered":"https:\/\/www.jootjeshaakcadeautjes.nl\/product\/silikon-perlen-klinge-modern-weich-gelb\/"},"modified":"2026-03-07T09:39:00","modified_gmt":"2026-03-07T08:39:00","slug":"silikon-perlen-klinge-modern-weich-gelb","status":"publish","type":"product","link":"https:\/\/www.jootjeshaakcadeautjes.nl\/de\/produkt\/silikon-perlen-klinge-modern-weich-gelb\/","title":{"rendered":"Silikonperle &#8211; Blatt &#8211; Modern &#8211; Weiches Gelb"},"content":{"rendered":"<h2>Silikonperle &#8211; Blatt &#8211; Modern &#8211; Weiches Gelb<\/h2>\n<p>Der Faden geht von oben nach unten durch, ideal f\u00fcr Schnuller- oder Kinderwagenschn\u00fcre.<\/p>\n<p><strong>Material:<\/strong> Silikon, BPA-frei, phthalatfrei, PVC-frei, bleifrei, cadmiumfrei, aluminiumfrei, bleifrei und mehr. Generell als schadstofffrei eingestuft, basierend auf der EN-71-Zertifizierung f\u00fcr Baby- und Kinderspielzeug.<\/p>\n<p><strong>Zertifizierung:<\/strong> FDA, CE, EN 71<br \/>\n(EN71-1, 2 und 3; mechanische und physikalische Eigenschaften, Entflammbarkeit und Elementmigration).<\/p>\n<p><strong>Gr\u00f6\u00dfe: <\/strong>25 mm hoch x 30 mm breit x 7 mm dick<\/p>\n<p>Farbcode: Soft Yellow<\/p>\n<p><strong>Verwendung: <\/strong>Diese Silikonperlen in moderner Blattform werden h\u00e4ufig f\u00fcr sch\u00f6ne Kinderwagenketten, Kinderwagenaufh\u00e4nger oder ein Laufstallmobil verwendet. Da die Kordel durch das ganze Blatt verl\u00e4uft, eignet sich die Blattperle hervorragend f\u00fcr die Verwendung in einer Schnurattrappe oder einem Kinderwagenaufh\u00e4nger zwischen den normalen Perlen.<\/p>\n<p><em>Alle moosgr\u00fcnen Perlen haben die gleiche Farbe. Sehr geringe Abweichungen k\u00f6nnen in seltenen F\u00e4llen aufgrund einer ver\u00e4nderten Produktionscharge auftreten. Dies ist jedoch minimal und im Gebrauch nicht sp\u00fcrbar. Die Fotos auf der Website sind so weit wie m\u00f6glich auf Farbtreue eingestellt. Dies variiert jedoch je nach Ger\u00e4t (Computer, Tablet oder Mobiltelefon) und Anzeige. Die Farben k\u00f6nnen leicht von den Abbildungen abweichen.<\/em><\/p>\n<p><em>Alle Produkte von Jootjes Haakcadeautjes sind kindergesichert. Bitte beachten Sie, dass Fertigprodukte (Bei\u00dfringe, Schnullerschn\u00fcre, Kinderwagenschnuller usw.) eigene Sicherheitskriterien haben, die sie erf\u00fcllen m\u00fcssen. Jootjes Haakcadeautjes garantiert nur f\u00fcr die Materialien und nicht f\u00fcr das fertige Endprodukt. Jootjes Haakcadeautjes haftet daher in keiner Weise f\u00fcr Sch\u00e4den, die sich aus der Verwendung des Endprodukts ergeben. Verwenden Sie niemals lose Perlen. Kontrollieren Sie das fertige Produkt regelm\u00e4\u00dfig auf seine Sicherheit. Nur unter Aufsicht von Erwachsenen verwenden. Lassen Sie ein kleines Kind damit nicht unbeaufsichtigt und schlafen Sie nicht damit.  <\/em><\/p>\n","protected":false},"excerpt":{"rendered":"<p><strong>Material:<\/strong> Silikon, BPA-frei, phthalatfrei, PVC-frei, bleifrei, cadmiumfrei, aluminiumfrei, bleifrei und mehr. Generell als schadstofffrei eingestuft, basierend auf der EN-71-Zertifizierung f\u00fcr Baby- und Kinderspielzeug.<br \/>\n<strong>Zertifizierung:<\/strong> FDA, CE, EN 71<br \/>\n<strong>Gr\u00f6\u00dfe: 25 mm hoch x 30 mm breit x 7 mm dick<\/strong><br \/>\nFarbcode: Soft Yellow<\/p>\n<p>Weitere Informationen finden Sie am Ende der Seite.<\/p>\n","protected":false},"featured_media":75946,"template":"","meta":[],"product_brand":[],"product_cat":[7380,7389,8330,6991],"product_tag":[8331,7419,7901,8335,8057,7464,7442,7451,8338,9387,7199,7211,8101,8481,7435,7988],"class_list":{"0":"post-122403","1":"product","2":"type-product","3":"status-publish","4":"has-post-thumbnail","6":"product_cat-herstellung-von-baby-beisspielzeug-materialien-fur-schnuller-und-beisringe","7":"product_cat-silikonperlen-all-multicoloured-luxury-beads","8":"product_cat-silikonperlen-blatt","9":"product_cat-silikonperlen-bpa-frei-grosshandel","10":"product_tag-blatt","11":"product_tag-bpa-de","12":"product_tag-en-71-de","13":"product_tag-fda-de","14":"product_tag-gelb","15":"product_tag-groshandel","16":"product_tag-kinderwagenkette","17":"product_tag-kostenlos","18":"product_tag-laufstall-mobil","19":"product_tag-modern-de","20":"product_tag-perlen","21":"product_tag-silikon","22":"product_tag-waggonaufhanger","23":"product_tag-weich","24":"product_tag-wulst","25":"product_tag-zertifiziert","27":"first","28":"outofstock","29":"taxable","30":"shipping-taxable","31":"purchasable","32":"product-type-simple"},"bundled_by":[],"bundle_stock_status":"outofstock","bundle_stock_quantity":0,"bundle_virtual":false,"bundle_layout":"","bundle_add_to_cart_form_location":"","bundle_editable_in_cart":false,"bundle_sold_individually_context":"","bundle_item_grouping":"","bundle_min_size":"","bundle_max_size":"","bundle_price":[],"bundled_items":[],"bundle_sell_ids":[],"yoast_head":"<!-- This site is optimized with the Yoast SEO Premium plugin v27.4 (Yoast SEO v27.4) - https:\/\/yoast.com\/product\/yoast-seo-premium-wordpress\/ -->\n<title>Silikonperle - Blatt - Modern - Weiches Gelb - Jootjes Haakcadeautjes<\/title>\n<meta name=\"description\" content=\"Silikonperle Blatt modern Soft Yellow. F\u00fcr Kinderwagenkette, Laufstallmobil oder Kinderwagenaufh\u00e4nger. BPA-frei, CE- und FDA-zertifiziert. Entspricht der EN-71.\" \/>\n<meta name=\"robots\" content=\"index, follow, max-snippet:-1, max-image-preview:large, max-video-preview:-1\" \/>\n<link rel=\"canonical\" href=\"https:\/\/www.jootjeshaakcadeautjes.nl\/de\/produkt\/silikon-perlen-klinge-modern-weich-gelb\/\" \/>\n<meta property=\"og:locale\" content=\"de_DE\" \/>\n<meta property=\"og:type\" content=\"article\" \/>\n<meta property=\"og:title\" content=\"Silikonperle - Blatt - Modern - Weiches Gelb\" \/>\n<meta property=\"og:description\" content=\"Silikonperle Blatt modern Soft Yellow. F\u00fcr Kinderwagenkette, Laufstallmobil oder Kinderwagenaufh\u00e4nger. BPA-frei, CE- und FDA-zertifiziert. Entspricht der EN-71.\" \/>\n<meta property=\"og:url\" content=\"https:\/\/www.jootjeshaakcadeautjes.nl\/de\/produkt\/silikon-perlen-klinge-modern-weich-gelb\/\" \/>\n<meta property=\"og:site_name\" content=\"Jootjes Haakcadeautjes\" \/>\n<meta property=\"article:modified_time\" content=\"2026-03-07T08:39:00+00:00\" \/>\n<meta property=\"og:image\" content=\"https:\/\/www.jootjeshaakcadeautjes.nl\/wp-content\/uploads\/2021\/04\/20210427_182417.jpg\" \/>\n\t<meta property=\"og:image:width\" content=\"1651\" \/>\n\t<meta property=\"og:image:height\" content=\"1651\" \/>\n\t<meta property=\"og:image:type\" content=\"image\/jpeg\" \/>\n<meta name=\"twitter:card\" content=\"summary_large_image\" \/>\n<meta name=\"twitter:label1\" content=\"Preis\" \/>\n\t<meta name=\"twitter:data1\" content=\"&euro;0.40 inkl. MwSt.\" \/>\n\t<meta name=\"twitter:label2\" content=\"Verf\u00fcgbarkeit\" \/>\n\t<meta name=\"twitter:data2\" content=\"ausverkauft\" \/>\n<script type=\"application\/ld+json\" class=\"yoast-schema-graph\">{\"@context\":\"https:\\\/\\\/schema.org\",\"@graph\":[{\"@type\":\"WebPage\",\"@id\":\"https:\\\/\\\/www.jootjeshaakcadeautjes.nl\\\/de\\\/produkt\\\/silikon-perlen-klinge-modern-weich-gelb\\\/\",\"url\":\"https:\\\/\\\/www.jootjeshaakcadeautjes.nl\\\/de\\\/produkt\\\/silikon-perlen-klinge-modern-weich-gelb\\\/\",\"name\":\"Silikonperle - Blatt - Modern - Weiches Gelb - Jootjes Haakcadeautjes\",\"isPartOf\":{\"@id\":\"https:\\\/\\\/www.jootjeshaakcadeautjes.nl\\\/de\\\/#website\"},\"primaryImageOfPage\":{\"@id\":\"https:\\\/\\\/www.jootjeshaakcadeautjes.nl\\\/de\\\/produkt\\\/silikon-perlen-klinge-modern-weich-gelb\\\/#primaryimage\"},\"image\":{\"@id\":\"https:\\\/\\\/www.jootjeshaakcadeautjes.nl\\\/de\\\/produkt\\\/silikon-perlen-klinge-modern-weich-gelb\\\/#primaryimage\"},\"thumbnailUrl\":\"https:\\\/\\\/d1dyryakdmle7o.cloudfront.net\\\/wp-content\\\/uploads\\\/2021\\\/04\\\/20210427_182417.jpg\",\"datePublished\":\"2020-10-27T19:30:08+00:00\",\"dateModified\":\"2026-03-07T08:39:00+00:00\",\"description\":\"Silikonperle Blatt modern Soft Yellow. F\u00fcr Kinderwagenkette, Laufstallmobil oder Kinderwagenaufh\u00e4nger. BPA-frei, CE- und FDA-zertifiziert. Entspricht der EN-71.\",\"breadcrumb\":{\"@id\":\"https:\\\/\\\/www.jootjeshaakcadeautjes.nl\\\/de\\\/produkt\\\/silikon-perlen-klinge-modern-weich-gelb\\\/#breadcrumb\"},\"inLanguage\":\"de\",\"potentialAction\":[{\"@type\":\"ReadAction\",\"target\":[\"https:\\\/\\\/www.jootjeshaakcadeautjes.nl\\\/de\\\/produkt\\\/silikon-perlen-klinge-modern-weich-gelb\\\/\"]}]},{\"@type\":\"ImageObject\",\"inLanguage\":\"de\",\"@id\":\"https:\\\/\\\/www.jootjeshaakcadeautjes.nl\\\/de\\\/produkt\\\/silikon-perlen-klinge-modern-weich-gelb\\\/#primaryimage\",\"url\":\"https:\\\/\\\/d1dyryakdmle7o.cloudfront.net\\\/wp-content\\\/uploads\\\/2021\\\/04\\\/20210427_182417.jpg\",\"contentUrl\":\"https:\\\/\\\/d1dyryakdmle7o.cloudfront.net\\\/wp-content\\\/uploads\\\/2021\\\/04\\\/20210427_182417.jpg\",\"width\":1651,\"height\":1651,\"caption\":\"Silikonperlen Monstera bpa frei Baby sicher Gro\u00dfhandel weich gelb\"},{\"@type\":\"BreadcrumbList\",\"@id\":\"https:\\\/\\\/www.jootjeshaakcadeautjes.nl\\\/de\\\/produkt\\\/silikon-perlen-klinge-modern-weich-gelb\\\/#breadcrumb\",\"itemListElement\":[{\"@type\":\"ListItem\",\"position\":1,\"name\":\"Startseite\",\"item\":\"https:\\\/\\\/www.jootjeshaakcadeautjes.nl\\\/de\\\/\"},{\"@type\":\"ListItem\",\"position\":2,\"name\":\"Gro\u00dfhandel mit Silikonperlen &#8211; Business und Consumer\",\"item\":\"https:\\\/\\\/www.jootjeshaakcadeautjes.nl\\\/de\\\/shop\\\/\"},{\"@type\":\"ListItem\",\"position\":3,\"name\":\"Silikonperle &#8211; Blatt &#8211; Modern &#8211; Weiches Gelb\"}]},{\"@type\":\"WebSite\",\"@id\":\"https:\\\/\\\/www.jootjeshaakcadeautjes.nl\\\/de\\\/#website\",\"url\":\"https:\\\/\\\/www.jootjeshaakcadeautjes.nl\\\/de\\\/\",\"name\":\"Jootjes Haakcadeautjes\",\"description\":\"Silikonperlen Gro\u00dfhandel \",\"publisher\":{\"@id\":\"https:\\\/\\\/www.jootjeshaakcadeautjes.nl\\\/de\\\/#organization\"},\"potentialAction\":[{\"@type\":\"SearchAction\",\"target\":{\"@type\":\"EntryPoint\",\"urlTemplate\":\"https:\\\/\\\/www.jootjeshaakcadeautjes.nl\\\/de\\\/?s={search_term_string}\"},\"query-input\":{\"@type\":\"PropertyValueSpecification\",\"valueRequired\":true,\"valueName\":\"search_term_string\"}}],\"inLanguage\":\"de\"},{\"@type\":\"Organization\",\"@id\":\"https:\\\/\\\/www.jootjeshaakcadeautjes.nl\\\/de\\\/#organization\",\"name\":\"Jootjes Haakcadeautjes\",\"url\":\"https:\\\/\\\/www.jootjeshaakcadeautjes.nl\\\/de\\\/\",\"logo\":{\"@type\":\"ImageObject\",\"inLanguage\":\"de\",\"@id\":\"https:\\\/\\\/www.jootjeshaakcadeautjes.nl\\\/de\\\/#\\\/schema\\\/logo\\\/image\\\/\",\"url\":\"https:\\\/\\\/jootjes-haakcadeautjes-media.s3.amazonaws.com\\\/wp-content\\\/uploads\\\/2023\\\/05\\\/Logo-rond.png\",\"contentUrl\":\"https:\\\/\\\/jootjes-haakcadeautjes-media.s3.amazonaws.com\\\/wp-content\\\/uploads\\\/2023\\\/05\\\/Logo-rond.png\",\"width\":1222,\"height\":1222,\"caption\":\"Jootjes Haakcadeautjes\"},\"image\":{\"@id\":\"https:\\\/\\\/www.jootjeshaakcadeautjes.nl\\\/de\\\/#\\\/schema\\\/logo\\\/image\\\/\"}}]}<\/script>\n<meta property=\"product:price:amount\" content=\"0.40\" \/>\n<meta property=\"product:price:currency\" content=\"EUR\" \/>\n<meta property=\"og:availability\" content=\"out of stock\" \/>\n<meta property=\"product:availability\" content=\"out of stock\" \/>\n<meta property=\"product:retailer_item_id\" content=\"SIL-BLM-ZAG\" \/>\n<meta property=\"product:condition\" content=\"new\" \/>\n<!-- \/ Yoast SEO Premium plugin. -->","yoast_head_json":{"title":"Silikonperle - Blatt - Modern - Weiches Gelb - Jootjes Haakcadeautjes","description":"Silikonperle Blatt modern Soft Yellow. F\u00fcr Kinderwagenkette, Laufstallmobil oder Kinderwagenaufh\u00e4nger. BPA-frei, CE- und FDA-zertifiziert. Entspricht der EN-71.","robots":{"index":"index","follow":"follow","max-snippet":"max-snippet:-1","max-image-preview":"max-image-preview:large","max-video-preview":"max-video-preview:-1"},"canonical":"https:\/\/www.jootjeshaakcadeautjes.nl\/de\/produkt\/silikon-perlen-klinge-modern-weich-gelb\/","og_locale":"de_DE","og_type":"article","og_title":"Silikonperle - Blatt - Modern - Weiches Gelb","og_description":"Silikonperle Blatt modern Soft Yellow. F\u00fcr Kinderwagenkette, Laufstallmobil oder Kinderwagenaufh\u00e4nger. BPA-frei, CE- und FDA-zertifiziert. Entspricht der EN-71.","og_url":"https:\/\/www.jootjeshaakcadeautjes.nl\/de\/produkt\/silikon-perlen-klinge-modern-weich-gelb\/","og_site_name":"Jootjes Haakcadeautjes","article_modified_time":"2026-03-07T08:39:00+00:00","og_image":[{"width":1651,"height":1651,"url":"https:\/\/www.jootjeshaakcadeautjes.nl\/wp-content\/uploads\/2021\/04\/20210427_182417.jpg","type":"image\/jpeg"}],"twitter_card":"summary_large_image","twitter_misc":{"Preis":"&euro;0.40 inkl. MwSt.","Verf\u00fcgbarkeit":"ausverkauft"},"schema":{"@context":"https:\/\/schema.org","@graph":[{"@type":"WebPage","@id":"https:\/\/www.jootjeshaakcadeautjes.nl\/de\/produkt\/silikon-perlen-klinge-modern-weich-gelb\/","url":"https:\/\/www.jootjeshaakcadeautjes.nl\/de\/produkt\/silikon-perlen-klinge-modern-weich-gelb\/","name":"Silikonperle - Blatt - Modern - Weiches Gelb - Jootjes Haakcadeautjes","isPartOf":{"@id":"https:\/\/www.jootjeshaakcadeautjes.nl\/de\/#website"},"primaryImageOfPage":{"@id":"https:\/\/www.jootjeshaakcadeautjes.nl\/de\/produkt\/silikon-perlen-klinge-modern-weich-gelb\/#primaryimage"},"image":{"@id":"https:\/\/www.jootjeshaakcadeautjes.nl\/de\/produkt\/silikon-perlen-klinge-modern-weich-gelb\/#primaryimage"},"thumbnailUrl":"https:\/\/d1dyryakdmle7o.cloudfront.net\/wp-content\/uploads\/2021\/04\/20210427_182417.jpg","datePublished":"2020-10-27T19:30:08+00:00","dateModified":"2026-03-07T08:39:00+00:00","description":"Silikonperle Blatt modern Soft Yellow. F\u00fcr Kinderwagenkette, Laufstallmobil oder Kinderwagenaufh\u00e4nger. BPA-frei, CE- und FDA-zertifiziert. Entspricht der EN-71.","breadcrumb":{"@id":"https:\/\/www.jootjeshaakcadeautjes.nl\/de\/produkt\/silikon-perlen-klinge-modern-weich-gelb\/#breadcrumb"},"inLanguage":"de","potentialAction":[{"@type":"ReadAction","target":["https:\/\/www.jootjeshaakcadeautjes.nl\/de\/produkt\/silikon-perlen-klinge-modern-weich-gelb\/"]}]},{"@type":"ImageObject","inLanguage":"de","@id":"https:\/\/www.jootjeshaakcadeautjes.nl\/de\/produkt\/silikon-perlen-klinge-modern-weich-gelb\/#primaryimage","url":"https:\/\/d1dyryakdmle7o.cloudfront.net\/wp-content\/uploads\/2021\/04\/20210427_182417.jpg","contentUrl":"https:\/\/d1dyryakdmle7o.cloudfront.net\/wp-content\/uploads\/2021\/04\/20210427_182417.jpg","width":1651,"height":1651,"caption":"Silikonperlen Monstera bpa frei Baby sicher Gro\u00dfhandel weich gelb"},{"@type":"BreadcrumbList","@id":"https:\/\/www.jootjeshaakcadeautjes.nl\/de\/produkt\/silikon-perlen-klinge-modern-weich-gelb\/#breadcrumb","itemListElement":[{"@type":"ListItem","position":1,"name":"Startseite","item":"https:\/\/www.jootjeshaakcadeautjes.nl\/de\/"},{"@type":"ListItem","position":2,"name":"Gro\u00dfhandel mit Silikonperlen &#8211; Business und Consumer","item":"https:\/\/www.jootjeshaakcadeautjes.nl\/de\/shop\/"},{"@type":"ListItem","position":3,"name":"Silikonperle &#8211; Blatt &#8211; Modern &#8211; Weiches Gelb"}]},{"@type":"WebSite","@id":"https:\/\/www.jootjeshaakcadeautjes.nl\/de\/#website","url":"https:\/\/www.jootjeshaakcadeautjes.nl\/de\/","name":"Jootjes Haakcadeautjes","description":"Silikonperlen Gro\u00dfhandel ","publisher":{"@id":"https:\/\/www.jootjeshaakcadeautjes.nl\/de\/#organization"},"potentialAction":[{"@type":"SearchAction","target":{"@type":"EntryPoint","urlTemplate":"https:\/\/www.jootjeshaakcadeautjes.nl\/de\/?s={search_term_string}"},"query-input":{"@type":"PropertyValueSpecification","valueRequired":true,"valueName":"search_term_string"}}],"inLanguage":"de"},{"@type":"Organization","@id":"https:\/\/www.jootjeshaakcadeautjes.nl\/de\/#organization","name":"Jootjes Haakcadeautjes","url":"https:\/\/www.jootjeshaakcadeautjes.nl\/de\/","logo":{"@type":"ImageObject","inLanguage":"de","@id":"https:\/\/www.jootjeshaakcadeautjes.nl\/de\/#\/schema\/logo\/image\/","url":"https:\/\/jootjes-haakcadeautjes-media.s3.amazonaws.com\/wp-content\/uploads\/2023\/05\/Logo-rond.png","contentUrl":"https:\/\/jootjes-haakcadeautjes-media.s3.amazonaws.com\/wp-content\/uploads\/2023\/05\/Logo-rond.png","width":1222,"height":1222,"caption":"Jootjes Haakcadeautjes"},"image":{"@id":"https:\/\/www.jootjeshaakcadeautjes.nl\/de\/#\/schema\/logo\/image\/"}}]},"product_price_amount":"0.40","product_price_currency":"EUR","og_availability":"out of stock","product_availability":"out of stock","product_retailer_item_id":"SIL-BLM-ZAG","product_condition":"new"},"_links":{"self":[{"href":"https:\/\/www.jootjeshaakcadeautjes.nl\/de\/wp-json\/wp\/v2\/product\/122403","targetHints":{"allow":["GET"]}}],"collection":[{"href":"https:\/\/www.jootjeshaakcadeautjes.nl\/de\/wp-json\/wp\/v2\/product"}],"about":[{"href":"https:\/\/www.jootjeshaakcadeautjes.nl\/de\/wp-json\/wp\/v2\/types\/product"}],"version-history":[{"count":0,"href":"https:\/\/www.jootjeshaakcadeautjes.nl\/de\/wp-json\/wp\/v2\/product\/122403\/revisions"}],"wp:featuredmedia":[{"embeddable":true,"href":"https:\/\/www.jootjeshaakcadeautjes.nl\/de\/wp-json\/wp\/v2\/media\/75946"}],"wp:attachment":[{"href":"https:\/\/www.jootjeshaakcadeautjes.nl\/de\/wp-json\/wp\/v2\/media?parent=122403"}],"wp:term":[{"taxonomy":"product_brand","embeddable":true,"href":"https:\/\/www.jootjeshaakcadeautjes.nl\/de\/wp-json\/wp\/v2\/product_brand?post=122403"},{"taxonomy":"product_cat","embeddable":true,"href":"https:\/\/www.jootjeshaakcadeautjes.nl\/de\/wp-json\/wp\/v2\/product_cat?post=122403"},{"taxonomy":"product_tag","embeddable":true,"href":"https:\/\/www.jootjeshaakcadeautjes.nl\/de\/wp-json\/wp\/v2\/product_tag?post=122403"}],"curies":[{"name":"wp","href":"https:\/\/api.w.org\/{rel}","templated":true}]}}