{"id":122447,"date":"2020-10-17T03:00:13","date_gmt":"2020-10-17T01:00:13","guid":{"rendered":"https:\/\/www.jootjeshaakcadeautjes.nl\/product\/holzperle-abacus-gross-23-x-15-mm-buchenholz\/"},"modified":"2026-04-09T16:36:22","modified_gmt":"2026-04-09T14:36:22","slug":"holzperle-abacus-gross-23-x-15-mm-buchenholz","status":"publish","type":"product","link":"https:\/\/www.jootjeshaakcadeautjes.nl\/de\/produkt\/holzperle-abacus-gross-23-x-15-mm-buchenholz\/","title":{"rendered":"Holzperle &#8211; Abakus &#8211; Gr\u00f6\u00dfe 23&#215;15 mm &#8211; Buchenholz"},"content":{"rendered":"<h2>Holzperle &#8211; Abakus gro\u00df &#8211; 23 x 15 mm<\/h2>\n<ul>\n<li>Gr\u00f6\u00dfe: 23 x 15 mm<\/li>\n<li>Form: Abakus<\/li>\n<li>Material: glatt poliertes Buchenholz, unbehandelt<\/li>\n<\/ul>\n<p>Holz, das nicht splittert, frei von sch\u00e4dlichen Chemikalien.<\/p>\n<p>Kindersicheres, robustes Buchenholz<\/p>\n","protected":false},"excerpt":{"rendered":"<p><strong>Holzperle &#8211; Abakus gro\u00df &#8211; 30 x 13 mm<\/strong><\/p>\n<ul>\n<li>Gr\u00f6\u00dfe: 30 x 13 mm<\/li>\n<li>Form: Abakus<\/li>\n<li>Material: Unbehandeltes Buchenholz<\/li>\n<\/ul>\n<p>Holz, das nicht splittert, frei von sch\u00e4dlichen Chemikalien.<\/p>\n<p>Kindersicheres, robustes Buchenholz.<\/p>\n","protected":false},"featured_media":82233,"template":"","meta":[],"product_brand":[],"product_cat":[7380,9404,8045,9405],"product_tag":[9550,9589,9548,7993,8589,9754,7545,8266,8046,7196,7397,7199,7435],"class_list":{"0":"post-122447","1":"product","2":"type-product","3":"status-publish","4":"has-post-thumbnail","6":"product_cat-herstellung-von-baby-beisspielzeug-materialien-fur-schnuller-und-beisringe","7":"product_cat-holzperlen-buchenholz-schnullerschnur-und-beisring","8":"product_cat-holzperlen-schnullerband-und-beisring-alle-holzperlen","9":"product_cat-holzperlen-fur-makramee-und-hakeln","10":"product_tag-13-de","11":"product_tag-13-mm-de","12":"product_tag-13mm-de","13":"product_tag-30-de","14":"product_tag-30-mm-de","15":"product_tag-30mm-de","16":"product_tag-abakus-de","17":"product_tag-grosartig","18":"product_tag-holz-de","19":"product_tag-holz","20":"product_tag-mm-de","21":"product_tag-perlen","22":"product_tag-wulst","24":"first","25":"instock","26":"taxable","27":"shipping-taxable","28":"purchasable","29":"product-type-simple"},"bundled_by":[],"bundle_stock_status":"instock","bundle_stock_quantity":21,"bundle_virtual":false,"bundle_layout":"","bundle_add_to_cart_form_location":"","bundle_editable_in_cart":false,"bundle_sold_individually_context":"","bundle_item_grouping":"","bundle_min_size":"","bundle_max_size":"","bundle_price":[],"bundled_items":[],"bundle_sell_ids":[],"yoast_head":"<!-- This site is optimized with the Yoast SEO Premium plugin v27.6 (Yoast SEO v27.6) - https:\/\/yoast.com\/product\/yoast-seo-premium-wordpress\/ -->\n<title>Jootjes Haakcadeautjes<\/title>\n<meta name=\"description\" content=\"Holzperlen Abakus gro\u00dfe Gr\u00f6\u00dfe 23 x 15 mm. Die perfekte gr\u00f6\u00dfere Perle f\u00fcr einen einzigartigen Blickfang in Maxisitzb\u00fcgeln oder Kinderwagenketten.\" \/>\n<meta name=\"robots\" content=\"index, follow, max-snippet:-1, max-image-preview:large, max-video-preview:-1\" \/>\n<link rel=\"canonical\" href=\"https:\/\/www.jootjeshaakcadeautjes.nl\/de\/produkt\/holzperle-abacus-gross-23-x-15-mm-buchenholz\/\" \/>\n<meta property=\"og:locale\" content=\"de_DE\" \/>\n<meta property=\"og:type\" content=\"article\" \/>\n<meta property=\"og:title\" content=\"Holzperle - Abakus - Gr\u00f6\u00dfe 23x15 mm - Buchenholz\" \/>\n<meta property=\"og:description\" content=\"Holzperlen Abakus gro\u00dfe Gr\u00f6\u00dfe 23 x 15 mm. Die perfekte gr\u00f6\u00dfere Perle f\u00fcr einen einzigartigen Blickfang in Maxisitzb\u00fcgeln oder Kinderwagenketten.\" \/>\n<meta property=\"og:url\" content=\"https:\/\/www.jootjeshaakcadeautjes.nl\/de\/produkt\/holzperle-abacus-gross-23-x-15-mm-buchenholz\/\" \/>\n<meta property=\"og:site_name\" content=\"Jootjes Haakcadeautjes\" \/>\n<meta property=\"article:modified_time\" content=\"2026-04-09T14:36:22+00:00\" \/>\n<meta property=\"og:image\" content=\"https:\/\/www.jootjeshaakcadeautjes.nl\/wp-content\/uploads\/2020\/11\/My-project-1-3.jpg\" \/>\n\t<meta property=\"og:image:width\" content=\"1080\" \/>\n\t<meta property=\"og:image:height\" content=\"1080\" \/>\n\t<meta property=\"og:image:type\" content=\"image\/jpeg\" \/>\n<meta name=\"twitter:card\" content=\"summary_large_image\" \/>\n<meta name=\"twitter:label1\" content=\"Preis\" \/>\n\t<meta name=\"twitter:data1\" content=\"&euro;0.45 inkl. MwSt.\" \/>\n\t<meta name=\"twitter:label2\" content=\"Verf\u00fcgbarkeit\" \/>\n\t<meta name=\"twitter:data2\" content=\"Auf Lager\" \/>\n<script type=\"application\/ld+json\" class=\"yoast-schema-graph\">{\"@context\":\"https:\\\/\\\/schema.org\",\"@graph\":[{\"@type\":\"WebPage\",\"@id\":\"https:\\\/\\\/www.jootjeshaakcadeautjes.nl\\\/de\\\/produkt\\\/holzperle-abacus-gross-23-x-15-mm-buchenholz\\\/\",\"url\":\"https:\\\/\\\/www.jootjeshaakcadeautjes.nl\\\/de\\\/produkt\\\/holzperle-abacus-gross-23-x-15-mm-buchenholz\\\/\",\"name\":\"\",\"isPartOf\":{\"@id\":\"https:\\\/\\\/www.jootjeshaakcadeautjes.nl\\\/de\\\/#website\"},\"primaryImageOfPage\":{\"@id\":\"https:\\\/\\\/www.jootjeshaakcadeautjes.nl\\\/de\\\/produkt\\\/holzperle-abacus-gross-23-x-15-mm-buchenholz\\\/#primaryimage\"},\"image\":{\"@id\":\"https:\\\/\\\/www.jootjeshaakcadeautjes.nl\\\/de\\\/produkt\\\/holzperle-abacus-gross-23-x-15-mm-buchenholz\\\/#primaryimage\"},\"thumbnailUrl\":\"https:\\\/\\\/d1dyryakdmle7o.cloudfront.net\\\/wp-content\\\/uploads\\\/2020\\\/11\\\/My-project-1-3.jpg\",\"datePublished\":\"2020-10-17T01:00:13+00:00\",\"dateModified\":\"2026-04-09T14:36:22+00:00\",\"description\":\"Holzperlen Abakus gro\u00dfe Gr\u00f6\u00dfe 23 x 15 mm. Die perfekte gr\u00f6\u00dfere Perle f\u00fcr einen einzigartigen Blickfang in Maxisitzb\u00fcgeln oder Kinderwagenketten.\",\"breadcrumb\":{\"@id\":\"https:\\\/\\\/www.jootjeshaakcadeautjes.nl\\\/de\\\/produkt\\\/holzperle-abacus-gross-23-x-15-mm-buchenholz\\\/#breadcrumb\"},\"inLanguage\":\"de\",\"potentialAction\":[{\"@type\":\"ReadAction\",\"target\":[\"https:\\\/\\\/www.jootjeshaakcadeautjes.nl\\\/de\\\/produkt\\\/holzperle-abacus-gross-23-x-15-mm-buchenholz\\\/\"]}]},{\"@type\":\"ImageObject\",\"inLanguage\":\"de\",\"@id\":\"https:\\\/\\\/www.jootjeshaakcadeautjes.nl\\\/de\\\/produkt\\\/holzperle-abacus-gross-23-x-15-mm-buchenholz\\\/#primaryimage\",\"url\":\"https:\\\/\\\/d1dyryakdmle7o.cloudfront.net\\\/wp-content\\\/uploads\\\/2020\\\/11\\\/My-project-1-3.jpg\",\"contentUrl\":\"https:\\\/\\\/d1dyryakdmle7o.cloudfront.net\\\/wp-content\\\/uploads\\\/2020\\\/11\\\/My-project-1-3.jpg\",\"width\":1080,\"height\":1080,\"caption\":\"Buche Abakus glatt poliert Baby sicher Gro\u00dfhandel Schl\u00fcsselanh\u00e4nger\"},{\"@type\":\"BreadcrumbList\",\"@id\":\"https:\\\/\\\/www.jootjeshaakcadeautjes.nl\\\/de\\\/produkt\\\/holzperle-abacus-gross-23-x-15-mm-buchenholz\\\/#breadcrumb\",\"itemListElement\":[{\"@type\":\"ListItem\",\"position\":1,\"name\":\"Startseite\",\"item\":\"https:\\\/\\\/www.jootjeshaakcadeautjes.nl\\\/de\\\/\"},{\"@type\":\"ListItem\",\"position\":2,\"name\":\"Gro\u00dfhandel mit Silikonperlen &#8211; Business und Consumer\",\"item\":\"https:\\\/\\\/www.jootjeshaakcadeautjes.nl\\\/de\\\/shop\\\/\"},{\"@type\":\"ListItem\",\"position\":3,\"name\":\"Holzperle &#8211; Abakus &#8211; Gr\u00f6\u00dfe 23&#215;15 mm &#8211; Buchenholz\"}]},{\"@type\":\"WebSite\",\"@id\":\"https:\\\/\\\/www.jootjeshaakcadeautjes.nl\\\/de\\\/#website\",\"url\":\"https:\\\/\\\/www.jootjeshaakcadeautjes.nl\\\/de\\\/\",\"name\":\"Jootjes Haakcadeautjes\",\"description\":\"Silikonperlen Gro\u00dfhandel \",\"publisher\":{\"@id\":\"https:\\\/\\\/www.jootjeshaakcadeautjes.nl\\\/de\\\/#organization\"},\"potentialAction\":[{\"@type\":\"SearchAction\",\"target\":{\"@type\":\"EntryPoint\",\"urlTemplate\":\"https:\\\/\\\/www.jootjeshaakcadeautjes.nl\\\/de\\\/?s={search_term_string}\"},\"query-input\":{\"@type\":\"PropertyValueSpecification\",\"valueRequired\":true,\"valueName\":\"search_term_string\"}}],\"inLanguage\":\"de\"},{\"@type\":\"Organization\",\"@id\":\"https:\\\/\\\/www.jootjeshaakcadeautjes.nl\\\/de\\\/#organization\",\"name\":\"Jootjes Haakcadeautjes\",\"url\":\"https:\\\/\\\/www.jootjeshaakcadeautjes.nl\\\/de\\\/\",\"logo\":{\"@type\":\"ImageObject\",\"inLanguage\":\"de\",\"@id\":\"https:\\\/\\\/www.jootjeshaakcadeautjes.nl\\\/de\\\/#\\\/schema\\\/logo\\\/image\\\/\",\"url\":\"https:\\\/\\\/d1dyryakdmle7o.cloudfront.net\\\/wp-content\\\/uploads\\\/2023\\\/05\\\/Logo-rond.png\",\"contentUrl\":\"https:\\\/\\\/d1dyryakdmle7o.cloudfront.net\\\/wp-content\\\/uploads\\\/2023\\\/05\\\/Logo-rond.png\",\"width\":1222,\"height\":1222,\"caption\":\"Jootjes Haakcadeautjes\"},\"image\":{\"@id\":\"https:\\\/\\\/www.jootjeshaakcadeautjes.nl\\\/de\\\/#\\\/schema\\\/logo\\\/image\\\/\"}}]}<\/script>\n<meta property=\"product:price:amount\" content=\"0.45\" \/>\n<meta property=\"product:price:currency\" content=\"EUR\" \/>\n<meta property=\"og:availability\" content=\"instock\" \/>\n<meta property=\"product:availability\" content=\"instock\" \/>\n<meta property=\"product:retailer_item_id\" content=\"HOU-KRL-AB3-1\" \/>\n<meta property=\"product:condition\" content=\"new\" \/>\n<!-- \/ Yoast SEO Premium plugin. -->","yoast_head_json":{"title":"Jootjes Haakcadeautjes","description":"Holzperlen Abakus gro\u00dfe Gr\u00f6\u00dfe 23 x 15 mm. Die perfekte gr\u00f6\u00dfere Perle f\u00fcr einen einzigartigen Blickfang in Maxisitzb\u00fcgeln oder Kinderwagenketten.","robots":{"index":"index","follow":"follow","max-snippet":"max-snippet:-1","max-image-preview":"max-image-preview:large","max-video-preview":"max-video-preview:-1"},"canonical":"https:\/\/www.jootjeshaakcadeautjes.nl\/de\/produkt\/holzperle-abacus-gross-23-x-15-mm-buchenholz\/","og_locale":"de_DE","og_type":"article","og_title":"Holzperle - Abakus - Gr\u00f6\u00dfe 23x15 mm - Buchenholz","og_description":"Holzperlen Abakus gro\u00dfe Gr\u00f6\u00dfe 23 x 15 mm. Die perfekte gr\u00f6\u00dfere Perle f\u00fcr einen einzigartigen Blickfang in Maxisitzb\u00fcgeln oder Kinderwagenketten.","og_url":"https:\/\/www.jootjeshaakcadeautjes.nl\/de\/produkt\/holzperle-abacus-gross-23-x-15-mm-buchenholz\/","og_site_name":"Jootjes Haakcadeautjes","article_modified_time":"2026-04-09T14:36:22+00:00","og_image":[{"width":1080,"height":1080,"url":"https:\/\/www.jootjeshaakcadeautjes.nl\/wp-content\/uploads\/2020\/11\/My-project-1-3.jpg","type":"image\/jpeg"}],"twitter_card":"summary_large_image","twitter_misc":{"Preis":"&euro;0.45 inkl. MwSt.","Verf\u00fcgbarkeit":"Auf Lager"},"schema":{"@context":"https:\/\/schema.org","@graph":[{"@type":"WebPage","@id":"https:\/\/www.jootjeshaakcadeautjes.nl\/de\/produkt\/holzperle-abacus-gross-23-x-15-mm-buchenholz\/","url":"https:\/\/www.jootjeshaakcadeautjes.nl\/de\/produkt\/holzperle-abacus-gross-23-x-15-mm-buchenholz\/","name":"","isPartOf":{"@id":"https:\/\/www.jootjeshaakcadeautjes.nl\/de\/#website"},"primaryImageOfPage":{"@id":"https:\/\/www.jootjeshaakcadeautjes.nl\/de\/produkt\/holzperle-abacus-gross-23-x-15-mm-buchenholz\/#primaryimage"},"image":{"@id":"https:\/\/www.jootjeshaakcadeautjes.nl\/de\/produkt\/holzperle-abacus-gross-23-x-15-mm-buchenholz\/#primaryimage"},"thumbnailUrl":"https:\/\/d1dyryakdmle7o.cloudfront.net\/wp-content\/uploads\/2020\/11\/My-project-1-3.jpg","datePublished":"2020-10-17T01:00:13+00:00","dateModified":"2026-04-09T14:36:22+00:00","description":"Holzperlen Abakus gro\u00dfe Gr\u00f6\u00dfe 23 x 15 mm. Die perfekte gr\u00f6\u00dfere Perle f\u00fcr einen einzigartigen Blickfang in Maxisitzb\u00fcgeln oder Kinderwagenketten.","breadcrumb":{"@id":"https:\/\/www.jootjeshaakcadeautjes.nl\/de\/produkt\/holzperle-abacus-gross-23-x-15-mm-buchenholz\/#breadcrumb"},"inLanguage":"de","potentialAction":[{"@type":"ReadAction","target":["https:\/\/www.jootjeshaakcadeautjes.nl\/de\/produkt\/holzperle-abacus-gross-23-x-15-mm-buchenholz\/"]}]},{"@type":"ImageObject","inLanguage":"de","@id":"https:\/\/www.jootjeshaakcadeautjes.nl\/de\/produkt\/holzperle-abacus-gross-23-x-15-mm-buchenholz\/#primaryimage","url":"https:\/\/d1dyryakdmle7o.cloudfront.net\/wp-content\/uploads\/2020\/11\/My-project-1-3.jpg","contentUrl":"https:\/\/d1dyryakdmle7o.cloudfront.net\/wp-content\/uploads\/2020\/11\/My-project-1-3.jpg","width":1080,"height":1080,"caption":"Buche Abakus glatt poliert Baby sicher Gro\u00dfhandel Schl\u00fcsselanh\u00e4nger"},{"@type":"BreadcrumbList","@id":"https:\/\/www.jootjeshaakcadeautjes.nl\/de\/produkt\/holzperle-abacus-gross-23-x-15-mm-buchenholz\/#breadcrumb","itemListElement":[{"@type":"ListItem","position":1,"name":"Startseite","item":"https:\/\/www.jootjeshaakcadeautjes.nl\/de\/"},{"@type":"ListItem","position":2,"name":"Gro\u00dfhandel mit Silikonperlen &#8211; Business und Consumer","item":"https:\/\/www.jootjeshaakcadeautjes.nl\/de\/shop\/"},{"@type":"ListItem","position":3,"name":"Holzperle &#8211; Abakus &#8211; Gr\u00f6\u00dfe 23&#215;15 mm &#8211; Buchenholz"}]},{"@type":"WebSite","@id":"https:\/\/www.jootjeshaakcadeautjes.nl\/de\/#website","url":"https:\/\/www.jootjeshaakcadeautjes.nl\/de\/","name":"Jootjes Haakcadeautjes","description":"Silikonperlen Gro\u00dfhandel ","publisher":{"@id":"https:\/\/www.jootjeshaakcadeautjes.nl\/de\/#organization"},"potentialAction":[{"@type":"SearchAction","target":{"@type":"EntryPoint","urlTemplate":"https:\/\/www.jootjeshaakcadeautjes.nl\/de\/?s={search_term_string}"},"query-input":{"@type":"PropertyValueSpecification","valueRequired":true,"valueName":"search_term_string"}}],"inLanguage":"de"},{"@type":"Organization","@id":"https:\/\/www.jootjeshaakcadeautjes.nl\/de\/#organization","name":"Jootjes Haakcadeautjes","url":"https:\/\/www.jootjeshaakcadeautjes.nl\/de\/","logo":{"@type":"ImageObject","inLanguage":"de","@id":"https:\/\/www.jootjeshaakcadeautjes.nl\/de\/#\/schema\/logo\/image\/","url":"https:\/\/d1dyryakdmle7o.cloudfront.net\/wp-content\/uploads\/2023\/05\/Logo-rond.png","contentUrl":"https:\/\/d1dyryakdmle7o.cloudfront.net\/wp-content\/uploads\/2023\/05\/Logo-rond.png","width":1222,"height":1222,"caption":"Jootjes Haakcadeautjes"},"image":{"@id":"https:\/\/www.jootjeshaakcadeautjes.nl\/de\/#\/schema\/logo\/image\/"}}]},"product_price_amount":"0.45","product_price_currency":"EUR","og_availability":"instock","product_availability":"instock","product_retailer_item_id":"HOU-KRL-AB3-1","product_condition":"new"},"_links":{"self":[{"href":"https:\/\/www.jootjeshaakcadeautjes.nl\/de\/wp-json\/wp\/v2\/product\/122447","targetHints":{"allow":["GET"]}}],"collection":[{"href":"https:\/\/www.jootjeshaakcadeautjes.nl\/de\/wp-json\/wp\/v2\/product"}],"about":[{"href":"https:\/\/www.jootjeshaakcadeautjes.nl\/de\/wp-json\/wp\/v2\/types\/product"}],"version-history":[{"count":0,"href":"https:\/\/www.jootjeshaakcadeautjes.nl\/de\/wp-json\/wp\/v2\/product\/122447\/revisions"}],"wp:featuredmedia":[{"embeddable":true,"href":"https:\/\/www.jootjeshaakcadeautjes.nl\/de\/wp-json\/wp\/v2\/media\/82233"}],"wp:attachment":[{"href":"https:\/\/www.jootjeshaakcadeautjes.nl\/de\/wp-json\/wp\/v2\/media?parent=122447"}],"wp:term":[{"taxonomy":"product_brand","embeddable":true,"href":"https:\/\/www.jootjeshaakcadeautjes.nl\/de\/wp-json\/wp\/v2\/product_brand?post=122447"},{"taxonomy":"product_cat","embeddable":true,"href":"https:\/\/www.jootjeshaakcadeautjes.nl\/de\/wp-json\/wp\/v2\/product_cat?post=122447"},{"taxonomy":"product_tag","embeddable":true,"href":"https:\/\/www.jootjeshaakcadeautjes.nl\/de\/wp-json\/wp\/v2\/product_tag?post=122447"}],"curies":[{"name":"wp","href":"https:\/\/api.w.org\/{rel}","templated":true}]}}