{"id":122490,"date":"2020-10-08T19:27:10","date_gmt":"2020-10-08T17:27:10","guid":{"rendered":"https:\/\/www.jootjeshaakcadeautjes.nl\/product\/silikongummi-altgummi\/"},"modified":"2025-10-16T12:36:29","modified_gmt":"2025-10-16T10:36:29","slug":"silikongummi-altgummi","status":"publish","type":"product","link":"https:\/\/www.jootjeshaakcadeautjes.nl\/de\/produkt\/silikongummi-altgummi\/","title":{"rendered":"Silikon-L\u00e4tzchen &#8211; Alte Spitze"},"content":{"rendered":"<h2>Silikon-L\u00e4tzchen &#8211; Old Lace &#8211; BPA-frei und baby-sicher<\/h2>\n<p>Farbcode: Old Lace, passend zu den Silikonperlen in der Farbe Old Lace.<\/p>\n<p>Material: L\u00e4tzchen aus Silikon, BPA-frei, phthalatfrei, PVC-frei, cadmiumfrei. Frei von allen potenziell sch\u00e4dlichen Substanzen. Dabei wurden sie gem\u00e4\u00df den europ\u00e4ischen Richtlinien EN-71 getestet und f\u00fcr sicher befunden.<br \/>\nAuch bekannt als: Silikon-L\u00e4tzchen, L\u00e4tzchen, L\u00e4tzchen-L\u00e4tzchen<\/p>\n<p>Der Vorteil von Silikonl\u00e4tzchen ist, dass Silikon wasserabweisend und leicht zu reinigen ist. Das L\u00e4tzchen hat eine praktische Auffangschale, die im Vergleich zu einem flachen L\u00e4tzchen eine erhebliche Anzahl zus\u00e4tzlicher Flecken verhindern kann. Der Latz ist auf vier verschiedene Gr\u00f6\u00dfen einstellbar. Dadurch ist das Silikonl\u00e4tzchen besonders lang zu verwenden.<\/p>\n<ul>\n<li>Das Silikonl\u00e4tzchen ist f\u00fcr Kinder ab 6 Monaten geeignet<\/li>\n<li>Einstellbar in 4 verschiedenen Gr\u00f6\u00dfen<\/li>\n<li>Wasserabweisend und leicht mit Wasser und milder Seife zu reinigen.<\/li>\n<li>BPA- und phthalatfrei, EN-71-konform<\/li>\n<li>Flexibel und rollbar<\/li>\n<\/ul>\n<p>Au\u00dferdem sind unsere L\u00e4tzchen in allen m\u00f6glichen lustigen Farben erh\u00e4ltlich, die zu den Farben unserer Silikonperlen passen! So k\u00f6nnen Sie ein ganzes Set mit passendem Bei\u00dfspielzeug (einschlie\u00dflich Bei\u00dfring, Schnullerschnur und mehr) und ein sch\u00f6nes passendes L\u00e4tzchen herstellen.<\/p>\n","protected":false},"excerpt":{"rendered":"<p>Farbcode: Alte Spitze<\/p>\n<p>Material: L\u00e4tzchen aus Silikon, 100% schadstofffrei. BPA-frei, phthalatfrei, cadmiumfrei. Wasserabweisendes Silikon, leicht zu reinigen.<br \/>\nGr\u00f6\u00dfe: L\u00e4tzchen f\u00fcr Kinder ab 6 Monaten, verstellbar in 4 verschiedenen Gr\u00f6\u00dfen.<\/p>\n<p>Der Auffangbeh\u00e4lter an der Unterseite des L\u00e4tzchens hilft, Flecken zu vermeiden.<\/p>\n","protected":false},"featured_media":76027,"template":"","meta":[],"product_brand":[],"product_cat":[8184,9626],"product_tag":[9628,9088,8161,7510,8099,7419,9629,7943,7464,7451,9630,9631,9627,9633,9636,9635,9634,8600,9632,9208,7199,7905,7520,7211,9637,8163,7938],"class_list":{"0":"post-122490","1":"product","2":"type-product","3":"status-publish","4":"has-post-thumbnail","6":"product_cat-baby-zubehor","7":"product_cat-silikon-latzchen-bpa-frei","8":"product_tag-6-monate","9":"product_tag-71-de","10":"product_tag-alt","11":"product_tag-baby-de","12":"product_tag-billig","13":"product_tag-bpa-de","14":"product_tag-einstellbar","15":"product_tag-europaisch","16":"product_tag-groshandel","17":"product_tag-kostenlos","18":"product_tag-latzchen-de-2","19":"product_tag-latzchen-de-3","20":"product_tag-latzchen-de","21":"product_tag-latzchen-de-4","22":"product_tag-latzchen-mit-auffangschale","23":"product_tag-latzchen-mit-schale","24":"product_tag-latzchendruck","25":"product_tag-leitlinien","26":"product_tag-mushie-de","27":"product_tag-passend-zu","28":"product_tag-perlen","29":"product_tag-phthalat","30":"product_tag-sicher","31":"product_tag-silikon","32":"product_tag-silikonlatzchen","33":"product_tag-spitze","34":"product_tag-und","36":"first","37":"instock","38":"taxable","39":"shipping-taxable","40":"purchasable","41":"product-type-simple"},"bundled_by":[],"bundle_stock_status":"instock","bundle_stock_quantity":34,"bundle_virtual":false,"bundle_layout":"","bundle_add_to_cart_form_location":"","bundle_editable_in_cart":false,"bundle_sold_individually_context":"","bundle_item_grouping":"","bundle_min_size":"","bundle_max_size":"","bundle_price":[],"bundled_items":[],"bundle_sell_ids":[],"yoast_head":"<!-- This site is optimized with the Yoast SEO Premium plugin v27.4 (Yoast SEO v27.5) - https:\/\/yoast.com\/product\/yoast-seo-premium-wordpress\/ -->\n<title>Silikon-L\u00e4tzchen - Alte Spitze - Jootjes Haakcadeautjes<\/title>\n<meta name=\"description\" content=\"Silikonl\u00e4tzchen Old Lace, in der Gr\u00f6\u00dfe verstellbar. BPA-frei, phthalatfrei. Direkt ab unserem Lager erh\u00e4ltlich. Silikon-L\u00e4tzchen Gro\u00dfhandel.\" \/>\n<meta name=\"robots\" content=\"index, follow, max-snippet:-1, max-image-preview:large, max-video-preview:-1\" \/>\n<link rel=\"canonical\" href=\"https:\/\/www.jootjeshaakcadeautjes.nl\/de\/produkt\/silikongummi-altgummi\/\" \/>\n<meta property=\"og:locale\" content=\"de_DE\" \/>\n<meta property=\"og:type\" content=\"article\" \/>\n<meta property=\"og:title\" content=\"Silikon-L\u00e4tzchen - Alte Spitze\" \/>\n<meta property=\"og:description\" content=\"Silikonl\u00e4tzchen Old Lace, in der Gr\u00f6\u00dfe verstellbar. BPA-frei, phthalatfrei. Direkt ab unserem Lager erh\u00e4ltlich. Silikon-L\u00e4tzchen Gro\u00dfhandel.\" \/>\n<meta property=\"og:url\" content=\"https:\/\/www.jootjeshaakcadeautjes.nl\/de\/produkt\/silikongummi-altgummi\/\" \/>\n<meta property=\"og:site_name\" content=\"Jootjes Haakcadeautjes\" \/>\n<meta property=\"article:modified_time\" content=\"2025-10-16T10:36:29+00:00\" \/>\n<meta property=\"og:image\" content=\"https:\/\/www.jootjeshaakcadeautjes.nl\/wp-content\/uploads\/2020\/10\/1-11-kopie.jpg\" \/>\n\t<meta property=\"og:image:width\" content=\"793\" \/>\n\t<meta property=\"og:image:height\" content=\"800\" \/>\n\t<meta property=\"og:image:type\" content=\"image\/jpeg\" \/>\n<meta name=\"twitter:card\" content=\"summary_large_image\" \/>\n<meta name=\"twitter:label1\" content=\"Preis\" \/>\n\t<meta name=\"twitter:data1\" content=\"&euro;4.95 inkl. MwSt.\" \/>\n\t<meta name=\"twitter:label2\" content=\"Verf\u00fcgbarkeit\" \/>\n\t<meta name=\"twitter:data2\" content=\"Auf Lager\" \/>\n<script type=\"application\/ld+json\" class=\"yoast-schema-graph\">{\"@context\":\"https:\\\/\\\/schema.org\",\"@graph\":[{\"@type\":\"WebPage\",\"@id\":\"https:\\\/\\\/www.jootjeshaakcadeautjes.nl\\\/de\\\/produkt\\\/silikongummi-altgummi\\\/\",\"url\":\"https:\\\/\\\/www.jootjeshaakcadeautjes.nl\\\/de\\\/produkt\\\/silikongummi-altgummi\\\/\",\"name\":\"Silikon-L\u00e4tzchen - Alte Spitze - Jootjes Haakcadeautjes\",\"isPartOf\":{\"@id\":\"https:\\\/\\\/www.jootjeshaakcadeautjes.nl\\\/de\\\/#website\"},\"primaryImageOfPage\":{\"@id\":\"https:\\\/\\\/www.jootjeshaakcadeautjes.nl\\\/de\\\/produkt\\\/silikongummi-altgummi\\\/#primaryimage\"},\"image\":{\"@id\":\"https:\\\/\\\/www.jootjeshaakcadeautjes.nl\\\/de\\\/produkt\\\/silikongummi-altgummi\\\/#primaryimage\"},\"thumbnailUrl\":\"https:\\\/\\\/d1dyryakdmle7o.cloudfront.net\\\/wp-content\\\/uploads\\\/2020\\\/10\\\/1-11-kopie.jpg\",\"datePublished\":\"2020-10-08T17:27:10+00:00\",\"dateModified\":\"2025-10-16T10:36:29+00:00\",\"description\":\"Silikonl\u00e4tzchen Old Lace, in der Gr\u00f6\u00dfe verstellbar. BPA-frei, phthalatfrei. Direkt ab unserem Lager erh\u00e4ltlich. Silikon-L\u00e4tzchen Gro\u00dfhandel.\",\"breadcrumb\":{\"@id\":\"https:\\\/\\\/www.jootjeshaakcadeautjes.nl\\\/de\\\/produkt\\\/silikongummi-altgummi\\\/#breadcrumb\"},\"inLanguage\":\"de\",\"potentialAction\":[{\"@type\":\"ReadAction\",\"target\":[\"https:\\\/\\\/www.jootjeshaakcadeautjes.nl\\\/de\\\/produkt\\\/silikongummi-altgummi\\\/\"]}]},{\"@type\":\"ImageObject\",\"inLanguage\":\"de\",\"@id\":\"https:\\\/\\\/www.jootjeshaakcadeautjes.nl\\\/de\\\/produkt\\\/silikongummi-altgummi\\\/#primaryimage\",\"url\":\"https:\\\/\\\/d1dyryakdmle7o.cloudfront.net\\\/wp-content\\\/uploads\\\/2020\\\/10\\\/1-11-kopie.jpg\",\"contentUrl\":\"https:\\\/\\\/d1dyryakdmle7o.cloudfront.net\\\/wp-content\\\/uploads\\\/2020\\\/10\\\/1-11-kopie.jpg\",\"width\":793,\"height\":800,\"caption\":\"Silikon L\u00e4tzchen bpa frei Gro\u00dfhandel L\u00e4tzchen Baby sicher alte Spitze\"},{\"@type\":\"BreadcrumbList\",\"@id\":\"https:\\\/\\\/www.jootjeshaakcadeautjes.nl\\\/de\\\/produkt\\\/silikongummi-altgummi\\\/#breadcrumb\",\"itemListElement\":[{\"@type\":\"ListItem\",\"position\":1,\"name\":\"Startseite\",\"item\":\"https:\\\/\\\/www.jootjeshaakcadeautjes.nl\\\/de\\\/\"},{\"@type\":\"ListItem\",\"position\":2,\"name\":\"Gro\u00dfhandel mit Silikonperlen &#8211; Business und Consumer\",\"item\":\"https:\\\/\\\/www.jootjeshaakcadeautjes.nl\\\/de\\\/shop\\\/\"},{\"@type\":\"ListItem\",\"position\":3,\"name\":\"Silikon-L\u00e4tzchen &#8211; Alte Spitze\"}]},{\"@type\":\"WebSite\",\"@id\":\"https:\\\/\\\/www.jootjeshaakcadeautjes.nl\\\/de\\\/#website\",\"url\":\"https:\\\/\\\/www.jootjeshaakcadeautjes.nl\\\/de\\\/\",\"name\":\"Jootjes Haakcadeautjes\",\"description\":\"Silikonperlen Gro\u00dfhandel \",\"publisher\":{\"@id\":\"https:\\\/\\\/www.jootjeshaakcadeautjes.nl\\\/de\\\/#organization\"},\"potentialAction\":[{\"@type\":\"SearchAction\",\"target\":{\"@type\":\"EntryPoint\",\"urlTemplate\":\"https:\\\/\\\/www.jootjeshaakcadeautjes.nl\\\/de\\\/?s={search_term_string}\"},\"query-input\":{\"@type\":\"PropertyValueSpecification\",\"valueRequired\":true,\"valueName\":\"search_term_string\"}}],\"inLanguage\":\"de\"},{\"@type\":\"Organization\",\"@id\":\"https:\\\/\\\/www.jootjeshaakcadeautjes.nl\\\/de\\\/#organization\",\"name\":\"Jootjes Haakcadeautjes\",\"url\":\"https:\\\/\\\/www.jootjeshaakcadeautjes.nl\\\/de\\\/\",\"logo\":{\"@type\":\"ImageObject\",\"inLanguage\":\"de\",\"@id\":\"https:\\\/\\\/www.jootjeshaakcadeautjes.nl\\\/de\\\/#\\\/schema\\\/logo\\\/image\\\/\",\"url\":\"https:\\\/\\\/jootjes-haakcadeautjes-media.s3.amazonaws.com\\\/wp-content\\\/uploads\\\/2023\\\/05\\\/Logo-rond.png\",\"contentUrl\":\"https:\\\/\\\/jootjes-haakcadeautjes-media.s3.amazonaws.com\\\/wp-content\\\/uploads\\\/2023\\\/05\\\/Logo-rond.png\",\"width\":1222,\"height\":1222,\"caption\":\"Jootjes Haakcadeautjes\"},\"image\":{\"@id\":\"https:\\\/\\\/www.jootjeshaakcadeautjes.nl\\\/de\\\/#\\\/schema\\\/logo\\\/image\\\/\"}}]}<\/script>\n<meta property=\"product:price:amount\" content=\"4.95\" \/>\n<meta property=\"product:price:currency\" content=\"EUR\" \/>\n<meta property=\"og:availability\" content=\"instock\" \/>\n<meta property=\"product:availability\" content=\"instock\" \/>\n<meta property=\"product:retailer_item_id\" content=\"SIL-SLB-OLA\" \/>\n<meta property=\"product:condition\" content=\"new\" \/>\n<!-- \/ Yoast SEO Premium plugin. -->","yoast_head_json":{"title":"Silikon-L\u00e4tzchen - Alte Spitze - Jootjes Haakcadeautjes","description":"Silikonl\u00e4tzchen Old Lace, in der Gr\u00f6\u00dfe verstellbar. BPA-frei, phthalatfrei. Direkt ab unserem Lager erh\u00e4ltlich. Silikon-L\u00e4tzchen Gro\u00dfhandel.","robots":{"index":"index","follow":"follow","max-snippet":"max-snippet:-1","max-image-preview":"max-image-preview:large","max-video-preview":"max-video-preview:-1"},"canonical":"https:\/\/www.jootjeshaakcadeautjes.nl\/de\/produkt\/silikongummi-altgummi\/","og_locale":"de_DE","og_type":"article","og_title":"Silikon-L\u00e4tzchen - Alte Spitze","og_description":"Silikonl\u00e4tzchen Old Lace, in der Gr\u00f6\u00dfe verstellbar. BPA-frei, phthalatfrei. Direkt ab unserem Lager erh\u00e4ltlich. Silikon-L\u00e4tzchen Gro\u00dfhandel.","og_url":"https:\/\/www.jootjeshaakcadeautjes.nl\/de\/produkt\/silikongummi-altgummi\/","og_site_name":"Jootjes Haakcadeautjes","article_modified_time":"2025-10-16T10:36:29+00:00","og_image":[{"width":793,"height":800,"url":"https:\/\/www.jootjeshaakcadeautjes.nl\/wp-content\/uploads\/2020\/10\/1-11-kopie.jpg","type":"image\/jpeg"}],"twitter_card":"summary_large_image","twitter_misc":{"Preis":"&euro;4.95 inkl. MwSt.","Verf\u00fcgbarkeit":"Auf Lager"},"schema":{"@context":"https:\/\/schema.org","@graph":[{"@type":"WebPage","@id":"https:\/\/www.jootjeshaakcadeautjes.nl\/de\/produkt\/silikongummi-altgummi\/","url":"https:\/\/www.jootjeshaakcadeautjes.nl\/de\/produkt\/silikongummi-altgummi\/","name":"Silikon-L\u00e4tzchen - Alte Spitze - Jootjes Haakcadeautjes","isPartOf":{"@id":"https:\/\/www.jootjeshaakcadeautjes.nl\/de\/#website"},"primaryImageOfPage":{"@id":"https:\/\/www.jootjeshaakcadeautjes.nl\/de\/produkt\/silikongummi-altgummi\/#primaryimage"},"image":{"@id":"https:\/\/www.jootjeshaakcadeautjes.nl\/de\/produkt\/silikongummi-altgummi\/#primaryimage"},"thumbnailUrl":"https:\/\/d1dyryakdmle7o.cloudfront.net\/wp-content\/uploads\/2020\/10\/1-11-kopie.jpg","datePublished":"2020-10-08T17:27:10+00:00","dateModified":"2025-10-16T10:36:29+00:00","description":"Silikonl\u00e4tzchen Old Lace, in der Gr\u00f6\u00dfe verstellbar. BPA-frei, phthalatfrei. Direkt ab unserem Lager erh\u00e4ltlich. Silikon-L\u00e4tzchen Gro\u00dfhandel.","breadcrumb":{"@id":"https:\/\/www.jootjeshaakcadeautjes.nl\/de\/produkt\/silikongummi-altgummi\/#breadcrumb"},"inLanguage":"de","potentialAction":[{"@type":"ReadAction","target":["https:\/\/www.jootjeshaakcadeautjes.nl\/de\/produkt\/silikongummi-altgummi\/"]}]},{"@type":"ImageObject","inLanguage":"de","@id":"https:\/\/www.jootjeshaakcadeautjes.nl\/de\/produkt\/silikongummi-altgummi\/#primaryimage","url":"https:\/\/d1dyryakdmle7o.cloudfront.net\/wp-content\/uploads\/2020\/10\/1-11-kopie.jpg","contentUrl":"https:\/\/d1dyryakdmle7o.cloudfront.net\/wp-content\/uploads\/2020\/10\/1-11-kopie.jpg","width":793,"height":800,"caption":"Silikon L\u00e4tzchen bpa frei Gro\u00dfhandel L\u00e4tzchen Baby sicher alte Spitze"},{"@type":"BreadcrumbList","@id":"https:\/\/www.jootjeshaakcadeautjes.nl\/de\/produkt\/silikongummi-altgummi\/#breadcrumb","itemListElement":[{"@type":"ListItem","position":1,"name":"Startseite","item":"https:\/\/www.jootjeshaakcadeautjes.nl\/de\/"},{"@type":"ListItem","position":2,"name":"Gro\u00dfhandel mit Silikonperlen &#8211; Business und Consumer","item":"https:\/\/www.jootjeshaakcadeautjes.nl\/de\/shop\/"},{"@type":"ListItem","position":3,"name":"Silikon-L\u00e4tzchen &#8211; Alte Spitze"}]},{"@type":"WebSite","@id":"https:\/\/www.jootjeshaakcadeautjes.nl\/de\/#website","url":"https:\/\/www.jootjeshaakcadeautjes.nl\/de\/","name":"Jootjes Haakcadeautjes","description":"Silikonperlen Gro\u00dfhandel ","publisher":{"@id":"https:\/\/www.jootjeshaakcadeautjes.nl\/de\/#organization"},"potentialAction":[{"@type":"SearchAction","target":{"@type":"EntryPoint","urlTemplate":"https:\/\/www.jootjeshaakcadeautjes.nl\/de\/?s={search_term_string}"},"query-input":{"@type":"PropertyValueSpecification","valueRequired":true,"valueName":"search_term_string"}}],"inLanguage":"de"},{"@type":"Organization","@id":"https:\/\/www.jootjeshaakcadeautjes.nl\/de\/#organization","name":"Jootjes Haakcadeautjes","url":"https:\/\/www.jootjeshaakcadeautjes.nl\/de\/","logo":{"@type":"ImageObject","inLanguage":"de","@id":"https:\/\/www.jootjeshaakcadeautjes.nl\/de\/#\/schema\/logo\/image\/","url":"https:\/\/jootjes-haakcadeautjes-media.s3.amazonaws.com\/wp-content\/uploads\/2023\/05\/Logo-rond.png","contentUrl":"https:\/\/jootjes-haakcadeautjes-media.s3.amazonaws.com\/wp-content\/uploads\/2023\/05\/Logo-rond.png","width":1222,"height":1222,"caption":"Jootjes Haakcadeautjes"},"image":{"@id":"https:\/\/www.jootjeshaakcadeautjes.nl\/de\/#\/schema\/logo\/image\/"}}]},"product_price_amount":"4.95","product_price_currency":"EUR","og_availability":"instock","product_availability":"instock","product_retailer_item_id":"SIL-SLB-OLA","product_condition":"new"},"_links":{"self":[{"href":"https:\/\/www.jootjeshaakcadeautjes.nl\/de\/wp-json\/wp\/v2\/product\/122490","targetHints":{"allow":["GET"]}}],"collection":[{"href":"https:\/\/www.jootjeshaakcadeautjes.nl\/de\/wp-json\/wp\/v2\/product"}],"about":[{"href":"https:\/\/www.jootjeshaakcadeautjes.nl\/de\/wp-json\/wp\/v2\/types\/product"}],"version-history":[{"count":0,"href":"https:\/\/www.jootjeshaakcadeautjes.nl\/de\/wp-json\/wp\/v2\/product\/122490\/revisions"}],"wp:featuredmedia":[{"embeddable":true,"href":"https:\/\/www.jootjeshaakcadeautjes.nl\/de\/wp-json\/wp\/v2\/media\/76027"}],"wp:attachment":[{"href":"https:\/\/www.jootjeshaakcadeautjes.nl\/de\/wp-json\/wp\/v2\/media?parent=122490"}],"wp:term":[{"taxonomy":"product_brand","embeddable":true,"href":"https:\/\/www.jootjeshaakcadeautjes.nl\/de\/wp-json\/wp\/v2\/product_brand?post=122490"},{"taxonomy":"product_cat","embeddable":true,"href":"https:\/\/www.jootjeshaakcadeautjes.nl\/de\/wp-json\/wp\/v2\/product_cat?post=122490"},{"taxonomy":"product_tag","embeddable":true,"href":"https:\/\/www.jootjeshaakcadeautjes.nl\/de\/wp-json\/wp\/v2\/product_tag?post=122490"}],"curies":[{"name":"wp","href":"https:\/\/api.w.org\/{rel}","templated":true}]}}