{"id":122654,"date":"2020-09-13T21:52:46","date_gmt":"2020-09-13T19:52:46","guid":{"rendered":"https:\/\/www.jootjeshaakcadeautjes.nl\/product\/silikonperlen-klinge-hellgrau\/"},"modified":"2026-03-11T17:13:22","modified_gmt":"2026-03-11T16:13:22","slug":"silikonperlen-klinge-hellgrau","status":"publish","type":"product","link":"https:\/\/www.jootjeshaakcadeautjes.nl\/de\/produkt\/silikonperlen-klinge-hellgrau\/","title":{"rendered":"Silikonperle &#8211; Blatt &#8211; Nat\u00fcrlich &#8211; Hellgrau"},"content":{"rendered":"<h2>Silikonperle &#8211; Blatt &#8211; Hellgrau<\/h2>\n<p><strong>Material:<\/strong> Silikon, BPA-frei, phthalatfrei, PVC-frei, bleifrei, cadmiumfrei, aluminiumfrei, bleifrei und mehr. Generell als schadstofffrei eingestuft, basierend auf der EN-71-Zertifizierung f\u00fcr Baby- und Kinderspielzeug.<\/p>\n<p><strong>Zertifizierung:<\/strong> FDA, CE, EN 71<br \/>\n(EN71-1, 2 und 3; mechanische und physikalische Eigenschaften, Entflammbarkeit und Elementmigration).<\/p>\n<p><strong>Gr\u00f6\u00dfe: <\/strong>55 mm hoch x 26 mm breit x 11 mm dick<\/p>\n<p>Farbcode: Hellgrau<\/p>\n<p><strong>Verwendung: <\/strong>Diese Blattperlen aus Silikon haben ein Loch im Stiel. Sie werden daher immer h\u00e4ngend verwendet. Diese blattf\u00f6rmigen Silikonperlen werden daher oft als Anh\u00e4nger in einem Kinderwagenaufh\u00e4nger, Laufstallmobil oder Autoanh\u00e4nger verwendet.<\/p>\n<p><em>Alle moosgr\u00fcnen Perlen haben die gleiche Farbe. Sehr geringe Abweichungen k\u00f6nnen in seltenen F\u00e4llen aufgrund einer ver\u00e4nderten Produktionscharge auftreten. Dies ist jedoch minimal und im Gebrauch nicht sp\u00fcrbar. Die Fotos auf der Website sind so weit wie m\u00f6glich auf Farbtreue eingestellt. Dies variiert jedoch je nach Ger\u00e4t (Computer, Tablet oder Mobiltelefon) und Anzeige. Die Farben k\u00f6nnen leicht von den Abbildungen abweichen.<\/em><\/p>\n<p><em>Alle Produkte von Jootjes Haakcadeautjes sind kindergesichert. Bitte beachten Sie, dass Fertigprodukte (Bei\u00dfringe, Schnullerschn\u00fcre, Kinderwagenschnuller usw.) eigene Sicherheitskriterien haben, die sie erf\u00fcllen m\u00fcssen. Jootjes Haakcadeautjes garantiert nur f\u00fcr die Materialien und nicht f\u00fcr das fertige Endprodukt. Jootjes Haakcadeautjes haftet daher in keiner Weise f\u00fcr Sch\u00e4den, die sich aus der Verwendung des Endprodukts ergeben. Verwenden Sie niemals lose Perlen. Kontrollieren Sie das fertige Produkt regelm\u00e4\u00dfig auf seine Sicherheit. Nur unter Aufsicht von Erwachsenen verwenden. Lassen Sie ein kleines Kind damit nicht unbeaufsichtigt und schlafen Sie nicht damit.  <\/em><\/p>\n","protected":false},"excerpt":{"rendered":"<p><strong>Material:<\/strong> Silikon, BPA-frei, phthalatfrei, PVC-frei, bleifrei, cadmiumfrei, aluminiumfrei, bleifrei und mehr. Generell als schadstofffrei eingestuft, basierend auf der EN-71-Zertifizierung f\u00fcr Baby- und Kinderspielzeug.<br \/>\n<strong>Zertifizierung:<\/strong> FDA, CE, EN 71<br \/>\n<strong>Gr\u00f6\u00dfe: <\/strong>55 mm hoch x 26 mm breit x 11 mm dick<br \/>\nFarbcode: Hellgrau<\/p>\n<p>Weitere Informationen finden Sie am Ende der Seite.<\/p>\n","protected":false},"featured_media":72045,"template":"","meta":[],"product_brand":[],"product_cat":[7380,7389,8330,6991,7889],"product_tag":[8331,7419,7901,8335,7899,7464,7442,7451,8338,7623,7199,7211,8101,7435,7988],"class_list":{"0":"post-122654","1":"product","2":"type-product","3":"status-publish","4":"has-post-thumbnail","6":"product_cat-herstellung-von-baby-beisspielzeug-materialien-fur-schnuller-und-beisringe","7":"product_cat-silikonperlen-all-multicoloured-luxury-beads","8":"product_cat-silikonperlen-blatt","9":"product_cat-silikonperlen-bpa-frei-grosshandel","10":"product_cat-silikonperlen-und-babyzubehor-verkauf","11":"product_tag-blatt","12":"product_tag-bpa-de","13":"product_tag-en-71-de","14":"product_tag-fda-de","15":"product_tag-grau","16":"product_tag-groshandel","17":"product_tag-kinderwagenkette","18":"product_tag-kostenlos","19":"product_tag-laufstall-mobil","20":"product_tag-licht-de","21":"product_tag-perlen","22":"product_tag-silikon","23":"product_tag-waggonaufhanger","24":"product_tag-wulst","25":"product_tag-zertifiziert","27":"first","28":"instock","29":"sale","30":"taxable","31":"shipping-taxable","32":"purchasable","33":"product-type-simple"},"bundled_by":[],"bundle_stock_status":"instock","bundle_stock_quantity":2,"bundle_virtual":false,"bundle_layout":"","bundle_add_to_cart_form_location":"","bundle_editable_in_cart":false,"bundle_sold_individually_context":"","bundle_item_grouping":"","bundle_min_size":"","bundle_max_size":"","bundle_price":[],"bundled_items":[],"bundle_sell_ids":[],"yoast_head":"<!-- This site is optimized with the Yoast SEO Premium plugin v27.6 (Yoast SEO v27.6) - https:\/\/yoast.com\/product\/yoast-seo-premium-wordpress\/ -->\n<title>Silikonperle - Blatt - Nat\u00fcrlich - Hellgrau - Jootjes Haakcadeautjes<\/title>\n<meta name=\"description\" content=\"Blatt aus Silikonperlen in der Farbe Hellgrau. F\u00fcr Kinderwagenkette, Laufstallmobil oder Kinderwagenaufh\u00e4nger. BPA-frei, CE- und FDA-zertifiziert. Entspricht der EN-71.\" \/>\n<meta name=\"robots\" content=\"index, follow, max-snippet:-1, max-image-preview:large, max-video-preview:-1\" \/>\n<link rel=\"canonical\" href=\"https:\/\/www.jootjeshaakcadeautjes.nl\/de\/produkt\/silikonperlen-klinge-hellgrau\/\" \/>\n<meta property=\"og:locale\" content=\"de_DE\" \/>\n<meta property=\"og:type\" content=\"article\" \/>\n<meta property=\"og:title\" content=\"Silikonperle - Blatt - Nat\u00fcrlich - Hellgrau\" \/>\n<meta property=\"og:description\" content=\"Blatt aus Silikonperlen in der Farbe Hellgrau. F\u00fcr Kinderwagenkette, Laufstallmobil oder Kinderwagenaufh\u00e4nger. BPA-frei, CE- und FDA-zertifiziert. Entspricht der EN-71.\" \/>\n<meta property=\"og:url\" content=\"https:\/\/www.jootjeshaakcadeautjes.nl\/de\/produkt\/silikonperlen-klinge-hellgrau\/\" \/>\n<meta property=\"og:site_name\" content=\"Jootjes Haakcadeautjes\" \/>\n<meta property=\"article:modified_time\" content=\"2026-03-11T16:13:22+00:00\" \/>\n<meta property=\"og:image\" content=\"https:\/\/www.jootjeshaakcadeautjes.nl\/wp-content\/uploads\/2020\/09\/20200909_221434.jpg\" \/>\n\t<meta property=\"og:image:width\" content=\"1744\" \/>\n\t<meta property=\"og:image:height\" content=\"1744\" \/>\n\t<meta property=\"og:image:type\" content=\"image\/jpeg\" \/>\n<meta name=\"twitter:card\" content=\"summary_large_image\" \/>\n<meta name=\"twitter:label1\" content=\"Preis\" \/>\n\t<meta name=\"twitter:data1\" content=\"&euro;0.35 inkl. MwSt.\" \/>\n\t<meta name=\"twitter:label2\" content=\"Verf\u00fcgbarkeit\" \/>\n\t<meta name=\"twitter:data2\" content=\"Auf Lager\" \/>\n<script type=\"application\/ld+json\" class=\"yoast-schema-graph\">{\"@context\":\"https:\\\/\\\/schema.org\",\"@graph\":[{\"@type\":\"WebPage\",\"@id\":\"https:\\\/\\\/www.jootjeshaakcadeautjes.nl\\\/de\\\/produkt\\\/silikonperlen-klinge-hellgrau\\\/\",\"url\":\"https:\\\/\\\/www.jootjeshaakcadeautjes.nl\\\/de\\\/produkt\\\/silikonperlen-klinge-hellgrau\\\/\",\"name\":\"Silikonperle - Blatt - Nat\u00fcrlich - Hellgrau - Jootjes Haakcadeautjes\",\"isPartOf\":{\"@id\":\"https:\\\/\\\/www.jootjeshaakcadeautjes.nl\\\/de\\\/#website\"},\"primaryImageOfPage\":{\"@id\":\"https:\\\/\\\/www.jootjeshaakcadeautjes.nl\\\/de\\\/produkt\\\/silikonperlen-klinge-hellgrau\\\/#primaryimage\"},\"image\":{\"@id\":\"https:\\\/\\\/www.jootjeshaakcadeautjes.nl\\\/de\\\/produkt\\\/silikonperlen-klinge-hellgrau\\\/#primaryimage\"},\"thumbnailUrl\":\"https:\\\/\\\/d1dyryakdmle7o.cloudfront.net\\\/wp-content\\\/uploads\\\/2020\\\/09\\\/20200909_221434.jpg\",\"datePublished\":\"2020-09-13T19:52:46+00:00\",\"dateModified\":\"2026-03-11T16:13:22+00:00\",\"description\":\"Blatt aus Silikonperlen in der Farbe Hellgrau. F\u00fcr Kinderwagenkette, Laufstallmobil oder Kinderwagenaufh\u00e4nger. BPA-frei, CE- und FDA-zertifiziert. Entspricht der EN-71.\",\"breadcrumb\":{\"@id\":\"https:\\\/\\\/www.jootjeshaakcadeautjes.nl\\\/de\\\/produkt\\\/silikonperlen-klinge-hellgrau\\\/#breadcrumb\"},\"inLanguage\":\"de\",\"potentialAction\":[{\"@type\":\"ReadAction\",\"target\":[\"https:\\\/\\\/www.jootjeshaakcadeautjes.nl\\\/de\\\/produkt\\\/silikonperlen-klinge-hellgrau\\\/\"]}]},{\"@type\":\"ImageObject\",\"inLanguage\":\"de\",\"@id\":\"https:\\\/\\\/www.jootjeshaakcadeautjes.nl\\\/de\\\/produkt\\\/silikonperlen-klinge-hellgrau\\\/#primaryimage\",\"url\":\"https:\\\/\\\/d1dyryakdmle7o.cloudfront.net\\\/wp-content\\\/uploads\\\/2020\\\/09\\\/20200909_221434.jpg\",\"contentUrl\":\"https:\\\/\\\/d1dyryakdmle7o.cloudfront.net\\\/wp-content\\\/uploads\\\/2020\\\/09\\\/20200909_221434.jpg\",\"width\":1744,\"height\":1744,\"caption\":\"Silikonperlenblatt hellgrau bpa frei\"},{\"@type\":\"BreadcrumbList\",\"@id\":\"https:\\\/\\\/www.jootjeshaakcadeautjes.nl\\\/de\\\/produkt\\\/silikonperlen-klinge-hellgrau\\\/#breadcrumb\",\"itemListElement\":[{\"@type\":\"ListItem\",\"position\":1,\"name\":\"Startseite\",\"item\":\"https:\\\/\\\/www.jootjeshaakcadeautjes.nl\\\/de\\\/\"},{\"@type\":\"ListItem\",\"position\":2,\"name\":\"Gro\u00dfhandel mit Silikonperlen &#8211; Business und Consumer\",\"item\":\"https:\\\/\\\/www.jootjeshaakcadeautjes.nl\\\/de\\\/shop\\\/\"},{\"@type\":\"ListItem\",\"position\":3,\"name\":\"Silikonperle &#8211; Blatt &#8211; Nat\u00fcrlich &#8211; Hellgrau\"}]},{\"@type\":\"WebSite\",\"@id\":\"https:\\\/\\\/www.jootjeshaakcadeautjes.nl\\\/de\\\/#website\",\"url\":\"https:\\\/\\\/www.jootjeshaakcadeautjes.nl\\\/de\\\/\",\"name\":\"Jootjes Haakcadeautjes\",\"description\":\"Silikonperlen Gro\u00dfhandel \",\"publisher\":{\"@id\":\"https:\\\/\\\/www.jootjeshaakcadeautjes.nl\\\/de\\\/#organization\"},\"potentialAction\":[{\"@type\":\"SearchAction\",\"target\":{\"@type\":\"EntryPoint\",\"urlTemplate\":\"https:\\\/\\\/www.jootjeshaakcadeautjes.nl\\\/de\\\/?s={search_term_string}\"},\"query-input\":{\"@type\":\"PropertyValueSpecification\",\"valueRequired\":true,\"valueName\":\"search_term_string\"}}],\"inLanguage\":\"de\"},{\"@type\":\"Organization\",\"@id\":\"https:\\\/\\\/www.jootjeshaakcadeautjes.nl\\\/de\\\/#organization\",\"name\":\"Jootjes Haakcadeautjes\",\"url\":\"https:\\\/\\\/www.jootjeshaakcadeautjes.nl\\\/de\\\/\",\"logo\":{\"@type\":\"ImageObject\",\"inLanguage\":\"de\",\"@id\":\"https:\\\/\\\/www.jootjeshaakcadeautjes.nl\\\/de\\\/#\\\/schema\\\/logo\\\/image\\\/\",\"url\":\"https:\\\/\\\/d1dyryakdmle7o.cloudfront.net\\\/wp-content\\\/uploads\\\/2023\\\/05\\\/Logo-rond.png\",\"contentUrl\":\"https:\\\/\\\/d1dyryakdmle7o.cloudfront.net\\\/wp-content\\\/uploads\\\/2023\\\/05\\\/Logo-rond.png\",\"width\":1222,\"height\":1222,\"caption\":\"Jootjes Haakcadeautjes\"},\"image\":{\"@id\":\"https:\\\/\\\/www.jootjeshaakcadeautjes.nl\\\/de\\\/#\\\/schema\\\/logo\\\/image\\\/\"}}]}<\/script>\n<meta property=\"product:price:amount\" content=\"0.35\" \/>\n<meta property=\"product:price:currency\" content=\"EUR\" \/>\n<meta property=\"og:availability\" content=\"instock\" \/>\n<meta property=\"product:availability\" content=\"instock\" \/>\n<meta property=\"product:retailer_item_id\" content=\"SIL-BLD-LGR\" \/>\n<meta property=\"product:condition\" content=\"new\" \/>\n<!-- \/ Yoast SEO Premium plugin. -->","yoast_head_json":{"title":"Silikonperle - Blatt - Nat\u00fcrlich - Hellgrau - Jootjes Haakcadeautjes","description":"Blatt aus Silikonperlen in der Farbe Hellgrau. F\u00fcr Kinderwagenkette, Laufstallmobil oder Kinderwagenaufh\u00e4nger. BPA-frei, CE- und FDA-zertifiziert. Entspricht der EN-71.","robots":{"index":"index","follow":"follow","max-snippet":"max-snippet:-1","max-image-preview":"max-image-preview:large","max-video-preview":"max-video-preview:-1"},"canonical":"https:\/\/www.jootjeshaakcadeautjes.nl\/de\/produkt\/silikonperlen-klinge-hellgrau\/","og_locale":"de_DE","og_type":"article","og_title":"Silikonperle - Blatt - Nat\u00fcrlich - Hellgrau","og_description":"Blatt aus Silikonperlen in der Farbe Hellgrau. F\u00fcr Kinderwagenkette, Laufstallmobil oder Kinderwagenaufh\u00e4nger. BPA-frei, CE- und FDA-zertifiziert. Entspricht der EN-71.","og_url":"https:\/\/www.jootjeshaakcadeautjes.nl\/de\/produkt\/silikonperlen-klinge-hellgrau\/","og_site_name":"Jootjes Haakcadeautjes","article_modified_time":"2026-03-11T16:13:22+00:00","og_image":[{"width":1744,"height":1744,"url":"https:\/\/www.jootjeshaakcadeautjes.nl\/wp-content\/uploads\/2020\/09\/20200909_221434.jpg","type":"image\/jpeg"}],"twitter_card":"summary_large_image","twitter_misc":{"Preis":"&euro;0.35 inkl. MwSt.","Verf\u00fcgbarkeit":"Auf Lager"},"schema":{"@context":"https:\/\/schema.org","@graph":[{"@type":"WebPage","@id":"https:\/\/www.jootjeshaakcadeautjes.nl\/de\/produkt\/silikonperlen-klinge-hellgrau\/","url":"https:\/\/www.jootjeshaakcadeautjes.nl\/de\/produkt\/silikonperlen-klinge-hellgrau\/","name":"Silikonperle - Blatt - Nat\u00fcrlich - Hellgrau - Jootjes Haakcadeautjes","isPartOf":{"@id":"https:\/\/www.jootjeshaakcadeautjes.nl\/de\/#website"},"primaryImageOfPage":{"@id":"https:\/\/www.jootjeshaakcadeautjes.nl\/de\/produkt\/silikonperlen-klinge-hellgrau\/#primaryimage"},"image":{"@id":"https:\/\/www.jootjeshaakcadeautjes.nl\/de\/produkt\/silikonperlen-klinge-hellgrau\/#primaryimage"},"thumbnailUrl":"https:\/\/d1dyryakdmle7o.cloudfront.net\/wp-content\/uploads\/2020\/09\/20200909_221434.jpg","datePublished":"2020-09-13T19:52:46+00:00","dateModified":"2026-03-11T16:13:22+00:00","description":"Blatt aus Silikonperlen in der Farbe Hellgrau. F\u00fcr Kinderwagenkette, Laufstallmobil oder Kinderwagenaufh\u00e4nger. BPA-frei, CE- und FDA-zertifiziert. Entspricht der EN-71.","breadcrumb":{"@id":"https:\/\/www.jootjeshaakcadeautjes.nl\/de\/produkt\/silikonperlen-klinge-hellgrau\/#breadcrumb"},"inLanguage":"de","potentialAction":[{"@type":"ReadAction","target":["https:\/\/www.jootjeshaakcadeautjes.nl\/de\/produkt\/silikonperlen-klinge-hellgrau\/"]}]},{"@type":"ImageObject","inLanguage":"de","@id":"https:\/\/www.jootjeshaakcadeautjes.nl\/de\/produkt\/silikonperlen-klinge-hellgrau\/#primaryimage","url":"https:\/\/d1dyryakdmle7o.cloudfront.net\/wp-content\/uploads\/2020\/09\/20200909_221434.jpg","contentUrl":"https:\/\/d1dyryakdmle7o.cloudfront.net\/wp-content\/uploads\/2020\/09\/20200909_221434.jpg","width":1744,"height":1744,"caption":"Silikonperlenblatt hellgrau bpa frei"},{"@type":"BreadcrumbList","@id":"https:\/\/www.jootjeshaakcadeautjes.nl\/de\/produkt\/silikonperlen-klinge-hellgrau\/#breadcrumb","itemListElement":[{"@type":"ListItem","position":1,"name":"Startseite","item":"https:\/\/www.jootjeshaakcadeautjes.nl\/de\/"},{"@type":"ListItem","position":2,"name":"Gro\u00dfhandel mit Silikonperlen &#8211; Business und Consumer","item":"https:\/\/www.jootjeshaakcadeautjes.nl\/de\/shop\/"},{"@type":"ListItem","position":3,"name":"Silikonperle &#8211; Blatt &#8211; Nat\u00fcrlich &#8211; Hellgrau"}]},{"@type":"WebSite","@id":"https:\/\/www.jootjeshaakcadeautjes.nl\/de\/#website","url":"https:\/\/www.jootjeshaakcadeautjes.nl\/de\/","name":"Jootjes Haakcadeautjes","description":"Silikonperlen Gro\u00dfhandel ","publisher":{"@id":"https:\/\/www.jootjeshaakcadeautjes.nl\/de\/#organization"},"potentialAction":[{"@type":"SearchAction","target":{"@type":"EntryPoint","urlTemplate":"https:\/\/www.jootjeshaakcadeautjes.nl\/de\/?s={search_term_string}"},"query-input":{"@type":"PropertyValueSpecification","valueRequired":true,"valueName":"search_term_string"}}],"inLanguage":"de"},{"@type":"Organization","@id":"https:\/\/www.jootjeshaakcadeautjes.nl\/de\/#organization","name":"Jootjes Haakcadeautjes","url":"https:\/\/www.jootjeshaakcadeautjes.nl\/de\/","logo":{"@type":"ImageObject","inLanguage":"de","@id":"https:\/\/www.jootjeshaakcadeautjes.nl\/de\/#\/schema\/logo\/image\/","url":"https:\/\/d1dyryakdmle7o.cloudfront.net\/wp-content\/uploads\/2023\/05\/Logo-rond.png","contentUrl":"https:\/\/d1dyryakdmle7o.cloudfront.net\/wp-content\/uploads\/2023\/05\/Logo-rond.png","width":1222,"height":1222,"caption":"Jootjes Haakcadeautjes"},"image":{"@id":"https:\/\/www.jootjeshaakcadeautjes.nl\/de\/#\/schema\/logo\/image\/"}}]},"product_price_amount":"0.35","product_price_currency":"EUR","og_availability":"instock","product_availability":"instock","product_retailer_item_id":"SIL-BLD-LGR","product_condition":"new"},"_links":{"self":[{"href":"https:\/\/www.jootjeshaakcadeautjes.nl\/de\/wp-json\/wp\/v2\/product\/122654","targetHints":{"allow":["GET"]}}],"collection":[{"href":"https:\/\/www.jootjeshaakcadeautjes.nl\/de\/wp-json\/wp\/v2\/product"}],"about":[{"href":"https:\/\/www.jootjeshaakcadeautjes.nl\/de\/wp-json\/wp\/v2\/types\/product"}],"version-history":[{"count":0,"href":"https:\/\/www.jootjeshaakcadeautjes.nl\/de\/wp-json\/wp\/v2\/product\/122654\/revisions"}],"wp:featuredmedia":[{"embeddable":true,"href":"https:\/\/www.jootjeshaakcadeautjes.nl\/de\/wp-json\/wp\/v2\/media\/72045"}],"wp:attachment":[{"href":"https:\/\/www.jootjeshaakcadeautjes.nl\/de\/wp-json\/wp\/v2\/media?parent=122654"}],"wp:term":[{"taxonomy":"product_brand","embeddable":true,"href":"https:\/\/www.jootjeshaakcadeautjes.nl\/de\/wp-json\/wp\/v2\/product_brand?post=122654"},{"taxonomy":"product_cat","embeddable":true,"href":"https:\/\/www.jootjeshaakcadeautjes.nl\/de\/wp-json\/wp\/v2\/product_cat?post=122654"},{"taxonomy":"product_tag","embeddable":true,"href":"https:\/\/www.jootjeshaakcadeautjes.nl\/de\/wp-json\/wp\/v2\/product_tag?post=122654"}],"curies":[{"name":"wp","href":"https:\/\/api.w.org\/{rel}","templated":true}]}}