{"id":122797,"date":"2020-09-01T23:48:15","date_gmt":"2020-09-01T21:48:15","guid":{"rendered":"https:\/\/www.jootjeshaakcadeautjes.nl\/product\/buchenholz-ringe-4-cm\/"},"modified":"2026-03-07T09:39:14","modified_gmt":"2026-03-07T08:39:14","slug":"buchenholz-ringe-4-cm","status":"publish","type":"product","link":"https:\/\/www.jootjeshaakcadeautjes.nl\/de\/produkt\/buchenholz-ringe-4-cm\/","title":{"rendered":"Ringe aus Buchenholz &#8211; 4,0 cm &#8211; Hell, neutral, unbehandelt"},"content":{"rendered":"<h2><span style=\"color: #48046d;\">Buchenholzringe 4,0 cm &#8211; Buchenholzring 4,0 cm gro\u00df<br \/>\nEinen Bei\u00dfring aus Holz selbst herstellen<\/span><\/h2>\n<p>M\u00f6chten Sie Holzringe kaufen, um einen Bei\u00dfring oder eine Rassel aus Holz f\u00fcr ein Baby oder Kleinkind herzustellen? Dann sind Sie bei JootjesHaakcadeautjes.nl an der richtigen Adresse!<\/p>\n<p>Auf unserer Website finden Sie alle Arten von Holz, Silikon und anderem Zubeh\u00f6r, um die sch\u00f6nsten Babyspielzeuge selbst herzustellen. Wir haben eine gro\u00dfe Auswahl an gro\u00dfen und kleinen Holzringen und Perlen. So k\u00f6nnen Sie alle Ihre Eink\u00e4ufe unter der gleichen Adresse t\u00e4tigen. Super s\u00fc\u00dfes Baby- oder Kleinkindspielzeug f\u00fcr Ihr eigenes Kleines. Dar\u00fcber hinaus eignen sich diese selbstgemachten Geschenke nat\u00fcrlich auch hervorragend als einzigartiges handgemachtes Mutterschaftsgeschenk. Mit dieser gro\u00dfen Auswahl k\u00f6nnen Sie schnell Ihre eigene Variante von Bei\u00dfring, Rassel, Kinderwagenschnur, Schnullerschnur oder Baby-Gym aus Holz zusammenstellen.<\/p>\n<h5><span style=\"color: #48046d;\">Kurze Zusammenfassung:<\/span><\/h5>\n<p><strong>Name: <\/strong>Unbehandelte\/blanke Buchenringe 4 cm Durchmesser, unbehandelt.<br \/>\n<strong>Material: <\/strong>Unbehandeltes, hochwertiges, nat\u00fcrliches Buchenholz. CE-zertifiziert. Im Gegensatz zu Vorhangringen und anderen minderwertigen Ringen werden sie ausschlie\u00dflich <span style=\"text-decoration: underline;\">ohne<\/span> chemische Zus\u00e4tze hergestellt.<br \/>\n<strong>Verarbeitung\/Gr\u00f6\u00dfe: <\/strong>Perfekt rund, 4,0 cm \/ 40 mm.<br \/>\n<strong>Auch bekannt als: <\/strong>Holzringe f\u00fcr Bei\u00dfring, Holzringe f\u00fcr Baby Gym oder Rassel. Rohe Vorhangringe.<br \/>\n<strong>H\u00e4ufig f\u00fcr die Herstellung verwendet: <\/strong>Selbstgemachtes Babyspielzeug, Rassel, Bei\u00dfring aus Holz oder Silikon, Kinderwagenschnur, Schnullerschnur, Babygymnastik aus Holz, Rassel h\u00e4keln<br \/>\n<strong>H\u00e4ufig verwendet in Kombination mit: <\/strong>Holzperlen rund\/oval\/geometrisch, Holzringe (Fisch, Elefant, Vogel, Igel, Anker, Ringkeks, Mickey Mouse) und Silikonperlen<\/p>\n<h4><span style=\"color: #48046d;\">Qualit\u00e4t und Sicherheit unserer Holzringe:<\/span><\/h4>\n<ul>\n<li>CE-zertifiziert<\/li>\n<li>Hergestellt aus unbehandeltem, hellem Buchenholz (keine Chemikalien bei der Herstellung verwendet)<\/li>\n<li>Hergestellt aus splitterfreiem Buchenholz. Die hohe H\u00e4rte von Buchenholz macht es ideal f\u00fcr die Herstellung von Kinderspielzeug.<br \/>\nLesen Sie mehr auf der Website der <a href=\"https:\/\/www.veiligheid.nl\/kinderveiligheid\/spelen\/binnen-spelen\/speelgoed\">Stiftung SafetyNL<\/a>.<\/li>\n<\/ul>\n<p>Die Holzringe sind ein Naturprodukt und k\u00f6nnen daher noch minimale Abweichungen aufweisen. Sobald wir eine \u00fcberm\u00e4\u00dfige Abweichung feststellen, wird das Produkt nicht verkauft, sondern recycelt. So k\u00f6nnen wir stets eine hohe Qualit\u00e4t unserer Produkte garantieren.<\/p>\n<p>Bei solchen Naturprodukten ist es immer sehr wichtig, den Verschlei\u00df im Auge zu behalten. Holzprodukte werden nicht routinem\u00e4\u00dfig in (Baby-\/Kinder-)Spielzeug verwendet. Weisen Sie also Eltern\/Gro\u00dfeltern\/Kunden an, sorgf\u00e4ltig auf Abnutzung zu achten. Dar\u00fcber hinaus raten wir, die Produkte nur unter Aufsicht von Erwachsenen zu verwenden.<br \/>\nAuch hier sollten Sie die Produkte regelm\u00e4\u00dfig auf Verschlei\u00df \u00fcberpr\u00fcfen.<\/p>\n<p>&nbsp;<\/p>\n<p style=\"text-align: center;\">\n","protected":false},"excerpt":{"rendered":"<h4><span style=\"color: #48046d;\">Ringe aus Buchenholz 4,0 cm \/ 40 mm<\/span><\/h4>\n<ul>\n<li><span style=\"color: #000000;\">Ring aus Buchenholz.<\/span><\/li>\n<li><span style=\"color: #000000;\">Glatte und gl\u00e4nzende Oberfl\u00e4che mit sichtbarer Holzmaserung ohne Behandlung.<\/span><\/li>\n<li><span style=\"color: #000000;\">Naturprodukt  <\/span><\/li>\n<li><span style=\"color: #000000;\">Kinderfreundlich, keine Chemikalien.  <\/span><\/li>\n<li><span style=\"color: #000000;\">Zur Verwendung in Bei\u00dfringen aus Holz, Schnullerschn\u00fcren, Spielzeugschn\u00fcren, Kinderwagenschn\u00fcren oder Babygymnastik.<\/span><\/li>\n<\/ul>\n<p><span style=\"color: #000000;\">Au\u00dfenma\u00df 4,0 cm\/40 mm<br \/>\nIdeale Gr\u00f6\u00dfe des Holzrings f\u00fcr die Herstellung<br \/>\n<\/span><span style=\"color: #000000;\">eines geh\u00e4kelten Bei\u00dfringes aus Holz.<\/span><\/p>\n<p>&nbsp;<\/p>\n","protected":false},"featured_media":70803,"template":"","meta":[],"product_brand":[],"product_cat":[8071,7380,8072,8070],"product_tag":[7659,9800,8088,8087,8079,7385,8047,9495,8090,7890,7416,8085,8046,7196,7442,8083,8091,7397,8078,8081,8089],"class_list":{"0":"post-122797","1":"product","2":"type-product","3":"status-publish","4":"has-post-thumbnail","6":"product_cat-beisringe-baby-silikon-und-holz","7":"product_cat-herstellung-von-baby-beisspielzeug-materialien-fur-schnuller-und-beisringe","8":"product_cat-holzringe-fur-macrame-und-crochet","9":"product_cat-ringe-aus-holz","10":"product_tag-4-de","11":"product_tag-40-de","12":"product_tag-baby-turnhalle","13":"product_tag-babygymnastik","14":"product_tag-beisen","15":"product_tag-beisring","16":"product_tag-buche","17":"product_tag-gedampft","18":"product_tag-gehakelter-ring","19":"product_tag-gummischnur-de","20":"product_tag-gummischnur","21":"product_tag-hasenohren","22":"product_tag-holz-de","23":"product_tag-holz","24":"product_tag-kinderwagenkette","25":"product_tag-klappern","26":"product_tag-klappern-de","27":"product_tag-mm-de","28":"product_tag-ring-de","29":"product_tag-ringe","30":"product_tag-roh","32":"first","33":"instock","34":"taxable","35":"shipping-taxable","36":"purchasable","37":"product-type-simple"},"bundled_by":[],"bundle_stock_status":"instock","bundle_stock_quantity":93,"bundle_virtual":false,"bundle_layout":"","bundle_add_to_cart_form_location":"","bundle_editable_in_cart":false,"bundle_sold_individually_context":"","bundle_item_grouping":"","bundle_min_size":"","bundle_max_size":"","bundle_price":[],"bundled_items":[],"bundle_sell_ids":[],"yoast_head":"<!-- This site is optimized with the Yoast SEO Premium plugin v27.6 (Yoast SEO v27.6) - https:\/\/yoast.com\/product\/yoast-seo-premium-wordpress\/ -->\n<title>Holzringe 4,0 cm - Holzring 40 mm - Bei\u00dfring aus Holz selber machen<\/title>\n<meta name=\"description\" content=\"Suchen Sie Holzringe 4,0 cm f\u00fcr einen Bei\u00dfring aus Holz oder einen Holzring 40 mm f\u00fcr eine Holzrassel?\" \/>\n<meta name=\"robots\" content=\"index, follow, max-snippet:-1, max-image-preview:large, max-video-preview:-1\" \/>\n<link rel=\"canonical\" href=\"https:\/\/www.jootjeshaakcadeautjes.nl\/de\/produkt\/buchenholz-ringe-4-cm\/\" \/>\n<meta property=\"og:locale\" content=\"de_DE\" \/>\n<meta property=\"og:type\" content=\"article\" \/>\n<meta property=\"og:title\" content=\"Ringe aus Buchenholz - 4,0 cm - Hell, neutral, unbehandelt\" \/>\n<meta property=\"og:description\" content=\"Suchen Sie Holzringe 4,0 cm f\u00fcr einen Bei\u00dfring aus Holz oder einen Holzring 40 mm f\u00fcr eine Holzrassel?\" \/>\n<meta property=\"og:url\" content=\"https:\/\/www.jootjeshaakcadeautjes.nl\/de\/produkt\/buchenholz-ringe-4-cm\/\" \/>\n<meta property=\"og:site_name\" content=\"Jootjes Haakcadeautjes\" \/>\n<meta property=\"article:modified_time\" content=\"2026-03-07T08:39:14+00:00\" \/>\n<meta property=\"og:image\" content=\"https:\/\/www.jootjeshaakcadeautjes.nl\/wp-content\/uploads\/2020\/08\/Houten-ringen-45-cm-beukenhout-baby-veilig-gecertificeerd-beuken.jpg\" \/>\n\t<meta property=\"og:image:width\" content=\"1301\" \/>\n\t<meta property=\"og:image:height\" content=\"1301\" \/>\n\t<meta property=\"og:image:type\" content=\"image\/jpeg\" \/>\n<meta name=\"twitter:card\" content=\"summary_large_image\" \/>\n<meta name=\"twitter:label1\" content=\"Preis\" \/>\n\t<meta name=\"twitter:data1\" content=\"&euro;0.90 inkl. MwSt.\" \/>\n\t<meta name=\"twitter:label2\" content=\"Verf\u00fcgbarkeit\" \/>\n\t<meta name=\"twitter:data2\" content=\"Auf Lager\" \/>\n<script type=\"application\/ld+json\" class=\"yoast-schema-graph\">{\"@context\":\"https:\\\/\\\/schema.org\",\"@graph\":[{\"@type\":\"WebPage\",\"@id\":\"https:\\\/\\\/www.jootjeshaakcadeautjes.nl\\\/de\\\/produkt\\\/buchenholz-ringe-4-cm\\\/\",\"url\":\"https:\\\/\\\/www.jootjeshaakcadeautjes.nl\\\/de\\\/produkt\\\/buchenholz-ringe-4-cm\\\/\",\"name\":\"Holzringe 4,0 cm - Holzring 40 mm - Bei\u00dfring aus Holz selber machen\",\"isPartOf\":{\"@id\":\"https:\\\/\\\/www.jootjeshaakcadeautjes.nl\\\/de\\\/#website\"},\"primaryImageOfPage\":{\"@id\":\"https:\\\/\\\/www.jootjeshaakcadeautjes.nl\\\/de\\\/produkt\\\/buchenholz-ringe-4-cm\\\/#primaryimage\"},\"image\":{\"@id\":\"https:\\\/\\\/www.jootjeshaakcadeautjes.nl\\\/de\\\/produkt\\\/buchenholz-ringe-4-cm\\\/#primaryimage\"},\"thumbnailUrl\":\"https:\\\/\\\/d1dyryakdmle7o.cloudfront.net\\\/wp-content\\\/uploads\\\/2020\\\/08\\\/Houten-ringen-45-cm-beukenhout-baby-veilig-gecertificeerd-beuken.jpg\",\"datePublished\":\"2020-09-01T21:48:15+00:00\",\"dateModified\":\"2026-03-07T08:39:14+00:00\",\"description\":\"Suchen Sie Holzringe 4,0 cm f\u00fcr einen Bei\u00dfring aus Holz oder einen Holzring 40 mm f\u00fcr eine Holzrassel?\",\"breadcrumb\":{\"@id\":\"https:\\\/\\\/www.jootjeshaakcadeautjes.nl\\\/de\\\/produkt\\\/buchenholz-ringe-4-cm\\\/#breadcrumb\"},\"inLanguage\":\"de\",\"potentialAction\":[{\"@type\":\"ReadAction\",\"target\":[\"https:\\\/\\\/www.jootjeshaakcadeautjes.nl\\\/de\\\/produkt\\\/buchenholz-ringe-4-cm\\\/\"]}]},{\"@type\":\"ImageObject\",\"inLanguage\":\"de\",\"@id\":\"https:\\\/\\\/www.jootjeshaakcadeautjes.nl\\\/de\\\/produkt\\\/buchenholz-ringe-4-cm\\\/#primaryimage\",\"url\":\"https:\\\/\\\/d1dyryakdmle7o.cloudfront.net\\\/wp-content\\\/uploads\\\/2020\\\/08\\\/Houten-ringen-45-cm-beukenhout-baby-veilig-gecertificeerd-beuken.jpg\",\"contentUrl\":\"https:\\\/\\\/d1dyryakdmle7o.cloudfront.net\\\/wp-content\\\/uploads\\\/2020\\\/08\\\/Houten-ringen-45-cm-beukenhout-baby-veilig-gecertificeerd-beuken.jpg\",\"width\":1301,\"height\":1301,\"caption\":\"Holzringe 4,5 cm Buchenholz Baby sicher zertifiziert Buche\"},{\"@type\":\"BreadcrumbList\",\"@id\":\"https:\\\/\\\/www.jootjeshaakcadeautjes.nl\\\/de\\\/produkt\\\/buchenholz-ringe-4-cm\\\/#breadcrumb\",\"itemListElement\":[{\"@type\":\"ListItem\",\"position\":1,\"name\":\"Startseite\",\"item\":\"https:\\\/\\\/www.jootjeshaakcadeautjes.nl\\\/de\\\/\"},{\"@type\":\"ListItem\",\"position\":2,\"name\":\"Gro\u00dfhandel mit Silikonperlen &#8211; Business und Consumer\",\"item\":\"https:\\\/\\\/www.jootjeshaakcadeautjes.nl\\\/de\\\/shop\\\/\"},{\"@type\":\"ListItem\",\"position\":3,\"name\":\"Ringe aus Buchenholz &#8211; 4,0 cm &#8211; Hell, neutral, unbehandelt\"}]},{\"@type\":\"WebSite\",\"@id\":\"https:\\\/\\\/www.jootjeshaakcadeautjes.nl\\\/de\\\/#website\",\"url\":\"https:\\\/\\\/www.jootjeshaakcadeautjes.nl\\\/de\\\/\",\"name\":\"Jootjes Haakcadeautjes\",\"description\":\"Silikonperlen Gro\u00dfhandel \",\"publisher\":{\"@id\":\"https:\\\/\\\/www.jootjeshaakcadeautjes.nl\\\/de\\\/#organization\"},\"potentialAction\":[{\"@type\":\"SearchAction\",\"target\":{\"@type\":\"EntryPoint\",\"urlTemplate\":\"https:\\\/\\\/www.jootjeshaakcadeautjes.nl\\\/de\\\/?s={search_term_string}\"},\"query-input\":{\"@type\":\"PropertyValueSpecification\",\"valueRequired\":true,\"valueName\":\"search_term_string\"}}],\"inLanguage\":\"de\"},{\"@type\":\"Organization\",\"@id\":\"https:\\\/\\\/www.jootjeshaakcadeautjes.nl\\\/de\\\/#organization\",\"name\":\"Jootjes Haakcadeautjes\",\"url\":\"https:\\\/\\\/www.jootjeshaakcadeautjes.nl\\\/de\\\/\",\"logo\":{\"@type\":\"ImageObject\",\"inLanguage\":\"de\",\"@id\":\"https:\\\/\\\/www.jootjeshaakcadeautjes.nl\\\/de\\\/#\\\/schema\\\/logo\\\/image\\\/\",\"url\":\"https:\\\/\\\/d1dyryakdmle7o.cloudfront.net\\\/wp-content\\\/uploads\\\/2023\\\/05\\\/Logo-rond.png\",\"contentUrl\":\"https:\\\/\\\/d1dyryakdmle7o.cloudfront.net\\\/wp-content\\\/uploads\\\/2023\\\/05\\\/Logo-rond.png\",\"width\":1222,\"height\":1222,\"caption\":\"Jootjes Haakcadeautjes\"},\"image\":{\"@id\":\"https:\\\/\\\/www.jootjeshaakcadeautjes.nl\\\/de\\\/#\\\/schema\\\/logo\\\/image\\\/\"}}]}<\/script>\n<meta property=\"product:price:amount\" content=\"0.90\" \/>\n<meta property=\"product:price:currency\" content=\"EUR\" \/>\n<meta property=\"og:availability\" content=\"instock\" \/>\n<meta property=\"product:availability\" content=\"instock\" \/>\n<meta property=\"product:retailer_item_id\" content=\"RIN-BHO-040\" \/>\n<meta property=\"product:condition\" content=\"new\" \/>\n<!-- \/ Yoast SEO Premium plugin. -->","yoast_head_json":{"title":"Holzringe 4,0 cm - Holzring 40 mm - Bei\u00dfring aus Holz selber machen","description":"Suchen Sie Holzringe 4,0 cm f\u00fcr einen Bei\u00dfring aus Holz oder einen Holzring 40 mm f\u00fcr eine Holzrassel?","robots":{"index":"index","follow":"follow","max-snippet":"max-snippet:-1","max-image-preview":"max-image-preview:large","max-video-preview":"max-video-preview:-1"},"canonical":"https:\/\/www.jootjeshaakcadeautjes.nl\/de\/produkt\/buchenholz-ringe-4-cm\/","og_locale":"de_DE","og_type":"article","og_title":"Ringe aus Buchenholz - 4,0 cm - Hell, neutral, unbehandelt","og_description":"Suchen Sie Holzringe 4,0 cm f\u00fcr einen Bei\u00dfring aus Holz oder einen Holzring 40 mm f\u00fcr eine Holzrassel?","og_url":"https:\/\/www.jootjeshaakcadeautjes.nl\/de\/produkt\/buchenholz-ringe-4-cm\/","og_site_name":"Jootjes Haakcadeautjes","article_modified_time":"2026-03-07T08:39:14+00:00","og_image":[{"width":1301,"height":1301,"url":"https:\/\/www.jootjeshaakcadeautjes.nl\/wp-content\/uploads\/2020\/08\/Houten-ringen-45-cm-beukenhout-baby-veilig-gecertificeerd-beuken.jpg","type":"image\/jpeg"}],"twitter_card":"summary_large_image","twitter_misc":{"Preis":"&euro;0.90 inkl. MwSt.","Verf\u00fcgbarkeit":"Auf Lager"},"schema":{"@context":"https:\/\/schema.org","@graph":[{"@type":"WebPage","@id":"https:\/\/www.jootjeshaakcadeautjes.nl\/de\/produkt\/buchenholz-ringe-4-cm\/","url":"https:\/\/www.jootjeshaakcadeautjes.nl\/de\/produkt\/buchenholz-ringe-4-cm\/","name":"Holzringe 4,0 cm - Holzring 40 mm - Bei\u00dfring aus Holz selber machen","isPartOf":{"@id":"https:\/\/www.jootjeshaakcadeautjes.nl\/de\/#website"},"primaryImageOfPage":{"@id":"https:\/\/www.jootjeshaakcadeautjes.nl\/de\/produkt\/buchenholz-ringe-4-cm\/#primaryimage"},"image":{"@id":"https:\/\/www.jootjeshaakcadeautjes.nl\/de\/produkt\/buchenholz-ringe-4-cm\/#primaryimage"},"thumbnailUrl":"https:\/\/d1dyryakdmle7o.cloudfront.net\/wp-content\/uploads\/2020\/08\/Houten-ringen-45-cm-beukenhout-baby-veilig-gecertificeerd-beuken.jpg","datePublished":"2020-09-01T21:48:15+00:00","dateModified":"2026-03-07T08:39:14+00:00","description":"Suchen Sie Holzringe 4,0 cm f\u00fcr einen Bei\u00dfring aus Holz oder einen Holzring 40 mm f\u00fcr eine Holzrassel?","breadcrumb":{"@id":"https:\/\/www.jootjeshaakcadeautjes.nl\/de\/produkt\/buchenholz-ringe-4-cm\/#breadcrumb"},"inLanguage":"de","potentialAction":[{"@type":"ReadAction","target":["https:\/\/www.jootjeshaakcadeautjes.nl\/de\/produkt\/buchenholz-ringe-4-cm\/"]}]},{"@type":"ImageObject","inLanguage":"de","@id":"https:\/\/www.jootjeshaakcadeautjes.nl\/de\/produkt\/buchenholz-ringe-4-cm\/#primaryimage","url":"https:\/\/d1dyryakdmle7o.cloudfront.net\/wp-content\/uploads\/2020\/08\/Houten-ringen-45-cm-beukenhout-baby-veilig-gecertificeerd-beuken.jpg","contentUrl":"https:\/\/d1dyryakdmle7o.cloudfront.net\/wp-content\/uploads\/2020\/08\/Houten-ringen-45-cm-beukenhout-baby-veilig-gecertificeerd-beuken.jpg","width":1301,"height":1301,"caption":"Holzringe 4,5 cm Buchenholz Baby sicher zertifiziert Buche"},{"@type":"BreadcrumbList","@id":"https:\/\/www.jootjeshaakcadeautjes.nl\/de\/produkt\/buchenholz-ringe-4-cm\/#breadcrumb","itemListElement":[{"@type":"ListItem","position":1,"name":"Startseite","item":"https:\/\/www.jootjeshaakcadeautjes.nl\/de\/"},{"@type":"ListItem","position":2,"name":"Gro\u00dfhandel mit Silikonperlen &#8211; Business und Consumer","item":"https:\/\/www.jootjeshaakcadeautjes.nl\/de\/shop\/"},{"@type":"ListItem","position":3,"name":"Ringe aus Buchenholz &#8211; 4,0 cm &#8211; Hell, neutral, unbehandelt"}]},{"@type":"WebSite","@id":"https:\/\/www.jootjeshaakcadeautjes.nl\/de\/#website","url":"https:\/\/www.jootjeshaakcadeautjes.nl\/de\/","name":"Jootjes Haakcadeautjes","description":"Silikonperlen Gro\u00dfhandel ","publisher":{"@id":"https:\/\/www.jootjeshaakcadeautjes.nl\/de\/#organization"},"potentialAction":[{"@type":"SearchAction","target":{"@type":"EntryPoint","urlTemplate":"https:\/\/www.jootjeshaakcadeautjes.nl\/de\/?s={search_term_string}"},"query-input":{"@type":"PropertyValueSpecification","valueRequired":true,"valueName":"search_term_string"}}],"inLanguage":"de"},{"@type":"Organization","@id":"https:\/\/www.jootjeshaakcadeautjes.nl\/de\/#organization","name":"Jootjes Haakcadeautjes","url":"https:\/\/www.jootjeshaakcadeautjes.nl\/de\/","logo":{"@type":"ImageObject","inLanguage":"de","@id":"https:\/\/www.jootjeshaakcadeautjes.nl\/de\/#\/schema\/logo\/image\/","url":"https:\/\/d1dyryakdmle7o.cloudfront.net\/wp-content\/uploads\/2023\/05\/Logo-rond.png","contentUrl":"https:\/\/d1dyryakdmle7o.cloudfront.net\/wp-content\/uploads\/2023\/05\/Logo-rond.png","width":1222,"height":1222,"caption":"Jootjes Haakcadeautjes"},"image":{"@id":"https:\/\/www.jootjeshaakcadeautjes.nl\/de\/#\/schema\/logo\/image\/"}}]},"product_price_amount":"0.90","product_price_currency":"EUR","og_availability":"instock","product_availability":"instock","product_retailer_item_id":"RIN-BHO-040","product_condition":"new"},"_links":{"self":[{"href":"https:\/\/www.jootjeshaakcadeautjes.nl\/de\/wp-json\/wp\/v2\/product\/122797","targetHints":{"allow":["GET"]}}],"collection":[{"href":"https:\/\/www.jootjeshaakcadeautjes.nl\/de\/wp-json\/wp\/v2\/product"}],"about":[{"href":"https:\/\/www.jootjeshaakcadeautjes.nl\/de\/wp-json\/wp\/v2\/types\/product"}],"version-history":[{"count":0,"href":"https:\/\/www.jootjeshaakcadeautjes.nl\/de\/wp-json\/wp\/v2\/product\/122797\/revisions"}],"wp:featuredmedia":[{"embeddable":true,"href":"https:\/\/www.jootjeshaakcadeautjes.nl\/de\/wp-json\/wp\/v2\/media\/70803"}],"wp:attachment":[{"href":"https:\/\/www.jootjeshaakcadeautjes.nl\/de\/wp-json\/wp\/v2\/media?parent=122797"}],"wp:term":[{"taxonomy":"product_brand","embeddable":true,"href":"https:\/\/www.jootjeshaakcadeautjes.nl\/de\/wp-json\/wp\/v2\/product_brand?post=122797"},{"taxonomy":"product_cat","embeddable":true,"href":"https:\/\/www.jootjeshaakcadeautjes.nl\/de\/wp-json\/wp\/v2\/product_cat?post=122797"},{"taxonomy":"product_tag","embeddable":true,"href":"https:\/\/www.jootjeshaakcadeautjes.nl\/de\/wp-json\/wp\/v2\/product_tag?post=122797"}],"curies":[{"name":"wp","href":"https:\/\/api.w.org\/{rel}","templated":true}]}}