{"id":122946,"date":"2020-08-01T20:00:14","date_gmt":"2020-08-01T18:00:14","guid":{"rendered":"https:\/\/www.jootjeshaakcadeautjes.nl\/product\/silikonperlen-12-mm-rund-sichel-pfirsich-nackt\/"},"modified":"2025-03-11T03:16:00","modified_gmt":"2025-03-11T02:16:00","slug":"silikonperlen-12-mm-rund-sichel-pfirsich-nackt","status":"publish","type":"product","link":"https:\/\/www.jootjeshaakcadeautjes.nl\/de\/produkt\/silikonperlen-12-mm-rund-sichel-pfirsich-nackt\/","title":{"rendered":"Silikonperlen 12 mm &#8211; Rund &#8211; Pfirsich Nude mit Sprenkeln"},"content":{"rendered":"<h1>Silikonperlen 12 mm &#8211; Rund &#8211; Pfirsich Nude mit Sprenkeln<\/h1>\n<h3>Spezifikationen:<\/h3>\n<ul>\n<li>Auch bekannt als: Silikonperlen f\u00fcr Bei\u00dfring<\/li>\n<li>Gr\u00f6\u00dfe: 12 mm<\/li>\n<li>Farbe: Pfirsich Nude mit Sprenkeln<\/li>\n<\/ul>\n<p>Alle unsere Silikonperlen sind 100% BPA-, blei-, toxin-, phthalat- und PVC-frei. Unsere Silikonkugeln sind daher von medizinischer Qualit\u00e4t und f\u00fcr die Verwendung in Kinderzahnspielzeug geeignet. Die runden 20-mm-Perlen eignen sich u. a. f\u00fcr Bei\u00dfringe, Schnullerketten, Stillketten, Taschenanh\u00e4nger oder Babygymnastik.<\/p>\n<p>Den Rest unseres Sortiments an Silikonperlen finden Sie hier: <a href=\"\/?product_cat=siliconen-kralen\">Silikonperlen<\/a>.<br \/>\nDie Holzperlen finden Sie hier: <a href=\"\/?product_cat=houten-kralen-kralen\">Holzperlen<\/a>.<\/p>\n<h3>Qualit\u00e4t und Sicherheit unserer Silikonperlen<\/h3>\n<p>Alle unsere Silikonperlen sind:<\/p>\n<ul>\n<li>BPA-frei<\/li>\n<li>Phthalat- und toxinfrei<\/li>\n<li>PVC-frei<\/li>\n<li>Bleifrei<\/li>\n<li>CE-zertifiziert<\/li>\n<li>Silikonperlen in medizinischer Qualit\u00e4t<\/li>\n<\/ul>\n<h4>Reparieren:<\/h4>\n<p>Die Silikonperlen lassen sich leicht auf eine Wachs- oder Satinkordel auff\u00e4deln. Binden Sie den Bei\u00dfring aus Silikonperlen sehr gut und mehrmals.<\/p>\n<h4>Reinigung:<\/h4>\n<p>Diese Silikonperlen in der Farbe Pfirsich Nude mit Sprenkeln und der Gr\u00f6\u00dfe 12 mm rund sind daher sowohl f\u00fcr Babys als auch f\u00fcr \u00e4ltere Kinder geeignet, die gerne in etwas hineinbei\u00dfen. Die Perlen sind CE-zertifiziert und sehr robust. Daher nutzen sie sich kaum ab. Dar\u00fcber hinaus sind die Perlen leicht zu reinigen. Diese Silikonperlen k\u00f6nnen problemlos in die Sp\u00fclmaschine oder in Seifenwasser gegeben werden. Lassen Sie sie dann gr\u00fcndlich trocknen, bevor Sie sie wieder an ein Kind weitergeben. Die Silikonperlen k\u00f6nnen auch gek\u00fchlt werden. Sie eignen sich daher sehr gut zur Schmerzlinderung beim Zahnen.<\/p>\n<p><em>Befestigen Sie die Silikonperlen immer ordnungsgem\u00e4\u00df und \u00fcberpr\u00fcfen Sie Ihre Anfertigung regelm\u00e4\u00dfig, z. B. auf Abnutzung und Verschlei\u00df. Hierf\u00fcr sind Sie selbst verantwortlich. Jootjes Haakcadeautjes pr\u00fcft Ihr fertiges Produkt nicht und kann daher keine Sch\u00e4den oder Lockerungen aufgrund von Abnutzung annehmen. Wir raten dazu, handgefertigtes Kinderspielzeug nur unter Aufsicht von Erwachsenen zu verwenden, um gef\u00e4hrliche Situationen zu vermeiden.<\/em><\/p>\n<h3>Womit lassen sich diese Perlen gut kombinieren?<\/h3>\n<p>Alle unsere Perlen lassen sich gut miteinander kombinieren. Wir f\u00fchren m\u00f6glichst viele Perlenarten in den gleichen Farben. Dies ist jedoch nicht immer m\u00f6glich. Dabei macht es auch Spa\u00df, Farben und Formen zu kombinieren. Dies hat eine stimulierende Wirkung auf die Entwicklung des Kindes. Je pelziger, desto besser.<\/p>\n<h4>Reagieren auf die Sehentwicklung eines Babys?<\/h4>\n<h4>So entwickelt sich im Gro\u00dfen und Ganzen die Sehkraft eines kleinen Kindes:<\/h4>\n<p>Im Alter von etwa einem Monat sieht ein Baby haupts\u00e4chlich scharfe Kontraste zwischen Hell und Dunkel. Die Konturen zeichnen sich dann langsam ab und die Farbprinzipien werden sichtbar. Dies beginnt mit den Farben Rot und Gr\u00fcn und erst sp\u00e4ter mit den Farben Blau und Gelb. Blau bleibt lange Zeit eher ein grauer\/schwarzer Farbton. Das echte &#8220;blaue&#8221; Sehen entwickelt sich erst mit etwa sechs Monaten. Das hei\u00dft nat\u00fcrlich nicht, dass es nicht eine sch\u00f6ne Abwechslung mit einer andersfarbigen Perle sein kann. Abgesehen von den Farben sucht ein Baby ab etwa zwei Monaten nach weiteren Details.<\/p>\n<p>&nbsp;<\/p>\n","protected":false},"excerpt":{"rendered":"<p>Farbcode Pfirsich Nude mit Sprenkeln<\/p>\n<p>&#8211; Typ: Silikonperlen rund<br \/>\n&#8211; Gr\u00f6\u00dfe: 12 mm<br \/>\n&#8211; Einzeln verkauft, nirgends billiger<br \/>\n&#8211; Frei von BPA, Phthalaten, Blei, PVC und Toxinen<br \/>\n&#8211; CE-zertifiziert<br \/>\n&#8211; Silikonperlen in medizinischer Qualit\u00e4t<br \/>\n&#8211; Im K\u00fchlschrank k\u00fchlbar<br \/>\n&#8211; Sp\u00fclmaschinentauglich<\/p>\n","protected":false},"featured_media":72265,"template":"","meta":[],"product_brand":[],"product_cat":[],"product_tag":[],"class_list":{"0":"post-122946","1":"product","2":"type-product","3":"status-publish","4":"has-post-thumbnail","7":"first","8":"outofstock","9":"taxable","10":"shipping-taxable","11":"purchasable","12":"product-type-simple"},"bundled_by":[],"bundle_stock_status":"outofstock","bundle_stock_quantity":0,"bundle_virtual":false,"bundle_layout":"","bundle_add_to_cart_form_location":"","bundle_editable_in_cart":false,"bundle_sold_individually_context":"","bundle_item_grouping":"","bundle_min_size":"","bundle_max_size":"","bundle_price":[],"bundled_items":[],"bundle_sell_ids":[],"yoast_head":"<!-- This site is optimized with the Yoast SEO Premium plugin v27.4 (Yoast SEO v27.4) - https:\/\/yoast.com\/product\/yoast-seo-premium-wordpress\/ -->\n<title>Silikonperlen 12 mm - Rund - Pfirsich Nude mit Sprenkeln - | BPA-frei | kindersicher<\/title>\n<meta name=\"description\" content=\"Silikonperlen rund in der Farbe Speckled peach nude 12 mm, 100% BPA-, blei-, gift-, phthalat- und PVC-frei und CE-gekennzeichnet.\" \/>\n<meta name=\"robots\" content=\"index, follow, max-snippet:-1, max-image-preview:large, max-video-preview:-1\" \/>\n<link rel=\"canonical\" href=\"https:\/\/www.jootjeshaakcadeautjes.nl\/de\/produkt\/silikonperlen-12-mm-rund-sichel-pfirsich-nackt\/\" \/>\n<meta property=\"og:locale\" content=\"de_DE\" \/>\n<meta property=\"og:type\" content=\"article\" \/>\n<meta property=\"og:title\" content=\"Silikonperlen 12 mm - Rund - Pfirsich Nude mit Sprenkeln\" \/>\n<meta property=\"og:description\" content=\"Silikonperlen rund in der Farbe Speckled peach nude 12 mm, 100% BPA-, blei-, gift-, phthalat- und PVC-frei und CE-gekennzeichnet.\" \/>\n<meta property=\"og:url\" content=\"https:\/\/www.jootjeshaakcadeautjes.nl\/de\/produkt\/silikonperlen-12-mm-rund-sichel-pfirsich-nackt\/\" \/>\n<meta property=\"og:site_name\" content=\"Jootjes Haakcadeautjes\" \/>\n<meta property=\"article:modified_time\" content=\"2025-03-11T02:16:00+00:00\" \/>\n<meta property=\"og:image\" content=\"https:\/\/www.jootjeshaakcadeautjes.nl\/wp-content\/uploads\/2020\/09\/20200901_212855.jpg\" \/>\n\t<meta property=\"og:image:width\" content=\"1391\" \/>\n\t<meta property=\"og:image:height\" content=\"1391\" \/>\n\t<meta property=\"og:image:type\" content=\"image\/jpeg\" \/>\n<meta name=\"twitter:card\" content=\"summary_large_image\" \/>\n<meta name=\"twitter:label1\" content=\"Preis\" \/>\n\t<meta name=\"twitter:data1\" content=\"&euro;0.22 inkl. MwSt.\" \/>\n\t<meta name=\"twitter:label2\" content=\"Verf\u00fcgbarkeit\" \/>\n\t<meta name=\"twitter:data2\" content=\"ausverkauft\" \/>\n<script type=\"application\/ld+json\" class=\"yoast-schema-graph\">{\"@context\":\"https:\\\/\\\/schema.org\",\"@graph\":[{\"@type\":\"WebPage\",\"@id\":\"https:\\\/\\\/www.jootjeshaakcadeautjes.nl\\\/de\\\/produkt\\\/silikonperlen-12-mm-rund-sichel-pfirsich-nackt\\\/\",\"url\":\"https:\\\/\\\/www.jootjeshaakcadeautjes.nl\\\/de\\\/produkt\\\/silikonperlen-12-mm-rund-sichel-pfirsich-nackt\\\/\",\"name\":\"Silikonperlen 12 mm - Rund - Pfirsich Nude mit Sprenkeln - | BPA-frei | kindersicher\",\"isPartOf\":{\"@id\":\"https:\\\/\\\/www.jootjeshaakcadeautjes.nl\\\/de\\\/#website\"},\"primaryImageOfPage\":{\"@id\":\"https:\\\/\\\/www.jootjeshaakcadeautjes.nl\\\/de\\\/produkt\\\/silikonperlen-12-mm-rund-sichel-pfirsich-nackt\\\/#primaryimage\"},\"image\":{\"@id\":\"https:\\\/\\\/www.jootjeshaakcadeautjes.nl\\\/de\\\/produkt\\\/silikonperlen-12-mm-rund-sichel-pfirsich-nackt\\\/#primaryimage\"},\"thumbnailUrl\":\"https:\\\/\\\/d1dyryakdmle7o.cloudfront.net\\\/wp-content\\\/uploads\\\/2020\\\/09\\\/20200901_212855.jpg\",\"datePublished\":\"2020-08-01T18:00:14+00:00\",\"dateModified\":\"2025-03-11T02:16:00+00:00\",\"description\":\"Silikonperlen rund in der Farbe Speckled peach nude 12 mm, 100% BPA-, blei-, gift-, phthalat- und PVC-frei und CE-gekennzeichnet.\",\"breadcrumb\":{\"@id\":\"https:\\\/\\\/www.jootjeshaakcadeautjes.nl\\\/de\\\/produkt\\\/silikonperlen-12-mm-rund-sichel-pfirsich-nackt\\\/#breadcrumb\"},\"inLanguage\":\"de\",\"potentialAction\":[{\"@type\":\"ReadAction\",\"target\":[\"https:\\\/\\\/www.jootjeshaakcadeautjes.nl\\\/de\\\/produkt\\\/silikonperlen-12-mm-rund-sichel-pfirsich-nackt\\\/\"]}]},{\"@type\":\"ImageObject\",\"inLanguage\":\"de\",\"@id\":\"https:\\\/\\\/www.jootjeshaakcadeautjes.nl\\\/de\\\/produkt\\\/silikonperlen-12-mm-rund-sichel-pfirsich-nackt\\\/#primaryimage\",\"url\":\"https:\\\/\\\/d1dyryakdmle7o.cloudfront.net\\\/wp-content\\\/uploads\\\/2020\\\/09\\\/20200901_212855.jpg\",\"contentUrl\":\"https:\\\/\\\/d1dyryakdmle7o.cloudfront.net\\\/wp-content\\\/uploads\\\/2020\\\/09\\\/20200901_212855.jpg\",\"width\":1391,\"height\":1391,\"caption\":\"Silikonperlen billig Holz mit Speckle Runde Gro\u00dfhandel bpa frei Schnuller Schnur Bei\u00dfring\"},{\"@type\":\"BreadcrumbList\",\"@id\":\"https:\\\/\\\/www.jootjeshaakcadeautjes.nl\\\/de\\\/produkt\\\/silikonperlen-12-mm-rund-sichel-pfirsich-nackt\\\/#breadcrumb\",\"itemListElement\":[{\"@type\":\"ListItem\",\"position\":1,\"name\":\"Startseite\",\"item\":\"https:\\\/\\\/www.jootjeshaakcadeautjes.nl\\\/de\\\/\"},{\"@type\":\"ListItem\",\"position\":2,\"name\":\"Gro\u00dfhandel mit Silikonperlen &#8211; Business und Consumer\",\"item\":\"https:\\\/\\\/www.jootjeshaakcadeautjes.nl\\\/de\\\/shop\\\/\"},{\"@type\":\"ListItem\",\"position\":3,\"name\":\"Silikonperlen 12 mm &#8211; Rund &#8211; Pfirsich Nude mit Sprenkeln\"}]},{\"@type\":\"WebSite\",\"@id\":\"https:\\\/\\\/www.jootjeshaakcadeautjes.nl\\\/de\\\/#website\",\"url\":\"https:\\\/\\\/www.jootjeshaakcadeautjes.nl\\\/de\\\/\",\"name\":\"Jootjes Haakcadeautjes\",\"description\":\"Silikonperlen Gro\u00dfhandel \",\"publisher\":{\"@id\":\"https:\\\/\\\/www.jootjeshaakcadeautjes.nl\\\/de\\\/#organization\"},\"potentialAction\":[{\"@type\":\"SearchAction\",\"target\":{\"@type\":\"EntryPoint\",\"urlTemplate\":\"https:\\\/\\\/www.jootjeshaakcadeautjes.nl\\\/de\\\/?s={search_term_string}\"},\"query-input\":{\"@type\":\"PropertyValueSpecification\",\"valueRequired\":true,\"valueName\":\"search_term_string\"}}],\"inLanguage\":\"de\"},{\"@type\":\"Organization\",\"@id\":\"https:\\\/\\\/www.jootjeshaakcadeautjes.nl\\\/de\\\/#organization\",\"name\":\"Jootjes Haakcadeautjes\",\"url\":\"https:\\\/\\\/www.jootjeshaakcadeautjes.nl\\\/de\\\/\",\"logo\":{\"@type\":\"ImageObject\",\"inLanguage\":\"de\",\"@id\":\"https:\\\/\\\/www.jootjeshaakcadeautjes.nl\\\/de\\\/#\\\/schema\\\/logo\\\/image\\\/\",\"url\":\"https:\\\/\\\/jootjes-haakcadeautjes-media.s3.amazonaws.com\\\/wp-content\\\/uploads\\\/2023\\\/05\\\/Logo-rond.png\",\"contentUrl\":\"https:\\\/\\\/jootjes-haakcadeautjes-media.s3.amazonaws.com\\\/wp-content\\\/uploads\\\/2023\\\/05\\\/Logo-rond.png\",\"width\":1222,\"height\":1222,\"caption\":\"Jootjes Haakcadeautjes\"},\"image\":{\"@id\":\"https:\\\/\\\/www.jootjeshaakcadeautjes.nl\\\/de\\\/#\\\/schema\\\/logo\\\/image\\\/\"}}]}<\/script>\n<meta property=\"product:price:amount\" content=\"0.22\" \/>\n<meta property=\"product:price:currency\" content=\"EUR\" \/>\n<meta property=\"og:availability\" content=\"out of stock\" \/>\n<meta property=\"product:availability\" content=\"out of stock\" \/>\n<meta property=\"product:retailer_item_id\" content=\"SKR-012-SPNU\" \/>\n<meta property=\"product:condition\" content=\"new\" \/>\n<!-- \/ Yoast SEO Premium plugin. -->","yoast_head_json":{"title":"Silikonperlen 12 mm - Rund - Pfirsich Nude mit Sprenkeln - | BPA-frei | kindersicher","description":"Silikonperlen rund in der Farbe Speckled peach nude 12 mm, 100% BPA-, blei-, gift-, phthalat- und PVC-frei und CE-gekennzeichnet.","robots":{"index":"index","follow":"follow","max-snippet":"max-snippet:-1","max-image-preview":"max-image-preview:large","max-video-preview":"max-video-preview:-1"},"canonical":"https:\/\/www.jootjeshaakcadeautjes.nl\/de\/produkt\/silikonperlen-12-mm-rund-sichel-pfirsich-nackt\/","og_locale":"de_DE","og_type":"article","og_title":"Silikonperlen 12 mm - Rund - Pfirsich Nude mit Sprenkeln","og_description":"Silikonperlen rund in der Farbe Speckled peach nude 12 mm, 100% BPA-, blei-, gift-, phthalat- und PVC-frei und CE-gekennzeichnet.","og_url":"https:\/\/www.jootjeshaakcadeautjes.nl\/de\/produkt\/silikonperlen-12-mm-rund-sichel-pfirsich-nackt\/","og_site_name":"Jootjes Haakcadeautjes","article_modified_time":"2025-03-11T02:16:00+00:00","og_image":[{"width":1391,"height":1391,"url":"https:\/\/www.jootjeshaakcadeautjes.nl\/wp-content\/uploads\/2020\/09\/20200901_212855.jpg","type":"image\/jpeg"}],"twitter_card":"summary_large_image","twitter_misc":{"Preis":"&euro;0.22 inkl. MwSt.","Verf\u00fcgbarkeit":"ausverkauft"},"schema":{"@context":"https:\/\/schema.org","@graph":[{"@type":"WebPage","@id":"https:\/\/www.jootjeshaakcadeautjes.nl\/de\/produkt\/silikonperlen-12-mm-rund-sichel-pfirsich-nackt\/","url":"https:\/\/www.jootjeshaakcadeautjes.nl\/de\/produkt\/silikonperlen-12-mm-rund-sichel-pfirsich-nackt\/","name":"Silikonperlen 12 mm - Rund - Pfirsich Nude mit Sprenkeln - | BPA-frei | kindersicher","isPartOf":{"@id":"https:\/\/www.jootjeshaakcadeautjes.nl\/de\/#website"},"primaryImageOfPage":{"@id":"https:\/\/www.jootjeshaakcadeautjes.nl\/de\/produkt\/silikonperlen-12-mm-rund-sichel-pfirsich-nackt\/#primaryimage"},"image":{"@id":"https:\/\/www.jootjeshaakcadeautjes.nl\/de\/produkt\/silikonperlen-12-mm-rund-sichel-pfirsich-nackt\/#primaryimage"},"thumbnailUrl":"https:\/\/d1dyryakdmle7o.cloudfront.net\/wp-content\/uploads\/2020\/09\/20200901_212855.jpg","datePublished":"2020-08-01T18:00:14+00:00","dateModified":"2025-03-11T02:16:00+00:00","description":"Silikonperlen rund in der Farbe Speckled peach nude 12 mm, 100% BPA-, blei-, gift-, phthalat- und PVC-frei und CE-gekennzeichnet.","breadcrumb":{"@id":"https:\/\/www.jootjeshaakcadeautjes.nl\/de\/produkt\/silikonperlen-12-mm-rund-sichel-pfirsich-nackt\/#breadcrumb"},"inLanguage":"de","potentialAction":[{"@type":"ReadAction","target":["https:\/\/www.jootjeshaakcadeautjes.nl\/de\/produkt\/silikonperlen-12-mm-rund-sichel-pfirsich-nackt\/"]}]},{"@type":"ImageObject","inLanguage":"de","@id":"https:\/\/www.jootjeshaakcadeautjes.nl\/de\/produkt\/silikonperlen-12-mm-rund-sichel-pfirsich-nackt\/#primaryimage","url":"https:\/\/d1dyryakdmle7o.cloudfront.net\/wp-content\/uploads\/2020\/09\/20200901_212855.jpg","contentUrl":"https:\/\/d1dyryakdmle7o.cloudfront.net\/wp-content\/uploads\/2020\/09\/20200901_212855.jpg","width":1391,"height":1391,"caption":"Silikonperlen billig Holz mit Speckle Runde Gro\u00dfhandel bpa frei Schnuller Schnur Bei\u00dfring"},{"@type":"BreadcrumbList","@id":"https:\/\/www.jootjeshaakcadeautjes.nl\/de\/produkt\/silikonperlen-12-mm-rund-sichel-pfirsich-nackt\/#breadcrumb","itemListElement":[{"@type":"ListItem","position":1,"name":"Startseite","item":"https:\/\/www.jootjeshaakcadeautjes.nl\/de\/"},{"@type":"ListItem","position":2,"name":"Gro\u00dfhandel mit Silikonperlen &#8211; Business und Consumer","item":"https:\/\/www.jootjeshaakcadeautjes.nl\/de\/shop\/"},{"@type":"ListItem","position":3,"name":"Silikonperlen 12 mm &#8211; Rund &#8211; Pfirsich Nude mit Sprenkeln"}]},{"@type":"WebSite","@id":"https:\/\/www.jootjeshaakcadeautjes.nl\/de\/#website","url":"https:\/\/www.jootjeshaakcadeautjes.nl\/de\/","name":"Jootjes Haakcadeautjes","description":"Silikonperlen Gro\u00dfhandel ","publisher":{"@id":"https:\/\/www.jootjeshaakcadeautjes.nl\/de\/#organization"},"potentialAction":[{"@type":"SearchAction","target":{"@type":"EntryPoint","urlTemplate":"https:\/\/www.jootjeshaakcadeautjes.nl\/de\/?s={search_term_string}"},"query-input":{"@type":"PropertyValueSpecification","valueRequired":true,"valueName":"search_term_string"}}],"inLanguage":"de"},{"@type":"Organization","@id":"https:\/\/www.jootjeshaakcadeautjes.nl\/de\/#organization","name":"Jootjes Haakcadeautjes","url":"https:\/\/www.jootjeshaakcadeautjes.nl\/de\/","logo":{"@type":"ImageObject","inLanguage":"de","@id":"https:\/\/www.jootjeshaakcadeautjes.nl\/de\/#\/schema\/logo\/image\/","url":"https:\/\/jootjes-haakcadeautjes-media.s3.amazonaws.com\/wp-content\/uploads\/2023\/05\/Logo-rond.png","contentUrl":"https:\/\/jootjes-haakcadeautjes-media.s3.amazonaws.com\/wp-content\/uploads\/2023\/05\/Logo-rond.png","width":1222,"height":1222,"caption":"Jootjes Haakcadeautjes"},"image":{"@id":"https:\/\/www.jootjeshaakcadeautjes.nl\/de\/#\/schema\/logo\/image\/"}}]},"product_price_amount":"0.22","product_price_currency":"EUR","og_availability":"out of stock","product_availability":"out of stock","product_retailer_item_id":"SKR-012-SPNU","product_condition":"new"},"_links":{"self":[{"href":"https:\/\/www.jootjeshaakcadeautjes.nl\/de\/wp-json\/wp\/v2\/product\/122946","targetHints":{"allow":["GET"]}}],"collection":[{"href":"https:\/\/www.jootjeshaakcadeautjes.nl\/de\/wp-json\/wp\/v2\/product"}],"about":[{"href":"https:\/\/www.jootjeshaakcadeautjes.nl\/de\/wp-json\/wp\/v2\/types\/product"}],"version-history":[{"count":0,"href":"https:\/\/www.jootjeshaakcadeautjes.nl\/de\/wp-json\/wp\/v2\/product\/122946\/revisions"}],"wp:featuredmedia":[{"embeddable":true,"href":"https:\/\/www.jootjeshaakcadeautjes.nl\/de\/wp-json\/wp\/v2\/media\/72265"}],"wp:attachment":[{"href":"https:\/\/www.jootjeshaakcadeautjes.nl\/de\/wp-json\/wp\/v2\/media?parent=122946"}],"wp:term":[{"taxonomy":"product_brand","embeddable":true,"href":"https:\/\/www.jootjeshaakcadeautjes.nl\/de\/wp-json\/wp\/v2\/product_brand?post=122946"},{"taxonomy":"product_cat","embeddable":true,"href":"https:\/\/www.jootjeshaakcadeautjes.nl\/de\/wp-json\/wp\/v2\/product_cat?post=122946"},{"taxonomy":"product_tag","embeddable":true,"href":"https:\/\/www.jootjeshaakcadeautjes.nl\/de\/wp-json\/wp\/v2\/product_tag?post=122946"}],"curies":[{"name":"wp","href":"https:\/\/api.w.org\/{rel}","templated":true}]}}