{"id":123053,"date":"2020-01-22T04:30:23","date_gmt":"2020-01-22T03:30:23","guid":{"rendered":"https:\/\/www.jootjeshaakcadeautjes.nl\/product\/holz-bissring-mond-spielschnur-aufhaenger-biss-figur\/"},"modified":"2026-03-07T09:39:15","modified_gmt":"2026-03-07T08:39:15","slug":"holz-bissring-mond-spielschnur-aufhaenger-biss-figur","status":"publish","type":"product","link":"https:\/\/www.jootjeshaakcadeautjes.nl\/de\/produkt\/holz-bissring-mond-spielschnur-aufhaenger-biss-figur\/","title":{"rendered":"Bei\u00dfring aus Holz &#8211; Mond &#8211; Anh\u00e4nger mit Spielfaden &#8211; Bei\u00dffigur &#8211; Buchenholz"},"content":{"rendered":"<h1><strong>Bei\u00dfring aus Holz &#8211; Mond &#8211; Lanyard-Anh\u00e4nger &#8211; Bei\u00dffigur<\/strong><\/h1>\n<p><span style=\"color: #000000;\">Der Holzanh\u00e4nger oder -ring in Form eines Mondes ist aus rohem (nicht lackiertem, gebeiztem oder ge\u00f6ltem) Holz gefertigt.  <\/span><span style=\"color: #000000;\">Gr\u00f6\u00dfe: mm. Der Durchmesser des Lochs betr\u00e4gt mm.<\/span><\/p>\n<p><span style=\"color: #000000;\">Die h\u00f6lzerne Bei\u00dffigur Variante Mond sind aus einem Naturprodukt hergestellt. Infolgedessen k\u00f6nnen sie manchmal minimale Anomalien aufweisen.  <\/span><span style=\"color: #000000;\">Wenn die Abweichung inakzeptabel ist, werden die Produkte recycelt und nicht verkauft. So k\u00f6nnen wir Ihnen stets hohe Qualit\u00e4t bieten  <\/span><span style=\"color: #000000;\">Holzring\/Holzpendel Garantie.<\/span><\/p>\n<p><span style=\"color: #000000;\">Die Holzapplikationen werden h\u00e4ufig f\u00fcr die Herstellung von Babyspielzeug aus Holz verwendet, wie z. B. Bei\u00dfringe, Rasseln, Stillketten, handgefertigte Schnullerhalter oder Kinderwagenschnallen.  <\/span><\/p>\n<div id=\"attachment_318\" class=\"wp-caption aligncenter\"><\/div>\n<p>&nbsp;<\/p>\n","protected":false},"excerpt":{"rendered":"<ul>\n<li>Hergestellt aus rohem Holz (nicht lackiert, gebeizt oder ge\u00f6lt)<\/li>\n<li>Holzring Variante: Mond<\/li>\n<li>Format: mm<\/li>\n<li>Bohrungsdurchmesser: mm<\/li>\n<\/ul>\n<p>Bestellen Sie jetzt coole Sonnenbrillen f\u00fcr Ihr handgefertigtes Bei\u00dfspielzeug!<\/p>\n<p>Weitere Informationen zur Verwendung finden Sie am Ende der Seite.<\/p>\n","protected":false},"featured_media":70725,"template":"","meta":[],"product_brand":[],"product_cat":[8071,8264,7380,8072,8070],"product_tag":[7984,7385,7562,7416,7196,7442,9066],"class_list":{"0":"post-123053","1":"product","2":"type-product","3":"status-publish","4":"has-post-thumbnail","6":"product_cat-beisringe-baby-silikon-und-holz","7":"product_cat-beisringe-aus-holz-buchenholz","8":"product_cat-herstellung-von-baby-beisspielzeug-materialien-fur-schnuller-und-beisringe","9":"product_cat-holzringe-fur-macrame-und-crochet","10":"product_cat-ringe-aus-holz","11":"product_tag-anhanger","12":"product_tag-beisring","13":"product_tag-bisswunde","14":"product_tag-gummischnur","15":"product_tag-holz","16":"product_tag-kinderwagenkette","17":"product_tag-mond","19":"first","20":"instock","21":"taxable","22":"shipping-taxable","23":"purchasable","24":"product-type-simple"},"bundled_by":[],"bundle_stock_status":"instock","bundle_stock_quantity":24,"bundle_virtual":false,"bundle_layout":"","bundle_add_to_cart_form_location":"","bundle_editable_in_cart":false,"bundle_sold_individually_context":"","bundle_item_grouping":"","bundle_min_size":"","bundle_max_size":"","bundle_price":[],"bundled_items":[],"bundle_sell_ids":[],"yoast_head":"<!-- This site is optimized with the Yoast SEO Premium plugin v27.6 (Yoast SEO v27.6) - https:\/\/yoast.com\/product\/yoast-seo-premium-wordpress\/ -->\n<title>Bei\u00dfring aus Holz - Mond - Babyspielzeug aus Holz h\u00e4keln<\/title>\n<meta name=\"description\" content=\"Zahnungsfigur Mond aus Holz f\u00fcr Ihr handgefertigtes Babyspielzeug. Zum Beispiel f\u00fcr einen Bei\u00dfring, eine Rassel oder einen Kinderwagenaufh\u00e4nger aus Holz.\" \/>\n<meta name=\"robots\" content=\"index, follow, max-snippet:-1, max-image-preview:large, max-video-preview:-1\" \/>\n<link rel=\"canonical\" href=\"https:\/\/www.jootjeshaakcadeautjes.nl\/de\/produkt\/holz-bissring-mond-spielschnur-aufhaenger-biss-figur\/\" \/>\n<meta property=\"og:locale\" content=\"de_DE\" \/>\n<meta property=\"og:type\" content=\"article\" \/>\n<meta property=\"og:title\" content=\"Bei\u00dfring aus Holz - Mond - Anh\u00e4nger mit Spielfaden - Bei\u00dffigur - Buchenholz\" \/>\n<meta property=\"og:description\" content=\"Zahnungsfigur Mond aus Holz f\u00fcr Ihr handgefertigtes Babyspielzeug. Zum Beispiel f\u00fcr einen Bei\u00dfring, eine Rassel oder einen Kinderwagenaufh\u00e4nger aus Holz.\" \/>\n<meta property=\"og:url\" content=\"https:\/\/www.jootjeshaakcadeautjes.nl\/de\/produkt\/holz-bissring-mond-spielschnur-aufhaenger-biss-figur\/\" \/>\n<meta property=\"og:site_name\" content=\"Jootjes Haakcadeautjes\" \/>\n<meta property=\"article:modified_time\" content=\"2026-03-07T08:39:15+00:00\" \/>\n<meta property=\"og:image\" content=\"https:\/\/www.jootjeshaakcadeautjes.nl\/wp-content\/uploads\/2020\/08\/Beukenhouten-bijtfiguur-maan.jpg\" \/>\n\t<meta property=\"og:image:width\" content=\"1077\" \/>\n\t<meta property=\"og:image:height\" content=\"1077\" \/>\n\t<meta property=\"og:image:type\" content=\"image\/jpeg\" \/>\n<meta name=\"twitter:card\" content=\"summary_large_image\" \/>\n<meta name=\"twitter:label1\" content=\"Preis\" \/>\n\t<meta name=\"twitter:data1\" content=\"&euro;2.00 inkl. MwSt.\" \/>\n\t<meta name=\"twitter:label2\" content=\"Verf\u00fcgbarkeit\" \/>\n\t<meta name=\"twitter:data2\" content=\"Auf Lager\" \/>\n<script type=\"application\/ld+json\" class=\"yoast-schema-graph\">{\"@context\":\"https:\\\/\\\/schema.org\",\"@graph\":[{\"@type\":\"WebPage\",\"@id\":\"https:\\\/\\\/www.jootjeshaakcadeautjes.nl\\\/de\\\/produkt\\\/holz-bissring-mond-spielschnur-aufhaenger-biss-figur\\\/\",\"url\":\"https:\\\/\\\/www.jootjeshaakcadeautjes.nl\\\/de\\\/produkt\\\/holz-bissring-mond-spielschnur-aufhaenger-biss-figur\\\/\",\"name\":\"Bei\u00dfring aus Holz - Mond - Babyspielzeug aus Holz h\u00e4keln\",\"isPartOf\":{\"@id\":\"https:\\\/\\\/www.jootjeshaakcadeautjes.nl\\\/de\\\/#website\"},\"primaryImageOfPage\":{\"@id\":\"https:\\\/\\\/www.jootjeshaakcadeautjes.nl\\\/de\\\/produkt\\\/holz-bissring-mond-spielschnur-aufhaenger-biss-figur\\\/#primaryimage\"},\"image\":{\"@id\":\"https:\\\/\\\/www.jootjeshaakcadeautjes.nl\\\/de\\\/produkt\\\/holz-bissring-mond-spielschnur-aufhaenger-biss-figur\\\/#primaryimage\"},\"thumbnailUrl\":\"https:\\\/\\\/d1dyryakdmle7o.cloudfront.net\\\/wp-content\\\/uploads\\\/2020\\\/08\\\/Beukenhouten-bijtfiguur-maan.jpg\",\"datePublished\":\"2020-01-22T03:30:23+00:00\",\"dateModified\":\"2026-03-07T08:39:15+00:00\",\"description\":\"Zahnungsfigur Mond aus Holz f\u00fcr Ihr handgefertigtes Babyspielzeug. Zum Beispiel f\u00fcr einen Bei\u00dfring, eine Rassel oder einen Kinderwagenaufh\u00e4nger aus Holz.\",\"breadcrumb\":{\"@id\":\"https:\\\/\\\/www.jootjeshaakcadeautjes.nl\\\/de\\\/produkt\\\/holz-bissring-mond-spielschnur-aufhaenger-biss-figur\\\/#breadcrumb\"},\"inLanguage\":\"de\",\"potentialAction\":[{\"@type\":\"ReadAction\",\"target\":[\"https:\\\/\\\/www.jootjeshaakcadeautjes.nl\\\/de\\\/produkt\\\/holz-bissring-mond-spielschnur-aufhaenger-biss-figur\\\/\"]}]},{\"@type\":\"ImageObject\",\"inLanguage\":\"de\",\"@id\":\"https:\\\/\\\/www.jootjeshaakcadeautjes.nl\\\/de\\\/produkt\\\/holz-bissring-mond-spielschnur-aufhaenger-biss-figur\\\/#primaryimage\",\"url\":\"https:\\\/\\\/d1dyryakdmle7o.cloudfront.net\\\/wp-content\\\/uploads\\\/2020\\\/08\\\/Beukenhouten-bijtfiguur-maan.jpg\",\"contentUrl\":\"https:\\\/\\\/d1dyryakdmle7o.cloudfront.net\\\/wp-content\\\/uploads\\\/2020\\\/08\\\/Beukenhouten-bijtfiguur-maan.jpg\",\"width\":1077,\"height\":1077,\"caption\":\"Bei\u00dffigur Mond aus Buchenholz\"},{\"@type\":\"BreadcrumbList\",\"@id\":\"https:\\\/\\\/www.jootjeshaakcadeautjes.nl\\\/de\\\/produkt\\\/holz-bissring-mond-spielschnur-aufhaenger-biss-figur\\\/#breadcrumb\",\"itemListElement\":[{\"@type\":\"ListItem\",\"position\":1,\"name\":\"Startseite\",\"item\":\"https:\\\/\\\/www.jootjeshaakcadeautjes.nl\\\/de\\\/\"},{\"@type\":\"ListItem\",\"position\":2,\"name\":\"Gro\u00dfhandel mit Silikonperlen &#8211; Business und Consumer\",\"item\":\"https:\\\/\\\/www.jootjeshaakcadeautjes.nl\\\/de\\\/shop\\\/\"},{\"@type\":\"ListItem\",\"position\":3,\"name\":\"Bei\u00dfring aus Holz &#8211; Mond &#8211; Anh\u00e4nger mit Spielfaden &#8211; Bei\u00dffigur &#8211; Buchenholz\"}]},{\"@type\":\"WebSite\",\"@id\":\"https:\\\/\\\/www.jootjeshaakcadeautjes.nl\\\/de\\\/#website\",\"url\":\"https:\\\/\\\/www.jootjeshaakcadeautjes.nl\\\/de\\\/\",\"name\":\"Jootjes Haakcadeautjes\",\"description\":\"Silikonperlen Gro\u00dfhandel \",\"publisher\":{\"@id\":\"https:\\\/\\\/www.jootjeshaakcadeautjes.nl\\\/de\\\/#organization\"},\"potentialAction\":[{\"@type\":\"SearchAction\",\"target\":{\"@type\":\"EntryPoint\",\"urlTemplate\":\"https:\\\/\\\/www.jootjeshaakcadeautjes.nl\\\/de\\\/?s={search_term_string}\"},\"query-input\":{\"@type\":\"PropertyValueSpecification\",\"valueRequired\":true,\"valueName\":\"search_term_string\"}}],\"inLanguage\":\"de\"},{\"@type\":\"Organization\",\"@id\":\"https:\\\/\\\/www.jootjeshaakcadeautjes.nl\\\/de\\\/#organization\",\"name\":\"Jootjes Haakcadeautjes\",\"url\":\"https:\\\/\\\/www.jootjeshaakcadeautjes.nl\\\/de\\\/\",\"logo\":{\"@type\":\"ImageObject\",\"inLanguage\":\"de\",\"@id\":\"https:\\\/\\\/www.jootjeshaakcadeautjes.nl\\\/de\\\/#\\\/schema\\\/logo\\\/image\\\/\",\"url\":\"https:\\\/\\\/d1dyryakdmle7o.cloudfront.net\\\/wp-content\\\/uploads\\\/2023\\\/05\\\/Logo-rond.png\",\"contentUrl\":\"https:\\\/\\\/d1dyryakdmle7o.cloudfront.net\\\/wp-content\\\/uploads\\\/2023\\\/05\\\/Logo-rond.png\",\"width\":1222,\"height\":1222,\"caption\":\"Jootjes Haakcadeautjes\"},\"image\":{\"@id\":\"https:\\\/\\\/www.jootjeshaakcadeautjes.nl\\\/de\\\/#\\\/schema\\\/logo\\\/image\\\/\"}}]}<\/script>\n<meta property=\"product:price:amount\" content=\"2.00\" \/>\n<meta property=\"product:price:currency\" content=\"EUR\" \/>\n<meta property=\"og:availability\" content=\"instock\" \/>\n<meta property=\"product:availability\" content=\"instock\" \/>\n<meta property=\"product:retailer_item_id\" content=\"HOU-BTF-MAA\" \/>\n<meta property=\"product:condition\" content=\"new\" \/>\n<!-- \/ Yoast SEO Premium plugin. -->","yoast_head_json":{"title":"Bei\u00dfring aus Holz - Mond - Babyspielzeug aus Holz h\u00e4keln","description":"Zahnungsfigur Mond aus Holz f\u00fcr Ihr handgefertigtes Babyspielzeug. Zum Beispiel f\u00fcr einen Bei\u00dfring, eine Rassel oder einen Kinderwagenaufh\u00e4nger aus Holz.","robots":{"index":"index","follow":"follow","max-snippet":"max-snippet:-1","max-image-preview":"max-image-preview:large","max-video-preview":"max-video-preview:-1"},"canonical":"https:\/\/www.jootjeshaakcadeautjes.nl\/de\/produkt\/holz-bissring-mond-spielschnur-aufhaenger-biss-figur\/","og_locale":"de_DE","og_type":"article","og_title":"Bei\u00dfring aus Holz - Mond - Anh\u00e4nger mit Spielfaden - Bei\u00dffigur - Buchenholz","og_description":"Zahnungsfigur Mond aus Holz f\u00fcr Ihr handgefertigtes Babyspielzeug. Zum Beispiel f\u00fcr einen Bei\u00dfring, eine Rassel oder einen Kinderwagenaufh\u00e4nger aus Holz.","og_url":"https:\/\/www.jootjeshaakcadeautjes.nl\/de\/produkt\/holz-bissring-mond-spielschnur-aufhaenger-biss-figur\/","og_site_name":"Jootjes Haakcadeautjes","article_modified_time":"2026-03-07T08:39:15+00:00","og_image":[{"width":1077,"height":1077,"url":"https:\/\/www.jootjeshaakcadeautjes.nl\/wp-content\/uploads\/2020\/08\/Beukenhouten-bijtfiguur-maan.jpg","type":"image\/jpeg"}],"twitter_card":"summary_large_image","twitter_misc":{"Preis":"&euro;2.00 inkl. MwSt.","Verf\u00fcgbarkeit":"Auf Lager"},"schema":{"@context":"https:\/\/schema.org","@graph":[{"@type":"WebPage","@id":"https:\/\/www.jootjeshaakcadeautjes.nl\/de\/produkt\/holz-bissring-mond-spielschnur-aufhaenger-biss-figur\/","url":"https:\/\/www.jootjeshaakcadeautjes.nl\/de\/produkt\/holz-bissring-mond-spielschnur-aufhaenger-biss-figur\/","name":"Bei\u00dfring aus Holz - Mond - Babyspielzeug aus Holz h\u00e4keln","isPartOf":{"@id":"https:\/\/www.jootjeshaakcadeautjes.nl\/de\/#website"},"primaryImageOfPage":{"@id":"https:\/\/www.jootjeshaakcadeautjes.nl\/de\/produkt\/holz-bissring-mond-spielschnur-aufhaenger-biss-figur\/#primaryimage"},"image":{"@id":"https:\/\/www.jootjeshaakcadeautjes.nl\/de\/produkt\/holz-bissring-mond-spielschnur-aufhaenger-biss-figur\/#primaryimage"},"thumbnailUrl":"https:\/\/d1dyryakdmle7o.cloudfront.net\/wp-content\/uploads\/2020\/08\/Beukenhouten-bijtfiguur-maan.jpg","datePublished":"2020-01-22T03:30:23+00:00","dateModified":"2026-03-07T08:39:15+00:00","description":"Zahnungsfigur Mond aus Holz f\u00fcr Ihr handgefertigtes Babyspielzeug. Zum Beispiel f\u00fcr einen Bei\u00dfring, eine Rassel oder einen Kinderwagenaufh\u00e4nger aus Holz.","breadcrumb":{"@id":"https:\/\/www.jootjeshaakcadeautjes.nl\/de\/produkt\/holz-bissring-mond-spielschnur-aufhaenger-biss-figur\/#breadcrumb"},"inLanguage":"de","potentialAction":[{"@type":"ReadAction","target":["https:\/\/www.jootjeshaakcadeautjes.nl\/de\/produkt\/holz-bissring-mond-spielschnur-aufhaenger-biss-figur\/"]}]},{"@type":"ImageObject","inLanguage":"de","@id":"https:\/\/www.jootjeshaakcadeautjes.nl\/de\/produkt\/holz-bissring-mond-spielschnur-aufhaenger-biss-figur\/#primaryimage","url":"https:\/\/d1dyryakdmle7o.cloudfront.net\/wp-content\/uploads\/2020\/08\/Beukenhouten-bijtfiguur-maan.jpg","contentUrl":"https:\/\/d1dyryakdmle7o.cloudfront.net\/wp-content\/uploads\/2020\/08\/Beukenhouten-bijtfiguur-maan.jpg","width":1077,"height":1077,"caption":"Bei\u00dffigur Mond aus Buchenholz"},{"@type":"BreadcrumbList","@id":"https:\/\/www.jootjeshaakcadeautjes.nl\/de\/produkt\/holz-bissring-mond-spielschnur-aufhaenger-biss-figur\/#breadcrumb","itemListElement":[{"@type":"ListItem","position":1,"name":"Startseite","item":"https:\/\/www.jootjeshaakcadeautjes.nl\/de\/"},{"@type":"ListItem","position":2,"name":"Gro\u00dfhandel mit Silikonperlen &#8211; Business und Consumer","item":"https:\/\/www.jootjeshaakcadeautjes.nl\/de\/shop\/"},{"@type":"ListItem","position":3,"name":"Bei\u00dfring aus Holz &#8211; Mond &#8211; Anh\u00e4nger mit Spielfaden &#8211; Bei\u00dffigur &#8211; Buchenholz"}]},{"@type":"WebSite","@id":"https:\/\/www.jootjeshaakcadeautjes.nl\/de\/#website","url":"https:\/\/www.jootjeshaakcadeautjes.nl\/de\/","name":"Jootjes Haakcadeautjes","description":"Silikonperlen Gro\u00dfhandel ","publisher":{"@id":"https:\/\/www.jootjeshaakcadeautjes.nl\/de\/#organization"},"potentialAction":[{"@type":"SearchAction","target":{"@type":"EntryPoint","urlTemplate":"https:\/\/www.jootjeshaakcadeautjes.nl\/de\/?s={search_term_string}"},"query-input":{"@type":"PropertyValueSpecification","valueRequired":true,"valueName":"search_term_string"}}],"inLanguage":"de"},{"@type":"Organization","@id":"https:\/\/www.jootjeshaakcadeautjes.nl\/de\/#organization","name":"Jootjes Haakcadeautjes","url":"https:\/\/www.jootjeshaakcadeautjes.nl\/de\/","logo":{"@type":"ImageObject","inLanguage":"de","@id":"https:\/\/www.jootjeshaakcadeautjes.nl\/de\/#\/schema\/logo\/image\/","url":"https:\/\/d1dyryakdmle7o.cloudfront.net\/wp-content\/uploads\/2023\/05\/Logo-rond.png","contentUrl":"https:\/\/d1dyryakdmle7o.cloudfront.net\/wp-content\/uploads\/2023\/05\/Logo-rond.png","width":1222,"height":1222,"caption":"Jootjes Haakcadeautjes"},"image":{"@id":"https:\/\/www.jootjeshaakcadeautjes.nl\/de\/#\/schema\/logo\/image\/"}}]},"product_price_amount":"2.00","product_price_currency":"EUR","og_availability":"instock","product_availability":"instock","product_retailer_item_id":"HOU-BTF-MAA","product_condition":"new"},"_links":{"self":[{"href":"https:\/\/www.jootjeshaakcadeautjes.nl\/de\/wp-json\/wp\/v2\/product\/123053","targetHints":{"allow":["GET"]}}],"collection":[{"href":"https:\/\/www.jootjeshaakcadeautjes.nl\/de\/wp-json\/wp\/v2\/product"}],"about":[{"href":"https:\/\/www.jootjeshaakcadeautjes.nl\/de\/wp-json\/wp\/v2\/types\/product"}],"version-history":[{"count":0,"href":"https:\/\/www.jootjeshaakcadeautjes.nl\/de\/wp-json\/wp\/v2\/product\/123053\/revisions"}],"wp:featuredmedia":[{"embeddable":true,"href":"https:\/\/www.jootjeshaakcadeautjes.nl\/de\/wp-json\/wp\/v2\/media\/70725"}],"wp:attachment":[{"href":"https:\/\/www.jootjeshaakcadeautjes.nl\/de\/wp-json\/wp\/v2\/media?parent=123053"}],"wp:term":[{"taxonomy":"product_brand","embeddable":true,"href":"https:\/\/www.jootjeshaakcadeautjes.nl\/de\/wp-json\/wp\/v2\/product_brand?post=123053"},{"taxonomy":"product_cat","embeddable":true,"href":"https:\/\/www.jootjeshaakcadeautjes.nl\/de\/wp-json\/wp\/v2\/product_cat?post=123053"},{"taxonomy":"product_tag","embeddable":true,"href":"https:\/\/www.jootjeshaakcadeautjes.nl\/de\/wp-json\/wp\/v2\/product_tag?post=123053"}],"curies":[{"name":"wp","href":"https:\/\/api.w.org\/{rel}","templated":true}]}}