{"id":123059,"date":"2020-01-23T18:32:29","date_gmt":"2020-01-23T16:32:29","guid":{"rendered":"https:\/\/www.jootjeshaakcadeautjes.nl\/product\/holz-ringe-5-5-cm-beissring\/"},"modified":"2026-03-07T09:39:14","modified_gmt":"2026-03-07T08:39:14","slug":"holz-ringe-5-5-cm-beissring","status":"publish","type":"product","link":"https:\/\/www.jootjeshaakcadeautjes.nl\/de\/produkt\/holz-ringe-5-5-cm-beissring\/","title":{"rendered":"Holz Ringe &#8211; 5.5 cm &#8211; Ahorn"},"content":{"rendered":"<h2><span style=\"color: #800080;\"><strong>Holzringe 5,5 cm &#8211; <span style=\"color: #000000;\">Ahornholz<\/span><\/strong><\/span><\/h2>\n<p><span style=\"color: #000000;\">Hergestellt aus rohem (nicht lackiertem, gebeiztem oder ge\u00f6ltem) Ahornholz. Der Au\u00dfenumfang des Holzrings betr\u00e4gt 55 mm.<\/span><\/p>\n<p><span style=\"color: #000000;\">Die 5,5 cm \/55 mm Holzringe sind aus einem Naturprodukt gefertigt und k\u00f6nnen daher noch minimale Abweichungen aufweisen. Sobald wir eine \u00fcberm\u00e4\u00dfige Abweichung feststellen, wird das Produkt nicht verkauft, sondern entsorgt\/recycelt. So k\u00f6nnen wir stets eine hohe Qualit\u00e4t unserer Produkte garantieren.<\/span><\/p>\n<p><span style=\"color: #000000;\">Bei diesen Produkten ist es sehr wichtig, aufmerksam zu sein. Produkte aus Ahornholz werden nicht routinem\u00e4\u00dfig f\u00fcr (Baby-\/Kinder-)Spielzeug verwendet. <span style=\"text-decoration: underline;\">Wir empfehlen Buchenholz, da es noch h\u00e4rter ist<\/span>. Weisen Sie daher Eltern\/Gro\u00dfeltern\/Kunden an, die Produkte sorgf\u00e4ltig auf Abnutzung zu pr\u00fcfen und sie nur in Begleitung eines Erwachsenen zu benutzen.<\/span><\/p>\n<h3><span style=\"color: #800080;\"><strong>Aber welcher Holzring (in welcher Gr\u00f6\u00dfe) ist am besten f\u00fcr Ihr Projekt geeignet?<\/strong><\/span><\/h3>\n<p><span style=\"color: #000000;\">Die 5,5 cm langen Holzringe eignen sich besonders gut f\u00fcr die Herstellung von <strong>Bei\u00dfringen<\/strong> oder <strong>Stillketten<\/strong> aus <strong>Perlen<\/strong> <strong>.<\/strong><\/span><\/p>\n<p><span style=\"color: #000000;\">Je nach gew\u00fcnschter Gr\u00f6\u00dfe k\u00f6nnen Sie daf\u00fcr eine andere Kombination von Perlen und Ringen verwenden. Wenn Sie z. B. die 16- und 20-mm-Perlen verwenden, w\u00fcrde ich die <a style=\"color: #000000;\" href=\"https:\/\/www.jootjeshaakcadeautjes.nl\/product\/houten-ringen-4-5-cm\/\">4,5-cm-Ringe<\/a> nehmen. Sie wollen eine Nummer gr\u00f6\u00dfer? Dann \u00fcberlegen Sie, ob Sie die 20-mm-Perlen mit den 25- oder 30-mm-Perlen und dem 5,5-cm-Ring kombinieren.<\/span><\/p>\n<h3><span style=\"color: #800080;\"><strong>Ein kleiner Bei\u00dfring aus Holz mit Perlen (siehe Beispiel unten) besteht aus:<\/strong><\/span><\/h3>\n<ul>\n<li><span style=\"color: #000000;\">2x ein <a style=\"color: #000000;\" href=\"https:\/\/www.jootjeshaakcadeautjes.nl\/product\/houten-ringen-4-5-cm\/\">4,5 cm langer Holzring<\/a><\/span><\/li>\n<li><span style=\"color: #000000;\">6x eine 16 mm Holzperle<\/span><\/li>\n<li><span style=\"color: #000000;\">6x a 20 (geh\u00e4kelte) Holzperle<\/span><\/li>\n<\/ul>\n<h3><span style=\"color: #800080;\"><strong>Ein gr\u00f6\u00dferer Holzbei\u00dfring ist dann auch mit m\u00f6glich:<\/strong><\/span><\/h3>\n<ul>\n<li><span style=\"color: #000000;\">2x ein 5,5 cm langer Holzring<\/span><\/li>\n<li><span style=\"color: #000000;\">6x eine 20\/25 mm Holzperle<\/span><\/li>\n<li><span style=\"color: #000000;\">6x eine 25\/30 mm (geh\u00e4kelte) Holzperle<\/span><\/li>\n<\/ul>\n<p><span style=\"color: #000000;\">Wie bereits erw\u00e4hnt, k\u00f6nnen Sie je nach gew\u00fcnschter Gr\u00f6\u00dfe zwischen den kleineren oder den gr\u00f6\u00dferen Materialvarianten w\u00e4hlen. Beide Formate sind f\u00fcr ein Baby oder Kleinkind leicht zu handhaben.<\/span><\/p>\n<p><span style=\"color: #000000;\">Der <a style=\"color: #000000;\" href=\"https:\/\/www.jootjeshaakcadeautjes.nl\/product\/houten-ringen-7-cm\/\">7 cm lange Holzring<\/a> eignet sich besonders f\u00fcr die Herstellung eines <strong>geh\u00e4kelten Bei\u00dfringes<\/strong> (siehe Beispiel unten). Der <a style=\"color: #000000;\" href=\"https:\/\/www.jootjeshaakcadeautjes.nl\/product\/houten-ringen-4-5-cm\/\">4,5 cm lange<\/a> Holzring ist daf\u00fcr wirklich zu klein.<\/span><br \/>\n<span style=\"color: #000000;\">  Unten sehen Sie ein Beispiel f\u00fcr einen geh\u00e4kelten Bei\u00dfring mit 5,5 cm langen Holzringen. Weitere Informationen hierzu finden Sie auf der Seite <a style=\"color: #000000;\" href=\"https:\/\/www.jootjeshaakcadeautjes.nl\/product\/houten-ringen-7-cm\/\">7cm Holzring<\/a>.<\/span><\/p>\n<div id=\"attachment_318\" style=\"width: 310px\" class=\"wp-caption aligncenter\"><a href=\"https:\/\/www.jootjeshaakcadeautjes.nl\/product\/houten-ringen-5-5-cm\/\" rel=\"attachment wp-att-318\"><img decoding=\"async\" aria-describedby=\"caption-attachment-318\" class=\"wp-image-318 size-medium\" src=\"https:\/\/www.jootjeshaakcadeautjes.nl\/wp-content\/themes\/woodmart\/images\/lazy.svg\" data-src=\"https:\/\/d1dyryakdmle7o.cloudfront.net\/wp-content\/uploads\/2016\/03\/wooden-font-b-teething-b-font-font-b-ring-b-font-Crochet-beads-rattle-Amigurumi-Baby-300x300.jpg\" alt=\"Holzringe 5,5 cm\" width=\"300\" height=\"300\"><\/a><p id=\"caption-attachment-318\" class=\"wp-caption-text\"><span style=\"color: #000000;\">Kleiner Bei\u00dfring aus Holz; hergestellt mit 16 mm und 20 mm Perlen (geh\u00e4kelt) und 4,5 cm langen Holzringen.<\/span><\/p><\/div>\n<div id=\"attachment_375\" style=\"width: 310px\" class=\"wp-caption aligncenter\"><a href=\"https:\/\/www.jootjeshaakcadeautjes.nl\/product\/houten-ringen-7-cm\/\" rel=\"attachment wp-att-375\"><img decoding=\"async\" aria-describedby=\"caption-attachment-375\" class=\"wp-image-375 size-medium\" src=\"https:\/\/www.jootjeshaakcadeautjes.nl\/wp-content\/themes\/woodmart\/images\/lazy.svg\" data-src=\"https:\/\/d1dyryakdmle7o.cloudfront.net\/wp-content\/uploads\/2016\/03\/sindibaba-12159-squirrel-rattle-on-wooden-grasp-ring-rose-crochet-grasp-toy-339-600x600-300x300.jpg\" alt=\"Geh\u00e4kelter Bei\u00dfring\" width=\"300\" height=\"300\"><\/a><p id=\"caption-attachment-375\" class=\"wp-caption-text\"><span style=\"color: #000000;\">Geh\u00e4kelter Bei\u00dfring um Holzring 7 cm<\/span><\/p><\/div>\n<p><span style=\"color: #000000;\">Nat\u00fcrlich sind dies nur Beispiele. Was Sie tats\u00e4chlich machen, bleibt Ihrer eigenen Inspiration und Phantasie \u00fcberlassen. Viel Spa\u00df!<\/span><\/p>\n<p>&nbsp;<\/p>\n","protected":false},"excerpt":{"rendered":"<p>Hergestellt aus glattem, rohem Ahornholz f\u00fcr Bei\u00dfringe.<br \/>\nUnbemalter Holzring, kinderfreundlich.<br \/>\n55 mm\/5,5 cm Au\u00dfenumfang.<\/p>\n<p>Weitere Informationen \u00fcber die Verwendung dieser Holzringe finden Sie am Ende der Seite.<\/p>\n","protected":false},"featured_media":67386,"template":"","meta":[],"product_brand":[],"product_cat":[8071,7380,8072,8070],"product_tag":[8834,9818,9819,9817,9816,8268,9743,9812,7196,8046,9467,8078,8081],"class_list":{"0":"post-123059","1":"product","2":"type-product","3":"status-publish","4":"has-post-thumbnail","6":"product_cat-beisringe-baby-silikon-und-holz","7":"product_cat-herstellung-von-baby-beisspielzeug-materialien-fur-schnuller-und-beisringe","8":"product_cat-holzringe-fur-macrame-und-crochet","9":"product_cat-ringe-aus-holz","10":"product_tag-5-de","11":"product_tag-5-6-de","12":"product_tag-55-mm-de","13":"product_tag-56-mm-de","14":"product_tag-56mm-de","15":"product_tag-hakchen","16":"product_tag-hakeln-de-4","17":"product_tag-hausgemachte","18":"product_tag-holz","19":"product_tag-holz-de","20":"product_tag-makramee","21":"product_tag-ring-de","22":"product_tag-ringe","24":"first","25":"instock","26":"taxable","27":"shipping-taxable","28":"purchasable","29":"product-type-simple"},"bundled_by":[],"bundle_stock_status":"instock","bundle_stock_quantity":300,"bundle_virtual":false,"bundle_layout":"","bundle_add_to_cart_form_location":"","bundle_editable_in_cart":false,"bundle_sold_individually_context":"","bundle_item_grouping":"","bundle_min_size":"","bundle_max_size":"","bundle_price":[],"bundled_items":[],"bundle_sell_ids":[],"yoast_head":"<!-- This site is optimized with the Yoast SEO Premium plugin v27.6 (Yoast SEO v27.6) - https:\/\/yoast.com\/product\/yoast-seo-premium-wordpress\/ -->\n<title>Holzringe 5,5 cm \/ Bei\u00dfring - Jootjes H\u00e4kelgeschenke - Babysicher<\/title>\n<meta name=\"description\" content=\"Ringe aus Holz 5,5 cm. Ahornholz Ringe von 5,5 cm perfekt f\u00fcr Holz Bei\u00dfring oder Rassel mit Hasenohren. Gro\u00dfhandel.\" \/>\n<meta name=\"robots\" content=\"index, follow, max-snippet:-1, max-image-preview:large, max-video-preview:-1\" \/>\n<link rel=\"canonical\" href=\"https:\/\/www.jootjeshaakcadeautjes.nl\/de\/produkt\/holz-ringe-5-5-cm-beissring\/\" \/>\n<meta property=\"og:locale\" content=\"de_DE\" \/>\n<meta property=\"og:type\" content=\"article\" \/>\n<meta property=\"og:title\" content=\"Holz Ringe - 5.5 cm - Ahorn\" \/>\n<meta property=\"og:description\" content=\"Ringe aus Holz 5,5 cm. Ahornholz Ringe von 5,5 cm perfekt f\u00fcr Holz Bei\u00dfring oder Rassel mit Hasenohren. Gro\u00dfhandel.\" \/>\n<meta property=\"og:url\" content=\"https:\/\/www.jootjeshaakcadeautjes.nl\/de\/produkt\/holz-ringe-5-5-cm-beissring\/\" \/>\n<meta property=\"og:site_name\" content=\"Jootjes Haakcadeautjes\" \/>\n<meta property=\"article:modified_time\" content=\"2026-03-07T08:39:14+00:00\" \/>\n<meta property=\"og:image\" content=\"https:\/\/www.jootjeshaakcadeautjes.nl\/wp-content\/uploads\/2016\/03\/Houten-ring-55-cm-1.jpg\" \/>\n\t<meta property=\"og:image:width\" content=\"1045\" \/>\n\t<meta property=\"og:image:height\" content=\"1045\" \/>\n\t<meta property=\"og:image:type\" content=\"image\/jpeg\" \/>\n<meta name=\"twitter:card\" content=\"summary_large_image\" \/>\n<meta name=\"twitter:label1\" content=\"Preis\" \/>\n\t<meta name=\"twitter:data1\" content=\"&euro;0.58 inkl. MwSt.\" \/>\n\t<meta name=\"twitter:label2\" content=\"Verf\u00fcgbarkeit\" \/>\n\t<meta name=\"twitter:data2\" content=\"Auf Lager\" \/>\n<script type=\"application\/ld+json\" class=\"yoast-schema-graph\">{\"@context\":\"https:\\\/\\\/schema.org\",\"@graph\":[{\"@type\":\"WebPage\",\"@id\":\"https:\\\/\\\/www.jootjeshaakcadeautjes.nl\\\/de\\\/produkt\\\/holz-ringe-5-5-cm-beissring\\\/\",\"url\":\"https:\\\/\\\/www.jootjeshaakcadeautjes.nl\\\/de\\\/produkt\\\/holz-ringe-5-5-cm-beissring\\\/\",\"name\":\"Holzringe 5,5 cm \\\/ Bei\u00dfring - Jootjes H\u00e4kelgeschenke - Babysicher\",\"isPartOf\":{\"@id\":\"https:\\\/\\\/www.jootjeshaakcadeautjes.nl\\\/de\\\/#website\"},\"primaryImageOfPage\":{\"@id\":\"https:\\\/\\\/www.jootjeshaakcadeautjes.nl\\\/de\\\/produkt\\\/holz-ringe-5-5-cm-beissring\\\/#primaryimage\"},\"image\":{\"@id\":\"https:\\\/\\\/www.jootjeshaakcadeautjes.nl\\\/de\\\/produkt\\\/holz-ringe-5-5-cm-beissring\\\/#primaryimage\"},\"thumbnailUrl\":\"https:\\\/\\\/d1dyryakdmle7o.cloudfront.net\\\/wp-content\\\/uploads\\\/2016\\\/03\\\/Houten-ring-55-cm-1.jpg\",\"datePublished\":\"2020-01-23T16:32:29+00:00\",\"dateModified\":\"2026-03-07T08:39:14+00:00\",\"description\":\"Ringe aus Holz 5,5 cm. Ahornholz Ringe von 5,5 cm perfekt f\u00fcr Holz Bei\u00dfring oder Rassel mit Hasenohren. Gro\u00dfhandel.\",\"breadcrumb\":{\"@id\":\"https:\\\/\\\/www.jootjeshaakcadeautjes.nl\\\/de\\\/produkt\\\/holz-ringe-5-5-cm-beissring\\\/#breadcrumb\"},\"inLanguage\":\"de\",\"potentialAction\":[{\"@type\":\"ReadAction\",\"target\":[\"https:\\\/\\\/www.jootjeshaakcadeautjes.nl\\\/de\\\/produkt\\\/holz-ringe-5-5-cm-beissring\\\/\"]}]},{\"@type\":\"ImageObject\",\"inLanguage\":\"de\",\"@id\":\"https:\\\/\\\/www.jootjeshaakcadeautjes.nl\\\/de\\\/produkt\\\/holz-ringe-5-5-cm-beissring\\\/#primaryimage\",\"url\":\"https:\\\/\\\/d1dyryakdmle7o.cloudfront.net\\\/wp-content\\\/uploads\\\/2016\\\/03\\\/Houten-ring-55-cm-1.jpg\",\"contentUrl\":\"https:\\\/\\\/d1dyryakdmle7o.cloudfront.net\\\/wp-content\\\/uploads\\\/2016\\\/03\\\/Houten-ring-55-cm-1.jpg\",\"width\":1045,\"height\":1045,\"caption\":\"Holzring 5,5 cm\"},{\"@type\":\"BreadcrumbList\",\"@id\":\"https:\\\/\\\/www.jootjeshaakcadeautjes.nl\\\/de\\\/produkt\\\/holz-ringe-5-5-cm-beissring\\\/#breadcrumb\",\"itemListElement\":[{\"@type\":\"ListItem\",\"position\":1,\"name\":\"Startseite\",\"item\":\"https:\\\/\\\/www.jootjeshaakcadeautjes.nl\\\/de\\\/\"},{\"@type\":\"ListItem\",\"position\":2,\"name\":\"Gro\u00dfhandel mit Silikonperlen &#8211; Business und Consumer\",\"item\":\"https:\\\/\\\/www.jootjeshaakcadeautjes.nl\\\/de\\\/shop\\\/\"},{\"@type\":\"ListItem\",\"position\":3,\"name\":\"Holz Ringe &#8211; 5.5 cm &#8211; Ahorn\"}]},{\"@type\":\"WebSite\",\"@id\":\"https:\\\/\\\/www.jootjeshaakcadeautjes.nl\\\/de\\\/#website\",\"url\":\"https:\\\/\\\/www.jootjeshaakcadeautjes.nl\\\/de\\\/\",\"name\":\"Jootjes Haakcadeautjes\",\"description\":\"Silikonperlen Gro\u00dfhandel \",\"publisher\":{\"@id\":\"https:\\\/\\\/www.jootjeshaakcadeautjes.nl\\\/de\\\/#organization\"},\"potentialAction\":[{\"@type\":\"SearchAction\",\"target\":{\"@type\":\"EntryPoint\",\"urlTemplate\":\"https:\\\/\\\/www.jootjeshaakcadeautjes.nl\\\/de\\\/?s={search_term_string}\"},\"query-input\":{\"@type\":\"PropertyValueSpecification\",\"valueRequired\":true,\"valueName\":\"search_term_string\"}}],\"inLanguage\":\"de\"},{\"@type\":\"Organization\",\"@id\":\"https:\\\/\\\/www.jootjeshaakcadeautjes.nl\\\/de\\\/#organization\",\"name\":\"Jootjes Haakcadeautjes\",\"url\":\"https:\\\/\\\/www.jootjeshaakcadeautjes.nl\\\/de\\\/\",\"logo\":{\"@type\":\"ImageObject\",\"inLanguage\":\"de\",\"@id\":\"https:\\\/\\\/www.jootjeshaakcadeautjes.nl\\\/de\\\/#\\\/schema\\\/logo\\\/image\\\/\",\"url\":\"https:\\\/\\\/d1dyryakdmle7o.cloudfront.net\\\/wp-content\\\/uploads\\\/2023\\\/05\\\/Logo-rond.png\",\"contentUrl\":\"https:\\\/\\\/d1dyryakdmle7o.cloudfront.net\\\/wp-content\\\/uploads\\\/2023\\\/05\\\/Logo-rond.png\",\"width\":1222,\"height\":1222,\"caption\":\"Jootjes Haakcadeautjes\"},\"image\":{\"@id\":\"https:\\\/\\\/www.jootjeshaakcadeautjes.nl\\\/de\\\/#\\\/schema\\\/logo\\\/image\\\/\"}}]}<\/script>\n<meta property=\"product:price:amount\" content=\"0.58\" \/>\n<meta property=\"product:price:currency\" content=\"EUR\" \/>\n<meta property=\"og:availability\" content=\"instock\" \/>\n<meta property=\"product:availability\" content=\"instock\" \/>\n<meta property=\"product:retailer_item_id\" content=\"HOU-RIN-055\" \/>\n<meta property=\"product:condition\" content=\"new\" \/>\n<!-- \/ Yoast SEO Premium plugin. -->","yoast_head_json":{"title":"Holzringe 5,5 cm \/ Bei\u00dfring - Jootjes H\u00e4kelgeschenke - Babysicher","description":"Ringe aus Holz 5,5 cm. Ahornholz Ringe von 5,5 cm perfekt f\u00fcr Holz Bei\u00dfring oder Rassel mit Hasenohren. Gro\u00dfhandel.","robots":{"index":"index","follow":"follow","max-snippet":"max-snippet:-1","max-image-preview":"max-image-preview:large","max-video-preview":"max-video-preview:-1"},"canonical":"https:\/\/www.jootjeshaakcadeautjes.nl\/de\/produkt\/holz-ringe-5-5-cm-beissring\/","og_locale":"de_DE","og_type":"article","og_title":"Holz Ringe - 5.5 cm - Ahorn","og_description":"Ringe aus Holz 5,5 cm. Ahornholz Ringe von 5,5 cm perfekt f\u00fcr Holz Bei\u00dfring oder Rassel mit Hasenohren. Gro\u00dfhandel.","og_url":"https:\/\/www.jootjeshaakcadeautjes.nl\/de\/produkt\/holz-ringe-5-5-cm-beissring\/","og_site_name":"Jootjes Haakcadeautjes","article_modified_time":"2026-03-07T08:39:14+00:00","og_image":[{"width":1045,"height":1045,"url":"https:\/\/www.jootjeshaakcadeautjes.nl\/wp-content\/uploads\/2016\/03\/Houten-ring-55-cm-1.jpg","type":"image\/jpeg"}],"twitter_card":"summary_large_image","twitter_misc":{"Preis":"&euro;0.58 inkl. MwSt.","Verf\u00fcgbarkeit":"Auf Lager"},"schema":{"@context":"https:\/\/schema.org","@graph":[{"@type":"WebPage","@id":"https:\/\/www.jootjeshaakcadeautjes.nl\/de\/produkt\/holz-ringe-5-5-cm-beissring\/","url":"https:\/\/www.jootjeshaakcadeautjes.nl\/de\/produkt\/holz-ringe-5-5-cm-beissring\/","name":"Holzringe 5,5 cm \/ Bei\u00dfring - Jootjes H\u00e4kelgeschenke - Babysicher","isPartOf":{"@id":"https:\/\/www.jootjeshaakcadeautjes.nl\/de\/#website"},"primaryImageOfPage":{"@id":"https:\/\/www.jootjeshaakcadeautjes.nl\/de\/produkt\/holz-ringe-5-5-cm-beissring\/#primaryimage"},"image":{"@id":"https:\/\/www.jootjeshaakcadeautjes.nl\/de\/produkt\/holz-ringe-5-5-cm-beissring\/#primaryimage"},"thumbnailUrl":"https:\/\/d1dyryakdmle7o.cloudfront.net\/wp-content\/uploads\/2016\/03\/Houten-ring-55-cm-1.jpg","datePublished":"2020-01-23T16:32:29+00:00","dateModified":"2026-03-07T08:39:14+00:00","description":"Ringe aus Holz 5,5 cm. Ahornholz Ringe von 5,5 cm perfekt f\u00fcr Holz Bei\u00dfring oder Rassel mit Hasenohren. Gro\u00dfhandel.","breadcrumb":{"@id":"https:\/\/www.jootjeshaakcadeautjes.nl\/de\/produkt\/holz-ringe-5-5-cm-beissring\/#breadcrumb"},"inLanguage":"de","potentialAction":[{"@type":"ReadAction","target":["https:\/\/www.jootjeshaakcadeautjes.nl\/de\/produkt\/holz-ringe-5-5-cm-beissring\/"]}]},{"@type":"ImageObject","inLanguage":"de","@id":"https:\/\/www.jootjeshaakcadeautjes.nl\/de\/produkt\/holz-ringe-5-5-cm-beissring\/#primaryimage","url":"https:\/\/d1dyryakdmle7o.cloudfront.net\/wp-content\/uploads\/2016\/03\/Houten-ring-55-cm-1.jpg","contentUrl":"https:\/\/d1dyryakdmle7o.cloudfront.net\/wp-content\/uploads\/2016\/03\/Houten-ring-55-cm-1.jpg","width":1045,"height":1045,"caption":"Holzring 5,5 cm"},{"@type":"BreadcrumbList","@id":"https:\/\/www.jootjeshaakcadeautjes.nl\/de\/produkt\/holz-ringe-5-5-cm-beissring\/#breadcrumb","itemListElement":[{"@type":"ListItem","position":1,"name":"Startseite","item":"https:\/\/www.jootjeshaakcadeautjes.nl\/de\/"},{"@type":"ListItem","position":2,"name":"Gro\u00dfhandel mit Silikonperlen &#8211; Business und Consumer","item":"https:\/\/www.jootjeshaakcadeautjes.nl\/de\/shop\/"},{"@type":"ListItem","position":3,"name":"Holz Ringe &#8211; 5.5 cm &#8211; Ahorn"}]},{"@type":"WebSite","@id":"https:\/\/www.jootjeshaakcadeautjes.nl\/de\/#website","url":"https:\/\/www.jootjeshaakcadeautjes.nl\/de\/","name":"Jootjes Haakcadeautjes","description":"Silikonperlen Gro\u00dfhandel ","publisher":{"@id":"https:\/\/www.jootjeshaakcadeautjes.nl\/de\/#organization"},"potentialAction":[{"@type":"SearchAction","target":{"@type":"EntryPoint","urlTemplate":"https:\/\/www.jootjeshaakcadeautjes.nl\/de\/?s={search_term_string}"},"query-input":{"@type":"PropertyValueSpecification","valueRequired":true,"valueName":"search_term_string"}}],"inLanguage":"de"},{"@type":"Organization","@id":"https:\/\/www.jootjeshaakcadeautjes.nl\/de\/#organization","name":"Jootjes Haakcadeautjes","url":"https:\/\/www.jootjeshaakcadeautjes.nl\/de\/","logo":{"@type":"ImageObject","inLanguage":"de","@id":"https:\/\/www.jootjeshaakcadeautjes.nl\/de\/#\/schema\/logo\/image\/","url":"https:\/\/d1dyryakdmle7o.cloudfront.net\/wp-content\/uploads\/2023\/05\/Logo-rond.png","contentUrl":"https:\/\/d1dyryakdmle7o.cloudfront.net\/wp-content\/uploads\/2023\/05\/Logo-rond.png","width":1222,"height":1222,"caption":"Jootjes Haakcadeautjes"},"image":{"@id":"https:\/\/www.jootjeshaakcadeautjes.nl\/de\/#\/schema\/logo\/image\/"}}]},"product_price_amount":"0.58","product_price_currency":"EUR","og_availability":"instock","product_availability":"instock","product_retailer_item_id":"HOU-RIN-055","product_condition":"new"},"_links":{"self":[{"href":"https:\/\/www.jootjeshaakcadeautjes.nl\/de\/wp-json\/wp\/v2\/product\/123059","targetHints":{"allow":["GET"]}}],"collection":[{"href":"https:\/\/www.jootjeshaakcadeautjes.nl\/de\/wp-json\/wp\/v2\/product"}],"about":[{"href":"https:\/\/www.jootjeshaakcadeautjes.nl\/de\/wp-json\/wp\/v2\/types\/product"}],"version-history":[{"count":0,"href":"https:\/\/www.jootjeshaakcadeautjes.nl\/de\/wp-json\/wp\/v2\/product\/123059\/revisions"}],"wp:featuredmedia":[{"embeddable":true,"href":"https:\/\/www.jootjeshaakcadeautjes.nl\/de\/wp-json\/wp\/v2\/media\/67386"}],"wp:attachment":[{"href":"https:\/\/www.jootjeshaakcadeautjes.nl\/de\/wp-json\/wp\/v2\/media?parent=123059"}],"wp:term":[{"taxonomy":"product_brand","embeddable":true,"href":"https:\/\/www.jootjeshaakcadeautjes.nl\/de\/wp-json\/wp\/v2\/product_brand?post=123059"},{"taxonomy":"product_cat","embeddable":true,"href":"https:\/\/www.jootjeshaakcadeautjes.nl\/de\/wp-json\/wp\/v2\/product_cat?post=123059"},{"taxonomy":"product_tag","embeddable":true,"href":"https:\/\/www.jootjeshaakcadeautjes.nl\/de\/wp-json\/wp\/v2\/product_tag?post=123059"}],"curies":[{"name":"wp","href":"https:\/\/api.w.org\/{rel}","templated":true}]}}