{"id":123065,"date":"2020-01-22T00:27:50","date_gmt":"2020-01-21T22:27:50","guid":{"rendered":"https:\/\/www.jootjeshaakcadeautjes.nl\/product\/holz-zahnpferd-saitenaufhaenger\/"},"modified":"2026-01-28T18:35:21","modified_gmt":"2026-01-28T17:35:21","slug":"holz-zahnpferd-saitenaufhaenger","status":"publish","type":"product","link":"https:\/\/www.jootjeshaakcadeautjes.nl\/de\/produkt\/holz-zahnpferd-saitenaufhaenger\/","title":{"rendered":"Bei\u00dfring aus Holz &#8211; Schaukelpferd &#8211; Anh\u00e4nger mit Spielschnur &#8211; Buchenholz"},"content":{"rendered":"<h1><strong>Holz Bei\u00dfring Schaukelpferd Spielstring Anh\u00e4nger.<\/strong><\/h1>\n<p><span style=\"color: #000000;\">Der Holzanh\u00e4nger oder Holzbei\u00dfring in Form eines Schaukelpferdes ist aus unbehandeltem (nicht lackiertem, gebeiztem oder ge\u00f6ltem) Holz gefertigt. <\/span><span style=\"color: #000000;\">Gr\u00f6\u00dfe: . x .. mm. Der Durchmesser des Lochs betr\u00e4gt . mm.<\/span><\/p>\n<p><span style=\"color: #000000;\">Die Holzringe in der Sternvariante sind aus einem nat\u00fcrlichen Material gefertigt. Infolgedessen k\u00f6nnen sie manchmal minimale Anomalien aufweisen.  <\/span><span style=\"color: #000000;\">Wenn die Abweichung inakzeptabel ist, werden die Produkte recycelt und nicht verkauft. So k\u00f6nnen wir Ihnen stets hohe Qualit\u00e4t bieten  <\/span><span style=\"color: #000000;\">Holzring\/Holzpendel Garantie.<\/span><\/p>\n<p><span style=\"color: #000000;\">Die Holzapplikationen werden h\u00e4ufig f\u00fcr die Herstellung von Babyspielzeug aus Holz verwendet, wie z. B. Bei\u00dfringe, Rasseln, Stillketten, handgefertigte Schnullerhalter oder Kinderwagenschnallen. Einige Beispiele hierf\u00fcr sind im Folgenden aufgef\u00fchrt.<\/span><\/p>\n<h2><strong>Aber welche Gr\u00f6\u00dfen\/Produkte sind f\u00fcr Ihr Projekt am besten geeignet?<br \/>\n<\/strong><\/h2>\n<p><span style=\"color: #000000;\">Vor allem unsere Holzapplikationen werden h\u00e4ufig von Herstellern handgefertigter Babyspielzeuge verwendet. Dies geschieht manchmal in Kombination mit H\u00e4keln und manchmal in Kombination mit Silikonapplikationen, Ringen oder Perlen.<\/span><\/p>\n<p><span style=\"color: #000000;\">Je nach gew\u00fcnschter Gr\u00f6\u00dfe k\u00f6nnen Sie daf\u00fcr eine andere Kombination von Holzperlen und Holzringen\/-applikationen verwenden. Wenn Sie z. B. die 16- und 20-mm-Holzperlen verwenden, w\u00fcrde ich die 4,5-cm-Holzringe nehmen. Sie wollen eine Nummer gr\u00f6\u00dfer? Suchen Sie dann eine Kombination der 20 mm Perlen mit z.B. den 25 oder 30 mm Holzperlen zusammen mit dem 5,5 cm langen Holzring oder einer Holzapplikation (Micky Maus\/Hase\/Olf\/Ei\/Vogel\/Fisch\/Anker\/Wolke\/Dino\/Holzring mit Keksaufdruck).<\/span><\/p>\n<h3><strong>Ein kleiner Bei\u00dfring mit Perlen (siehe Beispiel unten) besteht aus:<\/strong><\/h3>\n<ul>\n<li><span style=\"color: #000000;\">2x ein 4,5 cm langer Holzring oder eine Holzapplikation<\/span><\/li>\n<li><span style=\"color: #000000;\">6x a 16 mm Holzperlen<\/span><\/li>\n<li><span style=\"color: #000000;\">6x a 20 (geh\u00e4kelte) Holzperle<\/span><\/li>\n<\/ul>\n<div id=\"attachment_318\" class=\"wp-caption aligncenter\">\n<p><a href=\"https:\/\/d1dyryakdmle7o.cloudfront.net\/wp-content\/uploads\/2016\/03\/wooden-font-b-teething-b-font-font-b-ring-b-font-Crochet-beads-rattle-Amigurumi-Baby.jpg\" rel=\"attachment wp-att-318\"><img decoding=\"async\" class=\"wp-image-318 size-medium\" src=\"https:\/\/www.jootjeshaakcadeautjes.nl\/wp-content\/themes\/woodmart\/images\/lazy.svg\" data-src=\"https:\/\/d1dyryakdmle7o.cloudfront.net\/wp-content\/uploads\/2016\/03\/wooden-font-b-teething-b-font-font-b-ring-b-font-Crochet-beads-rattle-Amigurumi-Baby-300x300.jpg\" alt=\"Holzringe 4,5 cm\" width=\"300\" height=\"300\"><\/a><br \/>\n<span style=\"color: #000000;\"><small>  Kleiner Bei\u00dfring aus Holz;<br \/>\nHergestellt mit Holzperlen aus<br \/>\n16 mm und 20 mm (geh\u00e4kelt) und Holzringe 4,5 cm.<\/small><\/span><\/p>\n<\/div>\n<p style=\"text-align: left;\"><span style=\"color: #000000;\">Also, wie gesagt, das kann man auch mit 20 und 25 mm Holzperlen und Holzringen 5,5 cm\/Holzapplikation machen, wie z.B. die Holzringwolke, siehe Beispiel weiter oben auf der Seite. Nat\u00fcrlich sind dies nur Beispiele. Was Sie tats\u00e4chlich machen, bleibt Ihrer eigenen Inspiration und Phantasie \u00fcberlassen. Viel Spa\u00df!<\/span><\/p>\n<p>&nbsp;<\/p>\n","protected":false},"excerpt":{"rendered":"<ul>\n<li>Hergestellt aus rohem Holz (nicht lackiert, gebeizt oder ge\u00f6lt)<\/li>\n<li>Variante Holzring: Schaukelpferd<\/li>\n<li>Format: . x .. mm<\/li>\n<li>Bohrungsdurchmesser: &#8230; mm<\/li>\n<\/ul>\n<p>Weitere Informationen zur Verwendung finden Sie am Ende der Seite.<\/p>\n","protected":false},"featured_media":67584,"template":"","meta":[],"product_brand":[],"product_cat":[8071,8264,7380,8072,8070,18290],"product_tag":[7984,7385,7416,7196,7442,8613],"class_list":{"0":"post-123065","1":"product","2":"type-product","3":"status-publish","4":"has-post-thumbnail","6":"product_cat-beisringe-baby-silikon-und-holz","7":"product_cat-beisringe-aus-holz-buchenholz","8":"product_cat-herstellung-von-baby-beisspielzeug-materialien-fur-schnuller-und-beisringe","9":"product_cat-holzringe-fur-macrame-und-crochet","10":"product_cat-ringe-aus-holz","11":"product_cat-thema-sinterklaas","12":"product_tag-anhanger","13":"product_tag-beisring","14":"product_tag-gummischnur","15":"product_tag-holz","16":"product_tag-kinderwagenkette","17":"product_tag-stern","19":"first","20":"instock","21":"taxable","22":"shipping-taxable","23":"purchasable","24":"product-type-simple"},"bundled_by":[],"bundle_stock_status":"instock","bundle_stock_quantity":31,"bundle_virtual":false,"bundle_layout":"","bundle_add_to_cart_form_location":"","bundle_editable_in_cart":false,"bundle_sold_individually_context":"","bundle_item_grouping":"","bundle_min_size":"","bundle_max_size":"","bundle_price":[],"bundled_items":[],"bundle_sell_ids":[],"yoast_head":"<!-- This site is optimized with the Yoast SEO Premium plugin v27.6 (Yoast SEO v27.6) - https:\/\/yoast.com\/product\/yoast-seo-premium-wordpress\/ -->\n<title>Holz Bei\u00dfring Schaukelpferd Anh\u00e4nger | Holz Babyspielzeug Haken<\/title>\n<meta name=\"description\" content=\"Holzbei\u00dfring Schaukelpferd\/ringf\u00f6rmiger Anh\u00e4nger f\u00fcr Ihr handgefertigtes Babyspielzeug. Zum Beispiel f\u00fcr einen Bei\u00dfring, eine Rassel oder einen Kinderwagenaufh\u00e4nger aus Holz.\" \/>\n<meta name=\"robots\" content=\"index, follow, max-snippet:-1, max-image-preview:large, max-video-preview:-1\" \/>\n<link rel=\"canonical\" href=\"https:\/\/www.jootjeshaakcadeautjes.nl\/de\/produkt\/holz-zahnpferd-saitenaufhaenger\/\" \/>\n<meta property=\"og:locale\" content=\"de_DE\" \/>\n<meta property=\"og:type\" content=\"article\" \/>\n<meta property=\"og:title\" content=\"Bei\u00dfring aus Holz - Schaukelpferd - Anh\u00e4nger mit Spielschnur - Buchenholz\" \/>\n<meta property=\"og:description\" content=\"Holzbei\u00dfring Schaukelpferd\/ringf\u00f6rmiger Anh\u00e4nger f\u00fcr Ihr handgefertigtes Babyspielzeug. Zum Beispiel f\u00fcr einen Bei\u00dfring, eine Rassel oder einen Kinderwagenaufh\u00e4nger aus Holz.\" \/>\n<meta property=\"og:url\" content=\"https:\/\/www.jootjeshaakcadeautjes.nl\/de\/produkt\/holz-zahnpferd-saitenaufhaenger\/\" \/>\n<meta property=\"og:site_name\" content=\"Jootjes Haakcadeautjes\" \/>\n<meta property=\"article:modified_time\" content=\"2026-01-28T17:35:21+00:00\" \/>\n<meta property=\"og:image\" content=\"https:\/\/www.jootjeshaakcadeautjes.nl\/wp-content\/uploads\/2020\/01\/20191201_124738.jpg\" \/>\n\t<meta property=\"og:image:width\" content=\"1034\" \/>\n\t<meta property=\"og:image:height\" content=\"1034\" \/>\n\t<meta property=\"og:image:type\" content=\"image\/jpeg\" \/>\n<meta name=\"twitter:card\" content=\"summary_large_image\" \/>\n<meta name=\"twitter:label1\" content=\"Preis\" \/>\n\t<meta name=\"twitter:data1\" content=\"&euro;2.00 inkl. MwSt.\" \/>\n\t<meta name=\"twitter:label2\" content=\"Verf\u00fcgbarkeit\" \/>\n\t<meta name=\"twitter:data2\" content=\"Auf Lager\" \/>\n<script type=\"application\/ld+json\" class=\"yoast-schema-graph\">{\"@context\":\"https:\\\/\\\/schema.org\",\"@graph\":[{\"@type\":\"WebPage\",\"@id\":\"https:\\\/\\\/www.jootjeshaakcadeautjes.nl\\\/de\\\/produkt\\\/holz-zahnpferd-saitenaufhaenger\\\/\",\"url\":\"https:\\\/\\\/www.jootjeshaakcadeautjes.nl\\\/de\\\/produkt\\\/holz-zahnpferd-saitenaufhaenger\\\/\",\"name\":\"Holz Bei\u00dfring Schaukelpferd Anh\u00e4nger | Holz Babyspielzeug Haken\",\"isPartOf\":{\"@id\":\"https:\\\/\\\/www.jootjeshaakcadeautjes.nl\\\/de\\\/#website\"},\"primaryImageOfPage\":{\"@id\":\"https:\\\/\\\/www.jootjeshaakcadeautjes.nl\\\/de\\\/produkt\\\/holz-zahnpferd-saitenaufhaenger\\\/#primaryimage\"},\"image\":{\"@id\":\"https:\\\/\\\/www.jootjeshaakcadeautjes.nl\\\/de\\\/produkt\\\/holz-zahnpferd-saitenaufhaenger\\\/#primaryimage\"},\"thumbnailUrl\":\"https:\\\/\\\/d1dyryakdmle7o.cloudfront.net\\\/wp-content\\\/uploads\\\/2020\\\/01\\\/20191201_124738.jpg\",\"datePublished\":\"2020-01-21T22:27:50+00:00\",\"dateModified\":\"2026-01-28T17:35:21+00:00\",\"description\":\"Holzbei\u00dfring Schaukelpferd\\\/ringf\u00f6rmiger Anh\u00e4nger f\u00fcr Ihr handgefertigtes Babyspielzeug. Zum Beispiel f\u00fcr einen Bei\u00dfring, eine Rassel oder einen Kinderwagenaufh\u00e4nger aus Holz.\",\"breadcrumb\":{\"@id\":\"https:\\\/\\\/www.jootjeshaakcadeautjes.nl\\\/de\\\/produkt\\\/holz-zahnpferd-saitenaufhaenger\\\/#breadcrumb\"},\"inLanguage\":\"de\",\"potentialAction\":[{\"@type\":\"ReadAction\",\"target\":[\"https:\\\/\\\/www.jootjeshaakcadeautjes.nl\\\/de\\\/produkt\\\/holz-zahnpferd-saitenaufhaenger\\\/\"]}]},{\"@type\":\"ImageObject\",\"inLanguage\":\"de\",\"@id\":\"https:\\\/\\\/www.jootjeshaakcadeautjes.nl\\\/de\\\/produkt\\\/holz-zahnpferd-saitenaufhaenger\\\/#primaryimage\",\"url\":\"https:\\\/\\\/d1dyryakdmle7o.cloudfront.net\\\/wp-content\\\/uploads\\\/2020\\\/01\\\/20191201_124738.jpg\",\"contentUrl\":\"https:\\\/\\\/d1dyryakdmle7o.cloudfront.net\\\/wp-content\\\/uploads\\\/2020\\\/01\\\/20191201_124738.jpg\",\"width\":1034,\"height\":1034,\"caption\":\"Bei\u00dfring Holzschaukelpferd\"},{\"@type\":\"BreadcrumbList\",\"@id\":\"https:\\\/\\\/www.jootjeshaakcadeautjes.nl\\\/de\\\/produkt\\\/holz-zahnpferd-saitenaufhaenger\\\/#breadcrumb\",\"itemListElement\":[{\"@type\":\"ListItem\",\"position\":1,\"name\":\"Startseite\",\"item\":\"https:\\\/\\\/www.jootjeshaakcadeautjes.nl\\\/de\\\/\"},{\"@type\":\"ListItem\",\"position\":2,\"name\":\"Gro\u00dfhandel mit Silikonperlen &#8211; Business und Consumer\",\"item\":\"https:\\\/\\\/www.jootjeshaakcadeautjes.nl\\\/de\\\/shop\\\/\"},{\"@type\":\"ListItem\",\"position\":3,\"name\":\"Bei\u00dfring aus Holz &#8211; Schaukelpferd &#8211; Anh\u00e4nger mit Spielschnur &#8211; Buchenholz\"}]},{\"@type\":\"WebSite\",\"@id\":\"https:\\\/\\\/www.jootjeshaakcadeautjes.nl\\\/de\\\/#website\",\"url\":\"https:\\\/\\\/www.jootjeshaakcadeautjes.nl\\\/de\\\/\",\"name\":\"Jootjes Haakcadeautjes\",\"description\":\"Silikonperlen Gro\u00dfhandel \",\"publisher\":{\"@id\":\"https:\\\/\\\/www.jootjeshaakcadeautjes.nl\\\/de\\\/#organization\"},\"potentialAction\":[{\"@type\":\"SearchAction\",\"target\":{\"@type\":\"EntryPoint\",\"urlTemplate\":\"https:\\\/\\\/www.jootjeshaakcadeautjes.nl\\\/de\\\/?s={search_term_string}\"},\"query-input\":{\"@type\":\"PropertyValueSpecification\",\"valueRequired\":true,\"valueName\":\"search_term_string\"}}],\"inLanguage\":\"de\"},{\"@type\":\"Organization\",\"@id\":\"https:\\\/\\\/www.jootjeshaakcadeautjes.nl\\\/de\\\/#organization\",\"name\":\"Jootjes Haakcadeautjes\",\"url\":\"https:\\\/\\\/www.jootjeshaakcadeautjes.nl\\\/de\\\/\",\"logo\":{\"@type\":\"ImageObject\",\"inLanguage\":\"de\",\"@id\":\"https:\\\/\\\/www.jootjeshaakcadeautjes.nl\\\/de\\\/#\\\/schema\\\/logo\\\/image\\\/\",\"url\":\"https:\\\/\\\/d1dyryakdmle7o.cloudfront.net\\\/wp-content\\\/uploads\\\/2023\\\/05\\\/Logo-rond.png\",\"contentUrl\":\"https:\\\/\\\/d1dyryakdmle7o.cloudfront.net\\\/wp-content\\\/uploads\\\/2023\\\/05\\\/Logo-rond.png\",\"width\":1222,\"height\":1222,\"caption\":\"Jootjes Haakcadeautjes\"},\"image\":{\"@id\":\"https:\\\/\\\/www.jootjeshaakcadeautjes.nl\\\/de\\\/#\\\/schema\\\/logo\\\/image\\\/\"}}]}<\/script>\n<meta property=\"product:price:amount\" content=\"2.00\" \/>\n<meta property=\"product:price:currency\" content=\"EUR\" \/>\n<meta property=\"og:availability\" content=\"instock\" \/>\n<meta property=\"product:availability\" content=\"instock\" \/>\n<meta property=\"product:retailer_item_id\" content=\"HOU-HBP-HAN\" \/>\n<meta property=\"product:condition\" content=\"new\" \/>\n<!-- \/ Yoast SEO Premium plugin. -->","yoast_head_json":{"title":"Holz Bei\u00dfring Schaukelpferd Anh\u00e4nger | Holz Babyspielzeug Haken","description":"Holzbei\u00dfring Schaukelpferd\/ringf\u00f6rmiger Anh\u00e4nger f\u00fcr Ihr handgefertigtes Babyspielzeug. Zum Beispiel f\u00fcr einen Bei\u00dfring, eine Rassel oder einen Kinderwagenaufh\u00e4nger aus Holz.","robots":{"index":"index","follow":"follow","max-snippet":"max-snippet:-1","max-image-preview":"max-image-preview:large","max-video-preview":"max-video-preview:-1"},"canonical":"https:\/\/www.jootjeshaakcadeautjes.nl\/de\/produkt\/holz-zahnpferd-saitenaufhaenger\/","og_locale":"de_DE","og_type":"article","og_title":"Bei\u00dfring aus Holz - Schaukelpferd - Anh\u00e4nger mit Spielschnur - Buchenholz","og_description":"Holzbei\u00dfring Schaukelpferd\/ringf\u00f6rmiger Anh\u00e4nger f\u00fcr Ihr handgefertigtes Babyspielzeug. Zum Beispiel f\u00fcr einen Bei\u00dfring, eine Rassel oder einen Kinderwagenaufh\u00e4nger aus Holz.","og_url":"https:\/\/www.jootjeshaakcadeautjes.nl\/de\/produkt\/holz-zahnpferd-saitenaufhaenger\/","og_site_name":"Jootjes Haakcadeautjes","article_modified_time":"2026-01-28T17:35:21+00:00","og_image":[{"width":1034,"height":1034,"url":"https:\/\/www.jootjeshaakcadeautjes.nl\/wp-content\/uploads\/2020\/01\/20191201_124738.jpg","type":"image\/jpeg"}],"twitter_card":"summary_large_image","twitter_misc":{"Preis":"&euro;2.00 inkl. MwSt.","Verf\u00fcgbarkeit":"Auf Lager"},"schema":{"@context":"https:\/\/schema.org","@graph":[{"@type":"WebPage","@id":"https:\/\/www.jootjeshaakcadeautjes.nl\/de\/produkt\/holz-zahnpferd-saitenaufhaenger\/","url":"https:\/\/www.jootjeshaakcadeautjes.nl\/de\/produkt\/holz-zahnpferd-saitenaufhaenger\/","name":"Holz Bei\u00dfring Schaukelpferd Anh\u00e4nger | Holz Babyspielzeug Haken","isPartOf":{"@id":"https:\/\/www.jootjeshaakcadeautjes.nl\/de\/#website"},"primaryImageOfPage":{"@id":"https:\/\/www.jootjeshaakcadeautjes.nl\/de\/produkt\/holz-zahnpferd-saitenaufhaenger\/#primaryimage"},"image":{"@id":"https:\/\/www.jootjeshaakcadeautjes.nl\/de\/produkt\/holz-zahnpferd-saitenaufhaenger\/#primaryimage"},"thumbnailUrl":"https:\/\/d1dyryakdmle7o.cloudfront.net\/wp-content\/uploads\/2020\/01\/20191201_124738.jpg","datePublished":"2020-01-21T22:27:50+00:00","dateModified":"2026-01-28T17:35:21+00:00","description":"Holzbei\u00dfring Schaukelpferd\/ringf\u00f6rmiger Anh\u00e4nger f\u00fcr Ihr handgefertigtes Babyspielzeug. Zum Beispiel f\u00fcr einen Bei\u00dfring, eine Rassel oder einen Kinderwagenaufh\u00e4nger aus Holz.","breadcrumb":{"@id":"https:\/\/www.jootjeshaakcadeautjes.nl\/de\/produkt\/holz-zahnpferd-saitenaufhaenger\/#breadcrumb"},"inLanguage":"de","potentialAction":[{"@type":"ReadAction","target":["https:\/\/www.jootjeshaakcadeautjes.nl\/de\/produkt\/holz-zahnpferd-saitenaufhaenger\/"]}]},{"@type":"ImageObject","inLanguage":"de","@id":"https:\/\/www.jootjeshaakcadeautjes.nl\/de\/produkt\/holz-zahnpferd-saitenaufhaenger\/#primaryimage","url":"https:\/\/d1dyryakdmle7o.cloudfront.net\/wp-content\/uploads\/2020\/01\/20191201_124738.jpg","contentUrl":"https:\/\/d1dyryakdmle7o.cloudfront.net\/wp-content\/uploads\/2020\/01\/20191201_124738.jpg","width":1034,"height":1034,"caption":"Bei\u00dfring Holzschaukelpferd"},{"@type":"BreadcrumbList","@id":"https:\/\/www.jootjeshaakcadeautjes.nl\/de\/produkt\/holz-zahnpferd-saitenaufhaenger\/#breadcrumb","itemListElement":[{"@type":"ListItem","position":1,"name":"Startseite","item":"https:\/\/www.jootjeshaakcadeautjes.nl\/de\/"},{"@type":"ListItem","position":2,"name":"Gro\u00dfhandel mit Silikonperlen &#8211; Business und Consumer","item":"https:\/\/www.jootjeshaakcadeautjes.nl\/de\/shop\/"},{"@type":"ListItem","position":3,"name":"Bei\u00dfring aus Holz &#8211; Schaukelpferd &#8211; Anh\u00e4nger mit Spielschnur &#8211; Buchenholz"}]},{"@type":"WebSite","@id":"https:\/\/www.jootjeshaakcadeautjes.nl\/de\/#website","url":"https:\/\/www.jootjeshaakcadeautjes.nl\/de\/","name":"Jootjes Haakcadeautjes","description":"Silikonperlen Gro\u00dfhandel ","publisher":{"@id":"https:\/\/www.jootjeshaakcadeautjes.nl\/de\/#organization"},"potentialAction":[{"@type":"SearchAction","target":{"@type":"EntryPoint","urlTemplate":"https:\/\/www.jootjeshaakcadeautjes.nl\/de\/?s={search_term_string}"},"query-input":{"@type":"PropertyValueSpecification","valueRequired":true,"valueName":"search_term_string"}}],"inLanguage":"de"},{"@type":"Organization","@id":"https:\/\/www.jootjeshaakcadeautjes.nl\/de\/#organization","name":"Jootjes Haakcadeautjes","url":"https:\/\/www.jootjeshaakcadeautjes.nl\/de\/","logo":{"@type":"ImageObject","inLanguage":"de","@id":"https:\/\/www.jootjeshaakcadeautjes.nl\/de\/#\/schema\/logo\/image\/","url":"https:\/\/d1dyryakdmle7o.cloudfront.net\/wp-content\/uploads\/2023\/05\/Logo-rond.png","contentUrl":"https:\/\/d1dyryakdmle7o.cloudfront.net\/wp-content\/uploads\/2023\/05\/Logo-rond.png","width":1222,"height":1222,"caption":"Jootjes Haakcadeautjes"},"image":{"@id":"https:\/\/www.jootjeshaakcadeautjes.nl\/de\/#\/schema\/logo\/image\/"}}]},"product_price_amount":"2.00","product_price_currency":"EUR","og_availability":"instock","product_availability":"instock","product_retailer_item_id":"HOU-HBP-HAN","product_condition":"new"},"_links":{"self":[{"href":"https:\/\/www.jootjeshaakcadeautjes.nl\/de\/wp-json\/wp\/v2\/product\/123065","targetHints":{"allow":["GET"]}}],"collection":[{"href":"https:\/\/www.jootjeshaakcadeautjes.nl\/de\/wp-json\/wp\/v2\/product"}],"about":[{"href":"https:\/\/www.jootjeshaakcadeautjes.nl\/de\/wp-json\/wp\/v2\/types\/product"}],"version-history":[{"count":0,"href":"https:\/\/www.jootjeshaakcadeautjes.nl\/de\/wp-json\/wp\/v2\/product\/123065\/revisions"}],"wp:featuredmedia":[{"embeddable":true,"href":"https:\/\/www.jootjeshaakcadeautjes.nl\/de\/wp-json\/wp\/v2\/media\/67584"}],"wp:attachment":[{"href":"https:\/\/www.jootjeshaakcadeautjes.nl\/de\/wp-json\/wp\/v2\/media?parent=123065"}],"wp:term":[{"taxonomy":"product_brand","embeddable":true,"href":"https:\/\/www.jootjeshaakcadeautjes.nl\/de\/wp-json\/wp\/v2\/product_brand?post=123065"},{"taxonomy":"product_cat","embeddable":true,"href":"https:\/\/www.jootjeshaakcadeautjes.nl\/de\/wp-json\/wp\/v2\/product_cat?post=123065"},{"taxonomy":"product_tag","embeddable":true,"href":"https:\/\/www.jootjeshaakcadeautjes.nl\/de\/wp-json\/wp\/v2\/product_tag?post=123065"}],"curies":[{"name":"wp","href":"https:\/\/api.w.org\/{rel}","templated":true}]}}