{"id":123090,"date":"2019-11-26T21:29:08","date_gmt":"2019-11-26T19:29:08","guid":{"rendered":"https:\/\/www.jootjeshaakcadeautjes.nl\/product\/schluesselanhaenger-musketenhaken\/"},"modified":"2025-09-17T13:47:44","modified_gmt":"2025-09-17T11:47:44","slug":"schluesselanhaenger-musketenhaken","status":"publish","type":"product","link":"https:\/\/www.jootjeshaakcadeautjes.nl\/de\/produkt\/schluesselanhaenger-musketenhaken\/","title":{"rendered":"Musketenhaken mit Schl\u00fcsselring &#8211; 25 mm"},"content":{"rendered":"<h3>Schl\u00fcsselanh\u00e4nger Musketenhaken<\/h3>\n<p>Die Musketenhaken-Schl\u00fcsselanh\u00e4nger sind weit verbreitet und werden z. B. f\u00fcr die Herstellung von Gl\u00fccksbringern und anderen Schl\u00fcsselanh\u00e4ngern verwendet. Gl\u00fcckspuppen sind Puppen, die aus (Holz-)Perlen hergestellt werden. Das Gesicht ist aus einer <a href=\"https:\/\/www.jootjeshaakcadeautjes.nl\/de\/produkt\/holzperlen-gluecksbringer-puppe\/\">Holzperle mit Smiley<\/a> gemacht. Wie der Name schon sagt, sollen Gl\u00fcckspuppen jemandem viel Gl\u00fcck w\u00fcnschen und werden daher in Grundschulen h\u00e4ufig verschenkt oder verschenkt. Wenn man sie an einem Musketenhaken befestigt, kann man sie leicht an einer Tasche oder an einem Schl\u00fcsselbund aufh\u00e4ngen. Au\u00dferdem sind sie leicht herzustellen, so dass der gesamte Prozess nicht allzu viel Zeit in Anspruch nimmt.<\/p>\n<p>Die Musketenhaken f\u00fcr Schl\u00fcsselanh\u00e4nger werden auch h\u00e4ufig zur Herstellung von H\u00e4kelschl\u00fcsselb\u00e4ndern verwendet. Daran wird dann ein kleines Stofftier befestigt, z. B. ein kleiner Pilz, geh\u00e4kelte Obstst\u00fccke (Kirschen oder andere) oder kleine geh\u00e4kelte Enten.<\/p>\n<p>&nbsp;<\/p>\n<p>&nbsp;<\/p>\n","protected":false},"excerpt":{"rendered":"<h4>Schl\u00fcsselanh\u00e4nger Musketenhaken<\/h4>\n<p>Jedes St\u00fcck: Schl\u00fcsselanh\u00e4nger + Musketenhaken<\/p>\n<p>Ideal f\u00fcr die Herstellung eines geh\u00e4kelten Schl\u00fcsselanh\u00e4ngers oder einer Gl\u00fcckspuppe.<\/p>\n","protected":false},"featured_media":80333,"template":"","meta":[],"product_brand":[],"product_cat":[8247,8267,8262],"product_tag":[7208,8268,8272,8285,7444],"class_list":{"0":"post-123090","1":"product","2":"type-product","3":"status-publish","4":"has-post-thumbnail","6":"product_cat-bastelmaterial-hakelzubehor","7":"product_cat-lucky-dolls-diy-perlen-und-zubehor","8":"product_cat-schlusselanhanger-und-haken","9":"product_tag-gluckspuppe","10":"product_tag-hakchen","11":"product_tag-metall","12":"product_tag-musketenhaken","13":"product_tag-schlusselanhanger","15":"first","16":"instock","17":"taxable","18":"shipping-taxable","19":"purchasable","20":"product-type-simple"},"bundled_by":[],"bundle_stock_status":"instock","bundle_stock_quantity":337,"bundle_virtual":false,"bundle_layout":"","bundle_add_to_cart_form_location":"","bundle_editable_in_cart":false,"bundle_sold_individually_context":"","bundle_item_grouping":"","bundle_min_size":"","bundle_max_size":"","bundle_price":[],"bundled_items":[],"bundle_sell_ids":[],"yoast_head":"<!-- This site is optimized with the Yoast SEO Premium plugin v27.6 (Yoast SEO v27.6) - https:\/\/yoast.com\/product\/yoast-seo-premium-wordpress\/ -->\n<title>Musketenhaken mit Schl\u00fcsselring - 25 mm - Jootjes Haakcadeautjes<\/title>\n<meta name=\"description\" content=\"Schl\u00fcsselanh\u00e4nger mit Musketenhaken finden Sie bei JootjesHaakcadeautjes.nl. Ideal f\u00fcr die Herstellung von handgeh\u00e4kelten Schl\u00fcsselanh\u00e4ngern oder Gl\u00fcckspuppen, z. B. f\u00fcr ein Gruppenangebot in einer Grundschule. Der Musketenhaken macht den Anh\u00e4nger ideal zum Befestigen an einer Tasche oder einem Schl\u00fcsselbund.\" \/>\n<meta name=\"robots\" content=\"index, follow, max-snippet:-1, max-image-preview:large, max-video-preview:-1\" \/>\n<link rel=\"canonical\" href=\"https:\/\/www.jootjeshaakcadeautjes.nl\/de\/produkt\/schluesselanhaenger-musketenhaken\/\" \/>\n<meta property=\"og:locale\" content=\"de_DE\" \/>\n<meta property=\"og:type\" content=\"article\" \/>\n<meta property=\"og:title\" content=\"Musketenhaken mit Schl\u00fcsselring - 25 mm\" \/>\n<meta property=\"og:description\" content=\"Schl\u00fcsselanh\u00e4nger mit Musketenhaken finden Sie bei JootjesHaakcadeautjes.nl. Ideal f\u00fcr die Herstellung von handgeh\u00e4kelten Schl\u00fcsselanh\u00e4ngern oder Gl\u00fcckspuppen, z. B. f\u00fcr ein Gruppenangebot in einer Grundschule. Der Musketenhaken macht den Anh\u00e4nger ideal zum Befestigen an einer Tasche oder einem Schl\u00fcsselbund.\" \/>\n<meta property=\"og:url\" content=\"https:\/\/www.jootjeshaakcadeautjes.nl\/de\/produkt\/schluesselanhaenger-musketenhaken\/\" \/>\n<meta property=\"og:site_name\" content=\"Jootjes Haakcadeautjes\" \/>\n<meta property=\"article:modified_time\" content=\"2025-09-17T11:47:44+00:00\" \/>\n<meta property=\"og:image\" content=\"https:\/\/www.jootjeshaakcadeautjes.nl\/wp-content\/uploads\/2022\/05\/20220501_121102.jpg\" \/>\n\t<meta property=\"og:image:width\" content=\"1972\" \/>\n\t<meta property=\"og:image:height\" content=\"1972\" \/>\n\t<meta property=\"og:image:type\" content=\"image\/jpeg\" \/>\n<meta name=\"twitter:card\" content=\"summary_large_image\" \/>\n<meta name=\"twitter:label1\" content=\"Preis\" \/>\n\t<meta name=\"twitter:data1\" content=\"&euro;0.50 inkl. MwSt.\" \/>\n\t<meta name=\"twitter:label2\" content=\"Verf\u00fcgbarkeit\" \/>\n\t<meta name=\"twitter:data2\" content=\"Auf Lager\" \/>\n<script type=\"application\/ld+json\" class=\"yoast-schema-graph\">{\"@context\":\"https:\\\/\\\/schema.org\",\"@graph\":[{\"@type\":\"WebPage\",\"@id\":\"https:\\\/\\\/www.jootjeshaakcadeautjes.nl\\\/de\\\/produkt\\\/schluesselanhaenger-musketenhaken\\\/\",\"url\":\"https:\\\/\\\/www.jootjeshaakcadeautjes.nl\\\/de\\\/produkt\\\/schluesselanhaenger-musketenhaken\\\/\",\"name\":\"Musketenhaken mit Schl\u00fcsselring - 25 mm - Jootjes Haakcadeautjes\",\"isPartOf\":{\"@id\":\"https:\\\/\\\/www.jootjeshaakcadeautjes.nl\\\/de\\\/#website\"},\"primaryImageOfPage\":{\"@id\":\"https:\\\/\\\/www.jootjeshaakcadeautjes.nl\\\/de\\\/produkt\\\/schluesselanhaenger-musketenhaken\\\/#primaryimage\"},\"image\":{\"@id\":\"https:\\\/\\\/www.jootjeshaakcadeautjes.nl\\\/de\\\/produkt\\\/schluesselanhaenger-musketenhaken\\\/#primaryimage\"},\"thumbnailUrl\":\"https:\\\/\\\/d1dyryakdmle7o.cloudfront.net\\\/wp-content\\\/uploads\\\/2022\\\/05\\\/20220501_121102.jpg\",\"datePublished\":\"2019-11-26T19:29:08+00:00\",\"dateModified\":\"2025-09-17T11:47:44+00:00\",\"description\":\"Schl\u00fcsselanh\u00e4nger mit Musketenhaken finden Sie bei JootjesHaakcadeautjes.nl. Ideal f\u00fcr die Herstellung von handgeh\u00e4kelten Schl\u00fcsselanh\u00e4ngern oder Gl\u00fcckspuppen, z. B. f\u00fcr ein Gruppenangebot in einer Grundschule. Der Musketenhaken macht den Anh\u00e4nger ideal zum Befestigen an einer Tasche oder einem Schl\u00fcsselbund.\",\"breadcrumb\":{\"@id\":\"https:\\\/\\\/www.jootjeshaakcadeautjes.nl\\\/de\\\/produkt\\\/schluesselanhaenger-musketenhaken\\\/#breadcrumb\"},\"inLanguage\":\"de\",\"potentialAction\":[{\"@type\":\"ReadAction\",\"target\":[\"https:\\\/\\\/www.jootjeshaakcadeautjes.nl\\\/de\\\/produkt\\\/schluesselanhaenger-musketenhaken\\\/\"]}]},{\"@type\":\"ImageObject\",\"inLanguage\":\"de\",\"@id\":\"https:\\\/\\\/www.jootjeshaakcadeautjes.nl\\\/de\\\/produkt\\\/schluesselanhaenger-musketenhaken\\\/#primaryimage\",\"url\":\"https:\\\/\\\/d1dyryakdmle7o.cloudfront.net\\\/wp-content\\\/uploads\\\/2022\\\/05\\\/20220501_121102.jpg\",\"contentUrl\":\"https:\\\/\\\/d1dyryakdmle7o.cloudfront.net\\\/wp-content\\\/uploads\\\/2022\\\/05\\\/20220501_121102.jpg\",\"width\":1972,\"height\":1972,\"caption\":\"Musketenhaken Schl\u00fcsselanh\u00e4nger Gl\u00fcckspuppe Silikonperlen mit Namen\"},{\"@type\":\"BreadcrumbList\",\"@id\":\"https:\\\/\\\/www.jootjeshaakcadeautjes.nl\\\/de\\\/produkt\\\/schluesselanhaenger-musketenhaken\\\/#breadcrumb\",\"itemListElement\":[{\"@type\":\"ListItem\",\"position\":1,\"name\":\"Startseite\",\"item\":\"https:\\\/\\\/www.jootjeshaakcadeautjes.nl\\\/de\\\/\"},{\"@type\":\"ListItem\",\"position\":2,\"name\":\"Gro\u00dfhandel mit Silikonperlen &#8211; Business und Consumer\",\"item\":\"https:\\\/\\\/www.jootjeshaakcadeautjes.nl\\\/de\\\/shop\\\/\"},{\"@type\":\"ListItem\",\"position\":3,\"name\":\"Musketenhaken mit Schl\u00fcsselring &#8211; 25 mm\"}]},{\"@type\":\"WebSite\",\"@id\":\"https:\\\/\\\/www.jootjeshaakcadeautjes.nl\\\/de\\\/#website\",\"url\":\"https:\\\/\\\/www.jootjeshaakcadeautjes.nl\\\/de\\\/\",\"name\":\"Jootjes Haakcadeautjes\",\"description\":\"Silikonperlen Gro\u00dfhandel \",\"publisher\":{\"@id\":\"https:\\\/\\\/www.jootjeshaakcadeautjes.nl\\\/de\\\/#organization\"},\"potentialAction\":[{\"@type\":\"SearchAction\",\"target\":{\"@type\":\"EntryPoint\",\"urlTemplate\":\"https:\\\/\\\/www.jootjeshaakcadeautjes.nl\\\/de\\\/?s={search_term_string}\"},\"query-input\":{\"@type\":\"PropertyValueSpecification\",\"valueRequired\":true,\"valueName\":\"search_term_string\"}}],\"inLanguage\":\"de\"},{\"@type\":\"Organization\",\"@id\":\"https:\\\/\\\/www.jootjeshaakcadeautjes.nl\\\/de\\\/#organization\",\"name\":\"Jootjes Haakcadeautjes\",\"url\":\"https:\\\/\\\/www.jootjeshaakcadeautjes.nl\\\/de\\\/\",\"logo\":{\"@type\":\"ImageObject\",\"inLanguage\":\"de\",\"@id\":\"https:\\\/\\\/www.jootjeshaakcadeautjes.nl\\\/de\\\/#\\\/schema\\\/logo\\\/image\\\/\",\"url\":\"https:\\\/\\\/d1dyryakdmle7o.cloudfront.net\\\/wp-content\\\/uploads\\\/2023\\\/05\\\/Logo-rond.png\",\"contentUrl\":\"https:\\\/\\\/d1dyryakdmle7o.cloudfront.net\\\/wp-content\\\/uploads\\\/2023\\\/05\\\/Logo-rond.png\",\"width\":1222,\"height\":1222,\"caption\":\"Jootjes Haakcadeautjes\"},\"image\":{\"@id\":\"https:\\\/\\\/www.jootjeshaakcadeautjes.nl\\\/de\\\/#\\\/schema\\\/logo\\\/image\\\/\"}}]}<\/script>\n<meta property=\"product:price:amount\" content=\"0.50\" \/>\n<meta property=\"product:price:currency\" content=\"EUR\" \/>\n<meta property=\"og:availability\" content=\"instock\" \/>\n<meta property=\"product:availability\" content=\"instock\" \/>\n<meta property=\"product:retailer_item_id\" content=\"SLH-MUS-HAA\" \/>\n<meta property=\"product:condition\" content=\"new\" \/>\n<!-- \/ Yoast SEO Premium plugin. -->","yoast_head_json":{"title":"Musketenhaken mit Schl\u00fcsselring - 25 mm - Jootjes Haakcadeautjes","description":"Schl\u00fcsselanh\u00e4nger mit Musketenhaken finden Sie bei JootjesHaakcadeautjes.nl. Ideal f\u00fcr die Herstellung von handgeh\u00e4kelten Schl\u00fcsselanh\u00e4ngern oder Gl\u00fcckspuppen, z. B. f\u00fcr ein Gruppenangebot in einer Grundschule. Der Musketenhaken macht den Anh\u00e4nger ideal zum Befestigen an einer Tasche oder einem Schl\u00fcsselbund.","robots":{"index":"index","follow":"follow","max-snippet":"max-snippet:-1","max-image-preview":"max-image-preview:large","max-video-preview":"max-video-preview:-1"},"canonical":"https:\/\/www.jootjeshaakcadeautjes.nl\/de\/produkt\/schluesselanhaenger-musketenhaken\/","og_locale":"de_DE","og_type":"article","og_title":"Musketenhaken mit Schl\u00fcsselring - 25 mm","og_description":"Schl\u00fcsselanh\u00e4nger mit Musketenhaken finden Sie bei JootjesHaakcadeautjes.nl. Ideal f\u00fcr die Herstellung von handgeh\u00e4kelten Schl\u00fcsselanh\u00e4ngern oder Gl\u00fcckspuppen, z. B. f\u00fcr ein Gruppenangebot in einer Grundschule. Der Musketenhaken macht den Anh\u00e4nger ideal zum Befestigen an einer Tasche oder einem Schl\u00fcsselbund.","og_url":"https:\/\/www.jootjeshaakcadeautjes.nl\/de\/produkt\/schluesselanhaenger-musketenhaken\/","og_site_name":"Jootjes Haakcadeautjes","article_modified_time":"2025-09-17T11:47:44+00:00","og_image":[{"width":1972,"height":1972,"url":"https:\/\/www.jootjeshaakcadeautjes.nl\/wp-content\/uploads\/2022\/05\/20220501_121102.jpg","type":"image\/jpeg"}],"twitter_card":"summary_large_image","twitter_misc":{"Preis":"&euro;0.50 inkl. MwSt.","Verf\u00fcgbarkeit":"Auf Lager"},"schema":{"@context":"https:\/\/schema.org","@graph":[{"@type":"WebPage","@id":"https:\/\/www.jootjeshaakcadeautjes.nl\/de\/produkt\/schluesselanhaenger-musketenhaken\/","url":"https:\/\/www.jootjeshaakcadeautjes.nl\/de\/produkt\/schluesselanhaenger-musketenhaken\/","name":"Musketenhaken mit Schl\u00fcsselring - 25 mm - Jootjes Haakcadeautjes","isPartOf":{"@id":"https:\/\/www.jootjeshaakcadeautjes.nl\/de\/#website"},"primaryImageOfPage":{"@id":"https:\/\/www.jootjeshaakcadeautjes.nl\/de\/produkt\/schluesselanhaenger-musketenhaken\/#primaryimage"},"image":{"@id":"https:\/\/www.jootjeshaakcadeautjes.nl\/de\/produkt\/schluesselanhaenger-musketenhaken\/#primaryimage"},"thumbnailUrl":"https:\/\/d1dyryakdmle7o.cloudfront.net\/wp-content\/uploads\/2022\/05\/20220501_121102.jpg","datePublished":"2019-11-26T19:29:08+00:00","dateModified":"2025-09-17T11:47:44+00:00","description":"Schl\u00fcsselanh\u00e4nger mit Musketenhaken finden Sie bei JootjesHaakcadeautjes.nl. Ideal f\u00fcr die Herstellung von handgeh\u00e4kelten Schl\u00fcsselanh\u00e4ngern oder Gl\u00fcckspuppen, z. B. f\u00fcr ein Gruppenangebot in einer Grundschule. Der Musketenhaken macht den Anh\u00e4nger ideal zum Befestigen an einer Tasche oder einem Schl\u00fcsselbund.","breadcrumb":{"@id":"https:\/\/www.jootjeshaakcadeautjes.nl\/de\/produkt\/schluesselanhaenger-musketenhaken\/#breadcrumb"},"inLanguage":"de","potentialAction":[{"@type":"ReadAction","target":["https:\/\/www.jootjeshaakcadeautjes.nl\/de\/produkt\/schluesselanhaenger-musketenhaken\/"]}]},{"@type":"ImageObject","inLanguage":"de","@id":"https:\/\/www.jootjeshaakcadeautjes.nl\/de\/produkt\/schluesselanhaenger-musketenhaken\/#primaryimage","url":"https:\/\/d1dyryakdmle7o.cloudfront.net\/wp-content\/uploads\/2022\/05\/20220501_121102.jpg","contentUrl":"https:\/\/d1dyryakdmle7o.cloudfront.net\/wp-content\/uploads\/2022\/05\/20220501_121102.jpg","width":1972,"height":1972,"caption":"Musketenhaken Schl\u00fcsselanh\u00e4nger Gl\u00fcckspuppe Silikonperlen mit Namen"},{"@type":"BreadcrumbList","@id":"https:\/\/www.jootjeshaakcadeautjes.nl\/de\/produkt\/schluesselanhaenger-musketenhaken\/#breadcrumb","itemListElement":[{"@type":"ListItem","position":1,"name":"Startseite","item":"https:\/\/www.jootjeshaakcadeautjes.nl\/de\/"},{"@type":"ListItem","position":2,"name":"Gro\u00dfhandel mit Silikonperlen &#8211; Business und Consumer","item":"https:\/\/www.jootjeshaakcadeautjes.nl\/de\/shop\/"},{"@type":"ListItem","position":3,"name":"Musketenhaken mit Schl\u00fcsselring &#8211; 25 mm"}]},{"@type":"WebSite","@id":"https:\/\/www.jootjeshaakcadeautjes.nl\/de\/#website","url":"https:\/\/www.jootjeshaakcadeautjes.nl\/de\/","name":"Jootjes Haakcadeautjes","description":"Silikonperlen Gro\u00dfhandel ","publisher":{"@id":"https:\/\/www.jootjeshaakcadeautjes.nl\/de\/#organization"},"potentialAction":[{"@type":"SearchAction","target":{"@type":"EntryPoint","urlTemplate":"https:\/\/www.jootjeshaakcadeautjes.nl\/de\/?s={search_term_string}"},"query-input":{"@type":"PropertyValueSpecification","valueRequired":true,"valueName":"search_term_string"}}],"inLanguage":"de"},{"@type":"Organization","@id":"https:\/\/www.jootjeshaakcadeautjes.nl\/de\/#organization","name":"Jootjes Haakcadeautjes","url":"https:\/\/www.jootjeshaakcadeautjes.nl\/de\/","logo":{"@type":"ImageObject","inLanguage":"de","@id":"https:\/\/www.jootjeshaakcadeautjes.nl\/de\/#\/schema\/logo\/image\/","url":"https:\/\/d1dyryakdmle7o.cloudfront.net\/wp-content\/uploads\/2023\/05\/Logo-rond.png","contentUrl":"https:\/\/d1dyryakdmle7o.cloudfront.net\/wp-content\/uploads\/2023\/05\/Logo-rond.png","width":1222,"height":1222,"caption":"Jootjes Haakcadeautjes"},"image":{"@id":"https:\/\/www.jootjeshaakcadeautjes.nl\/de\/#\/schema\/logo\/image\/"}}]},"product_price_amount":"0.50","product_price_currency":"EUR","og_availability":"instock","product_availability":"instock","product_retailer_item_id":"SLH-MUS-HAA","product_condition":"new"},"_links":{"self":[{"href":"https:\/\/www.jootjeshaakcadeautjes.nl\/de\/wp-json\/wp\/v2\/product\/123090","targetHints":{"allow":["GET"]}}],"collection":[{"href":"https:\/\/www.jootjeshaakcadeautjes.nl\/de\/wp-json\/wp\/v2\/product"}],"about":[{"href":"https:\/\/www.jootjeshaakcadeautjes.nl\/de\/wp-json\/wp\/v2\/types\/product"}],"version-history":[{"count":0,"href":"https:\/\/www.jootjeshaakcadeautjes.nl\/de\/wp-json\/wp\/v2\/product\/123090\/revisions"}],"wp:featuredmedia":[{"embeddable":true,"href":"https:\/\/www.jootjeshaakcadeautjes.nl\/de\/wp-json\/wp\/v2\/media\/80333"}],"wp:attachment":[{"href":"https:\/\/www.jootjeshaakcadeautjes.nl\/de\/wp-json\/wp\/v2\/media?parent=123090"}],"wp:term":[{"taxonomy":"product_brand","embeddable":true,"href":"https:\/\/www.jootjeshaakcadeautjes.nl\/de\/wp-json\/wp\/v2\/product_brand?post=123090"},{"taxonomy":"product_cat","embeddable":true,"href":"https:\/\/www.jootjeshaakcadeautjes.nl\/de\/wp-json\/wp\/v2\/product_cat?post=123090"},{"taxonomy":"product_tag","embeddable":true,"href":"https:\/\/www.jootjeshaakcadeautjes.nl\/de\/wp-json\/wp\/v2\/product_tag?post=123090"}],"curies":[{"name":"wp","href":"https:\/\/api.w.org\/{rel}","templated":true}]}}