{"id":123111,"date":"2019-06-01T21:04:26","date_gmt":"2019-06-01T20:04:26","guid":{"rendered":"https:\/\/www.jootjeshaakcadeautjes.nl\/product\/maschenmarkierer-anhaenger-blume\/"},"modified":"2025-03-11T02:50:11","modified_gmt":"2025-03-11T01:50:11","slug":"maschenmarkierer-anhaenger-blume","status":"publish","type":"product","link":"https:\/\/www.jootjeshaakcadeautjes.nl\/de\/produkt\/maschenmarkierer-anhaenger-blume\/","title":{"rendered":"Stickmarker-Anh\u00e4nger Blume"},"content":{"rendered":"<h1>Stitch Marker Anh\u00e4nger Blume Silber Metall<\/h1>\n<p>Der Stichmarkierer mit anh\u00e4ngender Blume ist aus rostfreiem Stahl gefertigt. Sowohl der Stichmarkierer selbst als auch der h\u00fcbsche runde Anh\u00e4nger mit Blumen sind daraus gefertigt. Diese Metallstichmarker mit Blumenanh\u00e4nger haben eine schlanke, d\u00fcnne Spitze. So k\u00f6nnen Sie den Stichmarkierer noch leichter einf\u00fchren als bei einem <a href=\"https:\/\/www.jootjeshaakcadeautjes.nl\/de\/produkt\/maschenmarkierer\/\">Kunststoff-Stichmarkierer<\/a>. Arbeiten Sie mit feinem Garn? Dann funktioniert dieser Metallstichmarker perfekt.<\/p>\n<p>Werden einzeln verkauft. Auf diese Weise k\u00f6nnen Sie entscheiden, welche Stichmarkierungen und Anh\u00e4nger Sie kombinieren m\u00f6chten.<\/p>\n<p>Die Stichmarkierungen finden Sie auch in den Varianten:<\/p>\n<ul>\n<li><a href=\"https:\/\/www.jootjeshaakcadeautjes.nl\/de\/produkt\/stichmarkierung-anhaenger-kleeblatt-vier\/\">Stick Marker Anh\u00e4nger vierbl\u00e4ttriges Kleeblatt<\/a><\/li>\n<li><a href=\"https:\/\/www.jootjeshaakcadeautjes.nl\/de\/produkt\/stichmarkierungs-anhaenger-herz\/\">Stitchmarker Anh\u00e4nger Herz<\/a><\/li>\n<li><a href=\"https:\/\/www.jootjeshaakcadeautjes.nl\/de\/produkt\/stitch-marker-anhaenger-eule\/\">Stick Marker Anh\u00e4nger Eule<\/a><\/li>\n<\/ul>\n<p>Sie finden die Stichmarker hier auch aus <a href=\"https:\/\/www.jootjeshaakcadeautjes.nl\/de\/produkt\/maschenmarkierer\/\">Kunststoff<\/a> oder als <a href=\"https:\/\/www.jootjeshaakcadeautjes.nl\/product\/metalen-steekmarkeerders-20-stuks\/\">Edelstahl-Stichmarker ohne Aufh\u00e4nger.<\/a><\/p>\n","protected":false},"excerpt":{"rendered":"<h1>Stitch Marker Anh\u00e4nger Blume Silber Metall<\/h1>\n<p>Die Stabmarker sind aus feinem Metall, was das Einf\u00fchren des Stabmarkers in die Arbeit einfacher macht als manchmal bei einem <a href=\"https:\/\/www.jootjeshaakcadeautjes.nl\/product\/steekmarkeerders\/\">Kunststoffmarker<\/a>. Vor allem, wenn Sie mit feinerem Garn arbeiten. Der Stitchmaker mit Anh\u00e4nger Blume ist einzeln erh\u00e4ltlich. So k\u00f6nnen Sie selbst entscheiden, welche Menge Sie bestellen m\u00f6chten und ob Sie es mit einer der anderen Varianten kombinieren m\u00f6chten.<\/p>\n","protected":false},"featured_media":0,"template":"","meta":[],"product_brand":[],"product_cat":[8247,9764],"product_tag":[7981,9773,9771,9765,9653],"class_list":{"0":"post-123111","1":"product","2":"type-product","3":"status-publish","5":"product_cat-bastelmaterial-hakelzubehor","6":"product_cat-markierungsstifte-und-umdrehungszahler","7":"product_tag-blume","8":"product_tag-maschenmarkierer","9":"product_tag-maschenmarkierer-mit-anhanger","10":"product_tag-sicherheitsnadel","11":"product_tag-silber-metall","13":"first","14":"outofstock","15":"taxable","16":"shipping-taxable","17":"purchasable","18":"product-type-simple"},"bundled_by":[],"bundle_stock_status":"outofstock","bundle_stock_quantity":0,"bundle_virtual":false,"bundle_layout":"","bundle_add_to_cart_form_location":"","bundle_editable_in_cart":false,"bundle_sold_individually_context":"","bundle_item_grouping":"","bundle_min_size":"","bundle_max_size":"","bundle_price":[],"bundled_items":[],"bundle_sell_ids":[],"yoast_head":"<!-- This site is optimized with the Yoast SEO Premium plugin v27.6 (Yoast SEO v27.6) - https:\/\/yoast.com\/product\/yoast-seo-premium-wordpress\/ -->\n<title>Stickmarker-Anh\u00e4nger Blume - Jootjes Haakcadeautjes<\/title>\n<meta name=\"description\" content=\"Stitch Marker Silber mit einem h\u00fcbschen Anh\u00e4nger mit Blumen. Wundersch\u00f6n anzusehen und der Anh\u00e4nger macht es noch einfacher, den Stichmarker zu finden!\" \/>\n<meta name=\"robots\" content=\"index, follow, max-snippet:-1, max-image-preview:large, max-video-preview:-1\" \/>\n<link rel=\"canonical\" href=\"https:\/\/www.jootjeshaakcadeautjes.nl\/de\/produkt\/maschenmarkierer-anhaenger-blume\/\" \/>\n<meta property=\"og:locale\" content=\"de_DE\" \/>\n<meta property=\"og:type\" content=\"article\" \/>\n<meta property=\"og:title\" content=\"Stickmarker-Anh\u00e4nger Blume\" \/>\n<meta property=\"og:description\" content=\"Stitch Marker Silber mit einem h\u00fcbschen Anh\u00e4nger mit Blumen. Wundersch\u00f6n anzusehen und der Anh\u00e4nger macht es noch einfacher, den Stichmarker zu finden!\" \/>\n<meta property=\"og:url\" content=\"https:\/\/www.jootjeshaakcadeautjes.nl\/de\/produkt\/maschenmarkierer-anhaenger-blume\/\" \/>\n<meta property=\"og:site_name\" content=\"Jootjes Haakcadeautjes\" \/>\n<meta property=\"article:modified_time\" content=\"2025-03-11T01:50:11+00:00\" \/>\n<meta name=\"twitter:card\" content=\"summary_large_image\" \/>\n<meta name=\"twitter:label1\" content=\"Preis\" \/>\n\t<meta name=\"twitter:data1\" content=\"&euro;0.40 inkl. MwSt.\" \/>\n\t<meta name=\"twitter:label2\" content=\"Verf\u00fcgbarkeit\" \/>\n\t<meta name=\"twitter:data2\" content=\"ausverkauft\" \/>\n<script type=\"application\/ld+json\" class=\"yoast-schema-graph\">{\"@context\":\"https:\\\/\\\/schema.org\",\"@graph\":[{\"@type\":\"WebPage\",\"@id\":\"https:\\\/\\\/www.jootjeshaakcadeautjes.nl\\\/de\\\/produkt\\\/maschenmarkierer-anhaenger-blume\\\/\",\"url\":\"https:\\\/\\\/www.jootjeshaakcadeautjes.nl\\\/de\\\/produkt\\\/maschenmarkierer-anhaenger-blume\\\/\",\"name\":\"Stickmarker-Anh\u00e4nger Blume - Jootjes Haakcadeautjes\",\"isPartOf\":{\"@id\":\"https:\\\/\\\/www.jootjeshaakcadeautjes.nl\\\/de\\\/#website\"},\"datePublished\":\"2019-06-01T20:04:26+00:00\",\"dateModified\":\"2025-03-11T01:50:11+00:00\",\"description\":\"Stitch Marker Silber mit einem h\u00fcbschen Anh\u00e4nger mit Blumen. Wundersch\u00f6n anzusehen und der Anh\u00e4nger macht es noch einfacher, den Stichmarker zu finden!\",\"breadcrumb\":{\"@id\":\"https:\\\/\\\/www.jootjeshaakcadeautjes.nl\\\/de\\\/produkt\\\/maschenmarkierer-anhaenger-blume\\\/#breadcrumb\"},\"inLanguage\":\"de\",\"potentialAction\":[{\"@type\":\"ReadAction\",\"target\":[\"https:\\\/\\\/www.jootjeshaakcadeautjes.nl\\\/de\\\/produkt\\\/maschenmarkierer-anhaenger-blume\\\/\"]}]},{\"@type\":\"BreadcrumbList\",\"@id\":\"https:\\\/\\\/www.jootjeshaakcadeautjes.nl\\\/de\\\/produkt\\\/maschenmarkierer-anhaenger-blume\\\/#breadcrumb\",\"itemListElement\":[{\"@type\":\"ListItem\",\"position\":1,\"name\":\"Startseite\",\"item\":\"https:\\\/\\\/www.jootjeshaakcadeautjes.nl\\\/de\\\/\"},{\"@type\":\"ListItem\",\"position\":2,\"name\":\"Gro\u00dfhandel mit Silikonperlen &#8211; Business und Consumer\",\"item\":\"https:\\\/\\\/www.jootjeshaakcadeautjes.nl\\\/de\\\/shop\\\/\"},{\"@type\":\"ListItem\",\"position\":3,\"name\":\"Stickmarker-Anh\u00e4nger Blume\"}]},{\"@type\":\"WebSite\",\"@id\":\"https:\\\/\\\/www.jootjeshaakcadeautjes.nl\\\/de\\\/#website\",\"url\":\"https:\\\/\\\/www.jootjeshaakcadeautjes.nl\\\/de\\\/\",\"name\":\"Jootjes Haakcadeautjes\",\"description\":\"Silikonperlen Gro\u00dfhandel \",\"publisher\":{\"@id\":\"https:\\\/\\\/www.jootjeshaakcadeautjes.nl\\\/de\\\/#organization\"},\"potentialAction\":[{\"@type\":\"SearchAction\",\"target\":{\"@type\":\"EntryPoint\",\"urlTemplate\":\"https:\\\/\\\/www.jootjeshaakcadeautjes.nl\\\/de\\\/?s={search_term_string}\"},\"query-input\":{\"@type\":\"PropertyValueSpecification\",\"valueRequired\":true,\"valueName\":\"search_term_string\"}}],\"inLanguage\":\"de\"},{\"@type\":\"Organization\",\"@id\":\"https:\\\/\\\/www.jootjeshaakcadeautjes.nl\\\/de\\\/#organization\",\"name\":\"Jootjes Haakcadeautjes\",\"url\":\"https:\\\/\\\/www.jootjeshaakcadeautjes.nl\\\/de\\\/\",\"logo\":{\"@type\":\"ImageObject\",\"inLanguage\":\"de\",\"@id\":\"https:\\\/\\\/www.jootjeshaakcadeautjes.nl\\\/de\\\/#\\\/schema\\\/logo\\\/image\\\/\",\"url\":\"https:\\\/\\\/d1dyryakdmle7o.cloudfront.net\\\/wp-content\\\/uploads\\\/2023\\\/05\\\/Logo-rond.png\",\"contentUrl\":\"https:\\\/\\\/d1dyryakdmle7o.cloudfront.net\\\/wp-content\\\/uploads\\\/2023\\\/05\\\/Logo-rond.png\",\"width\":1222,\"height\":1222,\"caption\":\"Jootjes Haakcadeautjes\"},\"image\":{\"@id\":\"https:\\\/\\\/www.jootjeshaakcadeautjes.nl\\\/de\\\/#\\\/schema\\\/logo\\\/image\\\/\"}}]}<\/script>\n<meta property=\"product:price:amount\" content=\"0.40\" \/>\n<meta property=\"product:price:currency\" content=\"EUR\" \/>\n<meta property=\"og:availability\" content=\"out of stock\" \/>\n<meta property=\"product:availability\" content=\"out of stock\" \/>\n<meta property=\"product:retailer_item_id\" content=\"STM-HAN-BLO\" \/>\n<meta property=\"product:condition\" content=\"new\" \/>\n<!-- \/ Yoast SEO Premium plugin. -->","yoast_head_json":{"title":"Stickmarker-Anh\u00e4nger Blume - Jootjes Haakcadeautjes","description":"Stitch Marker Silber mit einem h\u00fcbschen Anh\u00e4nger mit Blumen. Wundersch\u00f6n anzusehen und der Anh\u00e4nger macht es noch einfacher, den Stichmarker zu finden!","robots":{"index":"index","follow":"follow","max-snippet":"max-snippet:-1","max-image-preview":"max-image-preview:large","max-video-preview":"max-video-preview:-1"},"canonical":"https:\/\/www.jootjeshaakcadeautjes.nl\/de\/produkt\/maschenmarkierer-anhaenger-blume\/","og_locale":"de_DE","og_type":"article","og_title":"Stickmarker-Anh\u00e4nger Blume","og_description":"Stitch Marker Silber mit einem h\u00fcbschen Anh\u00e4nger mit Blumen. Wundersch\u00f6n anzusehen und der Anh\u00e4nger macht es noch einfacher, den Stichmarker zu finden!","og_url":"https:\/\/www.jootjeshaakcadeautjes.nl\/de\/produkt\/maschenmarkierer-anhaenger-blume\/","og_site_name":"Jootjes Haakcadeautjes","article_modified_time":"2025-03-11T01:50:11+00:00","twitter_card":"summary_large_image","twitter_misc":{"Preis":"&euro;0.40 inkl. MwSt.","Verf\u00fcgbarkeit":"ausverkauft"},"schema":{"@context":"https:\/\/schema.org","@graph":[{"@type":"WebPage","@id":"https:\/\/www.jootjeshaakcadeautjes.nl\/de\/produkt\/maschenmarkierer-anhaenger-blume\/","url":"https:\/\/www.jootjeshaakcadeautjes.nl\/de\/produkt\/maschenmarkierer-anhaenger-blume\/","name":"Stickmarker-Anh\u00e4nger Blume - Jootjes Haakcadeautjes","isPartOf":{"@id":"https:\/\/www.jootjeshaakcadeautjes.nl\/de\/#website"},"datePublished":"2019-06-01T20:04:26+00:00","dateModified":"2025-03-11T01:50:11+00:00","description":"Stitch Marker Silber mit einem h\u00fcbschen Anh\u00e4nger mit Blumen. Wundersch\u00f6n anzusehen und der Anh\u00e4nger macht es noch einfacher, den Stichmarker zu finden!","breadcrumb":{"@id":"https:\/\/www.jootjeshaakcadeautjes.nl\/de\/produkt\/maschenmarkierer-anhaenger-blume\/#breadcrumb"},"inLanguage":"de","potentialAction":[{"@type":"ReadAction","target":["https:\/\/www.jootjeshaakcadeautjes.nl\/de\/produkt\/maschenmarkierer-anhaenger-blume\/"]}]},{"@type":"BreadcrumbList","@id":"https:\/\/www.jootjeshaakcadeautjes.nl\/de\/produkt\/maschenmarkierer-anhaenger-blume\/#breadcrumb","itemListElement":[{"@type":"ListItem","position":1,"name":"Startseite","item":"https:\/\/www.jootjeshaakcadeautjes.nl\/de\/"},{"@type":"ListItem","position":2,"name":"Gro\u00dfhandel mit Silikonperlen &#8211; Business und Consumer","item":"https:\/\/www.jootjeshaakcadeautjes.nl\/de\/shop\/"},{"@type":"ListItem","position":3,"name":"Stickmarker-Anh\u00e4nger Blume"}]},{"@type":"WebSite","@id":"https:\/\/www.jootjeshaakcadeautjes.nl\/de\/#website","url":"https:\/\/www.jootjeshaakcadeautjes.nl\/de\/","name":"Jootjes Haakcadeautjes","description":"Silikonperlen Gro\u00dfhandel ","publisher":{"@id":"https:\/\/www.jootjeshaakcadeautjes.nl\/de\/#organization"},"potentialAction":[{"@type":"SearchAction","target":{"@type":"EntryPoint","urlTemplate":"https:\/\/www.jootjeshaakcadeautjes.nl\/de\/?s={search_term_string}"},"query-input":{"@type":"PropertyValueSpecification","valueRequired":true,"valueName":"search_term_string"}}],"inLanguage":"de"},{"@type":"Organization","@id":"https:\/\/www.jootjeshaakcadeautjes.nl\/de\/#organization","name":"Jootjes Haakcadeautjes","url":"https:\/\/www.jootjeshaakcadeautjes.nl\/de\/","logo":{"@type":"ImageObject","inLanguage":"de","@id":"https:\/\/www.jootjeshaakcadeautjes.nl\/de\/#\/schema\/logo\/image\/","url":"https:\/\/d1dyryakdmle7o.cloudfront.net\/wp-content\/uploads\/2023\/05\/Logo-rond.png","contentUrl":"https:\/\/d1dyryakdmle7o.cloudfront.net\/wp-content\/uploads\/2023\/05\/Logo-rond.png","width":1222,"height":1222,"caption":"Jootjes Haakcadeautjes"},"image":{"@id":"https:\/\/www.jootjeshaakcadeautjes.nl\/de\/#\/schema\/logo\/image\/"}}]},"product_price_amount":"0.40","product_price_currency":"EUR","og_availability":"out of stock","product_availability":"out of stock","product_retailer_item_id":"STM-HAN-BLO","product_condition":"new"},"_links":{"self":[{"href":"https:\/\/www.jootjeshaakcadeautjes.nl\/de\/wp-json\/wp\/v2\/product\/123111","targetHints":{"allow":["GET"]}}],"collection":[{"href":"https:\/\/www.jootjeshaakcadeautjes.nl\/de\/wp-json\/wp\/v2\/product"}],"about":[{"href":"https:\/\/www.jootjeshaakcadeautjes.nl\/de\/wp-json\/wp\/v2\/types\/product"}],"version-history":[{"count":0,"href":"https:\/\/www.jootjeshaakcadeautjes.nl\/de\/wp-json\/wp\/v2\/product\/123111\/revisions"}],"wp:attachment":[{"href":"https:\/\/www.jootjeshaakcadeautjes.nl\/de\/wp-json\/wp\/v2\/media?parent=123111"}],"wp:term":[{"taxonomy":"product_brand","embeddable":true,"href":"https:\/\/www.jootjeshaakcadeautjes.nl\/de\/wp-json\/wp\/v2\/product_brand?post=123111"},{"taxonomy":"product_cat","embeddable":true,"href":"https:\/\/www.jootjeshaakcadeautjes.nl\/de\/wp-json\/wp\/v2\/product_cat?post=123111"},{"taxonomy":"product_tag","embeddable":true,"href":"https:\/\/www.jootjeshaakcadeautjes.nl\/de\/wp-json\/wp\/v2\/product_tag?post=123111"}],"curies":[{"name":"wp","href":"https:\/\/api.w.org\/{rel}","templated":true}]}}