{"id":123148,"date":"2017-05-11T19:09:36","date_gmt":"2017-05-11T17:09:36","guid":{"rendered":"https:\/\/www.jootjeshaakcadeautjes.nl\/product\/haekelnadelset-softgrip-komplett\/"},"modified":"2025-03-11T02:48:54","modified_gmt":"2025-03-11T01:48:54","slug":"haekelnadelset-softgrip-komplett","status":"publish","type":"product","link":"https:\/\/www.jootjeshaakcadeautjes.nl\/de\/produkt\/haekelnadelset-softgrip-komplett\/","title":{"rendered":"H\u00e4kelnadeln Set Softgrip komplett &#8211; 22 St\u00fcck &#8211; 0,5 &#8211; 8,0 mm"},"content":{"rendered":"<h5><strong>H\u00e4kelnadeln Set soft grip &#8211; Mega H\u00e4kelnadeln Set 20 St\u00fcck!<\/strong><\/h5>\n<h5><strong>H\u00e4kelnadelgr\u00f6\u00dfen: 0,5 bis 8,0 mm<\/strong><\/h5>\n<p><span style=\"color: #000000;\">Preisg\u00fcnstiges H\u00e4kelnadelset mit ergonomisch geformten Softgrip-Griffen. Diese gute ergonomische Softgrip-H\u00e4kelnadel l<\/span><span style=\"color: #000000;\">igt super sch\u00f6n in der Hand, haben tolle Qualit\u00e4t und halten daher ewig! F\u00fchlen sich an wie die teureren Softgrip-\/Ergonomie-H\u00e4kelnadeln von bekannten teuren Marken, kosten aber nur einen Bruchteil. Sie kosten nur 1 Euro pro H\u00e4kelnadel und k\u00f6nnen direkt bei uns bestellt werden. Sie liegen genauso gut in der Hand wie die teuren H\u00e4kelnadeln und halten auch super lange.  <\/span><span style=\"color: #000000; font-size: 16px; font-style: normal; font-weight: 400;\">Das sind billige und haltbare H\u00e4kelnadeln!  <\/span><\/p>\n<p><span style=\"color: #000000; font-size: 16px;\">Das Mega-H\u00e4kelnadelset ist eine Zusatznutzen-Zusammenstellung des <\/span><a style=\"color: #000000;\" href=\"https:\/\/www.jootjeshaakcadeautjes.nl\/product\/softgrip-haaknaaldensetkleine-maten-10-stuks\/\">H\u00e4kelnadel-Set mit kleinen Gr\u00f6\u00dfen<\/a><span style=\"color: #000000; font-size: 16px;\"> und dem <\/span><a style=\"color: #000000;\" href=\"https:\/\/www.jootjeshaakcadeautjes.nl\/product\/haaknaaldenset-12-stuks\/\">umfangreichen H\u00e4kelnadelset der gro\u00dfen Gr\u00f6\u00dfen<\/a><span style=\"color: #000000; font-size: 16px;\">  und sind daher zu einem besonders g\u00fcnstigen Mengenpreis von nur 22,50 Euro erh\u00e4ltlich. Dabei haben Sie die 2,0-mm-H\u00e4kelnadel und die 2,5-mm-H\u00e4kelnadel in doppelter Ausf\u00fchrung. Dies ist die am h\u00e4ufigsten verwendete Gr\u00f6\u00dfe zum H\u00e4keln von Puppen als Amigurumi. Es ist also sch\u00f6n, dieses Doppel in Ihrem Set zu haben. Wie bereits erw\u00e4hnt, betr\u00e4gt der Preis pro H\u00e4kelnadel nur 1 Euro! Und das bei super Qualit\u00e4t! Dadurch ist das Set sowohl f\u00fcr Anf\u00e4nger als auch f\u00fcr Fortgeschrittene sehr gut geeignet. Sie k\u00f6nnen sofort mit allen Projekten beginnen, die Sie m\u00f6chten.<\/span><\/p>\n<p><span style=\"color: #000000;\">Wollen Sie erst einmal <a style=\"color: #000000;\" href=\"https:\/\/www.jootjeshaakcadeautjes.nl\/product\/losse-haaknaalden\/\">eine<\/a> ausprobieren oder wollen Sie zum Beispiel Ihre Lieblingsh\u00e4kelnadel mehr als einmal kaufen? Dann schauen Sie, welche H\u00e4kelnadeln wir noch <a style=\"color: #000000;\" href=\"https:\/\/www.jootjeshaakcadeautjes.nl\/product\/losse-haaknaalden\/\">einzeln<\/a> im Angebot haben oder starten Sie mit einem Amigurumi-Set (siehe Shop, Gr\u00f6\u00dfe 2,0 und 2,5 mm).<\/span><\/p>\n<h5><strong>Das Set enth\u00e4lt H\u00e4kelnadeln in den folgenden Gr\u00f6\u00dfen:<\/strong><\/h5>\n<p><span style=\"color: #000000;\">0,5 mm, 0,75 mm, 1,0 mm, 1,25 mm, 1,5 mm, 1,75 mm, 2x 2,0 mm, 2,25 mm, 2x 2,5 mm, 2,75 mm, 3,0 mm, 3,5 mm, 4,0 mm, 4,5 mm, 5,0 mm, 5,5 mm, 6,0 mm, 6,5 mm, 7,0 mm und 8,0 mm.<\/span><\/p>\n<h5><strong>Was empfehlen wir H\u00e4kelanf\u00e4ngern?<\/strong><\/h5>\n<p>Wenn Sie gerade erst mit dem H\u00e4keln beginnen, suchen Sie nach einem praktischen Set von H\u00e4kelzubeh\u00f6r, mit dem Sie schnell anfangen k\u00f6nnen. Unverzichtbar in diesem Zusammenhang sind unserer Meinung nach: Ein gro\u00dfer, preiswerter und feiner Satz H\u00e4kelnadeln, kombiniert mit mindestens einem Satz <a href=\"\/?product_cat=steekmarkeerders\">Maschenmarkierer<\/a>. Die Maschenmarkierer helfen beim H\u00e4keln, um zum Beispiel Teile von Stofftieren oder Granny Squares vor\u00fcbergehend zu befestigen. Au\u00dferdem k\u00f6nnen Sie sie verwenden, um den Beginn der Tour zu markieren. Zum Beispiel beim H\u00e4keln von Stofftieren\/Amigurumi. Es ist auch sch\u00f6n, einen Stichmarker durch die Schlaufe zu stecken, wenn Sie das Projekt vor\u00fcbergehend weglegen. Ihre Arbeit kann sich dann nicht l\u00f6sen, wenn Sie das Projekt weglegen. Au\u00dferdem ist eine Bastelschere in der Anf\u00e4ngerausr\u00fcstung immer gut aufgehoben. Bastelscheren finden Sie hier: <a href=\"https:\/\/www.jootjeshaakcadeautjes.nl\/de\/product-categorie\/bastelmaterial-hakelzubehor\/stickereischere\/\">Stickereischeren<\/a><\/p>\n","protected":false},"excerpt":{"rendered":"<p><span style=\"color: #000000;\"><br \/>\n  <strong>H\u00e4kelnadelset mit ergonomischem Softgrip<br \/>\nMega Set g<\/strong><br \/>\n<\/span><span style=\"color: #000000;\"><br \/>\n  <strong>gro\u00dfe und kleine Gr\u00f6\u00dfen H\u00e4kelnadeln<\/strong><br \/>\n<\/span><\/p>\n<p><span style=\"color: #000000;\">Softgrip-H\u00e4kelnadel-Set<\/span><br \/>\n<span style=\"color: #000000;\">Mega-Set mit 20 St\u00fcck H\u00e4kelnadeln!<\/span><br \/>\n<span style=\"color: #000000;\">H\u00e4kelnadeln der Gr\u00f6\u00dfe 0,5 bis 8,0 mm<\/span><\/p>\n<p><span style=\"color: #000000;\">Nur bei Jootjes Crochet Gifts! Das ideale H\u00e4kelnadel-Set f\u00fcr Anf\u00e4nger und Fortgeschrittene. Die H\u00e4kelnadeln liegen sehr gut in der Hand und sind daher auch f\u00fcr Menschen mit medizinischen Problemen an den H\u00e4nden geeignet. Wie sch\u00f6n, ohne Schmerzen h\u00e4keln zu k\u00f6nnen!<\/span><\/p>\n<p><span style=\"color: #000000;\">Das H\u00e4kelnadelset enth\u00e4lt insgesamt die folgenden H\u00e4kelnadelgr\u00f6\u00dfen:<\/span><br \/>\n<span style=\"color: #000000;\">0,5 mm, 0,75 mm, 1,0 mm, 1,25 mm,<\/span><br \/>\n<span style=\"color: #000000;\">1,5 mm, 1,75 mm, 2 x 2,0 mm, 2,25 mm,<\/span><br \/>\n<span style=\"color: #000000;\">2 x 2,5 mm, 2,75 mm, 3,0 mm, 3,5 mm,<\/span><br \/>\n<span style=\"color: #000000;\">4,0 mm, 4,5 mm, 5,0 mm, 5,5 mm,<\/span><br \/>\n<span style=\"color: #000000;\">6,0 mm, 6,5 mm, 7,0 mm und 8,0 mm.<\/span><\/p>\n<p><span style=\"color: #000000;\">Der Versand des H\u00e4kelnadel-Sets erfolgt einfach \u00fcber den Briefkasten!<\/span><\/p>\n<p><span style=\"color: #000000;\">Weitere Informationen finden Sie am Ende der Seite.<\/span><\/p>\n","protected":false},"featured_media":274155,"template":"","meta":[],"product_brand":[],"product_cat":[8247,9836],"product_tag":[9863,9865,9867,9871,9874,9876,9877,9878,9879,9893,9854,9880,9882,9884,9886,9887,9888,9889,9890,9891,9892,9844,9840,9859,9850,8508,9837,9853,9847,9762,9855,9851,9842],"class_list":{"0":"post-123148","1":"product","2":"type-product","3":"status-publish","4":"has-post-thumbnail","6":"product_cat-bastelmaterial-hakelzubehor","7":"product_cat-hakelnadeln","8":"product_tag-05-mm","9":"product_tag-075-mm","10":"product_tag-10-mm-de-2","11":"product_tag-125-mm","12":"product_tag-15-mm-de-2","13":"product_tag-175-mm","14":"product_tag-20-mm-de-2","15":"product_tag-225-mm","16":"product_tag-25-mm-de-2","17":"product_tag-275-mm","18":"product_tag-22-einheiten","19":"product_tag-30-mm-de-2","20":"product_tag-35-mm-de-2","21":"product_tag-40-mm","22":"product_tag-45-mm-de-2","23":"product_tag-50-mm-de-2","24":"product_tag-55-mm-de-2","25":"product_tag-60-mm","26":"product_tag-65-mm","27":"product_tag-70-mm","28":"product_tag-80-mm","29":"product_tag-einstellen","30":"product_tag-ergonomisch-de","31":"product_tag-fibromyalgie-de","32":"product_tag-hakeln-ohne-schmerzen","33":"product_tag-hakelnadel","34":"product_tag-hakelnadeln","35":"product_tag-hakelnadelset","36":"product_tag-klee-de-2","37":"product_tag-opry-de","38":"product_tag-prym-de","39":"product_tag-rheumatismus","40":"product_tag-weicher-griff","42":"first","43":"instock","44":"sale","45":"taxable","46":"shipping-taxable","47":"purchasable","48":"product-type-bundle"},"bundled_by":[],"bundle_stock_status":"instock","bundle_stock_quantity":12,"bundle_virtual":false,"bundle_layout":"default","bundle_add_to_cart_form_location":"default","bundle_editable_in_cart":false,"bundle_sold_individually_context":"product","bundle_item_grouping":"parent","bundle_min_size":"","bundle_max_size":"","bundle_price":{"price":{"min":{"incl_tax":"24.95","excl_tax":"20.619835"},"max":{"incl_tax":"24.95","excl_tax":"20.619835"}},"regular_price":{"min":{"incl_tax":"27.9","excl_tax":"23.057851"},"max":{"incl_tax":"27.9","excl_tax":"23.057851"}}},"bundled_items":[{"bundled_item_id":49370,"product_id":123290,"menu_order":0,"quantity_min":1,"quantity_max":1,"quantity_default":1,"priced_individually":false,"shipped_individually":false,"override_title":false,"title":"H\u00e4kelnadelset Softgrip Gr\u00f6\u00dfen: &#8220;small&#8221; &#8211; 10 St\u00fcck &#8211; 0,5-2,75 mm","override_description":true,"description":"","optional":false,"hide_thumbnail":false,"discount":"","override_variations":false,"allowed_variations":[""],"override_default_variation_attributes":false,"default_variation_attributes":[],"single_product_visibility":"visible","cart_visibility":"visible","order_visibility":"visible","single_product_price_visibility":"visible","cart_price_visibility":"visible","order_price_visibility":"visible","stock_status":"in_stock"},{"bundled_item_id":49371,"product_id":123316,"menu_order":1,"quantity_min":1,"quantity_max":1,"quantity_default":1,"priced_individually":false,"shipped_individually":false,"override_title":false,"title":"H\u00e4kelnadelset soft grip Gr\u00f6\u00dfen: &#8220;gro\u00df&#8221; &#8211; 12 St\u00fcck &#8211; 2,0-8,0 mm","override_description":true,"description":"","optional":false,"hide_thumbnail":false,"discount":"","override_variations":false,"allowed_variations":[""],"override_default_variation_attributes":false,"default_variation_attributes":[],"single_product_visibility":"visible","cart_visibility":"visible","order_visibility":"visible","single_product_price_visibility":"visible","cart_price_visibility":"visible","order_price_visibility":"visible","stock_status":"in_stock"}],"bundle_sell_ids":[],"yoast_head":"<!-- This site is optimized with the Yoast SEO Premium plugin v27.6 (Yoast SEO v27.6) - https:\/\/yoast.com\/product\/yoast-seo-premium-wordpress\/ -->\n<title>H\u00e4kelnadeln Set Softgrip ergonomisch| Mega Set H\u00e4kelnadeln 20 St\u00fcck<\/title>\n<meta name=\"description\" content=\"H\u00e4kelnadeln Set Softgrip gute ergonomische Set; Viele H\u00e4kelnadeln (22 St\u00fcck f\u00fcr 22 Euro). 0,5 mm bis 8,0 mm H\u00e4kelnadel und alle Zwischengr\u00f6\u00dfen von H\u00e4kelnadeln.\" \/>\n<meta name=\"robots\" content=\"index, follow, max-snippet:-1, max-image-preview:large, max-video-preview:-1\" \/>\n<link rel=\"canonical\" href=\"https:\/\/www.jootjeshaakcadeautjes.nl\/de\/produkt\/haekelnadelset-softgrip-komplett\/\" \/>\n<meta property=\"og:locale\" content=\"de_DE\" \/>\n<meta property=\"og:type\" content=\"article\" \/>\n<meta property=\"og:title\" content=\"H\u00e4kelnadeln Set Softgrip komplett - 22 St\u00fcck - 0,5 - 8,0 mm\" \/>\n<meta property=\"og:description\" content=\"H\u00e4kelnadeln Set Softgrip gute ergonomische Set; Viele H\u00e4kelnadeln (22 St\u00fcck f\u00fcr 22 Euro). 0,5 mm bis 8,0 mm H\u00e4kelnadel und alle Zwischengr\u00f6\u00dfen von H\u00e4kelnadeln.\" \/>\n<meta property=\"og:url\" content=\"https:\/\/www.jootjeshaakcadeautjes.nl\/de\/produkt\/haekelnadelset-softgrip-komplett\/\" \/>\n<meta property=\"og:site_name\" content=\"Jootjes Haakcadeautjes\" \/>\n<meta property=\"article:modified_time\" content=\"2025-03-11T01:48:54+00:00\" \/>\n<meta property=\"og:image\" content=\"https:\/\/d1dyryakdmle7o.cloudfront.net\/wp-content\/uploads\/2017\/05\/Untitled-16.webp\" \/>\n\t<meta property=\"og:image:width\" content=\"1080\" \/>\n\t<meta property=\"og:image:height\" content=\"1080\" \/>\n\t<meta property=\"og:image:type\" content=\"image\/webp\" \/>\n<meta name=\"twitter:card\" content=\"summary_large_image\" \/>\n<meta name=\"twitter:label1\" content=\"Preis\" \/>\n\t<meta name=\"twitter:data1\" content=\"&euro;24.95 inkl. MwSt.\" \/>\n\t<meta name=\"twitter:label2\" content=\"Verf\u00fcgbarkeit\" \/>\n\t<meta name=\"twitter:data2\" content=\"Auf Lager\" \/>\n<script type=\"application\/ld+json\" class=\"yoast-schema-graph\">{\"@context\":\"https:\\\/\\\/schema.org\",\"@graph\":[{\"@type\":\"WebPage\",\"@id\":\"https:\\\/\\\/www.jootjeshaakcadeautjes.nl\\\/de\\\/produkt\\\/haekelnadelset-softgrip-komplett\\\/\",\"url\":\"https:\\\/\\\/www.jootjeshaakcadeautjes.nl\\\/de\\\/produkt\\\/haekelnadelset-softgrip-komplett\\\/\",\"name\":\"H\u00e4kelnadeln Set Softgrip ergonomisch| Mega Set H\u00e4kelnadeln 20 St\u00fcck\",\"isPartOf\":{\"@id\":\"https:\\\/\\\/www.jootjeshaakcadeautjes.nl\\\/de\\\/#website\"},\"primaryImageOfPage\":{\"@id\":\"https:\\\/\\\/www.jootjeshaakcadeautjes.nl\\\/de\\\/produkt\\\/haekelnadelset-softgrip-komplett\\\/#primaryimage\"},\"image\":{\"@id\":\"https:\\\/\\\/www.jootjeshaakcadeautjes.nl\\\/de\\\/produkt\\\/haekelnadelset-softgrip-komplett\\\/#primaryimage\"},\"thumbnailUrl\":\"https:\\\/\\\/d1dyryakdmle7o.cloudfront.net\\\/wp-content\\\/uploads\\\/2017\\\/05\\\/Untitled-16.webp\",\"datePublished\":\"2017-05-11T17:09:36+00:00\",\"dateModified\":\"2025-03-11T01:48:54+00:00\",\"description\":\"H\u00e4kelnadeln Set Softgrip gute ergonomische Set; Viele H\u00e4kelnadeln (22 St\u00fcck f\u00fcr 22 Euro). 0,5 mm bis 8,0 mm H\u00e4kelnadel und alle Zwischengr\u00f6\u00dfen von H\u00e4kelnadeln.\",\"breadcrumb\":{\"@id\":\"https:\\\/\\\/www.jootjeshaakcadeautjes.nl\\\/de\\\/produkt\\\/haekelnadelset-softgrip-komplett\\\/#breadcrumb\"},\"inLanguage\":\"de\",\"potentialAction\":[{\"@type\":\"ReadAction\",\"target\":[\"https:\\\/\\\/www.jootjeshaakcadeautjes.nl\\\/de\\\/produkt\\\/haekelnadelset-softgrip-komplett\\\/\"]}]},{\"@type\":\"ImageObject\",\"inLanguage\":\"de\",\"@id\":\"https:\\\/\\\/www.jootjeshaakcadeautjes.nl\\\/de\\\/produkt\\\/haekelnadelset-softgrip-komplett\\\/#primaryimage\",\"url\":\"https:\\\/\\\/d1dyryakdmle7o.cloudfront.net\\\/wp-content\\\/uploads\\\/2017\\\/05\\\/Untitled-16.webp\",\"contentUrl\":\"https:\\\/\\\/d1dyryakdmle7o.cloudfront.net\\\/wp-content\\\/uploads\\\/2017\\\/05\\\/Untitled-16.webp\",\"width\":1080,\"height\":1080},{\"@type\":\"BreadcrumbList\",\"@id\":\"https:\\\/\\\/www.jootjeshaakcadeautjes.nl\\\/de\\\/produkt\\\/haekelnadelset-softgrip-komplett\\\/#breadcrumb\",\"itemListElement\":[{\"@type\":\"ListItem\",\"position\":1,\"name\":\"Startseite\",\"item\":\"https:\\\/\\\/www.jootjeshaakcadeautjes.nl\\\/de\\\/\"},{\"@type\":\"ListItem\",\"position\":2,\"name\":\"Gro\u00dfhandel mit Silikonperlen &#8211; Business und Consumer\",\"item\":\"https:\\\/\\\/www.jootjeshaakcadeautjes.nl\\\/de\\\/shop\\\/\"},{\"@type\":\"ListItem\",\"position\":3,\"name\":\"H\u00e4kelnadeln Set Softgrip komplett &#8211; 22 St\u00fcck &#8211; 0,5 &#8211; 8,0 mm\"}]},{\"@type\":\"WebSite\",\"@id\":\"https:\\\/\\\/www.jootjeshaakcadeautjes.nl\\\/de\\\/#website\",\"url\":\"https:\\\/\\\/www.jootjeshaakcadeautjes.nl\\\/de\\\/\",\"name\":\"Jootjes Haakcadeautjes\",\"description\":\"Silikonperlen Gro\u00dfhandel \",\"publisher\":{\"@id\":\"https:\\\/\\\/www.jootjeshaakcadeautjes.nl\\\/de\\\/#organization\"},\"potentialAction\":[{\"@type\":\"SearchAction\",\"target\":{\"@type\":\"EntryPoint\",\"urlTemplate\":\"https:\\\/\\\/www.jootjeshaakcadeautjes.nl\\\/de\\\/?s={search_term_string}\"},\"query-input\":{\"@type\":\"PropertyValueSpecification\",\"valueRequired\":true,\"valueName\":\"search_term_string\"}}],\"inLanguage\":\"de\"},{\"@type\":\"Organization\",\"@id\":\"https:\\\/\\\/www.jootjeshaakcadeautjes.nl\\\/de\\\/#organization\",\"name\":\"Jootjes Haakcadeautjes\",\"url\":\"https:\\\/\\\/www.jootjeshaakcadeautjes.nl\\\/de\\\/\",\"logo\":{\"@type\":\"ImageObject\",\"inLanguage\":\"de\",\"@id\":\"https:\\\/\\\/www.jootjeshaakcadeautjes.nl\\\/de\\\/#\\\/schema\\\/logo\\\/image\\\/\",\"url\":\"https:\\\/\\\/d1dyryakdmle7o.cloudfront.net\\\/wp-content\\\/uploads\\\/2023\\\/05\\\/Logo-rond.png\",\"contentUrl\":\"https:\\\/\\\/d1dyryakdmle7o.cloudfront.net\\\/wp-content\\\/uploads\\\/2023\\\/05\\\/Logo-rond.png\",\"width\":1222,\"height\":1222,\"caption\":\"Jootjes Haakcadeautjes\"},\"image\":{\"@id\":\"https:\\\/\\\/www.jootjeshaakcadeautjes.nl\\\/de\\\/#\\\/schema\\\/logo\\\/image\\\/\"}}]}<\/script>\n<meta property=\"product:price:amount\" content=\"24.95\" \/>\n<meta property=\"product:price:currency\" content=\"EUR\" \/>\n<meta property=\"og:availability\" content=\"instock\" \/>\n<meta property=\"product:availability\" content=\"instock\" \/>\n<meta property=\"product:retailer_item_id\" content=\"HKN-SET-COM\" \/>\n<meta property=\"product:condition\" content=\"new\" \/>\n<!-- \/ Yoast SEO Premium plugin. -->","yoast_head_json":{"title":"H\u00e4kelnadeln Set Softgrip ergonomisch| Mega Set H\u00e4kelnadeln 20 St\u00fcck","description":"H\u00e4kelnadeln Set Softgrip gute ergonomische Set; Viele H\u00e4kelnadeln (22 St\u00fcck f\u00fcr 22 Euro). 0,5 mm bis 8,0 mm H\u00e4kelnadel und alle Zwischengr\u00f6\u00dfen von H\u00e4kelnadeln.","robots":{"index":"index","follow":"follow","max-snippet":"max-snippet:-1","max-image-preview":"max-image-preview:large","max-video-preview":"max-video-preview:-1"},"canonical":"https:\/\/www.jootjeshaakcadeautjes.nl\/de\/produkt\/haekelnadelset-softgrip-komplett\/","og_locale":"de_DE","og_type":"article","og_title":"H\u00e4kelnadeln Set Softgrip komplett - 22 St\u00fcck - 0,5 - 8,0 mm","og_description":"H\u00e4kelnadeln Set Softgrip gute ergonomische Set; Viele H\u00e4kelnadeln (22 St\u00fcck f\u00fcr 22 Euro). 0,5 mm bis 8,0 mm H\u00e4kelnadel und alle Zwischengr\u00f6\u00dfen von H\u00e4kelnadeln.","og_url":"https:\/\/www.jootjeshaakcadeautjes.nl\/de\/produkt\/haekelnadelset-softgrip-komplett\/","og_site_name":"Jootjes Haakcadeautjes","article_modified_time":"2025-03-11T01:48:54+00:00","og_image":[{"width":1080,"height":1080,"url":"https:\/\/d1dyryakdmle7o.cloudfront.net\/wp-content\/uploads\/2017\/05\/Untitled-16.webp","type":"image\/webp"}],"twitter_card":"summary_large_image","twitter_misc":{"Preis":"&euro;24.95 inkl. MwSt.","Verf\u00fcgbarkeit":"Auf Lager"},"schema":{"@context":"https:\/\/schema.org","@graph":[{"@type":"WebPage","@id":"https:\/\/www.jootjeshaakcadeautjes.nl\/de\/produkt\/haekelnadelset-softgrip-komplett\/","url":"https:\/\/www.jootjeshaakcadeautjes.nl\/de\/produkt\/haekelnadelset-softgrip-komplett\/","name":"H\u00e4kelnadeln Set Softgrip ergonomisch| Mega Set H\u00e4kelnadeln 20 St\u00fcck","isPartOf":{"@id":"https:\/\/www.jootjeshaakcadeautjes.nl\/de\/#website"},"primaryImageOfPage":{"@id":"https:\/\/www.jootjeshaakcadeautjes.nl\/de\/produkt\/haekelnadelset-softgrip-komplett\/#primaryimage"},"image":{"@id":"https:\/\/www.jootjeshaakcadeautjes.nl\/de\/produkt\/haekelnadelset-softgrip-komplett\/#primaryimage"},"thumbnailUrl":"https:\/\/d1dyryakdmle7o.cloudfront.net\/wp-content\/uploads\/2017\/05\/Untitled-16.webp","datePublished":"2017-05-11T17:09:36+00:00","dateModified":"2025-03-11T01:48:54+00:00","description":"H\u00e4kelnadeln Set Softgrip gute ergonomische Set; Viele H\u00e4kelnadeln (22 St\u00fcck f\u00fcr 22 Euro). 0,5 mm bis 8,0 mm H\u00e4kelnadel und alle Zwischengr\u00f6\u00dfen von H\u00e4kelnadeln.","breadcrumb":{"@id":"https:\/\/www.jootjeshaakcadeautjes.nl\/de\/produkt\/haekelnadelset-softgrip-komplett\/#breadcrumb"},"inLanguage":"de","potentialAction":[{"@type":"ReadAction","target":["https:\/\/www.jootjeshaakcadeautjes.nl\/de\/produkt\/haekelnadelset-softgrip-komplett\/"]}]},{"@type":"ImageObject","inLanguage":"de","@id":"https:\/\/www.jootjeshaakcadeautjes.nl\/de\/produkt\/haekelnadelset-softgrip-komplett\/#primaryimage","url":"https:\/\/d1dyryakdmle7o.cloudfront.net\/wp-content\/uploads\/2017\/05\/Untitled-16.webp","contentUrl":"https:\/\/d1dyryakdmle7o.cloudfront.net\/wp-content\/uploads\/2017\/05\/Untitled-16.webp","width":1080,"height":1080},{"@type":"BreadcrumbList","@id":"https:\/\/www.jootjeshaakcadeautjes.nl\/de\/produkt\/haekelnadelset-softgrip-komplett\/#breadcrumb","itemListElement":[{"@type":"ListItem","position":1,"name":"Startseite","item":"https:\/\/www.jootjeshaakcadeautjes.nl\/de\/"},{"@type":"ListItem","position":2,"name":"Gro\u00dfhandel mit Silikonperlen &#8211; Business und Consumer","item":"https:\/\/www.jootjeshaakcadeautjes.nl\/de\/shop\/"},{"@type":"ListItem","position":3,"name":"H\u00e4kelnadeln Set Softgrip komplett &#8211; 22 St\u00fcck &#8211; 0,5 &#8211; 8,0 mm"}]},{"@type":"WebSite","@id":"https:\/\/www.jootjeshaakcadeautjes.nl\/de\/#website","url":"https:\/\/www.jootjeshaakcadeautjes.nl\/de\/","name":"Jootjes Haakcadeautjes","description":"Silikonperlen Gro\u00dfhandel ","publisher":{"@id":"https:\/\/www.jootjeshaakcadeautjes.nl\/de\/#organization"},"potentialAction":[{"@type":"SearchAction","target":{"@type":"EntryPoint","urlTemplate":"https:\/\/www.jootjeshaakcadeautjes.nl\/de\/?s={search_term_string}"},"query-input":{"@type":"PropertyValueSpecification","valueRequired":true,"valueName":"search_term_string"}}],"inLanguage":"de"},{"@type":"Organization","@id":"https:\/\/www.jootjeshaakcadeautjes.nl\/de\/#organization","name":"Jootjes Haakcadeautjes","url":"https:\/\/www.jootjeshaakcadeautjes.nl\/de\/","logo":{"@type":"ImageObject","inLanguage":"de","@id":"https:\/\/www.jootjeshaakcadeautjes.nl\/de\/#\/schema\/logo\/image\/","url":"https:\/\/d1dyryakdmle7o.cloudfront.net\/wp-content\/uploads\/2023\/05\/Logo-rond.png","contentUrl":"https:\/\/d1dyryakdmle7o.cloudfront.net\/wp-content\/uploads\/2023\/05\/Logo-rond.png","width":1222,"height":1222,"caption":"Jootjes Haakcadeautjes"},"image":{"@id":"https:\/\/www.jootjeshaakcadeautjes.nl\/de\/#\/schema\/logo\/image\/"}}]},"product_price_amount":"24.95","product_price_currency":"EUR","og_availability":"instock","product_availability":"instock","product_retailer_item_id":"HKN-SET-COM","product_condition":"new"},"_links":{"self":[{"href":"https:\/\/www.jootjeshaakcadeautjes.nl\/de\/wp-json\/wp\/v2\/product\/123148","targetHints":{"allow":["GET"]}}],"collection":[{"href":"https:\/\/www.jootjeshaakcadeautjes.nl\/de\/wp-json\/wp\/v2\/product"}],"about":[{"href":"https:\/\/www.jootjeshaakcadeautjes.nl\/de\/wp-json\/wp\/v2\/types\/product"}],"version-history":[{"count":0,"href":"https:\/\/www.jootjeshaakcadeautjes.nl\/de\/wp-json\/wp\/v2\/product\/123148\/revisions"}],"wp:featuredmedia":[{"embeddable":true,"href":"https:\/\/www.jootjeshaakcadeautjes.nl\/de\/wp-json\/wp\/v2\/media\/274155"}],"wp:attachment":[{"href":"https:\/\/www.jootjeshaakcadeautjes.nl\/de\/wp-json\/wp\/v2\/media?parent=123148"}],"wp:term":[{"taxonomy":"product_brand","embeddable":true,"href":"https:\/\/www.jootjeshaakcadeautjes.nl\/de\/wp-json\/wp\/v2\/product_brand?post=123148"},{"taxonomy":"product_cat","embeddable":true,"href":"https:\/\/www.jootjeshaakcadeautjes.nl\/de\/wp-json\/wp\/v2\/product_cat?post=123148"},{"taxonomy":"product_tag","embeddable":true,"href":"https:\/\/www.jootjeshaakcadeautjes.nl\/de\/wp-json\/wp\/v2\/product_tag?post=123148"}],"curies":[{"name":"wp","href":"https:\/\/api.w.org\/{rel}","templated":true}]}}