{"id":123149,"date":"2017-12-12T18:52:11","date_gmt":"2017-12-12T16:52:11","guid":{"rendered":"https:\/\/www.jootjeshaakcadeautjes.nl\/product\/holz-keile-anker-haenger-70x60-mm\/"},"modified":"2025-03-11T17:08:39","modified_gmt":"2025-03-11T16:08:39","slug":"holz-keile-anker-haenger-70x60-mm","status":"publish","type":"product","link":"https:\/\/www.jootjeshaakcadeautjes.nl\/de\/produkt\/holz-keile-anker-haenger-70x60-mm\/","title":{"rendered":"Holzbei\u00dfring Anker Spielanh\u00e4nger 70&#215;60 mm &#8211; Buchenholz"},"content":{"rendered":"<h3><span style=\"color: #800080;\"><strong>Bei\u00dfring aus Holz mit Anker als Anh\u00e4nger f\u00fcr die Spielschnur.<\/strong><\/span><\/h3>\n<p><span style=\"color: #000000;\">Der Holzanker-Anh\u00e4nger ist aus rohem (nicht lackiertem, gebeiztem oder ge\u00f6ltem) Holz gefertigt.<\/span><br \/>\n<span style=\"color: #000000;\">  Gr\u00f6\u00dfe: 70 x 60 mm. Der Durchmesser des Lochs betr\u00e4gt 7 mm.<\/span><\/p>\n<p><span style=\"color: #000000;\">Die Holzanh\u00e4nger in Ankervariante sind ein Naturprodukt und k\u00f6nnen daher noch minimale Abweichungen aufweisen.  <\/span><span style=\"color: #000000;\">Wenn die Abweichung zu gro\u00df ist, werden wir die Produkte recyceln und nicht verkaufen. So k\u00f6nnen wir Ihnen stets hohe Qualit\u00e4t bieten  <\/span><span style=\"color: #000000;\">Holzring\/Holzpendel Garantie.<\/span><\/p>\n<p><span style=\"color: #000000;\">Die Holzapplikationen werden h\u00e4ufig f\u00fcr die Herstellung von Babyspielzeug aus Holz verwendet, wie z. B. Bei\u00dfringe, Rasseln, Stillketten, handgefertigte Schnullerhalter oder Kinderwagenschnallen. Einige Beispiele hierf\u00fcr sind im Folgenden aufgef\u00fchrt.<\/span><\/p>\n<h4><span style=\"color: #800080;\"><strong><a href=\"https:\/\/d1dyryakdmle7o.cloudfront.net\/wp-content\/uploads\/2016\/11\/911580f5098b9cade629f4824504840d.jpg\"><img decoding=\"async\" class=\"alignnone size-full wp-image-789\" src=\"https:\/\/www.jootjeshaakcadeautjes.nl\/wp-content\/themes\/woodmart\/images\/lazy.svg\" data-src=\"https:\/\/d1dyryakdmle7o.cloudfront.net\/wp-content\/uploads\/2016\/11\/911580f5098b9cade629f4824504840d.jpg\" alt=\"911580f5098b9cade629f4824504840d\" width=\"236\" height=\"236\"><img decoding=\"async\" src=\"https:\/\/i.ebayimg.com\/images\/g\/0u8AAOSwWxNYsg3H\/s-l300.jpg\" alt=\"Bild Ergebnis f\u00fcr Fisch Holz Schnuller Clip\"><\/a><\/strong><\/span><\/h4>\n<h3><span style=\"color: #800080;\"><strong>Aber welche Gr\u00f6\u00dfen\/Produkte sind f\u00fcr Ihr Projekt am besten geeignet?<\/strong><\/span><\/h3>\n<p><span style=\"color: #000000;\">Vor allem unsere Holzapplikationen werden h\u00e4ufig von Herstellern handgefertigter Babyspielzeuge verwendet. Dies geschieht manchmal in Kombination mit H\u00e4keln und manchmal in Kombination mit Silikonapplikationen, Ringen oder Perlen.<\/span><\/p>\n<p><span style=\"color: #000000;\">Je nach gew\u00fcnschter Gr\u00f6\u00dfe k\u00f6nnen Sie daf\u00fcr eine andere Kombination von Holzperlen und Holzringen\/-applikationen verwenden. Wenn Sie z. B. die 16- und 20-mm-Holzperlen verwenden, w\u00fcrde ich die 4,5-cm-Holzringe nehmen. Sie wollen eine Nummer gr\u00f6\u00dfer? Suchen Sie dann nach einer Kombination der 20 mm Perlen mit z. B. den 25 oder 30 mm Holzperlen zusammen mit dem 5,5 cm langen Holzring oder einer Holzapplikation (Mickey Mouse\/Olifant\/Engel\/Vogel\/Fisch\/Anker\/Holzring mit Keksaufdruck).<\/span><\/p>\n<h4><span style=\"color: #800080;\"><strong>Ein kleiner Bei\u00dfring mit Perlen (siehe Beispiel unten) besteht aus:<\/strong><\/span><\/h4>\n<ul>\n<li><span style=\"color: #000000;\">2x ein 4,5 cm langer Holzring oder eine Holzapplikation<\/span><\/li>\n<li><span style=\"color: #000000;\">6x a 16 mm Holzperlen<\/span><\/li>\n<li><span style=\"color: #000000;\">6x a 20 (geh\u00e4kelte) Holzperle<\/span><\/li>\n<\/ul>\n<div id=\"attachment_318\" class=\"wp-caption aligncenter\">\n<p><a href=\"https:\/\/d1dyryakdmle7o.cloudfront.net\/wp-content\/uploads\/2016\/03\/wooden-font-b-teething-b-font-font-b-ring-b-font-Crochet-beads-rattle-Amigurumi-Baby.jpg\" rel=\"attachment wp-att-318\"><img decoding=\"async\" class=\"wp-image-318 size-medium\" src=\"https:\/\/www.jootjeshaakcadeautjes.nl\/wp-content\/themes\/woodmart\/images\/lazy.svg\" data-src=\"https:\/\/d1dyryakdmle7o.cloudfront.net\/wp-content\/uploads\/2016\/03\/wooden-font-b-teething-b-font-font-b-ring-b-font-Crochet-beads-rattle-Amigurumi-Baby-300x300.jpg\" alt=\"Holzringe 4,5 cm\" width=\"300\" height=\"300\"><\/a><br \/>\n<span style=\"color: #000000;\"><small>  Kleiner Bei\u00dfring aus Holz;<br \/>\nHergestellt mit Holzperlen aus<br \/>\n16 mm und 20 mm (geh\u00e4kelt) und Holzringe 4,5 cm.<\/small><\/span><\/p>\n<\/div>\n<p style=\"text-align: left;\"><span style=\"color: #000000;\">Also, wie gesagt, das kann man auch mit 20 und 25 mm Holzperlen und Holzringen 5,5 cm\/Holzapplikation machen, siehe Beispiel weiter oben auf der Seite. Nat\u00fcrlich sind dies nur Beispiele. Was Sie tats\u00e4chlich machen, bleibt Ihrer eigenen Inspiration und Phantasie \u00fcberlassen. Viel Spa\u00df!<\/span><\/p>\n<p>&nbsp;<\/p>\n","protected":false},"excerpt":{"rendered":"<p>Hergestellt aus rohem Holz.<br \/>\n(nicht lackiert, gebeizt oder ge\u00f6lt)<br \/>\nGr\u00f6\u00dfe: 70 x 60 mm.<br \/>\nBohrungsdurchmesser: 7 mm.<\/p>\n<p>F\u00fcr weitere Informationen \u00fcber die Verwendung,<br \/>\nlesen Sie unten auf der Seite.<\/p>\n","protected":false},"featured_media":67305,"template":"","meta":[],"product_brand":[],"product_cat":[8071,8264,7380,8072,8070],"product_tag":[7984,9834,7385,7416,7196,7442],"class_list":{"0":"post-123149","1":"product","2":"type-product","3":"status-publish","4":"has-post-thumbnail","6":"product_cat-beisringe-baby-silikon-und-holz","7":"product_cat-beisringe-aus-holz-buchenholz","8":"product_cat-herstellung-von-baby-beisspielzeug-materialien-fur-schnuller-und-beisringe","9":"product_cat-holzringe-fur-macrame-und-crochet","10":"product_cat-ringe-aus-holz","11":"product_tag-anhanger","12":"product_tag-anker-de","13":"product_tag-beisring","14":"product_tag-gummischnur","15":"product_tag-holz","16":"product_tag-kinderwagenkette","18":"first","19":"instock","20":"sale","21":"taxable","22":"shipping-taxable","23":"purchasable","24":"product-type-simple"},"bundled_by":[],"bundle_stock_status":"instock","bundle_stock_quantity":20,"bundle_virtual":false,"bundle_layout":"","bundle_add_to_cart_form_location":"","bundle_editable_in_cart":false,"bundle_sold_individually_context":"","bundle_item_grouping":"","bundle_min_size":"","bundle_max_size":"","bundle_price":[],"bundled_items":[],"bundle_sell_ids":[],"yoast_head":"<!-- This site is optimized with the Yoast SEO Premium plugin v27.6 (Yoast SEO v27.6) - https:\/\/yoast.com\/product\/yoast-seo-premium-wordpress\/ -->\n<title>Holz Bei\u00dfring Anker Anh\u00e4nger | Babyspielzeug aus Holz Haken<\/title>\n<meta name=\"description\" content=\"H\u00f6lzerner Bei\u00dfring-Anker \/ ringf\u00f6rmiger Anh\u00e4nger-Anker f\u00fcr Ihr handgemachtes Babyspielzeug. Zum Beispiel f\u00fcr einen Bei\u00dfring, eine Rassel oder einen Kinderwagenaufh\u00e4nger aus Holz.\" \/>\n<meta name=\"robots\" content=\"index, follow, max-snippet:-1, max-image-preview:large, max-video-preview:-1\" \/>\n<link rel=\"canonical\" href=\"https:\/\/www.jootjeshaakcadeautjes.nl\/de\/produkt\/holz-keile-anker-haenger-70x60-mm\/\" \/>\n<meta property=\"og:locale\" content=\"de_DE\" \/>\n<meta property=\"og:type\" content=\"article\" \/>\n<meta property=\"og:title\" content=\"Holzbei\u00dfring Anker Spielanh\u00e4nger 70x60 mm - Buchenholz\" \/>\n<meta property=\"og:description\" content=\"H\u00f6lzerner Bei\u00dfring-Anker \/ ringf\u00f6rmiger Anh\u00e4nger-Anker f\u00fcr Ihr handgemachtes Babyspielzeug. Zum Beispiel f\u00fcr einen Bei\u00dfring, eine Rassel oder einen Kinderwagenaufh\u00e4nger aus Holz.\" \/>\n<meta property=\"og:url\" content=\"https:\/\/www.jootjeshaakcadeautjes.nl\/de\/produkt\/holz-keile-anker-haenger-70x60-mm\/\" \/>\n<meta property=\"og:site_name\" content=\"Jootjes Haakcadeautjes\" \/>\n<meta property=\"article:modified_time\" content=\"2025-03-11T16:08:39+00:00\" \/>\n<meta property=\"og:image\" content=\"https:\/\/www.jootjeshaakcadeautjes.nl\/wp-content\/uploads\/2019\/09\/Houten-bijtring-houten-anker.jpg\" \/>\n\t<meta property=\"og:image:width\" content=\"1366\" \/>\n\t<meta property=\"og:image:height\" content=\"1366\" \/>\n\t<meta property=\"og:image:type\" content=\"image\/jpeg\" \/>\n<meta name=\"twitter:card\" content=\"summary_large_image\" \/>\n<meta name=\"twitter:label1\" content=\"Preis\" \/>\n\t<meta name=\"twitter:data1\" content=\"&euro;1.50 inkl. MwSt.\" \/>\n\t<meta name=\"twitter:label2\" content=\"Verf\u00fcgbarkeit\" \/>\n\t<meta name=\"twitter:data2\" content=\"Auf Lager\" \/>\n<script type=\"application\/ld+json\" class=\"yoast-schema-graph\">{\"@context\":\"https:\\\/\\\/schema.org\",\"@graph\":[{\"@type\":\"WebPage\",\"@id\":\"https:\\\/\\\/www.jootjeshaakcadeautjes.nl\\\/de\\\/produkt\\\/holz-keile-anker-haenger-70x60-mm\\\/\",\"url\":\"https:\\\/\\\/www.jootjeshaakcadeautjes.nl\\\/de\\\/produkt\\\/holz-keile-anker-haenger-70x60-mm\\\/\",\"name\":\"Holz Bei\u00dfring Anker Anh\u00e4nger | Babyspielzeug aus Holz Haken\",\"isPartOf\":{\"@id\":\"https:\\\/\\\/www.jootjeshaakcadeautjes.nl\\\/de\\\/#website\"},\"primaryImageOfPage\":{\"@id\":\"https:\\\/\\\/www.jootjeshaakcadeautjes.nl\\\/de\\\/produkt\\\/holz-keile-anker-haenger-70x60-mm\\\/#primaryimage\"},\"image\":{\"@id\":\"https:\\\/\\\/www.jootjeshaakcadeautjes.nl\\\/de\\\/produkt\\\/holz-keile-anker-haenger-70x60-mm\\\/#primaryimage\"},\"thumbnailUrl\":\"https:\\\/\\\/d1dyryakdmle7o.cloudfront.net\\\/wp-content\\\/uploads\\\/2019\\\/09\\\/Houten-bijtring-houten-anker.jpg\",\"datePublished\":\"2017-12-12T16:52:11+00:00\",\"dateModified\":\"2025-03-11T16:08:39+00:00\",\"description\":\"H\u00f6lzerner Bei\u00dfring-Anker \\\/ ringf\u00f6rmiger Anh\u00e4nger-Anker f\u00fcr Ihr handgemachtes Babyspielzeug. Zum Beispiel f\u00fcr einen Bei\u00dfring, eine Rassel oder einen Kinderwagenaufh\u00e4nger aus Holz.\",\"breadcrumb\":{\"@id\":\"https:\\\/\\\/www.jootjeshaakcadeautjes.nl\\\/de\\\/produkt\\\/holz-keile-anker-haenger-70x60-mm\\\/#breadcrumb\"},\"inLanguage\":\"de\",\"potentialAction\":[{\"@type\":\"ReadAction\",\"target\":[\"https:\\\/\\\/www.jootjeshaakcadeautjes.nl\\\/de\\\/produkt\\\/holz-keile-anker-haenger-70x60-mm\\\/\"]}]},{\"@type\":\"ImageObject\",\"inLanguage\":\"de\",\"@id\":\"https:\\\/\\\/www.jootjeshaakcadeautjes.nl\\\/de\\\/produkt\\\/holz-keile-anker-haenger-70x60-mm\\\/#primaryimage\",\"url\":\"https:\\\/\\\/d1dyryakdmle7o.cloudfront.net\\\/wp-content\\\/uploads\\\/2019\\\/09\\\/Houten-bijtring-houten-anker.jpg\",\"contentUrl\":\"https:\\\/\\\/d1dyryakdmle7o.cloudfront.net\\\/wp-content\\\/uploads\\\/2019\\\/09\\\/Houten-bijtring-houten-anker.jpg\",\"width\":1366,\"height\":1366,\"caption\":\"Bei\u00dfring aus Holz Holzring Anker\"},{\"@type\":\"BreadcrumbList\",\"@id\":\"https:\\\/\\\/www.jootjeshaakcadeautjes.nl\\\/de\\\/produkt\\\/holz-keile-anker-haenger-70x60-mm\\\/#breadcrumb\",\"itemListElement\":[{\"@type\":\"ListItem\",\"position\":1,\"name\":\"Startseite\",\"item\":\"https:\\\/\\\/www.jootjeshaakcadeautjes.nl\\\/de\\\/\"},{\"@type\":\"ListItem\",\"position\":2,\"name\":\"Gro\u00dfhandel mit Silikonperlen &#8211; Business und Consumer\",\"item\":\"https:\\\/\\\/www.jootjeshaakcadeautjes.nl\\\/de\\\/shop\\\/\"},{\"@type\":\"ListItem\",\"position\":3,\"name\":\"Holzbei\u00dfring Anker Spielanh\u00e4nger 70&#215;60 mm &#8211; Buchenholz\"}]},{\"@type\":\"WebSite\",\"@id\":\"https:\\\/\\\/www.jootjeshaakcadeautjes.nl\\\/de\\\/#website\",\"url\":\"https:\\\/\\\/www.jootjeshaakcadeautjes.nl\\\/de\\\/\",\"name\":\"Jootjes Haakcadeautjes\",\"description\":\"Silikonperlen Gro\u00dfhandel \",\"publisher\":{\"@id\":\"https:\\\/\\\/www.jootjeshaakcadeautjes.nl\\\/de\\\/#organization\"},\"potentialAction\":[{\"@type\":\"SearchAction\",\"target\":{\"@type\":\"EntryPoint\",\"urlTemplate\":\"https:\\\/\\\/www.jootjeshaakcadeautjes.nl\\\/de\\\/?s={search_term_string}\"},\"query-input\":{\"@type\":\"PropertyValueSpecification\",\"valueRequired\":true,\"valueName\":\"search_term_string\"}}],\"inLanguage\":\"de\"},{\"@type\":\"Organization\",\"@id\":\"https:\\\/\\\/www.jootjeshaakcadeautjes.nl\\\/de\\\/#organization\",\"name\":\"Jootjes Haakcadeautjes\",\"url\":\"https:\\\/\\\/www.jootjeshaakcadeautjes.nl\\\/de\\\/\",\"logo\":{\"@type\":\"ImageObject\",\"inLanguage\":\"de\",\"@id\":\"https:\\\/\\\/www.jootjeshaakcadeautjes.nl\\\/de\\\/#\\\/schema\\\/logo\\\/image\\\/\",\"url\":\"https:\\\/\\\/d1dyryakdmle7o.cloudfront.net\\\/wp-content\\\/uploads\\\/2023\\\/05\\\/Logo-rond.png\",\"contentUrl\":\"https:\\\/\\\/d1dyryakdmle7o.cloudfront.net\\\/wp-content\\\/uploads\\\/2023\\\/05\\\/Logo-rond.png\",\"width\":1222,\"height\":1222,\"caption\":\"Jootjes Haakcadeautjes\"},\"image\":{\"@id\":\"https:\\\/\\\/www.jootjeshaakcadeautjes.nl\\\/de\\\/#\\\/schema\\\/logo\\\/image\\\/\"}}]}<\/script>\n<meta property=\"product:price:amount\" content=\"1.50\" \/>\n<meta property=\"product:price:currency\" content=\"EUR\" \/>\n<meta property=\"og:availability\" content=\"instock\" \/>\n<meta property=\"product:availability\" content=\"instock\" \/>\n<meta property=\"product:retailer_item_id\" content=\"HOU-ANK-HAN\" \/>\n<meta property=\"product:condition\" content=\"new\" \/>\n<!-- \/ Yoast SEO Premium plugin. -->","yoast_head_json":{"title":"Holz Bei\u00dfring Anker Anh\u00e4nger | Babyspielzeug aus Holz Haken","description":"H\u00f6lzerner Bei\u00dfring-Anker \/ ringf\u00f6rmiger Anh\u00e4nger-Anker f\u00fcr Ihr handgemachtes Babyspielzeug. Zum Beispiel f\u00fcr einen Bei\u00dfring, eine Rassel oder einen Kinderwagenaufh\u00e4nger aus Holz.","robots":{"index":"index","follow":"follow","max-snippet":"max-snippet:-1","max-image-preview":"max-image-preview:large","max-video-preview":"max-video-preview:-1"},"canonical":"https:\/\/www.jootjeshaakcadeautjes.nl\/de\/produkt\/holz-keile-anker-haenger-70x60-mm\/","og_locale":"de_DE","og_type":"article","og_title":"Holzbei\u00dfring Anker Spielanh\u00e4nger 70x60 mm - Buchenholz","og_description":"H\u00f6lzerner Bei\u00dfring-Anker \/ ringf\u00f6rmiger Anh\u00e4nger-Anker f\u00fcr Ihr handgemachtes Babyspielzeug. Zum Beispiel f\u00fcr einen Bei\u00dfring, eine Rassel oder einen Kinderwagenaufh\u00e4nger aus Holz.","og_url":"https:\/\/www.jootjeshaakcadeautjes.nl\/de\/produkt\/holz-keile-anker-haenger-70x60-mm\/","og_site_name":"Jootjes Haakcadeautjes","article_modified_time":"2025-03-11T16:08:39+00:00","og_image":[{"width":1366,"height":1366,"url":"https:\/\/www.jootjeshaakcadeautjes.nl\/wp-content\/uploads\/2019\/09\/Houten-bijtring-houten-anker.jpg","type":"image\/jpeg"}],"twitter_card":"summary_large_image","twitter_misc":{"Preis":"&euro;1.50 inkl. MwSt.","Verf\u00fcgbarkeit":"Auf Lager"},"schema":{"@context":"https:\/\/schema.org","@graph":[{"@type":"WebPage","@id":"https:\/\/www.jootjeshaakcadeautjes.nl\/de\/produkt\/holz-keile-anker-haenger-70x60-mm\/","url":"https:\/\/www.jootjeshaakcadeautjes.nl\/de\/produkt\/holz-keile-anker-haenger-70x60-mm\/","name":"Holz Bei\u00dfring Anker Anh\u00e4nger | Babyspielzeug aus Holz Haken","isPartOf":{"@id":"https:\/\/www.jootjeshaakcadeautjes.nl\/de\/#website"},"primaryImageOfPage":{"@id":"https:\/\/www.jootjeshaakcadeautjes.nl\/de\/produkt\/holz-keile-anker-haenger-70x60-mm\/#primaryimage"},"image":{"@id":"https:\/\/www.jootjeshaakcadeautjes.nl\/de\/produkt\/holz-keile-anker-haenger-70x60-mm\/#primaryimage"},"thumbnailUrl":"https:\/\/d1dyryakdmle7o.cloudfront.net\/wp-content\/uploads\/2019\/09\/Houten-bijtring-houten-anker.jpg","datePublished":"2017-12-12T16:52:11+00:00","dateModified":"2025-03-11T16:08:39+00:00","description":"H\u00f6lzerner Bei\u00dfring-Anker \/ ringf\u00f6rmiger Anh\u00e4nger-Anker f\u00fcr Ihr handgemachtes Babyspielzeug. Zum Beispiel f\u00fcr einen Bei\u00dfring, eine Rassel oder einen Kinderwagenaufh\u00e4nger aus Holz.","breadcrumb":{"@id":"https:\/\/www.jootjeshaakcadeautjes.nl\/de\/produkt\/holz-keile-anker-haenger-70x60-mm\/#breadcrumb"},"inLanguage":"de","potentialAction":[{"@type":"ReadAction","target":["https:\/\/www.jootjeshaakcadeautjes.nl\/de\/produkt\/holz-keile-anker-haenger-70x60-mm\/"]}]},{"@type":"ImageObject","inLanguage":"de","@id":"https:\/\/www.jootjeshaakcadeautjes.nl\/de\/produkt\/holz-keile-anker-haenger-70x60-mm\/#primaryimage","url":"https:\/\/d1dyryakdmle7o.cloudfront.net\/wp-content\/uploads\/2019\/09\/Houten-bijtring-houten-anker.jpg","contentUrl":"https:\/\/d1dyryakdmle7o.cloudfront.net\/wp-content\/uploads\/2019\/09\/Houten-bijtring-houten-anker.jpg","width":1366,"height":1366,"caption":"Bei\u00dfring aus Holz Holzring Anker"},{"@type":"BreadcrumbList","@id":"https:\/\/www.jootjeshaakcadeautjes.nl\/de\/produkt\/holz-keile-anker-haenger-70x60-mm\/#breadcrumb","itemListElement":[{"@type":"ListItem","position":1,"name":"Startseite","item":"https:\/\/www.jootjeshaakcadeautjes.nl\/de\/"},{"@type":"ListItem","position":2,"name":"Gro\u00dfhandel mit Silikonperlen &#8211; Business und Consumer","item":"https:\/\/www.jootjeshaakcadeautjes.nl\/de\/shop\/"},{"@type":"ListItem","position":3,"name":"Holzbei\u00dfring Anker Spielanh\u00e4nger 70&#215;60 mm &#8211; Buchenholz"}]},{"@type":"WebSite","@id":"https:\/\/www.jootjeshaakcadeautjes.nl\/de\/#website","url":"https:\/\/www.jootjeshaakcadeautjes.nl\/de\/","name":"Jootjes Haakcadeautjes","description":"Silikonperlen Gro\u00dfhandel ","publisher":{"@id":"https:\/\/www.jootjeshaakcadeautjes.nl\/de\/#organization"},"potentialAction":[{"@type":"SearchAction","target":{"@type":"EntryPoint","urlTemplate":"https:\/\/www.jootjeshaakcadeautjes.nl\/de\/?s={search_term_string}"},"query-input":{"@type":"PropertyValueSpecification","valueRequired":true,"valueName":"search_term_string"}}],"inLanguage":"de"},{"@type":"Organization","@id":"https:\/\/www.jootjeshaakcadeautjes.nl\/de\/#organization","name":"Jootjes Haakcadeautjes","url":"https:\/\/www.jootjeshaakcadeautjes.nl\/de\/","logo":{"@type":"ImageObject","inLanguage":"de","@id":"https:\/\/www.jootjeshaakcadeautjes.nl\/de\/#\/schema\/logo\/image\/","url":"https:\/\/d1dyryakdmle7o.cloudfront.net\/wp-content\/uploads\/2023\/05\/Logo-rond.png","contentUrl":"https:\/\/d1dyryakdmle7o.cloudfront.net\/wp-content\/uploads\/2023\/05\/Logo-rond.png","width":1222,"height":1222,"caption":"Jootjes Haakcadeautjes"},"image":{"@id":"https:\/\/www.jootjeshaakcadeautjes.nl\/de\/#\/schema\/logo\/image\/"}}]},"product_price_amount":"1.50","product_price_currency":"EUR","og_availability":"instock","product_availability":"instock","product_retailer_item_id":"HOU-ANK-HAN","product_condition":"new"},"_links":{"self":[{"href":"https:\/\/www.jootjeshaakcadeautjes.nl\/de\/wp-json\/wp\/v2\/product\/123149","targetHints":{"allow":["GET"]}}],"collection":[{"href":"https:\/\/www.jootjeshaakcadeautjes.nl\/de\/wp-json\/wp\/v2\/product"}],"about":[{"href":"https:\/\/www.jootjeshaakcadeautjes.nl\/de\/wp-json\/wp\/v2\/types\/product"}],"version-history":[{"count":0,"href":"https:\/\/www.jootjeshaakcadeautjes.nl\/de\/wp-json\/wp\/v2\/product\/123149\/revisions"}],"wp:featuredmedia":[{"embeddable":true,"href":"https:\/\/www.jootjeshaakcadeautjes.nl\/de\/wp-json\/wp\/v2\/media\/67305"}],"wp:attachment":[{"href":"https:\/\/www.jootjeshaakcadeautjes.nl\/de\/wp-json\/wp\/v2\/media?parent=123149"}],"wp:term":[{"taxonomy":"product_brand","embeddable":true,"href":"https:\/\/www.jootjeshaakcadeautjes.nl\/de\/wp-json\/wp\/v2\/product_brand?post=123149"},{"taxonomy":"product_cat","embeddable":true,"href":"https:\/\/www.jootjeshaakcadeautjes.nl\/de\/wp-json\/wp\/v2\/product_cat?post=123149"},{"taxonomy":"product_tag","embeddable":true,"href":"https:\/\/www.jootjeshaakcadeautjes.nl\/de\/wp-json\/wp\/v2\/product_tag?post=123149"}],"curies":[{"name":"wp","href":"https:\/\/api.w.org\/{rel}","templated":true}]}}