{"id":123180,"date":"2019-02-17T19:54:45","date_gmt":"2019-02-17T18:54:45","guid":{"rendered":"https:\/\/www.jootjeshaakcadeautjes.nl\/product\/fadenabschneider-aufhaenger\/"},"modified":"2025-03-11T02:50:11","modified_gmt":"2025-03-11T01:50:11","slug":"fadenabschneider-aufhaenger","status":"publish","type":"product","link":"https:\/\/www.jootjeshaakcadeautjes.nl\/de\/produkt\/fadenabschneider-aufhaenger\/","title":{"rendered":"Fadenabschneider-Anh\u00e4nger antik gold"},"content":{"rendered":"<h4>Garnschneider Antique Gold<\/h4>\n<p>Fadenschneider sind ein tolles Accessoire f\u00fcr jeden H\u00e4kler oder Stricker. Ich verliere auch regelm\u00e4\u00dfig meine Schere, aber mit diesem Anh\u00e4nger passiert mir das nicht mehr. Im Idealfall schneidet er die F\u00e4den. Fahren Sie demn\u00e4chst mit dem Flugzeug in den Urlaub? Dieser Garnschneider kann auch einfach im Handgep\u00e4ck mitreisen.<\/p>\n<p>Der Fadenschneider hat eine Aufh\u00e4nge\u00f6se und kann daher ideal als Anh\u00e4nger verwendet werden. Ein Lederarmband in einer beliebigen Farbe wird kostenlos mitgeliefert. Der Anh\u00e4nger ist sowohl stilvoll als auch funktionell, ohne dabei ein sch\u00f6nes Schmuckst\u00fcck zu sein.<\/p>\n<p>Der Fadenschneider antik-gold ist auch bekannt als: Fadenschneider, Fadenschneider, Cutter-Anh\u00e4nger und Fadenschneider.<\/p>\n<p><a href=\"https:\/\/www.jootjeshaakcadeautjes.nl\/de\/product-categorie\/bastelmaterial-hakelzubehor\/stickereischere\/\">Bevorzugen Sie trotzdem eine Schere? Dann schauen Sie hier.<\/a><\/p>\n","protected":false},"excerpt":{"rendered":"<h3>Fadenschneider antik gold<\/h3>\n<p>Fadenschneider antikgold; Stilvoll und funktionell.<br \/>\nAuch im Flugzeug praktisch, kann im Gegensatz zur Schere im Handgep\u00e4ck mitgenommen werden.<br \/>\nH\u00e4ngt zart als Medaillon oder Anh\u00e4nger um den Hals.<br \/>\nAufh\u00e4nge\u00f6se mit mitgeliefertem Lederband in beliebiger Farbe.<\/p>\n","protected":false},"featured_media":0,"template":"","meta":[],"product_brand":[],"product_cat":[8247,9639],"product_tag":[9856,8300,9860,8284,8363,9702],"class_list":{"0":"post-123180","1":"product","2":"type-product","3":"status-publish","5":"product_cat-bastelmaterial-hakelzubehor","6":"product_cat-stickereischere","7":"product_tag-antike-de","8":"product_tag-bronze-de","9":"product_tag-fadenschneider","10":"product_tag-gold-de","11":"product_tag-schere-de","12":"product_tag-stickereischere-de","14":"first","15":"outofstock","16":"sale","17":"taxable","18":"shipping-taxable","19":"purchasable","20":"product-type-simple"},"bundled_by":[],"bundle_stock_status":"outofstock","bundle_stock_quantity":0,"bundle_virtual":false,"bundle_layout":"","bundle_add_to_cart_form_location":"","bundle_editable_in_cart":false,"bundle_sold_individually_context":"","bundle_item_grouping":"","bundle_min_size":"","bundle_max_size":"","bundle_price":[],"bundled_items":[],"bundle_sell_ids":[],"yoast_head":"<!-- This site is optimized with the Yoast SEO Premium plugin v27.6 (Yoast SEO v27.6) - https:\/\/yoast.com\/product\/yoast-seo-premium-wordpress\/ -->\n<title>Fadenabschneider-Anh\u00e4nger antik gold - Fadenabschneider Medaillon<\/title>\n<meta name=\"description\" content=\"Der Fadenschneider-Anh\u00e4nger mit Lederkette ist die ideale &quot;Stickschere&quot; f\u00fcr den Einsatz im Urlaub (im Flugzeug). F\u00fcr nur 6,95 \u20ac. Antikes Goldmedaillon.\" \/>\n<meta name=\"robots\" content=\"index, follow, max-snippet:-1, max-image-preview:large, max-video-preview:-1\" \/>\n<link rel=\"canonical\" href=\"https:\/\/www.jootjeshaakcadeautjes.nl\/de\/produkt\/fadenabschneider-aufhaenger\/\" \/>\n<meta property=\"og:locale\" content=\"de_DE\" \/>\n<meta property=\"og:type\" content=\"article\" \/>\n<meta property=\"og:title\" content=\"Fadenabschneider-Anh\u00e4nger antik gold\" \/>\n<meta property=\"og:description\" content=\"Der Fadenschneider-Anh\u00e4nger mit Lederkette ist die ideale &quot;Stickschere&quot; f\u00fcr den Einsatz im Urlaub (im Flugzeug). F\u00fcr nur 6,95 \u20ac. Antikes Goldmedaillon.\" \/>\n<meta property=\"og:url\" content=\"https:\/\/www.jootjeshaakcadeautjes.nl\/de\/produkt\/fadenabschneider-aufhaenger\/\" \/>\n<meta property=\"og:site_name\" content=\"Jootjes Haakcadeautjes\" \/>\n<meta property=\"article:modified_time\" content=\"2025-03-11T01:50:11+00:00\" \/>\n<meta name=\"twitter:card\" content=\"summary_large_image\" \/>\n<meta name=\"twitter:label1\" content=\"Preis\" \/>\n\t<meta name=\"twitter:data1\" content=\"&euro;5.95 inkl. MwSt.\" \/>\n\t<meta name=\"twitter:label2\" content=\"Verf\u00fcgbarkeit\" \/>\n\t<meta name=\"twitter:data2\" content=\"ausverkauft\" \/>\n<script type=\"application\/ld+json\" class=\"yoast-schema-graph\">{\"@context\":\"https:\\\/\\\/schema.org\",\"@graph\":[{\"@type\":\"WebPage\",\"@id\":\"https:\\\/\\\/www.jootjeshaakcadeautjes.nl\\\/de\\\/produkt\\\/fadenabschneider-aufhaenger\\\/\",\"url\":\"https:\\\/\\\/www.jootjeshaakcadeautjes.nl\\\/de\\\/produkt\\\/fadenabschneider-aufhaenger\\\/\",\"name\":\"Fadenabschneider-Anh\u00e4nger antik gold - Fadenabschneider Medaillon\",\"isPartOf\":{\"@id\":\"https:\\\/\\\/www.jootjeshaakcadeautjes.nl\\\/de\\\/#website\"},\"datePublished\":\"2019-02-17T18:54:45+00:00\",\"dateModified\":\"2025-03-11T01:50:11+00:00\",\"description\":\"Der Fadenschneider-Anh\u00e4nger mit Lederkette ist die ideale \\\"Stickschere\\\" f\u00fcr den Einsatz im Urlaub (im Flugzeug). F\u00fcr nur 6,95 \u20ac. Antikes Goldmedaillon.\",\"breadcrumb\":{\"@id\":\"https:\\\/\\\/www.jootjeshaakcadeautjes.nl\\\/de\\\/produkt\\\/fadenabschneider-aufhaenger\\\/#breadcrumb\"},\"inLanguage\":\"de\",\"potentialAction\":[{\"@type\":\"ReadAction\",\"target\":[\"https:\\\/\\\/www.jootjeshaakcadeautjes.nl\\\/de\\\/produkt\\\/fadenabschneider-aufhaenger\\\/\"]}]},{\"@type\":\"BreadcrumbList\",\"@id\":\"https:\\\/\\\/www.jootjeshaakcadeautjes.nl\\\/de\\\/produkt\\\/fadenabschneider-aufhaenger\\\/#breadcrumb\",\"itemListElement\":[{\"@type\":\"ListItem\",\"position\":1,\"name\":\"Startseite\",\"item\":\"https:\\\/\\\/www.jootjeshaakcadeautjes.nl\\\/de\\\/\"},{\"@type\":\"ListItem\",\"position\":2,\"name\":\"Gro\u00dfhandel mit Silikonperlen &#8211; Business und Consumer\",\"item\":\"https:\\\/\\\/www.jootjeshaakcadeautjes.nl\\\/de\\\/shop\\\/\"},{\"@type\":\"ListItem\",\"position\":3,\"name\":\"Fadenabschneider-Anh\u00e4nger antik gold\"}]},{\"@type\":\"WebSite\",\"@id\":\"https:\\\/\\\/www.jootjeshaakcadeautjes.nl\\\/de\\\/#website\",\"url\":\"https:\\\/\\\/www.jootjeshaakcadeautjes.nl\\\/de\\\/\",\"name\":\"Jootjes Haakcadeautjes\",\"description\":\"Silikonperlen Gro\u00dfhandel \",\"publisher\":{\"@id\":\"https:\\\/\\\/www.jootjeshaakcadeautjes.nl\\\/de\\\/#organization\"},\"potentialAction\":[{\"@type\":\"SearchAction\",\"target\":{\"@type\":\"EntryPoint\",\"urlTemplate\":\"https:\\\/\\\/www.jootjeshaakcadeautjes.nl\\\/de\\\/?s={search_term_string}\"},\"query-input\":{\"@type\":\"PropertyValueSpecification\",\"valueRequired\":true,\"valueName\":\"search_term_string\"}}],\"inLanguage\":\"de\"},{\"@type\":\"Organization\",\"@id\":\"https:\\\/\\\/www.jootjeshaakcadeautjes.nl\\\/de\\\/#organization\",\"name\":\"Jootjes Haakcadeautjes\",\"url\":\"https:\\\/\\\/www.jootjeshaakcadeautjes.nl\\\/de\\\/\",\"logo\":{\"@type\":\"ImageObject\",\"inLanguage\":\"de\",\"@id\":\"https:\\\/\\\/www.jootjeshaakcadeautjes.nl\\\/de\\\/#\\\/schema\\\/logo\\\/image\\\/\",\"url\":\"https:\\\/\\\/d1dyryakdmle7o.cloudfront.net\\\/wp-content\\\/uploads\\\/2023\\\/05\\\/Logo-rond.png\",\"contentUrl\":\"https:\\\/\\\/d1dyryakdmle7o.cloudfront.net\\\/wp-content\\\/uploads\\\/2023\\\/05\\\/Logo-rond.png\",\"width\":1222,\"height\":1222,\"caption\":\"Jootjes Haakcadeautjes\"},\"image\":{\"@id\":\"https:\\\/\\\/www.jootjeshaakcadeautjes.nl\\\/de\\\/#\\\/schema\\\/logo\\\/image\\\/\"}}]}<\/script>\n<meta property=\"product:price:amount\" content=\"5.95\" \/>\n<meta property=\"product:price:currency\" content=\"EUR\" \/>\n<meta property=\"og:availability\" content=\"out of stock\" \/>\n<meta property=\"product:availability\" content=\"out of stock\" \/>\n<meta property=\"product:retailer_item_id\" content=\"GRS-HAN-GOU\" \/>\n<meta property=\"product:condition\" content=\"new\" \/>\n<!-- \/ Yoast SEO Premium plugin. -->","yoast_head_json":{"title":"Fadenabschneider-Anh\u00e4nger antik gold - Fadenabschneider Medaillon","description":"Der Fadenschneider-Anh\u00e4nger mit Lederkette ist die ideale \"Stickschere\" f\u00fcr den Einsatz im Urlaub (im Flugzeug). F\u00fcr nur 6,95 \u20ac. Antikes Goldmedaillon.","robots":{"index":"index","follow":"follow","max-snippet":"max-snippet:-1","max-image-preview":"max-image-preview:large","max-video-preview":"max-video-preview:-1"},"canonical":"https:\/\/www.jootjeshaakcadeautjes.nl\/de\/produkt\/fadenabschneider-aufhaenger\/","og_locale":"de_DE","og_type":"article","og_title":"Fadenabschneider-Anh\u00e4nger antik gold","og_description":"Der Fadenschneider-Anh\u00e4nger mit Lederkette ist die ideale \"Stickschere\" f\u00fcr den Einsatz im Urlaub (im Flugzeug). F\u00fcr nur 6,95 \u20ac. Antikes Goldmedaillon.","og_url":"https:\/\/www.jootjeshaakcadeautjes.nl\/de\/produkt\/fadenabschneider-aufhaenger\/","og_site_name":"Jootjes Haakcadeautjes","article_modified_time":"2025-03-11T01:50:11+00:00","twitter_card":"summary_large_image","twitter_misc":{"Preis":"&euro;5.95 inkl. MwSt.","Verf\u00fcgbarkeit":"ausverkauft"},"schema":{"@context":"https:\/\/schema.org","@graph":[{"@type":"WebPage","@id":"https:\/\/www.jootjeshaakcadeautjes.nl\/de\/produkt\/fadenabschneider-aufhaenger\/","url":"https:\/\/www.jootjeshaakcadeautjes.nl\/de\/produkt\/fadenabschneider-aufhaenger\/","name":"Fadenabschneider-Anh\u00e4nger antik gold - Fadenabschneider Medaillon","isPartOf":{"@id":"https:\/\/www.jootjeshaakcadeautjes.nl\/de\/#website"},"datePublished":"2019-02-17T18:54:45+00:00","dateModified":"2025-03-11T01:50:11+00:00","description":"Der Fadenschneider-Anh\u00e4nger mit Lederkette ist die ideale \"Stickschere\" f\u00fcr den Einsatz im Urlaub (im Flugzeug). F\u00fcr nur 6,95 \u20ac. Antikes Goldmedaillon.","breadcrumb":{"@id":"https:\/\/www.jootjeshaakcadeautjes.nl\/de\/produkt\/fadenabschneider-aufhaenger\/#breadcrumb"},"inLanguage":"de","potentialAction":[{"@type":"ReadAction","target":["https:\/\/www.jootjeshaakcadeautjes.nl\/de\/produkt\/fadenabschneider-aufhaenger\/"]}]},{"@type":"BreadcrumbList","@id":"https:\/\/www.jootjeshaakcadeautjes.nl\/de\/produkt\/fadenabschneider-aufhaenger\/#breadcrumb","itemListElement":[{"@type":"ListItem","position":1,"name":"Startseite","item":"https:\/\/www.jootjeshaakcadeautjes.nl\/de\/"},{"@type":"ListItem","position":2,"name":"Gro\u00dfhandel mit Silikonperlen &#8211; Business und Consumer","item":"https:\/\/www.jootjeshaakcadeautjes.nl\/de\/shop\/"},{"@type":"ListItem","position":3,"name":"Fadenabschneider-Anh\u00e4nger antik gold"}]},{"@type":"WebSite","@id":"https:\/\/www.jootjeshaakcadeautjes.nl\/de\/#website","url":"https:\/\/www.jootjeshaakcadeautjes.nl\/de\/","name":"Jootjes Haakcadeautjes","description":"Silikonperlen Gro\u00dfhandel ","publisher":{"@id":"https:\/\/www.jootjeshaakcadeautjes.nl\/de\/#organization"},"potentialAction":[{"@type":"SearchAction","target":{"@type":"EntryPoint","urlTemplate":"https:\/\/www.jootjeshaakcadeautjes.nl\/de\/?s={search_term_string}"},"query-input":{"@type":"PropertyValueSpecification","valueRequired":true,"valueName":"search_term_string"}}],"inLanguage":"de"},{"@type":"Organization","@id":"https:\/\/www.jootjeshaakcadeautjes.nl\/de\/#organization","name":"Jootjes Haakcadeautjes","url":"https:\/\/www.jootjeshaakcadeautjes.nl\/de\/","logo":{"@type":"ImageObject","inLanguage":"de","@id":"https:\/\/www.jootjeshaakcadeautjes.nl\/de\/#\/schema\/logo\/image\/","url":"https:\/\/d1dyryakdmle7o.cloudfront.net\/wp-content\/uploads\/2023\/05\/Logo-rond.png","contentUrl":"https:\/\/d1dyryakdmle7o.cloudfront.net\/wp-content\/uploads\/2023\/05\/Logo-rond.png","width":1222,"height":1222,"caption":"Jootjes Haakcadeautjes"},"image":{"@id":"https:\/\/www.jootjeshaakcadeautjes.nl\/de\/#\/schema\/logo\/image\/"}}]},"product_price_amount":"5.95","product_price_currency":"EUR","og_availability":"out of stock","product_availability":"out of stock","product_retailer_item_id":"GRS-HAN-GOU","product_condition":"new"},"_links":{"self":[{"href":"https:\/\/www.jootjeshaakcadeautjes.nl\/de\/wp-json\/wp\/v2\/product\/123180","targetHints":{"allow":["GET"]}}],"collection":[{"href":"https:\/\/www.jootjeshaakcadeautjes.nl\/de\/wp-json\/wp\/v2\/product"}],"about":[{"href":"https:\/\/www.jootjeshaakcadeautjes.nl\/de\/wp-json\/wp\/v2\/types\/product"}],"version-history":[{"count":0,"href":"https:\/\/www.jootjeshaakcadeautjes.nl\/de\/wp-json\/wp\/v2\/product\/123180\/revisions"}],"wp:attachment":[{"href":"https:\/\/www.jootjeshaakcadeautjes.nl\/de\/wp-json\/wp\/v2\/media?parent=123180"}],"wp:term":[{"taxonomy":"product_brand","embeddable":true,"href":"https:\/\/www.jootjeshaakcadeautjes.nl\/de\/wp-json\/wp\/v2\/product_brand?post=123180"},{"taxonomy":"product_cat","embeddable":true,"href":"https:\/\/www.jootjeshaakcadeautjes.nl\/de\/wp-json\/wp\/v2\/product_cat?post=123180"},{"taxonomy":"product_tag","embeddable":true,"href":"https:\/\/www.jootjeshaakcadeautjes.nl\/de\/wp-json\/wp\/v2\/product_tag?post=123180"}],"curies":[{"name":"wp","href":"https:\/\/api.w.org\/{rel}","templated":true}]}}