{"id":123183,"date":"2019-03-18T10:21:16","date_gmt":"2019-03-18T08:21:16","guid":{"rendered":"https:\/\/www.jootjeshaakcadeautjes.nl\/product\/holzknoepfe-mit-liebe-gemacht-15-mm\/"},"modified":"2025-07-25T15:59:48","modified_gmt":"2025-07-25T13:59:48","slug":"holzknoepfe-mit-liebe-gemacht-15-mm","status":"publish","type":"product","link":"https:\/\/www.jootjeshaakcadeautjes.nl\/de\/produkt\/holzknoepfe-mit-liebe-gemacht-15-mm\/","title":{"rendered":"Mit Liebe handgefertigte Holzkn\u00f6pfe &#8211; 15 mm (pro 10 St\u00fcck)"},"content":{"rendered":"<h1>Mit Liebe handgefertigte Holzkn\u00f6pfe mit einer Gr\u00f6\u00dfe von 15 mm.<\/h1>\n<p>Hochwertige Schriftart Text &#8220;handmade with love&#8221;. Ein bisschen kleiner als die 20 mm Holzkn\u00f6pfe, die mit Liebe handgefertigt werden. <span style=\"font-size: 16px; font-style: normal; font-weight: 400;\">Super s\u00fc\u00df auf handgemachte Kleidung, Schuhe oder andere kleinere Projekte. <\/span>Die gr\u00f6\u00dferen Holzkn\u00f6pfe handmade with love sind hier erh\u00e4ltlich: <a href=\"https:\/\/www.jootjeshaakcadeautjes.nl\/product\/knoop-20-mm-handmade-with-love-10-stuks\/\">Holzknopf handmade with love 20 mm.<\/a><\/p>\n<p>Achtung! Einige Konkurrenten bieten diese Buttons in liebevoller Handarbeit mit einer weniger coolen Schriftart an.<br \/>\nBesonders auff\u00e4llig ist das Wort &#8220;Handmade&#8221;, wie die folgenden Beispiele zeigen. Ich erw\u00e4hne es nur ungern, aber es wird auch viel get\u00e4uscht. Bevor ich mit dem Webshop angefangen habe, habe ich auch regelm\u00e4\u00dfig Holzkn\u00f6pfe nach einem sch\u00f6nen Foto gekauft, aber immer noch in der &#8220;Low-Budget&#8221;-Version. Bei uns erhalten Sie immer eine straffe Handschrift wie auf dem Bild oben auf dem Produkt abgebildet und somit <strong><br \/>\n  <span style=\"text-decoration: underline;\">nicht<\/span><br \/>\n<\/strong> wie in den folgenden Beispielen:<\/p>\n<p><a href=\"https:\/\/d1dyryakdmle7o.cloudfront.net\/wp-content\/uploads\/2016\/03\/Fout-voorbeeld-2.jpg\" rel=\"attachment wp-att-361\"><img decoding=\"async\" class=\"alignnone wp-image-361\" src=\"https:\/\/www.jootjeshaakcadeautjes.nl\/wp-content\/themes\/woodmart\/images\/lazy.svg\" data-src=\"https:\/\/d1dyryakdmle7o.cloudfront.net\/wp-content\/uploads\/2016\/03\/Fout-voorbeeld-2.jpg\" alt=\"Beispiel f\u00fcr eine weniger ausgefallene Schriftart.\" width=\"212\" height=\"222\"><\/a> <a href=\"https:\/\/d1dyryakdmle7o.cloudfront.net\/wp-content\/uploads\/2016\/03\/Slechte-voorbeelden.jpg\" rel=\"attachment wp-att-362\"><img decoding=\"async\" class=\"alignnone size-full wp-image-362\" src=\"https:\/\/www.jootjeshaakcadeautjes.nl\/wp-content\/themes\/woodmart\/images\/lazy.svg\" data-src=\"https:\/\/d1dyryakdmle7o.cloudfront.net\/wp-content\/uploads\/2016\/03\/Slechte-voorbeelden.jpg\" alt=\"Beispiel f\u00fcr eine weniger ausgefallene Schriftart.\" width=\"244\" height=\"222\"><br \/>\n<\/a><\/p>\n<p><strong>Diese Beispiele sind also nicht unsere Holzkn\u00f6pfe. Fotos von unseren Buttons finden Sie oben auf der Seite.<\/strong><\/p>\n","protected":false},"excerpt":{"rendered":"<p>Text &#8220;Handgemacht mit Liebe&#8221;<\/p>\n<p>Gr\u00f6\u00dfe 15 mm.<br \/>\nPro 10 Holzkn\u00f6pfe.<\/p>\n<p>&nbsp;<\/p>\n","protected":false},"featured_media":0,"template":"","meta":[],"product_brand":[],"product_cat":[8247,9861],"product_tag":[9866,8086,7196,9872,9862,9868,9864],"class_list":{"0":"post-123183","1":"product","2":"type-product","3":"status-publish","5":"product_cat-bastelmaterial-hakelzubehor","6":"product_cat-handgefertigte-etiketten-und-holzknopfe","7":"product_tag-10-einheiten","8":"product_tag-15-mm-de","9":"product_tag-holz","10":"product_tag-mit-liebe-handgefertigt","11":"product_tag-schaltflache","12":"product_tag-tag-de","13":"product_tag-tasten","15":"first","16":"instock","17":"taxable","18":"shipping-taxable","19":"purchasable","20":"product-type-simple"},"bundled_by":[],"bundle_stock_status":"instock","bundle_stock_quantity":104,"bundle_virtual":false,"bundle_layout":"","bundle_add_to_cart_form_location":"","bundle_editable_in_cart":false,"bundle_sold_individually_context":"","bundle_item_grouping":"","bundle_min_size":"","bundle_max_size":"","bundle_price":[],"bundled_items":[],"bundle_sell_ids":[],"yoast_head":"<!-- This site is optimized with the Yoast SEO Premium plugin v27.6 (Yoast SEO v27.6) - https:\/\/yoast.com\/product\/yoast-seo-premium-wordpress\/ -->\n<title>Holzkn\u00f6pfe handgemacht mit Liebe - JootjesHaakcadeautjes.nl<\/title>\n<meta name=\"description\" content=\"Mit Liebe handgefertigte Holzkn\u00f6pfe in 15 mm Gr\u00f6\u00dfe. Super s\u00fc\u00df als handgefertigtes Etikett f\u00fcr Ihre handgefertigten Projekte, um Ihr Handwerk hervorzuheben.\" \/>\n<meta name=\"robots\" content=\"index, follow, max-snippet:-1, max-image-preview:large, max-video-preview:-1\" \/>\n<link rel=\"canonical\" href=\"https:\/\/www.jootjeshaakcadeautjes.nl\/de\/produkt\/holzknoepfe-mit-liebe-gemacht-15-mm\/\" \/>\n<meta property=\"og:locale\" content=\"de_DE\" \/>\n<meta property=\"og:type\" content=\"article\" \/>\n<meta property=\"og:title\" content=\"Mit Liebe handgefertigte Holzkn\u00f6pfe - 15 mm (pro 10 St\u00fcck)\" \/>\n<meta property=\"og:description\" content=\"Mit Liebe handgefertigte Holzkn\u00f6pfe in 15 mm Gr\u00f6\u00dfe. Super s\u00fc\u00df als handgefertigtes Etikett f\u00fcr Ihre handgefertigten Projekte, um Ihr Handwerk hervorzuheben.\" \/>\n<meta property=\"og:url\" content=\"https:\/\/www.jootjeshaakcadeautjes.nl\/de\/produkt\/holzknoepfe-mit-liebe-gemacht-15-mm\/\" \/>\n<meta property=\"og:site_name\" content=\"Jootjes Haakcadeautjes\" \/>\n<meta property=\"article:modified_time\" content=\"2025-07-25T13:59:48+00:00\" \/>\n<meta property=\"og:image\" content=\"https:\/\/www.jootjeshaakcadeautjes.nl\/wp-content\/uploads\/2016\/03\/Fout-voorbeeld-2.jpg\" \/>\n<meta name=\"twitter:card\" content=\"summary_large_image\" \/>\n<meta name=\"twitter:label1\" content=\"Preis\" \/>\n\t<meta name=\"twitter:data1\" content=\"&euro;1.00 inkl. MwSt.\" \/>\n\t<meta name=\"twitter:label2\" content=\"Verf\u00fcgbarkeit\" \/>\n\t<meta name=\"twitter:data2\" content=\"Auf Lager\" \/>\n<script type=\"application\/ld+json\" class=\"yoast-schema-graph\">{\"@context\":\"https:\\\/\\\/schema.org\",\"@graph\":[{\"@type\":\"WebPage\",\"@id\":\"https:\\\/\\\/www.jootjeshaakcadeautjes.nl\\\/de\\\/produkt\\\/holzknoepfe-mit-liebe-gemacht-15-mm\\\/\",\"url\":\"https:\\\/\\\/www.jootjeshaakcadeautjes.nl\\\/de\\\/produkt\\\/holzknoepfe-mit-liebe-gemacht-15-mm\\\/\",\"name\":\"Holzkn\u00f6pfe handgemacht mit Liebe - JootjesHaakcadeautjes.nl\",\"isPartOf\":{\"@id\":\"https:\\\/\\\/www.jootjeshaakcadeautjes.nl\\\/de\\\/#website\"},\"primaryImageOfPage\":{\"@id\":\"https:\\\/\\\/www.jootjeshaakcadeautjes.nl\\\/de\\\/produkt\\\/holzknoepfe-mit-liebe-gemacht-15-mm\\\/#primaryimage\"},\"image\":{\"@id\":\"https:\\\/\\\/www.jootjeshaakcadeautjes.nl\\\/de\\\/produkt\\\/holzknoepfe-mit-liebe-gemacht-15-mm\\\/#primaryimage\"},\"thumbnailUrl\":\"https:\\\/\\\/www.jootjeshaakcadeautjes.nl\\\/wp-content\\\/uploads\\\/2016\\\/03\\\/Fout-voorbeeld-2.jpg\",\"datePublished\":\"2019-03-18T08:21:16+00:00\",\"dateModified\":\"2025-07-25T13:59:48+00:00\",\"description\":\"Mit Liebe handgefertigte Holzkn\u00f6pfe in 15 mm Gr\u00f6\u00dfe. Super s\u00fc\u00df als handgefertigtes Etikett f\u00fcr Ihre handgefertigten Projekte, um Ihr Handwerk hervorzuheben.\",\"breadcrumb\":{\"@id\":\"https:\\\/\\\/www.jootjeshaakcadeautjes.nl\\\/de\\\/produkt\\\/holzknoepfe-mit-liebe-gemacht-15-mm\\\/#breadcrumb\"},\"inLanguage\":\"de\",\"potentialAction\":[{\"@type\":\"ReadAction\",\"target\":[\"https:\\\/\\\/www.jootjeshaakcadeautjes.nl\\\/de\\\/produkt\\\/holzknoepfe-mit-liebe-gemacht-15-mm\\\/\"]}]},{\"@type\":\"ImageObject\",\"inLanguage\":\"de\",\"@id\":\"https:\\\/\\\/www.jootjeshaakcadeautjes.nl\\\/de\\\/produkt\\\/holzknoepfe-mit-liebe-gemacht-15-mm\\\/#primaryimage\",\"url\":\"https:\\\/\\\/www.jootjeshaakcadeautjes.nl\\\/wp-content\\\/uploads\\\/2016\\\/03\\\/Fout-voorbeeld-2.jpg\",\"contentUrl\":\"https:\\\/\\\/www.jootjeshaakcadeautjes.nl\\\/wp-content\\\/uploads\\\/2016\\\/03\\\/Fout-voorbeeld-2.jpg\"},{\"@type\":\"BreadcrumbList\",\"@id\":\"https:\\\/\\\/www.jootjeshaakcadeautjes.nl\\\/de\\\/produkt\\\/holzknoepfe-mit-liebe-gemacht-15-mm\\\/#breadcrumb\",\"itemListElement\":[{\"@type\":\"ListItem\",\"position\":1,\"name\":\"Startseite\",\"item\":\"https:\\\/\\\/www.jootjeshaakcadeautjes.nl\\\/de\\\/\"},{\"@type\":\"ListItem\",\"position\":2,\"name\":\"Gro\u00dfhandel mit Silikonperlen &#8211; Business und Consumer\",\"item\":\"https:\\\/\\\/www.jootjeshaakcadeautjes.nl\\\/de\\\/shop\\\/\"},{\"@type\":\"ListItem\",\"position\":3,\"name\":\"Mit Liebe handgefertigte Holzkn\u00f6pfe &#8211; 15 mm (pro 10 St\u00fcck)\"}]},{\"@type\":\"WebSite\",\"@id\":\"https:\\\/\\\/www.jootjeshaakcadeautjes.nl\\\/de\\\/#website\",\"url\":\"https:\\\/\\\/www.jootjeshaakcadeautjes.nl\\\/de\\\/\",\"name\":\"Jootjes Haakcadeautjes\",\"description\":\"Silikonperlen Gro\u00dfhandel \",\"publisher\":{\"@id\":\"https:\\\/\\\/www.jootjeshaakcadeautjes.nl\\\/de\\\/#organization\"},\"potentialAction\":[{\"@type\":\"SearchAction\",\"target\":{\"@type\":\"EntryPoint\",\"urlTemplate\":\"https:\\\/\\\/www.jootjeshaakcadeautjes.nl\\\/de\\\/?s={search_term_string}\"},\"query-input\":{\"@type\":\"PropertyValueSpecification\",\"valueRequired\":true,\"valueName\":\"search_term_string\"}}],\"inLanguage\":\"de\"},{\"@type\":\"Organization\",\"@id\":\"https:\\\/\\\/www.jootjeshaakcadeautjes.nl\\\/de\\\/#organization\",\"name\":\"Jootjes Haakcadeautjes\",\"url\":\"https:\\\/\\\/www.jootjeshaakcadeautjes.nl\\\/de\\\/\",\"logo\":{\"@type\":\"ImageObject\",\"inLanguage\":\"de\",\"@id\":\"https:\\\/\\\/www.jootjeshaakcadeautjes.nl\\\/de\\\/#\\\/schema\\\/logo\\\/image\\\/\",\"url\":\"https:\\\/\\\/d1dyryakdmle7o.cloudfront.net\\\/wp-content\\\/uploads\\\/2023\\\/05\\\/Logo-rond.png\",\"contentUrl\":\"https:\\\/\\\/d1dyryakdmle7o.cloudfront.net\\\/wp-content\\\/uploads\\\/2023\\\/05\\\/Logo-rond.png\",\"width\":1222,\"height\":1222,\"caption\":\"Jootjes Haakcadeautjes\"},\"image\":{\"@id\":\"https:\\\/\\\/www.jootjeshaakcadeautjes.nl\\\/de\\\/#\\\/schema\\\/logo\\\/image\\\/\"}}]}<\/script>\n<meta property=\"product:price:amount\" content=\"1.00\" \/>\n<meta property=\"product:price:currency\" content=\"EUR\" \/>\n<meta property=\"og:availability\" content=\"instock\" \/>\n<meta property=\"product:availability\" content=\"instock\" \/>\n<meta property=\"product:retailer_item_id\" content=\"HKN-HWL-015\" \/>\n<meta property=\"product:condition\" content=\"new\" \/>\n<!-- \/ Yoast SEO Premium plugin. -->","yoast_head_json":{"title":"Holzkn\u00f6pfe handgemacht mit Liebe - JootjesHaakcadeautjes.nl","description":"Mit Liebe handgefertigte Holzkn\u00f6pfe in 15 mm Gr\u00f6\u00dfe. Super s\u00fc\u00df als handgefertigtes Etikett f\u00fcr Ihre handgefertigten Projekte, um Ihr Handwerk hervorzuheben.","robots":{"index":"index","follow":"follow","max-snippet":"max-snippet:-1","max-image-preview":"max-image-preview:large","max-video-preview":"max-video-preview:-1"},"canonical":"https:\/\/www.jootjeshaakcadeautjes.nl\/de\/produkt\/holzknoepfe-mit-liebe-gemacht-15-mm\/","og_locale":"de_DE","og_type":"article","og_title":"Mit Liebe handgefertigte Holzkn\u00f6pfe - 15 mm (pro 10 St\u00fcck)","og_description":"Mit Liebe handgefertigte Holzkn\u00f6pfe in 15 mm Gr\u00f6\u00dfe. Super s\u00fc\u00df als handgefertigtes Etikett f\u00fcr Ihre handgefertigten Projekte, um Ihr Handwerk hervorzuheben.","og_url":"https:\/\/www.jootjeshaakcadeautjes.nl\/de\/produkt\/holzknoepfe-mit-liebe-gemacht-15-mm\/","og_site_name":"Jootjes Haakcadeautjes","article_modified_time":"2025-07-25T13:59:48+00:00","og_image":[{"url":"https:\/\/www.jootjeshaakcadeautjes.nl\/wp-content\/uploads\/2016\/03\/Fout-voorbeeld-2.jpg","type":"","width":"","height":""}],"twitter_card":"summary_large_image","twitter_misc":{"Preis":"&euro;1.00 inkl. MwSt.","Verf\u00fcgbarkeit":"Auf Lager"},"schema":{"@context":"https:\/\/schema.org","@graph":[{"@type":"WebPage","@id":"https:\/\/www.jootjeshaakcadeautjes.nl\/de\/produkt\/holzknoepfe-mit-liebe-gemacht-15-mm\/","url":"https:\/\/www.jootjeshaakcadeautjes.nl\/de\/produkt\/holzknoepfe-mit-liebe-gemacht-15-mm\/","name":"Holzkn\u00f6pfe handgemacht mit Liebe - JootjesHaakcadeautjes.nl","isPartOf":{"@id":"https:\/\/www.jootjeshaakcadeautjes.nl\/de\/#website"},"primaryImageOfPage":{"@id":"https:\/\/www.jootjeshaakcadeautjes.nl\/de\/produkt\/holzknoepfe-mit-liebe-gemacht-15-mm\/#primaryimage"},"image":{"@id":"https:\/\/www.jootjeshaakcadeautjes.nl\/de\/produkt\/holzknoepfe-mit-liebe-gemacht-15-mm\/#primaryimage"},"thumbnailUrl":"https:\/\/www.jootjeshaakcadeautjes.nl\/wp-content\/uploads\/2016\/03\/Fout-voorbeeld-2.jpg","datePublished":"2019-03-18T08:21:16+00:00","dateModified":"2025-07-25T13:59:48+00:00","description":"Mit Liebe handgefertigte Holzkn\u00f6pfe in 15 mm Gr\u00f6\u00dfe. Super s\u00fc\u00df als handgefertigtes Etikett f\u00fcr Ihre handgefertigten Projekte, um Ihr Handwerk hervorzuheben.","breadcrumb":{"@id":"https:\/\/www.jootjeshaakcadeautjes.nl\/de\/produkt\/holzknoepfe-mit-liebe-gemacht-15-mm\/#breadcrumb"},"inLanguage":"de","potentialAction":[{"@type":"ReadAction","target":["https:\/\/www.jootjeshaakcadeautjes.nl\/de\/produkt\/holzknoepfe-mit-liebe-gemacht-15-mm\/"]}]},{"@type":"ImageObject","inLanguage":"de","@id":"https:\/\/www.jootjeshaakcadeautjes.nl\/de\/produkt\/holzknoepfe-mit-liebe-gemacht-15-mm\/#primaryimage","url":"https:\/\/www.jootjeshaakcadeautjes.nl\/wp-content\/uploads\/2016\/03\/Fout-voorbeeld-2.jpg","contentUrl":"https:\/\/www.jootjeshaakcadeautjes.nl\/wp-content\/uploads\/2016\/03\/Fout-voorbeeld-2.jpg"},{"@type":"BreadcrumbList","@id":"https:\/\/www.jootjeshaakcadeautjes.nl\/de\/produkt\/holzknoepfe-mit-liebe-gemacht-15-mm\/#breadcrumb","itemListElement":[{"@type":"ListItem","position":1,"name":"Startseite","item":"https:\/\/www.jootjeshaakcadeautjes.nl\/de\/"},{"@type":"ListItem","position":2,"name":"Gro\u00dfhandel mit Silikonperlen &#8211; Business und Consumer","item":"https:\/\/www.jootjeshaakcadeautjes.nl\/de\/shop\/"},{"@type":"ListItem","position":3,"name":"Mit Liebe handgefertigte Holzkn\u00f6pfe &#8211; 15 mm (pro 10 St\u00fcck)"}]},{"@type":"WebSite","@id":"https:\/\/www.jootjeshaakcadeautjes.nl\/de\/#website","url":"https:\/\/www.jootjeshaakcadeautjes.nl\/de\/","name":"Jootjes Haakcadeautjes","description":"Silikonperlen Gro\u00dfhandel ","publisher":{"@id":"https:\/\/www.jootjeshaakcadeautjes.nl\/de\/#organization"},"potentialAction":[{"@type":"SearchAction","target":{"@type":"EntryPoint","urlTemplate":"https:\/\/www.jootjeshaakcadeautjes.nl\/de\/?s={search_term_string}"},"query-input":{"@type":"PropertyValueSpecification","valueRequired":true,"valueName":"search_term_string"}}],"inLanguage":"de"},{"@type":"Organization","@id":"https:\/\/www.jootjeshaakcadeautjes.nl\/de\/#organization","name":"Jootjes Haakcadeautjes","url":"https:\/\/www.jootjeshaakcadeautjes.nl\/de\/","logo":{"@type":"ImageObject","inLanguage":"de","@id":"https:\/\/www.jootjeshaakcadeautjes.nl\/de\/#\/schema\/logo\/image\/","url":"https:\/\/d1dyryakdmle7o.cloudfront.net\/wp-content\/uploads\/2023\/05\/Logo-rond.png","contentUrl":"https:\/\/d1dyryakdmle7o.cloudfront.net\/wp-content\/uploads\/2023\/05\/Logo-rond.png","width":1222,"height":1222,"caption":"Jootjes Haakcadeautjes"},"image":{"@id":"https:\/\/www.jootjeshaakcadeautjes.nl\/de\/#\/schema\/logo\/image\/"}}]},"product_price_amount":"1.00","product_price_currency":"EUR","og_availability":"instock","product_availability":"instock","product_retailer_item_id":"HKN-HWL-015","product_condition":"new"},"_links":{"self":[{"href":"https:\/\/www.jootjeshaakcadeautjes.nl\/de\/wp-json\/wp\/v2\/product\/123183","targetHints":{"allow":["GET"]}}],"collection":[{"href":"https:\/\/www.jootjeshaakcadeautjes.nl\/de\/wp-json\/wp\/v2\/product"}],"about":[{"href":"https:\/\/www.jootjeshaakcadeautjes.nl\/de\/wp-json\/wp\/v2\/types\/product"}],"version-history":[{"count":0,"href":"https:\/\/www.jootjeshaakcadeautjes.nl\/de\/wp-json\/wp\/v2\/product\/123183\/revisions"}],"wp:attachment":[{"href":"https:\/\/www.jootjeshaakcadeautjes.nl\/de\/wp-json\/wp\/v2\/media?parent=123183"}],"wp:term":[{"taxonomy":"product_brand","embeddable":true,"href":"https:\/\/www.jootjeshaakcadeautjes.nl\/de\/wp-json\/wp\/v2\/product_brand?post=123183"},{"taxonomy":"product_cat","embeddable":true,"href":"https:\/\/www.jootjeshaakcadeautjes.nl\/de\/wp-json\/wp\/v2\/product_cat?post=123183"},{"taxonomy":"product_tag","embeddable":true,"href":"https:\/\/www.jootjeshaakcadeautjes.nl\/de\/wp-json\/wp\/v2\/product_tag?post=123183"}],"curies":[{"name":"wp","href":"https:\/\/api.w.org\/{rel}","templated":true}]}}