{"id":123208,"date":"2018-11-04T19:50:07","date_gmt":"2018-11-04T17:50:07","guid":{"rendered":"https:\/\/www.jootjeshaakcadeautjes.nl\/product\/playstring-aufhaengering\/"},"modified":"2025-03-18T16:26:15","modified_gmt":"2025-03-18T15:26:15","slug":"playstring-aufhaengering","status":"publish","type":"product","link":"https:\/\/www.jootjeshaakcadeautjes.nl\/de\/produkt\/playstring-aufhaengering\/","title":{"rendered":"Play string ring &#8211; Aufh\u00e4ngering (rosa\/blau\/grau\/wei\u00df)"},"content":{"rendered":"<h1><span style=\"color: #48046d;\">Playstring Ring &#8211; Wagenklemme\/ Hakenschnur\/ Aufh\u00e4ngering<\/span><\/h1>\n<p>Es ist nicht immer m\u00f6glich, einen Dummy-Clip zu befestigen. Das h\u00e4ngt vom Modell des Maxi Cosi, des Kinderwagens, des Kinderwagens, des Buggys, des Autositzes usw. ab.<br \/>\nEine praktische Alternative ist dieser Spielring, der auch als Waggonhaken\/Wagenklammer bezeichnet wird. Da der Haken mit einem Befestigungsring ausgestattet ist, k\u00f6nnen Sie Ihr Projekt einfach am Haken befestigen.<br \/>\nDieser Spielschnurring\/Wagenhaken wird daher h\u00e4ufig zur Herstellung von Schnullerschn\u00fcren, Kinderwagenschn\u00fcren, Maxi-Cosi-Aufh\u00e4ngern und anderen verwendet. Dar\u00fcber hinaus ist die Form dieses Rings ideal, um Spielzeug an einem Laufstall zu befestigen. F\u00fcr lustige Muster f\u00fcr selbstgemachte Babyprodukte empfehlen wir die <a href=\"\/?product_cat=haakboeken\">B\u00fccher von Jookz oder Knufl.<\/a><\/p>\n<p>Der Haken ist nicht nur f\u00fcr handgefertigte Heimwerkerprojekte, sondern auch f\u00fcr den allt\u00e4glichen Gebrauch sehr praktisch. Sie k\u00f6nnen diese Haken auch ganz einfach an Ihrem bereits vorhandenen Kinderspielzeug befestigen. Auf diese Weise verlieren Sie nichts! Beachten Sie, dass eine Schnullerschnur oder ein Maxi-Cosi-Anh\u00e4nger grunds\u00e4tzlich maximal 20 cm lang sein sollte. Wenn er l\u00e4nger wird, besteht Erstickungsgefahr. Die Spielschnurringe\/Wagenhaken sind derzeit in den Farben Blau, Rosa und Grau erh\u00e4ltlich.<\/p>\n<h4><span style=\"color: #48046d;\">Qualit\u00e4t und Sicherheit Spielseilring\/ Trolley-Clip\/ Haken<\/span><\/h4>\n<p>Die Spielseilringe\/Wagenhaken sind aus hochwertigem und stabilem Kunststoff gefertigt. Dieser Kunststoff ist BPA-frei und frei von Weichmachern und enth\u00e4lt daher keine sch\u00e4dlichen Chemikalien. Das Material ist glatt und l\u00e4sst sich sehr leicht abwischen und reinigen. Das Endprodukt liegt immer in Ihrer eigenen Verantwortung. Wir raten daher, fertige Produkte nur unter Aufsicht von Erwachsenen zu verwenden.<\/p>\n<h5><span style=\"color: #48046d;\">Kurze Zusammenfassung:<\/span><\/h5>\n<p><strong>Name: <\/strong>Spielschnur-Ring, Auto-Clip, Auto-Haken, Spielschnur-Haken, Schnuller-Haken, Schnuller-Haken oder Clip, Maxi-Cosi-Aufh\u00e4nger, Maxi-Cosy-Aufh\u00e4nger<br \/>\n<strong>Farbe: <\/strong>Rosa, blau, grau und wei\u00df.<br \/>\n<strong>Material: <\/strong>BPA- und weichmacherfreier Hartplastik. Kinderfreundlicher Kunststoff.<br \/>\n<strong>Verarbeitung\/Gr\u00f6\u00dfe: <\/strong>72 mm x 57 mm, glatte Oberfl\u00e4che.<br \/>\n<strong>Auch bekannt als: <\/strong>Autohaken, Autoclip, Spezialring, Maxi Cosi Hanger, Spielzeugring, Boxhaken oder Boxring.<br \/>\n<strong>H\u00e4ufig verwendet f\u00fcr die Herstellung eigener Schnuller: <\/strong>geh\u00e4kelte Schnullerschn\u00fcre, handgefertigte Schnullerschn\u00fcre aus Silikon, handgefertigte Schnullerschn\u00fcre aus Holz, Schnullerclips, geh\u00e4kelte Kinderwagenketten aus Silikon oder Holzprodukten, handgefertigte Babymobile f\u00fcr das Kinderbett.<br \/>\n<strong>Wird h\u00e4ufig in Kombination mit verwendet: <\/strong><a href=\"\/?product_cat=houten-materialen\">Holzprodukten<\/a> und <a href=\"\/?product_cat=siliconen-producten\">Silikonprodukten<\/a> (Ringen, Perlen und\/oder Anh\u00e4ngern).<\/p>\n","protected":false},"excerpt":{"rendered":"<h4><span style=\"color: #48046d;\">Spielsaitenring oder Aufh\u00e4ngering<\/span><\/h4>\n<p>72 mm x 57 mm<br \/>\nglatt geschliffen<br \/>\nHochwertiger, BPA- und weichmacherfreier Kunststoff.<br \/>\nFarben grau, rosa, blau und wei\u00df.<\/p>\n<p>Weitere Informationen finden Sie am Ende der Seite.<\/p>\n<p>&nbsp;<\/p>\n<p>&nbsp;<\/p>\n","protected":false},"featured_media":0,"template":"","meta":[],"product_brand":[],"product_cat":[7380,8798],"product_tag":[7984,8801,9424,9885,9881,9883,7632],"class_list":{"0":"post-123208","1":"product","2":"type-product","3":"status-publish","5":"product_cat-herstellung-von-baby-beisspielzeug-materialien-fur-schnuller-und-beisringe","6":"product_cat-maxicosi-kleiderbugel-tragehaken","7":"product_tag-anhanger","8":"product_tag-karrenhaken-de","9":"product_tag-maxi-cosi-de","10":"product_tag-maxycosy-de","11":"product_tag-saitenring-spielen","12":"product_tag-tragering","13":"product_tag-weis","15":"first","16":"instock","17":"taxable","18":"shipping-taxable","19":"purchasable","20":"product-type-simple"},"bundled_by":[],"bundle_stock_status":"instock","bundle_stock_quantity":355,"bundle_virtual":false,"bundle_layout":"","bundle_add_to_cart_form_location":"","bundle_editable_in_cart":false,"bundle_sold_individually_context":"","bundle_item_grouping":"","bundle_min_size":"","bundle_max_size":"","bundle_price":[],"bundled_items":[],"bundle_sell_ids":[],"yoast_head":"<!-- This site is optimized with the Yoast SEO Premium plugin v26.4 (Yoast SEO v26.9) - https:\/\/yoast.com\/product\/yoast-seo-premium-wordpress\/ -->\n<title>Spielschnurring - H\u00e4ngering - Wagenhaken - Jootjeshaakcadeautjes.nl<\/title>\n<meta name=\"description\" content=\"Playstring Ring, auch bekannt als Aufh\u00e4ngering oder Clip zum Befestigen an Ihrer handgefertigten Schnullerschnur oder Kinderwagenschnur. BPA-frei, frei von Weichmachern.\" \/>\n<meta name=\"robots\" content=\"index, follow, max-snippet:-1, max-image-preview:large, max-video-preview:-1\" \/>\n<link rel=\"canonical\" href=\"https:\/\/www.jootjeshaakcadeautjes.nl\/de\/produkt\/playstring-aufhaengering\/\" \/>\n<meta property=\"og:locale\" content=\"de_DE\" \/>\n<meta property=\"og:type\" content=\"article\" \/>\n<meta property=\"og:title\" content=\"Play string ring - Aufh\u00e4ngering (rosa\/blau\/grau\/wei\u00df)\" \/>\n<meta property=\"og:description\" content=\"Playstring Ring, auch bekannt als Aufh\u00e4ngering oder Clip zum Befestigen an Ihrer handgefertigten Schnullerschnur oder Kinderwagenschnur. BPA-frei, frei von Weichmachern.\" \/>\n<meta property=\"og:url\" content=\"https:\/\/www.jootjeshaakcadeautjes.nl\/de\/produkt\/playstring-aufhaengering\/\" \/>\n<meta property=\"og:site_name\" content=\"Jootjes Haakcadeautjes\" \/>\n<meta property=\"article:modified_time\" content=\"2025-03-18T15:26:15+00:00\" \/>\n<meta name=\"twitter:card\" content=\"summary_large_image\" \/>\n<meta name=\"twitter:label1\" content=\"Preis\" \/>\n\t<meta name=\"twitter:data1\" content=\"&euro;1.25 inkl. MwSt.\" \/>\n\t<meta name=\"twitter:label2\" content=\"Verf\u00fcgbarkeit\" \/>\n\t<meta name=\"twitter:data2\" content=\"Auf Lager\" \/>\n<script type=\"application\/ld+json\" class=\"yoast-schema-graph\">{\"@context\":\"https:\/\/schema.org\",\"@graph\":[{\"@type\":\"WebPage\",\"@id\":\"https:\/\/www.jootjeshaakcadeautjes.nl\/de\/produkt\/playstring-aufhaengering\/\",\"url\":\"https:\/\/www.jootjeshaakcadeautjes.nl\/de\/produkt\/playstring-aufhaengering\/\",\"name\":\"Spielschnurring - H\u00e4ngering - Wagenhaken - Jootjeshaakcadeautjes.nl\",\"isPartOf\":{\"@id\":\"https:\/\/www.jootjeshaakcadeautjes.nl\/de\/#website\"},\"datePublished\":\"2018-11-04T17:50:07+00:00\",\"dateModified\":\"2025-03-18T15:26:15+00:00\",\"description\":\"Playstring Ring, auch bekannt als Aufh\u00e4ngering oder Clip zum Befestigen an Ihrer handgefertigten Schnullerschnur oder Kinderwagenschnur. BPA-frei, frei von Weichmachern.\",\"breadcrumb\":{\"@id\":\"https:\/\/www.jootjeshaakcadeautjes.nl\/de\/produkt\/playstring-aufhaengering\/#breadcrumb\"},\"inLanguage\":\"de\",\"potentialAction\":[{\"@type\":\"ReadAction\",\"target\":[\"https:\/\/www.jootjeshaakcadeautjes.nl\/de\/produkt\/playstring-aufhaengering\/\"]}]},{\"@type\":\"BreadcrumbList\",\"@id\":\"https:\/\/www.jootjeshaakcadeautjes.nl\/de\/produkt\/playstring-aufhaengering\/#breadcrumb\",\"itemListElement\":[{\"@type\":\"ListItem\",\"position\":1,\"name\":\"Startseite\",\"item\":\"https:\/\/www.jootjeshaakcadeautjes.nl\/de\/\"},{\"@type\":\"ListItem\",\"position\":2,\"name\":\"Gro\u00dfhandel mit Silikonperlen &#8211; Business und Consumer\",\"item\":\"https:\/\/www.jootjeshaakcadeautjes.nl\/de\/shop\/\"},{\"@type\":\"ListItem\",\"position\":3,\"name\":\"Play string ring &#8211; Aufh\u00e4ngering (rosa\/blau\/grau\/wei\u00df)\"}]},{\"@type\":\"WebSite\",\"@id\":\"https:\/\/www.jootjeshaakcadeautjes.nl\/de\/#website\",\"url\":\"https:\/\/www.jootjeshaakcadeautjes.nl\/de\/\",\"name\":\"Jootjes Haakcadeautjes\",\"description\":\"Silikonperlen Gro\u00dfhandel \",\"publisher\":{\"@id\":\"https:\/\/www.jootjeshaakcadeautjes.nl\/de\/#organization\"},\"potentialAction\":[{\"@type\":\"SearchAction\",\"target\":{\"@type\":\"EntryPoint\",\"urlTemplate\":\"https:\/\/www.jootjeshaakcadeautjes.nl\/de\/?s={search_term_string}\"},\"query-input\":{\"@type\":\"PropertyValueSpecification\",\"valueRequired\":true,\"valueName\":\"search_term_string\"}}],\"inLanguage\":\"de\"},{\"@type\":\"Organization\",\"@id\":\"https:\/\/www.jootjeshaakcadeautjes.nl\/de\/#organization\",\"name\":\"Jootjes Haakcadeautjes\",\"url\":\"https:\/\/www.jootjeshaakcadeautjes.nl\/de\/\",\"logo\":{\"@type\":\"ImageObject\",\"inLanguage\":\"de\",\"@id\":\"https:\/\/www.jootjeshaakcadeautjes.nl\/de\/#\/schema\/logo\/image\/\",\"url\":\"https:\/\/jootjes-haakcadeautjes-media.s3.amazonaws.com\/wp-content\/uploads\/2023\/05\/Logo-rond.png\",\"contentUrl\":\"https:\/\/jootjes-haakcadeautjes-media.s3.amazonaws.com\/wp-content\/uploads\/2023\/05\/Logo-rond.png\",\"width\":1222,\"height\":1222,\"caption\":\"Jootjes Haakcadeautjes\"},\"image\":{\"@id\":\"https:\/\/www.jootjeshaakcadeautjes.nl\/de\/#\/schema\/logo\/image\/\"}}]}<\/script>\n<meta property=\"product:price:amount\" content=\"1.25\" \/>\n<meta property=\"product:price:currency\" content=\"EUR\" \/>\n<meta property=\"og:availability\" content=\"instock\" \/>\n<meta property=\"product:availability\" content=\"instock\" \/>\n<meta property=\"product:retailer_item_id\" content=\"SKR-MCH-WIT\" \/>\n<meta property=\"product:condition\" content=\"new\" \/>\n<!-- \/ Yoast SEO Premium plugin. -->","yoast_head_json":{"title":"Spielschnurring - H\u00e4ngering - Wagenhaken - Jootjeshaakcadeautjes.nl","description":"Playstring Ring, auch bekannt als Aufh\u00e4ngering oder Clip zum Befestigen an Ihrer handgefertigten Schnullerschnur oder Kinderwagenschnur. BPA-frei, frei von Weichmachern.","robots":{"index":"index","follow":"follow","max-snippet":"max-snippet:-1","max-image-preview":"max-image-preview:large","max-video-preview":"max-video-preview:-1"},"canonical":"https:\/\/www.jootjeshaakcadeautjes.nl\/de\/produkt\/playstring-aufhaengering\/","og_locale":"de_DE","og_type":"article","og_title":"Play string ring - Aufh\u00e4ngering (rosa\/blau\/grau\/wei\u00df)","og_description":"Playstring Ring, auch bekannt als Aufh\u00e4ngering oder Clip zum Befestigen an Ihrer handgefertigten Schnullerschnur oder Kinderwagenschnur. BPA-frei, frei von Weichmachern.","og_url":"https:\/\/www.jootjeshaakcadeautjes.nl\/de\/produkt\/playstring-aufhaengering\/","og_site_name":"Jootjes Haakcadeautjes","article_modified_time":"2025-03-18T15:26:15+00:00","twitter_card":"summary_large_image","twitter_misc":{"Preis":"&euro;1.25 inkl. MwSt.","Verf\u00fcgbarkeit":"Auf Lager"},"schema":{"@context":"https:\/\/schema.org","@graph":[{"@type":"WebPage","@id":"https:\/\/www.jootjeshaakcadeautjes.nl\/de\/produkt\/playstring-aufhaengering\/","url":"https:\/\/www.jootjeshaakcadeautjes.nl\/de\/produkt\/playstring-aufhaengering\/","name":"Spielschnurring - H\u00e4ngering - Wagenhaken - Jootjeshaakcadeautjes.nl","isPartOf":{"@id":"https:\/\/www.jootjeshaakcadeautjes.nl\/de\/#website"},"datePublished":"2018-11-04T17:50:07+00:00","dateModified":"2025-03-18T15:26:15+00:00","description":"Playstring Ring, auch bekannt als Aufh\u00e4ngering oder Clip zum Befestigen an Ihrer handgefertigten Schnullerschnur oder Kinderwagenschnur. BPA-frei, frei von Weichmachern.","breadcrumb":{"@id":"https:\/\/www.jootjeshaakcadeautjes.nl\/de\/produkt\/playstring-aufhaengering\/#breadcrumb"},"inLanguage":"de","potentialAction":[{"@type":"ReadAction","target":["https:\/\/www.jootjeshaakcadeautjes.nl\/de\/produkt\/playstring-aufhaengering\/"]}]},{"@type":"BreadcrumbList","@id":"https:\/\/www.jootjeshaakcadeautjes.nl\/de\/produkt\/playstring-aufhaengering\/#breadcrumb","itemListElement":[{"@type":"ListItem","position":1,"name":"Startseite","item":"https:\/\/www.jootjeshaakcadeautjes.nl\/de\/"},{"@type":"ListItem","position":2,"name":"Gro\u00dfhandel mit Silikonperlen &#8211; Business und Consumer","item":"https:\/\/www.jootjeshaakcadeautjes.nl\/de\/shop\/"},{"@type":"ListItem","position":3,"name":"Play string ring &#8211; Aufh\u00e4ngering (rosa\/blau\/grau\/wei\u00df)"}]},{"@type":"WebSite","@id":"https:\/\/www.jootjeshaakcadeautjes.nl\/de\/#website","url":"https:\/\/www.jootjeshaakcadeautjes.nl\/de\/","name":"Jootjes Haakcadeautjes","description":"Silikonperlen Gro\u00dfhandel ","publisher":{"@id":"https:\/\/www.jootjeshaakcadeautjes.nl\/de\/#organization"},"potentialAction":[{"@type":"SearchAction","target":{"@type":"EntryPoint","urlTemplate":"https:\/\/www.jootjeshaakcadeautjes.nl\/de\/?s={search_term_string}"},"query-input":{"@type":"PropertyValueSpecification","valueRequired":true,"valueName":"search_term_string"}}],"inLanguage":"de"},{"@type":"Organization","@id":"https:\/\/www.jootjeshaakcadeautjes.nl\/de\/#organization","name":"Jootjes Haakcadeautjes","url":"https:\/\/www.jootjeshaakcadeautjes.nl\/de\/","logo":{"@type":"ImageObject","inLanguage":"de","@id":"https:\/\/www.jootjeshaakcadeautjes.nl\/de\/#\/schema\/logo\/image\/","url":"https:\/\/jootjes-haakcadeautjes-media.s3.amazonaws.com\/wp-content\/uploads\/2023\/05\/Logo-rond.png","contentUrl":"https:\/\/jootjes-haakcadeautjes-media.s3.amazonaws.com\/wp-content\/uploads\/2023\/05\/Logo-rond.png","width":1222,"height":1222,"caption":"Jootjes Haakcadeautjes"},"image":{"@id":"https:\/\/www.jootjeshaakcadeautjes.nl\/de\/#\/schema\/logo\/image\/"}}]},"product_price_amount":"1.25","product_price_currency":"EUR","og_availability":"instock","product_availability":"instock","product_retailer_item_id":"SKR-MCH-WIT","product_condition":"new"},"_links":{"self":[{"href":"https:\/\/www.jootjeshaakcadeautjes.nl\/de\/wp-json\/wp\/v2\/product\/123208","targetHints":{"allow":["GET"]}}],"collection":[{"href":"https:\/\/www.jootjeshaakcadeautjes.nl\/de\/wp-json\/wp\/v2\/product"}],"about":[{"href":"https:\/\/www.jootjeshaakcadeautjes.nl\/de\/wp-json\/wp\/v2\/types\/product"}],"version-history":[{"count":0,"href":"https:\/\/www.jootjeshaakcadeautjes.nl\/de\/wp-json\/wp\/v2\/product\/123208\/revisions"}],"wp:attachment":[{"href":"https:\/\/www.jootjeshaakcadeautjes.nl\/de\/wp-json\/wp\/v2\/media?parent=123208"}],"wp:term":[{"taxonomy":"product_brand","embeddable":true,"href":"https:\/\/www.jootjeshaakcadeautjes.nl\/de\/wp-json\/wp\/v2\/product_brand?post=123208"},{"taxonomy":"product_cat","embeddable":true,"href":"https:\/\/www.jootjeshaakcadeautjes.nl\/de\/wp-json\/wp\/v2\/product_cat?post=123208"},{"taxonomy":"product_tag","embeddable":true,"href":"https:\/\/www.jootjeshaakcadeautjes.nl\/de\/wp-json\/wp\/v2\/product_tag?post=123208"}],"curies":[{"name":"wp","href":"https:\/\/api.w.org\/{rel}","templated":true}]}}